{"id":9371,"date":"2024-04-14T12:14:26","date_gmt":"2024-04-14T12:14:26","guid":{"rendered":"https:\/\/iberoid-shop.com\/?post_type=product&#038;p=9371"},"modified":"2024-09-07T18:32:39","modified_gmt":"2024-09-07T18:32:39","slug":"susto-meds-250-sustanon","status":"publish","type":"product","link":"https:\/\/iberoid-shop.com\/fr\/product\/susto-meds-250-sustanon\/","title":{"rendered":"Susto Meds 250 ( SUSTANON )"},"content":{"rendered":"<p>SUSTANON 250mg \/ TESTOMIX \/ 10ampollas<\/p>\n<p>Susto Meds 250 ( SUSTANON ) est une association m\u00e9dicamenteuse utilis\u00e9e dans le traitement de l&rsquo;hypogonadisme masculin. Il augmente les niveaux de testost\u00e9rone chez les hommes adultes et contribue \u00e0 am\u00e9liorer divers probl\u00e8mes de sant\u00e9, notamment l\u2019impuissance, l\u2019infertilit\u00e9, la faible libido, la fatigue et la d\u00e9pression.<\/p>\n<p>Susto Meds 250 est administr\u00e9 par un m\u00e9decin ou une infirmi\u00e8re. Vous ne devez pas vous administrer vous-m\u00eame ce m\u00e9dicament \u00e0 la maison. Utilisez-le r\u00e9guli\u00e8rement pour tirer le meilleur parti du m\u00e9dicament. Le m\u00e9dicament peut mettre un certain temps \u00e0 \u00eatre efficace. Le traitement doit \u00eatre compl\u00e9t\u00e9 pour une meilleure efficacit\u00e9 du m\u00e9dicament.<\/p>\n<p>L&rsquo;utilisation de ce m\u00e9dicament peut provoquer quelques effets secondaires courants, tels qu&rsquo;une augmentation du nombre de globules rouges et de l&rsquo;h\u00e9moglobine dans le sang. Certaines personnes peuvent \u00e9galement pr\u00e9senter des r\u00e9actions allergiques telles que des d\u00e9mangeaisons, des \u00e9ruptions cutan\u00e9es et un gonflement des l\u00e8vres ou du visage. Si vous ressentez l&rsquo;un de ces effets ind\u00e9sirables, consultez votre m\u00e9decin sans tarder. Votre m\u00e9decin peut vous aider \u00e0 trouver des moyens de pr\u00e9venir ou de r\u00e9duire les effets secondaires.<\/p>\n<p>Ce m\u00e9dicament peut ne pas convenir \u00e0 tout le monde. Avant d&rsquo;utiliser le m\u00e9dicament, vous devez informer votre m\u00e9decin si vous avez des probl\u00e8mes cardiaques, h\u00e9patiques ou r\u00e9naux. Informez \u00e9galement votre m\u00e9decin de tous les autres m\u00e9dicaments que vous prenez.<\/p>\n<p>Utilisations de Susto Meds 250<\/p>\n<ul>\n<li>Hypogonadisme masculin<\/li>\n<\/ul>\n<p>Effets secondaires de Susto Meds 250<\/p>\n<p>La plupart des effets secondaires ne n\u00e9cessitent aucune attention m\u00e9dicale et disparaissent \u00e0 mesure que votre corps s\u2019adapte au m\u00e9dicament. Consultez votre m\u00e9decin s&rsquo;ils persistent ou si ils vous inqui\u00e8tent<\/p>\n<p>Effets secondaires courants de Susto Meds 250<\/p>\n<ul>\n<li>Augmenter l&rsquo;h\u00e9matocrite<\/li>\n<li>Augmentation des globules rouges<\/li>\n<li>Augmentation de l&rsquo;h\u00e9moglobine<\/li>\n<\/ul>\n<p>Comment utiliser Susto Meds 250<\/p>\n<p>Votre m\u00e9decin ou votre infirmi\u00e8re vous prescrira ce m\u00e9dicament. Veuillez ne pas vous administrer vous-m\u00eame .<\/p>\n<p>Comment fonctionne Susto Meds 250<\/p>\n<p>Susto Meds 250 est similaire \u00e0 l\u2019hormone masculine naturelle, la testost\u00e9rone. Il agit en reconstituant les niveaux de testost\u00e9rone d\u00e9ficients chez les hommes adultes. Le manque de testost\u00e9rone peut entra\u00eener divers probl\u00e8mes de sant\u00e9, notamment l\u2019impuissance, l\u2019infertilit\u00e9, une faible libido, la fatigue, une humeur d\u00e9pressive et une perte osseuse.<\/p>\n<p>L&rsquo;injection est une association m\u00e9dicamenteuse utilis\u00e9e dans le traitement de l&rsquo;hypogonadisme masculin. Il augmente les niveaux de testost\u00e9rone chez les hommes adultes et contribue \u00e0 am\u00e9liorer divers probl\u00e8mes de sant\u00e9, notamment l\u2019impuissance, l\u2019infertilit\u00e9, la faible libido, la fatigue et la d\u00e9pression.<\/p>\n<p>Susto Meds 250 est administr\u00e9 par un m\u00e9decin ou une infirmi\u00e8re. Vous ne devez pas vous administrer vous-m\u00eame ce m\u00e9dicament \u00e0 la maison. Utilisez-le r\u00e9guli\u00e8rement pour tirer le meilleur parti du m\u00e9dicament. Le m\u00e9dicament peut mettre un certain temps \u00e0 \u00eatre efficace. Le traitement doit \u00eatre compl\u00e9t\u00e9 pour une meilleure efficacit\u00e9 du m\u00e9dicament.<\/p>\n<p>L&rsquo;utilisation de ce m\u00e9dicament peut provoquer quelques effets secondaires courants, tels qu&rsquo;une augmentation du nombre de globules rouges et de l&rsquo;h\u00e9moglobine dans le sang. Certaines personnes peuvent \u00e9galement pr\u00e9senter des r\u00e9actions allergiques telles que des d\u00e9mangeaisons, des \u00e9ruptions cutan\u00e9es et un gonflement des l\u00e8vres ou du visage. Si vous ressentez l&rsquo;un de ces effets ind\u00e9sirables, consultez votre m\u00e9decin sans tarder. Votre m\u00e9decin peut vous aider \u00e0 trouver des moyens de pr\u00e9venir ou de r\u00e9duire les effets secondaires.<\/p>\n<p>Ce m\u00e9dicament peut ne pas convenir \u00e0 tout le monde. Avant d&rsquo;utiliser le m\u00e9dicament, vous devez informer votre m\u00e9decin si vous avez des probl\u00e8mes cardiaques, h\u00e9patiques ou r\u00e9naux. Informez \u00e9galement votre m\u00e9decin de tous les autres m\u00e9dicaments que vous prenez.<\/p>","protected":false},"excerpt":{"rendered":"<p>SUSTANON 250mg \/ TESTOMIX \/ 10ampollas Susto Meds 250 ( SUSTANON ) est une association m\u00e9dicamenteuse utilis\u00e9e dans le traitement<\/p>\n","protected":false},"featured_media":9373,"comment_status":"open","ping_status":"closed","template":"","meta":[],"product_brand":[],"product_cat":[69],"product_tag":[],"class_list":{"0":"post-9371","1":"product","2":"type-product","3":"status-publish","4":"has-post-thumbnail","6":"product_cat-esteroides_inyectables","8":"first","9":"outofstock","10":"sale","11":"shipping-taxable","12":"purchasable","13":"product-type-simple"},"yoast_head":"<!-- This site is optimized with the Yoast SEO Premium plugin v24.4 (Yoast SEO v27.0) - https:\/\/yoast.com\/product\/yoast-seo-premium-wordpress\/ -->\n<title>Susto Meds 250 ( SUSTANON ) - buy online at (Espa\u00f1ol) Esteroides en l\u00ednea<\/title>\n<meta name=\"description\" content=\"Susto Meds 250 ( SUSTANON ) is a combination medicine used in the treatment of male hypogonadism. It increases the testosterone levels in adult men and\" \/>\n<meta name=\"robots\" content=\"index, follow, max-snippet:-1, max-image-preview:large, max-video-preview:-1\" \/>\n<link rel=\"canonical\" href=\"https:\/\/iberoid-shop.com\/fr\/product\/susto-meds-250-sustanon\/\" \/>\n<meta property=\"og:locale\" content=\"fr_FR\" \/>\n<meta property=\"og:type\" content=\"article\" \/>\n<meta property=\"og:title\" content=\"Susto Meds 250 ( SUSTANON )\" \/>\n<meta property=\"og:description\" content=\"Susto Meds 250 ( SUSTANON ) is a combination medicine used in the treatment of male hypogonadism. It increases the testosterone levels in adult men and\" \/>\n<meta property=\"og:url\" content=\"https:\/\/iberoid-shop.com\/fr\/product\/susto-meds-250-sustanon\/\" \/>\n<meta property=\"og:site_name\" content=\"(Espa\u00f1ol) Esteroides en l\u00ednea\" \/>\n<meta property=\"article:modified_time\" content=\"2024-09-07T18:32:39+00:00\" \/>\n<meta property=\"og:image\" content=\"https:\/\/iberoid-shop.com\/wp-content\/uploads\/2024\/04\/1sus.jpg?v=1713096831\" \/>\n\t<meta property=\"og:image:width\" content=\"2048\" \/>\n\t<meta property=\"og:image:height\" content=\"1536\" \/>\n\t<meta property=\"og:image:type\" content=\"image\/jpeg\" \/>\n<meta name=\"twitter:card\" content=\"summary_large_image\" \/>\n<meta name=\"twitter:label1\" content=\"Prix\" \/>\n\t<meta name=\"twitter:data1\" content=\"&euro;30.00\" \/>\n\t<meta name=\"twitter:label2\" content=\"Disponibilit\u00e9\" \/>\n\t<meta name=\"twitter:data2\" content=\"Rupture de stock\" \/>\n<script type=\"application\/ld+json\" class=\"yoast-schema-graph\">{\"@context\":\"https:\/\/schema.org\",\"@graph\":[{\"@type\":\"WebPage\",\"@id\":\"https:\/\/iberoid-shop.com\/fr\/product\/susto-meds-250-sustanon\/\",\"url\":\"https:\/\/iberoid-shop.com\/fr\/product\/susto-meds-250-sustanon\/\",\"name\":\"Susto Meds 250 ( SUSTANON ) - buy online at (Espa\u00f1ol) Esteroides en l\u00ednea\",\"isPartOf\":{\"@id\":\"https:\/\/iberoid-shop.com\/fr\/#website\"},\"primaryImageOfPage\":{\"@id\":\"https:\/\/iberoid-shop.com\/fr\/product\/susto-meds-250-sustanon\/#primaryimage\"},\"image\":{\"@id\":\"https:\/\/iberoid-shop.com\/fr\/product\/susto-meds-250-sustanon\/#primaryimage\"},\"thumbnailUrl\":\"https:\/\/iberoid-shop.com\/wp-content\/uploads\/2024\/04\/1sus.jpg?v=1713096831\",\"datePublished\":\"2024-04-14T12:14:26+00:00\",\"dateModified\":\"2024-09-07T18:32:39+00:00\",\"description\":\"Susto Meds 250 ( SUSTANON ) is a combination medicine used in the treatment of male hypogonadism. It increases the testosterone levels in adult men and\",\"breadcrumb\":{\"@id\":\"https:\/\/iberoid-shop.com\/fr\/product\/susto-meds-250-sustanon\/#breadcrumb\"},\"inLanguage\":\"fr-FR\",\"potentialAction\":[{\"@type\":\"ReadAction\",\"target\":[[\"https:\/\/iberoid-shop.com\/fr\/product\/susto-meds-250-sustanon\/\"]]}]},{\"@type\":\"ImageObject\",\"inLanguage\":\"fr-FR\",\"@id\":\"https:\/\/iberoid-shop.com\/fr\/product\/susto-meds-250-sustanon\/#primaryimage\",\"url\":\"https:\/\/iberoid-shop.com\/wp-content\/uploads\/2024\/04\/1sus.jpg?v=1713096831\",\"contentUrl\":\"https:\/\/iberoid-shop.com\/wp-content\/uploads\/2024\/04\/1sus.jpg?v=1713096831\",\"width\":2048,\"height\":1536,\"caption\":\"Susto Meds 250 ( SUSTANON )\"},{\"@type\":\"BreadcrumbList\",\"@id\":\"https:\/\/iberoid-shop.com\/fr\/product\/susto-meds-250-sustanon\/#breadcrumb\",\"itemListElement\":[{\"@type\":\"ListItem\",\"position\":1,\"name\":\"Portada\",\"item\":\"https:\/\/iberoid-shop.com\/fr\/\"},{\"@type\":\"ListItem\",\"position\":2,\"name\":\"Magasin\",\"item\":\"https:\/\/iberoid-shop.com\/fr\/shop\/\"},{\"@type\":\"ListItem\",\"position\":3,\"name\":\"Susto Meds 250 ( SUSTANON )\"}]},{\"@type\":\"WebSite\",\"@id\":\"https:\/\/iberoid-shop.com\/fr\/#website\",\"url\":\"https:\/\/iberoid-shop.com\/fr\/\",\"name\":\"(Espa\u00f1ol) Esteroides en l\u00ednea\",\"description\":\"(Espa\u00f1ol) Comprar esteroides en l\u00ednea hoy en Espa\u00f1a y Portugal. Tenemos el mejor servicio al cliente en la industria y los productos de la m\u00e1s alta calidad\",\"potentialAction\":[{\"@type\":\"SearchAction\",\"target\":{\"@type\":\"EntryPoint\",\"urlTemplate\":\"https:\/\/iberoid-shop.com\/fr\/?s={search_term_string}\"},\"query-input\":{\"@type\":\"PropertyValueSpecification\",\"valueRequired\":true,\"valueName\":\"search_term_string\"}}],\"inLanguage\":\"fr-FR\"}]}<\/script>\n<meta property=\"product:brand\" content=\"Vitality Meds\" \/>\n<meta property=\"product:price:amount\" content=\"30.00\" \/>\n<meta property=\"product:price:currency\" content=\"EUR\" \/>\n<meta property=\"og:availability\" content=\"out of stock\" \/>\n<meta property=\"product:availability\" content=\"out of stock\" \/>\n<meta property=\"product:condition\" content=\"new\" \/>\n<!-- \/ Yoast SEO Premium plugin. -->","yoast_head_json":{"title":"Susto Meds 250 ( SUSTANON ) - buy online at (Espa\u00f1ol) Esteroides en l\u00ednea","description":"Susto Meds 250 ( SUSTANON ) is a combination medicine used in the treatment of male hypogonadism. It increases the testosterone levels in adult men and","robots":{"index":"index","follow":"follow","max-snippet":"max-snippet:-1","max-image-preview":"max-image-preview:large","max-video-preview":"max-video-preview:-1"},"canonical":"https:\/\/iberoid-shop.com\/fr\/product\/susto-meds-250-sustanon\/","og_locale":"fr_FR","og_type":"article","og_title":"Susto Meds 250 ( SUSTANON )","og_description":"Susto Meds 250 ( SUSTANON ) is a combination medicine used in the treatment of male hypogonadism. It increases the testosterone levels in adult men and","og_url":"https:\/\/iberoid-shop.com\/fr\/product\/susto-meds-250-sustanon\/","og_site_name":"(Espa\u00f1ol) Esteroides en l\u00ednea","article_modified_time":"2024-09-07T18:32:39+00:00","og_image":[{"width":2048,"height":1536,"url":"https:\/\/iberoid-shop.com\/wp-content\/uploads\/2024\/04\/1sus.jpg?v=1713096831","type":"image\/jpeg"}],"twitter_card":"summary_large_image","twitter_misc":{"Prix":"&euro;30.00","Disponibilit\u00e9":"Rupture de stock"},"schema":{"@context":"https:\/\/schema.org","@graph":[{"@type":"WebPage","@id":"https:\/\/iberoid-shop.com\/fr\/product\/susto-meds-250-sustanon\/","url":"https:\/\/iberoid-shop.com\/fr\/product\/susto-meds-250-sustanon\/","name":"Susto Meds 250 ( SUSTANON ) - buy online at (Espa\u00f1ol) Esteroides en l\u00ednea","isPartOf":{"@id":"https:\/\/iberoid-shop.com\/fr\/#website"},"primaryImageOfPage":{"@id":"https:\/\/iberoid-shop.com\/fr\/product\/susto-meds-250-sustanon\/#primaryimage"},"image":{"@id":"https:\/\/iberoid-shop.com\/fr\/product\/susto-meds-250-sustanon\/#primaryimage"},"thumbnailUrl":"https:\/\/iberoid-shop.com\/wp-content\/uploads\/2024\/04\/1sus.jpg?v=1713096831","datePublished":"2024-04-14T12:14:26+00:00","dateModified":"2024-09-07T18:32:39+00:00","description":"Susto Meds 250 ( SUSTANON ) is a combination medicine used in the treatment of male hypogonadism. It increases the testosterone levels in adult men and","breadcrumb":{"@id":"https:\/\/iberoid-shop.com\/fr\/product\/susto-meds-250-sustanon\/#breadcrumb"},"inLanguage":"fr-FR","potentialAction":[{"@type":"ReadAction","target":[["https:\/\/iberoid-shop.com\/fr\/product\/susto-meds-250-sustanon\/"]]}]},{"@type":"ImageObject","inLanguage":"fr-FR","@id":"https:\/\/iberoid-shop.com\/fr\/product\/susto-meds-250-sustanon\/#primaryimage","url":"https:\/\/iberoid-shop.com\/wp-content\/uploads\/2024\/04\/1sus.jpg?v=1713096831","contentUrl":"https:\/\/iberoid-shop.com\/wp-content\/uploads\/2024\/04\/1sus.jpg?v=1713096831","width":2048,"height":1536,"caption":"Susto Meds 250 ( SUSTANON )"},{"@type":"BreadcrumbList","@id":"https:\/\/iberoid-shop.com\/fr\/product\/susto-meds-250-sustanon\/#breadcrumb","itemListElement":[{"@type":"ListItem","position":1,"name":"Portada","item":"https:\/\/iberoid-shop.com\/fr\/"},{"@type":"ListItem","position":2,"name":"Magasin","item":"https:\/\/iberoid-shop.com\/fr\/shop\/"},{"@type":"ListItem","position":3,"name":"Susto Meds 250 ( SUSTANON )"}]},{"@type":"WebSite","@id":"https:\/\/iberoid-shop.com\/fr\/#website","url":"https:\/\/iberoid-shop.com\/fr\/","name":"(Espa\u00f1ol) Esteroides en l\u00ednea","description":"(Espa\u00f1ol) Comprar esteroides en l\u00ednea hoy en Espa\u00f1a y Portugal. Tenemos el mejor servicio al cliente en la industria y los productos de la m\u00e1s alta calidad","potentialAction":[{"@type":"SearchAction","target":{"@type":"EntryPoint","urlTemplate":"https:\/\/iberoid-shop.com\/fr\/?s={search_term_string}"},"query-input":{"@type":"PropertyValueSpecification","valueRequired":true,"valueName":"search_term_string"}}],"inLanguage":"fr-FR"}]},"product_brand":"Vitality Meds","product_price_amount":"30.00","product_price_currency":"EUR","og_availability":"out of stock","product_availability":"out of stock","product_condition":"new"},"_links":{"self":[{"href":"https:\/\/iberoid-shop.com\/fr\/wp-json\/wp\/v2\/product\/9371","targetHints":{"allow":["GET"]}}],"collection":[{"href":"https:\/\/iberoid-shop.com\/fr\/wp-json\/wp\/v2\/product"}],"about":[{"href":"https:\/\/iberoid-shop.com\/fr\/wp-json\/wp\/v2\/types\/product"}],"replies":[{"embeddable":true,"href":"https:\/\/iberoid-shop.com\/fr\/wp-json\/wp\/v2\/comments?post=9371"}],"wp:featuredmedia":[{"embeddable":true,"href":"https:\/\/iberoid-shop.com\/fr\/wp-json\/wp\/v2\/media\/9373"}],"wp:attachment":[{"href":"https:\/\/iberoid-shop.com\/fr\/wp-json\/wp\/v2\/media?parent=9371"}],"wp:term":[{"taxonomy":"product_brand","embeddable":true,"href":"https:\/\/iberoid-shop.com\/fr\/wp-json\/wp\/v2\/product_brand?post=9371"},{"taxonomy":"product_cat","embeddable":true,"href":"https:\/\/iberoid-shop.com\/fr\/wp-json\/wp\/v2\/product_cat?post=9371"},{"taxonomy":"product_tag","embeddable":true,"href":"https:\/\/iberoid-shop.com\/fr\/wp-json\/wp\/v2\/product_tag?post=9371"}],"curies":[{"name":"wp","href":"https:\/\/api.w.org\/{rel}","templated":true}]}}