{"id":9320,"date":"2024-04-04T20:50:00","date_gmt":"2024-04-04T20:50:00","guid":{"rendered":"https:\/\/iberoid-shop.com\/?post_type=product&#038;p=9320"},"modified":"2026-03-11T16:51:17","modified_gmt":"2026-03-11T16:51:17","slug":"testoged-c-premium-line","status":"publish","type":"product","link":"https:\/\/iberoid-shop.com\/fr\/product\/testoged-c-premium-line\/","title":{"rendered":"TESTOGED C PREMIUM LINE"},"content":{"rendered":"<p>Testoged C a comme principe actif le cypionate de testost\u00e9rone, l&rsquo;un des esters de testost\u00e9rone. Il est utilis\u00e9 en cure pour des gains consid\u00e9rables de masse musculaire et de force. Le cypionate de testost\u00e9rone est plus fort que l\u2019\u00e9nanthate de testost\u00e9rone. Testoged C provoque une r\u00e9tention d\u2019eau, mais cela ne le rend pas moins appr\u00e9ci\u00e9. Ayant de forts effets androg\u00e8nes, ils s\u2019accompagnent \u00e9galement d\u2019effets secondaires : peau grasse, acn\u00e9, pilosit\u00e9 du visage et du corps.<\/p>\n<p>La dose recommand\u00e9e varie entre 200 mg et 800 mg par semaine. L&rsquo;arr\u00eat de la s\u00e9cr\u00e9tion de testost\u00e9rone dans le corps constitue \u00e9galement un effet secondaire. C&rsquo;est pourquoi une th\u00e9rapie post-cycle compos\u00e9e de Clomid et de Tamoxif\u00e8ne est recommand\u00e9e. S&rsquo;il est administr\u00e9 aux doses recommand\u00e9es et avec une th\u00e9rapie post-cycle, les effets secondaires sont fixes ou n&rsquo;apparaissent pas du tout.<\/p>\n<p>Cette th\u00e9rapie post-cycle vise \u00e0 r\u00e9guler la propre production de testost\u00e9rone de l&rsquo;organisme et commence deux \u00e0 trois semaines apr\u00e8s la derni\u00e8re injection de Sustanon. Le traitement post-cycle commence apr\u00e8s cette p\u00e9riode car le sustanon reste actif dans l&rsquo;organisme jusqu&rsquo;\u00e0 trois semaines. Il est important que dans tout autre traitement aux st\u00e9ro\u00efdes, certaines r\u00e8gles essentielles soient respect\u00e9es afin d\u2019obtenir les r\u00e9sultats souhait\u00e9s.<\/p>\n<p>Les principaux repas de la journ\u00e9e sont importants et doivent \u00eatre respect\u00e9s. La nourriture doit \u00eatre riche en prot\u00e9ines, vitamines, antioxydants. Vous devez manger de la viande maigre comme le b\u0153uf, le poisson, le poulet. Les l\u00e9gumes sont importants. Les fruits contiennent des antioxydants et donnent de l&rsquo;\u00e9nergie au corps.<\/p>","protected":false},"excerpt":{"rendered":"<p>Testoged C a comme principe actif le cypionate de testost\u00e9rone, l&rsquo;un des esters de testost\u00e9rone. Il est utilis\u00e9 en cure<\/p>\n","protected":false},"featured_media":9322,"comment_status":"open","ping_status":"closed","template":"","meta":[],"product_brand":[],"product_cat":[69],"product_tag":[],"class_list":{"0":"post-9320","1":"product","2":"type-product","3":"status-publish","4":"has-post-thumbnail","6":"product_cat-esteroides_inyectables","8":"first","9":"instock","10":"shipping-taxable","11":"purchasable","12":"product-type-simple"},"yoast_head":"<!-- This site is optimized with the Yoast SEO Premium plugin v24.4 (Yoast SEO v27.0) - https:\/\/yoast.com\/product\/yoast-seo-premium-wordpress\/ -->\n<title>TESTOGED C PREMIUM LINE - Buy online at (Espa\u00f1ol) Esteroides en l\u00ednea<\/title>\n<meta name=\"description\" content=\"TESTOGED C PREMIUM LINE has as its active substance testosterone cypionate, one of the testosterone esters. It is used in cures for considerable gains\" \/>\n<meta name=\"robots\" content=\"index, follow, max-snippet:-1, max-image-preview:large, max-video-preview:-1\" \/>\n<link rel=\"canonical\" href=\"https:\/\/iberoid-shop.com\/fr\/product\/testoged-c-premium-line\/\" \/>\n<meta property=\"og:locale\" content=\"fr_FR\" \/>\n<meta property=\"og:type\" content=\"article\" \/>\n<meta property=\"og:title\" content=\"TESTOGED C PREMIUM LINE\" \/>\n<meta property=\"og:description\" content=\"TESTOGED C PREMIUM LINE has as its active substance testosterone cypionate, one of the testosterone esters. It is used in cures for considerable gains\" \/>\n<meta property=\"og:url\" content=\"https:\/\/iberoid-shop.com\/fr\/product\/testoged-c-premium-line\/\" \/>\n<meta property=\"og:site_name\" content=\"(Espa\u00f1ol) Esteroides en l\u00ednea\" \/>\n<meta property=\"article:modified_time\" content=\"2026-03-11T16:51:17+00:00\" \/>\n<meta property=\"og:image\" content=\"https:\/\/iberoid-shop.com\/wp-content\/uploads\/2024\/04\/cypp.jpg?v=1712263595\" \/>\n\t<meta property=\"og:image:width\" content=\"1280\" \/>\n\t<meta property=\"og:image:height\" content=\"1280\" \/>\n\t<meta property=\"og:image:type\" content=\"image\/jpeg\" \/>\n<meta name=\"twitter:card\" content=\"summary_large_image\" \/>\n<meta name=\"twitter:label1\" content=\"Prix\" \/>\n\t<meta name=\"twitter:data1\" content=\"&euro;40.00\" \/>\n\t<meta name=\"twitter:label2\" content=\"Disponibilit\u00e9\" \/>\n\t<meta name=\"twitter:data2\" content=\"En stock\" \/>\n<script type=\"application\/ld+json\" class=\"yoast-schema-graph\">{\"@context\":\"https:\/\/schema.org\",\"@graph\":[{\"@type\":\"WebPage\",\"@id\":\"https:\/\/iberoid-shop.com\/fr\/product\/testoged-c-premium-line\/\",\"url\":\"https:\/\/iberoid-shop.com\/fr\/product\/testoged-c-premium-line\/\",\"name\":\"TESTOGED C PREMIUM LINE - Buy online at (Espa\u00f1ol) Esteroides en l\u00ednea\",\"isPartOf\":{\"@id\":\"https:\/\/iberoid-shop.com\/fr\/#website\"},\"primaryImageOfPage\":{\"@id\":\"https:\/\/iberoid-shop.com\/fr\/product\/testoged-c-premium-line\/#primaryimage\"},\"image\":{\"@id\":\"https:\/\/iberoid-shop.com\/fr\/product\/testoged-c-premium-line\/#primaryimage\"},\"thumbnailUrl\":\"https:\/\/iberoid-shop.com\/wp-content\/uploads\/2024\/04\/cypp.jpg?v=1712263595\",\"datePublished\":\"2024-04-04T20:50:00+00:00\",\"dateModified\":\"2026-03-11T16:51:17+00:00\",\"description\":\"TESTOGED C PREMIUM LINE has as its active substance testosterone cypionate, one of the testosterone esters. It is used in cures for considerable gains\",\"breadcrumb\":{\"@id\":\"https:\/\/iberoid-shop.com\/fr\/product\/testoged-c-premium-line\/#breadcrumb\"},\"inLanguage\":\"fr-FR\",\"potentialAction\":[{\"@type\":\"ReadAction\",\"target\":[[\"https:\/\/iberoid-shop.com\/fr\/product\/testoged-c-premium-line\/\"]]}]},{\"@type\":\"ImageObject\",\"inLanguage\":\"fr-FR\",\"@id\":\"https:\/\/iberoid-shop.com\/fr\/product\/testoged-c-premium-line\/#primaryimage\",\"url\":\"https:\/\/iberoid-shop.com\/wp-content\/uploads\/2024\/04\/cypp.jpg?v=1712263595\",\"contentUrl\":\"https:\/\/iberoid-shop.com\/wp-content\/uploads\/2024\/04\/cypp.jpg?v=1712263595\",\"width\":1280,\"height\":1280,\"caption\":\"TESTOGED C PREMIUM LINE\"},{\"@type\":\"BreadcrumbList\",\"@id\":\"https:\/\/iberoid-shop.com\/fr\/product\/testoged-c-premium-line\/#breadcrumb\",\"itemListElement\":[{\"@type\":\"ListItem\",\"position\":1,\"name\":\"Portada\",\"item\":\"https:\/\/iberoid-shop.com\/fr\/\"},{\"@type\":\"ListItem\",\"position\":2,\"name\":\"Magasin\",\"item\":\"https:\/\/iberoid-shop.com\/fr\/shop\/\"},{\"@type\":\"ListItem\",\"position\":3,\"name\":\"TESTOGED C PREMIUM LINE\"}]},{\"@type\":\"WebSite\",\"@id\":\"https:\/\/iberoid-shop.com\/fr\/#website\",\"url\":\"https:\/\/iberoid-shop.com\/fr\/\",\"name\":\"(Espa\u00f1ol) Esteroides en l\u00ednea\",\"description\":\"(Espa\u00f1ol) Comprar esteroides en l\u00ednea hoy en Espa\u00f1a y Portugal. Tenemos el mejor servicio al cliente en la industria y los productos de la m\u00e1s alta calidad\",\"potentialAction\":[{\"@type\":\"SearchAction\",\"target\":{\"@type\":\"EntryPoint\",\"urlTemplate\":\"https:\/\/iberoid-shop.com\/fr\/?s={search_term_string}\"},\"query-input\":{\"@type\":\"PropertyValueSpecification\",\"valueRequired\":true,\"valueName\":\"search_term_string\"}}],\"inLanguage\":\"fr-FR\"}]}<\/script>\n<meta property=\"product:brand\" content=\"Euro Prime Pharmaceuticals (EPF)\" \/>\n<meta property=\"product:price:amount\" content=\"40.00\" \/>\n<meta property=\"product:price:currency\" content=\"EUR\" \/>\n<meta property=\"og:availability\" content=\"instock\" \/>\n<meta property=\"product:availability\" content=\"instock\" \/>\n<meta property=\"product:condition\" content=\"new\" \/>\n<!-- \/ Yoast SEO Premium plugin. -->","yoast_head_json":{"title":"TESTOGED C PREMIUM LINE - Buy online at (Espa\u00f1ol) Esteroides en l\u00ednea","description":"TESTOGED C PREMIUM LINE has as its active substance testosterone cypionate, one of the testosterone esters. It is used in cures for considerable gains","robots":{"index":"index","follow":"follow","max-snippet":"max-snippet:-1","max-image-preview":"max-image-preview:large","max-video-preview":"max-video-preview:-1"},"canonical":"https:\/\/iberoid-shop.com\/fr\/product\/testoged-c-premium-line\/","og_locale":"fr_FR","og_type":"article","og_title":"TESTOGED C PREMIUM LINE","og_description":"TESTOGED C PREMIUM LINE has as its active substance testosterone cypionate, one of the testosterone esters. It is used in cures for considerable gains","og_url":"https:\/\/iberoid-shop.com\/fr\/product\/testoged-c-premium-line\/","og_site_name":"(Espa\u00f1ol) Esteroides en l\u00ednea","article_modified_time":"2026-03-11T16:51:17+00:00","og_image":[{"width":1280,"height":1280,"url":"https:\/\/iberoid-shop.com\/wp-content\/uploads\/2024\/04\/cypp.jpg?v=1712263595","type":"image\/jpeg"}],"twitter_card":"summary_large_image","twitter_misc":{"Prix":"&euro;40.00","Disponibilit\u00e9":"En stock"},"schema":{"@context":"https:\/\/schema.org","@graph":[{"@type":"WebPage","@id":"https:\/\/iberoid-shop.com\/fr\/product\/testoged-c-premium-line\/","url":"https:\/\/iberoid-shop.com\/fr\/product\/testoged-c-premium-line\/","name":"TESTOGED C PREMIUM LINE - Buy online at (Espa\u00f1ol) Esteroides en l\u00ednea","isPartOf":{"@id":"https:\/\/iberoid-shop.com\/fr\/#website"},"primaryImageOfPage":{"@id":"https:\/\/iberoid-shop.com\/fr\/product\/testoged-c-premium-line\/#primaryimage"},"image":{"@id":"https:\/\/iberoid-shop.com\/fr\/product\/testoged-c-premium-line\/#primaryimage"},"thumbnailUrl":"https:\/\/iberoid-shop.com\/wp-content\/uploads\/2024\/04\/cypp.jpg?v=1712263595","datePublished":"2024-04-04T20:50:00+00:00","dateModified":"2026-03-11T16:51:17+00:00","description":"TESTOGED C PREMIUM LINE has as its active substance testosterone cypionate, one of the testosterone esters. It is used in cures for considerable gains","breadcrumb":{"@id":"https:\/\/iberoid-shop.com\/fr\/product\/testoged-c-premium-line\/#breadcrumb"},"inLanguage":"fr-FR","potentialAction":[{"@type":"ReadAction","target":[["https:\/\/iberoid-shop.com\/fr\/product\/testoged-c-premium-line\/"]]}]},{"@type":"ImageObject","inLanguage":"fr-FR","@id":"https:\/\/iberoid-shop.com\/fr\/product\/testoged-c-premium-line\/#primaryimage","url":"https:\/\/iberoid-shop.com\/wp-content\/uploads\/2024\/04\/cypp.jpg?v=1712263595","contentUrl":"https:\/\/iberoid-shop.com\/wp-content\/uploads\/2024\/04\/cypp.jpg?v=1712263595","width":1280,"height":1280,"caption":"TESTOGED C PREMIUM LINE"},{"@type":"BreadcrumbList","@id":"https:\/\/iberoid-shop.com\/fr\/product\/testoged-c-premium-line\/#breadcrumb","itemListElement":[{"@type":"ListItem","position":1,"name":"Portada","item":"https:\/\/iberoid-shop.com\/fr\/"},{"@type":"ListItem","position":2,"name":"Magasin","item":"https:\/\/iberoid-shop.com\/fr\/shop\/"},{"@type":"ListItem","position":3,"name":"TESTOGED C PREMIUM LINE"}]},{"@type":"WebSite","@id":"https:\/\/iberoid-shop.com\/fr\/#website","url":"https:\/\/iberoid-shop.com\/fr\/","name":"(Espa\u00f1ol) Esteroides en l\u00ednea","description":"(Espa\u00f1ol) Comprar esteroides en l\u00ednea hoy en Espa\u00f1a y Portugal. Tenemos el mejor servicio al cliente en la industria y los productos de la m\u00e1s alta calidad","potentialAction":[{"@type":"SearchAction","target":{"@type":"EntryPoint","urlTemplate":"https:\/\/iberoid-shop.com\/fr\/?s={search_term_string}"},"query-input":{"@type":"PropertyValueSpecification","valueRequired":true,"valueName":"search_term_string"}}],"inLanguage":"fr-FR"}]},"product_brand":"Euro Prime Pharmaceuticals (EPF)","product_price_amount":"40.00","product_price_currency":"EUR","og_availability":"instock","product_availability":"instock","product_condition":"new"},"_links":{"self":[{"href":"https:\/\/iberoid-shop.com\/fr\/wp-json\/wp\/v2\/product\/9320","targetHints":{"allow":["GET"]}}],"collection":[{"href":"https:\/\/iberoid-shop.com\/fr\/wp-json\/wp\/v2\/product"}],"about":[{"href":"https:\/\/iberoid-shop.com\/fr\/wp-json\/wp\/v2\/types\/product"}],"replies":[{"embeddable":true,"href":"https:\/\/iberoid-shop.com\/fr\/wp-json\/wp\/v2\/comments?post=9320"}],"wp:featuredmedia":[{"embeddable":true,"href":"https:\/\/iberoid-shop.com\/fr\/wp-json\/wp\/v2\/media\/9322"}],"wp:attachment":[{"href":"https:\/\/iberoid-shop.com\/fr\/wp-json\/wp\/v2\/media?parent=9320"}],"wp:term":[{"taxonomy":"product_brand","embeddable":true,"href":"https:\/\/iberoid-shop.com\/fr\/wp-json\/wp\/v2\/product_brand?post=9320"},{"taxonomy":"product_cat","embeddable":true,"href":"https:\/\/iberoid-shop.com\/fr\/wp-json\/wp\/v2\/product_cat?post=9320"},{"taxonomy":"product_tag","embeddable":true,"href":"https:\/\/iberoid-shop.com\/fr\/wp-json\/wp\/v2\/product_tag?post=9320"}],"curies":[{"name":"wp","href":"https:\/\/api.w.org\/{rel}","templated":true}]}}