{"id":9299,"date":"2024-03-24T18:49:40","date_gmt":"2024-03-24T18:49:40","guid":{"rendered":"https:\/\/iberoid-shop.com\/?post_type=product&#038;p=9299"},"modified":"2026-04-10T08:05:56","modified_gmt":"2026-04-10T08:05:56","slug":"provitech-25-mesterolone","status":"publish","type":"product","link":"https:\/\/iberoid-shop.com\/fr\/product\/provitech-25-mesterolone\/","title":{"rendered":"PROVITECH 25 ( Mesterolone )"},"content":{"rendered":"<p>PROVITECH \/ PROVIRON \/ 25 MG \/ 100comps \/ BIOTECH<\/p>\n<p>La mest\u00e9rolone est un m\u00e9dicament utilis\u00e9 pour remplacer la testost\u00e9rone chez les hommes souffrant d&rsquo;hypogonadisme. L&rsquo;hypogonadisme est un \u00e9tat dans lequel le corps ne produit pas de testost\u00e9rone. La testost\u00e9rone est une hormone responsable des caract\u00e9ristiques sexuelles masculines. Ne prenez pas ce m\u00e9dicament si vous avez re\u00e7u un diagnostic de cancer de la prostate.<\/p>\n<p>PROVITECH 25 contient Mesterolone qui appartient au groupe de m\u00e9dicaments appel\u00e9s androg\u00e8nes. Il est utilis\u00e9 uniquement pour traiter les troubles de la puissance, l\u2019infertilit\u00e9 masculine et l\u2019hypogonadisme masculin. L&rsquo;hypogonadisme masculin est une condition dans laquelle le corps ne produit pas suffisamment de testost\u00e9rone. La testost\u00e9rone est essentielle au d\u00e9veloppement et au maintien des organes reproducteurs masculins ainsi qu&rsquo;\u00e0 d&rsquo;autres caract\u00e9ristiques masculines telles que la croissance des cheveux, la voix grave, la libido, la masse musculaire et la r\u00e9partition de la graisse corporelle. Il est destin\u00e9 uniquement aux patients de sexe masculin.<\/p>\n<p>PROVITECH 25 ( Mesterolone ) n&rsquo;est pas recommand\u00e9 chez les patients atteints d&rsquo;un cancer de la prostate, d&rsquo;un cancer du sein chez l&rsquo;homme, d&rsquo;un taux \u00e9lev\u00e9 de calcium dans le sang ou de porphyrie. PROVITECH 25 doit \u00eatre utilis\u00e9 avec prudence chez les patients souffrant d&rsquo;une maladie r\u00e9nale ou cardiaque, d&rsquo;une maladie de la prostate, de diab\u00e8te, de migraine, de convulsions ou de troubles \u00e9pileptiques, d&rsquo;anomalies des globules rouges ou de troubles sanguins, d&rsquo; apn\u00e9e du sommeil , etc. Consultez votre m\u00e9decin avant de prendre ce m\u00e9dicament.<\/p>\n<p>Avant le traitement par PROVITECH 25 ( Mesterolone ), votre m\u00e9decin pourra examiner votre prostate et vous conseiller de passer des tests pertinents pour comprendre votre \u00e9tat. GBNKEYWORD] n\u2019est pas recommand\u00e9 chez les enfants et doit \u00eatre utilis\u00e9 avec prudence chez les patients \u00e2g\u00e9s de 65 ans ou plus. Consultez votre m\u00e9decin avant de prendre PROVITECH 25 ( Mesterolone ). Les effets secondaires les plus courants li\u00e9s \u00e0 la prise de PROVITECH 25 sont les maux de t\u00eate, la r\u00e9tention d&rsquo;eau, l&rsquo;hypertrophie mammaire, l&rsquo;augmentation de la libido, l&rsquo;acn\u00e9, la croissance excessive des cheveux, la pubert\u00e9 pr\u00e9matur\u00e9e et le retard de croissance. Consultez votre m\u00e9decin si l&rsquo;un des sympt\u00f4mes s&rsquo;aggrave.<\/p>\n<p><strong>UTILISATIONS DE PROVITECH 25 ( Mest\u00e9rolone )<\/strong><\/p>\n<p>Utilis\u00e9 pour traiter :<\/p>\n<ul>\n<li>Troubles de la puissance<\/li>\n<li>Infertilit\u00e9 masculine<\/li>\n<li>Hypogonadisme masculin<\/li>\n<\/ul>\n<p><strong>FONCTIONNE PROVITECH 25 ( Mest\u00e9rolone )<\/strong><\/p>\n<p>PROVITECH 25 fonctionne de mani\u00e8re similaire \u00e0 l&rsquo;hormone sexuelle masculine appel\u00e9e testost\u00e9rone. Ce m\u00e9dicament compl\u00e8te l&rsquo;hormone m\u00e2le produite par l&rsquo;organisme. En cons\u00e9quence, il aide \u00e0 traiter les affections associ\u00e9es \u00e0 de faibles niveaux de testost\u00e9rone dans le corps.<\/p>\n<p><strong>MODE D&rsquo;EMPLOI<\/strong><\/p>\n<p>Prenez PROVITECH 25 ( Mesterolone ) selon les conseils de votre m\u00e9decin. Avalez le m\u00e9dicament avec un verre d&rsquo;eau. N&rsquo;\u00e9crasez pas et ne m\u00e2chez pas le m\u00e9dicament. Votre m\u00e9decin d\u00e9cidera de la dose, de la dur\u00e9e et de la fr\u00e9quence correctes du traitement en fonction de votre \u00e2ge, de votre poids et de votre \u00e9tat pathologique. N&rsquo;arr\u00eatez pas de prendre PROVITECH 25 sans contacter votre m\u00e9decin.<\/p>\n<p><strong>EFFETS SECONDAIRES<\/strong><\/p>\n<p><strong>COMMUN<\/strong><\/p>\n<ul>\n<li>Mal de t\u00eate<\/li>\n<li>R\u00e9tention d&rsquo;eau<\/li>\n<li>Augmentation mammaire<\/li>\n<li>Augmentation de la libido<\/li>\n<li>Troubles psychiatriques tels qu&rsquo;agressivit\u00e9, augmentation ou diminution des niveaux d&rsquo;\u00e9nergie, exaltation ou irritabilit\u00e9<\/li>\n<li>Acn\u00e9<\/li>\n<li>Pilosit\u00e9 excessive<\/li>\n<li>Pubert\u00e9 pr\u00e9matur\u00e9e<\/li>\n<li>Un retard de croissance<\/li>\n<\/ul>\n<p><strong>RARE<\/strong><\/p>\n<p>Arr\u00eatez de prendre PROVITECH 25 ( Mesterolone ) et contactez imm\u00e9diatement votre m\u00e9decin si vous ressentez l&rsquo;un des effets secondaires suivants\u00a0:<\/p>\n<ul>\n<li>Sympt\u00f4mes de r\u00e9action allergique tels qu&rsquo;essoufflement, respiration sifflante ou difficult\u00e9s respiratoires, gonflement du visage, des l\u00e8vres, de la langue ou d&rsquo;autres parties du corps, \u00e9ruption cutan\u00e9e, d\u00e9mangeaisons ou urticaire sur la peau.<\/li>\n<li>Sympt\u00f4mes d\u2019hypertrophie de la prostate tels que changements dans la miction, pr\u00e9sence de sang dans les urines ou dans le sperme<\/li>\n<li>\u00c9rections ind\u00e9sirables, fr\u00e9quentes ou prolong\u00e9es et douloureuses<\/li>\n<li>Douleur ou sensibilit\u00e9 s\u00e9v\u00e8re \u00e0 l\u2019estomac<\/li>\n<li>Se sentir pas bien<\/li>\n<li>Douleurs prolong\u00e9es \u00e0 l&rsquo;estomac, sang dans les selles ou les vomissements, ou d\u00e9coloration jaun\u00e2tre de la peau et des yeux<\/li>\n<\/ul>\n<p><strong>COMMENT G\u00c9RER LES EFFETS SECONDAIRES<\/strong><\/p>\n<p><strong>Mal de t\u00eate:<\/strong><\/p>\n<p>Repose toi et relaxe toi. Buvez beaucoup de liquides comme de l&rsquo;eau et des \u00e9lectrolytes. Appliquez un baume analg\u00e9sique sur le front si n\u00e9cessaire. Ne consommez pas d\u2019alcool. Consultez votre m\u00e9decin si le sympt\u00f4me ne s&rsquo;am\u00e9liore pas.<\/p>","protected":false},"excerpt":{"rendered":"<p>PROVITECH \/ PROVIRON \/ 25 MG \/ 100comps \/ BIOTECH La mest\u00e9rolone est un m\u00e9dicament utilis\u00e9 pour remplacer la testost\u00e9rone<\/p>\n","protected":false},"featured_media":9301,"comment_status":"open","ping_status":"closed","template":"","meta":[],"product_brand":[],"product_cat":[73],"product_tag":[],"class_list":{"0":"post-9299","1":"product","2":"type-product","3":"status-publish","4":"has-post-thumbnail","6":"product_cat-ssteroides_orales","8":"first","9":"instock","10":"sale","11":"shipping-taxable","12":"purchasable","13":"product-type-simple"},"yoast_head":"<!-- This site is optimized with the Yoast SEO Premium plugin v24.4 (Yoast SEO v27.3) - https:\/\/yoast.com\/product\/yoast-seo-premium-wordpress\/ -->\n<title>PROVITECH 25 ( Mesterolone ) - Buy online at (Espa\u00f1ol) Esteroides en l\u00ednea<\/title>\n<meta name=\"description\" content=\"PROVITECH 25 (Mesterolone) is a drug used to replace testosterone in men with hypogonadism. Furthermore, hypogonadism is a state where the body does\" \/>\n<meta name=\"robots\" content=\"index, follow, max-snippet:-1, max-image-preview:large, max-video-preview:-1\" \/>\n<link rel=\"canonical\" href=\"https:\/\/iberoid-shop.com\/fr\/product\/provitech-25-mesterolone\/\" \/>\n<meta property=\"og:locale\" content=\"fr_FR\" \/>\n<meta property=\"og:type\" content=\"article\" \/>\n<meta property=\"og:title\" content=\"PROVITECH 25 ( Mesterolone )\" \/>\n<meta property=\"og:description\" content=\"PROVITECH 25 (Mesterolone) is a drug used to replace testosterone in men with hypogonadism. Furthermore, hypogonadism is a state where the body does\" \/>\n<meta property=\"og:url\" content=\"https:\/\/iberoid-shop.com\/fr\/product\/provitech-25-mesterolone\/\" \/>\n<meta property=\"og:site_name\" content=\"(Espa\u00f1ol) Esteroides en l\u00ednea\" \/>\n<meta property=\"article:modified_time\" content=\"2026-04-10T08:05:56+00:00\" \/>\n<meta property=\"og:image\" content=\"https:\/\/iberoid-shop.com\/wp-content\/uploads\/2024\/03\/prov-bi.jpg?v=1711306254\" \/>\n\t<meta property=\"og:image:width\" content=\"1622\" \/>\n\t<meta property=\"og:image:height\" content=\"2048\" \/>\n\t<meta property=\"og:image:type\" content=\"image\/jpeg\" \/>\n<meta name=\"twitter:card\" content=\"summary_large_image\" \/>\n<meta name=\"twitter:label1\" content=\"Prix\" \/>\n\t<meta name=\"twitter:data1\" content=\"&euro;20.00\" \/>\n\t<meta name=\"twitter:label2\" content=\"Disponibilit\u00e9\" \/>\n\t<meta name=\"twitter:data2\" content=\"En stock\" \/>\n<script type=\"application\/ld+json\" class=\"yoast-schema-graph\">{\"@context\":\"https:\\\/\\\/schema.org\",\"@graph\":[{\"@type\":\"WebPage\",\"@id\":\"https:\\\/\\\/iberoid-shop.com\\\/fr\\\/product\\\/provitech-25-mesterolone\\\/\",\"url\":\"https:\\\/\\\/iberoid-shop.com\\\/fr\\\/product\\\/provitech-25-mesterolone\\\/\",\"name\":\"PROVITECH 25 ( Mesterolone ) - Buy online at (Espa\u00f1ol) Esteroides en l\u00ednea\",\"isPartOf\":{\"@id\":\"https:\\\/\\\/iberoid-shop.com\\\/fr\\\/#website\"},\"primaryImageOfPage\":{\"@id\":\"https:\\\/\\\/iberoid-shop.com\\\/fr\\\/product\\\/provitech-25-mesterolone\\\/#primaryimage\"},\"image\":{\"@id\":\"https:\\\/\\\/iberoid-shop.com\\\/fr\\\/product\\\/provitech-25-mesterolone\\\/#primaryimage\"},\"thumbnailUrl\":\"https:\\\/\\\/iberoid-shop.com\\\/wp-content\\\/uploads\\\/2024\\\/03\\\/prov-bi.jpg?v=1711306254\",\"datePublished\":\"2024-03-24T18:49:40+00:00\",\"dateModified\":\"2026-04-10T08:05:56+00:00\",\"description\":\"PROVITECH 25 (Mesterolone) is a drug used to replace testosterone in men with hypogonadism. Furthermore, hypogonadism is a state where the body does\",\"breadcrumb\":{\"@id\":\"https:\\\/\\\/iberoid-shop.com\\\/fr\\\/product\\\/provitech-25-mesterolone\\\/#breadcrumb\"},\"inLanguage\":\"fr-FR\",\"potentialAction\":[{\"@type\":\"ReadAction\",\"target\":[[\"https:\\\/\\\/iberoid-shop.com\\\/fr\\\/product\\\/provitech-25-mesterolone\\\/\"]]}]},{\"@type\":\"ImageObject\",\"inLanguage\":\"fr-FR\",\"@id\":\"https:\\\/\\\/iberoid-shop.com\\\/fr\\\/product\\\/provitech-25-mesterolone\\\/#primaryimage\",\"url\":\"https:\\\/\\\/iberoid-shop.com\\\/wp-content\\\/uploads\\\/2024\\\/03\\\/prov-bi.jpg?v=1711306254\",\"contentUrl\":\"https:\\\/\\\/iberoid-shop.com\\\/wp-content\\\/uploads\\\/2024\\\/03\\\/prov-bi.jpg?v=1711306254\",\"width\":1622,\"height\":2048,\"caption\":\"PROVITECH 25 ( Mesterolone )\"},{\"@type\":\"BreadcrumbList\",\"@id\":\"https:\\\/\\\/iberoid-shop.com\\\/fr\\\/product\\\/provitech-25-mesterolone\\\/#breadcrumb\",\"itemListElement\":[{\"@type\":\"ListItem\",\"position\":1,\"name\":\"Portada\",\"item\":\"https:\\\/\\\/iberoid-shop.com\\\/fr\\\/\"},{\"@type\":\"ListItem\",\"position\":2,\"name\":\"Magasin\",\"item\":\"https:\\\/\\\/iberoid-shop.com\\\/fr\\\/shop\\\/\"},{\"@type\":\"ListItem\",\"position\":3,\"name\":\"PROVITECH 25 ( Mesterolone )\"}]},{\"@type\":\"WebSite\",\"@id\":\"https:\\\/\\\/iberoid-shop.com\\\/fr\\\/#website\",\"url\":\"https:\\\/\\\/iberoid-shop.com\\\/fr\\\/\",\"name\":\"(Espa\u00f1ol) Esteroides en l\u00ednea\",\"description\":\"(Espa\u00f1ol) Comprar esteroides en l\u00ednea hoy en Espa\u00f1a y Portugal. Tenemos el mejor servicio al cliente en la industria y los productos de la m\u00e1s alta calidad\",\"potentialAction\":[{\"@type\":\"SearchAction\",\"target\":{\"@type\":\"EntryPoint\",\"urlTemplate\":\"https:\\\/\\\/iberoid-shop.com\\\/fr\\\/?s={search_term_string}\"},\"query-input\":{\"@type\":\"PropertyValueSpecification\",\"valueRequired\":true,\"valueName\":\"search_term_string\"}}],\"inLanguage\":\"fr-FR\"}]}<\/script>\n<meta property=\"product:price:amount\" content=\"20.00\" \/>\n<meta property=\"product:price:currency\" content=\"EUR\" \/>\n<meta property=\"og:availability\" content=\"instock\" \/>\n<meta property=\"product:availability\" content=\"instock\" \/>\n<meta property=\"product:condition\" content=\"new\" \/>\n<!-- \/ Yoast SEO Premium plugin. -->","yoast_head_json":{"title":"PROVITECH 25 ( Mesterolone ) - Buy online at (Espa\u00f1ol) Esteroides en l\u00ednea","description":"PROVITECH 25 (Mesterolone) is a drug used to replace testosterone in men with hypogonadism. Furthermore, hypogonadism is a state where the body does","robots":{"index":"index","follow":"follow","max-snippet":"max-snippet:-1","max-image-preview":"max-image-preview:large","max-video-preview":"max-video-preview:-1"},"canonical":"https:\/\/iberoid-shop.com\/fr\/product\/provitech-25-mesterolone\/","og_locale":"fr_FR","og_type":"article","og_title":"PROVITECH 25 ( Mesterolone )","og_description":"PROVITECH 25 (Mesterolone) is a drug used to replace testosterone in men with hypogonadism. Furthermore, hypogonadism is a state where the body does","og_url":"https:\/\/iberoid-shop.com\/fr\/product\/provitech-25-mesterolone\/","og_site_name":"(Espa\u00f1ol) Esteroides en l\u00ednea","article_modified_time":"2026-04-10T08:05:56+00:00","og_image":[{"width":1622,"height":2048,"url":"https:\/\/iberoid-shop.com\/wp-content\/uploads\/2024\/03\/prov-bi.jpg?v=1711306254","type":"image\/jpeg"}],"twitter_card":"summary_large_image","twitter_misc":{"Prix":"&euro;20.00","Disponibilit\u00e9":"En stock"},"schema":{"@context":"https:\/\/schema.org","@graph":[{"@type":"WebPage","@id":"https:\/\/iberoid-shop.com\/fr\/product\/provitech-25-mesterolone\/","url":"https:\/\/iberoid-shop.com\/fr\/product\/provitech-25-mesterolone\/","name":"PROVITECH 25 ( Mesterolone ) - Buy online at (Espa\u00f1ol) Esteroides en l\u00ednea","isPartOf":{"@id":"https:\/\/iberoid-shop.com\/fr\/#website"},"primaryImageOfPage":{"@id":"https:\/\/iberoid-shop.com\/fr\/product\/provitech-25-mesterolone\/#primaryimage"},"image":{"@id":"https:\/\/iberoid-shop.com\/fr\/product\/provitech-25-mesterolone\/#primaryimage"},"thumbnailUrl":"https:\/\/iberoid-shop.com\/wp-content\/uploads\/2024\/03\/prov-bi.jpg?v=1711306254","datePublished":"2024-03-24T18:49:40+00:00","dateModified":"2026-04-10T08:05:56+00:00","description":"PROVITECH 25 (Mesterolone) is a drug used to replace testosterone in men with hypogonadism. Furthermore, hypogonadism is a state where the body does","breadcrumb":{"@id":"https:\/\/iberoid-shop.com\/fr\/product\/provitech-25-mesterolone\/#breadcrumb"},"inLanguage":"fr-FR","potentialAction":[{"@type":"ReadAction","target":[["https:\/\/iberoid-shop.com\/fr\/product\/provitech-25-mesterolone\/"]]}]},{"@type":"ImageObject","inLanguage":"fr-FR","@id":"https:\/\/iberoid-shop.com\/fr\/product\/provitech-25-mesterolone\/#primaryimage","url":"https:\/\/iberoid-shop.com\/wp-content\/uploads\/2024\/03\/prov-bi.jpg?v=1711306254","contentUrl":"https:\/\/iberoid-shop.com\/wp-content\/uploads\/2024\/03\/prov-bi.jpg?v=1711306254","width":1622,"height":2048,"caption":"PROVITECH 25 ( Mesterolone )"},{"@type":"BreadcrumbList","@id":"https:\/\/iberoid-shop.com\/fr\/product\/provitech-25-mesterolone\/#breadcrumb","itemListElement":[{"@type":"ListItem","position":1,"name":"Portada","item":"https:\/\/iberoid-shop.com\/fr\/"},{"@type":"ListItem","position":2,"name":"Magasin","item":"https:\/\/iberoid-shop.com\/fr\/shop\/"},{"@type":"ListItem","position":3,"name":"PROVITECH 25 ( Mesterolone )"}]},{"@type":"WebSite","@id":"https:\/\/iberoid-shop.com\/fr\/#website","url":"https:\/\/iberoid-shop.com\/fr\/","name":"(Espa\u00f1ol) Esteroides en l\u00ednea","description":"(Espa\u00f1ol) Comprar esteroides en l\u00ednea hoy en Espa\u00f1a y Portugal. Tenemos el mejor servicio al cliente en la industria y los productos de la m\u00e1s alta calidad","potentialAction":[{"@type":"SearchAction","target":{"@type":"EntryPoint","urlTemplate":"https:\/\/iberoid-shop.com\/fr\/?s={search_term_string}"},"query-input":{"@type":"PropertyValueSpecification","valueRequired":true,"valueName":"search_term_string"}}],"inLanguage":"fr-FR"}]},"product_price_amount":"20.00","product_price_currency":"EUR","og_availability":"instock","product_availability":"instock","product_condition":"new"},"_links":{"self":[{"href":"https:\/\/iberoid-shop.com\/fr\/wp-json\/wp\/v2\/product\/9299","targetHints":{"allow":["GET"]}}],"collection":[{"href":"https:\/\/iberoid-shop.com\/fr\/wp-json\/wp\/v2\/product"}],"about":[{"href":"https:\/\/iberoid-shop.com\/fr\/wp-json\/wp\/v2\/types\/product"}],"replies":[{"embeddable":true,"href":"https:\/\/iberoid-shop.com\/fr\/wp-json\/wp\/v2\/comments?post=9299"}],"wp:featuredmedia":[{"embeddable":true,"href":"https:\/\/iberoid-shop.com\/fr\/wp-json\/wp\/v2\/media\/9301"}],"wp:attachment":[{"href":"https:\/\/iberoid-shop.com\/fr\/wp-json\/wp\/v2\/media?parent=9299"}],"wp:term":[{"taxonomy":"product_brand","embeddable":true,"href":"https:\/\/iberoid-shop.com\/fr\/wp-json\/wp\/v2\/product_brand?post=9299"},{"taxonomy":"product_cat","embeddable":true,"href":"https:\/\/iberoid-shop.com\/fr\/wp-json\/wp\/v2\/product_cat?post=9299"},{"taxonomy":"product_tag","embeddable":true,"href":"https:\/\/iberoid-shop.com\/fr\/wp-json\/wp\/v2\/product_tag?post=9299"}],"curies":[{"name":"wp","href":"https:\/\/api.w.org\/{rel}","templated":true}]}}