{"id":9296,"date":"2024-03-24T18:47:27","date_gmt":"2024-03-24T18:47:27","guid":{"rendered":"https:\/\/iberoid-shop.com\/?post_type=product&#038;p=9296"},"modified":"2026-03-29T16:25:26","modified_gmt":"2026-03-29T16:25:26","slug":"tamoxitech-20","status":"publish","type":"product","link":"https:\/\/iberoid-shop.com\/fr\/product\/tamoxitech-20\/","title":{"rendered":"TAMOXITECH 20"},"content":{"rendered":"<p>TAMOXITECH \/ TAMOXIF\u00c9NO \/ 20MG \/ 100comps<\/p>\n<p>TAMOXITECH 20 est utilis\u00e9 pour traiter le cancer du sein qui s&rsquo;est propag\u00e9 \u00e0 d&rsquo;autres parties du corps (cancer du sein m\u00e9tastatique), pour traiter le cancer du sein chez certaines patientes apr\u00e8s une intervention chirurgicale et une radioth\u00e9rapie et pour r\u00e9duire le risque de cancer du sein chez les patientes \u00e0 haut risque.<\/p>\n<p>Ce m\u00e9dicament peut bloquer la croissance du cancer du sein. Il agit en interf\u00e9rant avec les effets des \u0153strog\u00e8nes sur le tissu mammaire.<\/p>\n<p>COMMENT UTILISER TAMOXITECH 20<\/p>\n<p>Lisez le Guide des m\u00e9dicaments fourni par votre pharmacien avant de commencer \u00e0 prendre du citrate de tamoxif\u00e8ne (Nolvadex) et chaque fois que vous recevez une recharge. Si vous avez des questions, parlez-en \u00e0 votre m\u00e9decin ou votre pharmacien.<\/p>\n<p>Prenez ce m\u00e9dicament par voie orale avec ou sans nourriture, g\u00e9n\u00e9ralement une \u00e0 deux fois par jour pendant 5 ans ou selon les directives de votre m\u00e9decin. Les doses quotidiennes sup\u00e9rieures \u00e0 20 milligrammes sont g\u00e9n\u00e9ralement divis\u00e9es en deux et prises deux fois par jour, matin et soir, ou selon les directives de votre m\u00e9decin. Si vous utilisez le liquide, mesurez soigneusement la dose avec un appareil de mesure\/une cuill\u00e8re sp\u00e9cial. N&rsquo;utilisez pas de cuill\u00e8re m\u00e9nag\u00e8re car vous pourriez ne pas recevoir la bonne dose.<\/p>","protected":false},"excerpt":{"rendered":"<p>TAMOXITECH \/ TAMOXIF\u00c9NO \/ 20MG \/ 100comps TAMOXITECH 20 est utilis\u00e9 pour traiter le cancer du sein qui s&rsquo;est propag\u00e9<\/p>\n","protected":false},"featured_media":9298,"comment_status":"open","ping_status":"closed","template":"","meta":[],"product_brand":[],"product_cat":[73],"product_tag":[],"class_list":{"0":"post-9296","1":"product","2":"type-product","3":"status-publish","4":"has-post-thumbnail","6":"product_cat-ssteroides_orales","8":"first","9":"instock","10":"sale","11":"shipping-taxable","12":"purchasable","13":"product-type-simple"},"yoast_head":"<!-- This site is optimized with the Yoast SEO Premium plugin v24.4 (Yoast SEO v27.0) - https:\/\/yoast.com\/product\/yoast-seo-premium-wordpress\/ -->\n<title>TAMOXITECH 20 - Buy online at (Espa\u00f1ol) Esteroides en l\u00ednea<\/title>\n<meta name=\"description\" content=\"TAMOXITECH 20 treats metastatic breast cancer, post-surgery and radiation breast cancer, and reduces breast cancer risk in high-risk patients.\" \/>\n<meta name=\"robots\" content=\"index, follow, max-snippet:-1, max-image-preview:large, max-video-preview:-1\" \/>\n<link rel=\"canonical\" href=\"https:\/\/iberoid-shop.com\/fr\/product\/tamoxitech-20\/\" \/>\n<meta property=\"og:locale\" content=\"fr_FR\" \/>\n<meta property=\"og:type\" content=\"article\" \/>\n<meta property=\"og:title\" content=\"TAMOXITECH 20\" \/>\n<meta property=\"og:description\" content=\"TAMOXITECH 20 treats metastatic breast cancer, post-surgery and radiation breast cancer, and reduces breast cancer risk in high-risk patients.\" \/>\n<meta property=\"og:url\" content=\"https:\/\/iberoid-shop.com\/fr\/product\/tamoxitech-20\/\" \/>\n<meta property=\"og:site_name\" content=\"(Espa\u00f1ol) Esteroides en l\u00ednea\" \/>\n<meta property=\"article:modified_time\" content=\"2026-03-29T16:25:26+00:00\" \/>\n<meta property=\"og:image\" content=\"https:\/\/iberoid-shop.com\/wp-content\/uploads\/2024\/03\/tamobi.jpg?v=1711306023\" \/>\n\t<meta property=\"og:image:width\" content=\"1748\" \/>\n\t<meta property=\"og:image:height\" content=\"2048\" \/>\n\t<meta property=\"og:image:type\" content=\"image\/jpeg\" \/>\n<meta name=\"twitter:card\" content=\"summary_large_image\" \/>\n<meta name=\"twitter:label1\" content=\"Prix\" \/>\n\t<meta name=\"twitter:data1\" content=\"&euro;25.00\" \/>\n\t<meta name=\"twitter:label2\" content=\"Disponibilit\u00e9\" \/>\n\t<meta name=\"twitter:data2\" content=\"En stock\" \/>\n<script type=\"application\/ld+json\" class=\"yoast-schema-graph\">{\"@context\":\"https:\/\/schema.org\",\"@graph\":[{\"@type\":\"WebPage\",\"@id\":\"https:\/\/iberoid-shop.com\/fr\/product\/tamoxitech-20\/\",\"url\":\"https:\/\/iberoid-shop.com\/fr\/product\/tamoxitech-20\/\",\"name\":\"TAMOXITECH 20 - Buy online at (Espa\u00f1ol) Esteroides en l\u00ednea\",\"isPartOf\":{\"@id\":\"https:\/\/iberoid-shop.com\/fr\/#website\"},\"primaryImageOfPage\":{\"@id\":\"https:\/\/iberoid-shop.com\/fr\/product\/tamoxitech-20\/#primaryimage\"},\"image\":{\"@id\":\"https:\/\/iberoid-shop.com\/fr\/product\/tamoxitech-20\/#primaryimage\"},\"thumbnailUrl\":\"https:\/\/iberoid-shop.com\/wp-content\/uploads\/2024\/03\/tamobi.jpg?v=1711306023\",\"datePublished\":\"2024-03-24T18:47:27+00:00\",\"dateModified\":\"2026-03-29T16:25:26+00:00\",\"description\":\"TAMOXITECH 20 treats metastatic breast cancer, post-surgery and radiation breast cancer, and reduces breast cancer risk in high-risk patients.\",\"breadcrumb\":{\"@id\":\"https:\/\/iberoid-shop.com\/fr\/product\/tamoxitech-20\/#breadcrumb\"},\"inLanguage\":\"fr-FR\",\"potentialAction\":[{\"@type\":\"ReadAction\",\"target\":[[\"https:\/\/iberoid-shop.com\/fr\/product\/tamoxitech-20\/\"]]}]},{\"@type\":\"ImageObject\",\"inLanguage\":\"fr-FR\",\"@id\":\"https:\/\/iberoid-shop.com\/fr\/product\/tamoxitech-20\/#primaryimage\",\"url\":\"https:\/\/iberoid-shop.com\/wp-content\/uploads\/2024\/03\/tamobi.jpg?v=1711306023\",\"contentUrl\":\"https:\/\/iberoid-shop.com\/wp-content\/uploads\/2024\/03\/tamobi.jpg?v=1711306023\",\"width\":1748,\"height\":2048,\"caption\":\"TAMOXITECH 20\"},{\"@type\":\"BreadcrumbList\",\"@id\":\"https:\/\/iberoid-shop.com\/fr\/product\/tamoxitech-20\/#breadcrumb\",\"itemListElement\":[{\"@type\":\"ListItem\",\"position\":1,\"name\":\"Portada\",\"item\":\"https:\/\/iberoid-shop.com\/fr\/\"},{\"@type\":\"ListItem\",\"position\":2,\"name\":\"Magasin\",\"item\":\"https:\/\/iberoid-shop.com\/fr\/shop\/\"},{\"@type\":\"ListItem\",\"position\":3,\"name\":\"TAMOXITECH 20\"}]},{\"@type\":\"WebSite\",\"@id\":\"https:\/\/iberoid-shop.com\/fr\/#website\",\"url\":\"https:\/\/iberoid-shop.com\/fr\/\",\"name\":\"(Espa\u00f1ol) Esteroides en l\u00ednea\",\"description\":\"(Espa\u00f1ol) Comprar esteroides en l\u00ednea hoy en Espa\u00f1a y Portugal. Tenemos el mejor servicio al cliente en la industria y los productos de la m\u00e1s alta calidad\",\"potentialAction\":[{\"@type\":\"SearchAction\",\"target\":{\"@type\":\"EntryPoint\",\"urlTemplate\":\"https:\/\/iberoid-shop.com\/fr\/?s={search_term_string}\"},\"query-input\":{\"@type\":\"PropertyValueSpecification\",\"valueRequired\":true,\"valueName\":\"search_term_string\"}}],\"inLanguage\":\"fr-FR\"}]}<\/script>\n<meta property=\"product:brand\" content=\"Biotech Peptides\" \/>\n<meta property=\"product:price:amount\" content=\"25.00\" \/>\n<meta property=\"product:price:currency\" content=\"EUR\" \/>\n<meta property=\"og:availability\" content=\"instock\" \/>\n<meta property=\"product:availability\" content=\"instock\" \/>\n<meta property=\"product:condition\" content=\"new\" \/>\n<!-- \/ Yoast SEO Premium plugin. -->","yoast_head_json":{"title":"TAMOXITECH 20 - Buy online at (Espa\u00f1ol) Esteroides en l\u00ednea","description":"TAMOXITECH 20 treats metastatic breast cancer, post-surgery and radiation breast cancer, and reduces breast cancer risk in high-risk patients.","robots":{"index":"index","follow":"follow","max-snippet":"max-snippet:-1","max-image-preview":"max-image-preview:large","max-video-preview":"max-video-preview:-1"},"canonical":"https:\/\/iberoid-shop.com\/fr\/product\/tamoxitech-20\/","og_locale":"fr_FR","og_type":"article","og_title":"TAMOXITECH 20","og_description":"TAMOXITECH 20 treats metastatic breast cancer, post-surgery and radiation breast cancer, and reduces breast cancer risk in high-risk patients.","og_url":"https:\/\/iberoid-shop.com\/fr\/product\/tamoxitech-20\/","og_site_name":"(Espa\u00f1ol) Esteroides en l\u00ednea","article_modified_time":"2026-03-29T16:25:26+00:00","og_image":[{"width":1748,"height":2048,"url":"https:\/\/iberoid-shop.com\/wp-content\/uploads\/2024\/03\/tamobi.jpg?v=1711306023","type":"image\/jpeg"}],"twitter_card":"summary_large_image","twitter_misc":{"Prix":"&euro;25.00","Disponibilit\u00e9":"En stock"},"schema":{"@context":"https:\/\/schema.org","@graph":[{"@type":"WebPage","@id":"https:\/\/iberoid-shop.com\/fr\/product\/tamoxitech-20\/","url":"https:\/\/iberoid-shop.com\/fr\/product\/tamoxitech-20\/","name":"TAMOXITECH 20 - Buy online at (Espa\u00f1ol) Esteroides en l\u00ednea","isPartOf":{"@id":"https:\/\/iberoid-shop.com\/fr\/#website"},"primaryImageOfPage":{"@id":"https:\/\/iberoid-shop.com\/fr\/product\/tamoxitech-20\/#primaryimage"},"image":{"@id":"https:\/\/iberoid-shop.com\/fr\/product\/tamoxitech-20\/#primaryimage"},"thumbnailUrl":"https:\/\/iberoid-shop.com\/wp-content\/uploads\/2024\/03\/tamobi.jpg?v=1711306023","datePublished":"2024-03-24T18:47:27+00:00","dateModified":"2026-03-29T16:25:26+00:00","description":"TAMOXITECH 20 treats metastatic breast cancer, post-surgery and radiation breast cancer, and reduces breast cancer risk in high-risk patients.","breadcrumb":{"@id":"https:\/\/iberoid-shop.com\/fr\/product\/tamoxitech-20\/#breadcrumb"},"inLanguage":"fr-FR","potentialAction":[{"@type":"ReadAction","target":[["https:\/\/iberoid-shop.com\/fr\/product\/tamoxitech-20\/"]]}]},{"@type":"ImageObject","inLanguage":"fr-FR","@id":"https:\/\/iberoid-shop.com\/fr\/product\/tamoxitech-20\/#primaryimage","url":"https:\/\/iberoid-shop.com\/wp-content\/uploads\/2024\/03\/tamobi.jpg?v=1711306023","contentUrl":"https:\/\/iberoid-shop.com\/wp-content\/uploads\/2024\/03\/tamobi.jpg?v=1711306023","width":1748,"height":2048,"caption":"TAMOXITECH 20"},{"@type":"BreadcrumbList","@id":"https:\/\/iberoid-shop.com\/fr\/product\/tamoxitech-20\/#breadcrumb","itemListElement":[{"@type":"ListItem","position":1,"name":"Portada","item":"https:\/\/iberoid-shop.com\/fr\/"},{"@type":"ListItem","position":2,"name":"Magasin","item":"https:\/\/iberoid-shop.com\/fr\/shop\/"},{"@type":"ListItem","position":3,"name":"TAMOXITECH 20"}]},{"@type":"WebSite","@id":"https:\/\/iberoid-shop.com\/fr\/#website","url":"https:\/\/iberoid-shop.com\/fr\/","name":"(Espa\u00f1ol) Esteroides en l\u00ednea","description":"(Espa\u00f1ol) Comprar esteroides en l\u00ednea hoy en Espa\u00f1a y Portugal. Tenemos el mejor servicio al cliente en la industria y los productos de la m\u00e1s alta calidad","potentialAction":[{"@type":"SearchAction","target":{"@type":"EntryPoint","urlTemplate":"https:\/\/iberoid-shop.com\/fr\/?s={search_term_string}"},"query-input":{"@type":"PropertyValueSpecification","valueRequired":true,"valueName":"search_term_string"}}],"inLanguage":"fr-FR"}]},"product_brand":"Biotech Peptides","product_price_amount":"25.00","product_price_currency":"EUR","og_availability":"instock","product_availability":"instock","product_condition":"new"},"_links":{"self":[{"href":"https:\/\/iberoid-shop.com\/fr\/wp-json\/wp\/v2\/product\/9296","targetHints":{"allow":["GET"]}}],"collection":[{"href":"https:\/\/iberoid-shop.com\/fr\/wp-json\/wp\/v2\/product"}],"about":[{"href":"https:\/\/iberoid-shop.com\/fr\/wp-json\/wp\/v2\/types\/product"}],"replies":[{"embeddable":true,"href":"https:\/\/iberoid-shop.com\/fr\/wp-json\/wp\/v2\/comments?post=9296"}],"wp:featuredmedia":[{"embeddable":true,"href":"https:\/\/iberoid-shop.com\/fr\/wp-json\/wp\/v2\/media\/9298"}],"wp:attachment":[{"href":"https:\/\/iberoid-shop.com\/fr\/wp-json\/wp\/v2\/media?parent=9296"}],"wp:term":[{"taxonomy":"product_brand","embeddable":true,"href":"https:\/\/iberoid-shop.com\/fr\/wp-json\/wp\/v2\/product_brand?post=9296"},{"taxonomy":"product_cat","embeddable":true,"href":"https:\/\/iberoid-shop.com\/fr\/wp-json\/wp\/v2\/product_cat?post=9296"},{"taxonomy":"product_tag","embeddable":true,"href":"https:\/\/iberoid-shop.com\/fr\/wp-json\/wp\/v2\/product_tag?post=9296"}],"curies":[{"name":"wp","href":"https:\/\/api.w.org\/{rel}","templated":true}]}}