{"id":9171,"date":"2024-01-25T22:32:20","date_gmt":"2024-01-25T22:32:20","guid":{"rendered":"https:\/\/iberoid-shop.com\/?post_type=product&#038;p=9171"},"modified":"2026-02-08T12:06:14","modified_gmt":"2026-02-08T12:06:14","slug":"pack3testoged-c-testosteron-cypionate-epf-base","status":"publish","type":"product","link":"https:\/\/iberoid-shop.com\/fr\/product\/pack3testoged-c-testosteron-cypionate-epf-base\/","title":{"rendered":"PACK 3 TESTOGED C &#8211; TESTOSTERON CYPIONATE"},"content":{"rendered":"<p><\/p>\n<p data-sourcepos=\"3:1-5:229\">L&rsquo;injection de Cypionate de Testost\u00e9rone est un androg\u00e8ne d\u00e9livr\u00e9 sur ordonnance, utilis\u00e9 pour traiter les sympt\u00f4mes d&rsquo;un faible taux de testost\u00e9rone chez les hommes atteints d&rsquo;hypogonadisme (une condition dans laquelle le corps ne produit pas suffisamment de testost\u00e9rone naturelle). Le Cypionate de Testost\u00e9rone est utilis\u00e9 uniquement chez les hommes pr\u00e9sentant des taux de testost\u00e9rone bas caus\u00e9s par certaines conditions m\u00e9dicales, y compris des maladies des testicules, de l&rsquo;hypophyse ou de l&rsquo;hypothalamus qui provoquent l&rsquo;hypogonadisme. Ce m\u00e9dicament n&rsquo;est pas destin\u00e9 \u00e0 traiter les sympt\u00f4mes d&rsquo;un faible taux de testost\u00e9rone chez les hommes associ\u00e9s au vieillissement (hypogonadisme li\u00e9 \u00e0 l&rsquo;\u00e2ge). Il peut y avoir d&rsquo;autres utilisations du cypionate de testost\u00e9rone \u2014 votre professionnel de la sant\u00e9 ou votre pharmacien peut vous fournir des conseils m\u00e9dicaux et vous donner plus d&rsquo;informations sur le cypionate de testost\u00e9rone.<\/p>\n<p data-sourcepos=\"7:1-8:204\"><strong>M\u00e9canisme d&rsquo;Action du Cypionate de Testost\u00e9rone<\/strong> Le cypionate de testost\u00e9rone (D\u00e9po-Testost\u00e9rone) est une th\u00e9rapie de remplacement de la testost\u00e9rone qui agit dans l&rsquo;hypogonadisme en rempla\u00e7ant la testost\u00e9rone que votre corps est incapable de fabriquer.<\/p>\n<p data-sourcepos=\"10:1-12:383\"><strong>Doses de Cypionate de Testost\u00e9rone<\/strong> Le Cypionate de Testost\u00e9rone (D\u00e9po-Testost\u00e9rone) est disponible sous forme de solution injectable de 100 mg\/mL et 200 mg\/mL. La posologie recommand\u00e9e de l&rsquo;Injection de Cypionate de Testost\u00e9rone est de 50 mg \u00e0 400 mg, administr\u00e9e toutes les 2 \u00e0 4 semaines par injection intramusculaire profonde dans le muscle fessier. Votre professionnel de la sant\u00e9 travaillera avec vous pour trouver la posologie appropri\u00e9e de cypionate de testost\u00e9rone (D\u00e9po-Testost\u00e9rone) pour vous, car elle d\u00e9pend de votre \u00e2ge et de la maladie trait\u00e9e. Votre fournisseur de soins de sant\u00e9 peut ajuster votre posologie en fonction de vos taux de testost\u00e9rone dans le sang, de votre r\u00e9ponse au m\u00e9dicament et des effets ind\u00e9sirables.<\/p>\n<p data-sourcepos=\"14:1-14:44\"><strong>Indications du Cypionate de Testost\u00e9rone<\/strong><\/p>\n<p data-sourcepos=\"16:1-23:268\"><strong>Comment Utiliser le Cypionate de Testost\u00e9rone<\/strong> Le Cypionate de Testost\u00e9rone (D\u00e9po-Testost\u00e9rone) se pr\u00e9sente sous forme de solution (liquide) \u00e0 injecter dans le muscle de la fesse, g\u00e9n\u00e9ralement toutes les 2 \u00e0 4 semaines par une infirmi\u00e8re ou un m\u00e9decin dans un cabinet m\u00e9dical ou une clinique. Ce m\u00e9dicament est g\u00e9n\u00e9ralement administr\u00e9 dans une clinique ou un h\u00f4pital. Si vous vous administrez ce m\u00e9dicament \u00e0 domicile, apprenez au pr\u00e9alable toutes les instructions de pr\u00e9paration et d&rsquo;administration aupr\u00e8s de votre professionnel de la sant\u00e9. Inspectez visuellement le produit \u00e0 la recherche de particules ou de d\u00e9coloration avant de l&rsquo;utiliser. Le liquide ne doit pas \u00eatre utilis\u00e9 si l&rsquo;un ou l&rsquo;autre est pr\u00e9sent. Apprenez les mesures appropri\u00e9es d&rsquo;\u00e9limination et de stockage des fournitures m\u00e9dicales. Votre pharmacien vous fournira une notice d&rsquo;information avec chaque ordonnance et renouvellement. \u00c0 chaque fois, assurez-vous de lire attentivement ces informations. Utilisez ce m\u00e9dicament r\u00e9guli\u00e8rement pour en tirer le maximum de b\u00e9n\u00e9fices. Marquez les jours o\u00f9 vous recevrez une injection sur un calendrier pour vous aider \u00e0 vous en souvenir. Interrogez votre \u00e9quipe de soins de sant\u00e9 concernant l&rsquo;utilisation du cypionate de testost\u00e9rone chez les enfants. Bien que ce m\u00e9dicament puisse \u00eatre recommand\u00e9 pour les enfants d\u00e8s l&rsquo;\u00e2ge de 12 ans pour des conditions sp\u00e9cifiques, des pr\u00e9cautions s&rsquo;appliquent. <strong>Dose oubli\u00e9e :<\/strong> Si vous oubliez de prendre une dose de cypionate de testost\u00e9rone, appelez votre m\u00e9decin et dites-lui depuis combien de temps vous n&rsquo;avez pas inject\u00e9 de cypionate de testost\u00e9rone. Votre m\u00e9decin vous aidera \u00e0 \u00e9tablir un nouveau calendrier de dosage. Ne prenez pas deux doses de cypionate de testost\u00e9rone pour compenser une dose oubli\u00e9e. <strong>Stockage :<\/strong> Conservez le cypionate de testost\u00e9rone \u00e0 temp\u00e9rature ambiante (entre 15 et 30 \u00b0C ou 59 et 86 \u00b0F) \u00e0 l&rsquo;abri de l&rsquo;humidit\u00e9, de la chaleur et de la lumi\u00e8re directe du soleil. Gardez tous les m\u00e9dicaments hors de port\u00e9e des enfants et des animaux domestiques.<\/p>\n<p><\/p>","protected":false},"excerpt":{"rendered":"<p>L&rsquo;injection de Cypionate de Testost\u00e9rone est un androg\u00e8ne d\u00e9livr\u00e9 sur ordonnance, utilis\u00e9 pour traiter les sympt\u00f4mes d&rsquo;un faible taux de<\/p>\n","protected":false},"featured_media":3082,"comment_status":"open","ping_status":"closed","template":"","meta":[],"product_brand":[],"product_cat":[69],"product_tag":[],"class_list":{"0":"post-9171","1":"product","2":"type-product","3":"status-publish","4":"has-post-thumbnail","6":"product_cat-esteroides_inyectables","8":"first","9":"instock","10":"sale","11":"shipping-taxable","12":"purchasable","13":"product-type-simple"},"yoast_head":"<!-- This site is optimized with the Yoast SEO Premium plugin v24.4 (Yoast SEO v27.0) - https:\/\/yoast.com\/product\/yoast-seo-premium-wordpress\/ -->\n<title>PACK 3 TESTOGED C - TESTOSTERON CYPIONATE - (Espa\u00f1ol) Esteroides en l\u00ednea<\/title>\n<meta name=\"description\" content=\"Cypionate de Testost\u00e9rone : androg\u00e8ne injectable pour l&#039;hypogonadisme masculin. Remplace la testost\u00e9rone naturelle non produite.\" \/>\n<meta name=\"robots\" content=\"index, follow, max-snippet:-1, max-image-preview:large, max-video-preview:-1\" \/>\n<link rel=\"canonical\" href=\"https:\/\/iberoid-shop.com\/fr\/product\/pack3testoged-c-testosteron-cypionate-epf-base\/\" \/>\n<meta property=\"og:locale\" content=\"fr_FR\" \/>\n<meta property=\"og:type\" content=\"article\" \/>\n<meta property=\"og:title\" content=\"PACK 3 TESTOGED C - TESTOSTERON CYPIONATE\" \/>\n<meta property=\"og:description\" content=\"Cypionate de Testost\u00e9rone : androg\u00e8ne injectable pour l&#039;hypogonadisme masculin. Remplace la testost\u00e9rone naturelle non produite.\" \/>\n<meta property=\"og:url\" content=\"https:\/\/iberoid-shop.com\/fr\/product\/pack3testoged-c-testosteron-cypionate-epf-base\/\" \/>\n<meta property=\"og:site_name\" content=\"(Espa\u00f1ol) Esteroides en l\u00ednea\" \/>\n<meta property=\"article:modified_time\" content=\"2026-02-08T12:06:14+00:00\" \/>\n<meta property=\"og:image\" content=\"https:\/\/iberoid-shop.com\/wp-content\/uploads\/2019\/11\/testoged_c.jpg?v=1756397789\" \/>\n\t<meta property=\"og:image:width\" content=\"700\" \/>\n\t<meta property=\"og:image:height\" content=\"700\" \/>\n\t<meta property=\"og:image:type\" content=\"image\/jpeg\" \/>\n<meta name=\"twitter:card\" content=\"summary_large_image\" \/>\n<meta name=\"twitter:label1\" content=\"Prix\" \/>\n\t<meta name=\"twitter:data1\" content=\"&euro;80.00\" \/>\n\t<meta name=\"twitter:label2\" content=\"Disponibilit\u00e9\" \/>\n\t<meta name=\"twitter:data2\" content=\"En stock\" \/>\n<script type=\"application\/ld+json\" class=\"yoast-schema-graph\">{\"@context\":\"https:\/\/schema.org\",\"@graph\":[{\"@type\":\"WebPage\",\"@id\":\"https:\/\/iberoid-shop.com\/fr\/product\/pack3testoged-c-testosteron-cypionate-epf-base\/\",\"url\":\"https:\/\/iberoid-shop.com\/fr\/product\/pack3testoged-c-testosteron-cypionate-epf-base\/\",\"name\":\"PACK 3 TESTOGED C - TESTOSTERON CYPIONATE - (Espa\u00f1ol) Esteroides en l\u00ednea\",\"isPartOf\":{\"@id\":\"https:\/\/iberoid-shop.com\/fr\/#website\"},\"primaryImageOfPage\":{\"@id\":\"https:\/\/iberoid-shop.com\/fr\/product\/pack3testoged-c-testosteron-cypionate-epf-base\/#primaryimage\"},\"image\":{\"@id\":\"https:\/\/iberoid-shop.com\/fr\/product\/pack3testoged-c-testosteron-cypionate-epf-base\/#primaryimage\"},\"thumbnailUrl\":\"https:\/\/iberoid-shop.com\/wp-content\/uploads\/2019\/11\/testoged_c.jpg?v=1756397789\",\"datePublished\":\"2024-01-25T22:32:20+00:00\",\"dateModified\":\"2026-02-08T12:06:14+00:00\",\"description\":\"Cypionate de Testost\u00e9rone : androg\u00e8ne injectable pour l'hypogonadisme masculin. Remplace la testost\u00e9rone naturelle non produite.\",\"breadcrumb\":{\"@id\":\"https:\/\/iberoid-shop.com\/fr\/product\/pack3testoged-c-testosteron-cypionate-epf-base\/#breadcrumb\"},\"inLanguage\":\"fr-FR\",\"potentialAction\":[{\"@type\":\"ReadAction\",\"target\":[[\"https:\/\/iberoid-shop.com\/fr\/product\/pack3testoged-c-testosteron-cypionate-epf-base\/\"]]}]},{\"@type\":\"ImageObject\",\"inLanguage\":\"fr-FR\",\"@id\":\"https:\/\/iberoid-shop.com\/fr\/product\/pack3testoged-c-testosteron-cypionate-epf-base\/#primaryimage\",\"url\":\"https:\/\/iberoid-shop.com\/wp-content\/uploads\/2019\/11\/testoged_c.jpg?v=1756397789\",\"contentUrl\":\"https:\/\/iberoid-shop.com\/wp-content\/uploads\/2019\/11\/testoged_c.jpg?v=1756397789\",\"width\":700,\"height\":700},{\"@type\":\"BreadcrumbList\",\"@id\":\"https:\/\/iberoid-shop.com\/fr\/product\/pack3testoged-c-testosteron-cypionate-epf-base\/#breadcrumb\",\"itemListElement\":[{\"@type\":\"ListItem\",\"position\":1,\"name\":\"Portada\",\"item\":\"https:\/\/iberoid-shop.com\/fr\/\"},{\"@type\":\"ListItem\",\"position\":2,\"name\":\"Magasin\",\"item\":\"https:\/\/iberoid-shop.com\/fr\/shop\/\"},{\"@type\":\"ListItem\",\"position\":3,\"name\":\"PACK 3 TESTOGED C &#8211; TESTOSTERON CYPIONATE\"}]},{\"@type\":\"WebSite\",\"@id\":\"https:\/\/iberoid-shop.com\/fr\/#website\",\"url\":\"https:\/\/iberoid-shop.com\/fr\/\",\"name\":\"(Espa\u00f1ol) Esteroides en l\u00ednea\",\"description\":\"(Espa\u00f1ol) Comprar esteroides en l\u00ednea hoy en Espa\u00f1a y Portugal. Tenemos el mejor servicio al cliente en la industria y los productos de la m\u00e1s alta calidad\",\"potentialAction\":[{\"@type\":\"SearchAction\",\"target\":{\"@type\":\"EntryPoint\",\"urlTemplate\":\"https:\/\/iberoid-shop.com\/fr\/?s={search_term_string}\"},\"query-input\":{\"@type\":\"PropertyValueSpecification\",\"valueRequired\":true,\"valueName\":\"search_term_string\"}}],\"inLanguage\":\"fr-FR\"}]}<\/script>\n<meta property=\"product:brand\" content=\"Euro Prime Pharmaceuticals (EPF)\" \/>\n<meta property=\"product:price:amount\" content=\"80.00\" \/>\n<meta property=\"product:price:currency\" content=\"EUR\" \/>\n<meta property=\"og:availability\" content=\"instock\" \/>\n<meta property=\"product:availability\" content=\"instock\" \/>\n<meta property=\"product:condition\" content=\"new\" \/>\n<!-- \/ Yoast SEO Premium plugin. -->","yoast_head_json":{"title":"PACK 3 TESTOGED C - TESTOSTERON CYPIONATE - (Espa\u00f1ol) Esteroides en l\u00ednea","description":"Cypionate de Testost\u00e9rone : androg\u00e8ne injectable pour l'hypogonadisme masculin. Remplace la testost\u00e9rone naturelle non produite.","robots":{"index":"index","follow":"follow","max-snippet":"max-snippet:-1","max-image-preview":"max-image-preview:large","max-video-preview":"max-video-preview:-1"},"canonical":"https:\/\/iberoid-shop.com\/fr\/product\/pack3testoged-c-testosteron-cypionate-epf-base\/","og_locale":"fr_FR","og_type":"article","og_title":"PACK 3 TESTOGED C - TESTOSTERON CYPIONATE","og_description":"Cypionate de Testost\u00e9rone : androg\u00e8ne injectable pour l'hypogonadisme masculin. Remplace la testost\u00e9rone naturelle non produite.","og_url":"https:\/\/iberoid-shop.com\/fr\/product\/pack3testoged-c-testosteron-cypionate-epf-base\/","og_site_name":"(Espa\u00f1ol) Esteroides en l\u00ednea","article_modified_time":"2026-02-08T12:06:14+00:00","og_image":[{"width":700,"height":700,"url":"https:\/\/iberoid-shop.com\/wp-content\/uploads\/2019\/11\/testoged_c.jpg?v=1756397789","type":"image\/jpeg"}],"twitter_card":"summary_large_image","twitter_misc":{"Prix":"&euro;80.00","Disponibilit\u00e9":"En stock"},"schema":{"@context":"https:\/\/schema.org","@graph":[{"@type":"WebPage","@id":"https:\/\/iberoid-shop.com\/fr\/product\/pack3testoged-c-testosteron-cypionate-epf-base\/","url":"https:\/\/iberoid-shop.com\/fr\/product\/pack3testoged-c-testosteron-cypionate-epf-base\/","name":"PACK 3 TESTOGED C - TESTOSTERON CYPIONATE - (Espa\u00f1ol) Esteroides en l\u00ednea","isPartOf":{"@id":"https:\/\/iberoid-shop.com\/fr\/#website"},"primaryImageOfPage":{"@id":"https:\/\/iberoid-shop.com\/fr\/product\/pack3testoged-c-testosteron-cypionate-epf-base\/#primaryimage"},"image":{"@id":"https:\/\/iberoid-shop.com\/fr\/product\/pack3testoged-c-testosteron-cypionate-epf-base\/#primaryimage"},"thumbnailUrl":"https:\/\/iberoid-shop.com\/wp-content\/uploads\/2019\/11\/testoged_c.jpg?v=1756397789","datePublished":"2024-01-25T22:32:20+00:00","dateModified":"2026-02-08T12:06:14+00:00","description":"Cypionate de Testost\u00e9rone : androg\u00e8ne injectable pour l'hypogonadisme masculin. Remplace la testost\u00e9rone naturelle non produite.","breadcrumb":{"@id":"https:\/\/iberoid-shop.com\/fr\/product\/pack3testoged-c-testosteron-cypionate-epf-base\/#breadcrumb"},"inLanguage":"fr-FR","potentialAction":[{"@type":"ReadAction","target":[["https:\/\/iberoid-shop.com\/fr\/product\/pack3testoged-c-testosteron-cypionate-epf-base\/"]]}]},{"@type":"ImageObject","inLanguage":"fr-FR","@id":"https:\/\/iberoid-shop.com\/fr\/product\/pack3testoged-c-testosteron-cypionate-epf-base\/#primaryimage","url":"https:\/\/iberoid-shop.com\/wp-content\/uploads\/2019\/11\/testoged_c.jpg?v=1756397789","contentUrl":"https:\/\/iberoid-shop.com\/wp-content\/uploads\/2019\/11\/testoged_c.jpg?v=1756397789","width":700,"height":700},{"@type":"BreadcrumbList","@id":"https:\/\/iberoid-shop.com\/fr\/product\/pack3testoged-c-testosteron-cypionate-epf-base\/#breadcrumb","itemListElement":[{"@type":"ListItem","position":1,"name":"Portada","item":"https:\/\/iberoid-shop.com\/fr\/"},{"@type":"ListItem","position":2,"name":"Magasin","item":"https:\/\/iberoid-shop.com\/fr\/shop\/"},{"@type":"ListItem","position":3,"name":"PACK 3 TESTOGED C &#8211; TESTOSTERON CYPIONATE"}]},{"@type":"WebSite","@id":"https:\/\/iberoid-shop.com\/fr\/#website","url":"https:\/\/iberoid-shop.com\/fr\/","name":"(Espa\u00f1ol) Esteroides en l\u00ednea","description":"(Espa\u00f1ol) Comprar esteroides en l\u00ednea hoy en Espa\u00f1a y Portugal. Tenemos el mejor servicio al cliente en la industria y los productos de la m\u00e1s alta calidad","potentialAction":[{"@type":"SearchAction","target":{"@type":"EntryPoint","urlTemplate":"https:\/\/iberoid-shop.com\/fr\/?s={search_term_string}"},"query-input":{"@type":"PropertyValueSpecification","valueRequired":true,"valueName":"search_term_string"}}],"inLanguage":"fr-FR"}]},"product_brand":"Euro Prime Pharmaceuticals (EPF)","product_price_amount":"80.00","product_price_currency":"EUR","og_availability":"instock","product_availability":"instock","product_condition":"new"},"_links":{"self":[{"href":"https:\/\/iberoid-shop.com\/fr\/wp-json\/wp\/v2\/product\/9171","targetHints":{"allow":["GET"]}}],"collection":[{"href":"https:\/\/iberoid-shop.com\/fr\/wp-json\/wp\/v2\/product"}],"about":[{"href":"https:\/\/iberoid-shop.com\/fr\/wp-json\/wp\/v2\/types\/product"}],"replies":[{"embeddable":true,"href":"https:\/\/iberoid-shop.com\/fr\/wp-json\/wp\/v2\/comments?post=9171"}],"wp:featuredmedia":[{"embeddable":true,"href":"https:\/\/iberoid-shop.com\/fr\/wp-json\/wp\/v2\/media\/3082"}],"wp:attachment":[{"href":"https:\/\/iberoid-shop.com\/fr\/wp-json\/wp\/v2\/media?parent=9171"}],"wp:term":[{"taxonomy":"product_brand","embeddable":true,"href":"https:\/\/iberoid-shop.com\/fr\/wp-json\/wp\/v2\/product_brand?post=9171"},{"taxonomy":"product_cat","embeddable":true,"href":"https:\/\/iberoid-shop.com\/fr\/wp-json\/wp\/v2\/product_cat?post=9171"},{"taxonomy":"product_tag","embeddable":true,"href":"https:\/\/iberoid-shop.com\/fr\/wp-json\/wp\/v2\/product_tag?post=9171"}],"curies":[{"name":"wp","href":"https:\/\/api.w.org\/{rel}","templated":true}]}}