{"id":9169,"date":"2024-01-25T22:22:08","date_gmt":"2024-01-25T22:22:08","guid":{"rendered":"https:\/\/iberoid-shop.com\/?post_type=product&#038;p=9169"},"modified":"2026-03-29T16:29:57","modified_gmt":"2026-03-29T16:29:57","slug":"pack3-nandroged","status":"publish","type":"product","link":"https:\/\/iberoid-shop.com\/fr\/product\/pack3-nandroged\/","title":{"rendered":"PACK 3 NANDROGED"},"content":{"rendered":"<p>PACK 3 NANDROGED \/ NANDROLONE \/ EPF premium<\/p>\n<p><strong>NANDROGED<\/strong> est un st\u00e9ro\u00efde classique avec un effet anabolisant \u00e9lev\u00e9.<\/p>\n<p><strong>Ingr\u00e9dient actif :<\/strong> d\u00e9canoate de nandrolone.<\/p>\n<p>Le m\u00e9dicament a \u00e9t\u00e9 synth\u00e9tis\u00e9 au si\u00e8cle dernier \u00e0 des fins m\u00e9dicales. Il a \u00e9t\u00e9 utilis\u00e9 avec succ\u00e8s dans le traitement de patients souffrant de troubles du tissu osseux. Apr\u00e8s un certain temps, ils ont commenc\u00e9 \u00e0 l&rsquo;utiliser dans des cours contre l&rsquo;infection par le VIH. Les athl\u00e8tes ont imm\u00e9diatement attir\u00e9 l&rsquo;attention sur le m\u00e9dicament et son large \u00e9ventail d&rsquo;effets. Populaire dans tous les pays du monde et utilis\u00e9 dans tous les sports. Le corps de chaque personne ne produit de la nandrolone qu\u2019en quantit\u00e9s minimes. Par cons\u00e9quent, le m\u00e9dicament est facilement absorb\u00e9 et ne provoque pas d\u2019effets secondaires. Une caract\u00e9ristique distinctive du st\u00e9ro\u00efde est l\u2019absence d\u2019atome de carbone en 19\u00e8me position. Il n\u2019est pas non plus capable de se convertir en \u0153strog\u00e8nes comme la testost\u00e9rone.<\/p>\n<p>Avantages du Nandroged<\/p>\n<p>Augmentation de la masse musculaire de 8 \u00e0 10 kg, selon le dosage et l&rsquo;individualit\u00e9 du corps.<\/p>\n<p>S\u00e9cher les tissus musculaires.<br \/>\nPas de retour en arri\u00e8re apr\u00e8s avoir termin\u00e9 le cours.<br \/>\nA un effet b\u00e9n\u00e9fique sur les fonctions motrices des articulations.<br \/>\nRenforce les muscles et les ligaments.<br \/>\nVous permet de r\u00e9cup\u00e9rer rapidement entre les entra\u00eenements.<br \/>\nStimule les cellules immunitaires.<br \/>\nAugmente le travail d&rsquo;autres m\u00e9dicaments st\u00e9ro\u00efdes.<\/p>\n<p>Nandroged agit sur l\u2019organisme de mani\u00e8re douce et progressive, ce qui \u00e9vite certains effets secondaires. Le m\u00e9dicament a une action prolong\u00e9e et cela doit \u00eatre pris en compte lors des injections. Le m\u00e9dicament est efficace pendant 15 jours, vous ne devez donc pas faire plus d&rsquo;une injection par semaine. La substance est pr\u00e9sente dans l\u2019organisme depuis environ un an et demi. Les athl\u00e8tes professionnels doivent le savoir avant les grandes comp\u00e9titions. Pour cacher ce st\u00e9ro\u00efde, il existe des agents masquants.<\/p>\n<p>Comment prendre un st\u00e9ro\u00efde anabolisant.<\/p>\n<p>Avant la premi\u00e8re utilisation, assurez-vous que vous n&rsquo;\u00eates pas allergique au principe actif. Aussi, si possible, consultez un m\u00e9decin ou un entra\u00eeneur. Le r\u00e9sultat final d\u00e9pend du dosage correct. Cela d\u00e9pend du type de sport et de la dur\u00e9e pendant laquelle vous utilisez des st\u00e9ro\u00efdes.<\/p>\n<p>Pour les sportifs d\u00e9butants, la posologie est de 200 mg par semaine. Les athl\u00e8tes et les chimistes exp\u00e9riment\u00e9s l&rsquo;augmentent \u00e0 600 mg par semaine. Il n&rsquo;est pas recommand\u00e9 de d\u00e9passer ces normes, ni de prolonger le cours. Si un athl\u00e8te souhaite augmenter sa force ou sa masse, il doit recourir \u00e0 un cours combin\u00e9 avec de la testost\u00e9rone ou du trenbolone. Une fois termin\u00e9, suivez un cours pour restaurer la production naturelle de votre propre testost\u00e9rone.<\/p>\n<p>R\u00e9actions n\u00e9gatives.<\/p>\n<p>Bien entendu, comme tout m\u00e9dicament, le m\u00e9dicament peut provoquer des effets secondaires en cas de surdosage. Dans ce cas, des sympt\u00f4mes d\u00e9sagr\u00e9ables peuvent suivre :<\/p>\n<p>Naus\u00e9es, vomissements, troubles intestinaux.<br \/>\nGyn\u00e9comastie, rare.<br \/>\nAcn\u00e9.<br \/>\nAn\u00e9mie.<br \/>\nMaux de t\u00eate, tension art\u00e9rielle instable.<br \/>\nDouleurs dans les articulations et les muscles.<br \/>\nVous devrez consulter un m\u00e9decin et r\u00e9duire la posologie au minimum. Il n&rsquo;est pas n\u00e9cessaire d&rsquo;ignorer les recommandations des sp\u00e9cialistes ; cela peut entra\u00eener une perturbation du fonctionnement de tout le corps.<\/p>","protected":false},"excerpt":{"rendered":"<p>PACK 3 NANDROGED \/ NANDROLONE \/ EPF premium NANDROGED est un st\u00e9ro\u00efde classique avec un effet anabolisant \u00e9lev\u00e9. Ingr\u00e9dient actif<\/p>\n","protected":false},"featured_media":9179,"comment_status":"open","ping_status":"closed","template":"","meta":[],"product_brand":[],"product_cat":[3474],"product_tag":[],"class_list":{"0":"post-9169","1":"product","2":"type-product","3":"status-publish","4":"has-post-thumbnail","6":"product_cat-packs","8":"first","9":"instock","10":"sale","11":"shipping-taxable","12":"purchasable","13":"product-type-simple"},"yoast_head":"<!-- This site is optimized with the Yoast SEO Premium plugin v24.4 (Yoast SEO v27.0) - https:\/\/yoast.com\/product\/yoast-seo-premium-wordpress\/ -->\n<title>PACK 3 NANDROGED - (Espa\u00f1ol) Esteroides en l\u00ednea<\/title>\n<meta name=\"description\" content=\"NANDROGED (D\u00e9canoate de Nandrolone) est un puissant st\u00e9ro\u00efde anabolisant qui augmente la masse musculaire, la force et la r\u00e9cup\u00e9ration, avec des effets secondaires minimes et sans conversion en \u0153strog\u00e8nes.\" \/>\n<meta name=\"robots\" content=\"index, follow, max-snippet:-1, max-image-preview:large, max-video-preview:-1\" \/>\n<link rel=\"canonical\" href=\"https:\/\/iberoid-shop.com\/fr\/product\/pack3-nandroged\/\" \/>\n<meta property=\"og:locale\" content=\"fr_FR\" \/>\n<meta property=\"og:type\" content=\"article\" \/>\n<meta property=\"og:title\" content=\"PACK 3 NANDROGED\" \/>\n<meta property=\"og:description\" content=\"NANDROGED (D\u00e9canoate de Nandrolone) est un puissant st\u00e9ro\u00efde anabolisant qui augmente la masse musculaire, la force et la r\u00e9cup\u00e9ration, avec des effets secondaires minimes et sans conversion en \u0153strog\u00e8nes.\" \/>\n<meta property=\"og:url\" content=\"https:\/\/iberoid-shop.com\/fr\/product\/pack3-nandroged\/\" \/>\n<meta property=\"og:site_name\" content=\"(Espa\u00f1ol) Esteroides en l\u00ednea\" \/>\n<meta property=\"article:modified_time\" content=\"2026-03-29T16:29:57+00:00\" \/>\n<meta property=\"og:image\" content=\"https:\/\/iberoid-shop.com\/wp-content\/uploads\/2024\/01\/deca-scaled.jpg?v=1706371305\" \/>\n\t<meta property=\"og:image:width\" content=\"2560\" \/>\n\t<meta property=\"og:image:height\" content=\"1942\" \/>\n\t<meta property=\"og:image:type\" content=\"image\/jpeg\" \/>\n<meta name=\"twitter:card\" content=\"summary_large_image\" \/>\n<meta name=\"twitter:label1\" content=\"Prix\" \/>\n\t<meta name=\"twitter:data1\" content=\"&euro;110.00\" \/>\n\t<meta name=\"twitter:label2\" content=\"Disponibilit\u00e9\" \/>\n\t<meta name=\"twitter:data2\" content=\"En stock\" \/>\n<script type=\"application\/ld+json\" class=\"yoast-schema-graph\">{\"@context\":\"https:\/\/schema.org\",\"@graph\":[{\"@type\":\"WebPage\",\"@id\":\"https:\/\/iberoid-shop.com\/fr\/product\/pack3-nandroged\/\",\"url\":\"https:\/\/iberoid-shop.com\/fr\/product\/pack3-nandroged\/\",\"name\":\"PACK 3 NANDROGED - (Espa\u00f1ol) Esteroides en l\u00ednea\",\"isPartOf\":{\"@id\":\"https:\/\/iberoid-shop.com\/fr\/#website\"},\"primaryImageOfPage\":{\"@id\":\"https:\/\/iberoid-shop.com\/fr\/product\/pack3-nandroged\/#primaryimage\"},\"image\":{\"@id\":\"https:\/\/iberoid-shop.com\/fr\/product\/pack3-nandroged\/#primaryimage\"},\"thumbnailUrl\":\"https:\/\/iberoid-shop.com\/wp-content\/uploads\/2024\/01\/deca-scaled.jpg?v=1706371305\",\"datePublished\":\"2024-01-25T22:22:08+00:00\",\"dateModified\":\"2026-03-29T16:29:57+00:00\",\"description\":\"NANDROGED (D\u00e9canoate de Nandrolone) est un puissant st\u00e9ro\u00efde anabolisant qui augmente la masse musculaire, la force et la r\u00e9cup\u00e9ration, avec des effets secondaires minimes et sans conversion en \u0153strog\u00e8nes.\",\"breadcrumb\":{\"@id\":\"https:\/\/iberoid-shop.com\/fr\/product\/pack3-nandroged\/#breadcrumb\"},\"inLanguage\":\"fr-FR\",\"potentialAction\":[{\"@type\":\"ReadAction\",\"target\":[[\"https:\/\/iberoid-shop.com\/fr\/product\/pack3-nandroged\/\"]]}]},{\"@type\":\"ImageObject\",\"inLanguage\":\"fr-FR\",\"@id\":\"https:\/\/iberoid-shop.com\/fr\/product\/pack3-nandroged\/#primaryimage\",\"url\":\"https:\/\/iberoid-shop.com\/wp-content\/uploads\/2024\/01\/deca-scaled.jpg?v=1706371305\",\"contentUrl\":\"https:\/\/iberoid-shop.com\/wp-content\/uploads\/2024\/01\/deca-scaled.jpg?v=1706371305\",\"width\":2560,\"height\":1942},{\"@type\":\"BreadcrumbList\",\"@id\":\"https:\/\/iberoid-shop.com\/fr\/product\/pack3-nandroged\/#breadcrumb\",\"itemListElement\":[{\"@type\":\"ListItem\",\"position\":1,\"name\":\"Portada\",\"item\":\"https:\/\/iberoid-shop.com\/fr\/\"},{\"@type\":\"ListItem\",\"position\":2,\"name\":\"Magasin\",\"item\":\"https:\/\/iberoid-shop.com\/fr\/shop\/\"},{\"@type\":\"ListItem\",\"position\":3,\"name\":\"PACK 3 NANDROGED\"}]},{\"@type\":\"WebSite\",\"@id\":\"https:\/\/iberoid-shop.com\/fr\/#website\",\"url\":\"https:\/\/iberoid-shop.com\/fr\/\",\"name\":\"(Espa\u00f1ol) Esteroides en l\u00ednea\",\"description\":\"(Espa\u00f1ol) Comprar esteroides en l\u00ednea hoy en Espa\u00f1a y Portugal. Tenemos el mejor servicio al cliente en la industria y los productos de la m\u00e1s alta calidad\",\"potentialAction\":[{\"@type\":\"SearchAction\",\"target\":{\"@type\":\"EntryPoint\",\"urlTemplate\":\"https:\/\/iberoid-shop.com\/fr\/?s={search_term_string}\"},\"query-input\":{\"@type\":\"PropertyValueSpecification\",\"valueRequired\":true,\"valueName\":\"search_term_string\"}}],\"inLanguage\":\"fr-FR\"}]}<\/script>\n<meta property=\"product:brand\" content=\"Euro Prime Pharmaceuticals (EPF)\" \/>\n<meta property=\"product:price:amount\" content=\"110.00\" \/>\n<meta property=\"product:price:currency\" content=\"EUR\" \/>\n<meta property=\"og:availability\" content=\"instock\" \/>\n<meta property=\"product:availability\" content=\"instock\" \/>\n<meta property=\"product:condition\" content=\"new\" \/>\n<!-- \/ Yoast SEO Premium plugin. -->","yoast_head_json":{"title":"PACK 3 NANDROGED - (Espa\u00f1ol) Esteroides en l\u00ednea","description":"NANDROGED (D\u00e9canoate de Nandrolone) est un puissant st\u00e9ro\u00efde anabolisant qui augmente la masse musculaire, la force et la r\u00e9cup\u00e9ration, avec des effets secondaires minimes et sans conversion en \u0153strog\u00e8nes.","robots":{"index":"index","follow":"follow","max-snippet":"max-snippet:-1","max-image-preview":"max-image-preview:large","max-video-preview":"max-video-preview:-1"},"canonical":"https:\/\/iberoid-shop.com\/fr\/product\/pack3-nandroged\/","og_locale":"fr_FR","og_type":"article","og_title":"PACK 3 NANDROGED","og_description":"NANDROGED (D\u00e9canoate de Nandrolone) est un puissant st\u00e9ro\u00efde anabolisant qui augmente la masse musculaire, la force et la r\u00e9cup\u00e9ration, avec des effets secondaires minimes et sans conversion en \u0153strog\u00e8nes.","og_url":"https:\/\/iberoid-shop.com\/fr\/product\/pack3-nandroged\/","og_site_name":"(Espa\u00f1ol) Esteroides en l\u00ednea","article_modified_time":"2026-03-29T16:29:57+00:00","og_image":[{"width":2560,"height":1942,"url":"https:\/\/iberoid-shop.com\/wp-content\/uploads\/2024\/01\/deca-scaled.jpg?v=1706371305","type":"image\/jpeg"}],"twitter_card":"summary_large_image","twitter_misc":{"Prix":"&euro;110.00","Disponibilit\u00e9":"En stock"},"schema":{"@context":"https:\/\/schema.org","@graph":[{"@type":"WebPage","@id":"https:\/\/iberoid-shop.com\/fr\/product\/pack3-nandroged\/","url":"https:\/\/iberoid-shop.com\/fr\/product\/pack3-nandroged\/","name":"PACK 3 NANDROGED - (Espa\u00f1ol) Esteroides en l\u00ednea","isPartOf":{"@id":"https:\/\/iberoid-shop.com\/fr\/#website"},"primaryImageOfPage":{"@id":"https:\/\/iberoid-shop.com\/fr\/product\/pack3-nandroged\/#primaryimage"},"image":{"@id":"https:\/\/iberoid-shop.com\/fr\/product\/pack3-nandroged\/#primaryimage"},"thumbnailUrl":"https:\/\/iberoid-shop.com\/wp-content\/uploads\/2024\/01\/deca-scaled.jpg?v=1706371305","datePublished":"2024-01-25T22:22:08+00:00","dateModified":"2026-03-29T16:29:57+00:00","description":"NANDROGED (D\u00e9canoate de Nandrolone) est un puissant st\u00e9ro\u00efde anabolisant qui augmente la masse musculaire, la force et la r\u00e9cup\u00e9ration, avec des effets secondaires minimes et sans conversion en \u0153strog\u00e8nes.","breadcrumb":{"@id":"https:\/\/iberoid-shop.com\/fr\/product\/pack3-nandroged\/#breadcrumb"},"inLanguage":"fr-FR","potentialAction":[{"@type":"ReadAction","target":[["https:\/\/iberoid-shop.com\/fr\/product\/pack3-nandroged\/"]]}]},{"@type":"ImageObject","inLanguage":"fr-FR","@id":"https:\/\/iberoid-shop.com\/fr\/product\/pack3-nandroged\/#primaryimage","url":"https:\/\/iberoid-shop.com\/wp-content\/uploads\/2024\/01\/deca-scaled.jpg?v=1706371305","contentUrl":"https:\/\/iberoid-shop.com\/wp-content\/uploads\/2024\/01\/deca-scaled.jpg?v=1706371305","width":2560,"height":1942},{"@type":"BreadcrumbList","@id":"https:\/\/iberoid-shop.com\/fr\/product\/pack3-nandroged\/#breadcrumb","itemListElement":[{"@type":"ListItem","position":1,"name":"Portada","item":"https:\/\/iberoid-shop.com\/fr\/"},{"@type":"ListItem","position":2,"name":"Magasin","item":"https:\/\/iberoid-shop.com\/fr\/shop\/"},{"@type":"ListItem","position":3,"name":"PACK 3 NANDROGED"}]},{"@type":"WebSite","@id":"https:\/\/iberoid-shop.com\/fr\/#website","url":"https:\/\/iberoid-shop.com\/fr\/","name":"(Espa\u00f1ol) Esteroides en l\u00ednea","description":"(Espa\u00f1ol) Comprar esteroides en l\u00ednea hoy en Espa\u00f1a y Portugal. Tenemos el mejor servicio al cliente en la industria y los productos de la m\u00e1s alta calidad","potentialAction":[{"@type":"SearchAction","target":{"@type":"EntryPoint","urlTemplate":"https:\/\/iberoid-shop.com\/fr\/?s={search_term_string}"},"query-input":{"@type":"PropertyValueSpecification","valueRequired":true,"valueName":"search_term_string"}}],"inLanguage":"fr-FR"}]},"product_brand":"Euro Prime Pharmaceuticals (EPF)","product_price_amount":"110.00","product_price_currency":"EUR","og_availability":"instock","product_availability":"instock","product_condition":"new"},"_links":{"self":[{"href":"https:\/\/iberoid-shop.com\/fr\/wp-json\/wp\/v2\/product\/9169","targetHints":{"allow":["GET"]}}],"collection":[{"href":"https:\/\/iberoid-shop.com\/fr\/wp-json\/wp\/v2\/product"}],"about":[{"href":"https:\/\/iberoid-shop.com\/fr\/wp-json\/wp\/v2\/types\/product"}],"replies":[{"embeddable":true,"href":"https:\/\/iberoid-shop.com\/fr\/wp-json\/wp\/v2\/comments?post=9169"}],"wp:featuredmedia":[{"embeddable":true,"href":"https:\/\/iberoid-shop.com\/fr\/wp-json\/wp\/v2\/media\/9179"}],"wp:attachment":[{"href":"https:\/\/iberoid-shop.com\/fr\/wp-json\/wp\/v2\/media?parent=9169"}],"wp:term":[{"taxonomy":"product_brand","embeddable":true,"href":"https:\/\/iberoid-shop.com\/fr\/wp-json\/wp\/v2\/product_brand?post=9169"},{"taxonomy":"product_cat","embeddable":true,"href":"https:\/\/iberoid-shop.com\/fr\/wp-json\/wp\/v2\/product_cat?post=9169"},{"taxonomy":"product_tag","embeddable":true,"href":"https:\/\/iberoid-shop.com\/fr\/wp-json\/wp\/v2\/product_tag?post=9169"}],"curies":[{"name":"wp","href":"https:\/\/api.w.org\/{rel}","templated":true}]}}