{"id":9164,"date":"2024-01-25T21:39:57","date_gmt":"2024-01-25T21:39:57","guid":{"rendered":"https:\/\/iberoid-shop.com\/?post_type=product&#038;p=9164"},"modified":"2026-03-22T12:19:18","modified_gmt":"2026-03-22T12:19:18","slug":"diatren100-trenbolone-acetate","status":"publish","type":"product","link":"https:\/\/iberoid-shop.com\/fr\/product\/diatren100-trenbolone-acetate\/","title":{"rendered":"DIATREN 100 TRENBOLONE ACETATE"},"content":{"rendered":"<p><strong>Qu&rsquo;est-ce que DIATREN 100\u00a0ou TRENBOLONE ACETATE\u00a0?<\/strong><\/p>\n<p><strong>Diatren 100<\/strong> est commun\u00e9ment reconnu sous le nom de Tren Ace dans le cercle du bodybuilding. Membre gagnant de la famille des st\u00e9ro\u00efdes synth\u00e9tiques, il bat ses pairs gr\u00e2ce \u00e0 son impact positif sur le d\u00e9veloppement musculaire et la combustion des graisses. Tren Ace, initialement d\u00e9velopp\u00e9 pour am\u00e9liorer la sant\u00e9 du b\u00e9tail, s&rsquo;est rapidement fait conna\u00eetre pour ses propri\u00e9t\u00e9s anabolisantes exceptionnelles qui en ont fait un succ\u00e8s parmi les amateurs de fitness.<\/p>\n<p>Sa puissance le rend populaire pour atteindre pratiquement n\u2019importe quel objectif. Stimuler la croissance musculaire, perdre efficacement les graisses et augmenter le nombre de globules rouges pour un meilleur transport de l&rsquo;oxyg\u00e8ne sont quelques-unes des caract\u00e9ristiques de Tren Ace.<\/p>\n<p>En un mot, Tren Ace est un \u00e9l\u00e9ment essentiel de tout cycle dont le but est de devenir muscl\u00e9 et muscl\u00e9. N\u2019oubliez pas que pour exploiter tout son potentiel, il faut comprendre son fonctionnement et l\u2019utiliser de mani\u00e8re responsable.<\/p>\n<p>DIATREN 100\u00a0ou TRENBOLONE ACETATE\u00a0\u00a0B\u00e9n\u00e9fices pour la musculation<\/p>\n<p>Tren Ace a acquis une immense popularit\u00e9 dans le domaine du bodybuilding pour ses avantages exceptionnels qui r\u00e9pondent \u00e0 un large \u00e9ventail d&rsquo;objectifs de remise en forme. Poursuivez votre lecture pour d\u00e9couvrir cinq avantages notables que Tren Ace apporte, ce qui en fait un choix incontournable pour de nombreuses personnes recherchant un parcours de transformation corporelle acc\u00e9l\u00e9r\u00e9 et efficace.<\/p>\n<p>Masse musculaire am\u00e9lior\u00e9e<\/p>\n<p>Tren Ace est hautement anabolisant, ce qui signifie qu&rsquo;il favorise consid\u00e9rablement la croissance musculaire en augmentant la synth\u00e8se des prot\u00e9ines et la r\u00e9tention d&rsquo;azote. Ces processus contribuent \u00e0 former des fibres musculaires plus fortes et \u00e0 faciliter la croissance de nouveaux tissus, offrant ainsi un physique plus muscl\u00e9.<\/p>\n<p>Temps de r\u00e9cup\u00e9ration plus rapide<\/p>\n<p>L\u2019un des atouts majeurs de Tren Ace est qu\u2019il permet de r\u00e9duire votre temps de r\u00e9cup\u00e9ration entre les entra\u00eenements. Sa capacit\u00e9 \u00e0 amplifier les globules rouges et le flux d&rsquo;oxyg\u00e8ne encourage les tissus \u00e0 se r\u00e9parer plus rapidement, vous pr\u00e9parant ainsi pour la prochaine s\u00e9ance de gym avec plus de vigueur et d&rsquo;enthousiasme.<\/p>\n<p>Force et endurance am\u00e9lior\u00e9es<\/p>\n<p>Associ\u00e9 \u00e0 une augmentation de la masse musculaire, DIATREN 100 TRENBOLONE ACETATE augmente \u00e9galement votre force et votre endurance. En r\u00e9duisant l&rsquo;impact de la fatigue musculaire et en am\u00e9liorant le taux de reconstitution du glycog\u00e8ne, vous d\u00e9bloquerez la puissance n\u00e9cessaire pour soulever davantage et endurer des s\u00e9ances d&rsquo;entra\u00eenement difficiles comme jamais auparavant.<\/p>\n<p>Plus grande perte de graisse<\/p>\n<p>DIATREN 100 TRENBOLONE ACETATE ne se contente pas de d\u00e9velopper les muscles, il favorise activement la perte de graisse. Ses propri\u00e9t\u00e9s lipolytiques permettent une combustion efficace des graisses tout en conservant la masse musculaire maigre. Cela vous aide \u00e0 obtenir une apparence tonique et sculpt\u00e9e au lieu de simplement perdre du poids.<\/p>","protected":false},"excerpt":{"rendered":"<p>Qu&rsquo;est-ce que DIATREN 100\u00a0ou TRENBOLONE ACETATE\u00a0? Diatren 100 est commun\u00e9ment reconnu sous le nom de Tren Ace dans le cercle<\/p>\n","protected":false},"featured_media":9166,"comment_status":"open","ping_status":"closed","template":"","meta":[],"product_brand":[],"product_cat":[69],"product_tag":[],"class_list":{"0":"post-9164","1":"product","2":"type-product","3":"status-publish","4":"has-post-thumbnail","6":"product_cat-esteroides_inyectables","8":"first","9":"outofstock","10":"sale","11":"shipping-taxable","12":"purchasable","13":"product-type-simple"},"yoast_head":"<!-- This site is optimized with the Yoast SEO Premium plugin v24.4 (Yoast SEO v27.3) - https:\/\/yoast.com\/product\/yoast-seo-premium-wordpress\/ -->\n<title>DIATREN 100 TRENBOLONE ACETATE - (Espa\u00f1ol) Esteroides en l\u00ednea<\/title>\n<meta name=\"description\" content=\"DIATREN 100 (Tren Ace) : St\u00e9ro\u00efde puissant pour le gain musculaire, la perte de graisse, la force et la r\u00e9cup\u00e9ration. Propri\u00e9t\u00e9s anabolisantes exceptionnelles.\" \/>\n<meta name=\"robots\" content=\"index, follow, max-snippet:-1, max-image-preview:large, max-video-preview:-1\" \/>\n<link rel=\"canonical\" href=\"https:\/\/iberoid-shop.com\/fr\/product\/diatren100-trenbolone-acetate\/\" \/>\n<meta property=\"og:locale\" content=\"fr_FR\" \/>\n<meta property=\"og:type\" content=\"article\" \/>\n<meta property=\"og:title\" content=\"DIATREN 100 TRENBOLONE ACETATE\" \/>\n<meta property=\"og:description\" content=\"DIATREN 100 (Tren Ace) : St\u00e9ro\u00efde puissant pour le gain musculaire, la perte de graisse, la force et la r\u00e9cup\u00e9ration. Propri\u00e9t\u00e9s anabolisantes exceptionnelles.\" \/>\n<meta property=\"og:url\" content=\"https:\/\/iberoid-shop.com\/fr\/product\/diatren100-trenbolone-acetate\/\" \/>\n<meta property=\"og:site_name\" content=\"(Espa\u00f1ol) Esteroides en l\u00ednea\" \/>\n<meta property=\"article:modified_time\" content=\"2026-03-22T12:19:18+00:00\" \/>\n<meta property=\"og:image\" content=\"https:\/\/iberoid-shop.com\/wp-content\/uploads\/2024\/01\/diatren-100-2.png?v=1706218631\" \/>\n\t<meta property=\"og:image:width\" content=\"1250\" \/>\n\t<meta property=\"og:image:height\" content=\"1100\" \/>\n\t<meta property=\"og:image:type\" content=\"image\/png\" \/>\n<meta name=\"twitter:card\" content=\"summary_large_image\" \/>\n<meta name=\"twitter:label1\" content=\"Prix\" \/>\n\t<meta name=\"twitter:data1\" content=\"&euro;60.00\" \/>\n\t<meta name=\"twitter:label2\" content=\"Disponibilit\u00e9\" \/>\n\t<meta name=\"twitter:data2\" content=\"Rupture de stock\" \/>\n<script type=\"application\/ld+json\" class=\"yoast-schema-graph\">{\"@context\":\"https:\\\/\\\/schema.org\",\"@graph\":[{\"@type\":\"WebPage\",\"@id\":\"https:\\\/\\\/iberoid-shop.com\\\/fr\\\/product\\\/diatren100-trenbolone-acetate\\\/\",\"url\":\"https:\\\/\\\/iberoid-shop.com\\\/fr\\\/product\\\/diatren100-trenbolone-acetate\\\/\",\"name\":\"DIATREN 100 TRENBOLONE ACETATE - (Espa\u00f1ol) Esteroides en l\u00ednea\",\"isPartOf\":{\"@id\":\"https:\\\/\\\/iberoid-shop.com\\\/fr\\\/#website\"},\"primaryImageOfPage\":{\"@id\":\"https:\\\/\\\/iberoid-shop.com\\\/fr\\\/product\\\/diatren100-trenbolone-acetate\\\/#primaryimage\"},\"image\":{\"@id\":\"https:\\\/\\\/iberoid-shop.com\\\/fr\\\/product\\\/diatren100-trenbolone-acetate\\\/#primaryimage\"},\"thumbnailUrl\":\"https:\\\/\\\/iberoid-shop.com\\\/wp-content\\\/uploads\\\/2024\\\/01\\\/diatren-100-2.png?v=1706218631\",\"datePublished\":\"2024-01-25T21:39:57+00:00\",\"dateModified\":\"2026-03-22T12:19:18+00:00\",\"description\":\"DIATREN 100 (Tren Ace) : St\u00e9ro\u00efde puissant pour le gain musculaire, la perte de graisse, la force et la r\u00e9cup\u00e9ration. Propri\u00e9t\u00e9s anabolisantes exceptionnelles.\",\"breadcrumb\":{\"@id\":\"https:\\\/\\\/iberoid-shop.com\\\/fr\\\/product\\\/diatren100-trenbolone-acetate\\\/#breadcrumb\"},\"inLanguage\":\"fr-FR\",\"potentialAction\":[{\"@type\":\"ReadAction\",\"target\":[[\"https:\\\/\\\/iberoid-shop.com\\\/fr\\\/product\\\/diatren100-trenbolone-acetate\\\/\"]]}]},{\"@type\":\"ImageObject\",\"inLanguage\":\"fr-FR\",\"@id\":\"https:\\\/\\\/iberoid-shop.com\\\/fr\\\/product\\\/diatren100-trenbolone-acetate\\\/#primaryimage\",\"url\":\"https:\\\/\\\/iberoid-shop.com\\\/wp-content\\\/uploads\\\/2024\\\/01\\\/diatren-100-2.png?v=1706218631\",\"contentUrl\":\"https:\\\/\\\/iberoid-shop.com\\\/wp-content\\\/uploads\\\/2024\\\/01\\\/diatren-100-2.png?v=1706218631\",\"width\":1250,\"height\":1100},{\"@type\":\"BreadcrumbList\",\"@id\":\"https:\\\/\\\/iberoid-shop.com\\\/fr\\\/product\\\/diatren100-trenbolone-acetate\\\/#breadcrumb\",\"itemListElement\":[{\"@type\":\"ListItem\",\"position\":1,\"name\":\"Portada\",\"item\":\"https:\\\/\\\/iberoid-shop.com\\\/fr\\\/\"},{\"@type\":\"ListItem\",\"position\":2,\"name\":\"Magasin\",\"item\":\"https:\\\/\\\/iberoid-shop.com\\\/fr\\\/shop\\\/\"},{\"@type\":\"ListItem\",\"position\":3,\"name\":\"DIATREN 100 TRENBOLONE ACETATE\"}]},{\"@type\":\"WebSite\",\"@id\":\"https:\\\/\\\/iberoid-shop.com\\\/fr\\\/#website\",\"url\":\"https:\\\/\\\/iberoid-shop.com\\\/fr\\\/\",\"name\":\"(Espa\u00f1ol) Esteroides en l\u00ednea\",\"description\":\"(Espa\u00f1ol) Comprar esteroides en l\u00ednea hoy en Espa\u00f1a y Portugal. Tenemos el mejor servicio al cliente en la industria y los productos de la m\u00e1s alta calidad\",\"potentialAction\":[{\"@type\":\"SearchAction\",\"target\":{\"@type\":\"EntryPoint\",\"urlTemplate\":\"https:\\\/\\\/iberoid-shop.com\\\/fr\\\/?s={search_term_string}\"},\"query-input\":{\"@type\":\"PropertyValueSpecification\",\"valueRequired\":true,\"valueName\":\"search_term_string\"}}],\"inLanguage\":\"fr-FR\"}]}<\/script>\n<meta property=\"product:brand\" content=\"Diamond Pharma\" \/>\n<meta property=\"product:price:amount\" content=\"60.00\" \/>\n<meta property=\"product:price:currency\" content=\"EUR\" \/>\n<meta property=\"og:availability\" content=\"out of stock\" \/>\n<meta property=\"product:availability\" content=\"out of stock\" \/>\n<meta property=\"product:condition\" content=\"new\" \/>\n<!-- \/ Yoast SEO Premium plugin. -->","yoast_head_json":{"title":"DIATREN 100 TRENBOLONE ACETATE - (Espa\u00f1ol) Esteroides en l\u00ednea","description":"DIATREN 100 (Tren Ace) : St\u00e9ro\u00efde puissant pour le gain musculaire, la perte de graisse, la force et la r\u00e9cup\u00e9ration. Propri\u00e9t\u00e9s anabolisantes exceptionnelles.","robots":{"index":"index","follow":"follow","max-snippet":"max-snippet:-1","max-image-preview":"max-image-preview:large","max-video-preview":"max-video-preview:-1"},"canonical":"https:\/\/iberoid-shop.com\/fr\/product\/diatren100-trenbolone-acetate\/","og_locale":"fr_FR","og_type":"article","og_title":"DIATREN 100 TRENBOLONE ACETATE","og_description":"DIATREN 100 (Tren Ace) : St\u00e9ro\u00efde puissant pour le gain musculaire, la perte de graisse, la force et la r\u00e9cup\u00e9ration. Propri\u00e9t\u00e9s anabolisantes exceptionnelles.","og_url":"https:\/\/iberoid-shop.com\/fr\/product\/diatren100-trenbolone-acetate\/","og_site_name":"(Espa\u00f1ol) Esteroides en l\u00ednea","article_modified_time":"2026-03-22T12:19:18+00:00","og_image":[{"width":1250,"height":1100,"url":"https:\/\/iberoid-shop.com\/wp-content\/uploads\/2024\/01\/diatren-100-2.png?v=1706218631","type":"image\/png"}],"twitter_card":"summary_large_image","twitter_misc":{"Prix":"&euro;60.00","Disponibilit\u00e9":"Rupture de stock"},"schema":{"@context":"https:\/\/schema.org","@graph":[{"@type":"WebPage","@id":"https:\/\/iberoid-shop.com\/fr\/product\/diatren100-trenbolone-acetate\/","url":"https:\/\/iberoid-shop.com\/fr\/product\/diatren100-trenbolone-acetate\/","name":"DIATREN 100 TRENBOLONE ACETATE - (Espa\u00f1ol) Esteroides en l\u00ednea","isPartOf":{"@id":"https:\/\/iberoid-shop.com\/fr\/#website"},"primaryImageOfPage":{"@id":"https:\/\/iberoid-shop.com\/fr\/product\/diatren100-trenbolone-acetate\/#primaryimage"},"image":{"@id":"https:\/\/iberoid-shop.com\/fr\/product\/diatren100-trenbolone-acetate\/#primaryimage"},"thumbnailUrl":"https:\/\/iberoid-shop.com\/wp-content\/uploads\/2024\/01\/diatren-100-2.png?v=1706218631","datePublished":"2024-01-25T21:39:57+00:00","dateModified":"2026-03-22T12:19:18+00:00","description":"DIATREN 100 (Tren Ace) : St\u00e9ro\u00efde puissant pour le gain musculaire, la perte de graisse, la force et la r\u00e9cup\u00e9ration. Propri\u00e9t\u00e9s anabolisantes exceptionnelles.","breadcrumb":{"@id":"https:\/\/iberoid-shop.com\/fr\/product\/diatren100-trenbolone-acetate\/#breadcrumb"},"inLanguage":"fr-FR","potentialAction":[{"@type":"ReadAction","target":[["https:\/\/iberoid-shop.com\/fr\/product\/diatren100-trenbolone-acetate\/"]]}]},{"@type":"ImageObject","inLanguage":"fr-FR","@id":"https:\/\/iberoid-shop.com\/fr\/product\/diatren100-trenbolone-acetate\/#primaryimage","url":"https:\/\/iberoid-shop.com\/wp-content\/uploads\/2024\/01\/diatren-100-2.png?v=1706218631","contentUrl":"https:\/\/iberoid-shop.com\/wp-content\/uploads\/2024\/01\/diatren-100-2.png?v=1706218631","width":1250,"height":1100},{"@type":"BreadcrumbList","@id":"https:\/\/iberoid-shop.com\/fr\/product\/diatren100-trenbolone-acetate\/#breadcrumb","itemListElement":[{"@type":"ListItem","position":1,"name":"Portada","item":"https:\/\/iberoid-shop.com\/fr\/"},{"@type":"ListItem","position":2,"name":"Magasin","item":"https:\/\/iberoid-shop.com\/fr\/shop\/"},{"@type":"ListItem","position":3,"name":"DIATREN 100 TRENBOLONE ACETATE"}]},{"@type":"WebSite","@id":"https:\/\/iberoid-shop.com\/fr\/#website","url":"https:\/\/iberoid-shop.com\/fr\/","name":"(Espa\u00f1ol) Esteroides en l\u00ednea","description":"(Espa\u00f1ol) Comprar esteroides en l\u00ednea hoy en Espa\u00f1a y Portugal. Tenemos el mejor servicio al cliente en la industria y los productos de la m\u00e1s alta calidad","potentialAction":[{"@type":"SearchAction","target":{"@type":"EntryPoint","urlTemplate":"https:\/\/iberoid-shop.com\/fr\/?s={search_term_string}"},"query-input":{"@type":"PropertyValueSpecification","valueRequired":true,"valueName":"search_term_string"}}],"inLanguage":"fr-FR"}]},"product_brand":"Diamond Pharma","product_price_amount":"60.00","product_price_currency":"EUR","og_availability":"out of stock","product_availability":"out of stock","product_condition":"new"},"_links":{"self":[{"href":"https:\/\/iberoid-shop.com\/fr\/wp-json\/wp\/v2\/product\/9164","targetHints":{"allow":["GET"]}}],"collection":[{"href":"https:\/\/iberoid-shop.com\/fr\/wp-json\/wp\/v2\/product"}],"about":[{"href":"https:\/\/iberoid-shop.com\/fr\/wp-json\/wp\/v2\/types\/product"}],"replies":[{"embeddable":true,"href":"https:\/\/iberoid-shop.com\/fr\/wp-json\/wp\/v2\/comments?post=9164"}],"wp:featuredmedia":[{"embeddable":true,"href":"https:\/\/iberoid-shop.com\/fr\/wp-json\/wp\/v2\/media\/9166"}],"wp:attachment":[{"href":"https:\/\/iberoid-shop.com\/fr\/wp-json\/wp\/v2\/media?parent=9164"}],"wp:term":[{"taxonomy":"product_brand","embeddable":true,"href":"https:\/\/iberoid-shop.com\/fr\/wp-json\/wp\/v2\/product_brand?post=9164"},{"taxonomy":"product_cat","embeddable":true,"href":"https:\/\/iberoid-shop.com\/fr\/wp-json\/wp\/v2\/product_cat?post=9164"},{"taxonomy":"product_tag","embeddable":true,"href":"https:\/\/iberoid-shop.com\/fr\/wp-json\/wp\/v2\/product_tag?post=9164"}],"curies":[{"name":"wp","href":"https:\/\/api.w.org\/{rel}","templated":true}]}}