{"id":9009,"date":"2023-10-07T12:26:29","date_gmt":"2023-10-07T12:26:29","guid":{"rendered":"https:\/\/iberoid-shop.com\/?post_type=product&#038;p=9009"},"modified":"2025-08-17T10:45:44","modified_gmt":"2025-08-17T10:45:44","slug":"pack-10-kamagra-oral-jelly-vol-iv-pack","status":"publish","type":"product","link":"https:\/\/iberoid-shop.com\/fr\/product\/pack-10-kamagra-oral-jelly-vol-iv-pack\/","title":{"rendered":"pack 10 Kamagra Oral Jelly"},"content":{"rendered":"<p>Le <strong>Kamagra Oral Jelly<\/strong> est un m\u00e9dicament utilis\u00e9 pour <strong>traiter la dysfonction \u00e9rectile<\/strong> et am\u00e9liorer les performances sexuelles. Il se pr\u00e9sente sous forme de gel\u00e9e qui se dissout dans la bouche. Selon le fabricant <strong>Ajanta Pharma<\/strong>, chaque sachet contient <strong>100 mg de citrate de sild\u00e9nafil<\/strong>, le m\u00eame ingr\u00e9dient actif que dans les traitements comme <strong>Viagra<\/strong> et <strong>Viagra Connect<\/strong>.<\/p>\n<h3><strong>Comment prendre Kamagra Oral Jelly ?<\/strong><\/h3>\n<p>Le fabricant recommande de prendre <strong>Kamagra Jelly 30 minutes avant un rapport sexuel<\/strong>. Il suffit de placer la gel\u00e9e dans la bouche, o\u00f9 elle se dissout et est absorb\u00e9e.<\/p>\n<h3><strong>Qu&rsquo;est-ce qu&rsquo;une gel\u00e9e orale ?<\/strong><\/h3>\n<p>Une <strong>gel\u00e9e orale<\/strong> est un gel dissolvable con\u00e7u pour \u00eatre plus facile \u00e0 avaler qu&rsquo;un comprim\u00e9. Les <strong>\u00ab\u00a0amplificateurs sexuels\u00a0\u00bb<\/strong> (m\u00e9dicaments pr\u00e9sent\u00e9s comme am\u00e9liorant la vie sexuelle) sont souvent vendus sous cette forme, avec la promesse d&rsquo;un effet plus rapide et d&rsquo;une prise plus facile que les traitements classiques.<\/p>","protected":false},"excerpt":{"rendered":"<p>Le Kamagra Oral Jelly est un m\u00e9dicament utilis\u00e9 pour traiter la dysfonction \u00e9rectile et am\u00e9liorer les performances sexuelles. Il se<\/p>\n","protected":false},"featured_media":9011,"comment_status":"open","ping_status":"closed","template":"","meta":[],"product_brand":[],"product_cat":[3474],"product_tag":[],"class_list":{"0":"post-9009","1":"product","2":"type-product","3":"status-publish","4":"has-post-thumbnail","6":"product_cat-packs","8":"first","9":"outofstock","10":"sale","11":"shipping-taxable","12":"purchasable","13":"product-type-simple"},"yoast_head":"<!-- This site is optimized with the Yoast SEO Premium plugin v24.4 (Yoast SEO v27.0) - https:\/\/yoast.com\/product\/yoast-seo-premium-wordpress\/ -->\n<title>pack 10 Kamagra Oral Jelly - (Espa\u00f1ol) Esteroides en l\u00ednea<\/title>\n<meta name=\"description\" content=\"Kamagra Oral Jelly est un m\u00e9dicament pour la dysfonction \u00e9rectile qui se dissout dans la bouche, contenant 100 mg de citrate de sild\u00e9nafil pour am\u00e9liorer les performances sexuelles.\" \/>\n<meta name=\"robots\" content=\"index, follow, max-snippet:-1, max-image-preview:large, max-video-preview:-1\" \/>\n<link rel=\"canonical\" href=\"https:\/\/iberoid-shop.com\/fr\/product\/pack-10-kamagra-oral-jelly-vol-iv-pack\/\" \/>\n<meta property=\"og:locale\" content=\"fr_FR\" \/>\n<meta property=\"og:type\" content=\"article\" \/>\n<meta property=\"og:title\" content=\"pack 10 Kamagra Oral Jelly\" \/>\n<meta property=\"og:description\" content=\"Kamagra Oral Jelly est un m\u00e9dicament pour la dysfonction \u00e9rectile qui se dissout dans la bouche, contenant 100 mg de citrate de sild\u00e9nafil pour am\u00e9liorer les performances sexuelles.\" \/>\n<meta property=\"og:url\" content=\"https:\/\/iberoid-shop.com\/fr\/product\/pack-10-kamagra-oral-jelly-vol-iv-pack\/\" \/>\n<meta property=\"og:site_name\" content=\"(Espa\u00f1ol) Esteroides en l\u00ednea\" \/>\n<meta property=\"article:modified_time\" content=\"2025-08-17T10:45:44+00:00\" \/>\n<meta property=\"og:image\" content=\"https:\/\/iberoid-shop.com\/wp-content\/uploads\/2023\/10\/kama10.jpg?v=1696681529\" \/>\n\t<meta property=\"og:image:width\" content=\"960\" \/>\n\t<meta property=\"og:image:height\" content=\"1280\" \/>\n\t<meta property=\"og:image:type\" content=\"image\/jpeg\" \/>\n<meta name=\"twitter:card\" content=\"summary_large_image\" \/>\n<meta name=\"twitter:label1\" content=\"Prix\" \/>\n\t<meta name=\"twitter:data1\" content=\"&euro;100.00\" \/>\n\t<meta name=\"twitter:label2\" content=\"Disponibilit\u00e9\" \/>\n\t<meta name=\"twitter:data2\" content=\"Rupture de stock\" \/>\n<script type=\"application\/ld+json\" class=\"yoast-schema-graph\">{\"@context\":\"https:\/\/schema.org\",\"@graph\":[{\"@type\":\"WebPage\",\"@id\":\"https:\/\/iberoid-shop.com\/fr\/product\/pack-10-kamagra-oral-jelly-vol-iv-pack\/\",\"url\":\"https:\/\/iberoid-shop.com\/fr\/product\/pack-10-kamagra-oral-jelly-vol-iv-pack\/\",\"name\":\"pack 10 Kamagra Oral Jelly - (Espa\u00f1ol) Esteroides en l\u00ednea\",\"isPartOf\":{\"@id\":\"https:\/\/iberoid-shop.com\/fr\/#website\"},\"primaryImageOfPage\":{\"@id\":\"https:\/\/iberoid-shop.com\/fr\/product\/pack-10-kamagra-oral-jelly-vol-iv-pack\/#primaryimage\"},\"image\":{\"@id\":\"https:\/\/iberoid-shop.com\/fr\/product\/pack-10-kamagra-oral-jelly-vol-iv-pack\/#primaryimage\"},\"thumbnailUrl\":\"https:\/\/iberoid-shop.com\/wp-content\/uploads\/2023\/10\/kama10.jpg?v=1696681529\",\"datePublished\":\"2023-10-07T12:26:29+00:00\",\"dateModified\":\"2025-08-17T10:45:44+00:00\",\"description\":\"Kamagra Oral Jelly est un m\u00e9dicament pour la dysfonction \u00e9rectile qui se dissout dans la bouche, contenant 100 mg de citrate de sild\u00e9nafil pour am\u00e9liorer les performances sexuelles.\",\"breadcrumb\":{\"@id\":\"https:\/\/iberoid-shop.com\/fr\/product\/pack-10-kamagra-oral-jelly-vol-iv-pack\/#breadcrumb\"},\"inLanguage\":\"fr-FR\",\"potentialAction\":[{\"@type\":\"ReadAction\",\"target\":[[\"https:\/\/iberoid-shop.com\/fr\/product\/pack-10-kamagra-oral-jelly-vol-iv-pack\/\"]]}]},{\"@type\":\"ImageObject\",\"inLanguage\":\"fr-FR\",\"@id\":\"https:\/\/iberoid-shop.com\/fr\/product\/pack-10-kamagra-oral-jelly-vol-iv-pack\/#primaryimage\",\"url\":\"https:\/\/iberoid-shop.com\/wp-content\/uploads\/2023\/10\/kama10.jpg?v=1696681529\",\"contentUrl\":\"https:\/\/iberoid-shop.com\/wp-content\/uploads\/2023\/10\/kama10.jpg?v=1696681529\",\"width\":960,\"height\":1280},{\"@type\":\"BreadcrumbList\",\"@id\":\"https:\/\/iberoid-shop.com\/fr\/product\/pack-10-kamagra-oral-jelly-vol-iv-pack\/#breadcrumb\",\"itemListElement\":[{\"@type\":\"ListItem\",\"position\":1,\"name\":\"Portada\",\"item\":\"https:\/\/iberoid-shop.com\/fr\/\"},{\"@type\":\"ListItem\",\"position\":2,\"name\":\"Magasin\",\"item\":\"https:\/\/iberoid-shop.com\/fr\/shop\/\"},{\"@type\":\"ListItem\",\"position\":3,\"name\":\"pack 10 Kamagra Oral Jelly\"}]},{\"@type\":\"WebSite\",\"@id\":\"https:\/\/iberoid-shop.com\/fr\/#website\",\"url\":\"https:\/\/iberoid-shop.com\/fr\/\",\"name\":\"(Espa\u00f1ol) Esteroides en l\u00ednea\",\"description\":\"(Espa\u00f1ol) Comprar esteroides en l\u00ednea hoy en Espa\u00f1a y Portugal. Tenemos el mejor servicio al cliente en la industria y los productos de la m\u00e1s alta calidad\",\"potentialAction\":[{\"@type\":\"SearchAction\",\"target\":{\"@type\":\"EntryPoint\",\"urlTemplate\":\"https:\/\/iberoid-shop.com\/fr\/?s={search_term_string}\"},\"query-input\":{\"@type\":\"PropertyValueSpecification\",\"valueRequired\":true,\"valueName\":\"search_term_string\"}}],\"inLanguage\":\"fr-FR\"}]}<\/script>\n<meta property=\"product:brand\" content=\"Ajanta Pharma\" \/>\n<meta property=\"product:price:amount\" content=\"100.00\" \/>\n<meta property=\"product:price:currency\" content=\"EUR\" \/>\n<meta property=\"og:availability\" content=\"out of stock\" \/>\n<meta property=\"product:availability\" content=\"out of stock\" \/>\n<meta property=\"product:condition\" content=\"new\" \/>\n<!-- \/ Yoast SEO Premium plugin. -->","yoast_head_json":{"title":"pack 10 Kamagra Oral Jelly - (Espa\u00f1ol) Esteroides en l\u00ednea","description":"Kamagra Oral Jelly est un m\u00e9dicament pour la dysfonction \u00e9rectile qui se dissout dans la bouche, contenant 100 mg de citrate de sild\u00e9nafil pour am\u00e9liorer les performances sexuelles.","robots":{"index":"index","follow":"follow","max-snippet":"max-snippet:-1","max-image-preview":"max-image-preview:large","max-video-preview":"max-video-preview:-1"},"canonical":"https:\/\/iberoid-shop.com\/fr\/product\/pack-10-kamagra-oral-jelly-vol-iv-pack\/","og_locale":"fr_FR","og_type":"article","og_title":"pack 10 Kamagra Oral Jelly","og_description":"Kamagra Oral Jelly est un m\u00e9dicament pour la dysfonction \u00e9rectile qui se dissout dans la bouche, contenant 100 mg de citrate de sild\u00e9nafil pour am\u00e9liorer les performances sexuelles.","og_url":"https:\/\/iberoid-shop.com\/fr\/product\/pack-10-kamagra-oral-jelly-vol-iv-pack\/","og_site_name":"(Espa\u00f1ol) Esteroides en l\u00ednea","article_modified_time":"2025-08-17T10:45:44+00:00","og_image":[{"width":960,"height":1280,"url":"https:\/\/iberoid-shop.com\/wp-content\/uploads\/2023\/10\/kama10.jpg?v=1696681529","type":"image\/jpeg"}],"twitter_card":"summary_large_image","twitter_misc":{"Prix":"&euro;100.00","Disponibilit\u00e9":"Rupture de stock"},"schema":{"@context":"https:\/\/schema.org","@graph":[{"@type":"WebPage","@id":"https:\/\/iberoid-shop.com\/fr\/product\/pack-10-kamagra-oral-jelly-vol-iv-pack\/","url":"https:\/\/iberoid-shop.com\/fr\/product\/pack-10-kamagra-oral-jelly-vol-iv-pack\/","name":"pack 10 Kamagra Oral Jelly - (Espa\u00f1ol) Esteroides en l\u00ednea","isPartOf":{"@id":"https:\/\/iberoid-shop.com\/fr\/#website"},"primaryImageOfPage":{"@id":"https:\/\/iberoid-shop.com\/fr\/product\/pack-10-kamagra-oral-jelly-vol-iv-pack\/#primaryimage"},"image":{"@id":"https:\/\/iberoid-shop.com\/fr\/product\/pack-10-kamagra-oral-jelly-vol-iv-pack\/#primaryimage"},"thumbnailUrl":"https:\/\/iberoid-shop.com\/wp-content\/uploads\/2023\/10\/kama10.jpg?v=1696681529","datePublished":"2023-10-07T12:26:29+00:00","dateModified":"2025-08-17T10:45:44+00:00","description":"Kamagra Oral Jelly est un m\u00e9dicament pour la dysfonction \u00e9rectile qui se dissout dans la bouche, contenant 100 mg de citrate de sild\u00e9nafil pour am\u00e9liorer les performances sexuelles.","breadcrumb":{"@id":"https:\/\/iberoid-shop.com\/fr\/product\/pack-10-kamagra-oral-jelly-vol-iv-pack\/#breadcrumb"},"inLanguage":"fr-FR","potentialAction":[{"@type":"ReadAction","target":[["https:\/\/iberoid-shop.com\/fr\/product\/pack-10-kamagra-oral-jelly-vol-iv-pack\/"]]}]},{"@type":"ImageObject","inLanguage":"fr-FR","@id":"https:\/\/iberoid-shop.com\/fr\/product\/pack-10-kamagra-oral-jelly-vol-iv-pack\/#primaryimage","url":"https:\/\/iberoid-shop.com\/wp-content\/uploads\/2023\/10\/kama10.jpg?v=1696681529","contentUrl":"https:\/\/iberoid-shop.com\/wp-content\/uploads\/2023\/10\/kama10.jpg?v=1696681529","width":960,"height":1280},{"@type":"BreadcrumbList","@id":"https:\/\/iberoid-shop.com\/fr\/product\/pack-10-kamagra-oral-jelly-vol-iv-pack\/#breadcrumb","itemListElement":[{"@type":"ListItem","position":1,"name":"Portada","item":"https:\/\/iberoid-shop.com\/fr\/"},{"@type":"ListItem","position":2,"name":"Magasin","item":"https:\/\/iberoid-shop.com\/fr\/shop\/"},{"@type":"ListItem","position":3,"name":"pack 10 Kamagra Oral Jelly"}]},{"@type":"WebSite","@id":"https:\/\/iberoid-shop.com\/fr\/#website","url":"https:\/\/iberoid-shop.com\/fr\/","name":"(Espa\u00f1ol) Esteroides en l\u00ednea","description":"(Espa\u00f1ol) Comprar esteroides en l\u00ednea hoy en Espa\u00f1a y Portugal. Tenemos el mejor servicio al cliente en la industria y los productos de la m\u00e1s alta calidad","potentialAction":[{"@type":"SearchAction","target":{"@type":"EntryPoint","urlTemplate":"https:\/\/iberoid-shop.com\/fr\/?s={search_term_string}"},"query-input":{"@type":"PropertyValueSpecification","valueRequired":true,"valueName":"search_term_string"}}],"inLanguage":"fr-FR"}]},"product_brand":"Ajanta Pharma","product_price_amount":"100.00","product_price_currency":"EUR","og_availability":"out of stock","product_availability":"out of stock","product_condition":"new"},"_links":{"self":[{"href":"https:\/\/iberoid-shop.com\/fr\/wp-json\/wp\/v2\/product\/9009","targetHints":{"allow":["GET"]}}],"collection":[{"href":"https:\/\/iberoid-shop.com\/fr\/wp-json\/wp\/v2\/product"}],"about":[{"href":"https:\/\/iberoid-shop.com\/fr\/wp-json\/wp\/v2\/types\/product"}],"replies":[{"embeddable":true,"href":"https:\/\/iberoid-shop.com\/fr\/wp-json\/wp\/v2\/comments?post=9009"}],"wp:featuredmedia":[{"embeddable":true,"href":"https:\/\/iberoid-shop.com\/fr\/wp-json\/wp\/v2\/media\/9011"}],"wp:attachment":[{"href":"https:\/\/iberoid-shop.com\/fr\/wp-json\/wp\/v2\/media?parent=9009"}],"wp:term":[{"taxonomy":"product_brand","embeddable":true,"href":"https:\/\/iberoid-shop.com\/fr\/wp-json\/wp\/v2\/product_brand?post=9009"},{"taxonomy":"product_cat","embeddable":true,"href":"https:\/\/iberoid-shop.com\/fr\/wp-json\/wp\/v2\/product_cat?post=9009"},{"taxonomy":"product_tag","embeddable":true,"href":"https:\/\/iberoid-shop.com\/fr\/wp-json\/wp\/v2\/product_tag?post=9009"}],"curies":[{"name":"wp","href":"https:\/\/api.w.org\/{rel}","templated":true}]}}