{"id":8817,"date":"2023-08-14T21:51:53","date_gmt":"2023-08-14T21:51:53","guid":{"rendered":"https:\/\/iberoid-shop.com\/?post_type=product&#038;p=8817"},"modified":"2026-04-05T02:33:56","modified_gmt":"2026-04-05T02:33:56","slug":"pack3-oxymetobol-oxymetolon50mg-100-tabs-pharmabol","status":"publish","type":"product","link":"https:\/\/iberoid-shop.com\/fr\/product\/pack3-oxymetobol-oxymetolon50mg-100-tabs-pharmabol\/","title":{"rendered":"PACK3 OXYMETOBOL \/ OXYMETOLON 50MG &#8211; 100 TABS"},"content":{"rendered":"<p>Ce produit oral d&rsquo;oxym\u00e9tholone de PharmaBol se caract\u00e9rise par une dose de 50 mg\/comprim\u00e9.<\/p>\n<p>L&rsquo;oxym\u00e9tholone est le st\u00e9ro\u00efde anabolisant pour les cycles de gain musculaire qui se caract\u00e9rise par un effet de gonflement spectaculaire. \u00c9tant donn\u00e9 que ce m\u00e9dicament poss\u00e8de des propri\u00e9t\u00e9s de r\u00e9tention d\u2019eau, son utilisation donne aux muscles une apparence plus pleine. En outre, les bodybuilders peuvent utiliser l\u2019oxym\u00e9tholone pour prendre du poids suppl\u00e9mentaire. De plus, l&rsquo;utilisation de ce st\u00e9ro\u00efde assure une augmentation de la force et offre aux articulations une protection suppl\u00e9mentaire, ce qui permet \u00e0 un athl\u00e8te de rendre les s\u00e9ances d&rsquo;entra\u00eenement plus intenses.<\/p>","protected":false},"excerpt":{"rendered":"<p>Ce produit oral d&rsquo;oxym\u00e9tholone de PharmaBol se caract\u00e9rise par une dose de 50 mg\/comprim\u00e9. L&rsquo;oxym\u00e9tholone est le st\u00e9ro\u00efde anabolisant pour<\/p>\n","protected":false},"featured_media":8819,"comment_status":"open","ping_status":"closed","template":"","meta":[],"product_brand":[],"product_cat":[73,3474],"product_tag":[],"class_list":{"0":"post-8817","1":"product","2":"type-product","3":"status-publish","4":"has-post-thumbnail","6":"product_cat-ssteroides_orales","7":"product_cat-packs","9":"first","10":"instock","11":"shipping-taxable","12":"purchasable","13":"product-type-simple"},"yoast_head":"<!-- This site is optimized with the Yoast SEO Premium plugin v24.4 (Yoast SEO v27.0) - https:\/\/yoast.com\/product\/yoast-seo-premium-wordpress\/ -->\n<title>PACK3 OXYMETOBOL \/ OXYMETOLON 50MG - 100 TABS - (Espa\u00f1ol) Esteroides en l\u00ednea<\/title>\n<meta name=\"robots\" content=\"index, follow, max-snippet:-1, max-image-preview:large, max-video-preview:-1\" \/>\n<link rel=\"canonical\" href=\"https:\/\/iberoid-shop.com\/fr\/product\/pack3-oxymetobol-oxymetolon50mg-100-tabs-pharmabol\/\" \/>\n<meta property=\"og:locale\" content=\"fr_FR\" \/>\n<meta property=\"og:type\" content=\"article\" \/>\n<meta property=\"og:title\" content=\"PACK3 OXYMETOBOL \/ OXYMETOLON 50MG - 100 TABS\" \/>\n<meta property=\"og:description\" content=\"Ce produit oral d&rsquo;oxym\u00e9tholone de PharmaBol se caract\u00e9rise par une dose de 50 mg\/comprim\u00e9. L&rsquo;oxym\u00e9tholone est le st\u00e9ro\u00efde anabolisant pour\" \/>\n<meta property=\"og:url\" content=\"https:\/\/iberoid-shop.com\/fr\/product\/pack3-oxymetobol-oxymetolon50mg-100-tabs-pharmabol\/\" \/>\n<meta property=\"og:site_name\" content=\"(Espa\u00f1ol) Esteroides en l\u00ednea\" \/>\n<meta property=\"article:modified_time\" content=\"2026-04-05T02:33:56+00:00\" \/>\n<meta property=\"og:image\" content=\"https:\/\/iberoid-shop.com\/wp-content\/uploads\/2023\/08\/image_6483441-1.jpg?v=1692049888\" \/>\n\t<meta property=\"og:image:width\" content=\"1024\" \/>\n\t<meta property=\"og:image:height\" content=\"808\" \/>\n\t<meta property=\"og:image:type\" content=\"image\/jpeg\" \/>\n<meta name=\"twitter:card\" content=\"summary_large_image\" \/>\n<meta name=\"twitter:label1\" content=\"Prix\" \/>\n\t<meta name=\"twitter:data1\" content=\"&euro;80.00\" \/>\n\t<meta name=\"twitter:label2\" content=\"Disponibilit\u00e9\" \/>\n\t<meta name=\"twitter:data2\" content=\"En stock\" \/>\n<script type=\"application\/ld+json\" class=\"yoast-schema-graph\">{\"@context\":\"https:\/\/schema.org\",\"@graph\":[{\"@type\":\"WebPage\",\"@id\":\"https:\/\/iberoid-shop.com\/fr\/product\/pack3-oxymetobol-oxymetolon50mg-100-tabs-pharmabol\/\",\"url\":\"https:\/\/iberoid-shop.com\/fr\/product\/pack3-oxymetobol-oxymetolon50mg-100-tabs-pharmabol\/\",\"name\":\"PACK3 OXYMETOBOL \/ OXYMETOLON 50MG - 100 TABS - (Espa\u00f1ol) Esteroides en l\u00ednea\",\"isPartOf\":{\"@id\":\"https:\/\/iberoid-shop.com\/fr\/#website\"},\"primaryImageOfPage\":{\"@id\":\"https:\/\/iberoid-shop.com\/fr\/product\/pack3-oxymetobol-oxymetolon50mg-100-tabs-pharmabol\/#primaryimage\"},\"image\":{\"@id\":\"https:\/\/iberoid-shop.com\/fr\/product\/pack3-oxymetobol-oxymetolon50mg-100-tabs-pharmabol\/#primaryimage\"},\"thumbnailUrl\":\"https:\/\/iberoid-shop.com\/wp-content\/uploads\/2023\/08\/image_6483441-1.jpg?v=1692049888\",\"datePublished\":\"2023-08-14T21:51:53+00:00\",\"dateModified\":\"2026-04-05T02:33:56+00:00\",\"breadcrumb\":{\"@id\":\"https:\/\/iberoid-shop.com\/fr\/product\/pack3-oxymetobol-oxymetolon50mg-100-tabs-pharmabol\/#breadcrumb\"},\"inLanguage\":\"fr-FR\",\"potentialAction\":[{\"@type\":\"ReadAction\",\"target\":[[\"https:\/\/iberoid-shop.com\/fr\/product\/pack3-oxymetobol-oxymetolon50mg-100-tabs-pharmabol\/\"]]}]},{\"@type\":\"ImageObject\",\"inLanguage\":\"fr-FR\",\"@id\":\"https:\/\/iberoid-shop.com\/fr\/product\/pack3-oxymetobol-oxymetolon50mg-100-tabs-pharmabol\/#primaryimage\",\"url\":\"https:\/\/iberoid-shop.com\/wp-content\/uploads\/2023\/08\/image_6483441-1.jpg?v=1692049888\",\"contentUrl\":\"https:\/\/iberoid-shop.com\/wp-content\/uploads\/2023\/08\/image_6483441-1.jpg?v=1692049888\",\"width\":1024,\"height\":808},{\"@type\":\"BreadcrumbList\",\"@id\":\"https:\/\/iberoid-shop.com\/fr\/product\/pack3-oxymetobol-oxymetolon50mg-100-tabs-pharmabol\/#breadcrumb\",\"itemListElement\":[{\"@type\":\"ListItem\",\"position\":1,\"name\":\"Portada\",\"item\":\"https:\/\/iberoid-shop.com\/fr\/\"},{\"@type\":\"ListItem\",\"position\":2,\"name\":\"Magasin\",\"item\":\"https:\/\/iberoid-shop.com\/fr\/shop\/\"},{\"@type\":\"ListItem\",\"position\":3,\"name\":\"PACK3 OXYMETOBOL \/ OXYMETOLON 50MG &#8211; 100 TABS\"}]},{\"@type\":\"WebSite\",\"@id\":\"https:\/\/iberoid-shop.com\/fr\/#website\",\"url\":\"https:\/\/iberoid-shop.com\/fr\/\",\"name\":\"(Espa\u00f1ol) Esteroides en l\u00ednea\",\"description\":\"(Espa\u00f1ol) Comprar esteroides en l\u00ednea hoy en Espa\u00f1a y Portugal. Tenemos el mejor servicio al cliente en la industria y los productos de la m\u00e1s alta calidad\",\"potentialAction\":[{\"@type\":\"SearchAction\",\"target\":{\"@type\":\"EntryPoint\",\"urlTemplate\":\"https:\/\/iberoid-shop.com\/fr\/?s={search_term_string}\"},\"query-input\":{\"@type\":\"PropertyValueSpecification\",\"valueRequired\":true,\"valueName\":\"search_term_string\"}}],\"inLanguage\":\"fr-FR\"}]}<\/script>\n<meta property=\"product:brand\" content=\"Pharmabol\" \/>\n<meta property=\"product:price:amount\" content=\"80.00\" \/>\n<meta property=\"product:price:currency\" content=\"EUR\" \/>\n<meta property=\"og:availability\" content=\"instock\" \/>\n<meta property=\"product:availability\" content=\"instock\" \/>\n<meta property=\"product:condition\" content=\"new\" \/>\n<!-- \/ Yoast SEO Premium plugin. -->","yoast_head_json":{"title":"PACK3 OXYMETOBOL \/ OXYMETOLON 50MG - 100 TABS - (Espa\u00f1ol) Esteroides en l\u00ednea","robots":{"index":"index","follow":"follow","max-snippet":"max-snippet:-1","max-image-preview":"max-image-preview:large","max-video-preview":"max-video-preview:-1"},"canonical":"https:\/\/iberoid-shop.com\/fr\/product\/pack3-oxymetobol-oxymetolon50mg-100-tabs-pharmabol\/","og_locale":"fr_FR","og_type":"article","og_title":"PACK3 OXYMETOBOL \/ OXYMETOLON 50MG - 100 TABS","og_description":"Ce produit oral d&rsquo;oxym\u00e9tholone de PharmaBol se caract\u00e9rise par une dose de 50 mg\/comprim\u00e9. L&rsquo;oxym\u00e9tholone est le st\u00e9ro\u00efde anabolisant pour","og_url":"https:\/\/iberoid-shop.com\/fr\/product\/pack3-oxymetobol-oxymetolon50mg-100-tabs-pharmabol\/","og_site_name":"(Espa\u00f1ol) Esteroides en l\u00ednea","article_modified_time":"2026-04-05T02:33:56+00:00","og_image":[{"width":1024,"height":808,"url":"https:\/\/iberoid-shop.com\/wp-content\/uploads\/2023\/08\/image_6483441-1.jpg?v=1692049888","type":"image\/jpeg"}],"twitter_card":"summary_large_image","twitter_misc":{"Prix":"&euro;80.00","Disponibilit\u00e9":"En stock"},"schema":{"@context":"https:\/\/schema.org","@graph":[{"@type":"WebPage","@id":"https:\/\/iberoid-shop.com\/fr\/product\/pack3-oxymetobol-oxymetolon50mg-100-tabs-pharmabol\/","url":"https:\/\/iberoid-shop.com\/fr\/product\/pack3-oxymetobol-oxymetolon50mg-100-tabs-pharmabol\/","name":"PACK3 OXYMETOBOL \/ OXYMETOLON 50MG - 100 TABS - (Espa\u00f1ol) Esteroides en l\u00ednea","isPartOf":{"@id":"https:\/\/iberoid-shop.com\/fr\/#website"},"primaryImageOfPage":{"@id":"https:\/\/iberoid-shop.com\/fr\/product\/pack3-oxymetobol-oxymetolon50mg-100-tabs-pharmabol\/#primaryimage"},"image":{"@id":"https:\/\/iberoid-shop.com\/fr\/product\/pack3-oxymetobol-oxymetolon50mg-100-tabs-pharmabol\/#primaryimage"},"thumbnailUrl":"https:\/\/iberoid-shop.com\/wp-content\/uploads\/2023\/08\/image_6483441-1.jpg?v=1692049888","datePublished":"2023-08-14T21:51:53+00:00","dateModified":"2026-04-05T02:33:56+00:00","breadcrumb":{"@id":"https:\/\/iberoid-shop.com\/fr\/product\/pack3-oxymetobol-oxymetolon50mg-100-tabs-pharmabol\/#breadcrumb"},"inLanguage":"fr-FR","potentialAction":[{"@type":"ReadAction","target":[["https:\/\/iberoid-shop.com\/fr\/product\/pack3-oxymetobol-oxymetolon50mg-100-tabs-pharmabol\/"]]}]},{"@type":"ImageObject","inLanguage":"fr-FR","@id":"https:\/\/iberoid-shop.com\/fr\/product\/pack3-oxymetobol-oxymetolon50mg-100-tabs-pharmabol\/#primaryimage","url":"https:\/\/iberoid-shop.com\/wp-content\/uploads\/2023\/08\/image_6483441-1.jpg?v=1692049888","contentUrl":"https:\/\/iberoid-shop.com\/wp-content\/uploads\/2023\/08\/image_6483441-1.jpg?v=1692049888","width":1024,"height":808},{"@type":"BreadcrumbList","@id":"https:\/\/iberoid-shop.com\/fr\/product\/pack3-oxymetobol-oxymetolon50mg-100-tabs-pharmabol\/#breadcrumb","itemListElement":[{"@type":"ListItem","position":1,"name":"Portada","item":"https:\/\/iberoid-shop.com\/fr\/"},{"@type":"ListItem","position":2,"name":"Magasin","item":"https:\/\/iberoid-shop.com\/fr\/shop\/"},{"@type":"ListItem","position":3,"name":"PACK3 OXYMETOBOL \/ OXYMETOLON 50MG &#8211; 100 TABS"}]},{"@type":"WebSite","@id":"https:\/\/iberoid-shop.com\/fr\/#website","url":"https:\/\/iberoid-shop.com\/fr\/","name":"(Espa\u00f1ol) Esteroides en l\u00ednea","description":"(Espa\u00f1ol) Comprar esteroides en l\u00ednea hoy en Espa\u00f1a y Portugal. Tenemos el mejor servicio al cliente en la industria y los productos de la m\u00e1s alta calidad","potentialAction":[{"@type":"SearchAction","target":{"@type":"EntryPoint","urlTemplate":"https:\/\/iberoid-shop.com\/fr\/?s={search_term_string}"},"query-input":{"@type":"PropertyValueSpecification","valueRequired":true,"valueName":"search_term_string"}}],"inLanguage":"fr-FR"}]},"product_brand":"Pharmabol","product_price_amount":"80.00","product_price_currency":"EUR","og_availability":"instock","product_availability":"instock","product_condition":"new"},"_links":{"self":[{"href":"https:\/\/iberoid-shop.com\/fr\/wp-json\/wp\/v2\/product\/8817","targetHints":{"allow":["GET"]}}],"collection":[{"href":"https:\/\/iberoid-shop.com\/fr\/wp-json\/wp\/v2\/product"}],"about":[{"href":"https:\/\/iberoid-shop.com\/fr\/wp-json\/wp\/v2\/types\/product"}],"replies":[{"embeddable":true,"href":"https:\/\/iberoid-shop.com\/fr\/wp-json\/wp\/v2\/comments?post=8817"}],"wp:featuredmedia":[{"embeddable":true,"href":"https:\/\/iberoid-shop.com\/fr\/wp-json\/wp\/v2\/media\/8819"}],"wp:attachment":[{"href":"https:\/\/iberoid-shop.com\/fr\/wp-json\/wp\/v2\/media?parent=8817"}],"wp:term":[{"taxonomy":"product_brand","embeddable":true,"href":"https:\/\/iberoid-shop.com\/fr\/wp-json\/wp\/v2\/product_brand?post=8817"},{"taxonomy":"product_cat","embeddable":true,"href":"https:\/\/iberoid-shop.com\/fr\/wp-json\/wp\/v2\/product_cat?post=8817"},{"taxonomy":"product_tag","embeddable":true,"href":"https:\/\/iberoid-shop.com\/fr\/wp-json\/wp\/v2\/product_tag?post=8817"}],"curies":[{"name":"wp","href":"https:\/\/api.w.org\/{rel}","templated":true}]}}