{"id":8741,"date":"2023-07-26T20:52:41","date_gmt":"2023-07-26T20:52:41","guid":{"rendered":"https:\/\/iberoid-shop.com\/?post_type=product&#038;p=8741"},"modified":"2024-05-12T17:14:08","modified_gmt":"2024-05-12T17:14:08","slug":"pak3sarms-cardarine-20-mg-30-capsulas","status":"publish","type":"product","link":"https:\/\/iberoid-shop.com\/fr\/product\/pak3sarms-cardarine-20-mg-30-capsulas\/","title":{"rendered":"PAK3 SARMS CARDARINE  20 MG \/ 30 CAPSULAS"},"content":{"rendered":"<p>SHRED (GW-501516), \u00e9galement connu sous le nom de Cardarine, agit en activant les m\u00eames voies qui sont activ\u00e9es lorsque nous effectuons des exercices cardiovasculaires. Il a \u00e9t\u00e9 initialement d\u00e9velopp\u00e9 pour traiter l\u2019ob\u00e9sit\u00e9 et d\u2019autres maladies m\u00e9taboliques.<\/p>\n<p>Des \u00e9tudes ont montr\u00e9 que la Cardarine a la capacit\u00e9 de br\u00fbler les graisses en augmentant l&rsquo;absorption du glucose dans les tissus musculaires squelettiques, ce qui modifie le m\u00e9tabolisme du corps pour br\u00fbler les graisses comme source d&rsquo;\u00e9nergie au lieu de muscles et\/ou de sucres. Achetez le GW-501516 aupr\u00e8s du fournisseur le plus fiable du Royaume-Uni et d\u2019Europe.<\/p>\n<p>Incroyablement, il fait tout cela sans faire chuter le taux de sucre dans le sang et est \u00e9galement totalement non stimulant. Dans les \u00e9tudes, Cardarine a permis aux sujets test\u00e9s d&rsquo;effectuer des s\u00e9ances d&rsquo;exercices de plus en plus longues tout en r\u00e9duisant le temps de r\u00e9cup\u00e9ration entre les s\u00e9ries tout en augmentant le nombre de r\u00e9p\u00e9titions ou de mouvements avant d&rsquo;atteindre l&rsquo;\u00e9puisement.<\/p>","protected":false},"excerpt":{"rendered":"<p>SHRED (GW-501516), \u00e9galement connu sous le nom de Cardarine, agit en activant les m\u00eames voies qui sont activ\u00e9es lorsque nous<\/p>\n","protected":false},"featured_media":8733,"comment_status":"open","ping_status":"closed","template":"","meta":[],"product_brand":[],"product_cat":[3474],"product_tag":[],"class_list":{"0":"post-8741","1":"product","2":"type-product","3":"status-publish","4":"has-post-thumbnail","6":"product_cat-packs","8":"first","9":"outofstock","10":"sale","11":"shipping-taxable","12":"purchasable","13":"product-type-simple"},"yoast_head":"<!-- This site is optimized with the Yoast SEO Premium plugin v24.4 (Yoast SEO v27.3) - https:\/\/yoast.com\/product\/yoast-seo-premium-wordpress\/ -->\n<title>PAK3 SARMS CARDARINE 20 MG \/ 30 CAPSULAS - (Espa\u00f1ol) Esteroides en l\u00ednea<\/title>\n<meta name=\"robots\" content=\"index, follow, max-snippet:-1, max-image-preview:large, max-video-preview:-1\" \/>\n<link rel=\"canonical\" href=\"https:\/\/iberoid-shop.com\/fr\/product\/pak3sarms-cardarine-20-mg-30-capsulas\/\" \/>\n<meta property=\"og:locale\" content=\"fr_FR\" \/>\n<meta property=\"og:type\" content=\"article\" \/>\n<meta property=\"og:title\" content=\"PAK3 SARMS CARDARINE 20 MG \/ 30 CAPSULAS\" \/>\n<meta property=\"og:description\" content=\"SHRED (GW-501516), \u00e9galement connu sous le nom de Cardarine, agit en activant les m\u00eames voies qui sont activ\u00e9es lorsque nous\" \/>\n<meta property=\"og:url\" content=\"https:\/\/iberoid-shop.com\/fr\/product\/pak3sarms-cardarine-20-mg-30-capsulas\/\" \/>\n<meta property=\"og:site_name\" content=\"(Espa\u00f1ol) Esteroides en l\u00ednea\" \/>\n<meta property=\"article:modified_time\" content=\"2024-05-12T17:14:08+00:00\" \/>\n<meta property=\"og:image\" content=\"https:\/\/iberoid-shop.com\/wp-content\/uploads\/2023\/07\/IMG-0762-scaled.jpg?v=1690376334\" \/>\n\t<meta property=\"og:image:width\" content=\"1920\" \/>\n\t<meta property=\"og:image:height\" content=\"2560\" \/>\n\t<meta property=\"og:image:type\" content=\"image\/jpeg\" \/>\n<meta name=\"twitter:card\" content=\"summary_large_image\" \/>\n<meta name=\"twitter:label1\" content=\"Prix\" \/>\n\t<meta name=\"twitter:data1\" content=\"&euro;50.00\" \/>\n\t<meta name=\"twitter:label2\" content=\"Disponibilit\u00e9\" \/>\n\t<meta name=\"twitter:data2\" content=\"Rupture de stock\" \/>\n<script type=\"application\/ld+json\" class=\"yoast-schema-graph\">{\"@context\":\"https:\\\/\\\/schema.org\",\"@graph\":[{\"@type\":\"WebPage\",\"@id\":\"https:\\\/\\\/iberoid-shop.com\\\/fr\\\/product\\\/pak3sarms-cardarine-20-mg-30-capsulas\\\/\",\"url\":\"https:\\\/\\\/iberoid-shop.com\\\/fr\\\/product\\\/pak3sarms-cardarine-20-mg-30-capsulas\\\/\",\"name\":\"PAK3 SARMS CARDARINE 20 MG \\\/ 30 CAPSULAS - (Espa\u00f1ol) Esteroides en l\u00ednea\",\"isPartOf\":{\"@id\":\"https:\\\/\\\/iberoid-shop.com\\\/fr\\\/#website\"},\"primaryImageOfPage\":{\"@id\":\"https:\\\/\\\/iberoid-shop.com\\\/fr\\\/product\\\/pak3sarms-cardarine-20-mg-30-capsulas\\\/#primaryimage\"},\"image\":{\"@id\":\"https:\\\/\\\/iberoid-shop.com\\\/fr\\\/product\\\/pak3sarms-cardarine-20-mg-30-capsulas\\\/#primaryimage\"},\"thumbnailUrl\":\"https:\\\/\\\/iberoid-shop.com\\\/wp-content\\\/uploads\\\/2023\\\/07\\\/IMG-0762-scaled.jpg?v=1690376334\",\"datePublished\":\"2023-07-26T20:52:41+00:00\",\"dateModified\":\"2024-05-12T17:14:08+00:00\",\"breadcrumb\":{\"@id\":\"https:\\\/\\\/iberoid-shop.com\\\/fr\\\/product\\\/pak3sarms-cardarine-20-mg-30-capsulas\\\/#breadcrumb\"},\"inLanguage\":\"fr-FR\",\"potentialAction\":[{\"@type\":\"ReadAction\",\"target\":[[\"https:\\\/\\\/iberoid-shop.com\\\/fr\\\/product\\\/pak3sarms-cardarine-20-mg-30-capsulas\\\/\"]]}]},{\"@type\":\"ImageObject\",\"inLanguage\":\"fr-FR\",\"@id\":\"https:\\\/\\\/iberoid-shop.com\\\/fr\\\/product\\\/pak3sarms-cardarine-20-mg-30-capsulas\\\/#primaryimage\",\"url\":\"https:\\\/\\\/iberoid-shop.com\\\/wp-content\\\/uploads\\\/2023\\\/07\\\/IMG-0762-scaled.jpg?v=1690376334\",\"contentUrl\":\"https:\\\/\\\/iberoid-shop.com\\\/wp-content\\\/uploads\\\/2023\\\/07\\\/IMG-0762-scaled.jpg?v=1690376334\",\"width\":1920,\"height\":2560},{\"@type\":\"BreadcrumbList\",\"@id\":\"https:\\\/\\\/iberoid-shop.com\\\/fr\\\/product\\\/pak3sarms-cardarine-20-mg-30-capsulas\\\/#breadcrumb\",\"itemListElement\":[{\"@type\":\"ListItem\",\"position\":1,\"name\":\"Portada\",\"item\":\"https:\\\/\\\/iberoid-shop.com\\\/fr\\\/\"},{\"@type\":\"ListItem\",\"position\":2,\"name\":\"Magasin\",\"item\":\"https:\\\/\\\/iberoid-shop.com\\\/fr\\\/shop\\\/\"},{\"@type\":\"ListItem\",\"position\":3,\"name\":\"PAK3 SARMS CARDARINE 20 MG \\\/ 30 CAPSULAS\"}]},{\"@type\":\"WebSite\",\"@id\":\"https:\\\/\\\/iberoid-shop.com\\\/fr\\\/#website\",\"url\":\"https:\\\/\\\/iberoid-shop.com\\\/fr\\\/\",\"name\":\"(Espa\u00f1ol) Esteroides en l\u00ednea\",\"description\":\"(Espa\u00f1ol) Comprar esteroides en l\u00ednea hoy en Espa\u00f1a y Portugal. Tenemos el mejor servicio al cliente en la industria y los productos de la m\u00e1s alta calidad\",\"potentialAction\":[{\"@type\":\"SearchAction\",\"target\":{\"@type\":\"EntryPoint\",\"urlTemplate\":\"https:\\\/\\\/iberoid-shop.com\\\/fr\\\/?s={search_term_string}\"},\"query-input\":{\"@type\":\"PropertyValueSpecification\",\"valueRequired\":true,\"valueName\":\"search_term_string\"}}],\"inLanguage\":\"fr-FR\"}]}<\/script>\n<meta property=\"product:price:amount\" content=\"50.00\" \/>\n<meta property=\"product:price:currency\" content=\"EUR\" \/>\n<meta property=\"og:availability\" content=\"out of stock\" \/>\n<meta property=\"product:availability\" content=\"out of stock\" \/>\n<meta property=\"product:condition\" content=\"new\" \/>\n<!-- \/ Yoast SEO Premium plugin. -->","yoast_head_json":{"title":"PAK3 SARMS CARDARINE 20 MG \/ 30 CAPSULAS - (Espa\u00f1ol) Esteroides en l\u00ednea","robots":{"index":"index","follow":"follow","max-snippet":"max-snippet:-1","max-image-preview":"max-image-preview:large","max-video-preview":"max-video-preview:-1"},"canonical":"https:\/\/iberoid-shop.com\/fr\/product\/pak3sarms-cardarine-20-mg-30-capsulas\/","og_locale":"fr_FR","og_type":"article","og_title":"PAK3 SARMS CARDARINE 20 MG \/ 30 CAPSULAS","og_description":"SHRED (GW-501516), \u00e9galement connu sous le nom de Cardarine, agit en activant les m\u00eames voies qui sont activ\u00e9es lorsque nous","og_url":"https:\/\/iberoid-shop.com\/fr\/product\/pak3sarms-cardarine-20-mg-30-capsulas\/","og_site_name":"(Espa\u00f1ol) Esteroides en l\u00ednea","article_modified_time":"2024-05-12T17:14:08+00:00","og_image":[{"width":1920,"height":2560,"url":"https:\/\/iberoid-shop.com\/wp-content\/uploads\/2023\/07\/IMG-0762-scaled.jpg?v=1690376334","type":"image\/jpeg"}],"twitter_card":"summary_large_image","twitter_misc":{"Prix":"&euro;50.00","Disponibilit\u00e9":"Rupture de stock"},"schema":{"@context":"https:\/\/schema.org","@graph":[{"@type":"WebPage","@id":"https:\/\/iberoid-shop.com\/fr\/product\/pak3sarms-cardarine-20-mg-30-capsulas\/","url":"https:\/\/iberoid-shop.com\/fr\/product\/pak3sarms-cardarine-20-mg-30-capsulas\/","name":"PAK3 SARMS CARDARINE 20 MG \/ 30 CAPSULAS - (Espa\u00f1ol) Esteroides en l\u00ednea","isPartOf":{"@id":"https:\/\/iberoid-shop.com\/fr\/#website"},"primaryImageOfPage":{"@id":"https:\/\/iberoid-shop.com\/fr\/product\/pak3sarms-cardarine-20-mg-30-capsulas\/#primaryimage"},"image":{"@id":"https:\/\/iberoid-shop.com\/fr\/product\/pak3sarms-cardarine-20-mg-30-capsulas\/#primaryimage"},"thumbnailUrl":"https:\/\/iberoid-shop.com\/wp-content\/uploads\/2023\/07\/IMG-0762-scaled.jpg?v=1690376334","datePublished":"2023-07-26T20:52:41+00:00","dateModified":"2024-05-12T17:14:08+00:00","breadcrumb":{"@id":"https:\/\/iberoid-shop.com\/fr\/product\/pak3sarms-cardarine-20-mg-30-capsulas\/#breadcrumb"},"inLanguage":"fr-FR","potentialAction":[{"@type":"ReadAction","target":[["https:\/\/iberoid-shop.com\/fr\/product\/pak3sarms-cardarine-20-mg-30-capsulas\/"]]}]},{"@type":"ImageObject","inLanguage":"fr-FR","@id":"https:\/\/iberoid-shop.com\/fr\/product\/pak3sarms-cardarine-20-mg-30-capsulas\/#primaryimage","url":"https:\/\/iberoid-shop.com\/wp-content\/uploads\/2023\/07\/IMG-0762-scaled.jpg?v=1690376334","contentUrl":"https:\/\/iberoid-shop.com\/wp-content\/uploads\/2023\/07\/IMG-0762-scaled.jpg?v=1690376334","width":1920,"height":2560},{"@type":"BreadcrumbList","@id":"https:\/\/iberoid-shop.com\/fr\/product\/pak3sarms-cardarine-20-mg-30-capsulas\/#breadcrumb","itemListElement":[{"@type":"ListItem","position":1,"name":"Portada","item":"https:\/\/iberoid-shop.com\/fr\/"},{"@type":"ListItem","position":2,"name":"Magasin","item":"https:\/\/iberoid-shop.com\/fr\/shop\/"},{"@type":"ListItem","position":3,"name":"PAK3 SARMS CARDARINE 20 MG \/ 30 CAPSULAS"}]},{"@type":"WebSite","@id":"https:\/\/iberoid-shop.com\/fr\/#website","url":"https:\/\/iberoid-shop.com\/fr\/","name":"(Espa\u00f1ol) Esteroides en l\u00ednea","description":"(Espa\u00f1ol) Comprar esteroides en l\u00ednea hoy en Espa\u00f1a y Portugal. Tenemos el mejor servicio al cliente en la industria y los productos de la m\u00e1s alta calidad","potentialAction":[{"@type":"SearchAction","target":{"@type":"EntryPoint","urlTemplate":"https:\/\/iberoid-shop.com\/fr\/?s={search_term_string}"},"query-input":{"@type":"PropertyValueSpecification","valueRequired":true,"valueName":"search_term_string"}}],"inLanguage":"fr-FR"}]},"product_price_amount":"50.00","product_price_currency":"EUR","og_availability":"out of stock","product_availability":"out of stock","product_condition":"new"},"_links":{"self":[{"href":"https:\/\/iberoid-shop.com\/fr\/wp-json\/wp\/v2\/product\/8741","targetHints":{"allow":["GET"]}}],"collection":[{"href":"https:\/\/iberoid-shop.com\/fr\/wp-json\/wp\/v2\/product"}],"about":[{"href":"https:\/\/iberoid-shop.com\/fr\/wp-json\/wp\/v2\/types\/product"}],"replies":[{"embeddable":true,"href":"https:\/\/iberoid-shop.com\/fr\/wp-json\/wp\/v2\/comments?post=8741"}],"wp:featuredmedia":[{"embeddable":true,"href":"https:\/\/iberoid-shop.com\/fr\/wp-json\/wp\/v2\/media\/8733"}],"wp:attachment":[{"href":"https:\/\/iberoid-shop.com\/fr\/wp-json\/wp\/v2\/media?parent=8741"}],"wp:term":[{"taxonomy":"product_brand","embeddable":true,"href":"https:\/\/iberoid-shop.com\/fr\/wp-json\/wp\/v2\/product_brand?post=8741"},{"taxonomy":"product_cat","embeddable":true,"href":"https:\/\/iberoid-shop.com\/fr\/wp-json\/wp\/v2\/product_cat?post=8741"},{"taxonomy":"product_tag","embeddable":true,"href":"https:\/\/iberoid-shop.com\/fr\/wp-json\/wp\/v2\/product_tag?post=8741"}],"curies":[{"name":"wp","href":"https:\/\/api.w.org\/{rel}","templated":true}]}}