{"id":8738,"date":"2023-07-26T13:47:10","date_gmt":"2023-07-26T13:47:10","guid":{"rendered":"https:\/\/iberoid-shop.com\/?post_type=product&#038;p=8738"},"modified":"2025-05-11T13:19:51","modified_gmt":"2025-05-11T13:19:51","slug":"pak3-testosteron-propionateepf-30-ampollas","status":"publish","type":"product","link":"https:\/\/iberoid-shop.com\/fr\/product\/pak3-testosteron-propionateepf-30-ampollas\/","title":{"rendered":"PAK3 &#8211; TESTOSTERON PROPIONATE \/ 30 AMPOLLAS\/EPF"},"content":{"rendered":"<p>Acheter du propionate de testost\u00e9rone \u2013 Une forme complexe et synth\u00e9tique de testost\u00e9rone. Il s&rsquo;agit d&rsquo;un compos\u00e9 mono-ester. Il est \u00e9galement utilis\u00e9 pour contr\u00f4ler la lib\u00e9ration d\u2019hormones et maintenir les taux sanguins stables. Il est tr\u00e8s utilis\u00e9 dans l\u2019industrie du sport pour am\u00e9liorer les performances sportives.<\/p>\n<p>Effets:<\/p>\n<p>Achetez du propionate de testost\u00e9rone \u2013 Augmentez la testost\u00e9rone. Il s\u2019agit d\u2019un m\u00e9dicament am\u00e9liorant les performances, car des niveaux \u00e9lev\u00e9s de testost\u00e9rone entra\u00eenent une augmentation de la masse musculaire maigre et de la force.<\/p>\n<p>Le produit fournit de la testost\u00e9rone, qui agit comme un protecteur musculaire et \u00e9vite \u00e0 l\u2019organisme la perte de tissu musculaire.<\/p>\n<p>Avantages:<\/p>\n<p>Am\u00e9liore les performances<\/p>\n<p>Le propionate de testost\u00e9rone est un m\u00e9dicament am\u00e9liorant les performances. Cela permet non seulement d\u2019\u00e9conomiser de la masse musculaire, mais \u00e9galement de d\u00e9velopper davantage de tissu musculaire. Cela augmente la force. Le produit entra\u00eene une augmentation du nombre de globules rouges. Les globules rouges sont les transporteurs d&rsquo;oxyg\u00e8ne. Une augmentation de l\u2019oxyg\u00e9nation entra\u00eene une plus grande force musculaire, une plus grande endurance et une plus grande r\u00e9paration des tissus endommag\u00e9s.<\/p>\n<p>Construit des prot\u00e9ines<\/p>\n<p>Le produit poss\u00e8de \u00e9galement des propri\u00e9t\u00e9s de construction de prot\u00e9ines, qui conduisent \u00e0 une meilleure r\u00e9paration et synth\u00e8se de nombreux tissus corporels. Puisque les prot\u00e9ines sont l\u2019\u00e9l\u00e9ment constitutif des tissus corporels. Le produit poss\u00e8de \u00e9galement des propri\u00e9t\u00e9s de r\u00e9tention d\u2019azote. L&rsquo;azote cr\u00e9e un environnement anabolisant. Tous les tissus maigres contiennent environ 16 % d&rsquo;azote. De faibles niveaux d\u2019azote peuvent \u00eatre destructeurs pour la masse musculaire.<\/p>\n<p>R\u00e9duit le stress<\/p>\n<p>Le propionate de testost\u00e9rone r\u00e9duit \u00e9galement les hormones du stress comme le cortisol. Pass\u00e9 un certain niveau, les hormones du stress peuvent \u00eatre destructrices et entra\u00eener des l\u00e9sions musculaires. Les hormones de stress favorisent \u00e9galement les hormones de formation de graisse et forment un environnement catabolique. Mais le produit peut vous \u00e9viter tous ces probl\u00e8mes.<\/p>","protected":false},"excerpt":{"rendered":"<p>Acheter du propionate de testost\u00e9rone \u2013 Une forme complexe et synth\u00e9tique de testost\u00e9rone. Il s&rsquo;agit d&rsquo;un compos\u00e9 mono-ester. Il est<\/p>\n","protected":false},"featured_media":8740,"comment_status":"open","ping_status":"closed","template":"","meta":[],"product_brand":[],"product_cat":[3474],"product_tag":[],"class_list":{"0":"post-8738","1":"product","2":"type-product","3":"status-publish","4":"has-post-thumbnail","6":"product_cat-packs","8":"first","9":"outofstock","10":"sale","11":"shipping-taxable","12":"purchasable","13":"product-type-simple"},"yoast_head":"<!-- This site is optimized with the Yoast SEO Premium plugin v24.4 (Yoast SEO v27.3) - https:\/\/yoast.com\/product\/yoast-seo-premium-wordpress\/ -->\n<title>PAK3 - TESTOSTERON PROPIONATE \/ 30 AMPOLLAS\/EPF - (Espa\u00f1ol) Esteroides en l\u00ednea<\/title>\n<meta name=\"robots\" content=\"index, follow, max-snippet:-1, max-image-preview:large, max-video-preview:-1\" \/>\n<link rel=\"canonical\" href=\"https:\/\/iberoid-shop.com\/fr\/product\/pak3-testosteron-propionateepf-30-ampollas\/\" \/>\n<meta property=\"og:locale\" content=\"fr_FR\" \/>\n<meta property=\"og:type\" content=\"article\" \/>\n<meta property=\"og:title\" content=\"PAK3 - TESTOSTERON PROPIONATE \/ 30 AMPOLLAS\/EPF\" \/>\n<meta property=\"og:description\" content=\"Acheter du propionate de testost\u00e9rone \u2013 Une forme complexe et synth\u00e9tique de testost\u00e9rone. Il s&rsquo;agit d&rsquo;un compos\u00e9 mono-ester. Il est\" \/>\n<meta property=\"og:url\" content=\"https:\/\/iberoid-shop.com\/fr\/product\/pak3-testosteron-propionateepf-30-ampollas\/\" \/>\n<meta property=\"og:site_name\" content=\"(Espa\u00f1ol) Esteroides en l\u00ednea\" \/>\n<meta property=\"article:modified_time\" content=\"2025-05-11T13:19:51+00:00\" \/>\n<meta property=\"og:image\" content=\"https:\/\/iberoid-shop.com\/wp-content\/uploads\/2023\/07\/Testosterone-Propionate-EPF.jpg?v=1690379150\" \/>\n\t<meta property=\"og:image:width\" content=\"800\" \/>\n\t<meta property=\"og:image:height\" content=\"346\" \/>\n\t<meta property=\"og:image:type\" content=\"image\/jpeg\" \/>\n<meta name=\"twitter:card\" content=\"summary_large_image\" \/>\n<meta name=\"twitter:label1\" content=\"Prix\" \/>\n\t<meta name=\"twitter:data1\" content=\"&euro;55.00\" \/>\n\t<meta name=\"twitter:label2\" content=\"Disponibilit\u00e9\" \/>\n\t<meta name=\"twitter:data2\" content=\"Rupture de stock\" \/>\n<script type=\"application\/ld+json\" class=\"yoast-schema-graph\">{\"@context\":\"https:\\\/\\\/schema.org\",\"@graph\":[{\"@type\":\"WebPage\",\"@id\":\"https:\\\/\\\/iberoid-shop.com\\\/fr\\\/product\\\/pak3-testosteron-propionateepf-30-ampollas\\\/\",\"url\":\"https:\\\/\\\/iberoid-shop.com\\\/fr\\\/product\\\/pak3-testosteron-propionateepf-30-ampollas\\\/\",\"name\":\"PAK3 - TESTOSTERON PROPIONATE \\\/ 30 AMPOLLAS\\\/EPF - (Espa\u00f1ol) Esteroides en l\u00ednea\",\"isPartOf\":{\"@id\":\"https:\\\/\\\/iberoid-shop.com\\\/fr\\\/#website\"},\"primaryImageOfPage\":{\"@id\":\"https:\\\/\\\/iberoid-shop.com\\\/fr\\\/product\\\/pak3-testosteron-propionateepf-30-ampollas\\\/#primaryimage\"},\"image\":{\"@id\":\"https:\\\/\\\/iberoid-shop.com\\\/fr\\\/product\\\/pak3-testosteron-propionateepf-30-ampollas\\\/#primaryimage\"},\"thumbnailUrl\":\"https:\\\/\\\/iberoid-shop.com\\\/wp-content\\\/uploads\\\/2023\\\/07\\\/Testosterone-Propionate-EPF.jpg?v=1690379150\",\"datePublished\":\"2023-07-26T13:47:10+00:00\",\"dateModified\":\"2025-05-11T13:19:51+00:00\",\"breadcrumb\":{\"@id\":\"https:\\\/\\\/iberoid-shop.com\\\/fr\\\/product\\\/pak3-testosteron-propionateepf-30-ampollas\\\/#breadcrumb\"},\"inLanguage\":\"fr-FR\",\"potentialAction\":[{\"@type\":\"ReadAction\",\"target\":[[\"https:\\\/\\\/iberoid-shop.com\\\/fr\\\/product\\\/pak3-testosteron-propionateepf-30-ampollas\\\/\"]]}]},{\"@type\":\"ImageObject\",\"inLanguage\":\"fr-FR\",\"@id\":\"https:\\\/\\\/iberoid-shop.com\\\/fr\\\/product\\\/pak3-testosteron-propionateepf-30-ampollas\\\/#primaryimage\",\"url\":\"https:\\\/\\\/iberoid-shop.com\\\/wp-content\\\/uploads\\\/2023\\\/07\\\/Testosterone-Propionate-EPF.jpg?v=1690379150\",\"contentUrl\":\"https:\\\/\\\/iberoid-shop.com\\\/wp-content\\\/uploads\\\/2023\\\/07\\\/Testosterone-Propionate-EPF.jpg?v=1690379150\",\"width\":800,\"height\":346},{\"@type\":\"BreadcrumbList\",\"@id\":\"https:\\\/\\\/iberoid-shop.com\\\/fr\\\/product\\\/pak3-testosteron-propionateepf-30-ampollas\\\/#breadcrumb\",\"itemListElement\":[{\"@type\":\"ListItem\",\"position\":1,\"name\":\"Portada\",\"item\":\"https:\\\/\\\/iberoid-shop.com\\\/fr\\\/\"},{\"@type\":\"ListItem\",\"position\":2,\"name\":\"Magasin\",\"item\":\"https:\\\/\\\/iberoid-shop.com\\\/fr\\\/shop\\\/\"},{\"@type\":\"ListItem\",\"position\":3,\"name\":\"PAK3 &#8211; TESTOSTERON PROPIONATE \\\/ 30 AMPOLLAS\\\/EPF\"}]},{\"@type\":\"WebSite\",\"@id\":\"https:\\\/\\\/iberoid-shop.com\\\/fr\\\/#website\",\"url\":\"https:\\\/\\\/iberoid-shop.com\\\/fr\\\/\",\"name\":\"(Espa\u00f1ol) Esteroides en l\u00ednea\",\"description\":\"(Espa\u00f1ol) Comprar esteroides en l\u00ednea hoy en Espa\u00f1a y Portugal. Tenemos el mejor servicio al cliente en la industria y los productos de la m\u00e1s alta calidad\",\"potentialAction\":[{\"@type\":\"SearchAction\",\"target\":{\"@type\":\"EntryPoint\",\"urlTemplate\":\"https:\\\/\\\/iberoid-shop.com\\\/fr\\\/?s={search_term_string}\"},\"query-input\":{\"@type\":\"PropertyValueSpecification\",\"valueRequired\":true,\"valueName\":\"search_term_string\"}}],\"inLanguage\":\"fr-FR\"}]}<\/script>\n<meta property=\"product:brand\" content=\"Euro Prime Pharmaceuticals (EPF)\" \/>\n<meta property=\"product:price:amount\" content=\"55.00\" \/>\n<meta property=\"product:price:currency\" content=\"EUR\" \/>\n<meta property=\"og:availability\" content=\"out of stock\" \/>\n<meta property=\"product:availability\" content=\"out of stock\" \/>\n<meta property=\"product:condition\" content=\"new\" \/>\n<!-- \/ Yoast SEO Premium plugin. -->","yoast_head_json":{"title":"PAK3 - TESTOSTERON PROPIONATE \/ 30 AMPOLLAS\/EPF - (Espa\u00f1ol) Esteroides en l\u00ednea","robots":{"index":"index","follow":"follow","max-snippet":"max-snippet:-1","max-image-preview":"max-image-preview:large","max-video-preview":"max-video-preview:-1"},"canonical":"https:\/\/iberoid-shop.com\/fr\/product\/pak3-testosteron-propionateepf-30-ampollas\/","og_locale":"fr_FR","og_type":"article","og_title":"PAK3 - TESTOSTERON PROPIONATE \/ 30 AMPOLLAS\/EPF","og_description":"Acheter du propionate de testost\u00e9rone \u2013 Une forme complexe et synth\u00e9tique de testost\u00e9rone. Il s&rsquo;agit d&rsquo;un compos\u00e9 mono-ester. Il est","og_url":"https:\/\/iberoid-shop.com\/fr\/product\/pak3-testosteron-propionateepf-30-ampollas\/","og_site_name":"(Espa\u00f1ol) Esteroides en l\u00ednea","article_modified_time":"2025-05-11T13:19:51+00:00","og_image":[{"width":800,"height":346,"url":"https:\/\/iberoid-shop.com\/wp-content\/uploads\/2023\/07\/Testosterone-Propionate-EPF.jpg?v=1690379150","type":"image\/jpeg"}],"twitter_card":"summary_large_image","twitter_misc":{"Prix":"&euro;55.00","Disponibilit\u00e9":"Rupture de stock"},"schema":{"@context":"https:\/\/schema.org","@graph":[{"@type":"WebPage","@id":"https:\/\/iberoid-shop.com\/fr\/product\/pak3-testosteron-propionateepf-30-ampollas\/","url":"https:\/\/iberoid-shop.com\/fr\/product\/pak3-testosteron-propionateepf-30-ampollas\/","name":"PAK3 - TESTOSTERON PROPIONATE \/ 30 AMPOLLAS\/EPF - (Espa\u00f1ol) Esteroides en l\u00ednea","isPartOf":{"@id":"https:\/\/iberoid-shop.com\/fr\/#website"},"primaryImageOfPage":{"@id":"https:\/\/iberoid-shop.com\/fr\/product\/pak3-testosteron-propionateepf-30-ampollas\/#primaryimage"},"image":{"@id":"https:\/\/iberoid-shop.com\/fr\/product\/pak3-testosteron-propionateepf-30-ampollas\/#primaryimage"},"thumbnailUrl":"https:\/\/iberoid-shop.com\/wp-content\/uploads\/2023\/07\/Testosterone-Propionate-EPF.jpg?v=1690379150","datePublished":"2023-07-26T13:47:10+00:00","dateModified":"2025-05-11T13:19:51+00:00","breadcrumb":{"@id":"https:\/\/iberoid-shop.com\/fr\/product\/pak3-testosteron-propionateepf-30-ampollas\/#breadcrumb"},"inLanguage":"fr-FR","potentialAction":[{"@type":"ReadAction","target":[["https:\/\/iberoid-shop.com\/fr\/product\/pak3-testosteron-propionateepf-30-ampollas\/"]]}]},{"@type":"ImageObject","inLanguage":"fr-FR","@id":"https:\/\/iberoid-shop.com\/fr\/product\/pak3-testosteron-propionateepf-30-ampollas\/#primaryimage","url":"https:\/\/iberoid-shop.com\/wp-content\/uploads\/2023\/07\/Testosterone-Propionate-EPF.jpg?v=1690379150","contentUrl":"https:\/\/iberoid-shop.com\/wp-content\/uploads\/2023\/07\/Testosterone-Propionate-EPF.jpg?v=1690379150","width":800,"height":346},{"@type":"BreadcrumbList","@id":"https:\/\/iberoid-shop.com\/fr\/product\/pak3-testosteron-propionateepf-30-ampollas\/#breadcrumb","itemListElement":[{"@type":"ListItem","position":1,"name":"Portada","item":"https:\/\/iberoid-shop.com\/fr\/"},{"@type":"ListItem","position":2,"name":"Magasin","item":"https:\/\/iberoid-shop.com\/fr\/shop\/"},{"@type":"ListItem","position":3,"name":"PAK3 &#8211; TESTOSTERON PROPIONATE \/ 30 AMPOLLAS\/EPF"}]},{"@type":"WebSite","@id":"https:\/\/iberoid-shop.com\/fr\/#website","url":"https:\/\/iberoid-shop.com\/fr\/","name":"(Espa\u00f1ol) Esteroides en l\u00ednea","description":"(Espa\u00f1ol) Comprar esteroides en l\u00ednea hoy en Espa\u00f1a y Portugal. Tenemos el mejor servicio al cliente en la industria y los productos de la m\u00e1s alta calidad","potentialAction":[{"@type":"SearchAction","target":{"@type":"EntryPoint","urlTemplate":"https:\/\/iberoid-shop.com\/fr\/?s={search_term_string}"},"query-input":{"@type":"PropertyValueSpecification","valueRequired":true,"valueName":"search_term_string"}}],"inLanguage":"fr-FR"}]},"product_brand":"Euro Prime Pharmaceuticals (EPF)","product_price_amount":"55.00","product_price_currency":"EUR","og_availability":"out of stock","product_availability":"out of stock","product_condition":"new"},"_links":{"self":[{"href":"https:\/\/iberoid-shop.com\/fr\/wp-json\/wp\/v2\/product\/8738","targetHints":{"allow":["GET"]}}],"collection":[{"href":"https:\/\/iberoid-shop.com\/fr\/wp-json\/wp\/v2\/product"}],"about":[{"href":"https:\/\/iberoid-shop.com\/fr\/wp-json\/wp\/v2\/types\/product"}],"replies":[{"embeddable":true,"href":"https:\/\/iberoid-shop.com\/fr\/wp-json\/wp\/v2\/comments?post=8738"}],"wp:featuredmedia":[{"embeddable":true,"href":"https:\/\/iberoid-shop.com\/fr\/wp-json\/wp\/v2\/media\/8740"}],"wp:attachment":[{"href":"https:\/\/iberoid-shop.com\/fr\/wp-json\/wp\/v2\/media?parent=8738"}],"wp:term":[{"taxonomy":"product_brand","embeddable":true,"href":"https:\/\/iberoid-shop.com\/fr\/wp-json\/wp\/v2\/product_brand?post=8738"},{"taxonomy":"product_cat","embeddable":true,"href":"https:\/\/iberoid-shop.com\/fr\/wp-json\/wp\/v2\/product_cat?post=8738"},{"taxonomy":"product_tag","embeddable":true,"href":"https:\/\/iberoid-shop.com\/fr\/wp-json\/wp\/v2\/product_tag?post=8738"}],"curies":[{"name":"wp","href":"https:\/\/api.w.org\/{rel}","templated":true}]}}