{"id":8731,"date":"2023-07-26T12:59:13","date_gmt":"2023-07-26T12:59:13","guid":{"rendered":"https:\/\/iberoid-shop.com\/?post_type=product&#038;p=8731"},"modified":"2024-05-12T15:55:18","modified_gmt":"2024-05-12T15:55:18","slug":"sarms-cardarine-20-mg-30-capsulas","status":"publish","type":"product","link":"https:\/\/iberoid-shop.com\/fr\/product\/sarms-cardarine-20-mg-30-capsulas\/","title":{"rendered":"SARMS\/CARDARINE &#8211; 20 MG \/ 30 CAPSULAS"},"content":{"rendered":"<p>La majorit\u00e9 des individus confondent g\u00e9n\u00e9ralement l\u2019amplificateur de performances Cardarine avec un SARM. Ce n\u2019est cependant pas un SARM. Les partisans de Cardarine affirment que cela pourrait stimuler ces r\u00e9cepteurs, permettant ainsi au corps de br\u00fbler les graisses, d\u2019am\u00e9liorer l\u2019endurance musculaire et de d\u00e9velopper une masse musculaire maigre.<\/p>\n<p>Avantages et utilisations<\/p>\n<p>L\u2019utilisation de Cardarine pr\u00e9sente de nombreux avantages. Ils comprennent les \u00e9l\u00e9ments suivants\u00a0:<\/p>\n<p>Endurance am\u00e9lior\u00e9e : L\u2019un des principaux avantages de Cardarine est qu\u2019elle am\u00e9liore l\u2019endurance. Cela permet aux athl\u00e8tes de d\u00e9ployer plus d\u2019efforts pendant des p\u00e9riodes plus longues, ce qui est avantageux dans les sports n\u00e9cessitant un effort ana\u00e9robie important ainsi que de l\u2019endurance.<br \/>\nIl existe des preuves que la Cardarine favorise la perte de graisse. Pour ceux qui souhaitent r\u00e9duire leur pourcentage de graisse corporelle, cela peut \u00eatre utile.<br \/>\nIl a \u00e9t\u00e9 d\u00e9montr\u00e9 que la cardarine r\u00e9duit l&rsquo;inflammation, ce qui est avantageux pour les personnes souffrant de maladies comme l&rsquo;asthme ou l&rsquo;arthrite.<br \/>\nIl a \u00e9t\u00e9 d\u00e9montr\u00e9 que la cardarine am\u00e9liore la sant\u00e9 cardiovasculaire en r\u00e9duisant les niveaux de mauvais cholest\u00e9rol et en augmentant les niveaux de bon cholest\u00e9rol.<br \/>\nPerformance physique accrue : il a \u00e9t\u00e9 d\u00e9montr\u00e9 que Cardarine augmente les performances physiques chez les personnes \u00e2g\u00e9es. Pour les personnes \u00e2g\u00e9es qui souhaitent continuer \u00e0 mener une vie active en vieillissant, cela peut \u00eatre utile.<\/p>","protected":false},"excerpt":{"rendered":"<p>La majorit\u00e9 des individus confondent g\u00e9n\u00e9ralement l\u2019amplificateur de performances Cardarine avec un SARM. Ce n\u2019est cependant pas un SARM. Les<\/p>\n","protected":false},"featured_media":8733,"comment_status":"open","ping_status":"closed","template":"","meta":[],"product_brand":[],"product_cat":[73],"product_tag":[],"class_list":{"0":"post-8731","1":"product","2":"type-product","3":"status-publish","4":"has-post-thumbnail","6":"product_cat-ssteroides_orales","8":"first","9":"outofstock","10":"sale","11":"shipping-taxable","12":"purchasable","13":"product-type-simple"},"yoast_head":"<!-- This site is optimized with the Yoast SEO Premium plugin v24.4 (Yoast SEO v27.3) - https:\/\/yoast.com\/product\/yoast-seo-premium-wordpress\/ -->\n<title>SARMS\/CARDARINE - 20 MG \/ 30 CAPSULAS - (Espa\u00f1ol) Esteroides en l\u00ednea<\/title>\n<meta name=\"robots\" content=\"index, follow, max-snippet:-1, max-image-preview:large, max-video-preview:-1\" \/>\n<link rel=\"canonical\" href=\"https:\/\/iberoid-shop.com\/fr\/product\/sarms-cardarine-20-mg-30-capsulas\/\" \/>\n<meta property=\"og:locale\" content=\"fr_FR\" \/>\n<meta property=\"og:type\" content=\"article\" \/>\n<meta property=\"og:title\" content=\"SARMS\/CARDARINE - 20 MG \/ 30 CAPSULAS\" \/>\n<meta property=\"og:description\" content=\"La majorit\u00e9 des individus confondent g\u00e9n\u00e9ralement l\u2019amplificateur de performances Cardarine avec un SARM. Ce n\u2019est cependant pas un SARM. Les\" \/>\n<meta property=\"og:url\" content=\"https:\/\/iberoid-shop.com\/fr\/product\/sarms-cardarine-20-mg-30-capsulas\/\" \/>\n<meta property=\"og:site_name\" content=\"(Espa\u00f1ol) Esteroides en l\u00ednea\" \/>\n<meta property=\"article:modified_time\" content=\"2024-05-12T15:55:18+00:00\" \/>\n<meta property=\"og:image\" content=\"https:\/\/iberoid-shop.com\/wp-content\/uploads\/2023\/07\/IMG-0762-scaled.jpg?v=1690376334\" \/>\n\t<meta property=\"og:image:width\" content=\"1920\" \/>\n\t<meta property=\"og:image:height\" content=\"2560\" \/>\n\t<meta property=\"og:image:type\" content=\"image\/jpeg\" \/>\n<meta name=\"twitter:card\" content=\"summary_large_image\" \/>\n<meta name=\"twitter:label1\" content=\"Prix\" \/>\n\t<meta name=\"twitter:data1\" content=\"&euro;25.00\" \/>\n\t<meta name=\"twitter:label2\" content=\"Disponibilit\u00e9\" \/>\n\t<meta name=\"twitter:data2\" content=\"Rupture de stock\" \/>\n<script type=\"application\/ld+json\" class=\"yoast-schema-graph\">{\"@context\":\"https:\\\/\\\/schema.org\",\"@graph\":[{\"@type\":\"WebPage\",\"@id\":\"https:\\\/\\\/iberoid-shop.com\\\/fr\\\/product\\\/sarms-cardarine-20-mg-30-capsulas\\\/\",\"url\":\"https:\\\/\\\/iberoid-shop.com\\\/fr\\\/product\\\/sarms-cardarine-20-mg-30-capsulas\\\/\",\"name\":\"SARMS\\\/CARDARINE - 20 MG \\\/ 30 CAPSULAS - (Espa\u00f1ol) Esteroides en l\u00ednea\",\"isPartOf\":{\"@id\":\"https:\\\/\\\/iberoid-shop.com\\\/fr\\\/#website\"},\"primaryImageOfPage\":{\"@id\":\"https:\\\/\\\/iberoid-shop.com\\\/fr\\\/product\\\/sarms-cardarine-20-mg-30-capsulas\\\/#primaryimage\"},\"image\":{\"@id\":\"https:\\\/\\\/iberoid-shop.com\\\/fr\\\/product\\\/sarms-cardarine-20-mg-30-capsulas\\\/#primaryimage\"},\"thumbnailUrl\":\"https:\\\/\\\/iberoid-shop.com\\\/wp-content\\\/uploads\\\/2023\\\/07\\\/IMG-0762-scaled.jpg?v=1690376334\",\"datePublished\":\"2023-07-26T12:59:13+00:00\",\"dateModified\":\"2024-05-12T15:55:18+00:00\",\"breadcrumb\":{\"@id\":\"https:\\\/\\\/iberoid-shop.com\\\/fr\\\/product\\\/sarms-cardarine-20-mg-30-capsulas\\\/#breadcrumb\"},\"inLanguage\":\"fr-FR\",\"potentialAction\":[{\"@type\":\"ReadAction\",\"target\":[[\"https:\\\/\\\/iberoid-shop.com\\\/fr\\\/product\\\/sarms-cardarine-20-mg-30-capsulas\\\/\"]]}]},{\"@type\":\"ImageObject\",\"inLanguage\":\"fr-FR\",\"@id\":\"https:\\\/\\\/iberoid-shop.com\\\/fr\\\/product\\\/sarms-cardarine-20-mg-30-capsulas\\\/#primaryimage\",\"url\":\"https:\\\/\\\/iberoid-shop.com\\\/wp-content\\\/uploads\\\/2023\\\/07\\\/IMG-0762-scaled.jpg?v=1690376334\",\"contentUrl\":\"https:\\\/\\\/iberoid-shop.com\\\/wp-content\\\/uploads\\\/2023\\\/07\\\/IMG-0762-scaled.jpg?v=1690376334\",\"width\":1920,\"height\":2560},{\"@type\":\"BreadcrumbList\",\"@id\":\"https:\\\/\\\/iberoid-shop.com\\\/fr\\\/product\\\/sarms-cardarine-20-mg-30-capsulas\\\/#breadcrumb\",\"itemListElement\":[{\"@type\":\"ListItem\",\"position\":1,\"name\":\"Portada\",\"item\":\"https:\\\/\\\/iberoid-shop.com\\\/fr\\\/\"},{\"@type\":\"ListItem\",\"position\":2,\"name\":\"Magasin\",\"item\":\"https:\\\/\\\/iberoid-shop.com\\\/fr\\\/shop\\\/\"},{\"@type\":\"ListItem\",\"position\":3,\"name\":\"SARMS\\\/CARDARINE &#8211; 20 MG \\\/ 30 CAPSULAS\"}]},{\"@type\":\"WebSite\",\"@id\":\"https:\\\/\\\/iberoid-shop.com\\\/fr\\\/#website\",\"url\":\"https:\\\/\\\/iberoid-shop.com\\\/fr\\\/\",\"name\":\"(Espa\u00f1ol) Esteroides en l\u00ednea\",\"description\":\"(Espa\u00f1ol) Comprar esteroides en l\u00ednea hoy en Espa\u00f1a y Portugal. Tenemos el mejor servicio al cliente en la industria y los productos de la m\u00e1s alta calidad\",\"potentialAction\":[{\"@type\":\"SearchAction\",\"target\":{\"@type\":\"EntryPoint\",\"urlTemplate\":\"https:\\\/\\\/iberoid-shop.com\\\/fr\\\/?s={search_term_string}\"},\"query-input\":{\"@type\":\"PropertyValueSpecification\",\"valueRequired\":true,\"valueName\":\"search_term_string\"}}],\"inLanguage\":\"fr-FR\"}]}<\/script>\n<meta property=\"product:price:amount\" content=\"25.00\" \/>\n<meta property=\"product:price:currency\" content=\"EUR\" \/>\n<meta property=\"og:availability\" content=\"out of stock\" \/>\n<meta property=\"product:availability\" content=\"out of stock\" \/>\n<meta property=\"product:condition\" content=\"new\" \/>\n<!-- \/ Yoast SEO Premium plugin. -->","yoast_head_json":{"title":"SARMS\/CARDARINE - 20 MG \/ 30 CAPSULAS - (Espa\u00f1ol) Esteroides en l\u00ednea","robots":{"index":"index","follow":"follow","max-snippet":"max-snippet:-1","max-image-preview":"max-image-preview:large","max-video-preview":"max-video-preview:-1"},"canonical":"https:\/\/iberoid-shop.com\/fr\/product\/sarms-cardarine-20-mg-30-capsulas\/","og_locale":"fr_FR","og_type":"article","og_title":"SARMS\/CARDARINE - 20 MG \/ 30 CAPSULAS","og_description":"La majorit\u00e9 des individus confondent g\u00e9n\u00e9ralement l\u2019amplificateur de performances Cardarine avec un SARM. Ce n\u2019est cependant pas un SARM. Les","og_url":"https:\/\/iberoid-shop.com\/fr\/product\/sarms-cardarine-20-mg-30-capsulas\/","og_site_name":"(Espa\u00f1ol) Esteroides en l\u00ednea","article_modified_time":"2024-05-12T15:55:18+00:00","og_image":[{"width":1920,"height":2560,"url":"https:\/\/iberoid-shop.com\/wp-content\/uploads\/2023\/07\/IMG-0762-scaled.jpg?v=1690376334","type":"image\/jpeg"}],"twitter_card":"summary_large_image","twitter_misc":{"Prix":"&euro;25.00","Disponibilit\u00e9":"Rupture de stock"},"schema":{"@context":"https:\/\/schema.org","@graph":[{"@type":"WebPage","@id":"https:\/\/iberoid-shop.com\/fr\/product\/sarms-cardarine-20-mg-30-capsulas\/","url":"https:\/\/iberoid-shop.com\/fr\/product\/sarms-cardarine-20-mg-30-capsulas\/","name":"SARMS\/CARDARINE - 20 MG \/ 30 CAPSULAS - (Espa\u00f1ol) Esteroides en l\u00ednea","isPartOf":{"@id":"https:\/\/iberoid-shop.com\/fr\/#website"},"primaryImageOfPage":{"@id":"https:\/\/iberoid-shop.com\/fr\/product\/sarms-cardarine-20-mg-30-capsulas\/#primaryimage"},"image":{"@id":"https:\/\/iberoid-shop.com\/fr\/product\/sarms-cardarine-20-mg-30-capsulas\/#primaryimage"},"thumbnailUrl":"https:\/\/iberoid-shop.com\/wp-content\/uploads\/2023\/07\/IMG-0762-scaled.jpg?v=1690376334","datePublished":"2023-07-26T12:59:13+00:00","dateModified":"2024-05-12T15:55:18+00:00","breadcrumb":{"@id":"https:\/\/iberoid-shop.com\/fr\/product\/sarms-cardarine-20-mg-30-capsulas\/#breadcrumb"},"inLanguage":"fr-FR","potentialAction":[{"@type":"ReadAction","target":[["https:\/\/iberoid-shop.com\/fr\/product\/sarms-cardarine-20-mg-30-capsulas\/"]]}]},{"@type":"ImageObject","inLanguage":"fr-FR","@id":"https:\/\/iberoid-shop.com\/fr\/product\/sarms-cardarine-20-mg-30-capsulas\/#primaryimage","url":"https:\/\/iberoid-shop.com\/wp-content\/uploads\/2023\/07\/IMG-0762-scaled.jpg?v=1690376334","contentUrl":"https:\/\/iberoid-shop.com\/wp-content\/uploads\/2023\/07\/IMG-0762-scaled.jpg?v=1690376334","width":1920,"height":2560},{"@type":"BreadcrumbList","@id":"https:\/\/iberoid-shop.com\/fr\/product\/sarms-cardarine-20-mg-30-capsulas\/#breadcrumb","itemListElement":[{"@type":"ListItem","position":1,"name":"Portada","item":"https:\/\/iberoid-shop.com\/fr\/"},{"@type":"ListItem","position":2,"name":"Magasin","item":"https:\/\/iberoid-shop.com\/fr\/shop\/"},{"@type":"ListItem","position":3,"name":"SARMS\/CARDARINE &#8211; 20 MG \/ 30 CAPSULAS"}]},{"@type":"WebSite","@id":"https:\/\/iberoid-shop.com\/fr\/#website","url":"https:\/\/iberoid-shop.com\/fr\/","name":"(Espa\u00f1ol) Esteroides en l\u00ednea","description":"(Espa\u00f1ol) Comprar esteroides en l\u00ednea hoy en Espa\u00f1a y Portugal. Tenemos el mejor servicio al cliente en la industria y los productos de la m\u00e1s alta calidad","potentialAction":[{"@type":"SearchAction","target":{"@type":"EntryPoint","urlTemplate":"https:\/\/iberoid-shop.com\/fr\/?s={search_term_string}"},"query-input":{"@type":"PropertyValueSpecification","valueRequired":true,"valueName":"search_term_string"}}],"inLanguage":"fr-FR"}]},"product_price_amount":"25.00","product_price_currency":"EUR","og_availability":"out of stock","product_availability":"out of stock","product_condition":"new"},"_links":{"self":[{"href":"https:\/\/iberoid-shop.com\/fr\/wp-json\/wp\/v2\/product\/8731","targetHints":{"allow":["GET"]}}],"collection":[{"href":"https:\/\/iberoid-shop.com\/fr\/wp-json\/wp\/v2\/product"}],"about":[{"href":"https:\/\/iberoid-shop.com\/fr\/wp-json\/wp\/v2\/types\/product"}],"replies":[{"embeddable":true,"href":"https:\/\/iberoid-shop.com\/fr\/wp-json\/wp\/v2\/comments?post=8731"}],"wp:featuredmedia":[{"embeddable":true,"href":"https:\/\/iberoid-shop.com\/fr\/wp-json\/wp\/v2\/media\/8733"}],"wp:attachment":[{"href":"https:\/\/iberoid-shop.com\/fr\/wp-json\/wp\/v2\/media?parent=8731"}],"wp:term":[{"taxonomy":"product_brand","embeddable":true,"href":"https:\/\/iberoid-shop.com\/fr\/wp-json\/wp\/v2\/product_brand?post=8731"},{"taxonomy":"product_cat","embeddable":true,"href":"https:\/\/iberoid-shop.com\/fr\/wp-json\/wp\/v2\/product_cat?post=8731"},{"taxonomy":"product_tag","embeddable":true,"href":"https:\/\/iberoid-shop.com\/fr\/wp-json\/wp\/v2\/product_tag?post=8731"}],"curies":[{"name":"wp","href":"https:\/\/api.w.org\/{rel}","templated":true}]}}