{"id":8725,"date":"2023-07-25T21:20:04","date_gmt":"2023-07-25T21:20:04","guid":{"rendered":"https:\/\/iberoid-shop.com\/?post_type=product&#038;p=8725"},"modified":"2026-01-21T10:17:54","modified_gmt":"2026-01-21T10:17:54","slug":"strombafort-10-mg-100tabs-balkan-pharmaceuticals","status":"publish","type":"product","link":"https:\/\/iberoid-shop.com\/fr\/product\/strombafort-10-mg-100tabs-balkan-pharmaceuticals\/","title":{"rendered":"STROMBAFORT 10 MG \/ 100TABS"},"content":{"rendered":"<p>Strombafort (Stanozolol) am\u00e9liore la croissance musculaire et osseuse, ainsi que la production sanguine. Il augmente \u00e9galement l\u2019endurance du corps et favorise la combustion des graisses. Stanozolol est disponible sous forme de comprim\u00e9s ou d&rsquo;ampoules pour injection. Son dosage d\u00e9pend du but, du sexe et de la r\u00e9action individuelle du corps. De plus, le stanozolol est interdit dans le sport et peut entra\u00eener une disqualification ou une amende.<\/p>\n<p>Profil st\u00e9ro\u00efdien de Strombafort<br \/>\nactivit\u00e9 anabolisante &#8211; 320 % de testost\u00e9rone ;<br \/>\nactivit\u00e9 androg\u00e8ne &#8211; 30 % de testost\u00e9rone ;<br \/>\naromatisation (conversion en \u0153strog\u00e8nes) &#8211; non\u00a0;<br \/>\nmode d&rsquo;administration &#8211; injections et comprim\u00e9s;<br \/>\ntoxicit\u00e9 h\u00e9patique &#8211; mod\u00e9r\u00e9e, \u00e9galement sous forme d&rsquo;injection que sous forme de comprim\u00e9s\u00a0;<br \/>\nla demi-vie de la forme orale est de 18 \u00e0 24 heures ;<br \/>\ntemps de d\u00e9tection &#8211; de 200 \u00e0 240 jours.<br \/>\nEffets de la prise de Strombafort<br \/>\naugmentation de la masse musculaire : Strombafort peut augmenter la synth\u00e8se des prot\u00e9ines et l&rsquo;anabolisme, ce qui peut entra\u00eener une augmentation de la masse musculaire ;<br \/>\nAm\u00e9lioration de l&rsquo;endurance\u00a0: Strombafort peut am\u00e9liorer la circulation sanguine et la consommation d&rsquo;oxyg\u00e8ne des muscles, ce qui peut entra\u00eener une am\u00e9lioration de l&rsquo;endurance et une r\u00e9duction de la fatigue pendant l&rsquo;exercice\u00a0;<br \/>\nforce am\u00e9lior\u00e9e : Strombafort peut augmenter le niveau d\u2019androg\u00e8nes dans le corps, ce qui peut entra\u00eener une am\u00e9lioration de la force et de la vitesse des contractions musculaires ;<br \/>\nr\u00e9duction de la graisse : Strombafort peut aider \u00e0 r\u00e9duire la masse grasse, ce qui peut conduire \u00e0 une meilleure d\u00e9finition musculaire.<\/p>","protected":false},"excerpt":{"rendered":"<p>Strombafort (Stanozolol) am\u00e9liore la croissance musculaire et osseuse, ainsi que la production sanguine. Il augmente \u00e9galement l\u2019endurance du corps et<\/p>\n","protected":false},"featured_media":8727,"comment_status":"open","ping_status":"closed","template":"","meta":[],"product_brand":[],"product_cat":[73,3474],"product_tag":[],"class_list":{"0":"post-8725","1":"product","2":"type-product","3":"status-publish","4":"has-post-thumbnail","6":"product_cat-ssteroides_orales","7":"product_cat-packs","9":"first","10":"outofstock","11":"shipping-taxable","12":"purchasable","13":"product-type-simple"},"yoast_head":"<!-- This site is optimized with the Yoast SEO Premium plugin v24.4 (Yoast SEO v27.3) - https:\/\/yoast.com\/product\/yoast-seo-premium-wordpress\/ -->\n<title>STROMBAFORT 10 MG \/ 100TABS - (Espa\u00f1ol) Esteroides en l\u00ednea<\/title>\n<meta name=\"robots\" content=\"index, follow, max-snippet:-1, max-image-preview:large, max-video-preview:-1\" \/>\n<link rel=\"canonical\" href=\"https:\/\/iberoid-shop.com\/fr\/product\/strombafort-10-mg-100tabs-balkan-pharmaceuticals\/\" \/>\n<meta property=\"og:locale\" content=\"fr_FR\" \/>\n<meta property=\"og:type\" content=\"article\" \/>\n<meta property=\"og:title\" content=\"STROMBAFORT 10 MG \/ 100TABS\" \/>\n<meta property=\"og:description\" content=\"Strombafort (Stanozolol) am\u00e9liore la croissance musculaire et osseuse, ainsi que la production sanguine. Il augmente \u00e9galement l\u2019endurance du corps et\" \/>\n<meta property=\"og:url\" content=\"https:\/\/iberoid-shop.com\/fr\/product\/strombafort-10-mg-100tabs-balkan-pharmaceuticals\/\" \/>\n<meta property=\"og:site_name\" content=\"(Espa\u00f1ol) Esteroides en l\u00ednea\" \/>\n<meta property=\"article:modified_time\" content=\"2026-01-21T10:17:54+00:00\" \/>\n<meta property=\"og:image\" content=\"https:\/\/iberoid-shop.com\/wp-content\/uploads\/2023\/07\/Strombafort-10-mg-Balkan-Pharmaceuticals.jpg?v=1690319859\" \/>\n\t<meta property=\"og:image:width\" content=\"1000\" \/>\n\t<meta property=\"og:image:height\" content=\"1000\" \/>\n\t<meta property=\"og:image:type\" content=\"image\/jpeg\" \/>\n<meta name=\"twitter:card\" content=\"summary_large_image\" \/>\n<meta name=\"twitter:label1\" content=\"Prix\" \/>\n\t<meta name=\"twitter:data1\" content=\"&euro;40.00\" \/>\n\t<meta name=\"twitter:label2\" content=\"Disponibilit\u00e9\" \/>\n\t<meta name=\"twitter:data2\" content=\"Rupture de stock\" \/>\n<script type=\"application\/ld+json\" class=\"yoast-schema-graph\">{\"@context\":\"https:\\\/\\\/schema.org\",\"@graph\":[{\"@type\":\"WebPage\",\"@id\":\"https:\\\/\\\/iberoid-shop.com\\\/fr\\\/product\\\/strombafort-10-mg-100tabs-balkan-pharmaceuticals\\\/\",\"url\":\"https:\\\/\\\/iberoid-shop.com\\\/fr\\\/product\\\/strombafort-10-mg-100tabs-balkan-pharmaceuticals\\\/\",\"name\":\"STROMBAFORT 10 MG \\\/ 100TABS - (Espa\u00f1ol) Esteroides en l\u00ednea\",\"isPartOf\":{\"@id\":\"https:\\\/\\\/iberoid.com\\\/#website\"},\"primaryImageOfPage\":{\"@id\":\"https:\\\/\\\/iberoid-shop.com\\\/fr\\\/product\\\/strombafort-10-mg-100tabs-balkan-pharmaceuticals\\\/#primaryimage\"},\"image\":{\"@id\":\"https:\\\/\\\/iberoid-shop.com\\\/fr\\\/product\\\/strombafort-10-mg-100tabs-balkan-pharmaceuticals\\\/#primaryimage\"},\"thumbnailUrl\":\"https:\\\/\\\/iberoid-shop.com\\\/wp-content\\\/uploads\\\/2023\\\/07\\\/Strombafort-10-mg-Balkan-Pharmaceuticals.jpg?v=1690319859\",\"datePublished\":\"2023-07-25T21:20:04+00:00\",\"dateModified\":\"2026-01-21T10:17:54+00:00\",\"breadcrumb\":{\"@id\":\"https:\\\/\\\/iberoid-shop.com\\\/fr\\\/product\\\/strombafort-10-mg-100tabs-balkan-pharmaceuticals\\\/#breadcrumb\"},\"inLanguage\":\"fr-FR\",\"potentialAction\":[{\"@type\":\"ReadAction\",\"target\":[[\"https:\\\/\\\/iberoid-shop.com\\\/fr\\\/product\\\/strombafort-10-mg-100tabs-balkan-pharmaceuticals\\\/\"]]}]},{\"@type\":\"ImageObject\",\"inLanguage\":\"fr-FR\",\"@id\":\"https:\\\/\\\/iberoid-shop.com\\\/fr\\\/product\\\/strombafort-10-mg-100tabs-balkan-pharmaceuticals\\\/#primaryimage\",\"url\":\"https:\\\/\\\/iberoid-shop.com\\\/wp-content\\\/uploads\\\/2023\\\/07\\\/Strombafort-10-mg-Balkan-Pharmaceuticals.jpg?v=1690319859\",\"contentUrl\":\"https:\\\/\\\/iberoid-shop.com\\\/wp-content\\\/uploads\\\/2023\\\/07\\\/Strombafort-10-mg-Balkan-Pharmaceuticals.jpg?v=1690319859\",\"width\":1000,\"height\":1000},{\"@type\":\"BreadcrumbList\",\"@id\":\"https:\\\/\\\/iberoid-shop.com\\\/fr\\\/product\\\/strombafort-10-mg-100tabs-balkan-pharmaceuticals\\\/#breadcrumb\",\"itemListElement\":[{\"@type\":\"ListItem\",\"position\":1,\"name\":\"Portada\",\"item\":\"https:\\\/\\\/iberoid.com\\\/\"},{\"@type\":\"ListItem\",\"position\":2,\"name\":\"Magasin\",\"item\":\"https:\\\/\\\/iberoid-shop.com\\\/fr\\\/shop\\\/\"},{\"@type\":\"ListItem\",\"position\":3,\"name\":\"STROMBAFORT 10 MG \\\/ 100TABS\"}]},{\"@type\":\"WebSite\",\"@id\":\"https:\\\/\\\/iberoid.com\\\/#website\",\"url\":\"https:\\\/\\\/iberoid.com\\\/\",\"name\":\"(Espa\u00f1ol) Esteroides en l\u00ednea\",\"description\":\"(Espa\u00f1ol) Comprar esteroides en l\u00ednea hoy en Espa\u00f1a y Portugal. Tenemos el mejor servicio al cliente en la industria y los productos de la m\u00e1s alta calidad\",\"potentialAction\":[{\"@type\":\"SearchAction\",\"target\":{\"@type\":\"EntryPoint\",\"urlTemplate\":\"https:\\\/\\\/iberoid.com\\\/?s={search_term_string}\"},\"query-input\":{\"@type\":\"PropertyValueSpecification\",\"valueRequired\":true,\"valueName\":\"search_term_string\"}}],\"inLanguage\":\"fr-FR\"}]}<\/script>\n<meta property=\"product:brand\" content=\"Balkan Pharmaceuticals\" \/>\n<meta property=\"product:price:amount\" content=\"40.00\" \/>\n<meta property=\"product:price:currency\" content=\"EUR\" \/>\n<meta property=\"og:availability\" content=\"out of stock\" \/>\n<meta property=\"product:availability\" content=\"out of stock\" \/>\n<meta property=\"product:condition\" content=\"new\" \/>\n<!-- \/ Yoast SEO Premium plugin. -->","yoast_head_json":{"title":"STROMBAFORT 10 MG \/ 100TABS - (Espa\u00f1ol) Esteroides en l\u00ednea","robots":{"index":"index","follow":"follow","max-snippet":"max-snippet:-1","max-image-preview":"max-image-preview:large","max-video-preview":"max-video-preview:-1"},"canonical":"https:\/\/iberoid-shop.com\/fr\/product\/strombafort-10-mg-100tabs-balkan-pharmaceuticals\/","og_locale":"fr_FR","og_type":"article","og_title":"STROMBAFORT 10 MG \/ 100TABS","og_description":"Strombafort (Stanozolol) am\u00e9liore la croissance musculaire et osseuse, ainsi que la production sanguine. Il augmente \u00e9galement l\u2019endurance du corps et","og_url":"https:\/\/iberoid-shop.com\/fr\/product\/strombafort-10-mg-100tabs-balkan-pharmaceuticals\/","og_site_name":"(Espa\u00f1ol) Esteroides en l\u00ednea","article_modified_time":"2026-01-21T10:17:54+00:00","og_image":[{"width":1000,"height":1000,"url":"https:\/\/iberoid-shop.com\/wp-content\/uploads\/2023\/07\/Strombafort-10-mg-Balkan-Pharmaceuticals.jpg?v=1690319859","type":"image\/jpeg"}],"twitter_card":"summary_large_image","twitter_misc":{"Prix":"&euro;40.00","Disponibilit\u00e9":"Rupture de stock"},"schema":{"@context":"https:\/\/schema.org","@graph":[{"@type":"WebPage","@id":"https:\/\/iberoid-shop.com\/fr\/product\/strombafort-10-mg-100tabs-balkan-pharmaceuticals\/","url":"https:\/\/iberoid-shop.com\/fr\/product\/strombafort-10-mg-100tabs-balkan-pharmaceuticals\/","name":"STROMBAFORT 10 MG \/ 100TABS - (Espa\u00f1ol) Esteroides en l\u00ednea","isPartOf":{"@id":"https:\/\/iberoid.com\/#website"},"primaryImageOfPage":{"@id":"https:\/\/iberoid-shop.com\/fr\/product\/strombafort-10-mg-100tabs-balkan-pharmaceuticals\/#primaryimage"},"image":{"@id":"https:\/\/iberoid-shop.com\/fr\/product\/strombafort-10-mg-100tabs-balkan-pharmaceuticals\/#primaryimage"},"thumbnailUrl":"https:\/\/iberoid-shop.com\/wp-content\/uploads\/2023\/07\/Strombafort-10-mg-Balkan-Pharmaceuticals.jpg?v=1690319859","datePublished":"2023-07-25T21:20:04+00:00","dateModified":"2026-01-21T10:17:54+00:00","breadcrumb":{"@id":"https:\/\/iberoid-shop.com\/fr\/product\/strombafort-10-mg-100tabs-balkan-pharmaceuticals\/#breadcrumb"},"inLanguage":"fr-FR","potentialAction":[{"@type":"ReadAction","target":[["https:\/\/iberoid-shop.com\/fr\/product\/strombafort-10-mg-100tabs-balkan-pharmaceuticals\/"]]}]},{"@type":"ImageObject","inLanguage":"fr-FR","@id":"https:\/\/iberoid-shop.com\/fr\/product\/strombafort-10-mg-100tabs-balkan-pharmaceuticals\/#primaryimage","url":"https:\/\/iberoid-shop.com\/wp-content\/uploads\/2023\/07\/Strombafort-10-mg-Balkan-Pharmaceuticals.jpg?v=1690319859","contentUrl":"https:\/\/iberoid-shop.com\/wp-content\/uploads\/2023\/07\/Strombafort-10-mg-Balkan-Pharmaceuticals.jpg?v=1690319859","width":1000,"height":1000},{"@type":"BreadcrumbList","@id":"https:\/\/iberoid-shop.com\/fr\/product\/strombafort-10-mg-100tabs-balkan-pharmaceuticals\/#breadcrumb","itemListElement":[{"@type":"ListItem","position":1,"name":"Portada","item":"https:\/\/iberoid.com\/"},{"@type":"ListItem","position":2,"name":"Magasin","item":"https:\/\/iberoid-shop.com\/fr\/shop\/"},{"@type":"ListItem","position":3,"name":"STROMBAFORT 10 MG \/ 100TABS"}]},{"@type":"WebSite","@id":"https:\/\/iberoid.com\/#website","url":"https:\/\/iberoid.com\/","name":"(Espa\u00f1ol) Esteroides en l\u00ednea","description":"(Espa\u00f1ol) Comprar esteroides en l\u00ednea hoy en Espa\u00f1a y Portugal. Tenemos el mejor servicio al cliente en la industria y los productos de la m\u00e1s alta calidad","potentialAction":[{"@type":"SearchAction","target":{"@type":"EntryPoint","urlTemplate":"https:\/\/iberoid.com\/?s={search_term_string}"},"query-input":{"@type":"PropertyValueSpecification","valueRequired":true,"valueName":"search_term_string"}}],"inLanguage":"fr-FR"}]},"product_brand":"Balkan Pharmaceuticals","product_price_amount":"40.00","product_price_currency":"EUR","og_availability":"out of stock","product_availability":"out of stock","product_condition":"new"},"_links":{"self":[{"href":"https:\/\/iberoid-shop.com\/fr\/wp-json\/wp\/v2\/product\/8725","targetHints":{"allow":["GET"]}}],"collection":[{"href":"https:\/\/iberoid-shop.com\/fr\/wp-json\/wp\/v2\/product"}],"about":[{"href":"https:\/\/iberoid-shop.com\/fr\/wp-json\/wp\/v2\/types\/product"}],"replies":[{"embeddable":true,"href":"https:\/\/iberoid-shop.com\/fr\/wp-json\/wp\/v2\/comments?post=8725"}],"wp:featuredmedia":[{"embeddable":true,"href":"https:\/\/iberoid-shop.com\/fr\/wp-json\/wp\/v2\/media\/8727"}],"wp:attachment":[{"href":"https:\/\/iberoid-shop.com\/fr\/wp-json\/wp\/v2\/media?parent=8725"}],"wp:term":[{"taxonomy":"product_brand","embeddable":true,"href":"https:\/\/iberoid-shop.com\/fr\/wp-json\/wp\/v2\/product_brand?post=8725"},{"taxonomy":"product_cat","embeddable":true,"href":"https:\/\/iberoid-shop.com\/fr\/wp-json\/wp\/v2\/product_cat?post=8725"},{"taxonomy":"product_tag","embeddable":true,"href":"https:\/\/iberoid-shop.com\/fr\/wp-json\/wp\/v2\/product_tag?post=8725"}],"curies":[{"name":"wp","href":"https:\/\/api.w.org\/{rel}","templated":true}]}}