{"id":8703,"date":"2023-07-23T13:20:03","date_gmt":"2023-07-23T13:20:03","guid":{"rendered":"https:\/\/iberoid-shop.com\/?post_type=product&#038;p=8703"},"modified":"2025-04-13T16:38:38","modified_gmt":"2025-04-13T16:38:38","slug":"clenbuterol-40-mcg-balkan-pharmaceuticals","status":"publish","type":"product","link":"https:\/\/iberoid-shop.com\/fr\/product\/clenbuterol-40-mcg-balkan-pharmaceuticals\/","title":{"rendered":"CLENBUTEROL 40 mcg"},"content":{"rendered":"<p>Le clenbut\u00e9rol est principalement utilis\u00e9 pour augmenter la synth\u00e8se des prot\u00e9ines, contribuant ainsi \u00e0 acc\u00e9l\u00e9rer le rythme cardiaque. Il s&rsquo;agit essentiellement d&rsquo;une amine sympathomim\u00e9tique dont les personnes souffrant de troubles respiratoires ont besoin comme d\u00e9congestionnant. Il aide les personnes souffrant d&rsquo;asthme en d\u00e9gageant les voies respiratoires et en agissant comme bronchodilatateur.<\/p>\n<p>Le compos\u00e9 Clenbuterol appartient \u00e0 une classe de m\u00e9dicaments appel\u00e9s b\u00eata2-agonistes dont la fonction principale est de traiter l&rsquo;asthme et, en second lieu, de compl\u00e9ter la perte d&rsquo;humidit\u00e9.<\/p>\n<p>Il a \u00e9t\u00e9 brevet\u00e9 pour la premi\u00e8re fois \u00e0 la fin des ann\u00e9es 60 et a \u00e9t\u00e9 utilis\u00e9 pour la premi\u00e8re fois \u00e0 des fins m\u00e9dicales en 1977.<\/p>\n<p>L\u2019un des aspects positifs du Clenbut\u00e9rol est qu\u2019il n\u2019appartient pas \u00e0 la communaut\u00e9 des st\u00e9ro\u00efdes, ce qui signifie qu\u2019il n\u2019est pas nocif pour les hormones naturelles. De plus, il peut \u00e0 lui seul aider \u00e0 br\u00fbler la majeure partie des graisses de votre corps et \u00e0 maintenir la synth\u00e8se des prot\u00e9ines. C&rsquo;est la raison pour laquelle il est favoris\u00e9 par la plupart des athl\u00e8tes.<\/p>\n<p>Comment fonctionne le clenbut\u00e9rol\u00a0?<\/p>\n<p>Il a \u00e9t\u00e9 analys\u00e9 que le Clenbut\u00e9rol peut \u00e0 la fois augmenter la masse musculaire et r\u00e9duire la graisse corporelle. Comme indiqu\u00e9 pr\u00e9c\u00e9demment, il est utilis\u00e9 comme compl\u00e9ment de perte de poids pour ses propri\u00e9t\u00e9s.<\/p>\n<p>Il s\u2019agit d\u2019une pr\u00e9paration orale de 0,04 milligramme de chlorhydrate de clenbut\u00e9rol pour chaque comprim\u00e9. La forme la plus reconnue de Clenbuterol est produite par Balkan Pharmaceuticals, reconnue par plusieurs athl\u00e8tes.<\/p>\n<p>Une interpr\u00e9tation erron\u00e9e courante \u00e0 propos du Clenbut\u00e9rol dit qu\u2019il aurait des propri\u00e9t\u00e9s anabolisantes et qu\u2019il d\u00e9velopperait la masse musculaire lorsqu\u2019il serait consomm\u00e9 \u00e0 des doses plus \u00e9lev\u00e9es, mais c\u2019est compl\u00e8tement faux. Alors, ne vous fiez pas \u00e0 des id\u00e9es fausses et essayez de suivre ce que dit votre m\u00e9decin.<\/p>\n<p>Le m\u00e9dicament Clenbuterol id\u00e9al fonctionnera exactement de la m\u00eame mani\u00e8re, quel que soit son lieu d\u2019achat. Le clenbut\u00e9rol fonctionne comme un agent de coupe utilis\u00e9 pendant les p\u00e9riodes de coupe et fonctionne bien dans le cadre du r\u00e9gime PCT.<\/p>\n<p>Si vous souhaitez\u00a0acheter du Clenbuterol Balkan\u00a0pour vos besoins, vous devez \u00e9galement conna\u00eetre le dosage appropri\u00e9 et les effets secondaires.<\/p>","protected":false},"excerpt":{"rendered":"<p>Le clenbut\u00e9rol est principalement utilis\u00e9 pour augmenter la synth\u00e8se des prot\u00e9ines, contribuant ainsi \u00e0 acc\u00e9l\u00e9rer le rythme cardiaque. Il s&rsquo;agit<\/p>\n","protected":false},"featured_media":8705,"comment_status":"open","ping_status":"closed","template":"","meta":[],"product_brand":[],"product_cat":[73],"product_tag":[],"class_list":{"0":"post-8703","1":"product","2":"type-product","3":"status-publish","4":"has-post-thumbnail","6":"product_cat-ssteroides_orales","8":"first","9":"outofstock","10":"sale","11":"shipping-taxable","12":"purchasable","13":"product-type-simple"},"yoast_head":"<!-- This site is optimized with the Yoast SEO Premium plugin v24.4 (Yoast SEO v27.3) - https:\/\/yoast.com\/product\/yoast-seo-premium-wordpress\/ -->\n<title>CLENBUTEROL 40 mcg - (Espa\u00f1ol) Esteroides en l\u00ednea<\/title>\n<meta name=\"robots\" content=\"index, follow, max-snippet:-1, max-image-preview:large, max-video-preview:-1\" \/>\n<link rel=\"canonical\" href=\"https:\/\/iberoid-shop.com\/fr\/product\/clenbuterol-40-mcg-balkan-pharmaceuticals\/\" \/>\n<meta property=\"og:locale\" content=\"fr_FR\" \/>\n<meta property=\"og:type\" content=\"article\" \/>\n<meta property=\"og:title\" content=\"CLENBUTEROL 40 mcg\" \/>\n<meta property=\"og:description\" content=\"Le clenbut\u00e9rol est principalement utilis\u00e9 pour augmenter la synth\u00e8se des prot\u00e9ines, contribuant ainsi \u00e0 acc\u00e9l\u00e9rer le rythme cardiaque. Il s&rsquo;agit\" \/>\n<meta property=\"og:url\" content=\"https:\/\/iberoid-shop.com\/fr\/product\/clenbuterol-40-mcg-balkan-pharmaceuticals\/\" \/>\n<meta property=\"og:site_name\" content=\"(Espa\u00f1ol) Esteroides en l\u00ednea\" \/>\n<meta property=\"article:modified_time\" content=\"2025-04-13T16:38:38+00:00\" \/>\n<meta property=\"og:image\" content=\"https:\/\/iberoid-shop.com\/wp-content\/uploads\/2023\/07\/product-131-648-scaled.jpg?v=1699260436\" \/>\n\t<meta property=\"og:image:width\" content=\"2560\" \/>\n\t<meta property=\"og:image:height\" content=\"1762\" \/>\n\t<meta property=\"og:image:type\" content=\"image\/jpeg\" \/>\n<meta name=\"twitter:card\" content=\"summary_large_image\" \/>\n<meta name=\"twitter:label1\" content=\"Prix\" \/>\n\t<meta name=\"twitter:data1\" content=\"&euro;30.00\" \/>\n\t<meta name=\"twitter:label2\" content=\"Disponibilit\u00e9\" \/>\n\t<meta name=\"twitter:data2\" content=\"Rupture de stock\" \/>\n<script type=\"application\/ld+json\" class=\"yoast-schema-graph\">{\"@context\":\"https:\\\/\\\/schema.org\",\"@graph\":[{\"@type\":\"WebPage\",\"@id\":\"https:\\\/\\\/iberoid-shop.com\\\/fr\\\/product\\\/clenbuterol-40-mcg-balkan-pharmaceuticals\\\/\",\"url\":\"https:\\\/\\\/iberoid-shop.com\\\/fr\\\/product\\\/clenbuterol-40-mcg-balkan-pharmaceuticals\\\/\",\"name\":\"CLENBUTEROL 40 mcg - (Espa\u00f1ol) Esteroides en l\u00ednea\",\"isPartOf\":{\"@id\":\"https:\\\/\\\/iberoid.com\\\/#website\"},\"primaryImageOfPage\":{\"@id\":\"https:\\\/\\\/iberoid-shop.com\\\/fr\\\/product\\\/clenbuterol-40-mcg-balkan-pharmaceuticals\\\/#primaryimage\"},\"image\":{\"@id\":\"https:\\\/\\\/iberoid-shop.com\\\/fr\\\/product\\\/clenbuterol-40-mcg-balkan-pharmaceuticals\\\/#primaryimage\"},\"thumbnailUrl\":\"https:\\\/\\\/iberoid-shop.com\\\/wp-content\\\/uploads\\\/2023\\\/07\\\/product-131-648-scaled.jpg?v=1699260436\",\"datePublished\":\"2023-07-23T13:20:03+00:00\",\"dateModified\":\"2025-04-13T16:38:38+00:00\",\"breadcrumb\":{\"@id\":\"https:\\\/\\\/iberoid-shop.com\\\/fr\\\/product\\\/clenbuterol-40-mcg-balkan-pharmaceuticals\\\/#breadcrumb\"},\"inLanguage\":\"fr-FR\",\"potentialAction\":[{\"@type\":\"ReadAction\",\"target\":[[\"https:\\\/\\\/iberoid-shop.com\\\/fr\\\/product\\\/clenbuterol-40-mcg-balkan-pharmaceuticals\\\/\"]]}]},{\"@type\":\"ImageObject\",\"inLanguage\":\"fr-FR\",\"@id\":\"https:\\\/\\\/iberoid-shop.com\\\/fr\\\/product\\\/clenbuterol-40-mcg-balkan-pharmaceuticals\\\/#primaryimage\",\"url\":\"https:\\\/\\\/iberoid-shop.com\\\/wp-content\\\/uploads\\\/2023\\\/07\\\/product-131-648-scaled.jpg?v=1699260436\",\"contentUrl\":\"https:\\\/\\\/iberoid-shop.com\\\/wp-content\\\/uploads\\\/2023\\\/07\\\/product-131-648-scaled.jpg?v=1699260436\",\"width\":2560,\"height\":1762},{\"@type\":\"BreadcrumbList\",\"@id\":\"https:\\\/\\\/iberoid-shop.com\\\/fr\\\/product\\\/clenbuterol-40-mcg-balkan-pharmaceuticals\\\/#breadcrumb\",\"itemListElement\":[{\"@type\":\"ListItem\",\"position\":1,\"name\":\"Portada\",\"item\":\"https:\\\/\\\/iberoid.com\\\/\"},{\"@type\":\"ListItem\",\"position\":2,\"name\":\"Magasin\",\"item\":\"https:\\\/\\\/iberoid-shop.com\\\/fr\\\/shop\\\/\"},{\"@type\":\"ListItem\",\"position\":3,\"name\":\"CLENBUTEROL 40 mcg\"}]},{\"@type\":\"WebSite\",\"@id\":\"https:\\\/\\\/iberoid.com\\\/#website\",\"url\":\"https:\\\/\\\/iberoid.com\\\/\",\"name\":\"(Espa\u00f1ol) Esteroides en l\u00ednea\",\"description\":\"(Espa\u00f1ol) Comprar esteroides en l\u00ednea hoy en Espa\u00f1a y Portugal. Tenemos el mejor servicio al cliente en la industria y los productos de la m\u00e1s alta calidad\",\"potentialAction\":[{\"@type\":\"SearchAction\",\"target\":{\"@type\":\"EntryPoint\",\"urlTemplate\":\"https:\\\/\\\/iberoid.com\\\/?s={search_term_string}\"},\"query-input\":{\"@type\":\"PropertyValueSpecification\",\"valueRequired\":true,\"valueName\":\"search_term_string\"}}],\"inLanguage\":\"fr-FR\"}]}<\/script>\n<meta property=\"product:brand\" content=\"Balkan Pharmaceuticals\" \/>\n<meta property=\"product:price:amount\" content=\"30.00\" \/>\n<meta property=\"product:price:currency\" content=\"EUR\" \/>\n<meta property=\"og:availability\" content=\"out of stock\" \/>\n<meta property=\"product:availability\" content=\"out of stock\" \/>\n<meta property=\"product:condition\" content=\"new\" \/>\n<!-- \/ Yoast SEO Premium plugin. -->","yoast_head_json":{"title":"CLENBUTEROL 40 mcg - (Espa\u00f1ol) Esteroides en l\u00ednea","robots":{"index":"index","follow":"follow","max-snippet":"max-snippet:-1","max-image-preview":"max-image-preview:large","max-video-preview":"max-video-preview:-1"},"canonical":"https:\/\/iberoid-shop.com\/fr\/product\/clenbuterol-40-mcg-balkan-pharmaceuticals\/","og_locale":"fr_FR","og_type":"article","og_title":"CLENBUTEROL 40 mcg","og_description":"Le clenbut\u00e9rol est principalement utilis\u00e9 pour augmenter la synth\u00e8se des prot\u00e9ines, contribuant ainsi \u00e0 acc\u00e9l\u00e9rer le rythme cardiaque. Il s&rsquo;agit","og_url":"https:\/\/iberoid-shop.com\/fr\/product\/clenbuterol-40-mcg-balkan-pharmaceuticals\/","og_site_name":"(Espa\u00f1ol) Esteroides en l\u00ednea","article_modified_time":"2025-04-13T16:38:38+00:00","og_image":[{"width":2560,"height":1762,"url":"https:\/\/iberoid-shop.com\/wp-content\/uploads\/2023\/07\/product-131-648-scaled.jpg?v=1699260436","type":"image\/jpeg"}],"twitter_card":"summary_large_image","twitter_misc":{"Prix":"&euro;30.00","Disponibilit\u00e9":"Rupture de stock"},"schema":{"@context":"https:\/\/schema.org","@graph":[{"@type":"WebPage","@id":"https:\/\/iberoid-shop.com\/fr\/product\/clenbuterol-40-mcg-balkan-pharmaceuticals\/","url":"https:\/\/iberoid-shop.com\/fr\/product\/clenbuterol-40-mcg-balkan-pharmaceuticals\/","name":"CLENBUTEROL 40 mcg - (Espa\u00f1ol) Esteroides en l\u00ednea","isPartOf":{"@id":"https:\/\/iberoid.com\/#website"},"primaryImageOfPage":{"@id":"https:\/\/iberoid-shop.com\/fr\/product\/clenbuterol-40-mcg-balkan-pharmaceuticals\/#primaryimage"},"image":{"@id":"https:\/\/iberoid-shop.com\/fr\/product\/clenbuterol-40-mcg-balkan-pharmaceuticals\/#primaryimage"},"thumbnailUrl":"https:\/\/iberoid-shop.com\/wp-content\/uploads\/2023\/07\/product-131-648-scaled.jpg?v=1699260436","datePublished":"2023-07-23T13:20:03+00:00","dateModified":"2025-04-13T16:38:38+00:00","breadcrumb":{"@id":"https:\/\/iberoid-shop.com\/fr\/product\/clenbuterol-40-mcg-balkan-pharmaceuticals\/#breadcrumb"},"inLanguage":"fr-FR","potentialAction":[{"@type":"ReadAction","target":[["https:\/\/iberoid-shop.com\/fr\/product\/clenbuterol-40-mcg-balkan-pharmaceuticals\/"]]}]},{"@type":"ImageObject","inLanguage":"fr-FR","@id":"https:\/\/iberoid-shop.com\/fr\/product\/clenbuterol-40-mcg-balkan-pharmaceuticals\/#primaryimage","url":"https:\/\/iberoid-shop.com\/wp-content\/uploads\/2023\/07\/product-131-648-scaled.jpg?v=1699260436","contentUrl":"https:\/\/iberoid-shop.com\/wp-content\/uploads\/2023\/07\/product-131-648-scaled.jpg?v=1699260436","width":2560,"height":1762},{"@type":"BreadcrumbList","@id":"https:\/\/iberoid-shop.com\/fr\/product\/clenbuterol-40-mcg-balkan-pharmaceuticals\/#breadcrumb","itemListElement":[{"@type":"ListItem","position":1,"name":"Portada","item":"https:\/\/iberoid.com\/"},{"@type":"ListItem","position":2,"name":"Magasin","item":"https:\/\/iberoid-shop.com\/fr\/shop\/"},{"@type":"ListItem","position":3,"name":"CLENBUTEROL 40 mcg"}]},{"@type":"WebSite","@id":"https:\/\/iberoid.com\/#website","url":"https:\/\/iberoid.com\/","name":"(Espa\u00f1ol) Esteroides en l\u00ednea","description":"(Espa\u00f1ol) Comprar esteroides en l\u00ednea hoy en Espa\u00f1a y Portugal. Tenemos el mejor servicio al cliente en la industria y los productos de la m\u00e1s alta calidad","potentialAction":[{"@type":"SearchAction","target":{"@type":"EntryPoint","urlTemplate":"https:\/\/iberoid.com\/?s={search_term_string}"},"query-input":{"@type":"PropertyValueSpecification","valueRequired":true,"valueName":"search_term_string"}}],"inLanguage":"fr-FR"}]},"product_brand":"Balkan Pharmaceuticals","product_price_amount":"30.00","product_price_currency":"EUR","og_availability":"out of stock","product_availability":"out of stock","product_condition":"new"},"_links":{"self":[{"href":"https:\/\/iberoid-shop.com\/fr\/wp-json\/wp\/v2\/product\/8703","targetHints":{"allow":["GET"]}}],"collection":[{"href":"https:\/\/iberoid-shop.com\/fr\/wp-json\/wp\/v2\/product"}],"about":[{"href":"https:\/\/iberoid-shop.com\/fr\/wp-json\/wp\/v2\/types\/product"}],"replies":[{"embeddable":true,"href":"https:\/\/iberoid-shop.com\/fr\/wp-json\/wp\/v2\/comments?post=8703"}],"wp:featuredmedia":[{"embeddable":true,"href":"https:\/\/iberoid-shop.com\/fr\/wp-json\/wp\/v2\/media\/8705"}],"wp:attachment":[{"href":"https:\/\/iberoid-shop.com\/fr\/wp-json\/wp\/v2\/media?parent=8703"}],"wp:term":[{"taxonomy":"product_brand","embeddable":true,"href":"https:\/\/iberoid-shop.com\/fr\/wp-json\/wp\/v2\/product_brand?post=8703"},{"taxonomy":"product_cat","embeddable":true,"href":"https:\/\/iberoid-shop.com\/fr\/wp-json\/wp\/v2\/product_cat?post=8703"},{"taxonomy":"product_tag","embeddable":true,"href":"https:\/\/iberoid-shop.com\/fr\/wp-json\/wp\/v2\/product_tag?post=8703"}],"curies":[{"name":"wp","href":"https:\/\/api.w.org\/{rel}","templated":true}]}}