{"id":8556,"date":"2023-06-03T14:28:58","date_gmt":"2023-06-03T14:28:58","guid":{"rendered":"https:\/\/iberoid-shop.com\/?post_type=product&#038;p=8556"},"modified":"2026-02-08T12:11:15","modified_gmt":"2026-02-08T12:11:15","slug":"nandrolone-decanoate-nandroged-premium-epf","status":"publish","type":"product","link":"https:\/\/iberoid-shop.com\/fr\/product\/nandrolone-decanoate-nandroged-premium-epf\/","title":{"rendered":"NANDROLONE DECANOATE \/ NANDROGED PREMIUM"},"content":{"rendered":"<p>Le d\u00e9canoate de nandrolone est une forme injectable du st\u00e9ro\u00efde anabolisant nandrolone. L&rsquo;ester de d\u00e9canoate permet une lib\u00e9ration lente de la nandrolone \u00e0 partir du site d&rsquo;injection, durant jusqu&rsquo;\u00e0 trois semaines. La nandrolone a une structure tr\u00e8s similaire \u00e0 celle de la testost\u00e9rone, bien qu&rsquo;il lui manque un atome de carbone en 19\u00e8me position (d&rsquo;o\u00f9 son autre nom, 19nortestost\u00e9rone). Comme la testost\u00e9rone, la nandrolone pr\u00e9sente des propri\u00e9t\u00e9s anabolisantes relativement fortes. Cependant, contrairement \u00e0 la testost\u00e9rone, son activit\u00e9 de construction tissulaire s\u2019accompagne de faibles propri\u00e9t\u00e9s androg\u00e8nes. Cela est d\u00fb en grande partie \u00e0 la r\u00e9duction de la nandrolone en un st\u00e9ro\u00efde plus faible, la dihydronandrolone, dans les m\u00eames tissus cibles sensibles aux androg\u00e8nes qui renforcent l&rsquo;action de la testost\u00e9rone (en la convertissant en DHT). Les propri\u00e9t\u00e9s douces du d\u00e9canoate de nandrolone en ont fait l\u2019un des st\u00e9ro\u00efdes injectables les plus populaires au monde, tr\u00e8s appr\u00e9ci\u00e9 des athl\u00e8tes pour sa capacit\u00e9 \u00e0 favoriser des gains significatifs de force et de masse musculaire maigre sans effets secondaires androg\u00e8nes ou \u0153strog\u00e9niques importants.<\/p>","protected":false},"excerpt":{"rendered":"<p>Le d\u00e9canoate de nandrolone est une forme injectable du st\u00e9ro\u00efde anabolisant nandrolone. L&rsquo;ester de d\u00e9canoate permet une lib\u00e9ration lente de<\/p>\n","protected":false},"featured_media":8557,"comment_status":"open","ping_status":"closed","template":"","meta":[],"product_brand":[],"product_cat":[69],"product_tag":[],"class_list":{"0":"post-8556","1":"product","2":"type-product","3":"status-publish","4":"has-post-thumbnail","6":"product_cat-esteroides_inyectables","8":"first","9":"instock","10":"sale","11":"shipping-taxable","12":"purchasable","13":"product-type-simple"},"yoast_head":"<!-- This site is optimized with the Yoast SEO Premium plugin v24.4 (Yoast SEO v27.0) - https:\/\/yoast.com\/product\/yoast-seo-premium-wordpress\/ -->\n<title>NANDROLONE DECANOATE \/ NANDROGED PREMIUM - (Espa\u00f1ol) Esteroides en l\u00ednea<\/title>\n<meta name=\"description\" content=\"NANDROLONE D\u00c9CANOATE est un st\u00e9ro\u00efde injectable populaire qui augmente la masse maigre, la force et la r\u00e9cup\u00e9ration avec des effets secondaires l\u00e9gers.\" \/>\n<meta name=\"robots\" content=\"index, follow, max-snippet:-1, max-image-preview:large, max-video-preview:-1\" \/>\n<link rel=\"canonical\" href=\"https:\/\/iberoid-shop.com\/fr\/product\/nandrolone-decanoate-nandroged-premium-epf\/\" \/>\n<meta property=\"og:locale\" content=\"fr_FR\" \/>\n<meta property=\"og:type\" content=\"article\" \/>\n<meta property=\"og:title\" content=\"NANDROLONE DECANOATE \/ NANDROGED PREMIUM\" \/>\n<meta property=\"og:description\" content=\"NANDROLONE D\u00c9CANOATE est un st\u00e9ro\u00efde injectable populaire qui augmente la masse maigre, la force et la r\u00e9cup\u00e9ration avec des effets secondaires l\u00e9gers.\" \/>\n<meta property=\"og:url\" content=\"https:\/\/iberoid-shop.com\/fr\/product\/nandrolone-decanoate-nandroged-premium-epf\/\" \/>\n<meta property=\"og:site_name\" content=\"(Espa\u00f1ol) Esteroides en l\u00ednea\" \/>\n<meta property=\"article:modified_time\" content=\"2026-02-08T12:11:15+00:00\" \/>\n<meta property=\"og:image\" content=\"https:\/\/iberoid-shop.com\/wp-content\/uploads\/2023\/06\/dk.jpg?v=1690929355\" \/>\n\t<meta property=\"og:image:width\" content=\"1024\" \/>\n\t<meta property=\"og:image:height\" content=\"768\" \/>\n\t<meta property=\"og:image:type\" content=\"image\/jpeg\" \/>\n<meta name=\"twitter:card\" content=\"summary_large_image\" \/>\n<meta name=\"twitter:label1\" content=\"Prix\" \/>\n\t<meta name=\"twitter:data1\" content=\"&euro;50.00\" \/>\n\t<meta name=\"twitter:label2\" content=\"Disponibilit\u00e9\" \/>\n\t<meta name=\"twitter:data2\" content=\"En stock\" \/>\n<script type=\"application\/ld+json\" class=\"yoast-schema-graph\">{\"@context\":\"https:\/\/schema.org\",\"@graph\":[{\"@type\":\"WebPage\",\"@id\":\"https:\/\/iberoid-shop.com\/fr\/product\/nandrolone-decanoate-nandroged-premium-epf\/\",\"url\":\"https:\/\/iberoid-shop.com\/fr\/product\/nandrolone-decanoate-nandroged-premium-epf\/\",\"name\":\"NANDROLONE DECANOATE \/ NANDROGED PREMIUM - (Espa\u00f1ol) Esteroides en l\u00ednea\",\"isPartOf\":{\"@id\":\"https:\/\/iberoid-shop.com\/fr\/#website\"},\"primaryImageOfPage\":{\"@id\":\"https:\/\/iberoid-shop.com\/fr\/product\/nandrolone-decanoate-nandroged-premium-epf\/#primaryimage\"},\"image\":{\"@id\":\"https:\/\/iberoid-shop.com\/fr\/product\/nandrolone-decanoate-nandroged-premium-epf\/#primaryimage\"},\"thumbnailUrl\":\"https:\/\/iberoid-shop.com\/wp-content\/uploads\/2023\/06\/dk.jpg?v=1690929355\",\"datePublished\":\"2023-06-03T14:28:58+00:00\",\"dateModified\":\"2026-02-08T12:11:15+00:00\",\"description\":\"NANDROLONE D\u00c9CANOATE est un st\u00e9ro\u00efde injectable populaire qui augmente la masse maigre, la force et la r\u00e9cup\u00e9ration avec des effets secondaires l\u00e9gers.\",\"breadcrumb\":{\"@id\":\"https:\/\/iberoid-shop.com\/fr\/product\/nandrolone-decanoate-nandroged-premium-epf\/#breadcrumb\"},\"inLanguage\":\"fr-FR\",\"potentialAction\":[{\"@type\":\"ReadAction\",\"target\":[[\"https:\/\/iberoid-shop.com\/fr\/product\/nandrolone-decanoate-nandroged-premium-epf\/\"]]}]},{\"@type\":\"ImageObject\",\"inLanguage\":\"fr-FR\",\"@id\":\"https:\/\/iberoid-shop.com\/fr\/product\/nandrolone-decanoate-nandroged-premium-epf\/#primaryimage\",\"url\":\"https:\/\/iberoid-shop.com\/wp-content\/uploads\/2023\/06\/dk.jpg?v=1690929355\",\"contentUrl\":\"https:\/\/iberoid-shop.com\/wp-content\/uploads\/2023\/06\/dk.jpg?v=1690929355\",\"width\":1024,\"height\":768},{\"@type\":\"BreadcrumbList\",\"@id\":\"https:\/\/iberoid-shop.com\/fr\/product\/nandrolone-decanoate-nandroged-premium-epf\/#breadcrumb\",\"itemListElement\":[{\"@type\":\"ListItem\",\"position\":1,\"name\":\"Portada\",\"item\":\"https:\/\/iberoid-shop.com\/fr\/\"},{\"@type\":\"ListItem\",\"position\":2,\"name\":\"Magasin\",\"item\":\"https:\/\/iberoid-shop.com\/fr\/shop\/\"},{\"@type\":\"ListItem\",\"position\":3,\"name\":\"NANDROLONE DECANOATE \/ NANDROGED PREMIUM\"}]},{\"@type\":\"WebSite\",\"@id\":\"https:\/\/iberoid-shop.com\/fr\/#website\",\"url\":\"https:\/\/iberoid-shop.com\/fr\/\",\"name\":\"(Espa\u00f1ol) Esteroides en l\u00ednea\",\"description\":\"(Espa\u00f1ol) Comprar esteroides en l\u00ednea hoy en Espa\u00f1a y Portugal. Tenemos el mejor servicio al cliente en la industria y los productos de la m\u00e1s alta calidad\",\"potentialAction\":[{\"@type\":\"SearchAction\",\"target\":{\"@type\":\"EntryPoint\",\"urlTemplate\":\"https:\/\/iberoid-shop.com\/fr\/?s={search_term_string}\"},\"query-input\":{\"@type\":\"PropertyValueSpecification\",\"valueRequired\":true,\"valueName\":\"search_term_string\"}}],\"inLanguage\":\"fr-FR\"}]}<\/script>\n<meta property=\"product:brand\" content=\"Euro Prime Pharmaceuticals (EPF)\" \/>\n<meta property=\"product:price:amount\" content=\"50.00\" \/>\n<meta property=\"product:price:currency\" content=\"EUR\" \/>\n<meta property=\"og:availability\" content=\"instock\" \/>\n<meta property=\"product:availability\" content=\"instock\" \/>\n<meta property=\"product:condition\" content=\"new\" \/>\n<!-- \/ Yoast SEO Premium plugin. -->","yoast_head_json":{"title":"NANDROLONE DECANOATE \/ NANDROGED PREMIUM - (Espa\u00f1ol) Esteroides en l\u00ednea","description":"NANDROLONE D\u00c9CANOATE est un st\u00e9ro\u00efde injectable populaire qui augmente la masse maigre, la force et la r\u00e9cup\u00e9ration avec des effets secondaires l\u00e9gers.","robots":{"index":"index","follow":"follow","max-snippet":"max-snippet:-1","max-image-preview":"max-image-preview:large","max-video-preview":"max-video-preview:-1"},"canonical":"https:\/\/iberoid-shop.com\/fr\/product\/nandrolone-decanoate-nandroged-premium-epf\/","og_locale":"fr_FR","og_type":"article","og_title":"NANDROLONE DECANOATE \/ NANDROGED PREMIUM","og_description":"NANDROLONE D\u00c9CANOATE est un st\u00e9ro\u00efde injectable populaire qui augmente la masse maigre, la force et la r\u00e9cup\u00e9ration avec des effets secondaires l\u00e9gers.","og_url":"https:\/\/iberoid-shop.com\/fr\/product\/nandrolone-decanoate-nandroged-premium-epf\/","og_site_name":"(Espa\u00f1ol) Esteroides en l\u00ednea","article_modified_time":"2026-02-08T12:11:15+00:00","og_image":[{"width":1024,"height":768,"url":"https:\/\/iberoid-shop.com\/wp-content\/uploads\/2023\/06\/dk.jpg?v=1690929355","type":"image\/jpeg"}],"twitter_card":"summary_large_image","twitter_misc":{"Prix":"&euro;50.00","Disponibilit\u00e9":"En stock"},"schema":{"@context":"https:\/\/schema.org","@graph":[{"@type":"WebPage","@id":"https:\/\/iberoid-shop.com\/fr\/product\/nandrolone-decanoate-nandroged-premium-epf\/","url":"https:\/\/iberoid-shop.com\/fr\/product\/nandrolone-decanoate-nandroged-premium-epf\/","name":"NANDROLONE DECANOATE \/ NANDROGED PREMIUM - (Espa\u00f1ol) Esteroides en l\u00ednea","isPartOf":{"@id":"https:\/\/iberoid-shop.com\/fr\/#website"},"primaryImageOfPage":{"@id":"https:\/\/iberoid-shop.com\/fr\/product\/nandrolone-decanoate-nandroged-premium-epf\/#primaryimage"},"image":{"@id":"https:\/\/iberoid-shop.com\/fr\/product\/nandrolone-decanoate-nandroged-premium-epf\/#primaryimage"},"thumbnailUrl":"https:\/\/iberoid-shop.com\/wp-content\/uploads\/2023\/06\/dk.jpg?v=1690929355","datePublished":"2023-06-03T14:28:58+00:00","dateModified":"2026-02-08T12:11:15+00:00","description":"NANDROLONE D\u00c9CANOATE est un st\u00e9ro\u00efde injectable populaire qui augmente la masse maigre, la force et la r\u00e9cup\u00e9ration avec des effets secondaires l\u00e9gers.","breadcrumb":{"@id":"https:\/\/iberoid-shop.com\/fr\/product\/nandrolone-decanoate-nandroged-premium-epf\/#breadcrumb"},"inLanguage":"fr-FR","potentialAction":[{"@type":"ReadAction","target":[["https:\/\/iberoid-shop.com\/fr\/product\/nandrolone-decanoate-nandroged-premium-epf\/"]]}]},{"@type":"ImageObject","inLanguage":"fr-FR","@id":"https:\/\/iberoid-shop.com\/fr\/product\/nandrolone-decanoate-nandroged-premium-epf\/#primaryimage","url":"https:\/\/iberoid-shop.com\/wp-content\/uploads\/2023\/06\/dk.jpg?v=1690929355","contentUrl":"https:\/\/iberoid-shop.com\/wp-content\/uploads\/2023\/06\/dk.jpg?v=1690929355","width":1024,"height":768},{"@type":"BreadcrumbList","@id":"https:\/\/iberoid-shop.com\/fr\/product\/nandrolone-decanoate-nandroged-premium-epf\/#breadcrumb","itemListElement":[{"@type":"ListItem","position":1,"name":"Portada","item":"https:\/\/iberoid-shop.com\/fr\/"},{"@type":"ListItem","position":2,"name":"Magasin","item":"https:\/\/iberoid-shop.com\/fr\/shop\/"},{"@type":"ListItem","position":3,"name":"NANDROLONE DECANOATE \/ NANDROGED PREMIUM"}]},{"@type":"WebSite","@id":"https:\/\/iberoid-shop.com\/fr\/#website","url":"https:\/\/iberoid-shop.com\/fr\/","name":"(Espa\u00f1ol) Esteroides en l\u00ednea","description":"(Espa\u00f1ol) Comprar esteroides en l\u00ednea hoy en Espa\u00f1a y Portugal. Tenemos el mejor servicio al cliente en la industria y los productos de la m\u00e1s alta calidad","potentialAction":[{"@type":"SearchAction","target":{"@type":"EntryPoint","urlTemplate":"https:\/\/iberoid-shop.com\/fr\/?s={search_term_string}"},"query-input":{"@type":"PropertyValueSpecification","valueRequired":true,"valueName":"search_term_string"}}],"inLanguage":"fr-FR"}]},"product_brand":"Euro Prime Pharmaceuticals (EPF)","product_price_amount":"50.00","product_price_currency":"EUR","og_availability":"instock","product_availability":"instock","product_condition":"new"},"_links":{"self":[{"href":"https:\/\/iberoid-shop.com\/fr\/wp-json\/wp\/v2\/product\/8556","targetHints":{"allow":["GET"]}}],"collection":[{"href":"https:\/\/iberoid-shop.com\/fr\/wp-json\/wp\/v2\/product"}],"about":[{"href":"https:\/\/iberoid-shop.com\/fr\/wp-json\/wp\/v2\/types\/product"}],"replies":[{"embeddable":true,"href":"https:\/\/iberoid-shop.com\/fr\/wp-json\/wp\/v2\/comments?post=8556"}],"wp:featuredmedia":[{"embeddable":true,"href":"https:\/\/iberoid-shop.com\/fr\/wp-json\/wp\/v2\/media\/8557"}],"wp:attachment":[{"href":"https:\/\/iberoid-shop.com\/fr\/wp-json\/wp\/v2\/media?parent=8556"}],"wp:term":[{"taxonomy":"product_brand","embeddable":true,"href":"https:\/\/iberoid-shop.com\/fr\/wp-json\/wp\/v2\/product_brand?post=8556"},{"taxonomy":"product_cat","embeddable":true,"href":"https:\/\/iberoid-shop.com\/fr\/wp-json\/wp\/v2\/product_cat?post=8556"},{"taxonomy":"product_tag","embeddable":true,"href":"https:\/\/iberoid-shop.com\/fr\/wp-json\/wp\/v2\/product_tag?post=8556"}],"curies":[{"name":"wp","href":"https:\/\/api.w.org\/{rel}","templated":true}]}}