{"id":8514,"date":"2023-05-13T16:15:32","date_gmt":"2023-05-13T16:15:32","guid":{"rendered":"https:\/\/iberoid-shop.com\/?post_type=product&#038;p=8514"},"modified":"2024-12-05T21:16:45","modified_gmt":"2024-12-05T21:16:45","slug":"pak-3-genotropin-pfizer-12-mg-36-ui-pen","status":"publish","type":"product","link":"https:\/\/iberoid-shop.com\/fr\/product\/pak-3-genotropin-pfizer-12-mg-36-ui-pen\/","title":{"rendered":"PAK 3 GENOTROPIN &#8211; 12 MG- 36 UI PEN"},"content":{"rendered":"<p>GENOTROPIN\u00ae 36 UI (12 mg), poudre et solvant pour solution injectable<\/p>\n<p>Le principe actif du m\u00e9dicament est la somatotropine (hormone de croissance humaine, ADN recombinant). Apr\u00e8s reconstitution, chaque millilitre de solution injectable contient 5,3 mg ou 12 mg de somatotropine, correspondant respectivement \u00e0 16 UI de somatotropine et 36 UI (unit\u00e9s internationales).<\/p>\n<p>Les excipients sont : le compartiment pr\u00e9c\u00e9dent (avec poudre) \u2013 glycine, mannitol, dihydrog\u00e9nophosphate de sodium anhydre, hydrog\u00e9nophosphate disodique anhydre ; compartiment arri\u00e8re (avec solvant) &#8211; m\u00e9ta-cr\u00e9sol, mannitol, eau pour pr\u00e9parations injectables.<\/p>\n<p>Apr\u00e8s reconstitution : glycine (acide aminoac\u00e9tique), mannitol, dihydrog\u00e9nophosphate disodique anhydre, hydrog\u00e9nophosphate disodique anhydre, m\u00e9tacr\u00e9sol, eau pour pr\u00e9parations injectables.<\/p>\n<p>1. QU&rsquo;EST-CE QUE GENOTROPIN ET DANS QUEL CAS EST-IL UTILISE<\/p>\n<p>La g\u00e9notropine appartient \u00e0 un groupe de m\u00e9dicaments appel\u00e9s somatotropines\u00a0; la somatotropine de Genotropin est obtenue par technique de recombinaison d&rsquo;ADN sur des cultures bact\u00e9riennes Escherichia coli. La structure de la somatotropine est identique \u00e0 celle de l&rsquo;hormone de croissance humaine s\u00e9cr\u00e9t\u00e9e par l&rsquo;hypophyse.<\/p>\n<p>Genotropin est disponible en cartouches \u00e0 deux compartiments. La loge ant\u00e9rieure contient de la poudre de somatotropine. Le compartiment arri\u00e8re contient du solvant. Apr\u00e8s dissolution de la poudre dans le solvant, chaque cartouche contient 5,3 mg de somatotropine ou 12 mg dans un millilitre de solution injectable.<\/p>\n<p>Une bo\u00eete contient 1 ou 5 cartouches bicam\u00e9rales.<\/p>\n<p>La somatotropine stimule la croissance, influence le m\u00e9tabolisme et la s\u00e9cr\u00e9tion d&rsquo;autres hormones dans l&rsquo;organisme.<\/p>\n<p>Chez l&rsquo;enfant, Genotropin est indiqu\u00e9 dans le traitement des troubles de la croissance dus \u00e0 une s\u00e9cr\u00e9tion insuffisante d&rsquo;hormone de croissance, des troubles de la croissance associ\u00e9s au syndrome de Turner ou \u00e0 une insuffisance r\u00e9nale chronique. Il est \u00e9galement utilis\u00e9 pour le traitement des enfants ayant un poids de naissance inf\u00e9rieur \u00e0 celui correspondant \u00e0 l&rsquo;\u00e2ge gestationnel et qui n&rsquo;ont pas grandi correctement avant l&rsquo;\u00e2ge de 4 ans ou plus. En outre, Genotropin est indiqu\u00e9 chez les enfants atteints du syndrome de Prader-Willi, afin d&rsquo;am\u00e9liorer la croissance et la composition corporelle.<\/p>\n<p>Chez l&rsquo;adulte, Genotropin est indiqu\u00e9 comme traitement substitutif en cas d&rsquo;insuffisance marqu\u00e9e de l&rsquo;hormone de croissance.<\/p>","protected":false},"excerpt":{"rendered":"<p>GENOTROPIN\u00ae 36 UI (12 mg), poudre et solvant pour solution injectable Le principe actif du m\u00e9dicament est la somatotropine (hormone<\/p>\n","protected":false},"featured_media":8515,"comment_status":"open","ping_status":"closed","template":"","meta":[],"product_brand":[],"product_cat":[76,3474],"product_tag":[],"class_list":{"0":"post-8514","1":"product","2":"type-product","3":"status-publish","4":"has-post-thumbnail","6":"product_cat-hgh_peptido","7":"product_cat-packs","9":"first","10":"outofstock","11":"shipping-taxable","12":"purchasable","13":"product-type-simple"},"yoast_head":"<!-- This site is optimized with the Yoast SEO Premium plugin v24.4 (Yoast SEO v27.0) - https:\/\/yoast.com\/product\/yoast-seo-premium-wordpress\/ -->\n<title>PAK 3 GENOTROPIN - 12 MG- 36 UI PEN - (Espa\u00f1ol) Esteroides en l\u00ednea<\/title>\n<meta name=\"robots\" content=\"index, follow, max-snippet:-1, max-image-preview:large, max-video-preview:-1\" \/>\n<link rel=\"canonical\" href=\"https:\/\/iberoid-shop.com\/fr\/product\/pak-3-genotropin-pfizer-12-mg-36-ui-pen\/\" \/>\n<meta property=\"og:locale\" content=\"fr_FR\" \/>\n<meta property=\"og:type\" content=\"article\" \/>\n<meta property=\"og:title\" content=\"PAK 3 GENOTROPIN - 12 MG- 36 UI PEN\" \/>\n<meta property=\"og:description\" content=\"GENOTROPIN\u00ae 36 UI (12 mg), poudre et solvant pour solution injectable Le principe actif du m\u00e9dicament est la somatotropine (hormone\" \/>\n<meta property=\"og:url\" content=\"https:\/\/iberoid-shop.com\/fr\/product\/pak-3-genotropin-pfizer-12-mg-36-ui-pen\/\" \/>\n<meta property=\"og:site_name\" content=\"(Espa\u00f1ol) Esteroides en l\u00ednea\" \/>\n<meta property=\"article:modified_time\" content=\"2024-12-05T21:16:45+00:00\" \/>\n<meta property=\"og:image\" content=\"https:\/\/iberoid-shop.com\/wp-content\/uploads\/2023\/05\/3gen.webp\" \/>\n\t<meta property=\"og:image:width\" content=\"500\" \/>\n\t<meta property=\"og:image:height\" content=\"500\" \/>\n\t<meta property=\"og:image:type\" content=\"image\/webp\" \/>\n<meta name=\"twitter:card\" content=\"summary_large_image\" \/>\n<meta name=\"twitter:label1\" content=\"Prix\" \/>\n\t<meta name=\"twitter:data1\" content=\"&euro;320.00\" \/>\n\t<meta name=\"twitter:label2\" content=\"Disponibilit\u00e9\" \/>\n\t<meta name=\"twitter:data2\" content=\"Rupture de stock\" \/>\n<script type=\"application\/ld+json\" class=\"yoast-schema-graph\">{\"@context\":\"https:\/\/schema.org\",\"@graph\":[{\"@type\":\"WebPage\",\"@id\":\"https:\/\/iberoid-shop.com\/fr\/product\/pak-3-genotropin-pfizer-12-mg-36-ui-pen\/\",\"url\":\"https:\/\/iberoid-shop.com\/fr\/product\/pak-3-genotropin-pfizer-12-mg-36-ui-pen\/\",\"name\":\"PAK 3 GENOTROPIN - 12 MG- 36 UI PEN - (Espa\u00f1ol) Esteroides en l\u00ednea\",\"isPartOf\":{\"@id\":\"https:\/\/iberoid-shop.com\/fr\/#website\"},\"primaryImageOfPage\":{\"@id\":\"https:\/\/iberoid-shop.com\/fr\/product\/pak-3-genotropin-pfizer-12-mg-36-ui-pen\/#primaryimage\"},\"image\":{\"@id\":\"https:\/\/iberoid-shop.com\/fr\/product\/pak-3-genotropin-pfizer-12-mg-36-ui-pen\/#primaryimage\"},\"thumbnailUrl\":\"https:\/\/iberoid-shop.com\/wp-content\/uploads\/2023\/05\/3gen.webp\",\"datePublished\":\"2023-05-13T16:15:32+00:00\",\"dateModified\":\"2024-12-05T21:16:45+00:00\",\"breadcrumb\":{\"@id\":\"https:\/\/iberoid-shop.com\/fr\/product\/pak-3-genotropin-pfizer-12-mg-36-ui-pen\/#breadcrumb\"},\"inLanguage\":\"fr-FR\",\"potentialAction\":[{\"@type\":\"ReadAction\",\"target\":[[\"https:\/\/iberoid-shop.com\/fr\/product\/pak-3-genotropin-pfizer-12-mg-36-ui-pen\/\"]]}]},{\"@type\":\"ImageObject\",\"inLanguage\":\"fr-FR\",\"@id\":\"https:\/\/iberoid-shop.com\/fr\/product\/pak-3-genotropin-pfizer-12-mg-36-ui-pen\/#primaryimage\",\"url\":\"https:\/\/iberoid-shop.com\/wp-content\/uploads\/2023\/05\/3gen.webp\",\"contentUrl\":\"https:\/\/iberoid-shop.com\/wp-content\/uploads\/2023\/05\/3gen.webp\",\"width\":500,\"height\":500},{\"@type\":\"BreadcrumbList\",\"@id\":\"https:\/\/iberoid-shop.com\/fr\/product\/pak-3-genotropin-pfizer-12-mg-36-ui-pen\/#breadcrumb\",\"itemListElement\":[{\"@type\":\"ListItem\",\"position\":1,\"name\":\"Portada\",\"item\":\"https:\/\/iberoid-shop.com\/fr\/\"},{\"@type\":\"ListItem\",\"position\":2,\"name\":\"Magasin\",\"item\":\"https:\/\/iberoid-shop.com\/fr\/shop\/\"},{\"@type\":\"ListItem\",\"position\":3,\"name\":\"PAK 3 GENOTROPIN &#8211; 12 MG- 36 UI PEN\"}]},{\"@type\":\"WebSite\",\"@id\":\"https:\/\/iberoid-shop.com\/fr\/#website\",\"url\":\"https:\/\/iberoid-shop.com\/fr\/\",\"name\":\"(Espa\u00f1ol) Esteroides en l\u00ednea\",\"description\":\"(Espa\u00f1ol) Comprar esteroides en l\u00ednea hoy en Espa\u00f1a y Portugal. Tenemos el mejor servicio al cliente en la industria y los productos de la m\u00e1s alta calidad\",\"potentialAction\":[{\"@type\":\"SearchAction\",\"target\":{\"@type\":\"EntryPoint\",\"urlTemplate\":\"https:\/\/iberoid-shop.com\/fr\/?s={search_term_string}\"},\"query-input\":{\"@type\":\"PropertyValueSpecification\",\"valueRequired\":true,\"valueName\":\"search_term_string\"}}],\"inLanguage\":\"fr-FR\"}]}<\/script>\n<meta property=\"product:brand\" content=\"Pfizer\" \/>\n<meta property=\"product:price:amount\" content=\"320.00\" \/>\n<meta property=\"product:price:currency\" content=\"EUR\" \/>\n<meta property=\"og:availability\" content=\"out of stock\" \/>\n<meta property=\"product:availability\" content=\"out of stock\" \/>\n<meta property=\"product:condition\" content=\"new\" \/>\n<!-- \/ Yoast SEO Premium plugin. -->","yoast_head_json":{"title":"PAK 3 GENOTROPIN - 12 MG- 36 UI PEN - (Espa\u00f1ol) Esteroides en l\u00ednea","robots":{"index":"index","follow":"follow","max-snippet":"max-snippet:-1","max-image-preview":"max-image-preview:large","max-video-preview":"max-video-preview:-1"},"canonical":"https:\/\/iberoid-shop.com\/fr\/product\/pak-3-genotropin-pfizer-12-mg-36-ui-pen\/","og_locale":"fr_FR","og_type":"article","og_title":"PAK 3 GENOTROPIN - 12 MG- 36 UI PEN","og_description":"GENOTROPIN\u00ae 36 UI (12 mg), poudre et solvant pour solution injectable Le principe actif du m\u00e9dicament est la somatotropine (hormone","og_url":"https:\/\/iberoid-shop.com\/fr\/product\/pak-3-genotropin-pfizer-12-mg-36-ui-pen\/","og_site_name":"(Espa\u00f1ol) Esteroides en l\u00ednea","article_modified_time":"2024-12-05T21:16:45+00:00","og_image":[{"width":500,"height":500,"url":"https:\/\/iberoid-shop.com\/wp-content\/uploads\/2023\/05\/3gen.webp","type":"image\/webp"}],"twitter_card":"summary_large_image","twitter_misc":{"Prix":"&euro;320.00","Disponibilit\u00e9":"Rupture de stock"},"schema":{"@context":"https:\/\/schema.org","@graph":[{"@type":"WebPage","@id":"https:\/\/iberoid-shop.com\/fr\/product\/pak-3-genotropin-pfizer-12-mg-36-ui-pen\/","url":"https:\/\/iberoid-shop.com\/fr\/product\/pak-3-genotropin-pfizer-12-mg-36-ui-pen\/","name":"PAK 3 GENOTROPIN - 12 MG- 36 UI PEN - (Espa\u00f1ol) Esteroides en l\u00ednea","isPartOf":{"@id":"https:\/\/iberoid-shop.com\/fr\/#website"},"primaryImageOfPage":{"@id":"https:\/\/iberoid-shop.com\/fr\/product\/pak-3-genotropin-pfizer-12-mg-36-ui-pen\/#primaryimage"},"image":{"@id":"https:\/\/iberoid-shop.com\/fr\/product\/pak-3-genotropin-pfizer-12-mg-36-ui-pen\/#primaryimage"},"thumbnailUrl":"https:\/\/iberoid-shop.com\/wp-content\/uploads\/2023\/05\/3gen.webp","datePublished":"2023-05-13T16:15:32+00:00","dateModified":"2024-12-05T21:16:45+00:00","breadcrumb":{"@id":"https:\/\/iberoid-shop.com\/fr\/product\/pak-3-genotropin-pfizer-12-mg-36-ui-pen\/#breadcrumb"},"inLanguage":"fr-FR","potentialAction":[{"@type":"ReadAction","target":[["https:\/\/iberoid-shop.com\/fr\/product\/pak-3-genotropin-pfizer-12-mg-36-ui-pen\/"]]}]},{"@type":"ImageObject","inLanguage":"fr-FR","@id":"https:\/\/iberoid-shop.com\/fr\/product\/pak-3-genotropin-pfizer-12-mg-36-ui-pen\/#primaryimage","url":"https:\/\/iberoid-shop.com\/wp-content\/uploads\/2023\/05\/3gen.webp","contentUrl":"https:\/\/iberoid-shop.com\/wp-content\/uploads\/2023\/05\/3gen.webp","width":500,"height":500},{"@type":"BreadcrumbList","@id":"https:\/\/iberoid-shop.com\/fr\/product\/pak-3-genotropin-pfizer-12-mg-36-ui-pen\/#breadcrumb","itemListElement":[{"@type":"ListItem","position":1,"name":"Portada","item":"https:\/\/iberoid-shop.com\/fr\/"},{"@type":"ListItem","position":2,"name":"Magasin","item":"https:\/\/iberoid-shop.com\/fr\/shop\/"},{"@type":"ListItem","position":3,"name":"PAK 3 GENOTROPIN &#8211; 12 MG- 36 UI PEN"}]},{"@type":"WebSite","@id":"https:\/\/iberoid-shop.com\/fr\/#website","url":"https:\/\/iberoid-shop.com\/fr\/","name":"(Espa\u00f1ol) Esteroides en l\u00ednea","description":"(Espa\u00f1ol) Comprar esteroides en l\u00ednea hoy en Espa\u00f1a y Portugal. Tenemos el mejor servicio al cliente en la industria y los productos de la m\u00e1s alta calidad","potentialAction":[{"@type":"SearchAction","target":{"@type":"EntryPoint","urlTemplate":"https:\/\/iberoid-shop.com\/fr\/?s={search_term_string}"},"query-input":{"@type":"PropertyValueSpecification","valueRequired":true,"valueName":"search_term_string"}}],"inLanguage":"fr-FR"}]},"product_brand":"Pfizer","product_price_amount":"320.00","product_price_currency":"EUR","og_availability":"out of stock","product_availability":"out of stock","product_condition":"new"},"_links":{"self":[{"href":"https:\/\/iberoid-shop.com\/fr\/wp-json\/wp\/v2\/product\/8514","targetHints":{"allow":["GET"]}}],"collection":[{"href":"https:\/\/iberoid-shop.com\/fr\/wp-json\/wp\/v2\/product"}],"about":[{"href":"https:\/\/iberoid-shop.com\/fr\/wp-json\/wp\/v2\/types\/product"}],"replies":[{"embeddable":true,"href":"https:\/\/iberoid-shop.com\/fr\/wp-json\/wp\/v2\/comments?post=8514"}],"wp:featuredmedia":[{"embeddable":true,"href":"https:\/\/iberoid-shop.com\/fr\/wp-json\/wp\/v2\/media\/8515"}],"wp:attachment":[{"href":"https:\/\/iberoid-shop.com\/fr\/wp-json\/wp\/v2\/media?parent=8514"}],"wp:term":[{"taxonomy":"product_brand","embeddable":true,"href":"https:\/\/iberoid-shop.com\/fr\/wp-json\/wp\/v2\/product_brand?post=8514"},{"taxonomy":"product_cat","embeddable":true,"href":"https:\/\/iberoid-shop.com\/fr\/wp-json\/wp\/v2\/product_cat?post=8514"},{"taxonomy":"product_tag","embeddable":true,"href":"https:\/\/iberoid-shop.com\/fr\/wp-json\/wp\/v2\/product_tag?post=8514"}],"curies":[{"name":"wp","href":"https:\/\/api.w.org\/{rel}","templated":true}]}}