{"id":8512,"date":"2023-05-13T16:12:27","date_gmt":"2023-05-13T16:12:27","guid":{"rendered":"https:\/\/iberoid-shop.com\/?post_type=product&#038;p=8512"},"modified":"2025-04-13T16:40:47","modified_gmt":"2025-04-13T16:40:47","slug":"pak2-genotropin-pfizer-12-mg-36-ui-pen","status":"publish","type":"product","link":"https:\/\/iberoid-shop.com\/fr\/product\/pak2-genotropin-pfizer-12-mg-36-ui-pen\/","title":{"rendered":"pak2. GENOTROPIN &#8211; 12 MG 36 UI PEN 2&#215;36 ui &#8211; total 72 ui"},"content":{"rendered":"<p><strong>GENOTROPIN<\/strong>\u00a0est utilis\u00e9 pour le traitement de plusieurs troubles li\u00e9s \u00e0 la croissance chez les enfants et les adultes.<\/p>\n<h3>Chez les enfants :<\/h3>\n<ul>\n<li><strong>D\u00e9ficit en hormone de croissance (GHD)<\/strong><\/li>\n<li><strong>Petite taille idiopathique (ISS)<\/strong>*<\/li>\n<li><strong>Syndrome de Prader-Willi (PWS)\u2020<\/strong><\/li>\n<li><strong>Petit pour l&rsquo;\u00e2ge gestationnel (SGA)<\/strong><\/li>\n<li><strong>Syndrome de Turner (TS) chez les filles<\/strong><\/li>\n<\/ul>\n<h3>Chez les adultes :<\/h3>\n<ul>\n<li><strong>D\u00e9ficit en hormone de croissance (GHD)<\/strong><\/li>\n<\/ul>\n<hr \/>\n<h3>Indications d\u00e9taill\u00e9es :<\/h3>\n<h4>Enfants :<\/h4>\n<ul>\n<li><strong>Troubles de la croissance dus \u00e0 une s\u00e9cr\u00e9tion insuffisante d&rsquo;hormone de croissance (GHD)<\/strong>\u00a0et troubles de la croissance associ\u00e9s au syndrome de Turner ou \u00e0 une insuffisance r\u00e9nale chronique.<\/li>\n<li><strong>Troubles de la croissance<\/strong>\u00a0[score de d\u00e9viation standard (SDS) de la taille actuelle &lt; -2,5 et SDS de la taille ajust\u00e9e des parents &lt; -1] chez les enfants n\u00e9s petits pour l&rsquo;\u00e2ge gestationnel (SGA), avec un poids et\/ou une longueur de naissance inf\u00e9rieurs \u00e0 -2 SD, qui n&rsquo;ont pas montr\u00e9 de rattrapage de croissance [SDS de la vitesse de croissance (HV) &lt;0 au cours de la derni\u00e8re ann\u00e9e] \u00e0 l&rsquo;\u00e2ge de 4 ans ou plus.<\/li>\n<li><strong>Syndrome de Prader-Willi (PWS)<\/strong>\u00a0: pour am\u00e9liorer la croissance et la composition corporelle. Le diagnostic de PWS doit \u00eatre confirm\u00e9 par des tests g\u00e9n\u00e9tiques appropri\u00e9s.<\/li>\n<\/ul>\n<h4>Adultes :<\/h4>\n<ul>\n<li><strong>Traitement de remplacement chez les adultes pr\u00e9sentant un d\u00e9ficit prononc\u00e9 en hormone de croissance.<\/strong>\n<ul>\n<li><strong>D\u00e9but \u00e0 l&rsquo;\u00e2ge adulte<\/strong>\u00a0: Patients pr\u00e9sentant un d\u00e9ficit s\u00e9v\u00e8re en hormone de croissance associ\u00e9 \u00e0 des d\u00e9ficits multiples en hormones r\u00e9sultant d&rsquo;une pathologie hypothalamique ou hypophysaire connue, et ayant au moins un d\u00e9ficit connu en une hormone hypophysaire autre que la prolactine. Ces patients doivent subir un test dynamique appropri\u00e9 pour diagnostiquer ou exclure un d\u00e9ficit en hormone de croissance.<\/li>\n<li><strong>D\u00e9but dans l&rsquo;enfance<\/strong>\u00a0: Patients ayant pr\u00e9sent\u00e9 un d\u00e9ficit en hormone de croissance pendant l&rsquo;enfance en raison de causes cong\u00e9nitales, g\u00e9n\u00e9tiques, acquises ou idiopathiques. Les patients doivent \u00eatre r\u00e9\u00e9valu\u00e9s pour leur capacit\u00e9 de s\u00e9cr\u00e9tion d&rsquo;hormone de croissance apr\u00e8s la fin de la croissance longitudinale.<\/li>\n<\/ul>\n<\/li>\n<\/ul>\n<hr \/>\n<h3>Posologie et administration :<\/h3>\n<ul>\n<li>La posologie et le sch\u00e9ma d&rsquo;administration doivent \u00eatre individualis\u00e9s.<\/li>\n<li>L&rsquo;injection doit \u00eatre administr\u00e9e par voie sous-cutan\u00e9e, en variant le site pour \u00e9viter la lipoatrophie.<\/li>\n<\/ul>\n<h4>Enfants :<\/h4>\n<ul>\n<li><strong>D\u00e9ficit en hormone de croissance<\/strong>\u00a0: 0,025 &#8211; 0,035 mg\/kg de poids corporel par jour ou 0,7 &#8211; 1,0 mg\/m\u00b2 de surface corporelle par jour.<\/li>\n<li><strong>Syndrome de Prader-Willi<\/strong>\u00a0: 0,035 mg\/kg de poids corporel par jour ou 1,0 mg\/m\u00b2 de surface corporelle par jour. La dose quotidienne ne doit pas d\u00e9passer 2,7 mg.<\/li>\n<li><strong>Syndrome de Turner<\/strong>\u00a0: 0,045 &#8211; 0,050 mg\/kg de poids corporel par jour ou 1,4 mg\/m\u00b2 de surface corporelle par jour.<\/li>\n<li><strong>Insuffisance r\u00e9nale chronique<\/strong>\u00a0: 0,045 &#8211; 0,050 mg\/kg de poids corporel par jour (1,4 mg\/m\u00b2 de surface corporelle par jour).<\/li>\n<li><strong>Enfants n\u00e9s petits pour l&rsquo;\u00e2ge gestationnel<\/strong>\u00a0: 0,035 mg\/kg de poids corporel par jour (1 mg\/m\u00b2 de surface corporelle par jour).<\/li>\n<\/ul>\n<h4>Adultes :<\/h4>\n<ul>\n<li><strong>Patients d\u00e9ficitaires en hormone de croissance<\/strong>\u00a0:\n<ul>\n<li>Apr\u00e8s un GHD de l&rsquo;enfance : 0,2 &#8211; 0,5 mg par jour.<\/li>\n<li>D\u00e9but \u00e0 l&rsquo;\u00e2ge adulte : 0,15 &#8211; 0,3 mg par jour.<\/li>\n<li>Patients de plus de 60 ans : 0,1 &#8211; 0,2 mg par jour.<\/li>\n<\/ul>\n<\/li>\n<\/ul>\n<hr \/>\n<h3>Contre-indications :<\/h3>\n<ul>\n<li>Hypersensibilit\u00e9 \u00e0 la substance active.<\/li>\n<li>Pr\u00e9sence d&rsquo;une tumeur active.<\/li>\n<li>Enfants avec des \u00e9piphyses ferm\u00e9es.<\/li>\n<li>Patients en \u00e9tat critique (post-chirurgie cardiaque, traumatismes multiples, insuffisance respiratoire aigu\u00eb, etc.).<\/li>\n<\/ul>\n<p><\/p>","protected":false},"excerpt":{"rendered":"<p>GENOTROPIN\u00a0est utilis\u00e9 pour le traitement de plusieurs troubles li\u00e9s \u00e0 la croissance chez les enfants et les adultes. Chez les<\/p>\n","protected":false},"featured_media":8513,"comment_status":"open","ping_status":"closed","template":"","meta":[],"product_brand":[],"product_cat":[76,3474],"product_tag":[],"class_list":{"0":"post-8512","1":"product","2":"type-product","3":"status-publish","4":"has-post-thumbnail","6":"product_cat-hgh_peptido","7":"product_cat-packs","9":"first","10":"outofstock","11":"shipping-taxable","12":"purchasable","13":"product-type-simple"},"yoast_head":"<!-- This site is optimized with the Yoast SEO Premium plugin v24.4 (Yoast SEO v27.3) - https:\/\/yoast.com\/product\/yoast-seo-premium-wordpress\/ -->\n<title>pak2. GENOTROPIN - 12 MG 36 UI PEN 2x36 ui - total 72 ui - (Espa\u00f1ol) Esteroides en l\u00ednea<\/title>\n<meta name=\"description\" content=\"GENOTROPIN est une hormone de croissance sur ordonnance utilis\u00e9e pour traiter les troubles li\u00e9s \u00e0 la croissance chez les enfants et les adultes\" \/>\n<meta name=\"robots\" content=\"index, follow, max-snippet:-1, max-image-preview:large, max-video-preview:-1\" \/>\n<link rel=\"canonical\" href=\"https:\/\/iberoid-shop.com\/fr\/product\/pak2-genotropin-pfizer-12-mg-36-ui-pen\/\" \/>\n<meta property=\"og:locale\" content=\"fr_FR\" \/>\n<meta property=\"og:type\" content=\"article\" \/>\n<meta property=\"og:title\" content=\"pak2. GENOTROPIN - 12 MG 36 UI PEN 2x36 ui - total 72 ui\" \/>\n<meta property=\"og:description\" content=\"GENOTROPIN est une hormone de croissance sur ordonnance utilis\u00e9e pour traiter les troubles li\u00e9s \u00e0 la croissance chez les enfants et les adultes\" \/>\n<meta property=\"og:url\" content=\"https:\/\/iberoid-shop.com\/fr\/product\/pak2-genotropin-pfizer-12-mg-36-ui-pen\/\" \/>\n<meta property=\"og:site_name\" content=\"(Espa\u00f1ol) Esteroides en l\u00ednea\" \/>\n<meta property=\"article:modified_time\" content=\"2025-04-13T16:40:47+00:00\" \/>\n<meta property=\"og:image\" content=\"https:\/\/iberoid-shop.com\/wp-content\/uploads\/2023\/05\/2.gen_.jpg?v=1710934319\" \/>\n\t<meta property=\"og:image:width\" content=\"870\" \/>\n\t<meta property=\"og:image:height\" content=\"1044\" \/>\n\t<meta property=\"og:image:type\" content=\"image\/jpeg\" \/>\n<meta name=\"twitter:card\" content=\"summary_large_image\" \/>\n<meta name=\"twitter:label1\" content=\"Prix\" \/>\n\t<meta name=\"twitter:data1\" content=\"&euro;250.00\" \/>\n\t<meta name=\"twitter:label2\" content=\"Disponibilit\u00e9\" \/>\n\t<meta name=\"twitter:data2\" content=\"Rupture de stock\" \/>\n<script type=\"application\/ld+json\" class=\"yoast-schema-graph\">{\"@context\":\"https:\\\/\\\/schema.org\",\"@graph\":[{\"@type\":\"WebPage\",\"@id\":\"https:\\\/\\\/iberoid-shop.com\\\/fr\\\/product\\\/pak2-genotropin-pfizer-12-mg-36-ui-pen\\\/\",\"url\":\"https:\\\/\\\/iberoid-shop.com\\\/fr\\\/product\\\/pak2-genotropin-pfizer-12-mg-36-ui-pen\\\/\",\"name\":\"pak2. GENOTROPIN - 12 MG 36 UI PEN 2x36 ui - total 72 ui - (Espa\u00f1ol) Esteroides en l\u00ednea\",\"isPartOf\":{\"@id\":\"https:\\\/\\\/iberoid-shop.com\\\/fr\\\/#website\"},\"primaryImageOfPage\":{\"@id\":\"https:\\\/\\\/iberoid-shop.com\\\/fr\\\/product\\\/pak2-genotropin-pfizer-12-mg-36-ui-pen\\\/#primaryimage\"},\"image\":{\"@id\":\"https:\\\/\\\/iberoid-shop.com\\\/fr\\\/product\\\/pak2-genotropin-pfizer-12-mg-36-ui-pen\\\/#primaryimage\"},\"thumbnailUrl\":\"https:\\\/\\\/iberoid-shop.com\\\/wp-content\\\/uploads\\\/2023\\\/05\\\/2.gen_.jpg?v=1710934319\",\"datePublished\":\"2023-05-13T16:12:27+00:00\",\"dateModified\":\"2025-04-13T16:40:47+00:00\",\"description\":\"GENOTROPIN est une hormone de croissance sur ordonnance utilis\u00e9e pour traiter les troubles li\u00e9s \u00e0 la croissance chez les enfants et les adultes\",\"breadcrumb\":{\"@id\":\"https:\\\/\\\/iberoid-shop.com\\\/fr\\\/product\\\/pak2-genotropin-pfizer-12-mg-36-ui-pen\\\/#breadcrumb\"},\"inLanguage\":\"fr-FR\",\"potentialAction\":[{\"@type\":\"ReadAction\",\"target\":[[\"https:\\\/\\\/iberoid-shop.com\\\/fr\\\/product\\\/pak2-genotropin-pfizer-12-mg-36-ui-pen\\\/\"]]}]},{\"@type\":\"ImageObject\",\"inLanguage\":\"fr-FR\",\"@id\":\"https:\\\/\\\/iberoid-shop.com\\\/fr\\\/product\\\/pak2-genotropin-pfizer-12-mg-36-ui-pen\\\/#primaryimage\",\"url\":\"https:\\\/\\\/iberoid-shop.com\\\/wp-content\\\/uploads\\\/2023\\\/05\\\/2.gen_.jpg?v=1710934319\",\"contentUrl\":\"https:\\\/\\\/iberoid-shop.com\\\/wp-content\\\/uploads\\\/2023\\\/05\\\/2.gen_.jpg?v=1710934319\",\"width\":870,\"height\":1044},{\"@type\":\"BreadcrumbList\",\"@id\":\"https:\\\/\\\/iberoid-shop.com\\\/fr\\\/product\\\/pak2-genotropin-pfizer-12-mg-36-ui-pen\\\/#breadcrumb\",\"itemListElement\":[{\"@type\":\"ListItem\",\"position\":1,\"name\":\"Portada\",\"item\":\"https:\\\/\\\/iberoid-shop.com\\\/fr\\\/\"},{\"@type\":\"ListItem\",\"position\":2,\"name\":\"Magasin\",\"item\":\"https:\\\/\\\/iberoid-shop.com\\\/fr\\\/shop\\\/\"},{\"@type\":\"ListItem\",\"position\":3,\"name\":\"pak2. GENOTROPIN &#8211; 12 MG 36 UI PEN 2&#215;36 ui &#8211; total 72 ui\"}]},{\"@type\":\"WebSite\",\"@id\":\"https:\\\/\\\/iberoid-shop.com\\\/fr\\\/#website\",\"url\":\"https:\\\/\\\/iberoid-shop.com\\\/fr\\\/\",\"name\":\"(Espa\u00f1ol) Esteroides en l\u00ednea\",\"description\":\"(Espa\u00f1ol) Comprar esteroides en l\u00ednea hoy en Espa\u00f1a y Portugal. Tenemos el mejor servicio al cliente en la industria y los productos de la m\u00e1s alta calidad\",\"potentialAction\":[{\"@type\":\"SearchAction\",\"target\":{\"@type\":\"EntryPoint\",\"urlTemplate\":\"https:\\\/\\\/iberoid-shop.com\\\/fr\\\/?s={search_term_string}\"},\"query-input\":{\"@type\":\"PropertyValueSpecification\",\"valueRequired\":true,\"valueName\":\"search_term_string\"}}],\"inLanguage\":\"fr-FR\"}]}<\/script>\n<meta property=\"product:brand\" content=\"Pfizer\" \/>\n<meta property=\"product:price:amount\" content=\"250.00\" \/>\n<meta property=\"product:price:currency\" content=\"EUR\" \/>\n<meta property=\"og:availability\" content=\"out of stock\" \/>\n<meta property=\"product:availability\" content=\"out of stock\" \/>\n<meta property=\"product:condition\" content=\"new\" \/>\n<!-- \/ Yoast SEO Premium plugin. -->","yoast_head_json":{"title":"pak2. GENOTROPIN - 12 MG 36 UI PEN 2x36 ui - total 72 ui - (Espa\u00f1ol) Esteroides en l\u00ednea","description":"GENOTROPIN est une hormone de croissance sur ordonnance utilis\u00e9e pour traiter les troubles li\u00e9s \u00e0 la croissance chez les enfants et les adultes","robots":{"index":"index","follow":"follow","max-snippet":"max-snippet:-1","max-image-preview":"max-image-preview:large","max-video-preview":"max-video-preview:-1"},"canonical":"https:\/\/iberoid-shop.com\/fr\/product\/pak2-genotropin-pfizer-12-mg-36-ui-pen\/","og_locale":"fr_FR","og_type":"article","og_title":"pak2. GENOTROPIN - 12 MG 36 UI PEN 2x36 ui - total 72 ui","og_description":"GENOTROPIN est une hormone de croissance sur ordonnance utilis\u00e9e pour traiter les troubles li\u00e9s \u00e0 la croissance chez les enfants et les adultes","og_url":"https:\/\/iberoid-shop.com\/fr\/product\/pak2-genotropin-pfizer-12-mg-36-ui-pen\/","og_site_name":"(Espa\u00f1ol) Esteroides en l\u00ednea","article_modified_time":"2025-04-13T16:40:47+00:00","og_image":[{"width":870,"height":1044,"url":"https:\/\/iberoid-shop.com\/wp-content\/uploads\/2023\/05\/2.gen_.jpg?v=1710934319","type":"image\/jpeg"}],"twitter_card":"summary_large_image","twitter_misc":{"Prix":"&euro;250.00","Disponibilit\u00e9":"Rupture de stock"},"schema":{"@context":"https:\/\/schema.org","@graph":[{"@type":"WebPage","@id":"https:\/\/iberoid-shop.com\/fr\/product\/pak2-genotropin-pfizer-12-mg-36-ui-pen\/","url":"https:\/\/iberoid-shop.com\/fr\/product\/pak2-genotropin-pfizer-12-mg-36-ui-pen\/","name":"pak2. GENOTROPIN - 12 MG 36 UI PEN 2x36 ui - total 72 ui - (Espa\u00f1ol) Esteroides en l\u00ednea","isPartOf":{"@id":"https:\/\/iberoid-shop.com\/fr\/#website"},"primaryImageOfPage":{"@id":"https:\/\/iberoid-shop.com\/fr\/product\/pak2-genotropin-pfizer-12-mg-36-ui-pen\/#primaryimage"},"image":{"@id":"https:\/\/iberoid-shop.com\/fr\/product\/pak2-genotropin-pfizer-12-mg-36-ui-pen\/#primaryimage"},"thumbnailUrl":"https:\/\/iberoid-shop.com\/wp-content\/uploads\/2023\/05\/2.gen_.jpg?v=1710934319","datePublished":"2023-05-13T16:12:27+00:00","dateModified":"2025-04-13T16:40:47+00:00","description":"GENOTROPIN est une hormone de croissance sur ordonnance utilis\u00e9e pour traiter les troubles li\u00e9s \u00e0 la croissance chez les enfants et les adultes","breadcrumb":{"@id":"https:\/\/iberoid-shop.com\/fr\/product\/pak2-genotropin-pfizer-12-mg-36-ui-pen\/#breadcrumb"},"inLanguage":"fr-FR","potentialAction":[{"@type":"ReadAction","target":[["https:\/\/iberoid-shop.com\/fr\/product\/pak2-genotropin-pfizer-12-mg-36-ui-pen\/"]]}]},{"@type":"ImageObject","inLanguage":"fr-FR","@id":"https:\/\/iberoid-shop.com\/fr\/product\/pak2-genotropin-pfizer-12-mg-36-ui-pen\/#primaryimage","url":"https:\/\/iberoid-shop.com\/wp-content\/uploads\/2023\/05\/2.gen_.jpg?v=1710934319","contentUrl":"https:\/\/iberoid-shop.com\/wp-content\/uploads\/2023\/05\/2.gen_.jpg?v=1710934319","width":870,"height":1044},{"@type":"BreadcrumbList","@id":"https:\/\/iberoid-shop.com\/fr\/product\/pak2-genotropin-pfizer-12-mg-36-ui-pen\/#breadcrumb","itemListElement":[{"@type":"ListItem","position":1,"name":"Portada","item":"https:\/\/iberoid-shop.com\/fr\/"},{"@type":"ListItem","position":2,"name":"Magasin","item":"https:\/\/iberoid-shop.com\/fr\/shop\/"},{"@type":"ListItem","position":3,"name":"pak2. GENOTROPIN &#8211; 12 MG 36 UI PEN 2&#215;36 ui &#8211; total 72 ui"}]},{"@type":"WebSite","@id":"https:\/\/iberoid-shop.com\/fr\/#website","url":"https:\/\/iberoid-shop.com\/fr\/","name":"(Espa\u00f1ol) Esteroides en l\u00ednea","description":"(Espa\u00f1ol) Comprar esteroides en l\u00ednea hoy en Espa\u00f1a y Portugal. Tenemos el mejor servicio al cliente en la industria y los productos de la m\u00e1s alta calidad","potentialAction":[{"@type":"SearchAction","target":{"@type":"EntryPoint","urlTemplate":"https:\/\/iberoid-shop.com\/fr\/?s={search_term_string}"},"query-input":{"@type":"PropertyValueSpecification","valueRequired":true,"valueName":"search_term_string"}}],"inLanguage":"fr-FR"}]},"product_brand":"Pfizer","product_price_amount":"250.00","product_price_currency":"EUR","og_availability":"out of stock","product_availability":"out of stock","product_condition":"new"},"_links":{"self":[{"href":"https:\/\/iberoid-shop.com\/fr\/wp-json\/wp\/v2\/product\/8512","targetHints":{"allow":["GET"]}}],"collection":[{"href":"https:\/\/iberoid-shop.com\/fr\/wp-json\/wp\/v2\/product"}],"about":[{"href":"https:\/\/iberoid-shop.com\/fr\/wp-json\/wp\/v2\/types\/product"}],"replies":[{"embeddable":true,"href":"https:\/\/iberoid-shop.com\/fr\/wp-json\/wp\/v2\/comments?post=8512"}],"wp:featuredmedia":[{"embeddable":true,"href":"https:\/\/iberoid-shop.com\/fr\/wp-json\/wp\/v2\/media\/8513"}],"wp:attachment":[{"href":"https:\/\/iberoid-shop.com\/fr\/wp-json\/wp\/v2\/media?parent=8512"}],"wp:term":[{"taxonomy":"product_brand","embeddable":true,"href":"https:\/\/iberoid-shop.com\/fr\/wp-json\/wp\/v2\/product_brand?post=8512"},{"taxonomy":"product_cat","embeddable":true,"href":"https:\/\/iberoid-shop.com\/fr\/wp-json\/wp\/v2\/product_cat?post=8512"},{"taxonomy":"product_tag","embeddable":true,"href":"https:\/\/iberoid-shop.com\/fr\/wp-json\/wp\/v2\/product_tag?post=8512"}],"curies":[{"name":"wp","href":"https:\/\/api.w.org\/{rel}","templated":true}]}}