{"id":8398,"date":"2023-03-27T14:54:53","date_gmt":"2023-03-27T14:54:53","guid":{"rendered":"https:\/\/iberoid-shop.com\/?post_type=product&#038;p=8398"},"modified":"2026-01-25T14:25:25","modified_gmt":"2026-01-25T14:25:25","slug":"n-ject200-nandrolone-decanoate-mp-pharm","status":"publish","type":"product","link":"https:\/\/iberoid-shop.com\/fr\/product\/n-ject200-nandrolone-decanoate-mp-pharm\/","title":{"rendered":"N-JECT200 \/ NANDROLONE DECANOATE"},"content":{"rendered":"<p>Nandrolone Decanoate Injection est un m\u00e9dicament produit par la soci\u00e9t\u00e9 B.M. M\u00e9dicaments. Le principe actif de ce m\u00e9dicament, le Nandrolone Decanoate, est commun\u00e9ment appel\u00e9 Deca-Durabolin (ou Deca en abr\u00e9g\u00e9). Deca-Durabolin est le st\u00e9ro\u00efde injectable le plus courant et le plus utilis\u00e9. Sa popularit\u00e9 s&rsquo;explique par la vari\u00e9t\u00e9 des possibilit\u00e9s d&rsquo;application et des r\u00e9sultats tangibles. Le fort effet anabolisant du Deca-Durabolin se combine avec un petit composant androg\u00e8ne, ce qui permet \u00e0 Deca d&rsquo;obtenir une bonne augmentation de la masse et de la force musculaire.<\/p>\n<p>Effets du Deca<br \/>\nAvec l\u2019utilisation correcte de Deca Durabolin, vous aurez la possibilit\u00e9 de gagner\u00a0:<\/p>\n<p>Croissance musculaire prononc\u00e9e<br \/>\nOs et ligaments renforc\u00e9s<br \/>\n\u00c9limination des douleurs articulaires gr\u00e2ce \u00e0 une production accrue de liquide synovial<br \/>\nAugmentation du nombre de globules rouges, ce qui entra\u00eene un meilleur transport de l\u2019oxyg\u00e8ne. Cela se traduit par une plus grande endurance.<br \/>\nSyst\u00e8me immunitaire am\u00e9lior\u00e9<br \/>\nConversion en estradiol sans l&rsquo;enzyme aromatase<br \/>\nAm\u00e9lioration de l&rsquo;absorption intestinale des acides amin\u00e9s et d&rsquo;autres substances utiles<br \/>\nRecommandations d&rsquo;utilisation<br \/>\nLa posologie optimale de Nandrolone Decanoate est comprise entre 200 et 600 mg par semaine. Des exp\u00e9riences scientifiques ont montr\u00e9 que les meilleurs r\u00e9sultats sont obtenus en prenant 4 mg du m\u00e9dicament pour 1 kg de poids corporel et par semaine. Ceux qui choisissent une dose inf\u00e9rieure \u00e0 200 mg par semaine ne ressentiront qu\u2019un tr\u00e8s faible effet anabolisant, qui s\u2019accentue consid\u00e9rablement avec l\u2019augmentation des doses. Entre 200 et 600 mg par semaine, l\u2019effet anabolisant augmente presque en proportion directe avec la dose. Ceux qui prennent plus de 600 mg par semaine d\u00e9placent le rapport des effets positifs-n\u00e9gatifs vers les effets secondaires, car dans ce cas, l&rsquo;effet anabolisant n&rsquo;augmente pas proportionnellement aux doses, c&rsquo;est-\u00e0-dire que 1000 mg par semaine ne donneront pas de meilleurs r\u00e9sultats que 600 mg. Pour les d\u00e9butants dans l\u2019utilisation des st\u00e9ro\u00efdes anabolisants, il est pr\u00e9f\u00e9rable de s\u2019en tenir \u00e0 une dose de 200 mg par semaine.<\/p>","protected":false},"excerpt":{"rendered":"<p>Nandrolone Decanoate Injection est un m\u00e9dicament produit par la soci\u00e9t\u00e9 B.M. M\u00e9dicaments. Le principe actif de ce m\u00e9dicament, le Nandrolone<\/p>\n","protected":false},"featured_media":8399,"comment_status":"open","ping_status":"closed","template":"","meta":[],"product_brand":[],"product_cat":[69],"product_tag":[],"class_list":{"0":"post-8398","1":"product","2":"type-product","3":"status-publish","4":"has-post-thumbnail","6":"product_cat-esteroides_inyectables","8":"first","9":"instock","10":"shipping-taxable","11":"purchasable","12":"product-type-simple"},"yoast_head":"<!-- This site is optimized with the Yoast SEO Premium plugin v24.4 (Yoast SEO v27.0) - https:\/\/yoast.com\/product\/yoast-seo-premium-wordpress\/ -->\n<title>N-JECT200 \/ NANDROLONE DECANOATE - (Espa\u00f1ol) Esteroides en l\u00ednea<\/title>\n<meta name=\"description\" content=\"DECADURABOLIN (D\u00e9canoate de Nandrolone) am\u00e9liore masse musculaire, force, endurance et sant\u00e9 des articulations avec peu d\u2019effets androg\u00e8nes.\" \/>\n<meta name=\"robots\" content=\"index, follow, max-snippet:-1, max-image-preview:large, max-video-preview:-1\" \/>\n<link rel=\"canonical\" href=\"https:\/\/iberoid-shop.com\/fr\/product\/n-ject200-nandrolone-decanoate-mp-pharm\/\" \/>\n<meta property=\"og:locale\" content=\"fr_FR\" \/>\n<meta property=\"og:type\" content=\"article\" \/>\n<meta property=\"og:title\" content=\"N-JECT200 \/ NANDROLONE DECANOATE\" \/>\n<meta property=\"og:description\" content=\"DECADURABOLIN (D\u00e9canoate de Nandrolone) am\u00e9liore masse musculaire, force, endurance et sant\u00e9 des articulations avec peu d\u2019effets androg\u00e8nes.\" \/>\n<meta property=\"og:url\" content=\"https:\/\/iberoid-shop.com\/fr\/product\/n-ject200-nandrolone-decanoate-mp-pharm\/\" \/>\n<meta property=\"og:site_name\" content=\"(Espa\u00f1ol) Esteroides en l\u00ednea\" \/>\n<meta property=\"article:modified_time\" content=\"2026-01-25T14:25:25+00:00\" \/>\n<meta property=\"og:image\" content=\"https:\/\/iberoid-shop.com\/wp-content\/uploads\/2023\/03\/nject.jpg?v=1697732449\" \/>\n\t<meta property=\"og:image:width\" content=\"486\" \/>\n\t<meta property=\"og:image:height\" content=\"666\" \/>\n\t<meta property=\"og:image:type\" content=\"image\/jpeg\" \/>\n<meta name=\"twitter:card\" content=\"summary_large_image\" \/>\n<meta name=\"twitter:label1\" content=\"Prix\" \/>\n\t<meta name=\"twitter:data1\" content=\"&euro;30.00\" \/>\n\t<meta name=\"twitter:label2\" content=\"Disponibilit\u00e9\" \/>\n\t<meta name=\"twitter:data2\" content=\"En stock\" \/>\n<script type=\"application\/ld+json\" class=\"yoast-schema-graph\">{\"@context\":\"https:\/\/schema.org\",\"@graph\":[{\"@type\":\"WebPage\",\"@id\":\"https:\/\/iberoid-shop.com\/fr\/product\/n-ject200-nandrolone-decanoate-mp-pharm\/\",\"url\":\"https:\/\/iberoid-shop.com\/fr\/product\/n-ject200-nandrolone-decanoate-mp-pharm\/\",\"name\":\"N-JECT200 \/ NANDROLONE DECANOATE - (Espa\u00f1ol) Esteroides en l\u00ednea\",\"isPartOf\":{\"@id\":\"https:\/\/iberoid-shop.com\/fr\/#website\"},\"primaryImageOfPage\":{\"@id\":\"https:\/\/iberoid-shop.com\/fr\/product\/n-ject200-nandrolone-decanoate-mp-pharm\/#primaryimage\"},\"image\":{\"@id\":\"https:\/\/iberoid-shop.com\/fr\/product\/n-ject200-nandrolone-decanoate-mp-pharm\/#primaryimage\"},\"thumbnailUrl\":\"https:\/\/iberoid-shop.com\/wp-content\/uploads\/2023\/03\/nject.jpg?v=1697732449\",\"datePublished\":\"2023-03-27T14:54:53+00:00\",\"dateModified\":\"2026-01-25T14:25:25+00:00\",\"description\":\"DECADURABOLIN (D\u00e9canoate de Nandrolone) am\u00e9liore masse musculaire, force, endurance et sant\u00e9 des articulations avec peu d\u2019effets androg\u00e8nes.\",\"breadcrumb\":{\"@id\":\"https:\/\/iberoid-shop.com\/fr\/product\/n-ject200-nandrolone-decanoate-mp-pharm\/#breadcrumb\"},\"inLanguage\":\"fr-FR\",\"potentialAction\":[{\"@type\":\"ReadAction\",\"target\":[[\"https:\/\/iberoid-shop.com\/fr\/product\/n-ject200-nandrolone-decanoate-mp-pharm\/\"]]}]},{\"@type\":\"ImageObject\",\"inLanguage\":\"fr-FR\",\"@id\":\"https:\/\/iberoid-shop.com\/fr\/product\/n-ject200-nandrolone-decanoate-mp-pharm\/#primaryimage\",\"url\":\"https:\/\/iberoid-shop.com\/wp-content\/uploads\/2023\/03\/nject.jpg?v=1697732449\",\"contentUrl\":\"https:\/\/iberoid-shop.com\/wp-content\/uploads\/2023\/03\/nject.jpg?v=1697732449\",\"width\":486,\"height\":666},{\"@type\":\"BreadcrumbList\",\"@id\":\"https:\/\/iberoid-shop.com\/fr\/product\/n-ject200-nandrolone-decanoate-mp-pharm\/#breadcrumb\",\"itemListElement\":[{\"@type\":\"ListItem\",\"position\":1,\"name\":\"Portada\",\"item\":\"https:\/\/iberoid-shop.com\/fr\/\"},{\"@type\":\"ListItem\",\"position\":2,\"name\":\"Magasin\",\"item\":\"https:\/\/iberoid-shop.com\/fr\/shop\/\"},{\"@type\":\"ListItem\",\"position\":3,\"name\":\"N-JECT200 \/ NANDROLONE DECANOATE\"}]},{\"@type\":\"WebSite\",\"@id\":\"https:\/\/iberoid-shop.com\/fr\/#website\",\"url\":\"https:\/\/iberoid-shop.com\/fr\/\",\"name\":\"(Espa\u00f1ol) Esteroides en l\u00ednea\",\"description\":\"(Espa\u00f1ol) Comprar esteroides en l\u00ednea hoy en Espa\u00f1a y Portugal. Tenemos el mejor servicio al cliente en la industria y los productos de la m\u00e1s alta calidad\",\"potentialAction\":[{\"@type\":\"SearchAction\",\"target\":{\"@type\":\"EntryPoint\",\"urlTemplate\":\"https:\/\/iberoid-shop.com\/fr\/?s={search_term_string}\"},\"query-input\":{\"@type\":\"PropertyValueSpecification\",\"valueRequired\":true,\"valueName\":\"search_term_string\"}}],\"inLanguage\":\"fr-FR\"}]}<\/script>\n<meta property=\"product:brand\" content=\"Mp-Pharm\" \/>\n<meta property=\"product:price:amount\" content=\"30.00\" \/>\n<meta property=\"product:price:currency\" content=\"EUR\" \/>\n<meta property=\"og:availability\" content=\"instock\" \/>\n<meta property=\"product:availability\" content=\"instock\" \/>\n<meta property=\"product:condition\" content=\"new\" \/>\n<!-- \/ Yoast SEO Premium plugin. -->","yoast_head_json":{"title":"N-JECT200 \/ NANDROLONE DECANOATE - (Espa\u00f1ol) Esteroides en l\u00ednea","description":"DECADURABOLIN (D\u00e9canoate de Nandrolone) am\u00e9liore masse musculaire, force, endurance et sant\u00e9 des articulations avec peu d\u2019effets androg\u00e8nes.","robots":{"index":"index","follow":"follow","max-snippet":"max-snippet:-1","max-image-preview":"max-image-preview:large","max-video-preview":"max-video-preview:-1"},"canonical":"https:\/\/iberoid-shop.com\/fr\/product\/n-ject200-nandrolone-decanoate-mp-pharm\/","og_locale":"fr_FR","og_type":"article","og_title":"N-JECT200 \/ NANDROLONE DECANOATE","og_description":"DECADURABOLIN (D\u00e9canoate de Nandrolone) am\u00e9liore masse musculaire, force, endurance et sant\u00e9 des articulations avec peu d\u2019effets androg\u00e8nes.","og_url":"https:\/\/iberoid-shop.com\/fr\/product\/n-ject200-nandrolone-decanoate-mp-pharm\/","og_site_name":"(Espa\u00f1ol) Esteroides en l\u00ednea","article_modified_time":"2026-01-25T14:25:25+00:00","og_image":[{"width":486,"height":666,"url":"https:\/\/iberoid-shop.com\/wp-content\/uploads\/2023\/03\/nject.jpg?v=1697732449","type":"image\/jpeg"}],"twitter_card":"summary_large_image","twitter_misc":{"Prix":"&euro;30.00","Disponibilit\u00e9":"En stock"},"schema":{"@context":"https:\/\/schema.org","@graph":[{"@type":"WebPage","@id":"https:\/\/iberoid-shop.com\/fr\/product\/n-ject200-nandrolone-decanoate-mp-pharm\/","url":"https:\/\/iberoid-shop.com\/fr\/product\/n-ject200-nandrolone-decanoate-mp-pharm\/","name":"N-JECT200 \/ NANDROLONE DECANOATE - (Espa\u00f1ol) Esteroides en l\u00ednea","isPartOf":{"@id":"https:\/\/iberoid-shop.com\/fr\/#website"},"primaryImageOfPage":{"@id":"https:\/\/iberoid-shop.com\/fr\/product\/n-ject200-nandrolone-decanoate-mp-pharm\/#primaryimage"},"image":{"@id":"https:\/\/iberoid-shop.com\/fr\/product\/n-ject200-nandrolone-decanoate-mp-pharm\/#primaryimage"},"thumbnailUrl":"https:\/\/iberoid-shop.com\/wp-content\/uploads\/2023\/03\/nject.jpg?v=1697732449","datePublished":"2023-03-27T14:54:53+00:00","dateModified":"2026-01-25T14:25:25+00:00","description":"DECADURABOLIN (D\u00e9canoate de Nandrolone) am\u00e9liore masse musculaire, force, endurance et sant\u00e9 des articulations avec peu d\u2019effets androg\u00e8nes.","breadcrumb":{"@id":"https:\/\/iberoid-shop.com\/fr\/product\/n-ject200-nandrolone-decanoate-mp-pharm\/#breadcrumb"},"inLanguage":"fr-FR","potentialAction":[{"@type":"ReadAction","target":[["https:\/\/iberoid-shop.com\/fr\/product\/n-ject200-nandrolone-decanoate-mp-pharm\/"]]}]},{"@type":"ImageObject","inLanguage":"fr-FR","@id":"https:\/\/iberoid-shop.com\/fr\/product\/n-ject200-nandrolone-decanoate-mp-pharm\/#primaryimage","url":"https:\/\/iberoid-shop.com\/wp-content\/uploads\/2023\/03\/nject.jpg?v=1697732449","contentUrl":"https:\/\/iberoid-shop.com\/wp-content\/uploads\/2023\/03\/nject.jpg?v=1697732449","width":486,"height":666},{"@type":"BreadcrumbList","@id":"https:\/\/iberoid-shop.com\/fr\/product\/n-ject200-nandrolone-decanoate-mp-pharm\/#breadcrumb","itemListElement":[{"@type":"ListItem","position":1,"name":"Portada","item":"https:\/\/iberoid-shop.com\/fr\/"},{"@type":"ListItem","position":2,"name":"Magasin","item":"https:\/\/iberoid-shop.com\/fr\/shop\/"},{"@type":"ListItem","position":3,"name":"N-JECT200 \/ NANDROLONE DECANOATE"}]},{"@type":"WebSite","@id":"https:\/\/iberoid-shop.com\/fr\/#website","url":"https:\/\/iberoid-shop.com\/fr\/","name":"(Espa\u00f1ol) Esteroides en l\u00ednea","description":"(Espa\u00f1ol) Comprar esteroides en l\u00ednea hoy en Espa\u00f1a y Portugal. Tenemos el mejor servicio al cliente en la industria y los productos de la m\u00e1s alta calidad","potentialAction":[{"@type":"SearchAction","target":{"@type":"EntryPoint","urlTemplate":"https:\/\/iberoid-shop.com\/fr\/?s={search_term_string}"},"query-input":{"@type":"PropertyValueSpecification","valueRequired":true,"valueName":"search_term_string"}}],"inLanguage":"fr-FR"}]},"product_brand":"Mp-Pharm","product_price_amount":"30.00","product_price_currency":"EUR","og_availability":"instock","product_availability":"instock","product_condition":"new"},"_links":{"self":[{"href":"https:\/\/iberoid-shop.com\/fr\/wp-json\/wp\/v2\/product\/8398","targetHints":{"allow":["GET"]}}],"collection":[{"href":"https:\/\/iberoid-shop.com\/fr\/wp-json\/wp\/v2\/product"}],"about":[{"href":"https:\/\/iberoid-shop.com\/fr\/wp-json\/wp\/v2\/types\/product"}],"replies":[{"embeddable":true,"href":"https:\/\/iberoid-shop.com\/fr\/wp-json\/wp\/v2\/comments?post=8398"}],"wp:featuredmedia":[{"embeddable":true,"href":"https:\/\/iberoid-shop.com\/fr\/wp-json\/wp\/v2\/media\/8399"}],"wp:attachment":[{"href":"https:\/\/iberoid-shop.com\/fr\/wp-json\/wp\/v2\/media?parent=8398"}],"wp:term":[{"taxonomy":"product_brand","embeddable":true,"href":"https:\/\/iberoid-shop.com\/fr\/wp-json\/wp\/v2\/product_brand?post=8398"},{"taxonomy":"product_cat","embeddable":true,"href":"https:\/\/iberoid-shop.com\/fr\/wp-json\/wp\/v2\/product_cat?post=8398"},{"taxonomy":"product_tag","embeddable":true,"href":"https:\/\/iberoid-shop.com\/fr\/wp-json\/wp\/v2\/product_tag?post=8398"}],"curies":[{"name":"wp","href":"https:\/\/api.w.org\/{rel}","templated":true}]}}