{"id":8387,"date":"2023-03-26T12:20:49","date_gmt":"2023-03-26T12:20:49","guid":{"rendered":"https:\/\/iberoid-shop.com\/?post_type=product&#038;p=8387"},"modified":"2026-03-01T14:00:12","modified_gmt":"2026-03-01T14:00:12","slug":"pak3-somatek-3x75-ui-225-ui-somatropin","status":"publish","type":"product","link":"https:\/\/iberoid-shop.com\/fr\/product\/pak3-somatek-3x75-ui-225-ui-somatropin\/","title":{"rendered":"PAK3 SOMATEK 3X75 UI &#8211; SOMATROPIN"},"content":{"rendered":"<p><\/p>\n<p class=\"\" data-start=\"0\" data-end=\"800\"><strong data-start=\"0\" data-end=\"11\">SOMATEK<\/strong> a un effet marqu\u00e9 sur le m\u00e9tabolisme des graisses, des prot\u00e9ines et des glucides. Chez les enfants atteints d\u2019un d\u00e9ficit en hormone de croissance (GH), la somatropine stimule la croissance en longueur des os du squelette en agissant sur les plaques \u00e9piphysaires des os longs. Chez les adultes comme chez les enfants, la somatropine contribue \u00e0 la normalisation de la composition corporelle en augmentant la masse musculaire et en r\u00e9duisant la masse grasse. Le tissu adipeux visc\u00e9ral est particuli\u00e8rement sensible \u00e0 l\u2019action de la somatropine. En plus de stimuler la lipolyse, la somatropine r\u00e9duit l\u2019afflux de triglyc\u00e9rides vers les tissus adipeux. Sous son action, la concentration du facteur de croissance analogue \u00e0 l\u2019insuline I (IGF-I) et de sa prot\u00e9ine de liaison (IGF-CB3) augmente.<\/p>\n<p class=\"\" data-start=\"802\" data-end=\"851\">Les effets suivants ont \u00e9galement \u00e9t\u00e9 d\u00e9montr\u00e9s :<\/p>\n<p class=\"\" data-start=\"853\" data-end=\"1212\"><strong data-start=\"853\" data-end=\"880\">M\u00e9tabolisme lipidique :<\/strong><br data-start=\"880\" data-end=\"883\" \/>La somatropine active les r\u00e9cepteurs LDL dans le foie et modifie le profil lipidique et lipoprot\u00e9ique sanguin. En g\u00e9n\u00e9ral, l\u2019utilisation de la somatropine chez les patients pr\u00e9sentant une d\u00e9ficience en GH entra\u00eene une diminution des niveaux de LDL et d\u2019apolipoprot\u00e9ine B. Une baisse du taux de cholest\u00e9rol est \u00e9galement observ\u00e9e.<\/p>\n<p class=\"\" data-start=\"1214\" data-end=\"1488\"><strong data-start=\"1214\" data-end=\"1244\">M\u00e9tabolisme des glucides :<\/strong><br data-start=\"1244\" data-end=\"1247\" \/>La somatropine augmente la s\u00e9cr\u00e9tion d\u2019insuline, mais la glyc\u00e9mie reste g\u00e9n\u00e9ralement inchang\u00e9e. Les enfants atteints d\u2019hypopituitarisme peuvent d\u00e9velopper une hypoglyc\u00e9mie \u00e0 jeun, une condition r\u00e9versible apr\u00e8s administration de somatropine.<\/p>\n<p class=\"\" data-start=\"1490\" data-end=\"1795\"><strong data-start=\"1490\" data-end=\"1527\">M\u00e9tabolisme hydrique et min\u00e9ral :<\/strong><br data-start=\"1527\" data-end=\"1530\" \/>La carence en GH est associ\u00e9e \u00e0 une r\u00e9duction du volume plasmatique et du liquide extracellulaire. L\u2019administration de somatropine entra\u00eene une augmentation rapide de ces deux param\u00e8tres. Elle favorise \u00e9galement la r\u00e9tention de sodium, de potassium et de phosphore.<\/p>\n<p class=\"\" data-start=\"1797\" data-end=\"2022\"><strong data-start=\"1797\" data-end=\"1821\">M\u00e9tabolisme osseux :<\/strong><br data-start=\"1821\" data-end=\"1824\" \/>La somatropine stimule le m\u00e9tabolisme osseux. Un traitement prolong\u00e9 chez les enfants atteints d\u2019un d\u00e9ficit en GH et d\u2019ost\u00e9oporose permet de normaliser la composition min\u00e9rale et la densit\u00e9 osseuse.<\/p>\n<p class=\"\" data-start=\"2024\" data-end=\"2373\"><strong data-start=\"2024\" data-end=\"2047\">Activit\u00e9 physique :<\/strong><br data-start=\"2047\" data-end=\"2050\" \/>Un traitement de substitution \u00e0 long terme par somatropine augmente la force musculaire et l\u2019endurance physique. Le d\u00e9bit cardiaque augmente \u00e9galement, bien que le m\u00e9canisme de cette action ne soit pas encore totalement compris. Une r\u00e9duction de la r\u00e9sistance vasculaire p\u00e9riph\u00e9rique pourrait en partie expliquer cet effet.<\/p>\n<p><\/p>","protected":false},"excerpt":{"rendered":"<p>SOMATEK a un effet marqu\u00e9 sur le m\u00e9tabolisme des graisses, des prot\u00e9ines et des glucides. Chez les enfants atteints d\u2019un<\/p>\n","protected":false},"featured_media":8388,"comment_status":"open","ping_status":"closed","template":"","meta":[],"product_brand":[],"product_cat":[76,3474],"product_tag":[],"class_list":{"0":"post-8387","1":"product","2":"type-product","3":"status-publish","4":"has-post-thumbnail","6":"product_cat-hgh_peptido","7":"product_cat-packs","9":"first","10":"outofstock","11":"sale","12":"shipping-taxable","13":"purchasable","14":"product-type-simple"},"yoast_head":"<!-- This site is optimized with the Yoast SEO Premium plugin v24.4 (Yoast SEO v27.3) - https:\/\/yoast.com\/product\/yoast-seo-premium-wordpress\/ -->\n<title>PAK3 SOMATEK 3X75 UI - SOMATROPIN - (Espa\u00f1ol) Esteroides en l\u00ednea<\/title>\n<meta name=\"description\" content=\"SOMATEK (somatropine) : Hormone de croissance qui stimule la croissance osseuse, augmente la masse musculaire, r\u00e9duit la graisse corporelle et affecte le m\u00e9tabolisme.\" \/>\n<meta name=\"robots\" content=\"index, follow, max-snippet:-1, max-image-preview:large, max-video-preview:-1\" \/>\n<link rel=\"canonical\" href=\"https:\/\/iberoid-shop.com\/fr\/product\/pak3-somatek-3x75-ui-225-ui-somatropin\/\" \/>\n<meta property=\"og:locale\" content=\"fr_FR\" \/>\n<meta property=\"og:type\" content=\"article\" \/>\n<meta property=\"og:title\" content=\"PAK3 SOMATEK 3X75 UI - SOMATROPIN\" \/>\n<meta property=\"og:description\" content=\"SOMATEK (somatropine) : Hormone de croissance qui stimule la croissance osseuse, augmente la masse musculaire, r\u00e9duit la graisse corporelle et affecte le m\u00e9tabolisme.\" \/>\n<meta property=\"og:url\" content=\"https:\/\/iberoid-shop.com\/fr\/product\/pak3-somatek-3x75-ui-225-ui-somatropin\/\" \/>\n<meta property=\"og:site_name\" content=\"(Espa\u00f1ol) Esteroides en l\u00ednea\" \/>\n<meta property=\"article:modified_time\" content=\"2026-03-01T14:00:12+00:00\" \/>\n<meta property=\"og:image\" content=\"https:\/\/iberoid-shop.com\/wp-content\/uploads\/2023\/03\/3.-som.jpg?v=1710934319\" \/>\n\t<meta property=\"og:image:width\" content=\"1024\" \/>\n\t<meta property=\"og:image:height\" content=\"904\" \/>\n\t<meta property=\"og:image:type\" content=\"image\/jpeg\" \/>\n<meta name=\"twitter:card\" content=\"summary_large_image\" \/>\n<meta name=\"twitter:label1\" content=\"Prix\" \/>\n\t<meta name=\"twitter:data1\" content=\"&euro;160.00\" \/>\n\t<meta name=\"twitter:label2\" content=\"Disponibilit\u00e9\" \/>\n\t<meta name=\"twitter:data2\" content=\"Rupture de stock\" \/>\n<script type=\"application\/ld+json\" class=\"yoast-schema-graph\">{\"@context\":\"https:\\\/\\\/schema.org\",\"@graph\":[{\"@type\":\"WebPage\",\"@id\":\"https:\\\/\\\/iberoid-shop.com\\\/fr\\\/product\\\/pak3-somatek-3x75-ui-225-ui-somatropin\\\/\",\"url\":\"https:\\\/\\\/iberoid-shop.com\\\/fr\\\/product\\\/pak3-somatek-3x75-ui-225-ui-somatropin\\\/\",\"name\":\"PAK3 SOMATEK 3X75 UI - SOMATROPIN - (Espa\u00f1ol) Esteroides en l\u00ednea\",\"isPartOf\":{\"@id\":\"https:\\\/\\\/iberoid-shop.com\\\/fr\\\/#website\"},\"primaryImageOfPage\":{\"@id\":\"https:\\\/\\\/iberoid-shop.com\\\/fr\\\/product\\\/pak3-somatek-3x75-ui-225-ui-somatropin\\\/#primaryimage\"},\"image\":{\"@id\":\"https:\\\/\\\/iberoid-shop.com\\\/fr\\\/product\\\/pak3-somatek-3x75-ui-225-ui-somatropin\\\/#primaryimage\"},\"thumbnailUrl\":\"https:\\\/\\\/iberoid-shop.com\\\/wp-content\\\/uploads\\\/2023\\\/03\\\/3.-som.jpg?v=1710934319\",\"datePublished\":\"2023-03-26T12:20:49+00:00\",\"dateModified\":\"2026-03-01T14:00:12+00:00\",\"description\":\"SOMATEK (somatropine) : Hormone de croissance qui stimule la croissance osseuse, augmente la masse musculaire, r\u00e9duit la graisse corporelle et affecte le m\u00e9tabolisme.\",\"breadcrumb\":{\"@id\":\"https:\\\/\\\/iberoid-shop.com\\\/fr\\\/product\\\/pak3-somatek-3x75-ui-225-ui-somatropin\\\/#breadcrumb\"},\"inLanguage\":\"fr-FR\",\"potentialAction\":[{\"@type\":\"ReadAction\",\"target\":[[\"https:\\\/\\\/iberoid-shop.com\\\/fr\\\/product\\\/pak3-somatek-3x75-ui-225-ui-somatropin\\\/\"]]}]},{\"@type\":\"ImageObject\",\"inLanguage\":\"fr-FR\",\"@id\":\"https:\\\/\\\/iberoid-shop.com\\\/fr\\\/product\\\/pak3-somatek-3x75-ui-225-ui-somatropin\\\/#primaryimage\",\"url\":\"https:\\\/\\\/iberoid-shop.com\\\/wp-content\\\/uploads\\\/2023\\\/03\\\/3.-som.jpg?v=1710934319\",\"contentUrl\":\"https:\\\/\\\/iberoid-shop.com\\\/wp-content\\\/uploads\\\/2023\\\/03\\\/3.-som.jpg?v=1710934319\",\"width\":1024,\"height\":904},{\"@type\":\"BreadcrumbList\",\"@id\":\"https:\\\/\\\/iberoid-shop.com\\\/fr\\\/product\\\/pak3-somatek-3x75-ui-225-ui-somatropin\\\/#breadcrumb\",\"itemListElement\":[{\"@type\":\"ListItem\",\"position\":1,\"name\":\"Portada\",\"item\":\"https:\\\/\\\/iberoid-shop.com\\\/fr\\\/\"},{\"@type\":\"ListItem\",\"position\":2,\"name\":\"Magasin\",\"item\":\"https:\\\/\\\/iberoid-shop.com\\\/fr\\\/shop\\\/\"},{\"@type\":\"ListItem\",\"position\":3,\"name\":\"PAK3 SOMATEK 3X75 UI &#8211; SOMATROPIN\"}]},{\"@type\":\"WebSite\",\"@id\":\"https:\\\/\\\/iberoid-shop.com\\\/fr\\\/#website\",\"url\":\"https:\\\/\\\/iberoid-shop.com\\\/fr\\\/\",\"name\":\"(Espa\u00f1ol) Esteroides en l\u00ednea\",\"description\":\"(Espa\u00f1ol) Comprar esteroides en l\u00ednea hoy en Espa\u00f1a y Portugal. Tenemos el mejor servicio al cliente en la industria y los productos de la m\u00e1s alta calidad\",\"potentialAction\":[{\"@type\":\"SearchAction\",\"target\":{\"@type\":\"EntryPoint\",\"urlTemplate\":\"https:\\\/\\\/iberoid-shop.com\\\/fr\\\/?s={search_term_string}\"},\"query-input\":{\"@type\":\"PropertyValueSpecification\",\"valueRequired\":true,\"valueName\":\"search_term_string\"}}],\"inLanguage\":\"fr-FR\"}]}<\/script>\n<meta property=\"product:brand\" content=\"Pb Laboratories\" \/>\n<meta property=\"product:price:amount\" content=\"160.00\" \/>\n<meta property=\"product:price:currency\" content=\"EUR\" \/>\n<meta property=\"og:availability\" content=\"out of stock\" \/>\n<meta property=\"product:availability\" content=\"out of stock\" \/>\n<meta property=\"product:condition\" content=\"new\" \/>\n<!-- \/ Yoast SEO Premium plugin. -->","yoast_head_json":{"title":"PAK3 SOMATEK 3X75 UI - SOMATROPIN - (Espa\u00f1ol) Esteroides en l\u00ednea","description":"SOMATEK (somatropine) : Hormone de croissance qui stimule la croissance osseuse, augmente la masse musculaire, r\u00e9duit la graisse corporelle et affecte le m\u00e9tabolisme.","robots":{"index":"index","follow":"follow","max-snippet":"max-snippet:-1","max-image-preview":"max-image-preview:large","max-video-preview":"max-video-preview:-1"},"canonical":"https:\/\/iberoid-shop.com\/fr\/product\/pak3-somatek-3x75-ui-225-ui-somatropin\/","og_locale":"fr_FR","og_type":"article","og_title":"PAK3 SOMATEK 3X75 UI - SOMATROPIN","og_description":"SOMATEK (somatropine) : Hormone de croissance qui stimule la croissance osseuse, augmente la masse musculaire, r\u00e9duit la graisse corporelle et affecte le m\u00e9tabolisme.","og_url":"https:\/\/iberoid-shop.com\/fr\/product\/pak3-somatek-3x75-ui-225-ui-somatropin\/","og_site_name":"(Espa\u00f1ol) Esteroides en l\u00ednea","article_modified_time":"2026-03-01T14:00:12+00:00","og_image":[{"width":1024,"height":904,"url":"https:\/\/iberoid-shop.com\/wp-content\/uploads\/2023\/03\/3.-som.jpg?v=1710934319","type":"image\/jpeg"}],"twitter_card":"summary_large_image","twitter_misc":{"Prix":"&euro;160.00","Disponibilit\u00e9":"Rupture de stock"},"schema":{"@context":"https:\/\/schema.org","@graph":[{"@type":"WebPage","@id":"https:\/\/iberoid-shop.com\/fr\/product\/pak3-somatek-3x75-ui-225-ui-somatropin\/","url":"https:\/\/iberoid-shop.com\/fr\/product\/pak3-somatek-3x75-ui-225-ui-somatropin\/","name":"PAK3 SOMATEK 3X75 UI - SOMATROPIN - (Espa\u00f1ol) Esteroides en l\u00ednea","isPartOf":{"@id":"https:\/\/iberoid-shop.com\/fr\/#website"},"primaryImageOfPage":{"@id":"https:\/\/iberoid-shop.com\/fr\/product\/pak3-somatek-3x75-ui-225-ui-somatropin\/#primaryimage"},"image":{"@id":"https:\/\/iberoid-shop.com\/fr\/product\/pak3-somatek-3x75-ui-225-ui-somatropin\/#primaryimage"},"thumbnailUrl":"https:\/\/iberoid-shop.com\/wp-content\/uploads\/2023\/03\/3.-som.jpg?v=1710934319","datePublished":"2023-03-26T12:20:49+00:00","dateModified":"2026-03-01T14:00:12+00:00","description":"SOMATEK (somatropine) : Hormone de croissance qui stimule la croissance osseuse, augmente la masse musculaire, r\u00e9duit la graisse corporelle et affecte le m\u00e9tabolisme.","breadcrumb":{"@id":"https:\/\/iberoid-shop.com\/fr\/product\/pak3-somatek-3x75-ui-225-ui-somatropin\/#breadcrumb"},"inLanguage":"fr-FR","potentialAction":[{"@type":"ReadAction","target":[["https:\/\/iberoid-shop.com\/fr\/product\/pak3-somatek-3x75-ui-225-ui-somatropin\/"]]}]},{"@type":"ImageObject","inLanguage":"fr-FR","@id":"https:\/\/iberoid-shop.com\/fr\/product\/pak3-somatek-3x75-ui-225-ui-somatropin\/#primaryimage","url":"https:\/\/iberoid-shop.com\/wp-content\/uploads\/2023\/03\/3.-som.jpg?v=1710934319","contentUrl":"https:\/\/iberoid-shop.com\/wp-content\/uploads\/2023\/03\/3.-som.jpg?v=1710934319","width":1024,"height":904},{"@type":"BreadcrumbList","@id":"https:\/\/iberoid-shop.com\/fr\/product\/pak3-somatek-3x75-ui-225-ui-somatropin\/#breadcrumb","itemListElement":[{"@type":"ListItem","position":1,"name":"Portada","item":"https:\/\/iberoid-shop.com\/fr\/"},{"@type":"ListItem","position":2,"name":"Magasin","item":"https:\/\/iberoid-shop.com\/fr\/shop\/"},{"@type":"ListItem","position":3,"name":"PAK3 SOMATEK 3X75 UI &#8211; SOMATROPIN"}]},{"@type":"WebSite","@id":"https:\/\/iberoid-shop.com\/fr\/#website","url":"https:\/\/iberoid-shop.com\/fr\/","name":"(Espa\u00f1ol) Esteroides en l\u00ednea","description":"(Espa\u00f1ol) Comprar esteroides en l\u00ednea hoy en Espa\u00f1a y Portugal. Tenemos el mejor servicio al cliente en la industria y los productos de la m\u00e1s alta calidad","potentialAction":[{"@type":"SearchAction","target":{"@type":"EntryPoint","urlTemplate":"https:\/\/iberoid-shop.com\/fr\/?s={search_term_string}"},"query-input":{"@type":"PropertyValueSpecification","valueRequired":true,"valueName":"search_term_string"}}],"inLanguage":"fr-FR"}]},"product_brand":"Pb Laboratories","product_price_amount":"160.00","product_price_currency":"EUR","og_availability":"out of stock","product_availability":"out of stock","product_condition":"new"},"_links":{"self":[{"href":"https:\/\/iberoid-shop.com\/fr\/wp-json\/wp\/v2\/product\/8387","targetHints":{"allow":["GET"]}}],"collection":[{"href":"https:\/\/iberoid-shop.com\/fr\/wp-json\/wp\/v2\/product"}],"about":[{"href":"https:\/\/iberoid-shop.com\/fr\/wp-json\/wp\/v2\/types\/product"}],"replies":[{"embeddable":true,"href":"https:\/\/iberoid-shop.com\/fr\/wp-json\/wp\/v2\/comments?post=8387"}],"wp:featuredmedia":[{"embeddable":true,"href":"https:\/\/iberoid-shop.com\/fr\/wp-json\/wp\/v2\/media\/8388"}],"wp:attachment":[{"href":"https:\/\/iberoid-shop.com\/fr\/wp-json\/wp\/v2\/media?parent=8387"}],"wp:term":[{"taxonomy":"product_brand","embeddable":true,"href":"https:\/\/iberoid-shop.com\/fr\/wp-json\/wp\/v2\/product_brand?post=8387"},{"taxonomy":"product_cat","embeddable":true,"href":"https:\/\/iberoid-shop.com\/fr\/wp-json\/wp\/v2\/product_cat?post=8387"},{"taxonomy":"product_tag","embeddable":true,"href":"https:\/\/iberoid-shop.com\/fr\/wp-json\/wp\/v2\/product_tag?post=8387"}],"curies":[{"name":"wp","href":"https:\/\/api.w.org\/{rel}","templated":true}]}}