{"id":8384,"date":"2023-03-26T12:15:42","date_gmt":"2023-03-26T12:15:42","guid":{"rendered":"https:\/\/iberoid-shop.com\/?post_type=product&#038;p=8384"},"modified":"2026-03-01T14:02:27","modified_gmt":"2026-03-01T14:02:27","slug":"somatek-somatropin-75-ui-pharmabol-labs","status":"publish","type":"product","link":"https:\/\/iberoid-shop.com\/fr\/product\/somatek-somatropin-75-ui-pharmabol-labs\/","title":{"rendered":"SOMATEK \/ SOMATROPIN 75 UI"},"content":{"rendered":"<p>SOMATEK \u00e0 vendre. Acheter SOMATEK 75 UI Hormone de croissance humaine en ligne.<br \/>\nGarantie de livraison \u00e0 100% pour Somatropin Sandoz.<\/p>\n<p>Somatropine \u00e0 vendre\u00a0avec poudre d&rsquo;hormone de croissance humaine et solvant pour solution injectable.<\/p>\n<p>Version synth\u00e9tique de SOMATEK 75 I.U. s&rsquo;appelle Somatropina (s\u00e9quence de 191 acides amin\u00e9s Somatropin Sandoz).<br \/>\nL\u2019hormone de croissance humaine somatropine est identique \u00e0 la GH du corps humain.<\/p>\n<p>Somatropine SOMATEK 75 UI Info<\/p>\n<p>Bien que les cr\u00e9ateurs de Somatropina SOMATEK l&rsquo;aient initialement synth\u00e9tis\u00e9e pour traiter les enfants d\u00e9ficients en GH, l&rsquo;hormone de croissance humaine est tr\u00e8s populaire dans le sport, notamment en musculation, pour les raisons suivantes : Croissance de la masse musculaire, provoqu\u00e9e par l&rsquo;acc\u00e9l\u00e9ration de la synth\u00e8se des prot\u00e9ines.<br \/>\nPerte de graisse simultan\u00e9ment \u00e0 la prise de muscles. Am\u00e9lioration de la qualit\u00e9 du cartilage. Effets secondaires l\u00e9gers.<\/p>\n<p>La fonction de combustion des graisses de l\u2019hormone de croissance humaine est assur\u00e9e par Somatropin Sandoz elle-m\u00eame.<br \/>\nL&rsquo;hormone se lie aux r\u00e9cepteurs de l&rsquo;hormone de croissance humaine, ce qui entra\u00eene une \u00e9l\u00e9vation du niveau d&rsquo;acides gras libres (FFA).<br \/>\nAinsi, le corps commence \u00e0 utiliser les graisses, au lieu des glucides, comme source d\u2019\u00e9nergie.<\/p>\n<p>Somatropine SOMATEK 75 UI avantages<\/p>\n<p>Maintenez la long\u00e9vit\u00e9 et vous rendez plus jeune et radieux pour toujours.<br \/>\nAm\u00e9liorer la fonction sexuelle.<br \/>\nAugmenter la masse musculaire (populaire parmi les bodybuilders).<br \/>\nAide \u00e0 br\u00fbler les graisses plus efficacement.<br \/>\nAide \u00e0 stabiliser le taux de sucre dans votre sang.<br \/>\nAidez votre peau \u00e0 \u00eatre belle et saine.<br \/>\nAugmente la hauteur.<\/p>\n<p>Somatropine 75 UI caract\u00e9ristiques positives<\/p>\n<p>La perte de graisse n\u2019interagit pas avec la croissance musculaire ni ne l\u2019interf\u00e8re. L&rsquo;hormone de croissance humaine est une caract\u00e9ristique unique de Somatropina 100 UI, qui vous permet de gagner de la masse musculaire et de perdre compl\u00e8tement de la graisse.<\/p>\n<p>Une autre caract\u00e9ristique unique de Somatropin Sandoz est l&rsquo;hyperplasie, l&rsquo;augmentation du nombre de cellules musculaires due \u00e0 leur prolif\u00e9ration.<br \/>\nCet effet est important car les gains musculaires induits par la somatropine sont permanents et les cellules divis\u00e9es vous permettent de d\u00e9passer votre limite g\u00e9n\u00e9tique de masse musculaire.<\/p>\n<p>Posologie de Somatropine SOMATEK<\/p>\n<p>La posologie efficace de Somatropina 75 I.U. pour la musculation est d&rsquo;au moins 4 UI.<br \/>\nSi vous le prenez pour la premi\u00e8re fois, il suffira de consommer 4 \u00e0 6 UI d&rsquo;hormone de croissance humaine Somatropina SOMATEK, pour gagner uniquement de la masse propre.<br \/>\nEnsuite, lors des cycles suivants, vous pouvez prendre jusqu&rsquo;\u00e0 15 UI\/jour car Somatropin Sandoz pr\u00e9sente une augmentation lin\u00e9aire de son efficacit\u00e9 avec la posologie.<\/p>\n<p>De plus, si vous prenez 10 UI ou plus, vous devez absolument inclure de l&rsquo;insuline dans votre cycle car cela aidera \u00e0 pr\u00e9venir les probl\u00e8mes de pancr\u00e9as.<br \/>\nLe risque de diab\u00e8te est le principal effet secondaire de Somatropina 100 UI.<\/p>","protected":false},"excerpt":{"rendered":"<p>SOMATEK \u00e0 vendre. Acheter SOMATEK 75 UI Hormone de croissance humaine en ligne. Garantie de livraison \u00e0 100% pour Somatropin<\/p>\n","protected":false},"featured_media":8385,"comment_status":"open","ping_status":"closed","template":"","meta":[],"product_brand":[],"product_cat":[76],"product_tag":[],"class_list":{"0":"post-8384","1":"product","2":"type-product","3":"status-publish","4":"has-post-thumbnail","6":"product_cat-hgh_peptido","8":"first","9":"outofstock","10":"sale","11":"shipping-taxable","12":"purchasable","13":"product-type-simple"},"yoast_head":"<!-- This site is optimized with the Yoast SEO Premium plugin v24.4 (Yoast SEO v27.3) - https:\/\/yoast.com\/product\/yoast-seo-premium-wordpress\/ -->\n<title>SOMATEK \/ SOMATROPIN 75 UI - (Espa\u00f1ol) Esteroides en l\u00ednea<\/title>\n<meta name=\"description\" content=\"SOMATEK 75 I.U. est une hormone de croissance synth\u00e9tique qui stimule la masse musculaire, la perte de graisse, la sant\u00e9 de la peau et la long\u00e9vit\u00e9 avec peu d&#039;effets secondaires.\" \/>\n<meta name=\"robots\" content=\"index, follow, max-snippet:-1, max-image-preview:large, max-video-preview:-1\" \/>\n<link rel=\"canonical\" href=\"https:\/\/iberoid-shop.com\/fr\/product\/somatek-somatropin-75-ui-pharmabol-labs\/\" \/>\n<meta property=\"og:locale\" content=\"fr_FR\" \/>\n<meta property=\"og:type\" content=\"article\" \/>\n<meta property=\"og:title\" content=\"SOMATEK \/ SOMATROPIN 75 UI\" \/>\n<meta property=\"og:description\" content=\"SOMATEK 75 I.U. est une hormone de croissance synth\u00e9tique qui stimule la masse musculaire, la perte de graisse, la sant\u00e9 de la peau et la long\u00e9vit\u00e9 avec peu d&#039;effets secondaires.\" \/>\n<meta property=\"og:url\" content=\"https:\/\/iberoid-shop.com\/fr\/product\/somatek-somatropin-75-ui-pharmabol-labs\/\" \/>\n<meta property=\"og:site_name\" content=\"(Espa\u00f1ol) Esteroides en l\u00ednea\" \/>\n<meta property=\"article:modified_time\" content=\"2026-03-01T14:02:27+00:00\" \/>\n<meta property=\"og:image\" content=\"https:\/\/iberoid-shop.com\/wp-content\/uploads\/2023\/03\/1.-som.jpg?v=1763660031\" \/>\n\t<meta property=\"og:image:width\" content=\"1024\" \/>\n\t<meta property=\"og:image:height\" content=\"768\" \/>\n\t<meta property=\"og:image:type\" content=\"image\/jpeg\" \/>\n<meta name=\"twitter:card\" content=\"summary_large_image\" \/>\n<meta name=\"twitter:label1\" content=\"Prix\" \/>\n\t<meta name=\"twitter:data1\" content=\"&euro;75.00\" \/>\n\t<meta name=\"twitter:label2\" content=\"Disponibilit\u00e9\" \/>\n\t<meta name=\"twitter:data2\" content=\"Rupture de stock\" \/>\n<script type=\"application\/ld+json\" class=\"yoast-schema-graph\">{\"@context\":\"https:\\\/\\\/schema.org\",\"@graph\":[{\"@type\":\"WebPage\",\"@id\":\"https:\\\/\\\/iberoid-shop.com\\\/fr\\\/product\\\/somatek-somatropin-75-ui-pharmabol-labs\\\/\",\"url\":\"https:\\\/\\\/iberoid-shop.com\\\/fr\\\/product\\\/somatek-somatropin-75-ui-pharmabol-labs\\\/\",\"name\":\"SOMATEK \\\/ SOMATROPIN 75 UI - (Espa\u00f1ol) Esteroides en l\u00ednea\",\"isPartOf\":{\"@id\":\"https:\\\/\\\/iberoid-shop.com\\\/fr\\\/#website\"},\"primaryImageOfPage\":{\"@id\":\"https:\\\/\\\/iberoid-shop.com\\\/fr\\\/product\\\/somatek-somatropin-75-ui-pharmabol-labs\\\/#primaryimage\"},\"image\":{\"@id\":\"https:\\\/\\\/iberoid-shop.com\\\/fr\\\/product\\\/somatek-somatropin-75-ui-pharmabol-labs\\\/#primaryimage\"},\"thumbnailUrl\":\"https:\\\/\\\/iberoid-shop.com\\\/wp-content\\\/uploads\\\/2023\\\/03\\\/1.-som.jpg?v=1763660031\",\"datePublished\":\"2023-03-26T12:15:42+00:00\",\"dateModified\":\"2026-03-01T14:02:27+00:00\",\"description\":\"SOMATEK 75 I.U. est une hormone de croissance synth\u00e9tique qui stimule la masse musculaire, la perte de graisse, la sant\u00e9 de la peau et la long\u00e9vit\u00e9 avec peu d'effets secondaires.\",\"breadcrumb\":{\"@id\":\"https:\\\/\\\/iberoid-shop.com\\\/fr\\\/product\\\/somatek-somatropin-75-ui-pharmabol-labs\\\/#breadcrumb\"},\"inLanguage\":\"fr-FR\",\"potentialAction\":[{\"@type\":\"ReadAction\",\"target\":[[\"https:\\\/\\\/iberoid-shop.com\\\/fr\\\/product\\\/somatek-somatropin-75-ui-pharmabol-labs\\\/\"]]}]},{\"@type\":\"ImageObject\",\"inLanguage\":\"fr-FR\",\"@id\":\"https:\\\/\\\/iberoid-shop.com\\\/fr\\\/product\\\/somatek-somatropin-75-ui-pharmabol-labs\\\/#primaryimage\",\"url\":\"https:\\\/\\\/iberoid-shop.com\\\/wp-content\\\/uploads\\\/2023\\\/03\\\/1.-som.jpg?v=1763660031\",\"contentUrl\":\"https:\\\/\\\/iberoid-shop.com\\\/wp-content\\\/uploads\\\/2023\\\/03\\\/1.-som.jpg?v=1763660031\",\"width\":1024,\"height\":768},{\"@type\":\"BreadcrumbList\",\"@id\":\"https:\\\/\\\/iberoid-shop.com\\\/fr\\\/product\\\/somatek-somatropin-75-ui-pharmabol-labs\\\/#breadcrumb\",\"itemListElement\":[{\"@type\":\"ListItem\",\"position\":1,\"name\":\"Portada\",\"item\":\"https:\\\/\\\/iberoid-shop.com\\\/fr\\\/\"},{\"@type\":\"ListItem\",\"position\":2,\"name\":\"Magasin\",\"item\":\"https:\\\/\\\/iberoid-shop.com\\\/fr\\\/shop\\\/\"},{\"@type\":\"ListItem\",\"position\":3,\"name\":\"SOMATEK \\\/ SOMATROPIN 75 UI\"}]},{\"@type\":\"WebSite\",\"@id\":\"https:\\\/\\\/iberoid-shop.com\\\/fr\\\/#website\",\"url\":\"https:\\\/\\\/iberoid-shop.com\\\/fr\\\/\",\"name\":\"(Espa\u00f1ol) Esteroides en l\u00ednea\",\"description\":\"(Espa\u00f1ol) Comprar esteroides en l\u00ednea hoy en Espa\u00f1a y Portugal. Tenemos el mejor servicio al cliente en la industria y los productos de la m\u00e1s alta calidad\",\"potentialAction\":[{\"@type\":\"SearchAction\",\"target\":{\"@type\":\"EntryPoint\",\"urlTemplate\":\"https:\\\/\\\/iberoid-shop.com\\\/fr\\\/?s={search_term_string}\"},\"query-input\":{\"@type\":\"PropertyValueSpecification\",\"valueRequired\":true,\"valueName\":\"search_term_string\"}}],\"inLanguage\":\"fr-FR\"}]}<\/script>\n<meta property=\"product:brand\" content=\"Pharmabol\" \/>\n<meta property=\"product:price:amount\" content=\"75.00\" \/>\n<meta property=\"product:price:currency\" content=\"EUR\" \/>\n<meta property=\"og:availability\" content=\"out of stock\" \/>\n<meta property=\"product:availability\" content=\"out of stock\" \/>\n<meta property=\"product:condition\" content=\"new\" \/>\n<!-- \/ Yoast SEO Premium plugin. -->","yoast_head_json":{"title":"SOMATEK \/ SOMATROPIN 75 UI - (Espa\u00f1ol) Esteroides en l\u00ednea","description":"SOMATEK 75 I.U. est une hormone de croissance synth\u00e9tique qui stimule la masse musculaire, la perte de graisse, la sant\u00e9 de la peau et la long\u00e9vit\u00e9 avec peu d'effets secondaires.","robots":{"index":"index","follow":"follow","max-snippet":"max-snippet:-1","max-image-preview":"max-image-preview:large","max-video-preview":"max-video-preview:-1"},"canonical":"https:\/\/iberoid-shop.com\/fr\/product\/somatek-somatropin-75-ui-pharmabol-labs\/","og_locale":"fr_FR","og_type":"article","og_title":"SOMATEK \/ SOMATROPIN 75 UI","og_description":"SOMATEK 75 I.U. est une hormone de croissance synth\u00e9tique qui stimule la masse musculaire, la perte de graisse, la sant\u00e9 de la peau et la long\u00e9vit\u00e9 avec peu d'effets secondaires.","og_url":"https:\/\/iberoid-shop.com\/fr\/product\/somatek-somatropin-75-ui-pharmabol-labs\/","og_site_name":"(Espa\u00f1ol) Esteroides en l\u00ednea","article_modified_time":"2026-03-01T14:02:27+00:00","og_image":[{"width":1024,"height":768,"url":"https:\/\/iberoid-shop.com\/wp-content\/uploads\/2023\/03\/1.-som.jpg?v=1763660031","type":"image\/jpeg"}],"twitter_card":"summary_large_image","twitter_misc":{"Prix":"&euro;75.00","Disponibilit\u00e9":"Rupture de stock"},"schema":{"@context":"https:\/\/schema.org","@graph":[{"@type":"WebPage","@id":"https:\/\/iberoid-shop.com\/fr\/product\/somatek-somatropin-75-ui-pharmabol-labs\/","url":"https:\/\/iberoid-shop.com\/fr\/product\/somatek-somatropin-75-ui-pharmabol-labs\/","name":"SOMATEK \/ SOMATROPIN 75 UI - (Espa\u00f1ol) Esteroides en l\u00ednea","isPartOf":{"@id":"https:\/\/iberoid-shop.com\/fr\/#website"},"primaryImageOfPage":{"@id":"https:\/\/iberoid-shop.com\/fr\/product\/somatek-somatropin-75-ui-pharmabol-labs\/#primaryimage"},"image":{"@id":"https:\/\/iberoid-shop.com\/fr\/product\/somatek-somatropin-75-ui-pharmabol-labs\/#primaryimage"},"thumbnailUrl":"https:\/\/iberoid-shop.com\/wp-content\/uploads\/2023\/03\/1.-som.jpg?v=1763660031","datePublished":"2023-03-26T12:15:42+00:00","dateModified":"2026-03-01T14:02:27+00:00","description":"SOMATEK 75 I.U. est une hormone de croissance synth\u00e9tique qui stimule la masse musculaire, la perte de graisse, la sant\u00e9 de la peau et la long\u00e9vit\u00e9 avec peu d'effets secondaires.","breadcrumb":{"@id":"https:\/\/iberoid-shop.com\/fr\/product\/somatek-somatropin-75-ui-pharmabol-labs\/#breadcrumb"},"inLanguage":"fr-FR","potentialAction":[{"@type":"ReadAction","target":[["https:\/\/iberoid-shop.com\/fr\/product\/somatek-somatropin-75-ui-pharmabol-labs\/"]]}]},{"@type":"ImageObject","inLanguage":"fr-FR","@id":"https:\/\/iberoid-shop.com\/fr\/product\/somatek-somatropin-75-ui-pharmabol-labs\/#primaryimage","url":"https:\/\/iberoid-shop.com\/wp-content\/uploads\/2023\/03\/1.-som.jpg?v=1763660031","contentUrl":"https:\/\/iberoid-shop.com\/wp-content\/uploads\/2023\/03\/1.-som.jpg?v=1763660031","width":1024,"height":768},{"@type":"BreadcrumbList","@id":"https:\/\/iberoid-shop.com\/fr\/product\/somatek-somatropin-75-ui-pharmabol-labs\/#breadcrumb","itemListElement":[{"@type":"ListItem","position":1,"name":"Portada","item":"https:\/\/iberoid-shop.com\/fr\/"},{"@type":"ListItem","position":2,"name":"Magasin","item":"https:\/\/iberoid-shop.com\/fr\/shop\/"},{"@type":"ListItem","position":3,"name":"SOMATEK \/ SOMATROPIN 75 UI"}]},{"@type":"WebSite","@id":"https:\/\/iberoid-shop.com\/fr\/#website","url":"https:\/\/iberoid-shop.com\/fr\/","name":"(Espa\u00f1ol) Esteroides en l\u00ednea","description":"(Espa\u00f1ol) Comprar esteroides en l\u00ednea hoy en Espa\u00f1a y Portugal. Tenemos el mejor servicio al cliente en la industria y los productos de la m\u00e1s alta calidad","potentialAction":[{"@type":"SearchAction","target":{"@type":"EntryPoint","urlTemplate":"https:\/\/iberoid-shop.com\/fr\/?s={search_term_string}"},"query-input":{"@type":"PropertyValueSpecification","valueRequired":true,"valueName":"search_term_string"}}],"inLanguage":"fr-FR"}]},"product_brand":"Pharmabol","product_price_amount":"75.00","product_price_currency":"EUR","og_availability":"out of stock","product_availability":"out of stock","product_condition":"new"},"_links":{"self":[{"href":"https:\/\/iberoid-shop.com\/fr\/wp-json\/wp\/v2\/product\/8384","targetHints":{"allow":["GET"]}}],"collection":[{"href":"https:\/\/iberoid-shop.com\/fr\/wp-json\/wp\/v2\/product"}],"about":[{"href":"https:\/\/iberoid-shop.com\/fr\/wp-json\/wp\/v2\/types\/product"}],"replies":[{"embeddable":true,"href":"https:\/\/iberoid-shop.com\/fr\/wp-json\/wp\/v2\/comments?post=8384"}],"wp:featuredmedia":[{"embeddable":true,"href":"https:\/\/iberoid-shop.com\/fr\/wp-json\/wp\/v2\/media\/8385"}],"wp:attachment":[{"href":"https:\/\/iberoid-shop.com\/fr\/wp-json\/wp\/v2\/media?parent=8384"}],"wp:term":[{"taxonomy":"product_brand","embeddable":true,"href":"https:\/\/iberoid-shop.com\/fr\/wp-json\/wp\/v2\/product_brand?post=8384"},{"taxonomy":"product_cat","embeddable":true,"href":"https:\/\/iberoid-shop.com\/fr\/wp-json\/wp\/v2\/product_cat?post=8384"},{"taxonomy":"product_tag","embeddable":true,"href":"https:\/\/iberoid-shop.com\/fr\/wp-json\/wp\/v2\/product_tag?post=8384"}],"curies":[{"name":"wp","href":"https:\/\/api.w.org\/{rel}","templated":true}]}}