{"id":8230,"date":"2023-02-07T21:27:47","date_gmt":"2023-02-07T21:27:47","guid":{"rendered":"https:\/\/iberoid-shop.com\/?post_type=product&#038;p=8230"},"modified":"2023-04-15T12:02:44","modified_gmt":"2023-04-15T12:02:44","slug":"primobolan-methenolone-enanthate-cygnus-pharma","status":"publish","type":"product","link":"https:\/\/iberoid-shop.com\/fr\/product\/primobolan-methenolone-enanthate-cygnus-pharma\/","title":{"rendered":"PRIMOBOLAN\/Methenolone Enanthate"},"content":{"rendered":"<p><strong>PRIMOBOLAN\/Methenolone Enanthate<\/strong> est un st\u00e9ro\u00efde anabolisant, modification de la dihydrotestost\u00e9rone (DHT) avec une faible activit\u00e9 androg\u00e8ne et un effet anabolisant mod\u00e9r\u00e9. Il a \u00e9galement \u00e9t\u00e9 d\u00e9montr\u00e9 que l&rsquo;hormone Methenolone a un effet positif sur le syst\u00e8me immunitaire.<\/p>\n<p>L&rsquo;\u00e9nanthate de m\u00e9th\u00e9nolone (\u00e9galement connu sous le nom de primobolan) a \u00e9t\u00e9 d\u00e9crit en 1960. La soci\u00e9t\u00e9 Squibb a commenc\u00e9 \u00e0 produire des m\u00e9dicaments injectables en 1962. \u00c0 l&rsquo;origine, la m\u00e9th\u00e9nolone \u00e9tait prescrite en cas de perte musculaire apr\u00e8s des op\u00e9rations, d&rsquo;infections, de maladies de longue dur\u00e9e, de th\u00e9rapie agressive avec des cortico\u00efdes ou de malnutrition, et dans certains cas, il a \u00e9t\u00e9 utilis\u00e9 pour traiter l&rsquo;ost\u00e9oporose et le cancer du sein. La m\u00e9th\u00e9nolone \u00e9tait couramment utilis\u00e9e pour favoriser la prise de poids chez les nourrissons, pesant moins que la normale, sans aucun effet secondaire.<\/p>\n<p>La m\u00e9th\u00e9nolone\u00a0est un st\u00e9ro\u00efde anabolisant, une modification de la dihydrotestost\u00e9rone (DHT) avec une faible activit\u00e9 androg\u00e8ne et un effet anabolisant mod\u00e9r\u00e9. Un trait notable de la m\u00e9th\u00e9nolone est qu&rsquo;elle peut se lier fermement aux r\u00e9cepteurs androg\u00e8nes, plus forts que la testost\u00e9rone.<\/p>\n<p>Il a \u00e9galement \u00e9t\u00e9 d\u00e9montr\u00e9 que l&rsquo;hormone Methenolone a un effet positif sur le syst\u00e8me immunitaire. En cas de fonte musculaire et de probl\u00e8mes immunitaires tels que le SIDA, Primobolan s&rsquo;est av\u00e9r\u00e9 tr\u00e8s utile. Il se peut tr\u00e8s bien que ce ne soit pas le seul st\u00e9ro\u00efde utilis\u00e9 dans de tels cas. Comme il ne favorisera pas de fortes caract\u00e9ristiques de masse, il ne sera probablement pas le seul prescrit. Cependant, la nature anabolique mod\u00e9r\u00e9e ainsi que l&rsquo;am\u00e9lioration immunitaire en font un premier choix dans ces cas.<\/p>","protected":false},"excerpt":{"rendered":"<p>PRIMOBOLAN\/Methenolone Enanthate est un st\u00e9ro\u00efde anabolisant, modification de la dihydrotestost\u00e9rone (DHT) avec une faible activit\u00e9 androg\u00e8ne et un effet anabolisant<\/p>\n","protected":false},"featured_media":8231,"comment_status":"open","ping_status":"closed","template":"","meta":[],"product_brand":[],"product_cat":[69],"product_tag":[],"class_list":{"0":"post-8230","1":"product","2":"type-product","3":"status-publish","4":"has-post-thumbnail","6":"product_cat-esteroides_inyectables","8":"first","9":"outofstock","10":"shipping-taxable","11":"purchasable","12":"product-type-simple"},"yoast_head":"<!-- This site is optimized with the Yoast SEO Premium plugin v24.4 (Yoast SEO v27.3) - https:\/\/yoast.com\/product\/yoast-seo-premium-wordpress\/ -->\n<title>PRIMOBOLAN\/Methenolone Enanthate - (Espa\u00f1ol) Esteroides en l\u00ednea<\/title>\n<meta name=\"robots\" content=\"index, follow, max-snippet:-1, max-image-preview:large, max-video-preview:-1\" \/>\n<link rel=\"canonical\" href=\"https:\/\/iberoid-shop.com\/fr\/product\/primobolan-methenolone-enanthate-cygnus-pharma\/\" \/>\n<meta property=\"og:locale\" content=\"fr_FR\" \/>\n<meta property=\"og:type\" content=\"article\" \/>\n<meta property=\"og:title\" content=\"PRIMOBOLAN\/Methenolone Enanthate\" \/>\n<meta property=\"og:description\" content=\"PRIMOBOLAN\/Methenolone Enanthate est un st\u00e9ro\u00efde anabolisant, modification de la dihydrotestost\u00e9rone (DHT) avec une faible activit\u00e9 androg\u00e8ne et un effet anabolisant\" \/>\n<meta property=\"og:url\" content=\"https:\/\/iberoid-shop.com\/fr\/product\/primobolan-methenolone-enanthate-cygnus-pharma\/\" \/>\n<meta property=\"og:site_name\" content=\"(Espa\u00f1ol) Esteroides en l\u00ednea\" \/>\n<meta property=\"article:modified_time\" content=\"2023-04-15T12:02:44+00:00\" \/>\n<meta property=\"og:image\" content=\"https:\/\/iberoid-shop.com\/wp-content\/uploads\/2023\/02\/Methenolone_Enanthate.png?v=1678119836\" \/>\n\t<meta property=\"og:image:width\" content=\"1000\" \/>\n\t<meta property=\"og:image:height\" content=\"831\" \/>\n\t<meta property=\"og:image:type\" content=\"image\/png\" \/>\n<meta name=\"twitter:card\" content=\"summary_large_image\" \/>\n<meta name=\"twitter:label1\" content=\"Prix\" \/>\n\t<meta name=\"twitter:data1\" content=\"&euro;75.00\" \/>\n\t<meta name=\"twitter:label2\" content=\"Disponibilit\u00e9\" \/>\n\t<meta name=\"twitter:data2\" content=\"Rupture de stock\" \/>\n<script type=\"application\/ld+json\" class=\"yoast-schema-graph\">{\"@context\":\"https:\\\/\\\/schema.org\",\"@graph\":[{\"@type\":\"WebPage\",\"@id\":\"https:\\\/\\\/iberoid-shop.com\\\/fr\\\/product\\\/primobolan-methenolone-enanthate-cygnus-pharma\\\/\",\"url\":\"https:\\\/\\\/iberoid-shop.com\\\/fr\\\/product\\\/primobolan-methenolone-enanthate-cygnus-pharma\\\/\",\"name\":\"PRIMOBOLAN\\\/Methenolone Enanthate - (Espa\u00f1ol) Esteroides en l\u00ednea\",\"isPartOf\":{\"@id\":\"https:\\\/\\\/iberoid-shop.com\\\/fr\\\/#website\"},\"primaryImageOfPage\":{\"@id\":\"https:\\\/\\\/iberoid-shop.com\\\/fr\\\/product\\\/primobolan-methenolone-enanthate-cygnus-pharma\\\/#primaryimage\"},\"image\":{\"@id\":\"https:\\\/\\\/iberoid-shop.com\\\/fr\\\/product\\\/primobolan-methenolone-enanthate-cygnus-pharma\\\/#primaryimage\"},\"thumbnailUrl\":\"https:\\\/\\\/iberoid-shop.com\\\/wp-content\\\/uploads\\\/2023\\\/02\\\/Methenolone_Enanthate.png?v=1678119836\",\"datePublished\":\"2023-02-07T21:27:47+00:00\",\"dateModified\":\"2023-04-15T12:02:44+00:00\",\"breadcrumb\":{\"@id\":\"https:\\\/\\\/iberoid-shop.com\\\/fr\\\/product\\\/primobolan-methenolone-enanthate-cygnus-pharma\\\/#breadcrumb\"},\"inLanguage\":\"fr-FR\",\"potentialAction\":[{\"@type\":\"ReadAction\",\"target\":[[\"https:\\\/\\\/iberoid-shop.com\\\/fr\\\/product\\\/primobolan-methenolone-enanthate-cygnus-pharma\\\/\"]]}]},{\"@type\":\"ImageObject\",\"inLanguage\":\"fr-FR\",\"@id\":\"https:\\\/\\\/iberoid-shop.com\\\/fr\\\/product\\\/primobolan-methenolone-enanthate-cygnus-pharma\\\/#primaryimage\",\"url\":\"https:\\\/\\\/iberoid-shop.com\\\/wp-content\\\/uploads\\\/2023\\\/02\\\/Methenolone_Enanthate.png?v=1678119836\",\"contentUrl\":\"https:\\\/\\\/iberoid-shop.com\\\/wp-content\\\/uploads\\\/2023\\\/02\\\/Methenolone_Enanthate.png?v=1678119836\",\"width\":1000,\"height\":831},{\"@type\":\"BreadcrumbList\",\"@id\":\"https:\\\/\\\/iberoid-shop.com\\\/fr\\\/product\\\/primobolan-methenolone-enanthate-cygnus-pharma\\\/#breadcrumb\",\"itemListElement\":[{\"@type\":\"ListItem\",\"position\":1,\"name\":\"Portada\",\"item\":\"https:\\\/\\\/iberoid-shop.com\\\/fr\\\/\"},{\"@type\":\"ListItem\",\"position\":2,\"name\":\"Magasin\",\"item\":\"https:\\\/\\\/iberoid-shop.com\\\/fr\\\/shop\\\/\"},{\"@type\":\"ListItem\",\"position\":3,\"name\":\"PRIMOBOLAN\\\/Methenolone Enanthate\"}]},{\"@type\":\"WebSite\",\"@id\":\"https:\\\/\\\/iberoid-shop.com\\\/fr\\\/#website\",\"url\":\"https:\\\/\\\/iberoid-shop.com\\\/fr\\\/\",\"name\":\"(Espa\u00f1ol) Esteroides en l\u00ednea\",\"description\":\"(Espa\u00f1ol) Comprar esteroides en l\u00ednea hoy en Espa\u00f1a y Portugal. Tenemos el mejor servicio al cliente en la industria y los productos de la m\u00e1s alta calidad\",\"potentialAction\":[{\"@type\":\"SearchAction\",\"target\":{\"@type\":\"EntryPoint\",\"urlTemplate\":\"https:\\\/\\\/iberoid-shop.com\\\/fr\\\/?s={search_term_string}\"},\"query-input\":{\"@type\":\"PropertyValueSpecification\",\"valueRequired\":true,\"valueName\":\"search_term_string\"}}],\"inLanguage\":\"fr-FR\"}]}<\/script>\n<meta property=\"product:brand\" content=\"Cygnus Pharmaceutical\" \/>\n<meta property=\"product:price:amount\" content=\"75.00\" \/>\n<meta property=\"product:price:currency\" content=\"EUR\" \/>\n<meta property=\"og:availability\" content=\"out of stock\" \/>\n<meta property=\"product:availability\" content=\"out of stock\" \/>\n<meta property=\"product:condition\" content=\"new\" \/>\n<!-- \/ Yoast SEO Premium plugin. -->","yoast_head_json":{"title":"PRIMOBOLAN\/Methenolone Enanthate - (Espa\u00f1ol) Esteroides en l\u00ednea","robots":{"index":"index","follow":"follow","max-snippet":"max-snippet:-1","max-image-preview":"max-image-preview:large","max-video-preview":"max-video-preview:-1"},"canonical":"https:\/\/iberoid-shop.com\/fr\/product\/primobolan-methenolone-enanthate-cygnus-pharma\/","og_locale":"fr_FR","og_type":"article","og_title":"PRIMOBOLAN\/Methenolone Enanthate","og_description":"PRIMOBOLAN\/Methenolone Enanthate est un st\u00e9ro\u00efde anabolisant, modification de la dihydrotestost\u00e9rone (DHT) avec une faible activit\u00e9 androg\u00e8ne et un effet anabolisant","og_url":"https:\/\/iberoid-shop.com\/fr\/product\/primobolan-methenolone-enanthate-cygnus-pharma\/","og_site_name":"(Espa\u00f1ol) Esteroides en l\u00ednea","article_modified_time":"2023-04-15T12:02:44+00:00","og_image":[{"width":1000,"height":831,"url":"https:\/\/iberoid-shop.com\/wp-content\/uploads\/2023\/02\/Methenolone_Enanthate.png?v=1678119836","type":"image\/png"}],"twitter_card":"summary_large_image","twitter_misc":{"Prix":"&euro;75.00","Disponibilit\u00e9":"Rupture de stock"},"schema":{"@context":"https:\/\/schema.org","@graph":[{"@type":"WebPage","@id":"https:\/\/iberoid-shop.com\/fr\/product\/primobolan-methenolone-enanthate-cygnus-pharma\/","url":"https:\/\/iberoid-shop.com\/fr\/product\/primobolan-methenolone-enanthate-cygnus-pharma\/","name":"PRIMOBOLAN\/Methenolone Enanthate - (Espa\u00f1ol) Esteroides en l\u00ednea","isPartOf":{"@id":"https:\/\/iberoid-shop.com\/fr\/#website"},"primaryImageOfPage":{"@id":"https:\/\/iberoid-shop.com\/fr\/product\/primobolan-methenolone-enanthate-cygnus-pharma\/#primaryimage"},"image":{"@id":"https:\/\/iberoid-shop.com\/fr\/product\/primobolan-methenolone-enanthate-cygnus-pharma\/#primaryimage"},"thumbnailUrl":"https:\/\/iberoid-shop.com\/wp-content\/uploads\/2023\/02\/Methenolone_Enanthate.png?v=1678119836","datePublished":"2023-02-07T21:27:47+00:00","dateModified":"2023-04-15T12:02:44+00:00","breadcrumb":{"@id":"https:\/\/iberoid-shop.com\/fr\/product\/primobolan-methenolone-enanthate-cygnus-pharma\/#breadcrumb"},"inLanguage":"fr-FR","potentialAction":[{"@type":"ReadAction","target":[["https:\/\/iberoid-shop.com\/fr\/product\/primobolan-methenolone-enanthate-cygnus-pharma\/"]]}]},{"@type":"ImageObject","inLanguage":"fr-FR","@id":"https:\/\/iberoid-shop.com\/fr\/product\/primobolan-methenolone-enanthate-cygnus-pharma\/#primaryimage","url":"https:\/\/iberoid-shop.com\/wp-content\/uploads\/2023\/02\/Methenolone_Enanthate.png?v=1678119836","contentUrl":"https:\/\/iberoid-shop.com\/wp-content\/uploads\/2023\/02\/Methenolone_Enanthate.png?v=1678119836","width":1000,"height":831},{"@type":"BreadcrumbList","@id":"https:\/\/iberoid-shop.com\/fr\/product\/primobolan-methenolone-enanthate-cygnus-pharma\/#breadcrumb","itemListElement":[{"@type":"ListItem","position":1,"name":"Portada","item":"https:\/\/iberoid-shop.com\/fr\/"},{"@type":"ListItem","position":2,"name":"Magasin","item":"https:\/\/iberoid-shop.com\/fr\/shop\/"},{"@type":"ListItem","position":3,"name":"PRIMOBOLAN\/Methenolone Enanthate"}]},{"@type":"WebSite","@id":"https:\/\/iberoid-shop.com\/fr\/#website","url":"https:\/\/iberoid-shop.com\/fr\/","name":"(Espa\u00f1ol) Esteroides en l\u00ednea","description":"(Espa\u00f1ol) Comprar esteroides en l\u00ednea hoy en Espa\u00f1a y Portugal. Tenemos el mejor servicio al cliente en la industria y los productos de la m\u00e1s alta calidad","potentialAction":[{"@type":"SearchAction","target":{"@type":"EntryPoint","urlTemplate":"https:\/\/iberoid-shop.com\/fr\/?s={search_term_string}"},"query-input":{"@type":"PropertyValueSpecification","valueRequired":true,"valueName":"search_term_string"}}],"inLanguage":"fr-FR"}]},"product_brand":"Cygnus Pharmaceutical","product_price_amount":"75.00","product_price_currency":"EUR","og_availability":"out of stock","product_availability":"out of stock","product_condition":"new"},"_links":{"self":[{"href":"https:\/\/iberoid-shop.com\/fr\/wp-json\/wp\/v2\/product\/8230","targetHints":{"allow":["GET"]}}],"collection":[{"href":"https:\/\/iberoid-shop.com\/fr\/wp-json\/wp\/v2\/product"}],"about":[{"href":"https:\/\/iberoid-shop.com\/fr\/wp-json\/wp\/v2\/types\/product"}],"replies":[{"embeddable":true,"href":"https:\/\/iberoid-shop.com\/fr\/wp-json\/wp\/v2\/comments?post=8230"}],"wp:featuredmedia":[{"embeddable":true,"href":"https:\/\/iberoid-shop.com\/fr\/wp-json\/wp\/v2\/media\/8231"}],"wp:attachment":[{"href":"https:\/\/iberoid-shop.com\/fr\/wp-json\/wp\/v2\/media?parent=8230"}],"wp:term":[{"taxonomy":"product_brand","embeddable":true,"href":"https:\/\/iberoid-shop.com\/fr\/wp-json\/wp\/v2\/product_brand?post=8230"},{"taxonomy":"product_cat","embeddable":true,"href":"https:\/\/iberoid-shop.com\/fr\/wp-json\/wp\/v2\/product_cat?post=8230"},{"taxonomy":"product_tag","embeddable":true,"href":"https:\/\/iberoid-shop.com\/fr\/wp-json\/wp\/v2\/product_tag?post=8230"}],"curies":[{"name":"wp","href":"https:\/\/api.w.org\/{rel}","templated":true}]}}