{"id":7952,"date":"2022-09-25T09:43:49","date_gmt":"2022-09-25T09:43:49","guid":{"rendered":"https:\/\/iberoid-shop.com\/?post_type=product&#038;p=7952"},"modified":"2023-03-14T19:48:10","modified_gmt":"2023-03-14T19:48:10","slug":"trenbolone-forte-200-2","status":"publish","type":"product","link":"https:\/\/iberoid-shop.com\/fr\/product\/trenbolone-forte-200-2\/","title":{"rendered":"Trenbolone Forte 200"},"content":{"rendered":"<p>Nom du produit : Trenbolone Forte 200<br \/>\nFabricant\u00a0:\u00a0SP\u00a0Laboratoires<br \/>\nPr\u00e9sentation\u00a0:\u00a010\u00a0ml\u00a0200\u00a0mg\/ml<br \/>\nSubstance chimique active\u00a0:\u00a0\u00e9nanthate de trenbolone<\/p>\n<p>Trenbolone Forte une forme \u00e0 action prolong\u00e9e du m\u00e9dicament le plus efficace jamais fabriqu\u00e9. Il est tr\u00e8s appr\u00e9ci\u00e9 pour sa capacit\u00e9 \u00e0 augmenter la duret\u00e9, la d\u00e9finition et la force brute des muscles, sans r\u00e9tention d&rsquo;eau ni gain de masse grasse ind\u00e9sirables. La forme vous fournira une puissance et une force \u00e9clatantes avec une croissance substantielle de la masse musculaire de qualit\u00e9 en quelques semaines !<\/p>\n<p>Avec une demi-vie d&rsquo;environ 5 jours, il a une lib\u00e9ration lente destin\u00e9e aux cycles longs.<\/p>\n<p>Posologie : Hommes 200-600 mg\/semaine.<\/p>\n<p>Enentat\u00a0trenbolone\u00a0est la derni\u00e8re\u00a0forme de\u00a0trenbolone\u00a0a\u00a0\u00e9t\u00e9\u00a0d\u00e9velopp\u00e9e\u00a0\u00e0 la mi\u00a02004.\u00a0En\u00a0essentiel\u00a0c&rsquo;est\u00a0une\u00a0nouvelle forme de\u00a0Parabolan,\u00a0utilisant\u00a0ENET\u00a0ester\u00a0au lieu de\u00a0l&rsquo;hexahidroxibenzilcarbonate. Cette forme de\u00a0trenbolone\u00a0est\u00a0tr\u00e8s efficace. Jusqu&rsquo;\u00e0 pr\u00e9sent, la seule forme\u00a0disponible \u00e9tait celle de l&rsquo;ac\u00e9tate de trenbolone,\u00a0et\u00a0son\u00a0efficacit\u00e9\u00a0mais\u00a0avec\u00a0une\u00a0action\u00a0tr\u00e8s\u00a0rapide. L&rsquo;\u00e9nanthate de trenbolone est lib\u00e9r\u00e9 lentement dans la circulation sanguine, ce qui en fait une excellente alternative aux injections fr\u00e9quentes d&rsquo;ac\u00e9tate de trenbolone.<\/p>","protected":false},"excerpt":{"rendered":"<p>Nom du produit : Trenbolone Forte 200 Fabricant\u00a0:\u00a0SP\u00a0Laboratoires Pr\u00e9sentation\u00a0:\u00a010\u00a0ml\u00a0200\u00a0mg\/ml Substance chimique active\u00a0:\u00a0\u00e9nanthate de trenbolone Trenbolone Forte une forme \u00e0 action<\/p>\n","protected":false},"featured_media":7953,"comment_status":"open","ping_status":"closed","template":"","meta":[],"product_brand":[],"product_cat":[69],"product_tag":[],"class_list":{"0":"post-7952","1":"product","2":"type-product","3":"status-publish","4":"has-post-thumbnail","6":"product_cat-esteroides_inyectables","8":"first","9":"outofstock","10":"shipping-taxable","11":"purchasable","12":"product-type-simple"},"yoast_head":"<!-- This site is optimized with the Yoast SEO Premium plugin v24.4 (Yoast SEO v27.3) - https:\/\/yoast.com\/product\/yoast-seo-premium-wordpress\/ -->\n<title>Trenbolone Forte 200 - (Espa\u00f1ol) Esteroides en l\u00ednea<\/title>\n<meta name=\"robots\" content=\"index, follow, max-snippet:-1, max-image-preview:large, max-video-preview:-1\" \/>\n<link rel=\"canonical\" href=\"https:\/\/iberoid-shop.com\/fr\/product\/trenbolone-forte-200-2\/\" \/>\n<meta property=\"og:locale\" content=\"fr_FR\" \/>\n<meta property=\"og:type\" content=\"article\" \/>\n<meta property=\"og:title\" content=\"Trenbolone Forte 200\" \/>\n<meta property=\"og:description\" content=\"Nom du produit : Trenbolone Forte 200 Fabricant\u00a0:\u00a0SP\u00a0Laboratoires Pr\u00e9sentation\u00a0:\u00a010\u00a0ml\u00a0200\u00a0mg\/ml Substance chimique active\u00a0:\u00a0\u00e9nanthate de trenbolone Trenbolone Forte une forme \u00e0 action\" \/>\n<meta property=\"og:url\" content=\"https:\/\/iberoid-shop.com\/fr\/product\/trenbolone-forte-200-2\/\" \/>\n<meta property=\"og:site_name\" content=\"(Espa\u00f1ol) Esteroides en l\u00ednea\" \/>\n<meta property=\"article:modified_time\" content=\"2023-03-14T19:48:10+00:00\" \/>\n<meta property=\"og:image\" content=\"https:\/\/iberoid-shop.com\/wp-content\/uploads\/2022\/09\/Trenbolone-Forte-200-SP-Laboratories.webp\" \/>\n\t<meta property=\"og:image:width\" content=\"768\" \/>\n\t<meta property=\"og:image:height\" content=\"768\" \/>\n\t<meta property=\"og:image:type\" content=\"image\/webp\" \/>\n<meta name=\"twitter:card\" content=\"summary_large_image\" \/>\n<meta name=\"twitter:label1\" content=\"Prix\" \/>\n\t<meta name=\"twitter:data1\" content=\"&euro;60.00\" \/>\n\t<meta name=\"twitter:label2\" content=\"Disponibilit\u00e9\" \/>\n\t<meta name=\"twitter:data2\" content=\"Rupture de stock\" \/>\n<script type=\"application\/ld+json\" class=\"yoast-schema-graph\">{\"@context\":\"https:\\\/\\\/schema.org\",\"@graph\":[{\"@type\":\"WebPage\",\"@id\":\"https:\\\/\\\/iberoid-shop.com\\\/fr\\\/product\\\/trenbolone-forte-200-2\\\/\",\"url\":\"https:\\\/\\\/iberoid-shop.com\\\/fr\\\/product\\\/trenbolone-forte-200-2\\\/\",\"name\":\"Trenbolone Forte 200 - (Espa\u00f1ol) Esteroides en l\u00ednea\",\"isPartOf\":{\"@id\":\"https:\\\/\\\/iberoid-shop.com\\\/fr\\\/#website\"},\"primaryImageOfPage\":{\"@id\":\"https:\\\/\\\/iberoid-shop.com\\\/fr\\\/product\\\/trenbolone-forte-200-2\\\/#primaryimage\"},\"image\":{\"@id\":\"https:\\\/\\\/iberoid-shop.com\\\/fr\\\/product\\\/trenbolone-forte-200-2\\\/#primaryimage\"},\"thumbnailUrl\":\"https:\\\/\\\/iberoid-shop.com\\\/wp-content\\\/uploads\\\/2022\\\/09\\\/Trenbolone-Forte-200-SP-Laboratories.webp\",\"datePublished\":\"2022-09-25T09:43:49+00:00\",\"dateModified\":\"2023-03-14T19:48:10+00:00\",\"breadcrumb\":{\"@id\":\"https:\\\/\\\/iberoid-shop.com\\\/fr\\\/product\\\/trenbolone-forte-200-2\\\/#breadcrumb\"},\"inLanguage\":\"fr-FR\",\"potentialAction\":[{\"@type\":\"ReadAction\",\"target\":[[\"https:\\\/\\\/iberoid-shop.com\\\/fr\\\/product\\\/trenbolone-forte-200-2\\\/\"]]}]},{\"@type\":\"ImageObject\",\"inLanguage\":\"fr-FR\",\"@id\":\"https:\\\/\\\/iberoid-shop.com\\\/fr\\\/product\\\/trenbolone-forte-200-2\\\/#primaryimage\",\"url\":\"https:\\\/\\\/iberoid-shop.com\\\/wp-content\\\/uploads\\\/2022\\\/09\\\/Trenbolone-Forte-200-SP-Laboratories.webp\",\"contentUrl\":\"https:\\\/\\\/iberoid-shop.com\\\/wp-content\\\/uploads\\\/2022\\\/09\\\/Trenbolone-Forte-200-SP-Laboratories.webp\",\"width\":768,\"height\":768},{\"@type\":\"BreadcrumbList\",\"@id\":\"https:\\\/\\\/iberoid-shop.com\\\/fr\\\/product\\\/trenbolone-forte-200-2\\\/#breadcrumb\",\"itemListElement\":[{\"@type\":\"ListItem\",\"position\":1,\"name\":\"Portada\",\"item\":\"https:\\\/\\\/iberoid-shop.com\\\/fr\\\/\"},{\"@type\":\"ListItem\",\"position\":2,\"name\":\"Magasin\",\"item\":\"https:\\\/\\\/iberoid-shop.com\\\/fr\\\/shop\\\/\"},{\"@type\":\"ListItem\",\"position\":3,\"name\":\"Trenbolone Forte 200\"}]},{\"@type\":\"WebSite\",\"@id\":\"https:\\\/\\\/iberoid-shop.com\\\/fr\\\/#website\",\"url\":\"https:\\\/\\\/iberoid-shop.com\\\/fr\\\/\",\"name\":\"(Espa\u00f1ol) Esteroides en l\u00ednea\",\"description\":\"(Espa\u00f1ol) Comprar esteroides en l\u00ednea hoy en Espa\u00f1a y Portugal. Tenemos el mejor servicio al cliente en la industria y los productos de la m\u00e1s alta calidad\",\"potentialAction\":[{\"@type\":\"SearchAction\",\"target\":{\"@type\":\"EntryPoint\",\"urlTemplate\":\"https:\\\/\\\/iberoid-shop.com\\\/fr\\\/?s={search_term_string}\"},\"query-input\":{\"@type\":\"PropertyValueSpecification\",\"valueRequired\":true,\"valueName\":\"search_term_string\"}}],\"inLanguage\":\"fr-FR\"}]}<\/script>\n<meta property=\"product:brand\" content=\"SP Laboratories\" \/>\n<meta property=\"product:price:amount\" content=\"60.00\" \/>\n<meta property=\"product:price:currency\" content=\"EUR\" \/>\n<meta property=\"og:availability\" content=\"out of stock\" \/>\n<meta property=\"product:availability\" content=\"out of stock\" \/>\n<meta property=\"product:condition\" content=\"new\" \/>\n<!-- \/ Yoast SEO Premium plugin. -->","yoast_head_json":{"title":"Trenbolone Forte 200 - (Espa\u00f1ol) Esteroides en l\u00ednea","robots":{"index":"index","follow":"follow","max-snippet":"max-snippet:-1","max-image-preview":"max-image-preview:large","max-video-preview":"max-video-preview:-1"},"canonical":"https:\/\/iberoid-shop.com\/fr\/product\/trenbolone-forte-200-2\/","og_locale":"fr_FR","og_type":"article","og_title":"Trenbolone Forte 200","og_description":"Nom du produit : Trenbolone Forte 200 Fabricant\u00a0:\u00a0SP\u00a0Laboratoires Pr\u00e9sentation\u00a0:\u00a010\u00a0ml\u00a0200\u00a0mg\/ml Substance chimique active\u00a0:\u00a0\u00e9nanthate de trenbolone Trenbolone Forte une forme \u00e0 action","og_url":"https:\/\/iberoid-shop.com\/fr\/product\/trenbolone-forte-200-2\/","og_site_name":"(Espa\u00f1ol) Esteroides en l\u00ednea","article_modified_time":"2023-03-14T19:48:10+00:00","og_image":[{"width":768,"height":768,"url":"https:\/\/iberoid-shop.com\/wp-content\/uploads\/2022\/09\/Trenbolone-Forte-200-SP-Laboratories.webp","type":"image\/webp"}],"twitter_card":"summary_large_image","twitter_misc":{"Prix":"&euro;60.00","Disponibilit\u00e9":"Rupture de stock"},"schema":{"@context":"https:\/\/schema.org","@graph":[{"@type":"WebPage","@id":"https:\/\/iberoid-shop.com\/fr\/product\/trenbolone-forte-200-2\/","url":"https:\/\/iberoid-shop.com\/fr\/product\/trenbolone-forte-200-2\/","name":"Trenbolone Forte 200 - (Espa\u00f1ol) Esteroides en l\u00ednea","isPartOf":{"@id":"https:\/\/iberoid-shop.com\/fr\/#website"},"primaryImageOfPage":{"@id":"https:\/\/iberoid-shop.com\/fr\/product\/trenbolone-forte-200-2\/#primaryimage"},"image":{"@id":"https:\/\/iberoid-shop.com\/fr\/product\/trenbolone-forte-200-2\/#primaryimage"},"thumbnailUrl":"https:\/\/iberoid-shop.com\/wp-content\/uploads\/2022\/09\/Trenbolone-Forte-200-SP-Laboratories.webp","datePublished":"2022-09-25T09:43:49+00:00","dateModified":"2023-03-14T19:48:10+00:00","breadcrumb":{"@id":"https:\/\/iberoid-shop.com\/fr\/product\/trenbolone-forte-200-2\/#breadcrumb"},"inLanguage":"fr-FR","potentialAction":[{"@type":"ReadAction","target":[["https:\/\/iberoid-shop.com\/fr\/product\/trenbolone-forte-200-2\/"]]}]},{"@type":"ImageObject","inLanguage":"fr-FR","@id":"https:\/\/iberoid-shop.com\/fr\/product\/trenbolone-forte-200-2\/#primaryimage","url":"https:\/\/iberoid-shop.com\/wp-content\/uploads\/2022\/09\/Trenbolone-Forte-200-SP-Laboratories.webp","contentUrl":"https:\/\/iberoid-shop.com\/wp-content\/uploads\/2022\/09\/Trenbolone-Forte-200-SP-Laboratories.webp","width":768,"height":768},{"@type":"BreadcrumbList","@id":"https:\/\/iberoid-shop.com\/fr\/product\/trenbolone-forte-200-2\/#breadcrumb","itemListElement":[{"@type":"ListItem","position":1,"name":"Portada","item":"https:\/\/iberoid-shop.com\/fr\/"},{"@type":"ListItem","position":2,"name":"Magasin","item":"https:\/\/iberoid-shop.com\/fr\/shop\/"},{"@type":"ListItem","position":3,"name":"Trenbolone Forte 200"}]},{"@type":"WebSite","@id":"https:\/\/iberoid-shop.com\/fr\/#website","url":"https:\/\/iberoid-shop.com\/fr\/","name":"(Espa\u00f1ol) Esteroides en l\u00ednea","description":"(Espa\u00f1ol) Comprar esteroides en l\u00ednea hoy en Espa\u00f1a y Portugal. Tenemos el mejor servicio al cliente en la industria y los productos de la m\u00e1s alta calidad","potentialAction":[{"@type":"SearchAction","target":{"@type":"EntryPoint","urlTemplate":"https:\/\/iberoid-shop.com\/fr\/?s={search_term_string}"},"query-input":{"@type":"PropertyValueSpecification","valueRequired":true,"valueName":"search_term_string"}}],"inLanguage":"fr-FR"}]},"product_brand":"SP Laboratories","product_price_amount":"60.00","product_price_currency":"EUR","og_availability":"out of stock","product_availability":"out of stock","product_condition":"new"},"_links":{"self":[{"href":"https:\/\/iberoid-shop.com\/fr\/wp-json\/wp\/v2\/product\/7952","targetHints":{"allow":["GET"]}}],"collection":[{"href":"https:\/\/iberoid-shop.com\/fr\/wp-json\/wp\/v2\/product"}],"about":[{"href":"https:\/\/iberoid-shop.com\/fr\/wp-json\/wp\/v2\/types\/product"}],"replies":[{"embeddable":true,"href":"https:\/\/iberoid-shop.com\/fr\/wp-json\/wp\/v2\/comments?post=7952"}],"wp:featuredmedia":[{"embeddable":true,"href":"https:\/\/iberoid-shop.com\/fr\/wp-json\/wp\/v2\/media\/7953"}],"wp:attachment":[{"href":"https:\/\/iberoid-shop.com\/fr\/wp-json\/wp\/v2\/media?parent=7952"}],"wp:term":[{"taxonomy":"product_brand","embeddable":true,"href":"https:\/\/iberoid-shop.com\/fr\/wp-json\/wp\/v2\/product_brand?post=7952"},{"taxonomy":"product_cat","embeddable":true,"href":"https:\/\/iberoid-shop.com\/fr\/wp-json\/wp\/v2\/product_cat?post=7952"},{"taxonomy":"product_tag","embeddable":true,"href":"https:\/\/iberoid-shop.com\/fr\/wp-json\/wp\/v2\/product_tag?post=7952"}],"curies":[{"name":"wp","href":"https:\/\/api.w.org\/{rel}","templated":true}]}}