{"id":7723,"date":"2022-06-06T13:08:07","date_gmt":"2022-06-06T13:08:07","guid":{"rendered":"https:\/\/iberoid-shop.com\/?post_type=product&#038;p=7723"},"modified":"2022-07-16T21:04:13","modified_gmt":"2022-07-16T21:04:13","slug":"turinabol-balkan-60-pastillas","status":"publish","type":"product","link":"https:\/\/iberoid-shop.com\/fr\/product\/turinabol-balkan-60-pastillas\/","title":{"rendered":"TURANABOL"},"content":{"rendered":"<p>BALKAN PHARMA TURANABOL<\/p>\n<p>Pour obtenir des gains musculaires solides et des gains de force, Turinabol qui ne provoque pas de gains rapides de masse musculaire et de force, doit \u00eatre pris sur plusieurs semaines. Pour les athl\u00e8tes et les culturistes, ce m\u00e9dicament est utilis\u00e9 pour une apparence corporelle am\u00e9lior\u00e9e et compacte. En raison de tout risque d&rsquo;effets secondaires \u0153strog\u00e9niques, la r\u00e9tention d&rsquo;eau ou le risque de gyn\u00e9comastie sont limit\u00e9s. En raison de la r\u00e9tention d&rsquo;eau limit\u00e9e, on peut obtenir un regard dur sur les muscles.<\/p>\n<p>Ce st\u00e9ro\u00efde est assez diff\u00e9rent de Danabol auquel il est compar\u00e9. La similitude entre ces deux produits est que les deux sont 17-alpha-alkyl\u00e9s. Turanabol selon Danabol a un niveau inf\u00e9rieur d&rsquo;activit\u00e9 androg\u00e8ne, mais un meilleur \u00e9quilibre des effets anabolisants et androg\u00e8nes.<\/p>\n<p>Dosage de Turanabol\u00a0: 40\u00a0&#8211;\u00a050 mg est le dosage quotidien pour de bons r\u00e9sultats. Avec ce dosage, l&rsquo;effet sera merveilleux, la croissance de la masse musculaire et de la force et sans effets secondaires de r\u00e9tention d&rsquo;eau et d&rsquo;\u0153strog\u00e8nes.<\/p>\n<p>Effets secondaires du Turanabol\u00a0;<\/p>\n<p>Chez les femmes, on peut voir le virilisme. Et aussi la r\u00e9duction de la production de testost\u00e9rone, l&rsquo;hypertension, les comportements agressifs incontr\u00f4lables, les douleurs gastro-intestinales, les dommages au foie, la prise de poids, la r\u00e9duction de la coagulation sanguine dans le corps peuvent survenir \u00e0 des doses \u00e9lev\u00e9es.<\/p>","protected":false},"excerpt":{"rendered":"<p>BALKAN PHARMA TURANABOL Pour obtenir des gains musculaires solides et des gains de force, Turinabol qui ne provoque pas de<\/p>\n","protected":false},"featured_media":7724,"comment_status":"open","ping_status":"closed","template":"","meta":[],"product_brand":[],"product_cat":[73],"product_tag":[],"class_list":{"0":"post-7723","1":"product","2":"type-product","3":"status-publish","4":"has-post-thumbnail","6":"product_cat-ssteroides_orales","8":"first","9":"outofstock","10":"sale","11":"shipping-taxable","12":"purchasable","13":"product-type-simple"},"yoast_head":"<!-- This site is optimized with the Yoast SEO Premium plugin v24.4 (Yoast SEO v27.3) - https:\/\/yoast.com\/product\/yoast-seo-premium-wordpress\/ -->\n<title>TURANABOL - (Espa\u00f1ol) Esteroides en l\u00ednea<\/title>\n<meta name=\"robots\" content=\"index, follow, max-snippet:-1, max-image-preview:large, max-video-preview:-1\" \/>\n<link rel=\"canonical\" href=\"https:\/\/iberoid-shop.com\/fr\/product\/turinabol-balkan-60-pastillas\/\" \/>\n<meta property=\"og:locale\" content=\"fr_FR\" \/>\n<meta property=\"og:type\" content=\"article\" \/>\n<meta property=\"og:title\" content=\"TURANABOL\" \/>\n<meta property=\"og:description\" content=\"BALKAN PHARMA TURANABOL Pour obtenir des gains musculaires solides et des gains de force, Turinabol qui ne provoque pas de\" \/>\n<meta property=\"og:url\" content=\"https:\/\/iberoid-shop.com\/fr\/product\/turinabol-balkan-60-pastillas\/\" \/>\n<meta property=\"og:site_name\" content=\"(Espa\u00f1ol) Esteroides en l\u00ednea\" \/>\n<meta property=\"article:modified_time\" content=\"2022-07-16T21:04:13+00:00\" \/>\n<meta property=\"og:image\" content=\"https:\/\/iberoid-shop.com\/wp-content\/uploads\/2022\/06\/turi.jpg?v=1678119888\" \/>\n\t<meta property=\"og:image:width\" content=\"225\" \/>\n\t<meta property=\"og:image:height\" content=\"225\" \/>\n\t<meta property=\"og:image:type\" content=\"image\/jpeg\" \/>\n<meta name=\"twitter:card\" content=\"summary_large_image\" \/>\n<meta name=\"twitter:label1\" content=\"Prix\" \/>\n\t<meta name=\"twitter:data1\" content=\"&euro;25.00\" \/>\n\t<meta name=\"twitter:label2\" content=\"Disponibilit\u00e9\" \/>\n\t<meta name=\"twitter:data2\" content=\"Rupture de stock\" \/>\n<script type=\"application\/ld+json\" class=\"yoast-schema-graph\">{\"@context\":\"https:\\\/\\\/schema.org\",\"@graph\":[{\"@type\":\"WebPage\",\"@id\":\"https:\\\/\\\/iberoid-shop.com\\\/fr\\\/product\\\/turinabol-balkan-60-pastillas\\\/\",\"url\":\"https:\\\/\\\/iberoid-shop.com\\\/fr\\\/product\\\/turinabol-balkan-60-pastillas\\\/\",\"name\":\"TURANABOL - (Espa\u00f1ol) Esteroides en l\u00ednea\",\"isPartOf\":{\"@id\":\"https:\\\/\\\/iberoid.com\\\/#website\"},\"primaryImageOfPage\":{\"@id\":\"https:\\\/\\\/iberoid-shop.com\\\/fr\\\/product\\\/turinabol-balkan-60-pastillas\\\/#primaryimage\"},\"image\":{\"@id\":\"https:\\\/\\\/iberoid-shop.com\\\/fr\\\/product\\\/turinabol-balkan-60-pastillas\\\/#primaryimage\"},\"thumbnailUrl\":\"https:\\\/\\\/iberoid-shop.com\\\/wp-content\\\/uploads\\\/2022\\\/06\\\/turi.jpg?v=1678119888\",\"datePublished\":\"2022-06-06T13:08:07+00:00\",\"dateModified\":\"2022-07-16T21:04:13+00:00\",\"breadcrumb\":{\"@id\":\"https:\\\/\\\/iberoid-shop.com\\\/fr\\\/product\\\/turinabol-balkan-60-pastillas\\\/#breadcrumb\"},\"inLanguage\":\"fr-FR\",\"potentialAction\":[{\"@type\":\"ReadAction\",\"target\":[[\"https:\\\/\\\/iberoid-shop.com\\\/fr\\\/product\\\/turinabol-balkan-60-pastillas\\\/\"]]}]},{\"@type\":\"ImageObject\",\"inLanguage\":\"fr-FR\",\"@id\":\"https:\\\/\\\/iberoid-shop.com\\\/fr\\\/product\\\/turinabol-balkan-60-pastillas\\\/#primaryimage\",\"url\":\"https:\\\/\\\/iberoid-shop.com\\\/wp-content\\\/uploads\\\/2022\\\/06\\\/turi.jpg?v=1678119888\",\"contentUrl\":\"https:\\\/\\\/iberoid-shop.com\\\/wp-content\\\/uploads\\\/2022\\\/06\\\/turi.jpg?v=1678119888\",\"width\":225,\"height\":225},{\"@type\":\"BreadcrumbList\",\"@id\":\"https:\\\/\\\/iberoid-shop.com\\\/fr\\\/product\\\/turinabol-balkan-60-pastillas\\\/#breadcrumb\",\"itemListElement\":[{\"@type\":\"ListItem\",\"position\":1,\"name\":\"Portada\",\"item\":\"https:\\\/\\\/iberoid.com\\\/\"},{\"@type\":\"ListItem\",\"position\":2,\"name\":\"Magasin\",\"item\":\"https:\\\/\\\/iberoid-shop.com\\\/fr\\\/shop\\\/\"},{\"@type\":\"ListItem\",\"position\":3,\"name\":\"TURANABOL\"}]},{\"@type\":\"WebSite\",\"@id\":\"https:\\\/\\\/iberoid.com\\\/#website\",\"url\":\"https:\\\/\\\/iberoid.com\\\/\",\"name\":\"(Espa\u00f1ol) Esteroides en l\u00ednea\",\"description\":\"(Espa\u00f1ol) Comprar esteroides en l\u00ednea hoy en Espa\u00f1a y Portugal. Tenemos el mejor servicio al cliente en la industria y los productos de la m\u00e1s alta calidad\",\"potentialAction\":[{\"@type\":\"SearchAction\",\"target\":{\"@type\":\"EntryPoint\",\"urlTemplate\":\"https:\\\/\\\/iberoid.com\\\/?s={search_term_string}\"},\"query-input\":{\"@type\":\"PropertyValueSpecification\",\"valueRequired\":true,\"valueName\":\"search_term_string\"}}],\"inLanguage\":\"fr-FR\"}]}<\/script>\n<meta property=\"product:brand\" content=\"Balkan Pharmaceuticals\" \/>\n<meta property=\"product:price:amount\" content=\"25.00\" \/>\n<meta property=\"product:price:currency\" content=\"EUR\" \/>\n<meta property=\"og:availability\" content=\"out of stock\" \/>\n<meta property=\"product:availability\" content=\"out of stock\" \/>\n<meta property=\"product:condition\" content=\"new\" \/>\n<!-- \/ Yoast SEO Premium plugin. -->","yoast_head_json":{"title":"TURANABOL - (Espa\u00f1ol) Esteroides en l\u00ednea","robots":{"index":"index","follow":"follow","max-snippet":"max-snippet:-1","max-image-preview":"max-image-preview:large","max-video-preview":"max-video-preview:-1"},"canonical":"https:\/\/iberoid-shop.com\/fr\/product\/turinabol-balkan-60-pastillas\/","og_locale":"fr_FR","og_type":"article","og_title":"TURANABOL","og_description":"BALKAN PHARMA TURANABOL Pour obtenir des gains musculaires solides et des gains de force, Turinabol qui ne provoque pas de","og_url":"https:\/\/iberoid-shop.com\/fr\/product\/turinabol-balkan-60-pastillas\/","og_site_name":"(Espa\u00f1ol) Esteroides en l\u00ednea","article_modified_time":"2022-07-16T21:04:13+00:00","og_image":[{"width":225,"height":225,"url":"https:\/\/iberoid-shop.com\/wp-content\/uploads\/2022\/06\/turi.jpg?v=1678119888","type":"image\/jpeg"}],"twitter_card":"summary_large_image","twitter_misc":{"Prix":"&euro;25.00","Disponibilit\u00e9":"Rupture de stock"},"schema":{"@context":"https:\/\/schema.org","@graph":[{"@type":"WebPage","@id":"https:\/\/iberoid-shop.com\/fr\/product\/turinabol-balkan-60-pastillas\/","url":"https:\/\/iberoid-shop.com\/fr\/product\/turinabol-balkan-60-pastillas\/","name":"TURANABOL - (Espa\u00f1ol) Esteroides en l\u00ednea","isPartOf":{"@id":"https:\/\/iberoid.com\/#website"},"primaryImageOfPage":{"@id":"https:\/\/iberoid-shop.com\/fr\/product\/turinabol-balkan-60-pastillas\/#primaryimage"},"image":{"@id":"https:\/\/iberoid-shop.com\/fr\/product\/turinabol-balkan-60-pastillas\/#primaryimage"},"thumbnailUrl":"https:\/\/iberoid-shop.com\/wp-content\/uploads\/2022\/06\/turi.jpg?v=1678119888","datePublished":"2022-06-06T13:08:07+00:00","dateModified":"2022-07-16T21:04:13+00:00","breadcrumb":{"@id":"https:\/\/iberoid-shop.com\/fr\/product\/turinabol-balkan-60-pastillas\/#breadcrumb"},"inLanguage":"fr-FR","potentialAction":[{"@type":"ReadAction","target":[["https:\/\/iberoid-shop.com\/fr\/product\/turinabol-balkan-60-pastillas\/"]]}]},{"@type":"ImageObject","inLanguage":"fr-FR","@id":"https:\/\/iberoid-shop.com\/fr\/product\/turinabol-balkan-60-pastillas\/#primaryimage","url":"https:\/\/iberoid-shop.com\/wp-content\/uploads\/2022\/06\/turi.jpg?v=1678119888","contentUrl":"https:\/\/iberoid-shop.com\/wp-content\/uploads\/2022\/06\/turi.jpg?v=1678119888","width":225,"height":225},{"@type":"BreadcrumbList","@id":"https:\/\/iberoid-shop.com\/fr\/product\/turinabol-balkan-60-pastillas\/#breadcrumb","itemListElement":[{"@type":"ListItem","position":1,"name":"Portada","item":"https:\/\/iberoid.com\/"},{"@type":"ListItem","position":2,"name":"Magasin","item":"https:\/\/iberoid-shop.com\/fr\/shop\/"},{"@type":"ListItem","position":3,"name":"TURANABOL"}]},{"@type":"WebSite","@id":"https:\/\/iberoid.com\/#website","url":"https:\/\/iberoid.com\/","name":"(Espa\u00f1ol) Esteroides en l\u00ednea","description":"(Espa\u00f1ol) Comprar esteroides en l\u00ednea hoy en Espa\u00f1a y Portugal. Tenemos el mejor servicio al cliente en la industria y los productos de la m\u00e1s alta calidad","potentialAction":[{"@type":"SearchAction","target":{"@type":"EntryPoint","urlTemplate":"https:\/\/iberoid.com\/?s={search_term_string}"},"query-input":{"@type":"PropertyValueSpecification","valueRequired":true,"valueName":"search_term_string"}}],"inLanguage":"fr-FR"}]},"product_brand":"Balkan Pharmaceuticals","product_price_amount":"25.00","product_price_currency":"EUR","og_availability":"out of stock","product_availability":"out of stock","product_condition":"new"},"_links":{"self":[{"href":"https:\/\/iberoid-shop.com\/fr\/wp-json\/wp\/v2\/product\/7723","targetHints":{"allow":["GET"]}}],"collection":[{"href":"https:\/\/iberoid-shop.com\/fr\/wp-json\/wp\/v2\/product"}],"about":[{"href":"https:\/\/iberoid-shop.com\/fr\/wp-json\/wp\/v2\/types\/product"}],"replies":[{"embeddable":true,"href":"https:\/\/iberoid-shop.com\/fr\/wp-json\/wp\/v2\/comments?post=7723"}],"wp:featuredmedia":[{"embeddable":true,"href":"https:\/\/iberoid-shop.com\/fr\/wp-json\/wp\/v2\/media\/7724"}],"wp:attachment":[{"href":"https:\/\/iberoid-shop.com\/fr\/wp-json\/wp\/v2\/media?parent=7723"}],"wp:term":[{"taxonomy":"product_brand","embeddable":true,"href":"https:\/\/iberoid-shop.com\/fr\/wp-json\/wp\/v2\/product_brand?post=7723"},{"taxonomy":"product_cat","embeddable":true,"href":"https:\/\/iberoid-shop.com\/fr\/wp-json\/wp\/v2\/product_cat?post=7723"},{"taxonomy":"product_tag","embeddable":true,"href":"https:\/\/iberoid-shop.com\/fr\/wp-json\/wp\/v2\/product_tag?post=7723"}],"curies":[{"name":"wp","href":"https:\/\/api.w.org\/{rel}","templated":true}]}}