{"id":7691,"date":"2022-05-22T13:42:10","date_gmt":"2022-05-22T13:42:10","guid":{"rendered":"https:\/\/iberoid-shop.com\/?post_type=product&#038;p=7691"},"modified":"2024-07-11T09:36:46","modified_gmt":"2024-07-11T09:36:46","slug":"kigtropin-200-ui","status":"publish","type":"product","link":"https:\/\/iberoid-shop.com\/fr\/product\/kigtropin-200-ui\/","title":{"rendered":"KIGTROPIN-200 UI"},"content":{"rendered":"<p>Kigtropin &#8211; avec inteziro vanny par des techniques recombinantes somatropine identique \u00e0 l&rsquo;hormone de croissance humaine. Compos\u00e9 de 191 acides amin\u00e9s. Le m\u00e9dicament stimule la croissance squelettique et somatique et a \u00e9galement un effet prononc\u00e9 sur les processus m\u00e9taboliques.<\/p>\n<p>L&rsquo;hormone de croissance humaine augmente le tonus et le m\u00e9tabolisme, de sorte que vous vous sentez plus actif et que la masse grasse diminue. En fait, le poids que vous gagnez avec l&rsquo;hormone de croissance est purement musculaire. Contrairement aux st\u00e9ro\u00efdes, la prise de poids est lente &#8211; g\u00e9n\u00e9ralement de 0,5 \u00e0 1 kg de masse musculaire toutes les deux \u00e0 trois semaines d&rsquo;utilisation. Lorsque vous utilisez des st\u00e9ro\u00efdes, vous prenez du poids en grande partie en augmentant la quantit\u00e9 de liquide dans votre corps. En appliquant la m\u00eame hormone de croissance, vous gagnez exclusivement de la masse musculaire. L&rsquo;hormone de croissance commence \u00e9galement \u00e0 br\u00fbler les graisses pour obtenir l&rsquo;\u00e9nergie dont elle a besoin. Par cons\u00e9quent, les culturistes peuvent manger autant qu&rsquo;ils le souhaitent sans prendre de poids \u00e0 cause du tissu adipeux.<\/p>\n<p>L&rsquo;hormone de croissance humaine augmente la force, aide \u00e0 prendre du poids et \u00e0 perdre de la graisse, et r\u00e9duit la perte musculaire pendant les pauses d&rsquo;entra\u00eenement. Ces effets secondaires de l&rsquo;utilisation de l&rsquo;hormone de croissance sont minimes et tr\u00e8s rares. Ceux qui ont utilis\u00e9 ce m\u00e9dicament t\u00e9moignent de la r\u00e9alisation de leurs objectifs. Kigtropin ne provoque pas de croissance osseuse anormale (acrom\u00e9galie) car les os cessent de cro\u00eetre apr\u00e8s la pubert\u00e9.<\/p>\n<p>Comment fonctionne le peptide Kigtropin ?<br \/>\nR\u00e9duction de la graisse corporelle (r\u00e9duction de la graisse abdominale).<br \/>\nAugmentation de la masse musculaire et de la force physique.<br \/>\nRessentir une sensation de bien-\u00eatre g\u00e9n\u00e9ral.<br \/>\nAm\u00e9liorer le syst\u00e8me cardiovasculaire.<br \/>\nAm\u00e9liorer l&rsquo;activit\u00e9 c\u00e9r\u00e9brale.<br \/>\nReprise de la r\u00e9g\u00e9n\u00e9ration et de la croissance des tissus de certains organes internes, qui s&rsquo;atrophient avec l&rsquo;\u00e2ge.<br \/>\nR\u00e9duire la probabilit\u00e9 que vous passiez les derni\u00e8res ann\u00e9es de votre vie dans une maison de retraite.<br \/>\nAm\u00e9lioration de la peau &#8211; r\u00e9duction des rides de la peau &#8211; renouvellement de la peau &#8211; pr\u00e9vention du vieillissement.<br \/>\nStimule la production de cellules de la moelle osseuse qui produisent des globules rouges.<br \/>\nAm\u00e9liorer le tissu osseux et renforcer l&rsquo;immunit\u00e9.<br \/>\nIndications pour l&rsquo;utilisation de Kigtropin<\/p>\n<p>Pour les enfants &#8211; retard de croissance d\u00fb \u00e0 une s\u00e9cr\u00e9tion insuffisante d&rsquo;hormone de croissance; retard de croissance chez les filles atteintes de dysg\u00e9n\u00e9sie gonadique (syndrome de Shereshevsky-Turner); retard de croissance chez les enfants pr\u00e9pub\u00e8res d\u00fb \u00e0 une insuffisance r\u00e9nale chronique.<\/p>\n<p>Pour les adultes &#8211; d\u00e9ficit confirm\u00e9 en hormone de croissance cong\u00e9nital ou acquis (en tant que traitement substitutif).<\/p>\n<p>Le m\u00e9dicament Kigtropin stimule la croissance squelettique et somatique et a \u00e9galement un effet prononc\u00e9 sur les processus m\u00e9taboliques; contribue \u00e0 la normalisation de la structure corporelle en augmentant la masse musculaire et en r\u00e9duisant la graisse corporelle.<\/p>","protected":false},"excerpt":{"rendered":"<p>Kigtropin &#8211; avec inteziro vanny par des techniques recombinantes somatropine identique \u00e0 l&rsquo;hormone de croissance humaine. Compos\u00e9 de 191 acides<\/p>\n","protected":false},"featured_media":7692,"comment_status":"open","ping_status":"closed","template":"","meta":[],"product_brand":[],"product_cat":[76],"product_tag":[],"class_list":{"0":"post-7691","1":"product","2":"type-product","3":"status-publish","4":"has-post-thumbnail","6":"product_cat-hgh_peptido","8":"first","9":"outofstock","10":"sale","11":"shipping-taxable","12":"purchasable","13":"product-type-simple"},"yoast_head":"<!-- This site is optimized with the Yoast SEO Premium plugin v24.4 (Yoast SEO v27.3) - https:\/\/yoast.com\/product\/yoast-seo-premium-wordpress\/ -->\n<title>KIGTROPIN-200 UI - (Espa\u00f1ol) Esteroides en l\u00ednea<\/title>\n<meta name=\"robots\" content=\"index, follow, max-snippet:-1, max-image-preview:large, max-video-preview:-1\" \/>\n<link rel=\"canonical\" href=\"https:\/\/iberoid-shop.com\/fr\/product\/kigtropin-200-ui\/\" \/>\n<meta property=\"og:locale\" content=\"fr_FR\" \/>\n<meta property=\"og:type\" content=\"article\" \/>\n<meta property=\"og:title\" content=\"KIGTROPIN-200 UI\" \/>\n<meta property=\"og:description\" content=\"Kigtropin &#8211; avec inteziro vanny par des techniques recombinantes somatropine identique \u00e0 l&rsquo;hormone de croissance humaine. Compos\u00e9 de 191 acides\" \/>\n<meta property=\"og:url\" content=\"https:\/\/iberoid-shop.com\/fr\/product\/kigtropin-200-ui\/\" \/>\n<meta property=\"og:site_name\" content=\"(Espa\u00f1ol) Esteroides en l\u00ednea\" \/>\n<meta property=\"article:modified_time\" content=\"2024-07-11T09:36:46+00:00\" \/>\n<meta property=\"og:image\" content=\"https:\/\/iberoid-shop.com\/wp-content\/uploads\/2022\/05\/kigtropin20-iu.png?v=1694094346\" \/>\n\t<meta property=\"og:image:width\" content=\"500\" \/>\n\t<meta property=\"og:image:height\" content=\"500\" \/>\n\t<meta property=\"og:image:type\" content=\"image\/png\" \/>\n<meta name=\"twitter:card\" content=\"summary_large_image\" \/>\n<meta name=\"twitter:label1\" content=\"Prix\" \/>\n\t<meta name=\"twitter:data1\" content=\"&euro;90.00\" \/>\n\t<meta name=\"twitter:label2\" content=\"Disponibilit\u00e9\" \/>\n\t<meta name=\"twitter:data2\" content=\"Rupture de stock\" \/>\n<script type=\"application\/ld+json\" class=\"yoast-schema-graph\">{\"@context\":\"https:\\\/\\\/schema.org\",\"@graph\":[{\"@type\":\"WebPage\",\"@id\":\"https:\\\/\\\/iberoid-shop.com\\\/fr\\\/product\\\/kigtropin-200-ui\\\/\",\"url\":\"https:\\\/\\\/iberoid-shop.com\\\/fr\\\/product\\\/kigtropin-200-ui\\\/\",\"name\":\"KIGTROPIN-200 UI - (Espa\u00f1ol) Esteroides en l\u00ednea\",\"isPartOf\":{\"@id\":\"https:\\\/\\\/iberoid.com\\\/#website\"},\"primaryImageOfPage\":{\"@id\":\"https:\\\/\\\/iberoid-shop.com\\\/fr\\\/product\\\/kigtropin-200-ui\\\/#primaryimage\"},\"image\":{\"@id\":\"https:\\\/\\\/iberoid-shop.com\\\/fr\\\/product\\\/kigtropin-200-ui\\\/#primaryimage\"},\"thumbnailUrl\":\"https:\\\/\\\/iberoid-shop.com\\\/wp-content\\\/uploads\\\/2022\\\/05\\\/kigtropin20-iu.png?v=1694094346\",\"datePublished\":\"2022-05-22T13:42:10+00:00\",\"dateModified\":\"2024-07-11T09:36:46+00:00\",\"breadcrumb\":{\"@id\":\"https:\\\/\\\/iberoid-shop.com\\\/fr\\\/product\\\/kigtropin-200-ui\\\/#breadcrumb\"},\"inLanguage\":\"fr-FR\",\"potentialAction\":[{\"@type\":\"ReadAction\",\"target\":[[\"https:\\\/\\\/iberoid-shop.com\\\/fr\\\/product\\\/kigtropin-200-ui\\\/\"]]}]},{\"@type\":\"ImageObject\",\"inLanguage\":\"fr-FR\",\"@id\":\"https:\\\/\\\/iberoid-shop.com\\\/fr\\\/product\\\/kigtropin-200-ui\\\/#primaryimage\",\"url\":\"https:\\\/\\\/iberoid-shop.com\\\/wp-content\\\/uploads\\\/2022\\\/05\\\/kigtropin20-iu.png?v=1694094346\",\"contentUrl\":\"https:\\\/\\\/iberoid-shop.com\\\/wp-content\\\/uploads\\\/2022\\\/05\\\/kigtropin20-iu.png?v=1694094346\",\"width\":500,\"height\":500},{\"@type\":\"BreadcrumbList\",\"@id\":\"https:\\\/\\\/iberoid-shop.com\\\/fr\\\/product\\\/kigtropin-200-ui\\\/#breadcrumb\",\"itemListElement\":[{\"@type\":\"ListItem\",\"position\":1,\"name\":\"Portada\",\"item\":\"https:\\\/\\\/iberoid.com\\\/\"},{\"@type\":\"ListItem\",\"position\":2,\"name\":\"Magasin\",\"item\":\"https:\\\/\\\/iberoid-shop.com\\\/fr\\\/shop\\\/\"},{\"@type\":\"ListItem\",\"position\":3,\"name\":\"KIGTROPIN-200 UI\"}]},{\"@type\":\"WebSite\",\"@id\":\"https:\\\/\\\/iberoid.com\\\/#website\",\"url\":\"https:\\\/\\\/iberoid.com\\\/\",\"name\":\"(Espa\u00f1ol) Esteroides en l\u00ednea\",\"description\":\"(Espa\u00f1ol) Comprar esteroides en l\u00ednea hoy en Espa\u00f1a y Portugal. Tenemos el mejor servicio al cliente en la industria y los productos de la m\u00e1s alta calidad\",\"potentialAction\":[{\"@type\":\"SearchAction\",\"target\":{\"@type\":\"EntryPoint\",\"urlTemplate\":\"https:\\\/\\\/iberoid.com\\\/?s={search_term_string}\"},\"query-input\":{\"@type\":\"PropertyValueSpecification\",\"valueRequired\":true,\"valueName\":\"search_term_string\"}}],\"inLanguage\":\"fr-FR\"}]}<\/script>\n<meta property=\"product:price:amount\" content=\"90.00\" \/>\n<meta property=\"product:price:currency\" content=\"EUR\" \/>\n<meta property=\"og:availability\" content=\"out of stock\" \/>\n<meta property=\"product:availability\" content=\"out of stock\" \/>\n<meta property=\"product:condition\" content=\"new\" \/>\n<!-- \/ Yoast SEO Premium plugin. -->","yoast_head_json":{"title":"KIGTROPIN-200 UI - (Espa\u00f1ol) Esteroides en l\u00ednea","robots":{"index":"index","follow":"follow","max-snippet":"max-snippet:-1","max-image-preview":"max-image-preview:large","max-video-preview":"max-video-preview:-1"},"canonical":"https:\/\/iberoid-shop.com\/fr\/product\/kigtropin-200-ui\/","og_locale":"fr_FR","og_type":"article","og_title":"KIGTROPIN-200 UI","og_description":"Kigtropin &#8211; avec inteziro vanny par des techniques recombinantes somatropine identique \u00e0 l&rsquo;hormone de croissance humaine. Compos\u00e9 de 191 acides","og_url":"https:\/\/iberoid-shop.com\/fr\/product\/kigtropin-200-ui\/","og_site_name":"(Espa\u00f1ol) Esteroides en l\u00ednea","article_modified_time":"2024-07-11T09:36:46+00:00","og_image":[{"width":500,"height":500,"url":"https:\/\/iberoid-shop.com\/wp-content\/uploads\/2022\/05\/kigtropin20-iu.png?v=1694094346","type":"image\/png"}],"twitter_card":"summary_large_image","twitter_misc":{"Prix":"&euro;90.00","Disponibilit\u00e9":"Rupture de stock"},"schema":{"@context":"https:\/\/schema.org","@graph":[{"@type":"WebPage","@id":"https:\/\/iberoid-shop.com\/fr\/product\/kigtropin-200-ui\/","url":"https:\/\/iberoid-shop.com\/fr\/product\/kigtropin-200-ui\/","name":"KIGTROPIN-200 UI - (Espa\u00f1ol) Esteroides en l\u00ednea","isPartOf":{"@id":"https:\/\/iberoid.com\/#website"},"primaryImageOfPage":{"@id":"https:\/\/iberoid-shop.com\/fr\/product\/kigtropin-200-ui\/#primaryimage"},"image":{"@id":"https:\/\/iberoid-shop.com\/fr\/product\/kigtropin-200-ui\/#primaryimage"},"thumbnailUrl":"https:\/\/iberoid-shop.com\/wp-content\/uploads\/2022\/05\/kigtropin20-iu.png?v=1694094346","datePublished":"2022-05-22T13:42:10+00:00","dateModified":"2024-07-11T09:36:46+00:00","breadcrumb":{"@id":"https:\/\/iberoid-shop.com\/fr\/product\/kigtropin-200-ui\/#breadcrumb"},"inLanguage":"fr-FR","potentialAction":[{"@type":"ReadAction","target":[["https:\/\/iberoid-shop.com\/fr\/product\/kigtropin-200-ui\/"]]}]},{"@type":"ImageObject","inLanguage":"fr-FR","@id":"https:\/\/iberoid-shop.com\/fr\/product\/kigtropin-200-ui\/#primaryimage","url":"https:\/\/iberoid-shop.com\/wp-content\/uploads\/2022\/05\/kigtropin20-iu.png?v=1694094346","contentUrl":"https:\/\/iberoid-shop.com\/wp-content\/uploads\/2022\/05\/kigtropin20-iu.png?v=1694094346","width":500,"height":500},{"@type":"BreadcrumbList","@id":"https:\/\/iberoid-shop.com\/fr\/product\/kigtropin-200-ui\/#breadcrumb","itemListElement":[{"@type":"ListItem","position":1,"name":"Portada","item":"https:\/\/iberoid.com\/"},{"@type":"ListItem","position":2,"name":"Magasin","item":"https:\/\/iberoid-shop.com\/fr\/shop\/"},{"@type":"ListItem","position":3,"name":"KIGTROPIN-200 UI"}]},{"@type":"WebSite","@id":"https:\/\/iberoid.com\/#website","url":"https:\/\/iberoid.com\/","name":"(Espa\u00f1ol) Esteroides en l\u00ednea","description":"(Espa\u00f1ol) Comprar esteroides en l\u00ednea hoy en Espa\u00f1a y Portugal. Tenemos el mejor servicio al cliente en la industria y los productos de la m\u00e1s alta calidad","potentialAction":[{"@type":"SearchAction","target":{"@type":"EntryPoint","urlTemplate":"https:\/\/iberoid.com\/?s={search_term_string}"},"query-input":{"@type":"PropertyValueSpecification","valueRequired":true,"valueName":"search_term_string"}}],"inLanguage":"fr-FR"}]},"product_price_amount":"90.00","product_price_currency":"EUR","og_availability":"out of stock","product_availability":"out of stock","product_condition":"new"},"_links":{"self":[{"href":"https:\/\/iberoid-shop.com\/fr\/wp-json\/wp\/v2\/product\/7691","targetHints":{"allow":["GET"]}}],"collection":[{"href":"https:\/\/iberoid-shop.com\/fr\/wp-json\/wp\/v2\/product"}],"about":[{"href":"https:\/\/iberoid-shop.com\/fr\/wp-json\/wp\/v2\/types\/product"}],"replies":[{"embeddable":true,"href":"https:\/\/iberoid-shop.com\/fr\/wp-json\/wp\/v2\/comments?post=7691"}],"wp:featuredmedia":[{"embeddable":true,"href":"https:\/\/iberoid-shop.com\/fr\/wp-json\/wp\/v2\/media\/7692"}],"wp:attachment":[{"href":"https:\/\/iberoid-shop.com\/fr\/wp-json\/wp\/v2\/media?parent=7691"}],"wp:term":[{"taxonomy":"product_brand","embeddable":true,"href":"https:\/\/iberoid-shop.com\/fr\/wp-json\/wp\/v2\/product_brand?post=7691"},{"taxonomy":"product_cat","embeddable":true,"href":"https:\/\/iberoid-shop.com\/fr\/wp-json\/wp\/v2\/product_cat?post=7691"},{"taxonomy":"product_tag","embeddable":true,"href":"https:\/\/iberoid-shop.com\/fr\/wp-json\/wp\/v2\/product_tag?post=7691"}],"curies":[{"name":"wp","href":"https:\/\/api.w.org\/{rel}","templated":true}]}}