{"id":7673,"date":"2022-05-18T11:41:56","date_gmt":"2022-05-18T11:41:56","guid":{"rendered":"https:\/\/iberoid-shop.com\/?post_type=product&#038;p=7673"},"modified":"2026-03-21T10:35:29","modified_gmt":"2026-03-21T10:35:29","slug":"7673","status":"publish","type":"product","link":"https:\/\/iberoid-shop.com\/fr\/product\/7673\/","title":{"rendered":"PACK3 PRIMOGED \/PRIMOBOLAN\/EPF PREMIUM10"},"content":{"rendered":"<p>Primobolan se trouve \u00e0 la fois sous forme injectable et sous forme de comprim\u00e9s. Le primobolan injectable est appel\u00e9 un primobolan de d\u00e9p\u00f4t. L&rsquo;administration de Primobolan n&rsquo;aide pas \u00e0 une augmentation rapide de la masse musculaire et de la force, il est donc administr\u00e9 sur une longue p\u00e9riode. Apr\u00e8s administration de primobolan, la masse musculaire obtenue sera d&rsquo;une qualit\u00e9 sans graisse et sans graisse. Le tableau sera maintenu en grande partie. Pour \u00eatre efficace, il doit \u00eatre administr\u00e9 sur une longue p\u00e9riode et en grande quantit\u00e9. La solution buvable doit \u00eatre utilis\u00e9e pendant 12 semaines, \u00e0 la dose d&rsquo;au moins 500 mg\/semaine. Il peut \u00eatre mieux combin\u00e9 avec le ma\u00eetre, un autre tr\u00e8s bon st\u00e9ro\u00efde pour la d\u00e9finition.<\/p>\n<p>Une caract\u00e9ristique importante du primobolan est qu&rsquo;il contribue \u00e0 br\u00fbler les graisses. Primobolan aide \u00e9galement dans le traitement des tumeurs du sein, il n&rsquo;est pas n\u00e9cessaire d&rsquo;utiliser des anti-\u0153strog\u00e8nes pendant les cycles de primobolan. Primobolan peut \u00eatre ajout\u00e9 aux cellules st\u00e9ro\u00efdiennes pr\u00e9sentant un degr\u00e9 \u00e9lev\u00e9 de gyn\u00e9comastie, pour aider \u00e0 la pr\u00e9venir. Le primobolan injectable est meilleur que l&rsquo;injectable car il ne passe pas par le foie et est plus efficace. Le primobolan oral n&rsquo;est pas toxique pour le foie. Cependant, il est n\u00e9cessaire de l&rsquo;administrer \u00e0 des doses tr\u00e8s \u00e9lev\u00e9es de 100-200 mg\/jour. Le cycle de primobolan oral doit durer au moins 6 semaines.<\/p>","protected":false},"excerpt":{"rendered":"<p>Primobolan se trouve \u00e0 la fois sous forme injectable et sous forme de comprim\u00e9s. Le primobolan injectable est appel\u00e9 un<\/p>\n","protected":false},"featured_media":7674,"comment_status":"open","ping_status":"closed","template":"","meta":[],"product_brand":[],"product_cat":[3474],"product_tag":[],"class_list":{"0":"post-7673","1":"product","2":"type-product","3":"status-publish","4":"has-post-thumbnail","6":"product_cat-packs","8":"first","9":"instock","10":"sale","11":"shipping-taxable","12":"purchasable","13":"product-type-simple"},"yoast_head":"<!-- This site is optimized with the Yoast SEO Premium plugin v24.4 (Yoast SEO v27.0) - https:\/\/yoast.com\/product\/yoast-seo-premium-wordpress\/ -->\n<title>PACK3 PRIMOGED \/PRIMOBOLAN\/EPF PREMIUM10 - (Espa\u00f1ol) Esteroides en l\u00ednea<\/title>\n<meta name=\"description\" content=\"Primobolan offre un gain musculaire maigre de qualit\u00e9 sur la dur\u00e9e et aide \u00e0 br\u00fbler les graisses. Forme injectable pr\u00e9f\u00e9r\u00e9e ; oral non toxique pour le foie.\" \/>\n<meta name=\"robots\" content=\"index, follow, max-snippet:-1, max-image-preview:large, max-video-preview:-1\" \/>\n<link rel=\"canonical\" href=\"https:\/\/iberoid-shop.com\/fr\/product\/7673\/\" \/>\n<meta property=\"og:locale\" content=\"fr_FR\" \/>\n<meta property=\"og:type\" content=\"article\" \/>\n<meta property=\"og:title\" content=\"PACK3 PRIMOGED \/PRIMOBOLAN\/EPF PREMIUM10\" \/>\n<meta property=\"og:description\" content=\"Primobolan offre un gain musculaire maigre de qualit\u00e9 sur la dur\u00e9e et aide \u00e0 br\u00fbler les graisses. Forme injectable pr\u00e9f\u00e9r\u00e9e ; oral non toxique pour le foie.\" \/>\n<meta property=\"og:url\" content=\"https:\/\/iberoid-shop.com\/fr\/product\/7673\/\" \/>\n<meta property=\"og:site_name\" content=\"(Espa\u00f1ol) Esteroides en l\u00ednea\" \/>\n<meta property=\"article:modified_time\" content=\"2026-03-21T10:35:29+00:00\" \/>\n<meta property=\"og:image\" content=\"https:\/\/iberoid-shop.com\/wp-content\/uploads\/2022\/05\/PRM.jpg?v=1698649052\" \/>\n\t<meta property=\"og:image:width\" content=\"2321\" \/>\n\t<meta property=\"og:image:height\" content=\"1432\" \/>\n\t<meta property=\"og:image:type\" content=\"image\/jpeg\" \/>\n<meta name=\"twitter:card\" content=\"summary_large_image\" \/>\n<meta name=\"twitter:label1\" content=\"Prix\" \/>\n\t<meta name=\"twitter:data1\" content=\"&euro;110.00\" \/>\n\t<meta name=\"twitter:label2\" content=\"Disponibilit\u00e9\" \/>\n\t<meta name=\"twitter:data2\" content=\"En stock\" \/>\n<script type=\"application\/ld+json\" class=\"yoast-schema-graph\">{\"@context\":\"https:\/\/schema.org\",\"@graph\":[{\"@type\":\"WebPage\",\"@id\":\"https:\/\/iberoid-shop.com\/fr\/product\/7673\/\",\"url\":\"https:\/\/iberoid-shop.com\/fr\/product\/7673\/\",\"name\":\"PACK3 PRIMOGED \/PRIMOBOLAN\/EPF PREMIUM10 - (Espa\u00f1ol) Esteroides en l\u00ednea\",\"isPartOf\":{\"@id\":\"https:\/\/iberoid-shop.com\/fr\/#website\"},\"primaryImageOfPage\":{\"@id\":\"https:\/\/iberoid-shop.com\/fr\/product\/7673\/#primaryimage\"},\"image\":{\"@id\":\"https:\/\/iberoid-shop.com\/fr\/product\/7673\/#primaryimage\"},\"thumbnailUrl\":\"https:\/\/iberoid-shop.com\/wp-content\/uploads\/2022\/05\/PRM.jpg?v=1698649052\",\"datePublished\":\"2022-05-18T11:41:56+00:00\",\"dateModified\":\"2026-03-21T10:35:29+00:00\",\"description\":\"Primobolan offre un gain musculaire maigre de qualit\u00e9 sur la dur\u00e9e et aide \u00e0 br\u00fbler les graisses. Forme injectable pr\u00e9f\u00e9r\u00e9e ; oral non toxique pour le foie.\",\"breadcrumb\":{\"@id\":\"https:\/\/iberoid-shop.com\/fr\/product\/7673\/#breadcrumb\"},\"inLanguage\":\"fr-FR\",\"potentialAction\":[{\"@type\":\"ReadAction\",\"target\":[[\"https:\/\/iberoid-shop.com\/fr\/product\/7673\/\"]]}]},{\"@type\":\"ImageObject\",\"inLanguage\":\"fr-FR\",\"@id\":\"https:\/\/iberoid-shop.com\/fr\/product\/7673\/#primaryimage\",\"url\":\"https:\/\/iberoid-shop.com\/wp-content\/uploads\/2022\/05\/PRM.jpg?v=1698649052\",\"contentUrl\":\"https:\/\/iberoid-shop.com\/wp-content\/uploads\/2022\/05\/PRM.jpg?v=1698649052\",\"width\":2321,\"height\":1432},{\"@type\":\"BreadcrumbList\",\"@id\":\"https:\/\/iberoid-shop.com\/fr\/product\/7673\/#breadcrumb\",\"itemListElement\":[{\"@type\":\"ListItem\",\"position\":1,\"name\":\"Portada\",\"item\":\"https:\/\/iberoid-shop.com\/fr\/\"},{\"@type\":\"ListItem\",\"position\":2,\"name\":\"Magasin\",\"item\":\"https:\/\/iberoid-shop.com\/fr\/shop\/\"},{\"@type\":\"ListItem\",\"position\":3,\"name\":\"PACK3 PRIMOGED \/PRIMOBOLAN\/EPF PREMIUM10\"}]},{\"@type\":\"WebSite\",\"@id\":\"https:\/\/iberoid-shop.com\/fr\/#website\",\"url\":\"https:\/\/iberoid-shop.com\/fr\/\",\"name\":\"(Espa\u00f1ol) Esteroides en l\u00ednea\",\"description\":\"(Espa\u00f1ol) Comprar esteroides en l\u00ednea hoy en Espa\u00f1a y Portugal. Tenemos el mejor servicio al cliente en la industria y los productos de la m\u00e1s alta calidad\",\"potentialAction\":[{\"@type\":\"SearchAction\",\"target\":{\"@type\":\"EntryPoint\",\"urlTemplate\":\"https:\/\/iberoid-shop.com\/fr\/?s={search_term_string}\"},\"query-input\":{\"@type\":\"PropertyValueSpecification\",\"valueRequired\":true,\"valueName\":\"search_term_string\"}}],\"inLanguage\":\"fr-FR\"}]}<\/script>\n<meta property=\"product:brand\" content=\"Euro Prime Pharmaceuticals (EPF)\" \/>\n<meta property=\"product:price:amount\" content=\"110.00\" \/>\n<meta property=\"product:price:currency\" content=\"EUR\" \/>\n<meta property=\"og:availability\" content=\"instock\" \/>\n<meta property=\"product:availability\" content=\"instock\" \/>\n<meta property=\"product:condition\" content=\"new\" \/>\n<!-- \/ Yoast SEO Premium plugin. -->","yoast_head_json":{"title":"PACK3 PRIMOGED \/PRIMOBOLAN\/EPF PREMIUM10 - (Espa\u00f1ol) Esteroides en l\u00ednea","description":"Primobolan offre un gain musculaire maigre de qualit\u00e9 sur la dur\u00e9e et aide \u00e0 br\u00fbler les graisses. Forme injectable pr\u00e9f\u00e9r\u00e9e ; oral non toxique pour le foie.","robots":{"index":"index","follow":"follow","max-snippet":"max-snippet:-1","max-image-preview":"max-image-preview:large","max-video-preview":"max-video-preview:-1"},"canonical":"https:\/\/iberoid-shop.com\/fr\/product\/7673\/","og_locale":"fr_FR","og_type":"article","og_title":"PACK3 PRIMOGED \/PRIMOBOLAN\/EPF PREMIUM10","og_description":"Primobolan offre un gain musculaire maigre de qualit\u00e9 sur la dur\u00e9e et aide \u00e0 br\u00fbler les graisses. Forme injectable pr\u00e9f\u00e9r\u00e9e ; oral non toxique pour le foie.","og_url":"https:\/\/iberoid-shop.com\/fr\/product\/7673\/","og_site_name":"(Espa\u00f1ol) Esteroides en l\u00ednea","article_modified_time":"2026-03-21T10:35:29+00:00","og_image":[{"width":2321,"height":1432,"url":"https:\/\/iberoid-shop.com\/wp-content\/uploads\/2022\/05\/PRM.jpg?v=1698649052","type":"image\/jpeg"}],"twitter_card":"summary_large_image","twitter_misc":{"Prix":"&euro;110.00","Disponibilit\u00e9":"En stock"},"schema":{"@context":"https:\/\/schema.org","@graph":[{"@type":"WebPage","@id":"https:\/\/iberoid-shop.com\/fr\/product\/7673\/","url":"https:\/\/iberoid-shop.com\/fr\/product\/7673\/","name":"PACK3 PRIMOGED \/PRIMOBOLAN\/EPF PREMIUM10 - (Espa\u00f1ol) Esteroides en l\u00ednea","isPartOf":{"@id":"https:\/\/iberoid-shop.com\/fr\/#website"},"primaryImageOfPage":{"@id":"https:\/\/iberoid-shop.com\/fr\/product\/7673\/#primaryimage"},"image":{"@id":"https:\/\/iberoid-shop.com\/fr\/product\/7673\/#primaryimage"},"thumbnailUrl":"https:\/\/iberoid-shop.com\/wp-content\/uploads\/2022\/05\/PRM.jpg?v=1698649052","datePublished":"2022-05-18T11:41:56+00:00","dateModified":"2026-03-21T10:35:29+00:00","description":"Primobolan offre un gain musculaire maigre de qualit\u00e9 sur la dur\u00e9e et aide \u00e0 br\u00fbler les graisses. Forme injectable pr\u00e9f\u00e9r\u00e9e ; oral non toxique pour le foie.","breadcrumb":{"@id":"https:\/\/iberoid-shop.com\/fr\/product\/7673\/#breadcrumb"},"inLanguage":"fr-FR","potentialAction":[{"@type":"ReadAction","target":[["https:\/\/iberoid-shop.com\/fr\/product\/7673\/"]]}]},{"@type":"ImageObject","inLanguage":"fr-FR","@id":"https:\/\/iberoid-shop.com\/fr\/product\/7673\/#primaryimage","url":"https:\/\/iberoid-shop.com\/wp-content\/uploads\/2022\/05\/PRM.jpg?v=1698649052","contentUrl":"https:\/\/iberoid-shop.com\/wp-content\/uploads\/2022\/05\/PRM.jpg?v=1698649052","width":2321,"height":1432},{"@type":"BreadcrumbList","@id":"https:\/\/iberoid-shop.com\/fr\/product\/7673\/#breadcrumb","itemListElement":[{"@type":"ListItem","position":1,"name":"Portada","item":"https:\/\/iberoid-shop.com\/fr\/"},{"@type":"ListItem","position":2,"name":"Magasin","item":"https:\/\/iberoid-shop.com\/fr\/shop\/"},{"@type":"ListItem","position":3,"name":"PACK3 PRIMOGED \/PRIMOBOLAN\/EPF PREMIUM10"}]},{"@type":"WebSite","@id":"https:\/\/iberoid-shop.com\/fr\/#website","url":"https:\/\/iberoid-shop.com\/fr\/","name":"(Espa\u00f1ol) Esteroides en l\u00ednea","description":"(Espa\u00f1ol) Comprar esteroides en l\u00ednea hoy en Espa\u00f1a y Portugal. Tenemos el mejor servicio al cliente en la industria y los productos de la m\u00e1s alta calidad","potentialAction":[{"@type":"SearchAction","target":{"@type":"EntryPoint","urlTemplate":"https:\/\/iberoid-shop.com\/fr\/?s={search_term_string}"},"query-input":{"@type":"PropertyValueSpecification","valueRequired":true,"valueName":"search_term_string"}}],"inLanguage":"fr-FR"}]},"product_brand":"Euro Prime Pharmaceuticals (EPF)","product_price_amount":"110.00","product_price_currency":"EUR","og_availability":"instock","product_availability":"instock","product_condition":"new"},"_links":{"self":[{"href":"https:\/\/iberoid-shop.com\/fr\/wp-json\/wp\/v2\/product\/7673","targetHints":{"allow":["GET"]}}],"collection":[{"href":"https:\/\/iberoid-shop.com\/fr\/wp-json\/wp\/v2\/product"}],"about":[{"href":"https:\/\/iberoid-shop.com\/fr\/wp-json\/wp\/v2\/types\/product"}],"replies":[{"embeddable":true,"href":"https:\/\/iberoid-shop.com\/fr\/wp-json\/wp\/v2\/comments?post=7673"}],"wp:featuredmedia":[{"embeddable":true,"href":"https:\/\/iberoid-shop.com\/fr\/wp-json\/wp\/v2\/media\/7674"}],"wp:attachment":[{"href":"https:\/\/iberoid-shop.com\/fr\/wp-json\/wp\/v2\/media?parent=7673"}],"wp:term":[{"taxonomy":"product_brand","embeddable":true,"href":"https:\/\/iberoid-shop.com\/fr\/wp-json\/wp\/v2\/product_brand?post=7673"},{"taxonomy":"product_cat","embeddable":true,"href":"https:\/\/iberoid-shop.com\/fr\/wp-json\/wp\/v2\/product_cat?post=7673"},{"taxonomy":"product_tag","embeddable":true,"href":"https:\/\/iberoid-shop.com\/fr\/wp-json\/wp\/v2\/product_tag?post=7673"}],"curies":[{"name":"wp","href":"https:\/\/api.w.org\/{rel}","templated":true}]}}