{"id":7455,"date":"2022-03-16T13:52:40","date_gmt":"2022-03-16T13:52:40","guid":{"rendered":"https:\/\/iberoid-shop.com\/?post_type=product&#038;p=7455"},"modified":"2026-01-21T10:19:53","modified_gmt":"2026-01-21T10:19:53","slug":"testosterone-cypionate-cygnus","status":"publish","type":"product","link":"https:\/\/iberoid-shop.com\/fr\/product\/testosterone-cypionate-cygnus\/","title":{"rendered":"Testosterone Cypionate"},"content":{"rendered":"<p>Cypionate de testost\u00e9rone<\/p>\n<p>C&rsquo;est une version synth\u00e9tique de la testost\u00e9rone, mais elle va offrir au corps les m\u00eames avantages que la testost\u00e9rone produite naturellement. Il existe une vari\u00e9t\u00e9 de responsabilit\u00e9s que cette hormone offre au corps masculin sur le plan mental et physique.<br \/>\nLa description<br \/>\nLa testost\u00e9rone synth\u00e9tique a \u00e9t\u00e9 synth\u00e9tis\u00e9e en 1935 par le biochimiste allemand Adolf Butenandt et le chimiste suisse Leopold Ruzicka qui ont tous deux re\u00e7u un prix Nobel pour leurs travaux.<\/p>\n<p>La testost\u00e9rone\u00a0est la principale hormone sexuelle masculine synth\u00e9tis\u00e9e et s\u00e9cr\u00e9t\u00e9e par les testicules. Il stimule la croissance et le d\u00e9veloppement des organes g\u00e9nitaux masculins et des caract\u00e9ristiques sexuelles secondaires (maturation de la prostate, des v\u00e9sicules s\u00e9minales, du p\u00e9nis et du scrotum), la r\u00e9partition des poils de type masculin sur le visage, le pubis, la poitrine), le d\u00e9veloppement du larynx, les muscles du corps et la graisse Distribution. Retient l&rsquo;azote, le sodium, le potassium et le phosphore, augmente l&rsquo;anabolisme et r\u00e9duit le catabolisme des prot\u00e9ines. Une augmentation pr\u00e9matur\u00e9e de la concentration plasmatique de testost\u00e9rone dans la p\u00e9riode pr\u00e9c\u00e9dant la pubert\u00e9 provoque la fermeture des \u00e9piphyses et un retard de croissance. Stimule la production d&rsquo;\u00e9rythropo\u00ef\u00e9tine et de globules rouges. Par le m\u00e9canisme de r\u00e9troaction n\u00e9gative (feedback) inhibe la s\u00e9cr\u00e9tion d&rsquo;hormones lut\u00e9inisantes et folliculo-stimulantes de l&rsquo;hypophyse et inhibe la spermatogen\u00e8se.<\/p>\n<p>Dans certains cas, la testost\u00e9rone a un effet positif sur l&rsquo;hypertrophie de la prostate\u00a0: l&rsquo;\u00e9tat g\u00e9n\u00e9ral s&rsquo;am\u00e9liore, les troubles de la miction diminuent, etc.\u00a0La testost\u00e9rone\u00a0peut \u00e9galement avoir un effet positif dans l&rsquo;\u0153d\u00e8me de Quincke de l&rsquo;angor. L&rsquo;effet positif est associ\u00e9 \u00e0 une am\u00e9lioration de la circulation sanguine et des processus m\u00e9taboliques dans le muscle cardiaque; il y a aussi des changements favorables du rapport lipidique dans le sang, une augmentation du rapport l\u00e9cithine \/ cholest\u00e9rol.<\/p>\n<p>La testost\u00e9rone est tr\u00e8s appr\u00e9ci\u00e9e des athl\u00e8tes pour sa capacit\u00e9 \u00e0 favoriser de fortes augmentations de la masse musculaire et de la force. En tant qu&rsquo;hormone naturelle, il reste le st\u00e9ro\u00efde anabolisant le plus populaire et est g\u00e9n\u00e9ralement utilis\u00e9 comme base de tous les cycles et piles.<\/p>","protected":false},"excerpt":{"rendered":"<p>Cypionate de testost\u00e9rone C&rsquo;est une version synth\u00e9tique de la testost\u00e9rone, mais elle va offrir au corps les m\u00eames avantages que<\/p>\n","protected":false},"featured_media":7456,"comment_status":"open","ping_status":"closed","template":"","meta":[],"product_brand":[],"product_cat":[69],"product_tag":[],"class_list":{"0":"post-7455","1":"product","2":"type-product","3":"status-publish","4":"has-post-thumbnail","6":"product_cat-esteroides_inyectables","8":"first","9":"outofstock","10":"shipping-taxable","11":"purchasable","12":"product-type-simple"},"yoast_head":"<!-- This site is optimized with the Yoast SEO Premium plugin v24.4 (Yoast SEO v27.0) - https:\/\/yoast.com\/product\/yoast-seo-premium-wordpress\/ -->\n<title>Testosterone Cypionate - (Espa\u00f1ol) Esteroides en l\u00ednea<\/title>\n<meta name=\"robots\" content=\"index, follow, max-snippet:-1, max-image-preview:large, max-video-preview:-1\" \/>\n<link rel=\"canonical\" href=\"https:\/\/iberoid-shop.com\/fr\/product\/testosterone-cypionate-cygnus\/\" \/>\n<meta property=\"og:locale\" content=\"fr_FR\" \/>\n<meta property=\"og:type\" content=\"article\" \/>\n<meta property=\"og:title\" content=\"Testosterone Cypionate\" \/>\n<meta property=\"og:description\" content=\"Cypionate de testost\u00e9rone C&rsquo;est une version synth\u00e9tique de la testost\u00e9rone, mais elle va offrir au corps les m\u00eames avantages que\" \/>\n<meta property=\"og:url\" content=\"https:\/\/iberoid-shop.com\/fr\/product\/testosterone-cypionate-cygnus\/\" \/>\n<meta property=\"og:site_name\" content=\"(Espa\u00f1ol) Esteroides en l\u00ednea\" \/>\n<meta property=\"article:modified_time\" content=\"2026-01-21T10:19:53+00:00\" \/>\n<meta property=\"og:image\" content=\"https:\/\/iberoid-shop.com\/wp-content\/uploads\/2022\/03\/Testosterone-cypionate-200.jpg?v=1678119904\" \/>\n\t<meta property=\"og:image:width\" content=\"1000\" \/>\n\t<meta property=\"og:image:height\" content=\"698\" \/>\n\t<meta property=\"og:image:type\" content=\"image\/jpeg\" \/>\n<meta name=\"twitter:card\" content=\"summary_large_image\" \/>\n<meta name=\"twitter:label1\" content=\"Prix\" \/>\n\t<meta name=\"twitter:data1\" content=\"&euro;50.00\" \/>\n\t<meta name=\"twitter:label2\" content=\"Disponibilit\u00e9\" \/>\n\t<meta name=\"twitter:data2\" content=\"Rupture de stock\" \/>\n<script type=\"application\/ld+json\" class=\"yoast-schema-graph\">{\"@context\":\"https:\/\/schema.org\",\"@graph\":[{\"@type\":\"WebPage\",\"@id\":\"https:\/\/iberoid-shop.com\/fr\/product\/testosterone-cypionate-cygnus\/\",\"url\":\"https:\/\/iberoid-shop.com\/fr\/product\/testosterone-cypionate-cygnus\/\",\"name\":\"Testosterone Cypionate - (Espa\u00f1ol) Esteroides en l\u00ednea\",\"isPartOf\":{\"@id\":\"https:\/\/iberoid-shop.com\/fr\/#website\"},\"primaryImageOfPage\":{\"@id\":\"https:\/\/iberoid-shop.com\/fr\/product\/testosterone-cypionate-cygnus\/#primaryimage\"},\"image\":{\"@id\":\"https:\/\/iberoid-shop.com\/fr\/product\/testosterone-cypionate-cygnus\/#primaryimage\"},\"thumbnailUrl\":\"https:\/\/iberoid-shop.com\/wp-content\/uploads\/2022\/03\/Testosterone-cypionate-200.jpg?v=1678119904\",\"datePublished\":\"2022-03-16T13:52:40+00:00\",\"dateModified\":\"2026-01-21T10:19:53+00:00\",\"breadcrumb\":{\"@id\":\"https:\/\/iberoid-shop.com\/fr\/product\/testosterone-cypionate-cygnus\/#breadcrumb\"},\"inLanguage\":\"fr-FR\",\"potentialAction\":[{\"@type\":\"ReadAction\",\"target\":[[\"https:\/\/iberoid-shop.com\/fr\/product\/testosterone-cypionate-cygnus\/\"]]}]},{\"@type\":\"ImageObject\",\"inLanguage\":\"fr-FR\",\"@id\":\"https:\/\/iberoid-shop.com\/fr\/product\/testosterone-cypionate-cygnus\/#primaryimage\",\"url\":\"https:\/\/iberoid-shop.com\/wp-content\/uploads\/2022\/03\/Testosterone-cypionate-200.jpg?v=1678119904\",\"contentUrl\":\"https:\/\/iberoid-shop.com\/wp-content\/uploads\/2022\/03\/Testosterone-cypionate-200.jpg?v=1678119904\",\"width\":1000,\"height\":698},{\"@type\":\"BreadcrumbList\",\"@id\":\"https:\/\/iberoid-shop.com\/fr\/product\/testosterone-cypionate-cygnus\/#breadcrumb\",\"itemListElement\":[{\"@type\":\"ListItem\",\"position\":1,\"name\":\"Portada\",\"item\":\"https:\/\/iberoid-shop.com\/fr\/\"},{\"@type\":\"ListItem\",\"position\":2,\"name\":\"Magasin\",\"item\":\"https:\/\/iberoid-shop.com\/fr\/shop\/\"},{\"@type\":\"ListItem\",\"position\":3,\"name\":\"Testosterone Cypionate\"}]},{\"@type\":\"WebSite\",\"@id\":\"https:\/\/iberoid-shop.com\/fr\/#website\",\"url\":\"https:\/\/iberoid-shop.com\/fr\/\",\"name\":\"(Espa\u00f1ol) Esteroides en l\u00ednea\",\"description\":\"(Espa\u00f1ol) Comprar esteroides en l\u00ednea hoy en Espa\u00f1a y Portugal. Tenemos el mejor servicio al cliente en la industria y los productos de la m\u00e1s alta calidad\",\"potentialAction\":[{\"@type\":\"SearchAction\",\"target\":{\"@type\":\"EntryPoint\",\"urlTemplate\":\"https:\/\/iberoid-shop.com\/fr\/?s={search_term_string}\"},\"query-input\":{\"@type\":\"PropertyValueSpecification\",\"valueRequired\":true,\"valueName\":\"search_term_string\"}}],\"inLanguage\":\"fr-FR\"}]}<\/script>\n<meta property=\"product:brand\" content=\"Cygnus Pharmaceutical\" \/>\n<meta property=\"product:price:amount\" content=\"50.00\" \/>\n<meta property=\"product:price:currency\" content=\"EUR\" \/>\n<meta property=\"og:availability\" content=\"out of stock\" \/>\n<meta property=\"product:availability\" content=\"out of stock\" \/>\n<meta property=\"product:condition\" content=\"new\" \/>\n<!-- \/ Yoast SEO Premium plugin. -->","yoast_head_json":{"title":"Testosterone Cypionate - (Espa\u00f1ol) Esteroides en l\u00ednea","robots":{"index":"index","follow":"follow","max-snippet":"max-snippet:-1","max-image-preview":"max-image-preview:large","max-video-preview":"max-video-preview:-1"},"canonical":"https:\/\/iberoid-shop.com\/fr\/product\/testosterone-cypionate-cygnus\/","og_locale":"fr_FR","og_type":"article","og_title":"Testosterone Cypionate","og_description":"Cypionate de testost\u00e9rone C&rsquo;est une version synth\u00e9tique de la testost\u00e9rone, mais elle va offrir au corps les m\u00eames avantages que","og_url":"https:\/\/iberoid-shop.com\/fr\/product\/testosterone-cypionate-cygnus\/","og_site_name":"(Espa\u00f1ol) Esteroides en l\u00ednea","article_modified_time":"2026-01-21T10:19:53+00:00","og_image":[{"width":1000,"height":698,"url":"https:\/\/iberoid-shop.com\/wp-content\/uploads\/2022\/03\/Testosterone-cypionate-200.jpg?v=1678119904","type":"image\/jpeg"}],"twitter_card":"summary_large_image","twitter_misc":{"Prix":"&euro;50.00","Disponibilit\u00e9":"Rupture de stock"},"schema":{"@context":"https:\/\/schema.org","@graph":[{"@type":"WebPage","@id":"https:\/\/iberoid-shop.com\/fr\/product\/testosterone-cypionate-cygnus\/","url":"https:\/\/iberoid-shop.com\/fr\/product\/testosterone-cypionate-cygnus\/","name":"Testosterone Cypionate - (Espa\u00f1ol) Esteroides en l\u00ednea","isPartOf":{"@id":"https:\/\/iberoid-shop.com\/fr\/#website"},"primaryImageOfPage":{"@id":"https:\/\/iberoid-shop.com\/fr\/product\/testosterone-cypionate-cygnus\/#primaryimage"},"image":{"@id":"https:\/\/iberoid-shop.com\/fr\/product\/testosterone-cypionate-cygnus\/#primaryimage"},"thumbnailUrl":"https:\/\/iberoid-shop.com\/wp-content\/uploads\/2022\/03\/Testosterone-cypionate-200.jpg?v=1678119904","datePublished":"2022-03-16T13:52:40+00:00","dateModified":"2026-01-21T10:19:53+00:00","breadcrumb":{"@id":"https:\/\/iberoid-shop.com\/fr\/product\/testosterone-cypionate-cygnus\/#breadcrumb"},"inLanguage":"fr-FR","potentialAction":[{"@type":"ReadAction","target":[["https:\/\/iberoid-shop.com\/fr\/product\/testosterone-cypionate-cygnus\/"]]}]},{"@type":"ImageObject","inLanguage":"fr-FR","@id":"https:\/\/iberoid-shop.com\/fr\/product\/testosterone-cypionate-cygnus\/#primaryimage","url":"https:\/\/iberoid-shop.com\/wp-content\/uploads\/2022\/03\/Testosterone-cypionate-200.jpg?v=1678119904","contentUrl":"https:\/\/iberoid-shop.com\/wp-content\/uploads\/2022\/03\/Testosterone-cypionate-200.jpg?v=1678119904","width":1000,"height":698},{"@type":"BreadcrumbList","@id":"https:\/\/iberoid-shop.com\/fr\/product\/testosterone-cypionate-cygnus\/#breadcrumb","itemListElement":[{"@type":"ListItem","position":1,"name":"Portada","item":"https:\/\/iberoid-shop.com\/fr\/"},{"@type":"ListItem","position":2,"name":"Magasin","item":"https:\/\/iberoid-shop.com\/fr\/shop\/"},{"@type":"ListItem","position":3,"name":"Testosterone Cypionate"}]},{"@type":"WebSite","@id":"https:\/\/iberoid-shop.com\/fr\/#website","url":"https:\/\/iberoid-shop.com\/fr\/","name":"(Espa\u00f1ol) Esteroides en l\u00ednea","description":"(Espa\u00f1ol) Comprar esteroides en l\u00ednea hoy en Espa\u00f1a y Portugal. Tenemos el mejor servicio al cliente en la industria y los productos de la m\u00e1s alta calidad","potentialAction":[{"@type":"SearchAction","target":{"@type":"EntryPoint","urlTemplate":"https:\/\/iberoid-shop.com\/fr\/?s={search_term_string}"},"query-input":{"@type":"PropertyValueSpecification","valueRequired":true,"valueName":"search_term_string"}}],"inLanguage":"fr-FR"}]},"product_brand":"Cygnus Pharmaceutical","product_price_amount":"50.00","product_price_currency":"EUR","og_availability":"out of stock","product_availability":"out of stock","product_condition":"new"},"_links":{"self":[{"href":"https:\/\/iberoid-shop.com\/fr\/wp-json\/wp\/v2\/product\/7455","targetHints":{"allow":["GET"]}}],"collection":[{"href":"https:\/\/iberoid-shop.com\/fr\/wp-json\/wp\/v2\/product"}],"about":[{"href":"https:\/\/iberoid-shop.com\/fr\/wp-json\/wp\/v2\/types\/product"}],"replies":[{"embeddable":true,"href":"https:\/\/iberoid-shop.com\/fr\/wp-json\/wp\/v2\/comments?post=7455"}],"wp:featuredmedia":[{"embeddable":true,"href":"https:\/\/iberoid-shop.com\/fr\/wp-json\/wp\/v2\/media\/7456"}],"wp:attachment":[{"href":"https:\/\/iberoid-shop.com\/fr\/wp-json\/wp\/v2\/media?parent=7455"}],"wp:term":[{"taxonomy":"product_brand","embeddable":true,"href":"https:\/\/iberoid-shop.com\/fr\/wp-json\/wp\/v2\/product_brand?post=7455"},{"taxonomy":"product_cat","embeddable":true,"href":"https:\/\/iberoid-shop.com\/fr\/wp-json\/wp\/v2\/product_cat?post=7455"},{"taxonomy":"product_tag","embeddable":true,"href":"https:\/\/iberoid-shop.com\/fr\/wp-json\/wp\/v2\/product_tag?post=7455"}],"curies":[{"name":"wp","href":"https:\/\/api.w.org\/{rel}","templated":true}]}}