{"id":7448,"date":"2022-03-16T13:43:07","date_gmt":"2022-03-16T13:43:07","guid":{"rendered":"https:\/\/iberoid-shop.com\/?post_type=product&#038;p=7448"},"modified":"2022-12-09T13:34:21","modified_gmt":"2022-12-09T13:34:21","slug":"oldenone-undecylenate-300mg-cygnus","status":"publish","type":"product","link":"https:\/\/iberoid-shop.com\/fr\/product\/oldenone-undecylenate-300mg-cygnus\/","title":{"rendered":"Boldenone Undecylenate"},"content":{"rendered":"<p><strong>La description<\/strong><br \/>\n<strong>La bold\u00e9none<\/strong>\u00a0(\u00e9galement appel\u00e9e Equipoise) a \u00e9t\u00e9 d\u00e9velopp\u00e9e comme une version longue de la m\u00e9thandi\u00e9none et brevet\u00e9e par Ciba en tant que st\u00e9ro\u00efde anabolisant synth\u00e9tique en 1949. Cependant, le r\u00e9sultat \u00e9tait un st\u00e9ro\u00efde aux propri\u00e9t\u00e9s compl\u00e8tement diff\u00e9rentes, malgr\u00e9 la similitude chimique. La bold\u00e9none a \u00e9t\u00e9 d\u00e9velopp\u00e9e principalement pour le traitement de la dystrophie et pour augmenter le poids et la densit\u00e9 des os dans l&rsquo;ost\u00e9oporose.<\/p>\n<p>La bold\u00e9none est un st\u00e9ro\u00efde injectable \u00e0 long terme qui pr\u00e9sente de fortes propri\u00e9t\u00e9s anabolisantes et mod\u00e9r\u00e9ment androg\u00e8nes. De faibles propri\u00e9t\u00e9s androg\u00e8nes permettent \u00e0 la bold\u00e9none d&rsquo;\u00eatre utilis\u00e9e par les femmes. La virilisation se produit rarement, par rapport aux autres st\u00e9ro\u00efdes. La bold\u00e9none est l&rsquo;un des rares m\u00e9dicaments injectables pouvant \u00eatre pris par les athl\u00e8tes f\u00e9minines presque sans risque d&rsquo;effets secondaires.<\/p>\n<p><strong>La bold\u00e9none<\/strong>\u00a0stimule fortement l&rsquo;h\u00e9matopo\u00ef\u00e8se. Des niveaux \u00e9lev\u00e9s de globules rouges am\u00e9liorent l&rsquo;apport d&rsquo;oxyg\u00e8ne aux muscles. Cela rend ce st\u00e9ro\u00efde attrayant pour les athl\u00e8tes d&rsquo;athl\u00e9tisme.<\/p>\n<p>Les athl\u00e8tes prenant de la bold\u00e9none signalent souvent une croissance musculaire maigre lente mais \u00e9lev\u00e9e. Tous les effets positifs du m\u00e9dicament deviennent apparents sur des cycles longs (12 semaines ou plus). Les muscles du cycle bold\u00e9none seront plus denses que les muscles sous testost\u00e9rone. La bold\u00e9none ne retient pas l&rsquo;eau dans les muscles, leur volume apr\u00e8s le cycle doit donc \u00eatre le m\u00eame que pendant le cycle. Le m\u00e9dicament augmente le taux de puissance et augmente consid\u00e9rablement l&rsquo;app\u00e9tit.<\/p>","protected":false},"excerpt":{"rendered":"<p>La description La bold\u00e9none\u00a0(\u00e9galement appel\u00e9e Equipoise) a \u00e9t\u00e9 d\u00e9velopp\u00e9e comme une version longue de la m\u00e9thandi\u00e9none et brevet\u00e9e par Ciba<\/p>\n","protected":false},"featured_media":7449,"comment_status":"open","ping_status":"closed","template":"","meta":[],"product_brand":[],"product_cat":[69],"product_tag":[],"class_list":{"0":"post-7448","1":"product","2":"type-product","3":"status-publish","4":"has-post-thumbnail","6":"product_cat-esteroides_inyectables","8":"first","9":"outofstock","10":"sale","11":"shipping-taxable","12":"purchasable","13":"product-type-simple"},"yoast_head":"<!-- This site is optimized with the Yoast SEO Premium plugin v24.4 (Yoast SEO v27.3) - https:\/\/yoast.com\/product\/yoast-seo-premium-wordpress\/ -->\n<title>Boldenone Undecylenate - (Espa\u00f1ol) Esteroides en l\u00ednea<\/title>\n<meta name=\"robots\" content=\"index, follow, max-snippet:-1, max-image-preview:large, max-video-preview:-1\" \/>\n<link rel=\"canonical\" href=\"https:\/\/iberoid-shop.com\/fr\/product\/oldenone-undecylenate-300mg-cygnus\/\" \/>\n<meta property=\"og:locale\" content=\"fr_FR\" \/>\n<meta property=\"og:type\" content=\"article\" \/>\n<meta property=\"og:title\" content=\"Boldenone Undecylenate\" \/>\n<meta property=\"og:description\" content=\"La description La bold\u00e9none\u00a0(\u00e9galement appel\u00e9e Equipoise) a \u00e9t\u00e9 d\u00e9velopp\u00e9e comme une version longue de la m\u00e9thandi\u00e9none et brevet\u00e9e par Ciba\" \/>\n<meta property=\"og:url\" content=\"https:\/\/iberoid-shop.com\/fr\/product\/oldenone-undecylenate-300mg-cygnus\/\" \/>\n<meta property=\"og:site_name\" content=\"(Espa\u00f1ol) Esteroides en l\u00ednea\" \/>\n<meta property=\"article:modified_time\" content=\"2022-12-09T13:34:21+00:00\" \/>\n<meta property=\"og:image\" content=\"https:\/\/iberoid-shop.com\/wp-content\/uploads\/2022\/03\/Boldenone-undecylenate-300.jpg?v=1678119907\" \/>\n\t<meta property=\"og:image:width\" content=\"1000\" \/>\n\t<meta property=\"og:image:height\" content=\"698\" \/>\n\t<meta property=\"og:image:type\" content=\"image\/jpeg\" \/>\n<meta name=\"twitter:card\" content=\"summary_large_image\" \/>\n<meta name=\"twitter:label1\" content=\"Prix\" \/>\n\t<meta name=\"twitter:data1\" content=\"&euro;70.00\" \/>\n\t<meta name=\"twitter:label2\" content=\"Disponibilit\u00e9\" \/>\n\t<meta name=\"twitter:data2\" content=\"Rupture de stock\" \/>\n<script type=\"application\/ld+json\" class=\"yoast-schema-graph\">{\"@context\":\"https:\\\/\\\/schema.org\",\"@graph\":[{\"@type\":\"WebPage\",\"@id\":\"https:\\\/\\\/iberoid-shop.com\\\/fr\\\/product\\\/oldenone-undecylenate-300mg-cygnus\\\/\",\"url\":\"https:\\\/\\\/iberoid-shop.com\\\/fr\\\/product\\\/oldenone-undecylenate-300mg-cygnus\\\/\",\"name\":\"Boldenone Undecylenate - (Espa\u00f1ol) Esteroides en l\u00ednea\",\"isPartOf\":{\"@id\":\"https:\\\/\\\/iberoid-shop.com\\\/fr\\\/#website\"},\"primaryImageOfPage\":{\"@id\":\"https:\\\/\\\/iberoid-shop.com\\\/fr\\\/product\\\/oldenone-undecylenate-300mg-cygnus\\\/#primaryimage\"},\"image\":{\"@id\":\"https:\\\/\\\/iberoid-shop.com\\\/fr\\\/product\\\/oldenone-undecylenate-300mg-cygnus\\\/#primaryimage\"},\"thumbnailUrl\":\"https:\\\/\\\/iberoid-shop.com\\\/wp-content\\\/uploads\\\/2022\\\/03\\\/Boldenone-undecylenate-300.jpg?v=1678119907\",\"datePublished\":\"2022-03-16T13:43:07+00:00\",\"dateModified\":\"2022-12-09T13:34:21+00:00\",\"breadcrumb\":{\"@id\":\"https:\\\/\\\/iberoid-shop.com\\\/fr\\\/product\\\/oldenone-undecylenate-300mg-cygnus\\\/#breadcrumb\"},\"inLanguage\":\"fr-FR\",\"potentialAction\":[{\"@type\":\"ReadAction\",\"target\":[[\"https:\\\/\\\/iberoid-shop.com\\\/fr\\\/product\\\/oldenone-undecylenate-300mg-cygnus\\\/\"]]}]},{\"@type\":\"ImageObject\",\"inLanguage\":\"fr-FR\",\"@id\":\"https:\\\/\\\/iberoid-shop.com\\\/fr\\\/product\\\/oldenone-undecylenate-300mg-cygnus\\\/#primaryimage\",\"url\":\"https:\\\/\\\/iberoid-shop.com\\\/wp-content\\\/uploads\\\/2022\\\/03\\\/Boldenone-undecylenate-300.jpg?v=1678119907\",\"contentUrl\":\"https:\\\/\\\/iberoid-shop.com\\\/wp-content\\\/uploads\\\/2022\\\/03\\\/Boldenone-undecylenate-300.jpg?v=1678119907\",\"width\":1000,\"height\":698},{\"@type\":\"BreadcrumbList\",\"@id\":\"https:\\\/\\\/iberoid-shop.com\\\/fr\\\/product\\\/oldenone-undecylenate-300mg-cygnus\\\/#breadcrumb\",\"itemListElement\":[{\"@type\":\"ListItem\",\"position\":1,\"name\":\"Portada\",\"item\":\"https:\\\/\\\/iberoid-shop.com\\\/fr\\\/\"},{\"@type\":\"ListItem\",\"position\":2,\"name\":\"Magasin\",\"item\":\"https:\\\/\\\/iberoid-shop.com\\\/fr\\\/shop\\\/\"},{\"@type\":\"ListItem\",\"position\":3,\"name\":\"Boldenone Undecylenate\"}]},{\"@type\":\"WebSite\",\"@id\":\"https:\\\/\\\/iberoid-shop.com\\\/fr\\\/#website\",\"url\":\"https:\\\/\\\/iberoid-shop.com\\\/fr\\\/\",\"name\":\"(Espa\u00f1ol) Esteroides en l\u00ednea\",\"description\":\"(Espa\u00f1ol) Comprar esteroides en l\u00ednea hoy en Espa\u00f1a y Portugal. Tenemos el mejor servicio al cliente en la industria y los productos de la m\u00e1s alta calidad\",\"potentialAction\":[{\"@type\":\"SearchAction\",\"target\":{\"@type\":\"EntryPoint\",\"urlTemplate\":\"https:\\\/\\\/iberoid-shop.com\\\/fr\\\/?s={search_term_string}\"},\"query-input\":{\"@type\":\"PropertyValueSpecification\",\"valueRequired\":true,\"valueName\":\"search_term_string\"}}],\"inLanguage\":\"fr-FR\"}]}<\/script>\n<meta property=\"product:price:amount\" content=\"70.00\" \/>\n<meta property=\"product:price:currency\" content=\"EUR\" \/>\n<meta property=\"og:availability\" content=\"out of stock\" \/>\n<meta property=\"product:availability\" content=\"out of stock\" \/>\n<meta property=\"product:condition\" content=\"new\" \/>\n<!-- \/ Yoast SEO Premium plugin. -->","yoast_head_json":{"title":"Boldenone Undecylenate - (Espa\u00f1ol) Esteroides en l\u00ednea","robots":{"index":"index","follow":"follow","max-snippet":"max-snippet:-1","max-image-preview":"max-image-preview:large","max-video-preview":"max-video-preview:-1"},"canonical":"https:\/\/iberoid-shop.com\/fr\/product\/oldenone-undecylenate-300mg-cygnus\/","og_locale":"fr_FR","og_type":"article","og_title":"Boldenone Undecylenate","og_description":"La description La bold\u00e9none\u00a0(\u00e9galement appel\u00e9e Equipoise) a \u00e9t\u00e9 d\u00e9velopp\u00e9e comme une version longue de la m\u00e9thandi\u00e9none et brevet\u00e9e par Ciba","og_url":"https:\/\/iberoid-shop.com\/fr\/product\/oldenone-undecylenate-300mg-cygnus\/","og_site_name":"(Espa\u00f1ol) Esteroides en l\u00ednea","article_modified_time":"2022-12-09T13:34:21+00:00","og_image":[{"width":1000,"height":698,"url":"https:\/\/iberoid-shop.com\/wp-content\/uploads\/2022\/03\/Boldenone-undecylenate-300.jpg?v=1678119907","type":"image\/jpeg"}],"twitter_card":"summary_large_image","twitter_misc":{"Prix":"&euro;70.00","Disponibilit\u00e9":"Rupture de stock"},"schema":{"@context":"https:\/\/schema.org","@graph":[{"@type":"WebPage","@id":"https:\/\/iberoid-shop.com\/fr\/product\/oldenone-undecylenate-300mg-cygnus\/","url":"https:\/\/iberoid-shop.com\/fr\/product\/oldenone-undecylenate-300mg-cygnus\/","name":"Boldenone Undecylenate - (Espa\u00f1ol) Esteroides en l\u00ednea","isPartOf":{"@id":"https:\/\/iberoid-shop.com\/fr\/#website"},"primaryImageOfPage":{"@id":"https:\/\/iberoid-shop.com\/fr\/product\/oldenone-undecylenate-300mg-cygnus\/#primaryimage"},"image":{"@id":"https:\/\/iberoid-shop.com\/fr\/product\/oldenone-undecylenate-300mg-cygnus\/#primaryimage"},"thumbnailUrl":"https:\/\/iberoid-shop.com\/wp-content\/uploads\/2022\/03\/Boldenone-undecylenate-300.jpg?v=1678119907","datePublished":"2022-03-16T13:43:07+00:00","dateModified":"2022-12-09T13:34:21+00:00","breadcrumb":{"@id":"https:\/\/iberoid-shop.com\/fr\/product\/oldenone-undecylenate-300mg-cygnus\/#breadcrumb"},"inLanguage":"fr-FR","potentialAction":[{"@type":"ReadAction","target":[["https:\/\/iberoid-shop.com\/fr\/product\/oldenone-undecylenate-300mg-cygnus\/"]]}]},{"@type":"ImageObject","inLanguage":"fr-FR","@id":"https:\/\/iberoid-shop.com\/fr\/product\/oldenone-undecylenate-300mg-cygnus\/#primaryimage","url":"https:\/\/iberoid-shop.com\/wp-content\/uploads\/2022\/03\/Boldenone-undecylenate-300.jpg?v=1678119907","contentUrl":"https:\/\/iberoid-shop.com\/wp-content\/uploads\/2022\/03\/Boldenone-undecylenate-300.jpg?v=1678119907","width":1000,"height":698},{"@type":"BreadcrumbList","@id":"https:\/\/iberoid-shop.com\/fr\/product\/oldenone-undecylenate-300mg-cygnus\/#breadcrumb","itemListElement":[{"@type":"ListItem","position":1,"name":"Portada","item":"https:\/\/iberoid-shop.com\/fr\/"},{"@type":"ListItem","position":2,"name":"Magasin","item":"https:\/\/iberoid-shop.com\/fr\/shop\/"},{"@type":"ListItem","position":3,"name":"Boldenone Undecylenate"}]},{"@type":"WebSite","@id":"https:\/\/iberoid-shop.com\/fr\/#website","url":"https:\/\/iberoid-shop.com\/fr\/","name":"(Espa\u00f1ol) Esteroides en l\u00ednea","description":"(Espa\u00f1ol) Comprar esteroides en l\u00ednea hoy en Espa\u00f1a y Portugal. Tenemos el mejor servicio al cliente en la industria y los productos de la m\u00e1s alta calidad","potentialAction":[{"@type":"SearchAction","target":{"@type":"EntryPoint","urlTemplate":"https:\/\/iberoid-shop.com\/fr\/?s={search_term_string}"},"query-input":{"@type":"PropertyValueSpecification","valueRequired":true,"valueName":"search_term_string"}}],"inLanguage":"fr-FR"}]},"product_price_amount":"70.00","product_price_currency":"EUR","og_availability":"out of stock","product_availability":"out of stock","product_condition":"new"},"_links":{"self":[{"href":"https:\/\/iberoid-shop.com\/fr\/wp-json\/wp\/v2\/product\/7448","targetHints":{"allow":["GET"]}}],"collection":[{"href":"https:\/\/iberoid-shop.com\/fr\/wp-json\/wp\/v2\/product"}],"about":[{"href":"https:\/\/iberoid-shop.com\/fr\/wp-json\/wp\/v2\/types\/product"}],"replies":[{"embeddable":true,"href":"https:\/\/iberoid-shop.com\/fr\/wp-json\/wp\/v2\/comments?post=7448"}],"wp:featuredmedia":[{"embeddable":true,"href":"https:\/\/iberoid-shop.com\/fr\/wp-json\/wp\/v2\/media\/7449"}],"wp:attachment":[{"href":"https:\/\/iberoid-shop.com\/fr\/wp-json\/wp\/v2\/media?parent=7448"}],"wp:term":[{"taxonomy":"product_brand","embeddable":true,"href":"https:\/\/iberoid-shop.com\/fr\/wp-json\/wp\/v2\/product_brand?post=7448"},{"taxonomy":"product_cat","embeddable":true,"href":"https:\/\/iberoid-shop.com\/fr\/wp-json\/wp\/v2\/product_cat?post=7448"},{"taxonomy":"product_tag","embeddable":true,"href":"https:\/\/iberoid-shop.com\/fr\/wp-json\/wp\/v2\/product_tag?post=7448"}],"curies":[{"name":"wp","href":"https:\/\/api.w.org\/{rel}","templated":true}]}}