{"id":7420,"date":"2022-03-12T14:24:12","date_gmt":"2022-03-12T14:24:12","guid":{"rendered":"https:\/\/iberoid-shop.com\/?post_type=product&#038;p=7420"},"modified":"2022-11-23T21:07:52","modified_gmt":"2022-11-23T21:07:52","slug":"trenbolone-75-sp-laboratories-10-ampollas","status":"publish","type":"product","link":"https:\/\/iberoid-shop.com\/fr\/product\/trenbolone-75-sp-laboratories-10-ampollas\/","title":{"rendered":"SP Trenolone 75"},"content":{"rendered":"<p><strong>Indicazione:<\/strong><\/p>\n<p>L&rsquo;acetato di trenbolone \u00e8 usato per trattare l&rsquo;aumento di peso in seguito a un intervento chirurgico esteso, infezioni croniche o traumi gravi. Viene anche utilizzato per ridurre al minimo la distrofia muscolare causata dal trattamento con corticosteroidi e per ridurre il dolore osseo causato dall&rsquo;osteoporosi. Il trenbolone fa parte della classe degli steroidi anabolizzanti. Trenbolone 75 provoca meno effetti collaterali. Questo farmaco non aromatizza e si lega molto efficacemente con il recettore degli androgeni.<\/p>\n<p>Questo farmaco \u00e8 uno steroide a lunga durata d&rsquo;azione, disponibile sotto forma di iniezione. Il metabolismo delle proteine \u200b\u200b\u00e8 fortemente influenzato da questo farmaco. Il trenbolone 75 aiuta a promuovere la sintesi proteica e bilancia anche il livello di azoto nel corpo. Il metabolismo aumenta e migliora la conversione delle proteine.<\/p>\n<p><strong>Controindicazioni:<\/strong><\/p>\n<p>Trenbolone 75 non deve essere utilizzato se:<\/p>\n<p>-Sei allergico a qualsiasi ingrediente di Trenbolone<\/p>\n<p>-se \u00e8 incinta, sta pianificando di avere un bambino o sta allattando<\/p>\n<p>-hai un cancro al seno e sei maschio; cancro alla prostata noto o sospetto; o gravi problemi cardiaci, epatici o renali<\/p>\n<p><strong>Amministrazione:<\/strong><\/p>\n<p>La dose appropriata utilizzata negli uomini \u00e8 di 50-100 mg a giorni alterni. Pochissimi uomini avranno bisogno di pi\u00f9 di 100 mg a giorni alterni durante la bassa stagione. Dosi maggiori verranno utilizzate durante i cicli di taglio. Alcune persone saranno in grado di tollerare 100 mg al giorno o 200 mg a giorni alterni, ma questo aumenta anche il rischio di effetti collaterali indesiderati. La dose di 50 mg al giorno \u00e8 spesso considerata una dose bassa, ma ricorda che questo \u00e8 uno steroide estremamente potente. Questa dose \u00e8 la pi\u00f9 adatta per la maggior parte degli uomini e dovrebbe essere molto confortevole e fornire risultati fantastici. Se non funziona, potrebbe esserci qualcosa che non va nel tuo prodotto. Durante il ciclo, a giorni alterni sar\u00e0 il pi\u00f9 efficiente. Iniettandolo, ogni giorno non sar\u00e0 molto efficiente come iniettato a giorni alterni. Tuttavia, \u00e8 possibile iniettare l&rsquo;ormone solo in un ciclo standard di tre giorni alla settimana, ad esempio ogni luned\u00ec, mercoled\u00ec e venerd\u00ec.<\/p>\n<p><strong>Precauzioni:<\/strong><\/p>\n<p>Il trenbolone non deve essere usato se:<\/p>\n<p>Sei allergico a qualsiasi ingrediente di Trenbolone<\/p>\n<p>Se sei incinta, stai pianificando una gravidanza o stai allattando<\/p>\n<p>Hai un cancro al seno e sei maschio; cancro alla prostata noto o sospetto; o gravi problemi cardiaci, epatici o renali<\/p>\n<p>Contatta subito il tuo medico o fornitore di assistenza sanitaria se qualcuno di questi si applica a te.<\/p>\n<p><strong>Effetti collaterali:<\/strong><\/p>\n<p>Se somministrato in una dose normale, il trenbolone 75 non pu\u00f2 causare effetti collaterali. Contatti il \u200b\u200bmedico se uno qualsiasi di questi effetti collaterali persiste o diventa fastidioso: Acne; sapore amaro o strano in bocca; cambiamento nel desiderio sessuale; fatica; irritazione alle gengive o alla bocca; dolore alle gengive; tenerezza o gonfiore delle gengive; la perdita di capelli; male alla testa.<\/p>\n<p>Rivolgiti immediatamente al medico se si verifica uno di questi gravi effetti collaterali:<\/p>\n<p>Gravi reazioni allergiche (rash, orticaria, prurito, difficolt\u00e0 respiratorie, senso di costrizione al petto, gonfiore della bocca, del viso, delle labbra o della lingua); crescita o dolore del seno; cambiamento nella dimensione o nella forma dei testicoli; urine scure o movimenti intestinali chiari; depressione o cambiamenti di umore; vertigini; gengivite; respirazione interrotta durante il sonno; perdita di appetito; nausea; erezione dolorosa o prolungata; mal di stomaco; gonfiore delle caviglie o delle gambe; problemi di minzione; aumento di peso; ingiallimento della pelle o degli occhi.<\/p>\n<p><strong>Sovradosaggio:<\/strong><\/p>\n<p>Vai immediatamente al centro medico locale o al pronto soccorso. I sintomi possono includere confusione; debolezza unilaterale; problemi di vista.<\/p>","protected":false},"excerpt":{"rendered":"<p>Indicazione: L&rsquo;acetato di trenbolone \u00e8 usato per trattare l&rsquo;aumento di peso in seguito a un intervento chirurgico esteso, infezioni croniche<\/p>\n","protected":false},"featured_media":7421,"comment_status":"open","ping_status":"closed","template":"","meta":[],"product_brand":[],"product_cat":[69],"product_tag":[],"class_list":{"0":"post-7420","1":"product","2":"type-product","3":"status-publish","4":"has-post-thumbnail","6":"product_cat-esteroides_inyectables","8":"first","9":"outofstock","10":"sale","11":"shipping-taxable","12":"purchasable","13":"product-type-simple"},"yoast_head":"<!-- This site is optimized with the Yoast SEO Premium plugin v24.4 (Yoast SEO v27.3) - https:\/\/yoast.com\/product\/yoast-seo-premium-wordpress\/ -->\n<title>SP Trenolone 75 - (Espa\u00f1ol) Esteroides en l\u00ednea<\/title>\n<meta name=\"robots\" content=\"index, follow, max-snippet:-1, max-image-preview:large, max-video-preview:-1\" \/>\n<link rel=\"canonical\" href=\"https:\/\/iberoid-shop.com\/fr\/product\/trenbolone-75-sp-laboratories-10-ampollas\/\" \/>\n<meta property=\"og:locale\" content=\"fr_FR\" \/>\n<meta property=\"og:type\" content=\"article\" \/>\n<meta property=\"og:title\" content=\"SP Trenolone 75\" \/>\n<meta property=\"og:description\" content=\"Indicazione: L&rsquo;acetato di trenbolone \u00e8 usato per trattare l&rsquo;aumento di peso in seguito a un intervento chirurgico esteso, infezioni croniche\" \/>\n<meta property=\"og:url\" content=\"https:\/\/iberoid-shop.com\/fr\/product\/trenbolone-75-sp-laboratories-10-ampollas\/\" \/>\n<meta property=\"og:site_name\" content=\"(Espa\u00f1ol) Esteroides en l\u00ednea\" \/>\n<meta property=\"article:modified_time\" content=\"2022-11-23T21:07:52+00:00\" \/>\n<meta property=\"og:image\" content=\"https:\/\/iberoid-shop.com\/wp-content\/uploads\/2022\/03\/trb.jpg?v=1678119910\" \/>\n\t<meta property=\"og:image:width\" content=\"388\" \/>\n\t<meta property=\"og:image:height\" content=\"388\" \/>\n\t<meta property=\"og:image:type\" content=\"image\/jpeg\" \/>\n<meta name=\"twitter:card\" content=\"summary_large_image\" \/>\n<meta name=\"twitter:label1\" content=\"Prix\" \/>\n\t<meta name=\"twitter:data1\" content=\"&euro;60.00\" \/>\n\t<meta name=\"twitter:label2\" content=\"Disponibilit\u00e9\" \/>\n\t<meta name=\"twitter:data2\" content=\"Rupture de stock\" \/>\n<script type=\"application\/ld+json\" class=\"yoast-schema-graph\">{\"@context\":\"https:\\\/\\\/schema.org\",\"@graph\":[{\"@type\":\"WebPage\",\"@id\":\"https:\\\/\\\/iberoid-shop.com\\\/fr\\\/product\\\/trenbolone-75-sp-laboratories-10-ampollas\\\/\",\"url\":\"https:\\\/\\\/iberoid-shop.com\\\/fr\\\/product\\\/trenbolone-75-sp-laboratories-10-ampollas\\\/\",\"name\":\"SP Trenolone 75 - (Espa\u00f1ol) Esteroides en l\u00ednea\",\"isPartOf\":{\"@id\":\"https:\\\/\\\/iberoid-shop.com\\\/fr\\\/#website\"},\"primaryImageOfPage\":{\"@id\":\"https:\\\/\\\/iberoid-shop.com\\\/fr\\\/product\\\/trenbolone-75-sp-laboratories-10-ampollas\\\/#primaryimage\"},\"image\":{\"@id\":\"https:\\\/\\\/iberoid-shop.com\\\/fr\\\/product\\\/trenbolone-75-sp-laboratories-10-ampollas\\\/#primaryimage\"},\"thumbnailUrl\":\"https:\\\/\\\/iberoid-shop.com\\\/wp-content\\\/uploads\\\/2022\\\/03\\\/trb.jpg?v=1678119910\",\"datePublished\":\"2022-03-12T14:24:12+00:00\",\"dateModified\":\"2022-11-23T21:07:52+00:00\",\"breadcrumb\":{\"@id\":\"https:\\\/\\\/iberoid-shop.com\\\/fr\\\/product\\\/trenbolone-75-sp-laboratories-10-ampollas\\\/#breadcrumb\"},\"inLanguage\":\"fr-FR\",\"potentialAction\":[{\"@type\":\"ReadAction\",\"target\":[[\"https:\\\/\\\/iberoid-shop.com\\\/fr\\\/product\\\/trenbolone-75-sp-laboratories-10-ampollas\\\/\"]]}]},{\"@type\":\"ImageObject\",\"inLanguage\":\"fr-FR\",\"@id\":\"https:\\\/\\\/iberoid-shop.com\\\/fr\\\/product\\\/trenbolone-75-sp-laboratories-10-ampollas\\\/#primaryimage\",\"url\":\"https:\\\/\\\/iberoid-shop.com\\\/wp-content\\\/uploads\\\/2022\\\/03\\\/trb.jpg?v=1678119910\",\"contentUrl\":\"https:\\\/\\\/iberoid-shop.com\\\/wp-content\\\/uploads\\\/2022\\\/03\\\/trb.jpg?v=1678119910\",\"width\":388,\"height\":388},{\"@type\":\"BreadcrumbList\",\"@id\":\"https:\\\/\\\/iberoid-shop.com\\\/fr\\\/product\\\/trenbolone-75-sp-laboratories-10-ampollas\\\/#breadcrumb\",\"itemListElement\":[{\"@type\":\"ListItem\",\"position\":1,\"name\":\"Portada\",\"item\":\"https:\\\/\\\/iberoid-shop.com\\\/fr\\\/\"},{\"@type\":\"ListItem\",\"position\":2,\"name\":\"Magasin\",\"item\":\"https:\\\/\\\/iberoid-shop.com\\\/fr\\\/shop\\\/\"},{\"@type\":\"ListItem\",\"position\":3,\"name\":\"SP Trenolone 75\"}]},{\"@type\":\"WebSite\",\"@id\":\"https:\\\/\\\/iberoid-shop.com\\\/fr\\\/#website\",\"url\":\"https:\\\/\\\/iberoid-shop.com\\\/fr\\\/\",\"name\":\"(Espa\u00f1ol) Esteroides en l\u00ednea\",\"description\":\"(Espa\u00f1ol) Comprar esteroides en l\u00ednea hoy en Espa\u00f1a y Portugal. Tenemos el mejor servicio al cliente en la industria y los productos de la m\u00e1s alta calidad\",\"potentialAction\":[{\"@type\":\"SearchAction\",\"target\":{\"@type\":\"EntryPoint\",\"urlTemplate\":\"https:\\\/\\\/iberoid-shop.com\\\/fr\\\/?s={search_term_string}\"},\"query-input\":{\"@type\":\"PropertyValueSpecification\",\"valueRequired\":true,\"valueName\":\"search_term_string\"}}],\"inLanguage\":\"fr-FR\"}]}<\/script>\n<meta property=\"product:brand\" content=\"SP Laboratories\" \/>\n<meta property=\"product:price:amount\" content=\"60.00\" \/>\n<meta property=\"product:price:currency\" content=\"EUR\" \/>\n<meta property=\"og:availability\" content=\"out of stock\" \/>\n<meta property=\"product:availability\" content=\"out of stock\" \/>\n<meta property=\"product:condition\" content=\"new\" \/>\n<!-- \/ Yoast SEO Premium plugin. -->","yoast_head_json":{"title":"SP Trenolone 75 - (Espa\u00f1ol) Esteroides en l\u00ednea","robots":{"index":"index","follow":"follow","max-snippet":"max-snippet:-1","max-image-preview":"max-image-preview:large","max-video-preview":"max-video-preview:-1"},"canonical":"https:\/\/iberoid-shop.com\/fr\/product\/trenbolone-75-sp-laboratories-10-ampollas\/","og_locale":"fr_FR","og_type":"article","og_title":"SP Trenolone 75","og_description":"Indicazione: L&rsquo;acetato di trenbolone \u00e8 usato per trattare l&rsquo;aumento di peso in seguito a un intervento chirurgico esteso, infezioni croniche","og_url":"https:\/\/iberoid-shop.com\/fr\/product\/trenbolone-75-sp-laboratories-10-ampollas\/","og_site_name":"(Espa\u00f1ol) Esteroides en l\u00ednea","article_modified_time":"2022-11-23T21:07:52+00:00","og_image":[{"width":388,"height":388,"url":"https:\/\/iberoid-shop.com\/wp-content\/uploads\/2022\/03\/trb.jpg?v=1678119910","type":"image\/jpeg"}],"twitter_card":"summary_large_image","twitter_misc":{"Prix":"&euro;60.00","Disponibilit\u00e9":"Rupture de stock"},"schema":{"@context":"https:\/\/schema.org","@graph":[{"@type":"WebPage","@id":"https:\/\/iberoid-shop.com\/fr\/product\/trenbolone-75-sp-laboratories-10-ampollas\/","url":"https:\/\/iberoid-shop.com\/fr\/product\/trenbolone-75-sp-laboratories-10-ampollas\/","name":"SP Trenolone 75 - (Espa\u00f1ol) Esteroides en l\u00ednea","isPartOf":{"@id":"https:\/\/iberoid-shop.com\/fr\/#website"},"primaryImageOfPage":{"@id":"https:\/\/iberoid-shop.com\/fr\/product\/trenbolone-75-sp-laboratories-10-ampollas\/#primaryimage"},"image":{"@id":"https:\/\/iberoid-shop.com\/fr\/product\/trenbolone-75-sp-laboratories-10-ampollas\/#primaryimage"},"thumbnailUrl":"https:\/\/iberoid-shop.com\/wp-content\/uploads\/2022\/03\/trb.jpg?v=1678119910","datePublished":"2022-03-12T14:24:12+00:00","dateModified":"2022-11-23T21:07:52+00:00","breadcrumb":{"@id":"https:\/\/iberoid-shop.com\/fr\/product\/trenbolone-75-sp-laboratories-10-ampollas\/#breadcrumb"},"inLanguage":"fr-FR","potentialAction":[{"@type":"ReadAction","target":[["https:\/\/iberoid-shop.com\/fr\/product\/trenbolone-75-sp-laboratories-10-ampollas\/"]]}]},{"@type":"ImageObject","inLanguage":"fr-FR","@id":"https:\/\/iberoid-shop.com\/fr\/product\/trenbolone-75-sp-laboratories-10-ampollas\/#primaryimage","url":"https:\/\/iberoid-shop.com\/wp-content\/uploads\/2022\/03\/trb.jpg?v=1678119910","contentUrl":"https:\/\/iberoid-shop.com\/wp-content\/uploads\/2022\/03\/trb.jpg?v=1678119910","width":388,"height":388},{"@type":"BreadcrumbList","@id":"https:\/\/iberoid-shop.com\/fr\/product\/trenbolone-75-sp-laboratories-10-ampollas\/#breadcrumb","itemListElement":[{"@type":"ListItem","position":1,"name":"Portada","item":"https:\/\/iberoid-shop.com\/fr\/"},{"@type":"ListItem","position":2,"name":"Magasin","item":"https:\/\/iberoid-shop.com\/fr\/shop\/"},{"@type":"ListItem","position":3,"name":"SP Trenolone 75"}]},{"@type":"WebSite","@id":"https:\/\/iberoid-shop.com\/fr\/#website","url":"https:\/\/iberoid-shop.com\/fr\/","name":"(Espa\u00f1ol) Esteroides en l\u00ednea","description":"(Espa\u00f1ol) Comprar esteroides en l\u00ednea hoy en Espa\u00f1a y Portugal. Tenemos el mejor servicio al cliente en la industria y los productos de la m\u00e1s alta calidad","potentialAction":[{"@type":"SearchAction","target":{"@type":"EntryPoint","urlTemplate":"https:\/\/iberoid-shop.com\/fr\/?s={search_term_string}"},"query-input":{"@type":"PropertyValueSpecification","valueRequired":true,"valueName":"search_term_string"}}],"inLanguage":"fr-FR"}]},"product_brand":"SP Laboratories","product_price_amount":"60.00","product_price_currency":"EUR","og_availability":"out of stock","product_availability":"out of stock","product_condition":"new"},"_links":{"self":[{"href":"https:\/\/iberoid-shop.com\/fr\/wp-json\/wp\/v2\/product\/7420","targetHints":{"allow":["GET"]}}],"collection":[{"href":"https:\/\/iberoid-shop.com\/fr\/wp-json\/wp\/v2\/product"}],"about":[{"href":"https:\/\/iberoid-shop.com\/fr\/wp-json\/wp\/v2\/types\/product"}],"replies":[{"embeddable":true,"href":"https:\/\/iberoid-shop.com\/fr\/wp-json\/wp\/v2\/comments?post=7420"}],"wp:featuredmedia":[{"embeddable":true,"href":"https:\/\/iberoid-shop.com\/fr\/wp-json\/wp\/v2\/media\/7421"}],"wp:attachment":[{"href":"https:\/\/iberoid-shop.com\/fr\/wp-json\/wp\/v2\/media?parent=7420"}],"wp:term":[{"taxonomy":"product_brand","embeddable":true,"href":"https:\/\/iberoid-shop.com\/fr\/wp-json\/wp\/v2\/product_brand?post=7420"},{"taxonomy":"product_cat","embeddable":true,"href":"https:\/\/iberoid-shop.com\/fr\/wp-json\/wp\/v2\/product_cat?post=7420"},{"taxonomy":"product_tag","embeddable":true,"href":"https:\/\/iberoid-shop.com\/fr\/wp-json\/wp\/v2\/product_tag?post=7420"}],"curies":[{"name":"wp","href":"https:\/\/api.w.org\/{rel}","templated":true}]}}