{"id":7379,"date":"2022-03-04T20:12:04","date_gmt":"2022-03-04T20:12:04","guid":{"rendered":"https:\/\/iberoid-shop.com\/?post_type=product&#038;p=7379"},"modified":"2022-05-27T13:39:00","modified_gmt":"2022-05-27T13:39:00","slug":"strombaject-10ml-balkan-pharmaceuticals","status":"publish","type":"product","link":"https:\/\/iberoid-shop.com\/fr\/product\/strombaject-10ml-balkan-pharmaceuticals\/","title":{"rendered":"Strombaject Aqua"},"content":{"rendered":"<p><strong>Strombaject<\/strong> est un puissant m\u00e9dicament androg\u00e8ne-anabolisant \u00e0 courte dur\u00e9e d&rsquo;action. Efficace pour un cycle de s\u00e9chage, gr\u00e2ce auquel Winstrol est recommand\u00e9 d&rsquo;acheter par les athl\u00e8tes de musculation les plus exp\u00e9riment\u00e9s.<\/p>\n<p><strong>Caract\u00e9ristiques du m\u00e9dicament<\/strong><\/p>\n<p>La soci\u00e9t\u00e9 pharmaceutique sportive Balkan de Moldavie est l&rsquo;un des meilleurs fabricants de st\u00e9ro\u00efdes. Strombaject aqua est une pr\u00e9paration rapide et puissante avec une activit\u00e9 anabolique \u00e9lev\u00e9e et une faible activit\u00e9 androg\u00e8ne. Disponible en flacon de 10 ml. 1 ml contient 50 mg de substance active. Il s&rsquo;agit d&rsquo;une suspension aqueuse pour injection intramusculaire.<\/p>\n<p><strong>Stockage \u00e0 domicile<\/strong><\/p>\n<p>Il est pr\u00e9f\u00e9rable de conserver le st\u00e9ro\u00efde au r\u00e9frig\u00e9rateur \u00e0 2-8 \u00b0C degr\u00e9s. Avant injection, la solution est ramen\u00e9e \u00e0 temp\u00e9rature ambiante. Ne pas congeler. Si le stockage n&rsquo;a pas lieu au r\u00e9frig\u00e9rateur, il est n\u00e9cessaire dans un endroit sombre et sec \u00e0 une temp\u00e9rature ne d\u00e9passant pas 25 \u00b0C degr\u00e9s.<\/p>\n<p><strong>Effet pharmacologique<\/strong><\/p>\n<p>Anabolisant a une courte demi-vie. Pour maintenir une concentration \u00e9lev\u00e9e \u00e0 un niveau constant, il est n\u00e9cessaire d&rsquo;injecter un st\u00e9ro\u00efde tous les jours.<\/p>\n<p><strong>Strombaject aqua<\/strong> n&rsquo;a aucun effet sur l&rsquo;augmentation de la croissance des fibres musculaires. L&rsquo;action du m\u00e9dicament vise \u00e0 br\u00fbler l&rsquo;exc\u00e8s de poids, la manifestation du trac\u00e9 des muscles, tout pour un s\u00e9chage de haute qualit\u00e9.<\/p>\n<p><strong>Effet de la demande<\/strong><br \/>\nLe soulagement;<br \/>\nS\u00e9cher le corps;<br \/>\n\u00c9limination de l&rsquo;exc\u00e8s de liquide\u00a0;<br \/>\nAugmentation de l&rsquo;app\u00e9tit;<br \/>\nAugmentation de la force physique et de l&rsquo;endurance.<\/p>\n<p><strong>Effets secondaires<\/strong><\/p>\n<p>Le st\u00e9ro\u00efde n&rsquo;aromatise pas, c&rsquo;est-\u00e0-dire qu&rsquo;il ne subit pas de conversion en \u0153strog\u00e8ne. Mais il peut montrer des effets secondaires androg\u00e8nes et autres :<\/p>\n<p>Hypertension art\u00e9rielle;<br \/>\nTaux de cholest\u00e9rol \u00e9lev\u00e9;<br \/>\nDouleur des injections;<br \/>\nDouleur articulaire;<br \/>\nCalvitie;<br \/>\nAcn\u00e9;<br \/>\nSuppression de la s\u00e9cr\u00e9tion de testost\u00e9rone.<\/p>\n<p><strong>Application<\/strong><\/p>\n<p>Donnez une injection de Winstrol 30-50 mg par jour. Le cours dure 4 \u00e0 6 semaines.<\/p>","protected":false},"excerpt":{"rendered":"<p>Strombaject est un puissant m\u00e9dicament androg\u00e8ne-anabolisant \u00e0 courte dur\u00e9e d&rsquo;action. Efficace pour un cycle de s\u00e9chage, gr\u00e2ce auquel Winstrol est<\/p>\n","protected":false},"featured_media":7380,"comment_status":"open","ping_status":"closed","template":"","meta":[],"product_brand":[],"product_cat":[69],"product_tag":[],"class_list":{"0":"post-7379","1":"product","2":"type-product","3":"status-publish","4":"has-post-thumbnail","6":"product_cat-esteroides_inyectables","8":"first","9":"outofstock","10":"sale","11":"shipping-taxable","12":"purchasable","13":"product-type-simple"},"yoast_head":"<!-- This site is optimized with the Yoast SEO Premium plugin v24.4 (Yoast SEO v27.3) - https:\/\/yoast.com\/product\/yoast-seo-premium-wordpress\/ -->\n<title>Strombaject Aqua - (Espa\u00f1ol) Esteroides en l\u00ednea<\/title>\n<meta name=\"robots\" content=\"index, follow, max-snippet:-1, max-image-preview:large, max-video-preview:-1\" \/>\n<link rel=\"canonical\" href=\"https:\/\/iberoid-shop.com\/fr\/product\/strombaject-10ml-balkan-pharmaceuticals\/\" \/>\n<meta property=\"og:locale\" content=\"fr_FR\" \/>\n<meta property=\"og:type\" content=\"article\" \/>\n<meta property=\"og:title\" content=\"Strombaject Aqua\" \/>\n<meta property=\"og:description\" content=\"Strombaject est un puissant m\u00e9dicament androg\u00e8ne-anabolisant \u00e0 courte dur\u00e9e d&rsquo;action. Efficace pour un cycle de s\u00e9chage, gr\u00e2ce auquel Winstrol est\" \/>\n<meta property=\"og:url\" content=\"https:\/\/iberoid-shop.com\/fr\/product\/strombaject-10ml-balkan-pharmaceuticals\/\" \/>\n<meta property=\"og:site_name\" content=\"(Espa\u00f1ol) Esteroides en l\u00ednea\" \/>\n<meta property=\"article:modified_time\" content=\"2022-05-27T13:39:00+00:00\" \/>\n<meta property=\"og:image\" content=\"https:\/\/iberoid-shop.com\/wp-content\/uploads\/2022\/03\/STRMB.jpg?v=1678119914\" \/>\n\t<meta property=\"og:image:width\" content=\"768\" \/>\n\t<meta property=\"og:image:height\" content=\"768\" \/>\n\t<meta property=\"og:image:type\" content=\"image\/jpeg\" \/>\n<meta name=\"twitter:card\" content=\"summary_large_image\" \/>\n<meta name=\"twitter:label1\" content=\"Prix\" \/>\n\t<meta name=\"twitter:data1\" content=\"&euro;50.00\" \/>\n\t<meta name=\"twitter:label2\" content=\"Disponibilit\u00e9\" \/>\n\t<meta name=\"twitter:data2\" content=\"Rupture de stock\" \/>\n<script type=\"application\/ld+json\" class=\"yoast-schema-graph\">{\"@context\":\"https:\\\/\\\/schema.org\",\"@graph\":[{\"@type\":\"WebPage\",\"@id\":\"https:\\\/\\\/iberoid-shop.com\\\/fr\\\/product\\\/strombaject-10ml-balkan-pharmaceuticals\\\/\",\"url\":\"https:\\\/\\\/iberoid-shop.com\\\/fr\\\/product\\\/strombaject-10ml-balkan-pharmaceuticals\\\/\",\"name\":\"Strombaject Aqua - (Espa\u00f1ol) Esteroides en l\u00ednea\",\"isPartOf\":{\"@id\":\"https:\\\/\\\/iberoid-shop.com\\\/fr\\\/#website\"},\"primaryImageOfPage\":{\"@id\":\"https:\\\/\\\/iberoid-shop.com\\\/fr\\\/product\\\/strombaject-10ml-balkan-pharmaceuticals\\\/#primaryimage\"},\"image\":{\"@id\":\"https:\\\/\\\/iberoid-shop.com\\\/fr\\\/product\\\/strombaject-10ml-balkan-pharmaceuticals\\\/#primaryimage\"},\"thumbnailUrl\":\"https:\\\/\\\/iberoid-shop.com\\\/wp-content\\\/uploads\\\/2022\\\/03\\\/STRMB.jpg?v=1678119914\",\"datePublished\":\"2022-03-04T20:12:04+00:00\",\"dateModified\":\"2022-05-27T13:39:00+00:00\",\"breadcrumb\":{\"@id\":\"https:\\\/\\\/iberoid-shop.com\\\/fr\\\/product\\\/strombaject-10ml-balkan-pharmaceuticals\\\/#breadcrumb\"},\"inLanguage\":\"fr-FR\",\"potentialAction\":[{\"@type\":\"ReadAction\",\"target\":[[\"https:\\\/\\\/iberoid-shop.com\\\/fr\\\/product\\\/strombaject-10ml-balkan-pharmaceuticals\\\/\"]]}]},{\"@type\":\"ImageObject\",\"inLanguage\":\"fr-FR\",\"@id\":\"https:\\\/\\\/iberoid-shop.com\\\/fr\\\/product\\\/strombaject-10ml-balkan-pharmaceuticals\\\/#primaryimage\",\"url\":\"https:\\\/\\\/iberoid-shop.com\\\/wp-content\\\/uploads\\\/2022\\\/03\\\/STRMB.jpg?v=1678119914\",\"contentUrl\":\"https:\\\/\\\/iberoid-shop.com\\\/wp-content\\\/uploads\\\/2022\\\/03\\\/STRMB.jpg?v=1678119914\",\"width\":768,\"height\":768},{\"@type\":\"BreadcrumbList\",\"@id\":\"https:\\\/\\\/iberoid-shop.com\\\/fr\\\/product\\\/strombaject-10ml-balkan-pharmaceuticals\\\/#breadcrumb\",\"itemListElement\":[{\"@type\":\"ListItem\",\"position\":1,\"name\":\"Portada\",\"item\":\"https:\\\/\\\/iberoid-shop.com\\\/fr\\\/\"},{\"@type\":\"ListItem\",\"position\":2,\"name\":\"Magasin\",\"item\":\"https:\\\/\\\/iberoid-shop.com\\\/fr\\\/shop\\\/\"},{\"@type\":\"ListItem\",\"position\":3,\"name\":\"Strombaject Aqua\"}]},{\"@type\":\"WebSite\",\"@id\":\"https:\\\/\\\/iberoid-shop.com\\\/fr\\\/#website\",\"url\":\"https:\\\/\\\/iberoid-shop.com\\\/fr\\\/\",\"name\":\"(Espa\u00f1ol) Esteroides en l\u00ednea\",\"description\":\"(Espa\u00f1ol) Comprar esteroides en l\u00ednea hoy en Espa\u00f1a y Portugal. Tenemos el mejor servicio al cliente en la industria y los productos de la m\u00e1s alta calidad\",\"potentialAction\":[{\"@type\":\"SearchAction\",\"target\":{\"@type\":\"EntryPoint\",\"urlTemplate\":\"https:\\\/\\\/iberoid-shop.com\\\/fr\\\/?s={search_term_string}\"},\"query-input\":{\"@type\":\"PropertyValueSpecification\",\"valueRequired\":true,\"valueName\":\"search_term_string\"}}],\"inLanguage\":\"fr-FR\"}]}<\/script>\n<meta property=\"product:brand\" content=\"Balkan Pharmaceuticals\" \/>\n<meta property=\"product:price:amount\" content=\"50.00\" \/>\n<meta property=\"product:price:currency\" content=\"EUR\" \/>\n<meta property=\"og:availability\" content=\"out of stock\" \/>\n<meta property=\"product:availability\" content=\"out of stock\" \/>\n<meta property=\"product:condition\" content=\"new\" \/>\n<!-- \/ Yoast SEO Premium plugin. -->","yoast_head_json":{"title":"Strombaject Aqua - (Espa\u00f1ol) Esteroides en l\u00ednea","robots":{"index":"index","follow":"follow","max-snippet":"max-snippet:-1","max-image-preview":"max-image-preview:large","max-video-preview":"max-video-preview:-1"},"canonical":"https:\/\/iberoid-shop.com\/fr\/product\/strombaject-10ml-balkan-pharmaceuticals\/","og_locale":"fr_FR","og_type":"article","og_title":"Strombaject Aqua","og_description":"Strombaject est un puissant m\u00e9dicament androg\u00e8ne-anabolisant \u00e0 courte dur\u00e9e d&rsquo;action. Efficace pour un cycle de s\u00e9chage, gr\u00e2ce auquel Winstrol est","og_url":"https:\/\/iberoid-shop.com\/fr\/product\/strombaject-10ml-balkan-pharmaceuticals\/","og_site_name":"(Espa\u00f1ol) Esteroides en l\u00ednea","article_modified_time":"2022-05-27T13:39:00+00:00","og_image":[{"width":768,"height":768,"url":"https:\/\/iberoid-shop.com\/wp-content\/uploads\/2022\/03\/STRMB.jpg?v=1678119914","type":"image\/jpeg"}],"twitter_card":"summary_large_image","twitter_misc":{"Prix":"&euro;50.00","Disponibilit\u00e9":"Rupture de stock"},"schema":{"@context":"https:\/\/schema.org","@graph":[{"@type":"WebPage","@id":"https:\/\/iberoid-shop.com\/fr\/product\/strombaject-10ml-balkan-pharmaceuticals\/","url":"https:\/\/iberoid-shop.com\/fr\/product\/strombaject-10ml-balkan-pharmaceuticals\/","name":"Strombaject Aqua - (Espa\u00f1ol) Esteroides en l\u00ednea","isPartOf":{"@id":"https:\/\/iberoid-shop.com\/fr\/#website"},"primaryImageOfPage":{"@id":"https:\/\/iberoid-shop.com\/fr\/product\/strombaject-10ml-balkan-pharmaceuticals\/#primaryimage"},"image":{"@id":"https:\/\/iberoid-shop.com\/fr\/product\/strombaject-10ml-balkan-pharmaceuticals\/#primaryimage"},"thumbnailUrl":"https:\/\/iberoid-shop.com\/wp-content\/uploads\/2022\/03\/STRMB.jpg?v=1678119914","datePublished":"2022-03-04T20:12:04+00:00","dateModified":"2022-05-27T13:39:00+00:00","breadcrumb":{"@id":"https:\/\/iberoid-shop.com\/fr\/product\/strombaject-10ml-balkan-pharmaceuticals\/#breadcrumb"},"inLanguage":"fr-FR","potentialAction":[{"@type":"ReadAction","target":[["https:\/\/iberoid-shop.com\/fr\/product\/strombaject-10ml-balkan-pharmaceuticals\/"]]}]},{"@type":"ImageObject","inLanguage":"fr-FR","@id":"https:\/\/iberoid-shop.com\/fr\/product\/strombaject-10ml-balkan-pharmaceuticals\/#primaryimage","url":"https:\/\/iberoid-shop.com\/wp-content\/uploads\/2022\/03\/STRMB.jpg?v=1678119914","contentUrl":"https:\/\/iberoid-shop.com\/wp-content\/uploads\/2022\/03\/STRMB.jpg?v=1678119914","width":768,"height":768},{"@type":"BreadcrumbList","@id":"https:\/\/iberoid-shop.com\/fr\/product\/strombaject-10ml-balkan-pharmaceuticals\/#breadcrumb","itemListElement":[{"@type":"ListItem","position":1,"name":"Portada","item":"https:\/\/iberoid-shop.com\/fr\/"},{"@type":"ListItem","position":2,"name":"Magasin","item":"https:\/\/iberoid-shop.com\/fr\/shop\/"},{"@type":"ListItem","position":3,"name":"Strombaject Aqua"}]},{"@type":"WebSite","@id":"https:\/\/iberoid-shop.com\/fr\/#website","url":"https:\/\/iberoid-shop.com\/fr\/","name":"(Espa\u00f1ol) Esteroides en l\u00ednea","description":"(Espa\u00f1ol) Comprar esteroides en l\u00ednea hoy en Espa\u00f1a y Portugal. Tenemos el mejor servicio al cliente en la industria y los productos de la m\u00e1s alta calidad","potentialAction":[{"@type":"SearchAction","target":{"@type":"EntryPoint","urlTemplate":"https:\/\/iberoid-shop.com\/fr\/?s={search_term_string}"},"query-input":{"@type":"PropertyValueSpecification","valueRequired":true,"valueName":"search_term_string"}}],"inLanguage":"fr-FR"}]},"product_brand":"Balkan Pharmaceuticals","product_price_amount":"50.00","product_price_currency":"EUR","og_availability":"out of stock","product_availability":"out of stock","product_condition":"new"},"_links":{"self":[{"href":"https:\/\/iberoid-shop.com\/fr\/wp-json\/wp\/v2\/product\/7379","targetHints":{"allow":["GET"]}}],"collection":[{"href":"https:\/\/iberoid-shop.com\/fr\/wp-json\/wp\/v2\/product"}],"about":[{"href":"https:\/\/iberoid-shop.com\/fr\/wp-json\/wp\/v2\/types\/product"}],"replies":[{"embeddable":true,"href":"https:\/\/iberoid-shop.com\/fr\/wp-json\/wp\/v2\/comments?post=7379"}],"wp:featuredmedia":[{"embeddable":true,"href":"https:\/\/iberoid-shop.com\/fr\/wp-json\/wp\/v2\/media\/7380"}],"wp:attachment":[{"href":"https:\/\/iberoid-shop.com\/fr\/wp-json\/wp\/v2\/media?parent=7379"}],"wp:term":[{"taxonomy":"product_brand","embeddable":true,"href":"https:\/\/iberoid-shop.com\/fr\/wp-json\/wp\/v2\/product_brand?post=7379"},{"taxonomy":"product_cat","embeddable":true,"href":"https:\/\/iberoid-shop.com\/fr\/wp-json\/wp\/v2\/product_cat?post=7379"},{"taxonomy":"product_tag","embeddable":true,"href":"https:\/\/iberoid-shop.com\/fr\/wp-json\/wp\/v2\/product_tag?post=7379"}],"curies":[{"name":"wp","href":"https:\/\/api.w.org\/{rel}","templated":true}]}}