{"id":7352,"date":"2022-02-26T15:30:06","date_gmt":"2022-02-26T15:30:06","guid":{"rendered":"https:\/\/iberoid-shop.com\/?post_type=product&#038;p=7352"},"modified":"2024-12-05T21:37:30","modified_gmt":"2024-12-05T21:37:30","slug":"pack3-norditropin-nordiflex-45iu-15-mg-pen","status":"publish","type":"product","link":"https:\/\/iberoid-shop.com\/fr\/product\/pack3-norditropin-nordiflex-45iu-15-mg-pen\/","title":{"rendered":"PACK3-NORDITROPIN 45IU(15MG)"},"content":{"rendered":"<p><strong>NORDITROPIN 45IU(15MG) HGH STYLO NORDIFLEX<\/strong><\/p>\n<p>La norditropine est une forme d&rsquo;hormone de croissance humaine. HGH est important pour la croissance des os et des muscles, et est utilis\u00e9 pour traiter le retard de croissance chez les enfants et les adultes d\u00e9pourvus de HGH naturel, et chez ceux souffrant d&rsquo;insuffisance r\u00e9nale chronique, de syndrome de Noonan, de syndrome de Turner, de syndrome de Prader-Willi, de petite taille \u00e0 la naissance avec pas de croissance de rattrapage, et d&rsquo;autres causes. La somatropine est \u00e9galement utilis\u00e9e pour pr\u00e9venir une perte de poids s\u00e9v\u00e8re chez les personnes atteintes du SIDA ou pour traiter le syndrome de l&rsquo;intestin court.<\/p>\n<p><strong>Posologie de Norditropine\u00a0;<\/strong><\/p>\n<p>Le dosage de HGH pour les adultes d\u00e9pend des objectifs qui seront utilis\u00e9s. Pour la combustion des graisses, la posologie doit \u00eatre de 2 \u00e0 3 UI par jour, pour la construction musculaire et la combustion des graisses de 4 \u00e0 10 UI par jour. Pour un b\u00e9n\u00e9fice maximal, HGH peut \u00eatre combin\u00e9 avec de la testost\u00e9rone.<\/p>\n<p><strong>Avantages de la Norditropine\u00a0;<\/strong><\/p>\n<ul>\n<li>\nNorditropin aide \u00e0 augmenter le processus de r\u00e9g\u00e9n\u00e9ration cellulaire dans le corps. Les nouvelles cellules sont les \u00e9l\u00e9ments constitutifs de la vie et, dans ce cas, elles sont n\u00e9cessaires pour aider.<\/li>\n<li>Maintenir l&rsquo;int\u00e9grit\u00e9 des syst\u00e8mes musculaires et squelettiques du corps.<\/li>\n<li>Norditropin aide \u00e9galement \u00e0 renforcer le syst\u00e8me immunitaire, rendant le corps moins sensible aux rhumes et aux virus.<\/li>\n<li>Les performances sexuelles, une endurance accrue et des niveaux d&rsquo;\u00e9nergie plus \u00e9lev\u00e9s sont des avantages suppl\u00e9mentaires de Norditropin pour les adultes.<\/li>\n<li>Un risque accru de d\u00e9mence et de maladie d&rsquo;Alzheimer est possible en cas de d\u00e9clin de l&rsquo;hormone de croissance humaine.<\/li>\n<li>La plupart des gens signalent des changements positifs d&rsquo;humeur et de perspectives dans les trois semaines suivant le d\u00e9but de leurs injections de Norditropin.<\/li>\n<li>Favorise la croissance musculaire<\/li>\n<li>Action anti-catabolique &#8211; inhibe la d\u00e9gradation musculaire<\/li>\n<li>R\u00e9duit la graisse corporelle<\/li>\n<li>R\u00e9gule la consommation d&rsquo;\u00e9nergie<\/li>\n<li>Acc\u00e9l\u00e8re la cicatrisation des plaies<\/li>\n<\/ul>\n<p><\/p>","protected":false},"excerpt":{"rendered":"<p>NORDITROPIN 45IU(15MG) HGH STYLO NORDIFLEX La norditropine est une forme d&rsquo;hormone de croissance humaine. HGH est important pour la croissance<\/p>\n","protected":false},"featured_media":7353,"comment_status":"open","ping_status":"closed","template":"","meta":[],"product_brand":[],"product_cat":[76,3474],"product_tag":[],"class_list":{"0":"post-7352","1":"product","2":"type-product","3":"status-publish","4":"has-post-thumbnail","6":"product_cat-hgh_peptido","7":"product_cat-packs","9":"first","10":"outofstock","11":"sale","12":"shipping-taxable","13":"purchasable","14":"product-type-simple"},"yoast_head":"<!-- This site is optimized with the Yoast SEO Premium plugin v24.4 (Yoast SEO v27.3) - https:\/\/yoast.com\/product\/yoast-seo-premium-wordpress\/ -->\n<title>PACK3-NORDITROPIN 45IU(15MG) - (Espa\u00f1ol) Esteroides en l\u00ednea<\/title>\n<meta name=\"robots\" content=\"index, follow, max-snippet:-1, max-image-preview:large, max-video-preview:-1\" \/>\n<link rel=\"canonical\" href=\"https:\/\/iberoid-shop.com\/fr\/product\/pack3-norditropin-nordiflex-45iu-15-mg-pen\/\" \/>\n<meta property=\"og:locale\" content=\"fr_FR\" \/>\n<meta property=\"og:type\" content=\"article\" \/>\n<meta property=\"og:title\" content=\"PACK3-NORDITROPIN 45IU(15MG)\" \/>\n<meta property=\"og:description\" content=\"NORDITROPIN 45IU(15MG) HGH STYLO NORDIFLEX La norditropine est une forme d&rsquo;hormone de croissance humaine. HGH est important pour la croissance\" \/>\n<meta property=\"og:url\" content=\"https:\/\/iberoid-shop.com\/fr\/product\/pack3-norditropin-nordiflex-45iu-15-mg-pen\/\" \/>\n<meta property=\"og:site_name\" content=\"(Espa\u00f1ol) Esteroides en l\u00ednea\" \/>\n<meta property=\"article:modified_time\" content=\"2024-12-05T21:37:30+00:00\" \/>\n<meta property=\"og:image\" content=\"https:\/\/iberoid-shop.com\/wp-content\/uploads\/2022\/02\/nordi15-1.webp\" \/>\n\t<meta property=\"og:image:width\" content=\"1023\" \/>\n\t<meta property=\"og:image:height\" content=\"768\" \/>\n\t<meta property=\"og:image:type\" content=\"image\/webp\" \/>\n<meta name=\"twitter:card\" content=\"summary_large_image\" \/>\n<meta name=\"twitter:label1\" content=\"Prix\" \/>\n\t<meta name=\"twitter:data1\" content=\"&euro;350.00\" \/>\n\t<meta name=\"twitter:label2\" content=\"Disponibilit\u00e9\" \/>\n\t<meta name=\"twitter:data2\" content=\"Rupture de stock\" \/>\n<script type=\"application\/ld+json\" class=\"yoast-schema-graph\">{\"@context\":\"https:\\\/\\\/schema.org\",\"@graph\":[{\"@type\":\"WebPage\",\"@id\":\"https:\\\/\\\/iberoid-shop.com\\\/fr\\\/product\\\/pack3-norditropin-nordiflex-45iu-15-mg-pen\\\/\",\"url\":\"https:\\\/\\\/iberoid-shop.com\\\/fr\\\/product\\\/pack3-norditropin-nordiflex-45iu-15-mg-pen\\\/\",\"name\":\"PACK3-NORDITROPIN 45IU(15MG) - (Espa\u00f1ol) Esteroides en l\u00ednea\",\"isPartOf\":{\"@id\":\"https:\\\/\\\/iberoid-shop.com\\\/fr\\\/#website\"},\"primaryImageOfPage\":{\"@id\":\"https:\\\/\\\/iberoid-shop.com\\\/fr\\\/product\\\/pack3-norditropin-nordiflex-45iu-15-mg-pen\\\/#primaryimage\"},\"image\":{\"@id\":\"https:\\\/\\\/iberoid-shop.com\\\/fr\\\/product\\\/pack3-norditropin-nordiflex-45iu-15-mg-pen\\\/#primaryimage\"},\"thumbnailUrl\":\"https:\\\/\\\/iberoid-shop.com\\\/wp-content\\\/uploads\\\/2022\\\/02\\\/nordi15-1.webp\",\"datePublished\":\"2022-02-26T15:30:06+00:00\",\"dateModified\":\"2024-12-05T21:37:30+00:00\",\"breadcrumb\":{\"@id\":\"https:\\\/\\\/iberoid-shop.com\\\/fr\\\/product\\\/pack3-norditropin-nordiflex-45iu-15-mg-pen\\\/#breadcrumb\"},\"inLanguage\":\"fr-FR\",\"potentialAction\":[{\"@type\":\"ReadAction\",\"target\":[[\"https:\\\/\\\/iberoid-shop.com\\\/fr\\\/product\\\/pack3-norditropin-nordiflex-45iu-15-mg-pen\\\/\"]]}]},{\"@type\":\"ImageObject\",\"inLanguage\":\"fr-FR\",\"@id\":\"https:\\\/\\\/iberoid-shop.com\\\/fr\\\/product\\\/pack3-norditropin-nordiflex-45iu-15-mg-pen\\\/#primaryimage\",\"url\":\"https:\\\/\\\/iberoid-shop.com\\\/wp-content\\\/uploads\\\/2022\\\/02\\\/nordi15-1.webp\",\"contentUrl\":\"https:\\\/\\\/iberoid-shop.com\\\/wp-content\\\/uploads\\\/2022\\\/02\\\/nordi15-1.webp\",\"width\":1023,\"height\":768},{\"@type\":\"BreadcrumbList\",\"@id\":\"https:\\\/\\\/iberoid-shop.com\\\/fr\\\/product\\\/pack3-norditropin-nordiflex-45iu-15-mg-pen\\\/#breadcrumb\",\"itemListElement\":[{\"@type\":\"ListItem\",\"position\":1,\"name\":\"Portada\",\"item\":\"https:\\\/\\\/iberoid-shop.com\\\/fr\\\/\"},{\"@type\":\"ListItem\",\"position\":2,\"name\":\"Magasin\",\"item\":\"https:\\\/\\\/iberoid-shop.com\\\/fr\\\/shop\\\/\"},{\"@type\":\"ListItem\",\"position\":3,\"name\":\"PACK3-NORDITROPIN 45IU(15MG)\"}]},{\"@type\":\"WebSite\",\"@id\":\"https:\\\/\\\/iberoid-shop.com\\\/fr\\\/#website\",\"url\":\"https:\\\/\\\/iberoid-shop.com\\\/fr\\\/\",\"name\":\"(Espa\u00f1ol) Esteroides en l\u00ednea\",\"description\":\"(Espa\u00f1ol) Comprar esteroides en l\u00ednea hoy en Espa\u00f1a y Portugal. Tenemos el mejor servicio al cliente en la industria y los productos de la m\u00e1s alta calidad\",\"potentialAction\":[{\"@type\":\"SearchAction\",\"target\":{\"@type\":\"EntryPoint\",\"urlTemplate\":\"https:\\\/\\\/iberoid-shop.com\\\/fr\\\/?s={search_term_string}\"},\"query-input\":{\"@type\":\"PropertyValueSpecification\",\"valueRequired\":true,\"valueName\":\"search_term_string\"}}],\"inLanguage\":\"fr-FR\"}]}<\/script>\n<meta property=\"product:price:amount\" content=\"350.00\" \/>\n<meta property=\"product:price:currency\" content=\"EUR\" \/>\n<meta property=\"og:availability\" content=\"out of stock\" \/>\n<meta property=\"product:availability\" content=\"out of stock\" \/>\n<meta property=\"product:condition\" content=\"new\" \/>\n<!-- \/ Yoast SEO Premium plugin. -->","yoast_head_json":{"title":"PACK3-NORDITROPIN 45IU(15MG) - (Espa\u00f1ol) Esteroides en l\u00ednea","robots":{"index":"index","follow":"follow","max-snippet":"max-snippet:-1","max-image-preview":"max-image-preview:large","max-video-preview":"max-video-preview:-1"},"canonical":"https:\/\/iberoid-shop.com\/fr\/product\/pack3-norditropin-nordiflex-45iu-15-mg-pen\/","og_locale":"fr_FR","og_type":"article","og_title":"PACK3-NORDITROPIN 45IU(15MG)","og_description":"NORDITROPIN 45IU(15MG) HGH STYLO NORDIFLEX La norditropine est une forme d&rsquo;hormone de croissance humaine. HGH est important pour la croissance","og_url":"https:\/\/iberoid-shop.com\/fr\/product\/pack3-norditropin-nordiflex-45iu-15-mg-pen\/","og_site_name":"(Espa\u00f1ol) Esteroides en l\u00ednea","article_modified_time":"2024-12-05T21:37:30+00:00","og_image":[{"width":1023,"height":768,"url":"https:\/\/iberoid-shop.com\/wp-content\/uploads\/2022\/02\/nordi15-1.webp","type":"image\/webp"}],"twitter_card":"summary_large_image","twitter_misc":{"Prix":"&euro;350.00","Disponibilit\u00e9":"Rupture de stock"},"schema":{"@context":"https:\/\/schema.org","@graph":[{"@type":"WebPage","@id":"https:\/\/iberoid-shop.com\/fr\/product\/pack3-norditropin-nordiflex-45iu-15-mg-pen\/","url":"https:\/\/iberoid-shop.com\/fr\/product\/pack3-norditropin-nordiflex-45iu-15-mg-pen\/","name":"PACK3-NORDITROPIN 45IU(15MG) - (Espa\u00f1ol) Esteroides en l\u00ednea","isPartOf":{"@id":"https:\/\/iberoid-shop.com\/fr\/#website"},"primaryImageOfPage":{"@id":"https:\/\/iberoid-shop.com\/fr\/product\/pack3-norditropin-nordiflex-45iu-15-mg-pen\/#primaryimage"},"image":{"@id":"https:\/\/iberoid-shop.com\/fr\/product\/pack3-norditropin-nordiflex-45iu-15-mg-pen\/#primaryimage"},"thumbnailUrl":"https:\/\/iberoid-shop.com\/wp-content\/uploads\/2022\/02\/nordi15-1.webp","datePublished":"2022-02-26T15:30:06+00:00","dateModified":"2024-12-05T21:37:30+00:00","breadcrumb":{"@id":"https:\/\/iberoid-shop.com\/fr\/product\/pack3-norditropin-nordiflex-45iu-15-mg-pen\/#breadcrumb"},"inLanguage":"fr-FR","potentialAction":[{"@type":"ReadAction","target":[["https:\/\/iberoid-shop.com\/fr\/product\/pack3-norditropin-nordiflex-45iu-15-mg-pen\/"]]}]},{"@type":"ImageObject","inLanguage":"fr-FR","@id":"https:\/\/iberoid-shop.com\/fr\/product\/pack3-norditropin-nordiflex-45iu-15-mg-pen\/#primaryimage","url":"https:\/\/iberoid-shop.com\/wp-content\/uploads\/2022\/02\/nordi15-1.webp","contentUrl":"https:\/\/iberoid-shop.com\/wp-content\/uploads\/2022\/02\/nordi15-1.webp","width":1023,"height":768},{"@type":"BreadcrumbList","@id":"https:\/\/iberoid-shop.com\/fr\/product\/pack3-norditropin-nordiflex-45iu-15-mg-pen\/#breadcrumb","itemListElement":[{"@type":"ListItem","position":1,"name":"Portada","item":"https:\/\/iberoid-shop.com\/fr\/"},{"@type":"ListItem","position":2,"name":"Magasin","item":"https:\/\/iberoid-shop.com\/fr\/shop\/"},{"@type":"ListItem","position":3,"name":"PACK3-NORDITROPIN 45IU(15MG)"}]},{"@type":"WebSite","@id":"https:\/\/iberoid-shop.com\/fr\/#website","url":"https:\/\/iberoid-shop.com\/fr\/","name":"(Espa\u00f1ol) Esteroides en l\u00ednea","description":"(Espa\u00f1ol) Comprar esteroides en l\u00ednea hoy en Espa\u00f1a y Portugal. Tenemos el mejor servicio al cliente en la industria y los productos de la m\u00e1s alta calidad","potentialAction":[{"@type":"SearchAction","target":{"@type":"EntryPoint","urlTemplate":"https:\/\/iberoid-shop.com\/fr\/?s={search_term_string}"},"query-input":{"@type":"PropertyValueSpecification","valueRequired":true,"valueName":"search_term_string"}}],"inLanguage":"fr-FR"}]},"product_price_amount":"350.00","product_price_currency":"EUR","og_availability":"out of stock","product_availability":"out of stock","product_condition":"new"},"_links":{"self":[{"href":"https:\/\/iberoid-shop.com\/fr\/wp-json\/wp\/v2\/product\/7352","targetHints":{"allow":["GET"]}}],"collection":[{"href":"https:\/\/iberoid-shop.com\/fr\/wp-json\/wp\/v2\/product"}],"about":[{"href":"https:\/\/iberoid-shop.com\/fr\/wp-json\/wp\/v2\/types\/product"}],"replies":[{"embeddable":true,"href":"https:\/\/iberoid-shop.com\/fr\/wp-json\/wp\/v2\/comments?post=7352"}],"wp:featuredmedia":[{"embeddable":true,"href":"https:\/\/iberoid-shop.com\/fr\/wp-json\/wp\/v2\/media\/7353"}],"wp:attachment":[{"href":"https:\/\/iberoid-shop.com\/fr\/wp-json\/wp\/v2\/media?parent=7352"}],"wp:term":[{"taxonomy":"product_brand","embeddable":true,"href":"https:\/\/iberoid-shop.com\/fr\/wp-json\/wp\/v2\/product_brand?post=7352"},{"taxonomy":"product_cat","embeddable":true,"href":"https:\/\/iberoid-shop.com\/fr\/wp-json\/wp\/v2\/product_cat?post=7352"},{"taxonomy":"product_tag","embeddable":true,"href":"https:\/\/iberoid-shop.com\/fr\/wp-json\/wp\/v2\/product_tag?post=7352"}],"curies":[{"name":"wp","href":"https:\/\/api.w.org\/{rel}","templated":true}]}}