{"id":7241,"date":"2022-01-31T21:30:49","date_gmt":"2022-01-31T21:30:49","guid":{"rendered":"https:\/\/iberoid-shop.com\/?post_type=product&#038;p=7241"},"modified":"2024-11-07T13:11:44","modified_gmt":"2024-11-07T13:11:44","slug":"pack3-dianoged-dianabol-epf-euro-prime","status":"publish","type":"product","link":"https:\/\/iberoid-shop.com\/fr\/product\/pack3-dianoged-dianabol-epf-euro-prime\/","title":{"rendered":"DIANABOL\/DIANOGED EPF- 3 pack x 100 tabletas"},"content":{"rendered":"<p>Dianoged est un puissant st\u00e9ro\u00efde anabolisant et androg\u00e8ne, une pr\u00e9paration de m\u00e9thandi\u00e9none d\u00e9velopp\u00e9e pour l&rsquo;administration orale. Il se caract\u00e9rise par une action \u00e0 la fois rapide et forte. Dans les sports de fer, Dianoged 10 mg d&rsquo;EPF est principalement utilis\u00e9 dans les cours d&rsquo;entra\u00eenement de force et de masse, g\u00e9n\u00e9ralement en association avec d&rsquo;autres pharmacologies sportives : du propionate de testost\u00e9rone \u00e0 l&rsquo;hexagidrobenzylcarbonate de trenbolone. L&rsquo;ingr\u00e9dient actif de la pr\u00e9paration, le st\u00e9ro\u00efde m\u00e9thandi\u00e9none, est depuis longtemps bien connu des athl\u00e8tes du monde entier. Profil st\u00e9ro\u00efde : indice anabolique &#8211; 200 % de testost\u00e9rone ; indice androg\u00e9nique &#8211; 50% de testost\u00e9rone; demi-vie &#8211; moins d&rsquo;un jour; aromatisation (conversion en \u0153strog\u00e8nes) &#8211; oui, mod\u00e9r\u00e9e\u00a0; suppression de la fonction HPTA (r\u00e9duction de la production de testost\u00e9rone) &#8211; oui, mod\u00e9r\u00e9e\u00a0; h\u00e9patotoxicit\u00e9 (toxicit\u00e9 pour le foie) &#8211; oui, mod\u00e9r\u00e9e.<\/p>","protected":false},"excerpt":{"rendered":"<p>Dianoged est un puissant st\u00e9ro\u00efde anabolisant et androg\u00e8ne, une pr\u00e9paration de m\u00e9thandi\u00e9none d\u00e9velopp\u00e9e pour l&rsquo;administration orale. Il se caract\u00e9rise par<\/p>\n","protected":false},"featured_media":7242,"comment_status":"open","ping_status":"closed","template":"","meta":[],"product_brand":[],"product_cat":[73,3474],"product_tag":[],"class_list":{"0":"post-7241","1":"product","2":"type-product","3":"status-publish","4":"has-post-thumbnail","6":"product_cat-ssteroides_orales","7":"product_cat-packs","9":"first","10":"outofstock","11":"sale","12":"shipping-taxable","13":"purchasable","14":"product-type-simple"},"yoast_head":"<!-- This site is optimized with the Yoast SEO Premium plugin v24.4 (Yoast SEO v27.0) - https:\/\/yoast.com\/product\/yoast-seo-premium-wordpress\/ -->\n<title>DIANABOL\/DIANOGED EPF- 3 pack x 100 tabletas - (Espa\u00f1ol) Esteroides en l\u00ednea<\/title>\n<meta name=\"robots\" content=\"index, follow, max-snippet:-1, max-image-preview:large, max-video-preview:-1\" \/>\n<link rel=\"canonical\" href=\"https:\/\/iberoid-shop.com\/fr\/product\/pack3-dianoged-dianabol-epf-euro-prime\/\" \/>\n<meta property=\"og:locale\" content=\"fr_FR\" \/>\n<meta property=\"og:type\" content=\"article\" \/>\n<meta property=\"og:title\" content=\"DIANABOL\/DIANOGED EPF- 3 pack x 100 tabletas\" \/>\n<meta property=\"og:description\" content=\"Dianoged est un puissant st\u00e9ro\u00efde anabolisant et androg\u00e8ne, une pr\u00e9paration de m\u00e9thandi\u00e9none d\u00e9velopp\u00e9e pour l&rsquo;administration orale. Il se caract\u00e9rise par\" \/>\n<meta property=\"og:url\" content=\"https:\/\/iberoid-shop.com\/fr\/product\/pack3-dianoged-dianabol-epf-euro-prime\/\" \/>\n<meta property=\"og:site_name\" content=\"(Espa\u00f1ol) Esteroides en l\u00ednea\" \/>\n<meta property=\"article:modified_time\" content=\"2024-11-07T13:11:44+00:00\" \/>\n<meta property=\"og:image\" content=\"https:\/\/iberoid-shop.com\/wp-content\/uploads\/2022\/01\/3-diana-epf.jpg?v=1695573410\" \/>\n\t<meta property=\"og:image:width\" content=\"960\" \/>\n\t<meta property=\"og:image:height\" content=\"1280\" \/>\n\t<meta property=\"og:image:type\" content=\"image\/jpeg\" \/>\n<meta name=\"twitter:card\" content=\"summary_large_image\" \/>\n<meta name=\"twitter:label1\" content=\"Prix\" \/>\n\t<meta name=\"twitter:data1\" content=\"&euro;55.00\" \/>\n\t<meta name=\"twitter:label2\" content=\"Disponibilit\u00e9\" \/>\n\t<meta name=\"twitter:data2\" content=\"Rupture de stock\" \/>\n<script type=\"application\/ld+json\" class=\"yoast-schema-graph\">{\"@context\":\"https:\/\/schema.org\",\"@graph\":[{\"@type\":\"WebPage\",\"@id\":\"https:\/\/iberoid-shop.com\/fr\/product\/pack3-dianoged-dianabol-epf-euro-prime\/\",\"url\":\"https:\/\/iberoid-shop.com\/fr\/product\/pack3-dianoged-dianabol-epf-euro-prime\/\",\"name\":\"DIANABOL\/DIANOGED EPF- 3 pack x 100 tabletas - (Espa\u00f1ol) Esteroides en l\u00ednea\",\"isPartOf\":{\"@id\":\"https:\/\/iberoid-shop.com\/fr\/#website\"},\"primaryImageOfPage\":{\"@id\":\"https:\/\/iberoid-shop.com\/fr\/product\/pack3-dianoged-dianabol-epf-euro-prime\/#primaryimage\"},\"image\":{\"@id\":\"https:\/\/iberoid-shop.com\/fr\/product\/pack3-dianoged-dianabol-epf-euro-prime\/#primaryimage\"},\"thumbnailUrl\":\"https:\/\/iberoid-shop.com\/wp-content\/uploads\/2022\/01\/3-diana-epf.jpg?v=1695573410\",\"datePublished\":\"2022-01-31T21:30:49+00:00\",\"dateModified\":\"2024-11-07T13:11:44+00:00\",\"breadcrumb\":{\"@id\":\"https:\/\/iberoid-shop.com\/fr\/product\/pack3-dianoged-dianabol-epf-euro-prime\/#breadcrumb\"},\"inLanguage\":\"fr-FR\",\"potentialAction\":[{\"@type\":\"ReadAction\",\"target\":[[\"https:\/\/iberoid-shop.com\/fr\/product\/pack3-dianoged-dianabol-epf-euro-prime\/\"]]}]},{\"@type\":\"ImageObject\",\"inLanguage\":\"fr-FR\",\"@id\":\"https:\/\/iberoid-shop.com\/fr\/product\/pack3-dianoged-dianabol-epf-euro-prime\/#primaryimage\",\"url\":\"https:\/\/iberoid-shop.com\/wp-content\/uploads\/2022\/01\/3-diana-epf.jpg?v=1695573410\",\"contentUrl\":\"https:\/\/iberoid-shop.com\/wp-content\/uploads\/2022\/01\/3-diana-epf.jpg?v=1695573410\",\"width\":960,\"height\":1280},{\"@type\":\"BreadcrumbList\",\"@id\":\"https:\/\/iberoid-shop.com\/fr\/product\/pack3-dianoged-dianabol-epf-euro-prime\/#breadcrumb\",\"itemListElement\":[{\"@type\":\"ListItem\",\"position\":1,\"name\":\"Portada\",\"item\":\"https:\/\/iberoid-shop.com\/fr\/\"},{\"@type\":\"ListItem\",\"position\":2,\"name\":\"Magasin\",\"item\":\"https:\/\/iberoid-shop.com\/fr\/shop\/\"},{\"@type\":\"ListItem\",\"position\":3,\"name\":\"DIANABOL\/DIANOGED EPF- 3 pack x 100 tabletas\"}]},{\"@type\":\"WebSite\",\"@id\":\"https:\/\/iberoid-shop.com\/fr\/#website\",\"url\":\"https:\/\/iberoid-shop.com\/fr\/\",\"name\":\"(Espa\u00f1ol) Esteroides en l\u00ednea\",\"description\":\"(Espa\u00f1ol) Comprar esteroides en l\u00ednea hoy en Espa\u00f1a y Portugal. Tenemos el mejor servicio al cliente en la industria y los productos de la m\u00e1s alta calidad\",\"potentialAction\":[{\"@type\":\"SearchAction\",\"target\":{\"@type\":\"EntryPoint\",\"urlTemplate\":\"https:\/\/iberoid-shop.com\/fr\/?s={search_term_string}\"},\"query-input\":{\"@type\":\"PropertyValueSpecification\",\"valueRequired\":true,\"valueName\":\"search_term_string\"}}],\"inLanguage\":\"fr-FR\"}]}<\/script>\n<meta property=\"product:brand\" content=\"Euro Prime Pharmaceuticals (EPF)\" \/>\n<meta property=\"product:price:amount\" content=\"55.00\" \/>\n<meta property=\"product:price:currency\" content=\"EUR\" \/>\n<meta property=\"og:availability\" content=\"out of stock\" \/>\n<meta property=\"product:availability\" content=\"out of stock\" \/>\n<meta property=\"product:condition\" content=\"new\" \/>\n<!-- \/ Yoast SEO Premium plugin. -->","yoast_head_json":{"title":"DIANABOL\/DIANOGED EPF- 3 pack x 100 tabletas - (Espa\u00f1ol) Esteroides en l\u00ednea","robots":{"index":"index","follow":"follow","max-snippet":"max-snippet:-1","max-image-preview":"max-image-preview:large","max-video-preview":"max-video-preview:-1"},"canonical":"https:\/\/iberoid-shop.com\/fr\/product\/pack3-dianoged-dianabol-epf-euro-prime\/","og_locale":"fr_FR","og_type":"article","og_title":"DIANABOL\/DIANOGED EPF- 3 pack x 100 tabletas","og_description":"Dianoged est un puissant st\u00e9ro\u00efde anabolisant et androg\u00e8ne, une pr\u00e9paration de m\u00e9thandi\u00e9none d\u00e9velopp\u00e9e pour l&rsquo;administration orale. Il se caract\u00e9rise par","og_url":"https:\/\/iberoid-shop.com\/fr\/product\/pack3-dianoged-dianabol-epf-euro-prime\/","og_site_name":"(Espa\u00f1ol) Esteroides en l\u00ednea","article_modified_time":"2024-11-07T13:11:44+00:00","og_image":[{"width":960,"height":1280,"url":"https:\/\/iberoid-shop.com\/wp-content\/uploads\/2022\/01\/3-diana-epf.jpg?v=1695573410","type":"image\/jpeg"}],"twitter_card":"summary_large_image","twitter_misc":{"Prix":"&euro;55.00","Disponibilit\u00e9":"Rupture de stock"},"schema":{"@context":"https:\/\/schema.org","@graph":[{"@type":"WebPage","@id":"https:\/\/iberoid-shop.com\/fr\/product\/pack3-dianoged-dianabol-epf-euro-prime\/","url":"https:\/\/iberoid-shop.com\/fr\/product\/pack3-dianoged-dianabol-epf-euro-prime\/","name":"DIANABOL\/DIANOGED EPF- 3 pack x 100 tabletas - (Espa\u00f1ol) Esteroides en l\u00ednea","isPartOf":{"@id":"https:\/\/iberoid-shop.com\/fr\/#website"},"primaryImageOfPage":{"@id":"https:\/\/iberoid-shop.com\/fr\/product\/pack3-dianoged-dianabol-epf-euro-prime\/#primaryimage"},"image":{"@id":"https:\/\/iberoid-shop.com\/fr\/product\/pack3-dianoged-dianabol-epf-euro-prime\/#primaryimage"},"thumbnailUrl":"https:\/\/iberoid-shop.com\/wp-content\/uploads\/2022\/01\/3-diana-epf.jpg?v=1695573410","datePublished":"2022-01-31T21:30:49+00:00","dateModified":"2024-11-07T13:11:44+00:00","breadcrumb":{"@id":"https:\/\/iberoid-shop.com\/fr\/product\/pack3-dianoged-dianabol-epf-euro-prime\/#breadcrumb"},"inLanguage":"fr-FR","potentialAction":[{"@type":"ReadAction","target":[["https:\/\/iberoid-shop.com\/fr\/product\/pack3-dianoged-dianabol-epf-euro-prime\/"]]}]},{"@type":"ImageObject","inLanguage":"fr-FR","@id":"https:\/\/iberoid-shop.com\/fr\/product\/pack3-dianoged-dianabol-epf-euro-prime\/#primaryimage","url":"https:\/\/iberoid-shop.com\/wp-content\/uploads\/2022\/01\/3-diana-epf.jpg?v=1695573410","contentUrl":"https:\/\/iberoid-shop.com\/wp-content\/uploads\/2022\/01\/3-diana-epf.jpg?v=1695573410","width":960,"height":1280},{"@type":"BreadcrumbList","@id":"https:\/\/iberoid-shop.com\/fr\/product\/pack3-dianoged-dianabol-epf-euro-prime\/#breadcrumb","itemListElement":[{"@type":"ListItem","position":1,"name":"Portada","item":"https:\/\/iberoid-shop.com\/fr\/"},{"@type":"ListItem","position":2,"name":"Magasin","item":"https:\/\/iberoid-shop.com\/fr\/shop\/"},{"@type":"ListItem","position":3,"name":"DIANABOL\/DIANOGED EPF- 3 pack x 100 tabletas"}]},{"@type":"WebSite","@id":"https:\/\/iberoid-shop.com\/fr\/#website","url":"https:\/\/iberoid-shop.com\/fr\/","name":"(Espa\u00f1ol) Esteroides en l\u00ednea","description":"(Espa\u00f1ol) Comprar esteroides en l\u00ednea hoy en Espa\u00f1a y Portugal. Tenemos el mejor servicio al cliente en la industria y los productos de la m\u00e1s alta calidad","potentialAction":[{"@type":"SearchAction","target":{"@type":"EntryPoint","urlTemplate":"https:\/\/iberoid-shop.com\/fr\/?s={search_term_string}"},"query-input":{"@type":"PropertyValueSpecification","valueRequired":true,"valueName":"search_term_string"}}],"inLanguage":"fr-FR"}]},"product_brand":"Euro Prime Pharmaceuticals (EPF)","product_price_amount":"55.00","product_price_currency":"EUR","og_availability":"out of stock","product_availability":"out of stock","product_condition":"new"},"_links":{"self":[{"href":"https:\/\/iberoid-shop.com\/fr\/wp-json\/wp\/v2\/product\/7241","targetHints":{"allow":["GET"]}}],"collection":[{"href":"https:\/\/iberoid-shop.com\/fr\/wp-json\/wp\/v2\/product"}],"about":[{"href":"https:\/\/iberoid-shop.com\/fr\/wp-json\/wp\/v2\/types\/product"}],"replies":[{"embeddable":true,"href":"https:\/\/iberoid-shop.com\/fr\/wp-json\/wp\/v2\/comments?post=7241"}],"wp:featuredmedia":[{"embeddable":true,"href":"https:\/\/iberoid-shop.com\/fr\/wp-json\/wp\/v2\/media\/7242"}],"wp:attachment":[{"href":"https:\/\/iberoid-shop.com\/fr\/wp-json\/wp\/v2\/media?parent=7241"}],"wp:term":[{"taxonomy":"product_brand","embeddable":true,"href":"https:\/\/iberoid-shop.com\/fr\/wp-json\/wp\/v2\/product_brand?post=7241"},{"taxonomy":"product_cat","embeddable":true,"href":"https:\/\/iberoid-shop.com\/fr\/wp-json\/wp\/v2\/product_cat?post=7241"},{"taxonomy":"product_tag","embeddable":true,"href":"https:\/\/iberoid-shop.com\/fr\/wp-json\/wp\/v2\/product_tag?post=7241"}],"curies":[{"name":"wp","href":"https:\/\/api.w.org\/{rel}","templated":true}]}}