{"id":7239,"date":"2022-01-31T21:23:12","date_gmt":"2022-01-31T21:23:12","guid":{"rendered":"https:\/\/iberoid-shop.com\/?post_type=product&#038;p=7239"},"modified":"2024-05-12T16:55:28","modified_gmt":"2024-05-12T16:55:28","slug":"pack3-nandrolone-decanoate-19ml-golden-dragon-ltd","status":"publish","type":"product","link":"https:\/\/iberoid-shop.com\/fr\/product\/pack3-nandrolone-decanoate-19ml-golden-dragon-ltd\/","title":{"rendered":"NANDROGEN DECANOATE- 10ML &#8211; 3 pack"},"content":{"rendered":"<p>La nandrolone (toutes les formes) est un st\u00e9ro\u00efde anabolisant androg\u00e8ne 19-nortestost\u00e9rone (19-nor). La distinction 19-nor note un changement structurel de l&rsquo;hormone testost\u00e9rone, en particulier l&rsquo;hormone testost\u00e9rone d\u00e9pourvue de l&rsquo;atome de carbone \u00e0 la 19e position. C&rsquo;est cette l\u00e9g\u00e8re alt\u00e9ration qui nous donne la Nandrolone ; Testost\u00e9rone, supprimez le 19e carbone et un nouveau st\u00e9ro\u00efde est n\u00e9.<\/p>\n<p>La nandrolone a un indice anabolique l\u00e9g\u00e8rement sup\u00e9rieur \u00e0 la testost\u00e9rone, mais poss\u00e8de un indice androg\u00e8ne beaucoup plus faible. Son indice androg\u00e8ne n&rsquo;est que de 37, celui de la testost\u00e9rone \u00e9tant de 100. La diminution de l&rsquo;indice androg\u00e8ne est due \u00e0 la capacit\u00e9 de la nandrolone \u00e0 se r\u00e9duire en dihydronandrolone (DHN) plut\u00f4t qu&rsquo;en dihydrotestost\u00e9rone (DHT). Cela fait de la nandrolone l&rsquo;un des st\u00e9ro\u00efdes anabolisants les mieux tol\u00e9r\u00e9s pour les hommes adultes. La Nandrolone poss\u00e8de tr\u00e8s peu d&rsquo;activit\u00e9 oestrog\u00e9nique avec un taux d&rsquo;aromatase de seulement 20% celui de la Testost\u00e9rone. Il est class\u00e9 comme un progestatif actif et cela jouera sur les effets secondaires potentiels, mais ils sont contr\u00f4lables dans la plupart des cas.<\/p>\n<p>La nandrolone est un st\u00e9ro\u00efde anabolisant efficace et puissant pour de nombreuses raisons avec plusieurs avantages fonctionnels directs. Les principales fonctions de l&rsquo;hormone nandrolone comprennent, mais sans s&rsquo;y limiter, les suivantes\u00a0:<br \/>\n\u2013 Am\u00e9liorer la synth\u00e8se des prot\u00e9ines<br \/>\n\u2013 Inhiber les hormones glucocortico\u00efdes<br \/>\n\u2013 Promouvoir la production am\u00e9lior\u00e9e d&rsquo;IGF-1<br \/>\n\u2013 Augmenter la r\u00e9tention d&rsquo;azote<br \/>\n\u2013 Augmentation du nombre de globules rouges<br \/>\n\u2013 Augmenter la synth\u00e8se de collag\u00e8ne<br \/>\n\u2013 Am\u00e9liorer le contenu min\u00e9ral osseux<\/p>\n<p>Les effets de la Nandrolone, les cinq premiers r\u00e9pertori\u00e9s, sont partag\u00e9s par de nombreux st\u00e9ro\u00efdes anabolisants. Cependant, l&rsquo;augmentation de la r\u00e9tention d&rsquo;azote est beaucoup plus importante avec ce st\u00e9ro\u00efde que la plupart. Ceci est important car tous les tissus musculaires sont compos\u00e9s de 16% d&rsquo;azote. Cela peut ne pas sembler tr\u00e8s important, mais la r\u00e9tention cr\u00e9e de l&rsquo;anabolisme et un manque de r\u00e9tention nous fait entrer dans un \u00e9tat catabolique. Ensuite, il nous reste les traits de collag\u00e8ne et de min\u00e9raux osseux et ce sont ces deux traits qui s\u00e9parent vraiment la nandrolone du reste du pack. Ce sont ces deux caract\u00e9ristiques qui permettent \u00e0 la nandrolone de favoriser le soulagement des articulations et m\u00eame le soulagement de la douleur dans les tendons et les ligaments douloureux dans une certaine mesure. Le facteur de r\u00e9cup\u00e9ration que cela favorise est vraiment \u00e9norme et est l&rsquo;une des raisons et souvent la seule raison pour laquelle certains athl\u00e8tes utilisent le st\u00e9ro\u00efde.<\/p>\n<p>Les fonctions et les caract\u00e9ristiques de la nandrolone sont \u00e9galement bien appr\u00e9ci\u00e9es dans les cercles m\u00e9dicaux, car l&rsquo;hormone a montr\u00e9 des avantages positifs dans de nombreux domaines de traitement. L&rsquo;hormone Nandrolone est bien adapt\u00e9e au traitement des maladies de fonte musculaire, de la fatigue et de la faiblesse g\u00e9riatrique. C&rsquo;est aussi un excellent combattant de l&rsquo;an\u00e9mie. La nandrolone a \u00e9t\u00e9 utilis\u00e9e avec succ\u00e8s pour combattre certaines formes de cancer du sein, changer la vie des victimes de br\u00fblures et peut m\u00eame traiter et soulager les ulc\u00e8res. Les avantages m\u00e9dicaux continuent car il a \u00e9t\u00e9 d\u00e9montr\u00e9 que la nandrolone a un impact positif sur le traitement du retard de d\u00e9veloppement chez les enfants ainsi que du nanisme. Cependant, bien qu&rsquo;efficace dans tous ces domaines o\u00f9 il s&rsquo;est fortement d\u00e9marqu\u00e9, c&rsquo;est dans le traitement de l&rsquo;ost\u00e9oporose.<\/p>","protected":false},"excerpt":{"rendered":"<p>La nandrolone (toutes les formes) est un st\u00e9ro\u00efde anabolisant androg\u00e8ne 19-nortestost\u00e9rone (19-nor). La distinction 19-nor note un changement structurel de<\/p>\n","protected":false},"featured_media":6576,"comment_status":"open","ping_status":"closed","template":"","meta":[],"product_brand":[],"product_cat":[69,3474],"product_tag":[],"class_list":{"0":"post-7239","1":"product","2":"type-product","3":"status-publish","4":"has-post-thumbnail","6":"product_cat-esteroides_inyectables","7":"product_cat-packs","9":"first","10":"outofstock","11":"sale","12":"shipping-taxable","13":"purchasable","14":"product-type-simple"},"yoast_head":"<!-- This site is optimized with the Yoast SEO Premium plugin v24.4 (Yoast SEO v27.0) - https:\/\/yoast.com\/product\/yoast-seo-premium-wordpress\/ -->\n<title>NANDROGEN DECANOATE- 10ML - 3 pack - (Espa\u00f1ol) Esteroides en l\u00ednea<\/title>\n<meta name=\"robots\" content=\"index, follow, max-snippet:-1, max-image-preview:large, max-video-preview:-1\" \/>\n<link rel=\"canonical\" href=\"https:\/\/iberoid-shop.com\/fr\/product\/pack3-nandrolone-decanoate-19ml-golden-dragon-ltd\/\" \/>\n<meta property=\"og:locale\" content=\"fr_FR\" \/>\n<meta property=\"og:type\" content=\"article\" \/>\n<meta property=\"og:title\" content=\"NANDROGEN DECANOATE- 10ML - 3 pack\" \/>\n<meta property=\"og:description\" content=\"La nandrolone (toutes les formes) est un st\u00e9ro\u00efde anabolisant androg\u00e8ne 19-nortestost\u00e9rone (19-nor). La distinction 19-nor note un changement structurel de\" \/>\n<meta property=\"og:url\" content=\"https:\/\/iberoid-shop.com\/fr\/product\/pack3-nandrolone-decanoate-19ml-golden-dragon-ltd\/\" \/>\n<meta property=\"og:site_name\" content=\"(Espa\u00f1ol) Esteroides en l\u00ednea\" \/>\n<meta property=\"article:modified_time\" content=\"2024-05-12T16:55:28+00:00\" \/>\n<meta property=\"og:image\" content=\"https:\/\/iberoid-shop.com\/wp-content\/uploads\/2021\/08\/nandroged.jpg?v=1699082603\" \/>\n\t<meta property=\"og:image:width\" content=\"500\" \/>\n\t<meta property=\"og:image:height\" content=\"500\" \/>\n\t<meta property=\"og:image:type\" content=\"image\/jpeg\" \/>\n<meta name=\"twitter:card\" content=\"summary_large_image\" \/>\n<meta name=\"twitter:label1\" content=\"Prix\" \/>\n\t<meta name=\"twitter:data1\" content=\"&euro;75.00\" \/>\n\t<meta name=\"twitter:label2\" content=\"Disponibilit\u00e9\" \/>\n\t<meta name=\"twitter:data2\" content=\"Rupture de stock\" \/>\n<script type=\"application\/ld+json\" class=\"yoast-schema-graph\">{\"@context\":\"https:\/\/schema.org\",\"@graph\":[{\"@type\":\"WebPage\",\"@id\":\"https:\/\/iberoid-shop.com\/fr\/product\/pack3-nandrolone-decanoate-19ml-golden-dragon-ltd\/\",\"url\":\"https:\/\/iberoid-shop.com\/fr\/product\/pack3-nandrolone-decanoate-19ml-golden-dragon-ltd\/\",\"name\":\"NANDROGEN DECANOATE- 10ML - 3 pack - (Espa\u00f1ol) Esteroides en l\u00ednea\",\"isPartOf\":{\"@id\":\"https:\/\/iberoid-shop.com\/fr\/#website\"},\"primaryImageOfPage\":{\"@id\":\"https:\/\/iberoid-shop.com\/fr\/product\/pack3-nandrolone-decanoate-19ml-golden-dragon-ltd\/#primaryimage\"},\"image\":{\"@id\":\"https:\/\/iberoid-shop.com\/fr\/product\/pack3-nandrolone-decanoate-19ml-golden-dragon-ltd\/#primaryimage\"},\"thumbnailUrl\":\"https:\/\/iberoid-shop.com\/wp-content\/uploads\/2021\/08\/nandroged.jpg?v=1699082603\",\"datePublished\":\"2022-01-31T21:23:12+00:00\",\"dateModified\":\"2024-05-12T16:55:28+00:00\",\"breadcrumb\":{\"@id\":\"https:\/\/iberoid-shop.com\/fr\/product\/pack3-nandrolone-decanoate-19ml-golden-dragon-ltd\/#breadcrumb\"},\"inLanguage\":\"fr-FR\",\"potentialAction\":[{\"@type\":\"ReadAction\",\"target\":[[\"https:\/\/iberoid-shop.com\/fr\/product\/pack3-nandrolone-decanoate-19ml-golden-dragon-ltd\/\"]]}]},{\"@type\":\"ImageObject\",\"inLanguage\":\"fr-FR\",\"@id\":\"https:\/\/iberoid-shop.com\/fr\/product\/pack3-nandrolone-decanoate-19ml-golden-dragon-ltd\/#primaryimage\",\"url\":\"https:\/\/iberoid-shop.com\/wp-content\/uploads\/2021\/08\/nandroged.jpg?v=1699082603\",\"contentUrl\":\"https:\/\/iberoid-shop.com\/wp-content\/uploads\/2021\/08\/nandroged.jpg?v=1699082603\",\"width\":500,\"height\":500},{\"@type\":\"BreadcrumbList\",\"@id\":\"https:\/\/iberoid-shop.com\/fr\/product\/pack3-nandrolone-decanoate-19ml-golden-dragon-ltd\/#breadcrumb\",\"itemListElement\":[{\"@type\":\"ListItem\",\"position\":1,\"name\":\"Portada\",\"item\":\"https:\/\/iberoid-shop.com\/fr\/\"},{\"@type\":\"ListItem\",\"position\":2,\"name\":\"Magasin\",\"item\":\"https:\/\/iberoid-shop.com\/fr\/shop\/\"},{\"@type\":\"ListItem\",\"position\":3,\"name\":\"NANDROGEN DECANOATE- 10ML &#8211; 3 pack\"}]},{\"@type\":\"WebSite\",\"@id\":\"https:\/\/iberoid-shop.com\/fr\/#website\",\"url\":\"https:\/\/iberoid-shop.com\/fr\/\",\"name\":\"(Espa\u00f1ol) Esteroides en l\u00ednea\",\"description\":\"(Espa\u00f1ol) Comprar esteroides en l\u00ednea hoy en Espa\u00f1a y Portugal. Tenemos el mejor servicio al cliente en la industria y los productos de la m\u00e1s alta calidad\",\"potentialAction\":[{\"@type\":\"SearchAction\",\"target\":{\"@type\":\"EntryPoint\",\"urlTemplate\":\"https:\/\/iberoid-shop.com\/fr\/?s={search_term_string}\"},\"query-input\":{\"@type\":\"PropertyValueSpecification\",\"valueRequired\":true,\"valueName\":\"search_term_string\"}}],\"inLanguage\":\"fr-FR\"}]}<\/script>\n<meta property=\"product:brand\" content=\"Golden Dragon\" \/>\n<meta property=\"product:price:amount\" content=\"75.00\" \/>\n<meta property=\"product:price:currency\" content=\"EUR\" \/>\n<meta property=\"og:availability\" content=\"out of stock\" \/>\n<meta property=\"product:availability\" content=\"out of stock\" \/>\n<meta property=\"product:condition\" content=\"new\" \/>\n<!-- \/ Yoast SEO Premium plugin. -->","yoast_head_json":{"title":"NANDROGEN DECANOATE- 10ML - 3 pack - (Espa\u00f1ol) Esteroides en l\u00ednea","robots":{"index":"index","follow":"follow","max-snippet":"max-snippet:-1","max-image-preview":"max-image-preview:large","max-video-preview":"max-video-preview:-1"},"canonical":"https:\/\/iberoid-shop.com\/fr\/product\/pack3-nandrolone-decanoate-19ml-golden-dragon-ltd\/","og_locale":"fr_FR","og_type":"article","og_title":"NANDROGEN DECANOATE- 10ML - 3 pack","og_description":"La nandrolone (toutes les formes) est un st\u00e9ro\u00efde anabolisant androg\u00e8ne 19-nortestost\u00e9rone (19-nor). La distinction 19-nor note un changement structurel de","og_url":"https:\/\/iberoid-shop.com\/fr\/product\/pack3-nandrolone-decanoate-19ml-golden-dragon-ltd\/","og_site_name":"(Espa\u00f1ol) Esteroides en l\u00ednea","article_modified_time":"2024-05-12T16:55:28+00:00","og_image":[{"width":500,"height":500,"url":"https:\/\/iberoid-shop.com\/wp-content\/uploads\/2021\/08\/nandroged.jpg?v=1699082603","type":"image\/jpeg"}],"twitter_card":"summary_large_image","twitter_misc":{"Prix":"&euro;75.00","Disponibilit\u00e9":"Rupture de stock"},"schema":{"@context":"https:\/\/schema.org","@graph":[{"@type":"WebPage","@id":"https:\/\/iberoid-shop.com\/fr\/product\/pack3-nandrolone-decanoate-19ml-golden-dragon-ltd\/","url":"https:\/\/iberoid-shop.com\/fr\/product\/pack3-nandrolone-decanoate-19ml-golden-dragon-ltd\/","name":"NANDROGEN DECANOATE- 10ML - 3 pack - (Espa\u00f1ol) Esteroides en l\u00ednea","isPartOf":{"@id":"https:\/\/iberoid-shop.com\/fr\/#website"},"primaryImageOfPage":{"@id":"https:\/\/iberoid-shop.com\/fr\/product\/pack3-nandrolone-decanoate-19ml-golden-dragon-ltd\/#primaryimage"},"image":{"@id":"https:\/\/iberoid-shop.com\/fr\/product\/pack3-nandrolone-decanoate-19ml-golden-dragon-ltd\/#primaryimage"},"thumbnailUrl":"https:\/\/iberoid-shop.com\/wp-content\/uploads\/2021\/08\/nandroged.jpg?v=1699082603","datePublished":"2022-01-31T21:23:12+00:00","dateModified":"2024-05-12T16:55:28+00:00","breadcrumb":{"@id":"https:\/\/iberoid-shop.com\/fr\/product\/pack3-nandrolone-decanoate-19ml-golden-dragon-ltd\/#breadcrumb"},"inLanguage":"fr-FR","potentialAction":[{"@type":"ReadAction","target":[["https:\/\/iberoid-shop.com\/fr\/product\/pack3-nandrolone-decanoate-19ml-golden-dragon-ltd\/"]]}]},{"@type":"ImageObject","inLanguage":"fr-FR","@id":"https:\/\/iberoid-shop.com\/fr\/product\/pack3-nandrolone-decanoate-19ml-golden-dragon-ltd\/#primaryimage","url":"https:\/\/iberoid-shop.com\/wp-content\/uploads\/2021\/08\/nandroged.jpg?v=1699082603","contentUrl":"https:\/\/iberoid-shop.com\/wp-content\/uploads\/2021\/08\/nandroged.jpg?v=1699082603","width":500,"height":500},{"@type":"BreadcrumbList","@id":"https:\/\/iberoid-shop.com\/fr\/product\/pack3-nandrolone-decanoate-19ml-golden-dragon-ltd\/#breadcrumb","itemListElement":[{"@type":"ListItem","position":1,"name":"Portada","item":"https:\/\/iberoid-shop.com\/fr\/"},{"@type":"ListItem","position":2,"name":"Magasin","item":"https:\/\/iberoid-shop.com\/fr\/shop\/"},{"@type":"ListItem","position":3,"name":"NANDROGEN DECANOATE- 10ML &#8211; 3 pack"}]},{"@type":"WebSite","@id":"https:\/\/iberoid-shop.com\/fr\/#website","url":"https:\/\/iberoid-shop.com\/fr\/","name":"(Espa\u00f1ol) Esteroides en l\u00ednea","description":"(Espa\u00f1ol) Comprar esteroides en l\u00ednea hoy en Espa\u00f1a y Portugal. Tenemos el mejor servicio al cliente en la industria y los productos de la m\u00e1s alta calidad","potentialAction":[{"@type":"SearchAction","target":{"@type":"EntryPoint","urlTemplate":"https:\/\/iberoid-shop.com\/fr\/?s={search_term_string}"},"query-input":{"@type":"PropertyValueSpecification","valueRequired":true,"valueName":"search_term_string"}}],"inLanguage":"fr-FR"}]},"product_brand":"Golden Dragon","product_price_amount":"75.00","product_price_currency":"EUR","og_availability":"out of stock","product_availability":"out of stock","product_condition":"new"},"_links":{"self":[{"href":"https:\/\/iberoid-shop.com\/fr\/wp-json\/wp\/v2\/product\/7239","targetHints":{"allow":["GET"]}}],"collection":[{"href":"https:\/\/iberoid-shop.com\/fr\/wp-json\/wp\/v2\/product"}],"about":[{"href":"https:\/\/iberoid-shop.com\/fr\/wp-json\/wp\/v2\/types\/product"}],"replies":[{"embeddable":true,"href":"https:\/\/iberoid-shop.com\/fr\/wp-json\/wp\/v2\/comments?post=7239"}],"wp:featuredmedia":[{"embeddable":true,"href":"https:\/\/iberoid-shop.com\/fr\/wp-json\/wp\/v2\/media\/6576"}],"wp:attachment":[{"href":"https:\/\/iberoid-shop.com\/fr\/wp-json\/wp\/v2\/media?parent=7239"}],"wp:term":[{"taxonomy":"product_brand","embeddable":true,"href":"https:\/\/iberoid-shop.com\/fr\/wp-json\/wp\/v2\/product_brand?post=7239"},{"taxonomy":"product_cat","embeddable":true,"href":"https:\/\/iberoid-shop.com\/fr\/wp-json\/wp\/v2\/product_cat?post=7239"},{"taxonomy":"product_tag","embeddable":true,"href":"https:\/\/iberoid-shop.com\/fr\/wp-json\/wp\/v2\/product_tag?post=7239"}],"curies":[{"name":"wp","href":"https:\/\/api.w.org\/{rel}","templated":true}]}}