{"id":7237,"date":"2022-01-31T21:20:05","date_gmt":"2022-01-31T21:20:05","guid":{"rendered":"https:\/\/iberoid-shop.com\/?post_type=product&#038;p=7237"},"modified":"2023-03-21T14:11:42","modified_gmt":"2023-03-21T14:11:42","slug":"pack3-testosterone-mix-sustanon-epf","status":"publish","type":"product","link":"https:\/\/iberoid-shop.com\/fr\/product\/pack3-testosterone-mix-sustanon-epf\/","title":{"rendered":"Testosterone Mix \u2013 Sustanon &#8211; 3 Pack-"},"content":{"rendered":"<p>Le m\u00e9lange de testost\u00e9rone ou Sustanon est l&rsquo;un des st\u00e9ro\u00efdes anabolisants les plus populaires et les plus utilis\u00e9s. Sustanon agit d\u00e8s la premi\u00e8re administration gr\u00e2ce au propionate de testost\u00e9rone dans la composition. Les autres esters de la composition ont une action longue de 1 \u00e0 2 semaines. C&rsquo;est un meilleur st\u00e9ro\u00efde en raison de sa testost\u00e9rone \u00e9nanthate ou cypionate car il maintient un niveau constant de testost\u00e9rone dans le sang. Il a un effet anabolisant \u00e9lev\u00e9 et \u00e9galement une activit\u00e9 androg\u00e8ne prononc\u00e9e. C&rsquo;est un st\u00e9ro\u00efde utilis\u00e9 pendant les p\u00e9riodes d&rsquo;accumulation de masse, apporte des gains significatifs de masse et de force. Bien qu&rsquo;il soit aromatis\u00e9 comme un st\u00e9ro\u00efde \u00e0 base de testost\u00e9rone, ses effets secondaires sont plus doux que ceux de la testost\u00e9rone \u00e9nanthate. Sustanon se fera sentir rapidement dans le corps en raison des esters courts qui commencent \u00e0 agir imm\u00e9diatement apr\u00e8s l&rsquo;injection.<\/p>","protected":false},"excerpt":{"rendered":"<p>Le m\u00e9lange de testost\u00e9rone ou Sustanon est l&rsquo;un des st\u00e9ro\u00efdes anabolisants les plus populaires et les plus utilis\u00e9s. Sustanon agit<\/p>\n","protected":false},"featured_media":7238,"comment_status":"open","ping_status":"closed","template":"","meta":[],"product_brand":[],"product_cat":[69,3474],"product_tag":[],"class_list":{"0":"post-7237","1":"product","2":"type-product","3":"status-publish","4":"has-post-thumbnail","6":"product_cat-esteroides_inyectables","7":"product_cat-packs","9":"first","10":"outofstock","11":"sale","12":"shipping-taxable","13":"purchasable","14":"product-type-simple"},"yoast_head":"<!-- This site is optimized with the Yoast SEO Premium plugin v24.4 (Yoast SEO v27.0) - https:\/\/yoast.com\/product\/yoast-seo-premium-wordpress\/ -->\n<title>Testosterone Mix \u2013 Sustanon - 3 Pack- - (Espa\u00f1ol) Esteroides en l\u00ednea<\/title>\n<meta name=\"robots\" content=\"index, follow, max-snippet:-1, max-image-preview:large, max-video-preview:-1\" \/>\n<link rel=\"canonical\" href=\"https:\/\/iberoid-shop.com\/fr\/product\/pack3-testosterone-mix-sustanon-epf\/\" \/>\n<meta property=\"og:locale\" content=\"fr_FR\" \/>\n<meta property=\"og:type\" content=\"article\" \/>\n<meta property=\"og:title\" content=\"Testosterone Mix \u2013 Sustanon - 3 Pack-\" \/>\n<meta property=\"og:description\" content=\"Le m\u00e9lange de testost\u00e9rone ou Sustanon est l&rsquo;un des st\u00e9ro\u00efdes anabolisants les plus populaires et les plus utilis\u00e9s. Sustanon agit\" \/>\n<meta property=\"og:url\" content=\"https:\/\/iberoid-shop.com\/fr\/product\/pack3-testosterone-mix-sustanon-epf\/\" \/>\n<meta property=\"og:site_name\" content=\"(Espa\u00f1ol) Esteroides en l\u00ednea\" \/>\n<meta property=\"article:modified_time\" content=\"2023-03-21T14:11:42+00:00\" \/>\n<meta property=\"og:image\" content=\"https:\/\/iberoid-shop.com\/wp-content\/uploads\/2022\/01\/3mix-epf.jpg?v=1678119924\" \/>\n\t<meta property=\"og:image:width\" content=\"960\" \/>\n\t<meta property=\"og:image:height\" content=\"1280\" \/>\n\t<meta property=\"og:image:type\" content=\"image\/jpeg\" \/>\n<meta name=\"twitter:card\" content=\"summary_large_image\" \/>\n<meta name=\"twitter:label1\" content=\"Prix\" \/>\n\t<meta name=\"twitter:data1\" content=\"&euro;110.00\" \/>\n\t<meta name=\"twitter:label2\" content=\"Disponibilit\u00e9\" \/>\n\t<meta name=\"twitter:data2\" content=\"Rupture de stock\" \/>\n<script type=\"application\/ld+json\" class=\"yoast-schema-graph\">{\"@context\":\"https:\/\/schema.org\",\"@graph\":[{\"@type\":\"WebPage\",\"@id\":\"https:\/\/iberoid-shop.com\/fr\/product\/pack3-testosterone-mix-sustanon-epf\/\",\"url\":\"https:\/\/iberoid-shop.com\/fr\/product\/pack3-testosterone-mix-sustanon-epf\/\",\"name\":\"Testosterone Mix \u2013 Sustanon - 3 Pack- - (Espa\u00f1ol) Esteroides en l\u00ednea\",\"isPartOf\":{\"@id\":\"https:\/\/iberoid-shop.com\/fr\/#website\"},\"primaryImageOfPage\":{\"@id\":\"https:\/\/iberoid-shop.com\/fr\/product\/pack3-testosterone-mix-sustanon-epf\/#primaryimage\"},\"image\":{\"@id\":\"https:\/\/iberoid-shop.com\/fr\/product\/pack3-testosterone-mix-sustanon-epf\/#primaryimage\"},\"thumbnailUrl\":\"https:\/\/iberoid-shop.com\/wp-content\/uploads\/2022\/01\/3mix-epf.jpg?v=1678119924\",\"datePublished\":\"2022-01-31T21:20:05+00:00\",\"dateModified\":\"2023-03-21T14:11:42+00:00\",\"breadcrumb\":{\"@id\":\"https:\/\/iberoid-shop.com\/fr\/product\/pack3-testosterone-mix-sustanon-epf\/#breadcrumb\"},\"inLanguage\":\"fr-FR\",\"potentialAction\":[{\"@type\":\"ReadAction\",\"target\":[[\"https:\/\/iberoid-shop.com\/fr\/product\/pack3-testosterone-mix-sustanon-epf\/\"]]}]},{\"@type\":\"ImageObject\",\"inLanguage\":\"fr-FR\",\"@id\":\"https:\/\/iberoid-shop.com\/fr\/product\/pack3-testosterone-mix-sustanon-epf\/#primaryimage\",\"url\":\"https:\/\/iberoid-shop.com\/wp-content\/uploads\/2022\/01\/3mix-epf.jpg?v=1678119924\",\"contentUrl\":\"https:\/\/iberoid-shop.com\/wp-content\/uploads\/2022\/01\/3mix-epf.jpg?v=1678119924\",\"width\":960,\"height\":1280},{\"@type\":\"BreadcrumbList\",\"@id\":\"https:\/\/iberoid-shop.com\/fr\/product\/pack3-testosterone-mix-sustanon-epf\/#breadcrumb\",\"itemListElement\":[{\"@type\":\"ListItem\",\"position\":1,\"name\":\"Portada\",\"item\":\"https:\/\/iberoid-shop.com\/fr\/\"},{\"@type\":\"ListItem\",\"position\":2,\"name\":\"Magasin\",\"item\":\"https:\/\/iberoid-shop.com\/fr\/shop\/\"},{\"@type\":\"ListItem\",\"position\":3,\"name\":\"Testosterone Mix \u2013 Sustanon &#8211; 3 Pack-\"}]},{\"@type\":\"WebSite\",\"@id\":\"https:\/\/iberoid-shop.com\/fr\/#website\",\"url\":\"https:\/\/iberoid-shop.com\/fr\/\",\"name\":\"(Espa\u00f1ol) Esteroides en l\u00ednea\",\"description\":\"(Espa\u00f1ol) Comprar esteroides en l\u00ednea hoy en Espa\u00f1a y Portugal. Tenemos el mejor servicio al cliente en la industria y los productos de la m\u00e1s alta calidad\",\"potentialAction\":[{\"@type\":\"SearchAction\",\"target\":{\"@type\":\"EntryPoint\",\"urlTemplate\":\"https:\/\/iberoid-shop.com\/fr\/?s={search_term_string}\"},\"query-input\":{\"@type\":\"PropertyValueSpecification\",\"valueRequired\":true,\"valueName\":\"search_term_string\"}}],\"inLanguage\":\"fr-FR\"}]}<\/script>\n<meta property=\"product:brand\" content=\"Euro Prime Pharmaceuticals (EPF)\" \/>\n<meta property=\"product:price:amount\" content=\"110.00\" \/>\n<meta property=\"product:price:currency\" content=\"EUR\" \/>\n<meta property=\"og:availability\" content=\"out of stock\" \/>\n<meta property=\"product:availability\" content=\"out of stock\" \/>\n<meta property=\"product:condition\" content=\"new\" \/>\n<!-- \/ Yoast SEO Premium plugin. -->","yoast_head_json":{"title":"Testosterone Mix \u2013 Sustanon - 3 Pack- - (Espa\u00f1ol) Esteroides en l\u00ednea","robots":{"index":"index","follow":"follow","max-snippet":"max-snippet:-1","max-image-preview":"max-image-preview:large","max-video-preview":"max-video-preview:-1"},"canonical":"https:\/\/iberoid-shop.com\/fr\/product\/pack3-testosterone-mix-sustanon-epf\/","og_locale":"fr_FR","og_type":"article","og_title":"Testosterone Mix \u2013 Sustanon - 3 Pack-","og_description":"Le m\u00e9lange de testost\u00e9rone ou Sustanon est l&rsquo;un des st\u00e9ro\u00efdes anabolisants les plus populaires et les plus utilis\u00e9s. Sustanon agit","og_url":"https:\/\/iberoid-shop.com\/fr\/product\/pack3-testosterone-mix-sustanon-epf\/","og_site_name":"(Espa\u00f1ol) Esteroides en l\u00ednea","article_modified_time":"2023-03-21T14:11:42+00:00","og_image":[{"width":960,"height":1280,"url":"https:\/\/iberoid-shop.com\/wp-content\/uploads\/2022\/01\/3mix-epf.jpg?v=1678119924","type":"image\/jpeg"}],"twitter_card":"summary_large_image","twitter_misc":{"Prix":"&euro;110.00","Disponibilit\u00e9":"Rupture de stock"},"schema":{"@context":"https:\/\/schema.org","@graph":[{"@type":"WebPage","@id":"https:\/\/iberoid-shop.com\/fr\/product\/pack3-testosterone-mix-sustanon-epf\/","url":"https:\/\/iberoid-shop.com\/fr\/product\/pack3-testosterone-mix-sustanon-epf\/","name":"Testosterone Mix \u2013 Sustanon - 3 Pack- - (Espa\u00f1ol) Esteroides en l\u00ednea","isPartOf":{"@id":"https:\/\/iberoid-shop.com\/fr\/#website"},"primaryImageOfPage":{"@id":"https:\/\/iberoid-shop.com\/fr\/product\/pack3-testosterone-mix-sustanon-epf\/#primaryimage"},"image":{"@id":"https:\/\/iberoid-shop.com\/fr\/product\/pack3-testosterone-mix-sustanon-epf\/#primaryimage"},"thumbnailUrl":"https:\/\/iberoid-shop.com\/wp-content\/uploads\/2022\/01\/3mix-epf.jpg?v=1678119924","datePublished":"2022-01-31T21:20:05+00:00","dateModified":"2023-03-21T14:11:42+00:00","breadcrumb":{"@id":"https:\/\/iberoid-shop.com\/fr\/product\/pack3-testosterone-mix-sustanon-epf\/#breadcrumb"},"inLanguage":"fr-FR","potentialAction":[{"@type":"ReadAction","target":[["https:\/\/iberoid-shop.com\/fr\/product\/pack3-testosterone-mix-sustanon-epf\/"]]}]},{"@type":"ImageObject","inLanguage":"fr-FR","@id":"https:\/\/iberoid-shop.com\/fr\/product\/pack3-testosterone-mix-sustanon-epf\/#primaryimage","url":"https:\/\/iberoid-shop.com\/wp-content\/uploads\/2022\/01\/3mix-epf.jpg?v=1678119924","contentUrl":"https:\/\/iberoid-shop.com\/wp-content\/uploads\/2022\/01\/3mix-epf.jpg?v=1678119924","width":960,"height":1280},{"@type":"BreadcrumbList","@id":"https:\/\/iberoid-shop.com\/fr\/product\/pack3-testosterone-mix-sustanon-epf\/#breadcrumb","itemListElement":[{"@type":"ListItem","position":1,"name":"Portada","item":"https:\/\/iberoid-shop.com\/fr\/"},{"@type":"ListItem","position":2,"name":"Magasin","item":"https:\/\/iberoid-shop.com\/fr\/shop\/"},{"@type":"ListItem","position":3,"name":"Testosterone Mix \u2013 Sustanon &#8211; 3 Pack-"}]},{"@type":"WebSite","@id":"https:\/\/iberoid-shop.com\/fr\/#website","url":"https:\/\/iberoid-shop.com\/fr\/","name":"(Espa\u00f1ol) Esteroides en l\u00ednea","description":"(Espa\u00f1ol) Comprar esteroides en l\u00ednea hoy en Espa\u00f1a y Portugal. Tenemos el mejor servicio al cliente en la industria y los productos de la m\u00e1s alta calidad","potentialAction":[{"@type":"SearchAction","target":{"@type":"EntryPoint","urlTemplate":"https:\/\/iberoid-shop.com\/fr\/?s={search_term_string}"},"query-input":{"@type":"PropertyValueSpecification","valueRequired":true,"valueName":"search_term_string"}}],"inLanguage":"fr-FR"}]},"product_brand":"Euro Prime Pharmaceuticals (EPF)","product_price_amount":"110.00","product_price_currency":"EUR","og_availability":"out of stock","product_availability":"out of stock","product_condition":"new"},"_links":{"self":[{"href":"https:\/\/iberoid-shop.com\/fr\/wp-json\/wp\/v2\/product\/7237","targetHints":{"allow":["GET"]}}],"collection":[{"href":"https:\/\/iberoid-shop.com\/fr\/wp-json\/wp\/v2\/product"}],"about":[{"href":"https:\/\/iberoid-shop.com\/fr\/wp-json\/wp\/v2\/types\/product"}],"replies":[{"embeddable":true,"href":"https:\/\/iberoid-shop.com\/fr\/wp-json\/wp\/v2\/comments?post=7237"}],"wp:featuredmedia":[{"embeddable":true,"href":"https:\/\/iberoid-shop.com\/fr\/wp-json\/wp\/v2\/media\/7238"}],"wp:attachment":[{"href":"https:\/\/iberoid-shop.com\/fr\/wp-json\/wp\/v2\/media?parent=7237"}],"wp:term":[{"taxonomy":"product_brand","embeddable":true,"href":"https:\/\/iberoid-shop.com\/fr\/wp-json\/wp\/v2\/product_brand?post=7237"},{"taxonomy":"product_cat","embeddable":true,"href":"https:\/\/iberoid-shop.com\/fr\/wp-json\/wp\/v2\/product_cat?post=7237"},{"taxonomy":"product_tag","embeddable":true,"href":"https:\/\/iberoid-shop.com\/fr\/wp-json\/wp\/v2\/product_tag?post=7237"}],"curies":[{"name":"wp","href":"https:\/\/api.w.org\/{rel}","templated":true}]}}