{"id":7233,"date":"2022-01-31T21:16:10","date_gmt":"2022-01-31T21:16:10","guid":{"rendered":"https:\/\/iberoid-shop.com\/?post_type=product&#038;p=7233"},"modified":"2022-09-18T09:20:58","modified_gmt":"2022-09-18T09:20:58","slug":"pack3-cajas-nandrolone-decanoate-euro-prime-epf","status":"publish","type":"product","link":"https:\/\/iberoid-shop.com\/fr\/product\/pack3-cajas-nandrolone-decanoate-euro-prime-epf\/","title":{"rendered":"NANDROLONE DECANOATE &#8211; PACK 3 CAJAS"},"content":{"rendered":"<p>NANDROLONE DECANOATE provoque un \u00e9quilibre positif de l&rsquo;azote dans les tissus musculaires et a donc des effets anabolisants importants, avec des effets secondaires androg\u00e8nes minimes. L&rsquo;utilisation de d\u00e9canate de nandrolone entra\u00eene une augmentation du poids corporel et a un effet positif sur le syst\u00e8me immunomodul\u00e9. Decabolin bloque \u00e9galement les r\u00e9cepteurs de la cortisone, permettant \u00e0 moins de cortisone d&rsquo;atteindre les cellules musculaires et le tissu conjonctif. Ces derni\u00e8res ann\u00e9es, la nandrolone a \u00e9t\u00e9 largement utilis\u00e9e dans le traitement des patients atteints du VIH. Des effets secondaires minimes peuvent se manifester par une pression art\u00e9rielle \u00e9lev\u00e9e, des maux de t\u00eate et un temps prolong\u00e9 de coagulation du sang. Le d\u00e9canoate de nandrolone est l&rsquo;un des st\u00e9ro\u00efdes anabolisants les plus couramment utilis\u00e9s par les athl\u00e8tes qui am\u00e9liorent leurs performances. Il est bien connu pour \u00eatre un st\u00e9ro\u00efde de masse hors saison extr\u00eamement b\u00e9n\u00e9fique, mais il est \u00e9galement un favori dans de nombreux cercles sportifs pour ses bienfaits th\u00e9rapeutiques.<\/p>","protected":false},"excerpt":{"rendered":"<p>NANDROLONE DECANOATE provoque un \u00e9quilibre positif de l&rsquo;azote dans les tissus musculaires et a donc des effets anabolisants importants, avec<\/p>\n","protected":false},"featured_media":7234,"comment_status":"open","ping_status":"closed","template":"","meta":[],"product_brand":[],"product_cat":[69,3474],"product_tag":[],"class_list":{"0":"post-7233","1":"product","2":"type-product","3":"status-publish","4":"has-post-thumbnail","6":"product_cat-esteroides_inyectables","7":"product_cat-packs","9":"first","10":"outofstock","11":"sale","12":"shipping-taxable","13":"purchasable","14":"product-type-simple"},"yoast_head":"<!-- This site is optimized with the Yoast SEO Premium plugin v24.4 (Yoast SEO v27.0) - https:\/\/yoast.com\/product\/yoast-seo-premium-wordpress\/ -->\n<title>NANDROLONE DECANOATE - PACK 3 CAJAS - (Espa\u00f1ol) Esteroides en l\u00ednea<\/title>\n<meta name=\"robots\" content=\"index, follow, max-snippet:-1, max-image-preview:large, max-video-preview:-1\" \/>\n<link rel=\"canonical\" href=\"https:\/\/iberoid-shop.com\/fr\/product\/pack3-cajas-nandrolone-decanoate-euro-prime-epf\/\" \/>\n<meta property=\"og:locale\" content=\"fr_FR\" \/>\n<meta property=\"og:type\" content=\"article\" \/>\n<meta property=\"og:title\" content=\"NANDROLONE DECANOATE - PACK 3 CAJAS\" \/>\n<meta property=\"og:description\" content=\"NANDROLONE DECANOATE provoque un \u00e9quilibre positif de l&rsquo;azote dans les tissus musculaires et a donc des effets anabolisants importants, avec\" \/>\n<meta property=\"og:url\" content=\"https:\/\/iberoid-shop.com\/fr\/product\/pack3-cajas-nandrolone-decanoate-euro-prime-epf\/\" \/>\n<meta property=\"og:site_name\" content=\"(Espa\u00f1ol) Esteroides en l\u00ednea\" \/>\n<meta property=\"article:modified_time\" content=\"2022-09-18T09:20:58+00:00\" \/>\n<meta property=\"og:image\" content=\"https:\/\/iberoid-shop.com\/wp-content\/uploads\/2022\/01\/3dk-epf-rotated.jpg?v=1678119926\" \/>\n\t<meta property=\"og:image:width\" content=\"1280\" \/>\n\t<meta property=\"og:image:height\" content=\"960\" \/>\n\t<meta property=\"og:image:type\" content=\"image\/jpeg\" \/>\n<meta name=\"twitter:card\" content=\"summary_large_image\" \/>\n<meta name=\"twitter:label1\" content=\"Prix\" \/>\n\t<meta name=\"twitter:data1\" content=\"&euro;130.00\" \/>\n\t<meta name=\"twitter:label2\" content=\"Disponibilit\u00e9\" \/>\n\t<meta name=\"twitter:data2\" content=\"Rupture de stock\" \/>\n<script type=\"application\/ld+json\" class=\"yoast-schema-graph\">{\"@context\":\"https:\/\/schema.org\",\"@graph\":[{\"@type\":\"WebPage\",\"@id\":\"https:\/\/iberoid-shop.com\/fr\/product\/pack3-cajas-nandrolone-decanoate-euro-prime-epf\/\",\"url\":\"https:\/\/iberoid-shop.com\/fr\/product\/pack3-cajas-nandrolone-decanoate-euro-prime-epf\/\",\"name\":\"NANDROLONE DECANOATE - PACK 3 CAJAS - (Espa\u00f1ol) Esteroides en l\u00ednea\",\"isPartOf\":{\"@id\":\"https:\/\/iberoid-shop.com\/fr\/#website\"},\"primaryImageOfPage\":{\"@id\":\"https:\/\/iberoid-shop.com\/fr\/product\/pack3-cajas-nandrolone-decanoate-euro-prime-epf\/#primaryimage\"},\"image\":{\"@id\":\"https:\/\/iberoid-shop.com\/fr\/product\/pack3-cajas-nandrolone-decanoate-euro-prime-epf\/#primaryimage\"},\"thumbnailUrl\":\"https:\/\/iberoid-shop.com\/wp-content\/uploads\/2022\/01\/3dk-epf-rotated.jpg?v=1678119926\",\"datePublished\":\"2022-01-31T21:16:10+00:00\",\"dateModified\":\"2022-09-18T09:20:58+00:00\",\"breadcrumb\":{\"@id\":\"https:\/\/iberoid-shop.com\/fr\/product\/pack3-cajas-nandrolone-decanoate-euro-prime-epf\/#breadcrumb\"},\"inLanguage\":\"fr-FR\",\"potentialAction\":[{\"@type\":\"ReadAction\",\"target\":[[\"https:\/\/iberoid-shop.com\/fr\/product\/pack3-cajas-nandrolone-decanoate-euro-prime-epf\/\"]]}]},{\"@type\":\"ImageObject\",\"inLanguage\":\"fr-FR\",\"@id\":\"https:\/\/iberoid-shop.com\/fr\/product\/pack3-cajas-nandrolone-decanoate-euro-prime-epf\/#primaryimage\",\"url\":\"https:\/\/iberoid-shop.com\/wp-content\/uploads\/2022\/01\/3dk-epf-rotated.jpg?v=1678119926\",\"contentUrl\":\"https:\/\/iberoid-shop.com\/wp-content\/uploads\/2022\/01\/3dk-epf-rotated.jpg?v=1678119926\",\"width\":1280,\"height\":960},{\"@type\":\"BreadcrumbList\",\"@id\":\"https:\/\/iberoid-shop.com\/fr\/product\/pack3-cajas-nandrolone-decanoate-euro-prime-epf\/#breadcrumb\",\"itemListElement\":[{\"@type\":\"ListItem\",\"position\":1,\"name\":\"Portada\",\"item\":\"https:\/\/iberoid-shop.com\/fr\/\"},{\"@type\":\"ListItem\",\"position\":2,\"name\":\"Magasin\",\"item\":\"https:\/\/iberoid-shop.com\/fr\/shop\/\"},{\"@type\":\"ListItem\",\"position\":3,\"name\":\"NANDROLONE DECANOATE &#8211; PACK 3 CAJAS\"}]},{\"@type\":\"WebSite\",\"@id\":\"https:\/\/iberoid-shop.com\/fr\/#website\",\"url\":\"https:\/\/iberoid-shop.com\/fr\/\",\"name\":\"(Espa\u00f1ol) Esteroides en l\u00ednea\",\"description\":\"(Espa\u00f1ol) Comprar esteroides en l\u00ednea hoy en Espa\u00f1a y Portugal. Tenemos el mejor servicio al cliente en la industria y los productos de la m\u00e1s alta calidad\",\"potentialAction\":[{\"@type\":\"SearchAction\",\"target\":{\"@type\":\"EntryPoint\",\"urlTemplate\":\"https:\/\/iberoid-shop.com\/fr\/?s={search_term_string}\"},\"query-input\":{\"@type\":\"PropertyValueSpecification\",\"valueRequired\":true,\"valueName\":\"search_term_string\"}}],\"inLanguage\":\"fr-FR\"}]}<\/script>\n<meta property=\"product:brand\" content=\"Euro Prime Pharmaceuticals (EPF)\" \/>\n<meta property=\"product:price:amount\" content=\"130.00\" \/>\n<meta property=\"product:price:currency\" content=\"EUR\" \/>\n<meta property=\"og:availability\" content=\"out of stock\" \/>\n<meta property=\"product:availability\" content=\"out of stock\" \/>\n<meta property=\"product:condition\" content=\"new\" \/>\n<!-- \/ Yoast SEO Premium plugin. -->","yoast_head_json":{"title":"NANDROLONE DECANOATE - PACK 3 CAJAS - (Espa\u00f1ol) Esteroides en l\u00ednea","robots":{"index":"index","follow":"follow","max-snippet":"max-snippet:-1","max-image-preview":"max-image-preview:large","max-video-preview":"max-video-preview:-1"},"canonical":"https:\/\/iberoid-shop.com\/fr\/product\/pack3-cajas-nandrolone-decanoate-euro-prime-epf\/","og_locale":"fr_FR","og_type":"article","og_title":"NANDROLONE DECANOATE - PACK 3 CAJAS","og_description":"NANDROLONE DECANOATE provoque un \u00e9quilibre positif de l&rsquo;azote dans les tissus musculaires et a donc des effets anabolisants importants, avec","og_url":"https:\/\/iberoid-shop.com\/fr\/product\/pack3-cajas-nandrolone-decanoate-euro-prime-epf\/","og_site_name":"(Espa\u00f1ol) Esteroides en l\u00ednea","article_modified_time":"2022-09-18T09:20:58+00:00","og_image":[{"width":1280,"height":960,"url":"https:\/\/iberoid-shop.com\/wp-content\/uploads\/2022\/01\/3dk-epf-rotated.jpg?v=1678119926","type":"image\/jpeg"}],"twitter_card":"summary_large_image","twitter_misc":{"Prix":"&euro;130.00","Disponibilit\u00e9":"Rupture de stock"},"schema":{"@context":"https:\/\/schema.org","@graph":[{"@type":"WebPage","@id":"https:\/\/iberoid-shop.com\/fr\/product\/pack3-cajas-nandrolone-decanoate-euro-prime-epf\/","url":"https:\/\/iberoid-shop.com\/fr\/product\/pack3-cajas-nandrolone-decanoate-euro-prime-epf\/","name":"NANDROLONE DECANOATE - PACK 3 CAJAS - (Espa\u00f1ol) Esteroides en l\u00ednea","isPartOf":{"@id":"https:\/\/iberoid-shop.com\/fr\/#website"},"primaryImageOfPage":{"@id":"https:\/\/iberoid-shop.com\/fr\/product\/pack3-cajas-nandrolone-decanoate-euro-prime-epf\/#primaryimage"},"image":{"@id":"https:\/\/iberoid-shop.com\/fr\/product\/pack3-cajas-nandrolone-decanoate-euro-prime-epf\/#primaryimage"},"thumbnailUrl":"https:\/\/iberoid-shop.com\/wp-content\/uploads\/2022\/01\/3dk-epf-rotated.jpg?v=1678119926","datePublished":"2022-01-31T21:16:10+00:00","dateModified":"2022-09-18T09:20:58+00:00","breadcrumb":{"@id":"https:\/\/iberoid-shop.com\/fr\/product\/pack3-cajas-nandrolone-decanoate-euro-prime-epf\/#breadcrumb"},"inLanguage":"fr-FR","potentialAction":[{"@type":"ReadAction","target":[["https:\/\/iberoid-shop.com\/fr\/product\/pack3-cajas-nandrolone-decanoate-euro-prime-epf\/"]]}]},{"@type":"ImageObject","inLanguage":"fr-FR","@id":"https:\/\/iberoid-shop.com\/fr\/product\/pack3-cajas-nandrolone-decanoate-euro-prime-epf\/#primaryimage","url":"https:\/\/iberoid-shop.com\/wp-content\/uploads\/2022\/01\/3dk-epf-rotated.jpg?v=1678119926","contentUrl":"https:\/\/iberoid-shop.com\/wp-content\/uploads\/2022\/01\/3dk-epf-rotated.jpg?v=1678119926","width":1280,"height":960},{"@type":"BreadcrumbList","@id":"https:\/\/iberoid-shop.com\/fr\/product\/pack3-cajas-nandrolone-decanoate-euro-prime-epf\/#breadcrumb","itemListElement":[{"@type":"ListItem","position":1,"name":"Portada","item":"https:\/\/iberoid-shop.com\/fr\/"},{"@type":"ListItem","position":2,"name":"Magasin","item":"https:\/\/iberoid-shop.com\/fr\/shop\/"},{"@type":"ListItem","position":3,"name":"NANDROLONE DECANOATE &#8211; PACK 3 CAJAS"}]},{"@type":"WebSite","@id":"https:\/\/iberoid-shop.com\/fr\/#website","url":"https:\/\/iberoid-shop.com\/fr\/","name":"(Espa\u00f1ol) Esteroides en l\u00ednea","description":"(Espa\u00f1ol) Comprar esteroides en l\u00ednea hoy en Espa\u00f1a y Portugal. Tenemos el mejor servicio al cliente en la industria y los productos de la m\u00e1s alta calidad","potentialAction":[{"@type":"SearchAction","target":{"@type":"EntryPoint","urlTemplate":"https:\/\/iberoid-shop.com\/fr\/?s={search_term_string}"},"query-input":{"@type":"PropertyValueSpecification","valueRequired":true,"valueName":"search_term_string"}}],"inLanguage":"fr-FR"}]},"product_brand":"Euro Prime Pharmaceuticals (EPF)","product_price_amount":"130.00","product_price_currency":"EUR","og_availability":"out of stock","product_availability":"out of stock","product_condition":"new"},"_links":{"self":[{"href":"https:\/\/iberoid-shop.com\/fr\/wp-json\/wp\/v2\/product\/7233","targetHints":{"allow":["GET"]}}],"collection":[{"href":"https:\/\/iberoid-shop.com\/fr\/wp-json\/wp\/v2\/product"}],"about":[{"href":"https:\/\/iberoid-shop.com\/fr\/wp-json\/wp\/v2\/types\/product"}],"replies":[{"embeddable":true,"href":"https:\/\/iberoid-shop.com\/fr\/wp-json\/wp\/v2\/comments?post=7233"}],"wp:featuredmedia":[{"embeddable":true,"href":"https:\/\/iberoid-shop.com\/fr\/wp-json\/wp\/v2\/media\/7234"}],"wp:attachment":[{"href":"https:\/\/iberoid-shop.com\/fr\/wp-json\/wp\/v2\/media?parent=7233"}],"wp:term":[{"taxonomy":"product_brand","embeddable":true,"href":"https:\/\/iberoid-shop.com\/fr\/wp-json\/wp\/v2\/product_brand?post=7233"},{"taxonomy":"product_cat","embeddable":true,"href":"https:\/\/iberoid-shop.com\/fr\/wp-json\/wp\/v2\/product_cat?post=7233"},{"taxonomy":"product_tag","embeddable":true,"href":"https:\/\/iberoid-shop.com\/fr\/wp-json\/wp\/v2\/product_tag?post=7233"}],"curies":[{"name":"wp","href":"https:\/\/api.w.org\/{rel}","templated":true}]}}