{"id":7220,"date":"2022-01-29T15:18:20","date_gmt":"2022-01-29T15:18:20","guid":{"rendered":"https:\/\/iberoid-shop.com\/?post_type=product&#038;p=7220"},"modified":"2023-07-28T11:35:33","modified_gmt":"2023-07-28T11:35:33","slug":"dianabol-10mg-pharmagen-pharma","status":"publish","type":"product","link":"https:\/\/iberoid-shop.com\/fr\/product\/dianabol-10mg-pharmagen-pharma\/","title":{"rendered":"DIANABOL 10MG"},"content":{"rendered":"<p>Dianabol de Pharma Gen est compos\u00e9 de 10 mg\/tab de pilules orales de Methandienone. Un flacon de Dianabol contient 100 comprim\u00e9s.<\/p>\n<p>Tout d&rsquo;abord, Dianabol est appliqu\u00e9 pour les cycles de gain musculaire, car son utilisation stimule les processus de construction musculaire et augmente la masse musculaire. Pendant ce temps, Dianabol favorise \u00e9galement les processus de combustion des graisses. En outre, Dbol a un impact positif sur les performances sportives d&rsquo;un consommateur en augmentant sa force et son endurance et en acc\u00e9l\u00e9rant la r\u00e9cup\u00e9ration des muscles apr\u00e8s des blessures. Plus pr\u00e9cis\u00e9ment, l&rsquo;utilisation de ce st\u00e9ro\u00efde contribue \u00e0 la qualit\u00e9 d&rsquo;une vie sexuelle.<\/p>","protected":false},"excerpt":{"rendered":"<p>Dianabol de Pharma Gen est compos\u00e9 de 10 mg\/tab de pilules orales de Methandienone. Un flacon de Dianabol contient 100<\/p>\n","protected":false},"featured_media":7221,"comment_status":"open","ping_status":"closed","template":"","meta":[],"product_brand":[],"product_cat":[73],"product_tag":[],"class_list":{"0":"post-7220","1":"product","2":"type-product","3":"status-publish","4":"has-post-thumbnail","6":"product_cat-ssteroides_orales","8":"first","9":"outofstock","10":"shipping-taxable","11":"purchasable","12":"product-type-simple"},"yoast_head":"<!-- This site is optimized with the Yoast SEO Premium plugin v24.4 (Yoast SEO v27.3) - https:\/\/yoast.com\/product\/yoast-seo-premium-wordpress\/ -->\n<title>DIANABOL 10MG - (Espa\u00f1ol) Esteroides en l\u00ednea<\/title>\n<meta name=\"robots\" content=\"index, follow, max-snippet:-1, max-image-preview:large, max-video-preview:-1\" \/>\n<link rel=\"canonical\" href=\"https:\/\/iberoid-shop.com\/fr\/product\/dianabol-10mg-pharmagen-pharma\/\" \/>\n<meta property=\"og:locale\" content=\"fr_FR\" \/>\n<meta property=\"og:type\" content=\"article\" \/>\n<meta property=\"og:title\" content=\"DIANABOL 10MG\" \/>\n<meta property=\"og:description\" content=\"Dianabol de Pharma Gen est compos\u00e9 de 10 mg\/tab de pilules orales de Methandienone. Un flacon de Dianabol contient 100\" \/>\n<meta property=\"og:url\" content=\"https:\/\/iberoid-shop.com\/fr\/product\/dianabol-10mg-pharmagen-pharma\/\" \/>\n<meta property=\"og:site_name\" content=\"(Espa\u00f1ol) Esteroides en l\u00ednea\" \/>\n<meta property=\"article:modified_time\" content=\"2023-07-28T11:35:33+00:00\" \/>\n<meta property=\"og:image\" content=\"https:\/\/iberoid-shop.com\/wp-content\/uploads\/2022\/01\/Danabol-10mg.jpg?v=1678119928\" \/>\n\t<meta property=\"og:image:width\" content=\"2000\" \/>\n\t<meta property=\"og:image:height\" content=\"1334\" \/>\n\t<meta property=\"og:image:type\" content=\"image\/jpeg\" \/>\n<meta name=\"twitter:card\" content=\"summary_large_image\" \/>\n<meta name=\"twitter:label1\" content=\"Prix\" \/>\n\t<meta name=\"twitter:data1\" content=\"&euro;30.00\" \/>\n\t<meta name=\"twitter:label2\" content=\"Disponibilit\u00e9\" \/>\n\t<meta name=\"twitter:data2\" content=\"Rupture de stock\" \/>\n<script type=\"application\/ld+json\" class=\"yoast-schema-graph\">{\"@context\":\"https:\\\/\\\/schema.org\",\"@graph\":[{\"@type\":\"WebPage\",\"@id\":\"https:\\\/\\\/iberoid-shop.com\\\/fr\\\/product\\\/dianabol-10mg-pharmagen-pharma\\\/\",\"url\":\"https:\\\/\\\/iberoid-shop.com\\\/fr\\\/product\\\/dianabol-10mg-pharmagen-pharma\\\/\",\"name\":\"DIANABOL 10MG - (Espa\u00f1ol) Esteroides en l\u00ednea\",\"isPartOf\":{\"@id\":\"https:\\\/\\\/iberoid-shop.com\\\/fr\\\/#website\"},\"primaryImageOfPage\":{\"@id\":\"https:\\\/\\\/iberoid-shop.com\\\/fr\\\/product\\\/dianabol-10mg-pharmagen-pharma\\\/#primaryimage\"},\"image\":{\"@id\":\"https:\\\/\\\/iberoid-shop.com\\\/fr\\\/product\\\/dianabol-10mg-pharmagen-pharma\\\/#primaryimage\"},\"thumbnailUrl\":\"https:\\\/\\\/iberoid-shop.com\\\/wp-content\\\/uploads\\\/2022\\\/01\\\/Danabol-10mg.jpg?v=1678119928\",\"datePublished\":\"2022-01-29T15:18:20+00:00\",\"dateModified\":\"2023-07-28T11:35:33+00:00\",\"breadcrumb\":{\"@id\":\"https:\\\/\\\/iberoid-shop.com\\\/fr\\\/product\\\/dianabol-10mg-pharmagen-pharma\\\/#breadcrumb\"},\"inLanguage\":\"fr-FR\",\"potentialAction\":[{\"@type\":\"ReadAction\",\"target\":[[\"https:\\\/\\\/iberoid-shop.com\\\/fr\\\/product\\\/dianabol-10mg-pharmagen-pharma\\\/\"]]}]},{\"@type\":\"ImageObject\",\"inLanguage\":\"fr-FR\",\"@id\":\"https:\\\/\\\/iberoid-shop.com\\\/fr\\\/product\\\/dianabol-10mg-pharmagen-pharma\\\/#primaryimage\",\"url\":\"https:\\\/\\\/iberoid-shop.com\\\/wp-content\\\/uploads\\\/2022\\\/01\\\/Danabol-10mg.jpg?v=1678119928\",\"contentUrl\":\"https:\\\/\\\/iberoid-shop.com\\\/wp-content\\\/uploads\\\/2022\\\/01\\\/Danabol-10mg.jpg?v=1678119928\",\"width\":2000,\"height\":1334},{\"@type\":\"BreadcrumbList\",\"@id\":\"https:\\\/\\\/iberoid-shop.com\\\/fr\\\/product\\\/dianabol-10mg-pharmagen-pharma\\\/#breadcrumb\",\"itemListElement\":[{\"@type\":\"ListItem\",\"position\":1,\"name\":\"Portada\",\"item\":\"https:\\\/\\\/iberoid-shop.com\\\/fr\\\/\"},{\"@type\":\"ListItem\",\"position\":2,\"name\":\"Magasin\",\"item\":\"https:\\\/\\\/iberoid-shop.com\\\/fr\\\/shop\\\/\"},{\"@type\":\"ListItem\",\"position\":3,\"name\":\"DIANABOL 10MG\"}]},{\"@type\":\"WebSite\",\"@id\":\"https:\\\/\\\/iberoid-shop.com\\\/fr\\\/#website\",\"url\":\"https:\\\/\\\/iberoid-shop.com\\\/fr\\\/\",\"name\":\"(Espa\u00f1ol) Esteroides en l\u00ednea\",\"description\":\"(Espa\u00f1ol) Comprar esteroides en l\u00ednea hoy en Espa\u00f1a y Portugal. Tenemos el mejor servicio al cliente en la industria y los productos de la m\u00e1s alta calidad\",\"potentialAction\":[{\"@type\":\"SearchAction\",\"target\":{\"@type\":\"EntryPoint\",\"urlTemplate\":\"https:\\\/\\\/iberoid-shop.com\\\/fr\\\/?s={search_term_string}\"},\"query-input\":{\"@type\":\"PropertyValueSpecification\",\"valueRequired\":true,\"valueName\":\"search_term_string\"}}],\"inLanguage\":\"fr-FR\"}]}<\/script>\n<meta property=\"product:brand\" content=\"Pharma Gen\" \/>\n<meta property=\"product:price:amount\" content=\"30.00\" \/>\n<meta property=\"product:price:currency\" content=\"EUR\" \/>\n<meta property=\"og:availability\" content=\"out of stock\" \/>\n<meta property=\"product:availability\" content=\"out of stock\" \/>\n<meta property=\"product:condition\" content=\"new\" \/>\n<!-- \/ Yoast SEO Premium plugin. -->","yoast_head_json":{"title":"DIANABOL 10MG - (Espa\u00f1ol) Esteroides en l\u00ednea","robots":{"index":"index","follow":"follow","max-snippet":"max-snippet:-1","max-image-preview":"max-image-preview:large","max-video-preview":"max-video-preview:-1"},"canonical":"https:\/\/iberoid-shop.com\/fr\/product\/dianabol-10mg-pharmagen-pharma\/","og_locale":"fr_FR","og_type":"article","og_title":"DIANABOL 10MG","og_description":"Dianabol de Pharma Gen est compos\u00e9 de 10 mg\/tab de pilules orales de Methandienone. Un flacon de Dianabol contient 100","og_url":"https:\/\/iberoid-shop.com\/fr\/product\/dianabol-10mg-pharmagen-pharma\/","og_site_name":"(Espa\u00f1ol) Esteroides en l\u00ednea","article_modified_time":"2023-07-28T11:35:33+00:00","og_image":[{"width":2000,"height":1334,"url":"https:\/\/iberoid-shop.com\/wp-content\/uploads\/2022\/01\/Danabol-10mg.jpg?v=1678119928","type":"image\/jpeg"}],"twitter_card":"summary_large_image","twitter_misc":{"Prix":"&euro;30.00","Disponibilit\u00e9":"Rupture de stock"},"schema":{"@context":"https:\/\/schema.org","@graph":[{"@type":"WebPage","@id":"https:\/\/iberoid-shop.com\/fr\/product\/dianabol-10mg-pharmagen-pharma\/","url":"https:\/\/iberoid-shop.com\/fr\/product\/dianabol-10mg-pharmagen-pharma\/","name":"DIANABOL 10MG - (Espa\u00f1ol) Esteroides en l\u00ednea","isPartOf":{"@id":"https:\/\/iberoid-shop.com\/fr\/#website"},"primaryImageOfPage":{"@id":"https:\/\/iberoid-shop.com\/fr\/product\/dianabol-10mg-pharmagen-pharma\/#primaryimage"},"image":{"@id":"https:\/\/iberoid-shop.com\/fr\/product\/dianabol-10mg-pharmagen-pharma\/#primaryimage"},"thumbnailUrl":"https:\/\/iberoid-shop.com\/wp-content\/uploads\/2022\/01\/Danabol-10mg.jpg?v=1678119928","datePublished":"2022-01-29T15:18:20+00:00","dateModified":"2023-07-28T11:35:33+00:00","breadcrumb":{"@id":"https:\/\/iberoid-shop.com\/fr\/product\/dianabol-10mg-pharmagen-pharma\/#breadcrumb"},"inLanguage":"fr-FR","potentialAction":[{"@type":"ReadAction","target":[["https:\/\/iberoid-shop.com\/fr\/product\/dianabol-10mg-pharmagen-pharma\/"]]}]},{"@type":"ImageObject","inLanguage":"fr-FR","@id":"https:\/\/iberoid-shop.com\/fr\/product\/dianabol-10mg-pharmagen-pharma\/#primaryimage","url":"https:\/\/iberoid-shop.com\/wp-content\/uploads\/2022\/01\/Danabol-10mg.jpg?v=1678119928","contentUrl":"https:\/\/iberoid-shop.com\/wp-content\/uploads\/2022\/01\/Danabol-10mg.jpg?v=1678119928","width":2000,"height":1334},{"@type":"BreadcrumbList","@id":"https:\/\/iberoid-shop.com\/fr\/product\/dianabol-10mg-pharmagen-pharma\/#breadcrumb","itemListElement":[{"@type":"ListItem","position":1,"name":"Portada","item":"https:\/\/iberoid-shop.com\/fr\/"},{"@type":"ListItem","position":2,"name":"Magasin","item":"https:\/\/iberoid-shop.com\/fr\/shop\/"},{"@type":"ListItem","position":3,"name":"DIANABOL 10MG"}]},{"@type":"WebSite","@id":"https:\/\/iberoid-shop.com\/fr\/#website","url":"https:\/\/iberoid-shop.com\/fr\/","name":"(Espa\u00f1ol) Esteroides en l\u00ednea","description":"(Espa\u00f1ol) Comprar esteroides en l\u00ednea hoy en Espa\u00f1a y Portugal. Tenemos el mejor servicio al cliente en la industria y los productos de la m\u00e1s alta calidad","potentialAction":[{"@type":"SearchAction","target":{"@type":"EntryPoint","urlTemplate":"https:\/\/iberoid-shop.com\/fr\/?s={search_term_string}"},"query-input":{"@type":"PropertyValueSpecification","valueRequired":true,"valueName":"search_term_string"}}],"inLanguage":"fr-FR"}]},"product_brand":"Pharma Gen","product_price_amount":"30.00","product_price_currency":"EUR","og_availability":"out of stock","product_availability":"out of stock","product_condition":"new"},"_links":{"self":[{"href":"https:\/\/iberoid-shop.com\/fr\/wp-json\/wp\/v2\/product\/7220","targetHints":{"allow":["GET"]}}],"collection":[{"href":"https:\/\/iberoid-shop.com\/fr\/wp-json\/wp\/v2\/product"}],"about":[{"href":"https:\/\/iberoid-shop.com\/fr\/wp-json\/wp\/v2\/types\/product"}],"replies":[{"embeddable":true,"href":"https:\/\/iberoid-shop.com\/fr\/wp-json\/wp\/v2\/comments?post=7220"}],"wp:featuredmedia":[{"embeddable":true,"href":"https:\/\/iberoid-shop.com\/fr\/wp-json\/wp\/v2\/media\/7221"}],"wp:attachment":[{"href":"https:\/\/iberoid-shop.com\/fr\/wp-json\/wp\/v2\/media?parent=7220"}],"wp:term":[{"taxonomy":"product_brand","embeddable":true,"href":"https:\/\/iberoid-shop.com\/fr\/wp-json\/wp\/v2\/product_brand?post=7220"},{"taxonomy":"product_cat","embeddable":true,"href":"https:\/\/iberoid-shop.com\/fr\/wp-json\/wp\/v2\/product_cat?post=7220"},{"taxonomy":"product_tag","embeddable":true,"href":"https:\/\/iberoid-shop.com\/fr\/wp-json\/wp\/v2\/product_tag?post=7220"}],"curies":[{"name":"wp","href":"https:\/\/api.w.org\/{rel}","templated":true}]}}