{"id":7209,"date":"2022-01-27T13:34:21","date_gmt":"2022-01-27T13:34:21","guid":{"rendered":"https:\/\/iberoid-shop.com\/?post_type=product&#038;p=7209"},"modified":"2025-12-14T10:47:17","modified_gmt":"2025-12-14T10:47:17","slug":"hygetropin-100iu","status":"publish","type":"product","link":"https:\/\/iberoid-shop.com\/fr\/product\/hygetropin-100iu\/","title":{"rendered":"Hygetropin 100iu"},"content":{"rendered":"<p>L&rsquo;hormone de croissance humaine ou HGH est une mol\u00e9cule de 191 acides amin\u00e9s tr\u00e8s d\u00e9licate, c&rsquo;est pourquoi il est fortement recommand\u00e9 de n&rsquo;utiliser que de l&rsquo;HGH de qualit\u00e9 pharmaceutique. La mol\u00e9cule HGH ne peut pas \u00eatre prise par voie orale. Si vous deviez prendre HGH sous forme de pilule, l&rsquo;acide gastrique d\u00e9composera la mol\u00e9cule HGH et ne sera pas absorb\u00e9 dans votre foie o\u00f9 il est redistribu\u00e9 sous forme d&rsquo;IGF-1 dans tout votre corps.<\/p>\n<p>L&rsquo;hormone de croissance humaine injectable a un certain nombre d&rsquo;avantages dans lesquels elle renforce votre syst\u00e8me immunitaire, br\u00fble plus de tissus adipeux et construit plus de muscle maigre. Essentiellement, HGH dit \u00e0 votre corps de grandir, c&rsquo;est pourquoi il est id\u00e9al pour les enfants de tr\u00e8s petite taille.<\/p>\n<p>HGH est important pour la croissance des os et des muscles, et est utilis\u00e9 pour traiter le retard de croissance chez les enfants et les adultes d\u00e9pourvus de HGH naturel, et chez ceux souffrant d&rsquo;insuffisance r\u00e9nale chronique, de syndrome de Noonan, de syndrome de Turner, de syndrome de Prader-Willi, de petite taille \u00e0 la naissance avec pas de croissance de rattrapage, et d&rsquo;autres causes. La somatropine est \u00e9galement utilis\u00e9e pour pr\u00e9venir une perte de poids s\u00e9v\u00e8re chez les personnes atteintes du SIDA ou pour traiter le syndrome de l&rsquo;intestin court.<\/p>\n<p>HGH aide \u00e0 maintenir, construire et r\u00e9parer des tissus sains dans le cerveau et d&rsquo;autres organes. Cette hormone peut aider \u00e0 acc\u00e9l\u00e9rer la gu\u00e9rison apr\u00e8s une blessure et \u00e0 r\u00e9parer les tissus musculaires apr\u00e8s l&rsquo;exercice. Cela aide \u00e0 d\u00e9velopper la masse musculaire, \u00e0 stimuler le m\u00e9tabolisme et \u00e0 br\u00fbler les graisses. On dit \u00e9galement que HGH profite \u00e0 la qualit\u00e9 et \u00e0 l&rsquo;apparence de la peau.<\/p>","protected":false},"excerpt":{"rendered":"<p>L&rsquo;hormone de croissance humaine ou HGH est une mol\u00e9cule de 191 acides amin\u00e9s tr\u00e8s d\u00e9licate, c&rsquo;est pourquoi il est fortement<\/p>\n","protected":false},"featured_media":9379,"comment_status":"open","ping_status":"closed","template":"","meta":[],"product_brand":[],"product_cat":[76],"product_tag":[],"class_list":{"0":"post-7209","1":"product","2":"type-product","3":"status-publish","4":"has-post-thumbnail","6":"product_cat-hgh_peptido","8":"first","9":"outofstock","10":"sale","11":"shipping-taxable","12":"purchasable","13":"product-type-simple"},"yoast_head":"<!-- This site is optimized with the Yoast SEO Premium plugin v24.4 (Yoast SEO v27.3) - https:\/\/yoast.com\/product\/yoast-seo-premium-wordpress\/ -->\n<title>Hygetropin 100iu - (Espa\u00f1ol) Esteroides en l\u00ednea<\/title>\n<meta name=\"description\" content=\"HGH (Hormone de Croissance Humaine) : Injectable uniquement. Renforce l&#039;immunit\u00e9, br\u00fble les graisses, d\u00e9veloppe la masse musculaire maigre. Traite les troubles de la croissance et favorise la r\u00e9cup\u00e9ration. Grade pharmaceutique recommand\u00e9.\" \/>\n<meta name=\"robots\" content=\"index, follow, max-snippet:-1, max-image-preview:large, max-video-preview:-1\" \/>\n<link rel=\"canonical\" href=\"https:\/\/iberoid-shop.com\/fr\/product\/hygetropin-100iu\/\" \/>\n<meta property=\"og:locale\" content=\"fr_FR\" \/>\n<meta property=\"og:type\" content=\"article\" \/>\n<meta property=\"og:title\" content=\"Hygetropin 100iu\" \/>\n<meta property=\"og:description\" content=\"HGH (Hormone de Croissance Humaine) : Injectable uniquement. Renforce l&#039;immunit\u00e9, br\u00fble les graisses, d\u00e9veloppe la masse musculaire maigre. Traite les troubles de la croissance et favorise la r\u00e9cup\u00e9ration. Grade pharmaceutique recommand\u00e9.\" \/>\n<meta property=\"og:url\" content=\"https:\/\/iberoid-shop.com\/fr\/product\/hygetropin-100iu\/\" \/>\n<meta property=\"og:site_name\" content=\"(Espa\u00f1ol) Esteroides en l\u00ednea\" \/>\n<meta property=\"article:modified_time\" content=\"2025-12-14T10:47:17+00:00\" \/>\n<meta property=\"og:image\" content=\"https:\/\/iberoid-shop.com\/wp-content\/uploads\/2022\/01\/hyge.webp\" \/>\n\t<meta property=\"og:image:width\" content=\"500\" \/>\n\t<meta property=\"og:image:height\" content=\"465\" \/>\n\t<meta property=\"og:image:type\" content=\"image\/webp\" \/>\n<meta name=\"twitter:card\" content=\"summary_large_image\" \/>\n<meta name=\"twitter:label1\" content=\"Prix\" \/>\n\t<meta name=\"twitter:data1\" content=\"&euro;120.00\" \/>\n\t<meta name=\"twitter:label2\" content=\"Disponibilit\u00e9\" \/>\n\t<meta name=\"twitter:data2\" content=\"Rupture de stock\" \/>\n<script type=\"application\/ld+json\" class=\"yoast-schema-graph\">{\"@context\":\"https:\\\/\\\/schema.org\",\"@graph\":[{\"@type\":\"WebPage\",\"@id\":\"https:\\\/\\\/iberoid-shop.com\\\/fr\\\/product\\\/hygetropin-100iu\\\/\",\"url\":\"https:\\\/\\\/iberoid-shop.com\\\/fr\\\/product\\\/hygetropin-100iu\\\/\",\"name\":\"Hygetropin 100iu - (Espa\u00f1ol) Esteroides en l\u00ednea\",\"isPartOf\":{\"@id\":\"https:\\\/\\\/iberoid-shop.com\\\/fr\\\/#website\"},\"primaryImageOfPage\":{\"@id\":\"https:\\\/\\\/iberoid-shop.com\\\/fr\\\/product\\\/hygetropin-100iu\\\/#primaryimage\"},\"image\":{\"@id\":\"https:\\\/\\\/iberoid-shop.com\\\/fr\\\/product\\\/hygetropin-100iu\\\/#primaryimage\"},\"thumbnailUrl\":\"https:\\\/\\\/iberoid-shop.com\\\/wp-content\\\/uploads\\\/2022\\\/01\\\/hyge.webp\",\"datePublished\":\"2022-01-27T13:34:21+00:00\",\"dateModified\":\"2025-12-14T10:47:17+00:00\",\"description\":\"HGH (Hormone de Croissance Humaine) : Injectable uniquement. Renforce l'immunit\u00e9, br\u00fble les graisses, d\u00e9veloppe la masse musculaire maigre. Traite les troubles de la croissance et favorise la r\u00e9cup\u00e9ration. Grade pharmaceutique recommand\u00e9.\",\"breadcrumb\":{\"@id\":\"https:\\\/\\\/iberoid-shop.com\\\/fr\\\/product\\\/hygetropin-100iu\\\/#breadcrumb\"},\"inLanguage\":\"fr-FR\",\"potentialAction\":[{\"@type\":\"ReadAction\",\"target\":[[\"https:\\\/\\\/iberoid-shop.com\\\/fr\\\/product\\\/hygetropin-100iu\\\/\"]]}]},{\"@type\":\"ImageObject\",\"inLanguage\":\"fr-FR\",\"@id\":\"https:\\\/\\\/iberoid-shop.com\\\/fr\\\/product\\\/hygetropin-100iu\\\/#primaryimage\",\"url\":\"https:\\\/\\\/iberoid-shop.com\\\/wp-content\\\/uploads\\\/2022\\\/01\\\/hyge.webp\",\"contentUrl\":\"https:\\\/\\\/iberoid-shop.com\\\/wp-content\\\/uploads\\\/2022\\\/01\\\/hyge.webp\",\"width\":500,\"height\":465,\"caption\":\"PACK 3 HYGETROPIN \\\/ 300 UI\"},{\"@type\":\"BreadcrumbList\",\"@id\":\"https:\\\/\\\/iberoid-shop.com\\\/fr\\\/product\\\/hygetropin-100iu\\\/#breadcrumb\",\"itemListElement\":[{\"@type\":\"ListItem\",\"position\":1,\"name\":\"Portada\",\"item\":\"https:\\\/\\\/iberoid-shop.com\\\/fr\\\/\"},{\"@type\":\"ListItem\",\"position\":2,\"name\":\"Magasin\",\"item\":\"https:\\\/\\\/iberoid-shop.com\\\/fr\\\/shop\\\/\"},{\"@type\":\"ListItem\",\"position\":3,\"name\":\"Hygetropin 100iu\"}]},{\"@type\":\"WebSite\",\"@id\":\"https:\\\/\\\/iberoid-shop.com\\\/fr\\\/#website\",\"url\":\"https:\\\/\\\/iberoid-shop.com\\\/fr\\\/\",\"name\":\"(Espa\u00f1ol) Esteroides en l\u00ednea\",\"description\":\"(Espa\u00f1ol) Comprar esteroides en l\u00ednea hoy en Espa\u00f1a y Portugal. Tenemos el mejor servicio al cliente en la industria y los productos de la m\u00e1s alta calidad\",\"potentialAction\":[{\"@type\":\"SearchAction\",\"target\":{\"@type\":\"EntryPoint\",\"urlTemplate\":\"https:\\\/\\\/iberoid-shop.com\\\/fr\\\/?s={search_term_string}\"},\"query-input\":{\"@type\":\"PropertyValueSpecification\",\"valueRequired\":true,\"valueName\":\"search_term_string\"}}],\"inLanguage\":\"fr-FR\"}]}<\/script>\n<meta property=\"product:price:amount\" content=\"120.00\" \/>\n<meta property=\"product:price:currency\" content=\"EUR\" \/>\n<meta property=\"og:availability\" content=\"out of stock\" \/>\n<meta property=\"product:availability\" content=\"out of stock\" \/>\n<meta property=\"product:condition\" content=\"new\" \/>\n<!-- \/ Yoast SEO Premium plugin. -->","yoast_head_json":{"title":"Hygetropin 100iu - (Espa\u00f1ol) Esteroides en l\u00ednea","description":"HGH (Hormone de Croissance Humaine) : Injectable uniquement. Renforce l'immunit\u00e9, br\u00fble les graisses, d\u00e9veloppe la masse musculaire maigre. Traite les troubles de la croissance et favorise la r\u00e9cup\u00e9ration. Grade pharmaceutique recommand\u00e9.","robots":{"index":"index","follow":"follow","max-snippet":"max-snippet:-1","max-image-preview":"max-image-preview:large","max-video-preview":"max-video-preview:-1"},"canonical":"https:\/\/iberoid-shop.com\/fr\/product\/hygetropin-100iu\/","og_locale":"fr_FR","og_type":"article","og_title":"Hygetropin 100iu","og_description":"HGH (Hormone de Croissance Humaine) : Injectable uniquement. Renforce l'immunit\u00e9, br\u00fble les graisses, d\u00e9veloppe la masse musculaire maigre. Traite les troubles de la croissance et favorise la r\u00e9cup\u00e9ration. Grade pharmaceutique recommand\u00e9.","og_url":"https:\/\/iberoid-shop.com\/fr\/product\/hygetropin-100iu\/","og_site_name":"(Espa\u00f1ol) Esteroides en l\u00ednea","article_modified_time":"2025-12-14T10:47:17+00:00","og_image":[{"width":500,"height":465,"url":"https:\/\/iberoid-shop.com\/wp-content\/uploads\/2022\/01\/hyge.webp","type":"image\/webp"}],"twitter_card":"summary_large_image","twitter_misc":{"Prix":"&euro;120.00","Disponibilit\u00e9":"Rupture de stock"},"schema":{"@context":"https:\/\/schema.org","@graph":[{"@type":"WebPage","@id":"https:\/\/iberoid-shop.com\/fr\/product\/hygetropin-100iu\/","url":"https:\/\/iberoid-shop.com\/fr\/product\/hygetropin-100iu\/","name":"Hygetropin 100iu - (Espa\u00f1ol) Esteroides en l\u00ednea","isPartOf":{"@id":"https:\/\/iberoid-shop.com\/fr\/#website"},"primaryImageOfPage":{"@id":"https:\/\/iberoid-shop.com\/fr\/product\/hygetropin-100iu\/#primaryimage"},"image":{"@id":"https:\/\/iberoid-shop.com\/fr\/product\/hygetropin-100iu\/#primaryimage"},"thumbnailUrl":"https:\/\/iberoid-shop.com\/wp-content\/uploads\/2022\/01\/hyge.webp","datePublished":"2022-01-27T13:34:21+00:00","dateModified":"2025-12-14T10:47:17+00:00","description":"HGH (Hormone de Croissance Humaine) : Injectable uniquement. Renforce l'immunit\u00e9, br\u00fble les graisses, d\u00e9veloppe la masse musculaire maigre. Traite les troubles de la croissance et favorise la r\u00e9cup\u00e9ration. Grade pharmaceutique recommand\u00e9.","breadcrumb":{"@id":"https:\/\/iberoid-shop.com\/fr\/product\/hygetropin-100iu\/#breadcrumb"},"inLanguage":"fr-FR","potentialAction":[{"@type":"ReadAction","target":[["https:\/\/iberoid-shop.com\/fr\/product\/hygetropin-100iu\/"]]}]},{"@type":"ImageObject","inLanguage":"fr-FR","@id":"https:\/\/iberoid-shop.com\/fr\/product\/hygetropin-100iu\/#primaryimage","url":"https:\/\/iberoid-shop.com\/wp-content\/uploads\/2022\/01\/hyge.webp","contentUrl":"https:\/\/iberoid-shop.com\/wp-content\/uploads\/2022\/01\/hyge.webp","width":500,"height":465,"caption":"PACK 3 HYGETROPIN \/ 300 UI"},{"@type":"BreadcrumbList","@id":"https:\/\/iberoid-shop.com\/fr\/product\/hygetropin-100iu\/#breadcrumb","itemListElement":[{"@type":"ListItem","position":1,"name":"Portada","item":"https:\/\/iberoid-shop.com\/fr\/"},{"@type":"ListItem","position":2,"name":"Magasin","item":"https:\/\/iberoid-shop.com\/fr\/shop\/"},{"@type":"ListItem","position":3,"name":"Hygetropin 100iu"}]},{"@type":"WebSite","@id":"https:\/\/iberoid-shop.com\/fr\/#website","url":"https:\/\/iberoid-shop.com\/fr\/","name":"(Espa\u00f1ol) Esteroides en l\u00ednea","description":"(Espa\u00f1ol) Comprar esteroides en l\u00ednea hoy en Espa\u00f1a y Portugal. Tenemos el mejor servicio al cliente en la industria y los productos de la m\u00e1s alta calidad","potentialAction":[{"@type":"SearchAction","target":{"@type":"EntryPoint","urlTemplate":"https:\/\/iberoid-shop.com\/fr\/?s={search_term_string}"},"query-input":{"@type":"PropertyValueSpecification","valueRequired":true,"valueName":"search_term_string"}}],"inLanguage":"fr-FR"}]},"product_price_amount":"120.00","product_price_currency":"EUR","og_availability":"out of stock","product_availability":"out of stock","product_condition":"new"},"_links":{"self":[{"href":"https:\/\/iberoid-shop.com\/fr\/wp-json\/wp\/v2\/product\/7209","targetHints":{"allow":["GET"]}}],"collection":[{"href":"https:\/\/iberoid-shop.com\/fr\/wp-json\/wp\/v2\/product"}],"about":[{"href":"https:\/\/iberoid-shop.com\/fr\/wp-json\/wp\/v2\/types\/product"}],"replies":[{"embeddable":true,"href":"https:\/\/iberoid-shop.com\/fr\/wp-json\/wp\/v2\/comments?post=7209"}],"wp:featuredmedia":[{"embeddable":true,"href":"https:\/\/iberoid-shop.com\/fr\/wp-json\/wp\/v2\/media\/9379"}],"wp:attachment":[{"href":"https:\/\/iberoid-shop.com\/fr\/wp-json\/wp\/v2\/media?parent=7209"}],"wp:term":[{"taxonomy":"product_brand","embeddable":true,"href":"https:\/\/iberoid-shop.com\/fr\/wp-json\/wp\/v2\/product_brand?post=7209"},{"taxonomy":"product_cat","embeddable":true,"href":"https:\/\/iberoid-shop.com\/fr\/wp-json\/wp\/v2\/product_cat?post=7209"},{"taxonomy":"product_tag","embeddable":true,"href":"https:\/\/iberoid-shop.com\/fr\/wp-json\/wp\/v2\/product_tag?post=7209"}],"curies":[{"name":"wp","href":"https:\/\/api.w.org\/{rel}","templated":true}]}}