{"id":7204,"date":"2022-01-27T12:46:18","date_gmt":"2022-01-27T12:46:18","guid":{"rendered":"https:\/\/iberoid-shop.com\/?post_type=product&#038;p=7204"},"modified":"2026-03-01T13:58:59","modified_gmt":"2026-03-01T13:58:59","slug":"evogene-alleygh","status":"publish","type":"product","link":"https:\/\/iberoid-shop.com\/fr\/product\/evogene-alleygh\/","title":{"rendered":"EVOGENE ALLEY GH 10X10IU GH"},"content":{"rendered":"<p>La somatropine est une forme d&rsquo;hormone de croissance humaine. HGH est important pour la croissance des os et des muscles, et est utilis\u00e9 pour traiter le retard de croissance chez les enfants et les adultes d\u00e9pourvus de HGH naturel, et chez ceux souffrant d&rsquo;insuffisance r\u00e9nale chronique, de syndrome de Noonan, de syndrome de Turner, de syndrome de Prader-Willi, de petite taille \u00e0 la naissance avec pas de croissance de rattrapage, et d&rsquo;autres causes. La somatropine est \u00e9galement utilis\u00e9e pour pr\u00e9venir une perte de poids s\u00e9v\u00e8re chez les personnes atteintes du SIDA ou pour traiter le syndrome de l&rsquo;intestin court.<\/p>\n<p>Contre-indications<\/p>\n<p>La somatropine est contre-indiqu\u00e9e chez les patients allergiques ainsi que chez ceux qui ont\u00a0:<\/p>\n<p>la r\u00e9tinopathie diab\u00e9tique<br \/>\ncancer<br \/>\nSyndrome de Prader-Willi en surpoids, souffrant d&rsquo;apn\u00e9e du sommeil ou de graves probl\u00e8mes respiratoires (poumons)<br \/>\ncomplications apr\u00e8s une chirurgie \u00e0 c\u0153ur ouvert ou \u00e0 l&rsquo;estomac<br \/>\ntraumatisme ou autre urgence m\u00e9dicale<br \/>\nprobl\u00e8mes respiratoires (comme une insuffisance pulmonaire)<br \/>\nmaladie du foie<br \/>\nune maladie r\u00e9nale (ou \u00eates sous dialyse)<br \/>\nDiab\u00e8te<br \/>\nun trouble de la glande pituitaire<br \/>\nscoliose<br \/>\nhypertension<br \/>\nun trouble du pancr\u00e9as<br \/>\nune histoire de cancer<br \/>\nsyndrome du canal carpien<br \/>\nthyro\u00efde sous-active<br \/>\nune tumeur ou une l\u00e9sion c\u00e9r\u00e9brale<\/p>\n<p>Les patients atteints du syndrome de Prader-Willi doivent consulter un m\u00e9decin en pr\u00e9sence de tout signe de probl\u00e8mes pulmonaires ou respiratoires\u00a0: essoufflement, toux ou ronflement nouveau ou accru. Cherchez de l&rsquo;aide m\u00e9dicale d&rsquo;urgence si l&rsquo;un des signes d&rsquo;une r\u00e9action allergique se produit\u00a0: urticaire\u00a0; respiration difficile; gonflement du visage, des l\u00e8vres, de la langue ou de la gorge.<\/p>","protected":false},"excerpt":{"rendered":"<p>La somatropine est une forme d&rsquo;hormone de croissance humaine. HGH est important pour la croissance des os et des muscles,<\/p>\n","protected":false},"featured_media":7205,"comment_status":"open","ping_status":"closed","template":"","meta":[],"product_brand":[],"product_cat":[76],"product_tag":[],"class_list":{"0":"post-7204","1":"product","2":"type-product","3":"status-publish","4":"has-post-thumbnail","6":"product_cat-hgh_peptido","8":"first","9":"instock","10":"sale","11":"shipping-taxable","12":"purchasable","13":"product-type-simple"},"yoast_head":"<!-- This site is optimized with the Yoast SEO Premium plugin v24.4 (Yoast SEO v27.3) - https:\/\/yoast.com\/product\/yoast-seo-premium-wordpress\/ -->\n<title>EVOGENE ALLEY GH 10X10IU GH - (Espa\u00f1ol) Esteroides en l\u00ednea<\/title>\n<meta name=\"description\" content=\"La somatropine (HGH) traite le retard de croissance chez les enfants et les adultes en raison de diverses conditions\" \/>\n<meta name=\"robots\" content=\"index, follow, max-snippet:-1, max-image-preview:large, max-video-preview:-1\" \/>\n<link rel=\"canonical\" href=\"https:\/\/iberoid-shop.com\/fr\/product\/evogene-alleygh\/\" \/>\n<meta property=\"og:locale\" content=\"fr_FR\" \/>\n<meta property=\"og:type\" content=\"article\" \/>\n<meta property=\"og:title\" content=\"EVOGENE ALLEY GH 10X10IU GH\" \/>\n<meta property=\"og:description\" content=\"La somatropine (HGH) traite le retard de croissance chez les enfants et les adultes en raison de diverses conditions\" \/>\n<meta property=\"og:url\" content=\"https:\/\/iberoid-shop.com\/fr\/product\/evogene-alleygh\/\" \/>\n<meta property=\"og:site_name\" content=\"(Espa\u00f1ol) Esteroides en l\u00ednea\" \/>\n<meta property=\"article:modified_time\" content=\"2026-03-01T13:58:59+00:00\" \/>\n<meta property=\"og:image\" content=\"https:\/\/iberoid-shop.com\/wp-content\/uploads\/2022\/01\/evo.jpg?v=1763660031\" \/>\n\t<meta property=\"og:image:width\" content=\"500\" \/>\n\t<meta property=\"og:image:height\" content=\"500\" \/>\n\t<meta property=\"og:image:type\" content=\"image\/jpeg\" \/>\n<meta name=\"twitter:card\" content=\"summary_large_image\" \/>\n<meta name=\"twitter:label1\" content=\"Prix\" \/>\n\t<meta name=\"twitter:data1\" content=\"&euro;150.00\" \/>\n\t<meta name=\"twitter:label2\" content=\"Disponibilit\u00e9\" \/>\n\t<meta name=\"twitter:data2\" content=\"En stock\" \/>\n<script type=\"application\/ld+json\" class=\"yoast-schema-graph\">{\"@context\":\"https:\\\/\\\/schema.org\",\"@graph\":[{\"@type\":\"WebPage\",\"@id\":\"https:\\\/\\\/iberoid-shop.com\\\/fr\\\/product\\\/evogene-alleygh\\\/\",\"url\":\"https:\\\/\\\/iberoid-shop.com\\\/fr\\\/product\\\/evogene-alleygh\\\/\",\"name\":\"EVOGENE ALLEY GH 10X10IU GH - (Espa\u00f1ol) Esteroides en l\u00ednea\",\"isPartOf\":{\"@id\":\"https:\\\/\\\/iberoid.com\\\/#website\"},\"primaryImageOfPage\":{\"@id\":\"https:\\\/\\\/iberoid-shop.com\\\/fr\\\/product\\\/evogene-alleygh\\\/#primaryimage\"},\"image\":{\"@id\":\"https:\\\/\\\/iberoid-shop.com\\\/fr\\\/product\\\/evogene-alleygh\\\/#primaryimage\"},\"thumbnailUrl\":\"https:\\\/\\\/iberoid-shop.com\\\/wp-content\\\/uploads\\\/2022\\\/01\\\/evo.jpg?v=1763660031\",\"datePublished\":\"2022-01-27T12:46:18+00:00\",\"dateModified\":\"2026-03-01T13:58:59+00:00\",\"description\":\"La somatropine (HGH) traite le retard de croissance chez les enfants et les adultes en raison de diverses conditions\",\"breadcrumb\":{\"@id\":\"https:\\\/\\\/iberoid-shop.com\\\/fr\\\/product\\\/evogene-alleygh\\\/#breadcrumb\"},\"inLanguage\":\"fr-FR\",\"potentialAction\":[{\"@type\":\"ReadAction\",\"target\":[[\"https:\\\/\\\/iberoid-shop.com\\\/fr\\\/product\\\/evogene-alleygh\\\/\"]]}]},{\"@type\":\"ImageObject\",\"inLanguage\":\"fr-FR\",\"@id\":\"https:\\\/\\\/iberoid-shop.com\\\/fr\\\/product\\\/evogene-alleygh\\\/#primaryimage\",\"url\":\"https:\\\/\\\/iberoid-shop.com\\\/wp-content\\\/uploads\\\/2022\\\/01\\\/evo.jpg?v=1763660031\",\"contentUrl\":\"https:\\\/\\\/iberoid-shop.com\\\/wp-content\\\/uploads\\\/2022\\\/01\\\/evo.jpg?v=1763660031\",\"width\":500,\"height\":500},{\"@type\":\"BreadcrumbList\",\"@id\":\"https:\\\/\\\/iberoid-shop.com\\\/fr\\\/product\\\/evogene-alleygh\\\/#breadcrumb\",\"itemListElement\":[{\"@type\":\"ListItem\",\"position\":1,\"name\":\"Portada\",\"item\":\"https:\\\/\\\/iberoid.com\\\/\"},{\"@type\":\"ListItem\",\"position\":2,\"name\":\"Magasin\",\"item\":\"https:\\\/\\\/iberoid-shop.com\\\/fr\\\/shop\\\/\"},{\"@type\":\"ListItem\",\"position\":3,\"name\":\"EVOGENE ALLEY GH 10X10IU GH\"}]},{\"@type\":\"WebSite\",\"@id\":\"https:\\\/\\\/iberoid.com\\\/#website\",\"url\":\"https:\\\/\\\/iberoid.com\\\/\",\"name\":\"(Espa\u00f1ol) Esteroides en l\u00ednea\",\"description\":\"(Espa\u00f1ol) Comprar esteroides en l\u00ednea hoy en Espa\u00f1a y Portugal. Tenemos el mejor servicio al cliente en la industria y los productos de la m\u00e1s alta calidad\",\"potentialAction\":[{\"@type\":\"SearchAction\",\"target\":{\"@type\":\"EntryPoint\",\"urlTemplate\":\"https:\\\/\\\/iberoid.com\\\/?s={search_term_string}\"},\"query-input\":{\"@type\":\"PropertyValueSpecification\",\"valueRequired\":true,\"valueName\":\"search_term_string\"}}],\"inLanguage\":\"fr-FR\"}]}<\/script>\n<meta property=\"product:brand\" content=\"Alley Gh\" \/>\n<meta property=\"product:price:amount\" content=\"150.00\" \/>\n<meta property=\"product:price:currency\" content=\"EUR\" \/>\n<meta property=\"og:availability\" content=\"instock\" \/>\n<meta property=\"product:availability\" content=\"instock\" \/>\n<meta property=\"product:condition\" content=\"new\" \/>\n<!-- \/ Yoast SEO Premium plugin. -->","yoast_head_json":{"title":"EVOGENE ALLEY GH 10X10IU GH - (Espa\u00f1ol) Esteroides en l\u00ednea","description":"La somatropine (HGH) traite le retard de croissance chez les enfants et les adultes en raison de diverses conditions","robots":{"index":"index","follow":"follow","max-snippet":"max-snippet:-1","max-image-preview":"max-image-preview:large","max-video-preview":"max-video-preview:-1"},"canonical":"https:\/\/iberoid-shop.com\/fr\/product\/evogene-alleygh\/","og_locale":"fr_FR","og_type":"article","og_title":"EVOGENE ALLEY GH 10X10IU GH","og_description":"La somatropine (HGH) traite le retard de croissance chez les enfants et les adultes en raison de diverses conditions","og_url":"https:\/\/iberoid-shop.com\/fr\/product\/evogene-alleygh\/","og_site_name":"(Espa\u00f1ol) Esteroides en l\u00ednea","article_modified_time":"2026-03-01T13:58:59+00:00","og_image":[{"width":500,"height":500,"url":"https:\/\/iberoid-shop.com\/wp-content\/uploads\/2022\/01\/evo.jpg?v=1763660031","type":"image\/jpeg"}],"twitter_card":"summary_large_image","twitter_misc":{"Prix":"&euro;150.00","Disponibilit\u00e9":"En stock"},"schema":{"@context":"https:\/\/schema.org","@graph":[{"@type":"WebPage","@id":"https:\/\/iberoid-shop.com\/fr\/product\/evogene-alleygh\/","url":"https:\/\/iberoid-shop.com\/fr\/product\/evogene-alleygh\/","name":"EVOGENE ALLEY GH 10X10IU GH - (Espa\u00f1ol) Esteroides en l\u00ednea","isPartOf":{"@id":"https:\/\/iberoid.com\/#website"},"primaryImageOfPage":{"@id":"https:\/\/iberoid-shop.com\/fr\/product\/evogene-alleygh\/#primaryimage"},"image":{"@id":"https:\/\/iberoid-shop.com\/fr\/product\/evogene-alleygh\/#primaryimage"},"thumbnailUrl":"https:\/\/iberoid-shop.com\/wp-content\/uploads\/2022\/01\/evo.jpg?v=1763660031","datePublished":"2022-01-27T12:46:18+00:00","dateModified":"2026-03-01T13:58:59+00:00","description":"La somatropine (HGH) traite le retard de croissance chez les enfants et les adultes en raison de diverses conditions","breadcrumb":{"@id":"https:\/\/iberoid-shop.com\/fr\/product\/evogene-alleygh\/#breadcrumb"},"inLanguage":"fr-FR","potentialAction":[{"@type":"ReadAction","target":[["https:\/\/iberoid-shop.com\/fr\/product\/evogene-alleygh\/"]]}]},{"@type":"ImageObject","inLanguage":"fr-FR","@id":"https:\/\/iberoid-shop.com\/fr\/product\/evogene-alleygh\/#primaryimage","url":"https:\/\/iberoid-shop.com\/wp-content\/uploads\/2022\/01\/evo.jpg?v=1763660031","contentUrl":"https:\/\/iberoid-shop.com\/wp-content\/uploads\/2022\/01\/evo.jpg?v=1763660031","width":500,"height":500},{"@type":"BreadcrumbList","@id":"https:\/\/iberoid-shop.com\/fr\/product\/evogene-alleygh\/#breadcrumb","itemListElement":[{"@type":"ListItem","position":1,"name":"Portada","item":"https:\/\/iberoid.com\/"},{"@type":"ListItem","position":2,"name":"Magasin","item":"https:\/\/iberoid-shop.com\/fr\/shop\/"},{"@type":"ListItem","position":3,"name":"EVOGENE ALLEY GH 10X10IU GH"}]},{"@type":"WebSite","@id":"https:\/\/iberoid.com\/#website","url":"https:\/\/iberoid.com\/","name":"(Espa\u00f1ol) Esteroides en l\u00ednea","description":"(Espa\u00f1ol) Comprar esteroides en l\u00ednea hoy en Espa\u00f1a y Portugal. Tenemos el mejor servicio al cliente en la industria y los productos de la m\u00e1s alta calidad","potentialAction":[{"@type":"SearchAction","target":{"@type":"EntryPoint","urlTemplate":"https:\/\/iberoid.com\/?s={search_term_string}"},"query-input":{"@type":"PropertyValueSpecification","valueRequired":true,"valueName":"search_term_string"}}],"inLanguage":"fr-FR"}]},"product_brand":"Alley Gh","product_price_amount":"150.00","product_price_currency":"EUR","og_availability":"instock","product_availability":"instock","product_condition":"new"},"_links":{"self":[{"href":"https:\/\/iberoid-shop.com\/fr\/wp-json\/wp\/v2\/product\/7204","targetHints":{"allow":["GET"]}}],"collection":[{"href":"https:\/\/iberoid-shop.com\/fr\/wp-json\/wp\/v2\/product"}],"about":[{"href":"https:\/\/iberoid-shop.com\/fr\/wp-json\/wp\/v2\/types\/product"}],"replies":[{"embeddable":true,"href":"https:\/\/iberoid-shop.com\/fr\/wp-json\/wp\/v2\/comments?post=7204"}],"wp:featuredmedia":[{"embeddable":true,"href":"https:\/\/iberoid-shop.com\/fr\/wp-json\/wp\/v2\/media\/7205"}],"wp:attachment":[{"href":"https:\/\/iberoid-shop.com\/fr\/wp-json\/wp\/v2\/media?parent=7204"}],"wp:term":[{"taxonomy":"product_brand","embeddable":true,"href":"https:\/\/iberoid-shop.com\/fr\/wp-json\/wp\/v2\/product_brand?post=7204"},{"taxonomy":"product_cat","embeddable":true,"href":"https:\/\/iberoid-shop.com\/fr\/wp-json\/wp\/v2\/product_cat?post=7204"},{"taxonomy":"product_tag","embeddable":true,"href":"https:\/\/iberoid-shop.com\/fr\/wp-json\/wp\/v2\/product_tag?post=7204"}],"curies":[{"name":"wp","href":"https:\/\/api.w.org\/{rel}","templated":true}]}}