{"id":7194,"date":"2022-01-24T22:58:16","date_gmt":"2022-01-24T22:58:16","guid":{"rendered":"https:\/\/iberoid-shop.com\/?post_type=product&#038;p=7194"},"modified":"2023-08-13T14:25:06","modified_gmt":"2023-08-13T14:25:06","slug":"testosterone-enanthate-250-mg-ml-epf","status":"publish","type":"product","link":"https:\/\/iberoid-shop.com\/fr\/product\/testosterone-enanthate-250-mg-ml-epf\/","title":{"rendered":"TESTOSTERONE ENANTHATE 250 MG\/ML"},"content":{"rendered":"<p>En raison du fait que la substance du m\u00e9dicament est \u00e0 base d&rsquo;huile, il favorise la propagation progressive de la testost\u00e9rone \u00e0 partir du point d&rsquo;injection. La raison pour laquelle cette propagation lente est si pr\u00e9cieuse est que l&rsquo;indice de testost\u00e9rone reste \u00e9lev\u00e9 pendant environ 14 jours (il faut parfois m\u00eame 3 semaines pour que le niveau de testost\u00e9rone revienne \u00e0 la normale).<\/p>\n<p>Comme la p\u00e9riode de fonctionnement actif de la testost\u00e9rone \u00e9nanthate dans l&rsquo;organisme humain est assez longue, elle est utilis\u00e9e \u00e0 plusieurs fins m\u00e9dicales. Par exemple, les manifestations de l&rsquo;hypogonadotropisme sont trait\u00e9es au moyen de cette hormone, ainsi que les maladies similaires avec une diminution des niveaux d&rsquo;androg\u00e8nes. Comme les autres testost\u00e9rones, y compris les st\u00e9ro\u00efdes, ce m\u00e9dicament pr\u00e9sente de graves caract\u00e9ristiques androg\u00e8nes et anabolisantes. Lors de l&rsquo;utilisation de Testoged E, command\u00e9 sur notre site stero-market.com, vous aurez l&rsquo;impression que le m\u00e9dicament stimule l&rsquo;endurance, la masse musculaire et la puissance. M\u00eame la libido sera augment\u00e9e pendant l&rsquo;administration. L&rsquo;apport d&rsquo;oxyg\u00e8ne dans le sang sera \u00e9galement \u00e9lev\u00e9.<\/p>\n<p>L&rsquo;\u00e9nanthate de testost\u00e9rone stimule une r\u00e9tention plus active de l&rsquo;azote dans les tissus musculaires, en d&rsquo;autres termes, les meilleurs r\u00e9sultats seront facilement obtenus. D&rsquo;autres avantages du m\u00e9dicament sont les suivants : stimulation du fonctionnement des cellules p\u00e9rivasculaires (elles soutiennent la r\u00e9cup\u00e9ration des muscles bless\u00e9s) ; l&rsquo;\u00e9l\u00e9vation de l&rsquo;indice IGF-1 dans les tissus musculaires et h\u00e9patiques.<\/p>\n<p>Dosage<\/p>\n<p>La posologie hebdomadaire habituelle est de 250 \u00e0 1000 mg. Rarement, les athl\u00e8tes exp\u00e9riment\u00e9s en prennent encore plus. La quantit\u00e9 totale de m\u00e9dicament par semaine doit \u00eatre s\u00e9par\u00e9e en deux injections, car la demi-vie de Testoged E dure jusqu&rsquo;\u00e0 5 jours. La s\u00e9paration de la posologie maintiendra les taux sanguins invariables. Pour ceux qui essaient l&rsquo;administration de testost\u00e9rone \u00e9nanthate pour la premi\u00e8re fois, il est recommand\u00e9 de ne pas prendre le m\u00e9dicament plus de 10 semaines apr\u00e8s l&rsquo;avoir command\u00e9 sur stero-market.com.<\/p>\n<p>Le flacon de 10 ml de Golden Dragon Testoged E est b\u00e9n\u00e9fique pour la prise de masse musculaire lors de son utilisation avec et sans les m\u00e9dicaments suppl\u00e9mentaires. Le m\u00e9dicament se combine parfaitement avec la majorit\u00e9 des autres st\u00e9ro\u00efdes. Les exemples de constituants suppl\u00e9mentaires Testoged E pour les combinaisons dignes sont Nandrolone, Methandienone, Boldenone. Ces combinaisons sont pr\u00e9f\u00e9r\u00e9es par les athl\u00e8tes exp\u00e9riment\u00e9s pour leur capacit\u00e9 \u00e0 obtenir les meilleurs r\u00e9sultats en mati\u00e8re de gain de masse. Il est pr\u00e9f\u00e9rable pour les d\u00e9butants de ne pas empiler les m\u00e9dicaments afin de conna\u00eetre la r\u00e9action de l&rsquo;organisme aux composants de chaque m\u00e9dicament. Il est probable que l&rsquo;ajout de pr\u00e9parations anti-\u0153strog\u00e8nes sera n\u00e9cessaire pendant le cours. Lors de la p\u00e9riode PCT, il est recommand\u00e9 d&rsquo;utiliser Clomif\u00e8ne ou Tamoxif\u00e8ne.<\/p>\n<p>Effets secondaires<\/p>\n<p>Les effets secondaires les plus possibles de Golden Dragon Testoged E sont l&rsquo;hydrops, la croissance acc\u00e9l\u00e9r\u00e9e des cheveux, la gyn\u00e9comastie, les boutons sur la peau du dos, la tension \u00e9lev\u00e9e du sang et l&rsquo;agressivit\u00e9 accrue. Le m\u00e9dicament n&rsquo;est pas toxique pour le foie s&rsquo;il est utilis\u00e9 en quantit\u00e9s appropri\u00e9es.<\/p>","protected":false},"excerpt":{"rendered":"<p>En raison du fait que la substance du m\u00e9dicament est \u00e0 base d&rsquo;huile, il favorise la propagation progressive de la<\/p>\n","protected":false},"featured_media":7195,"comment_status":"open","ping_status":"closed","template":"","meta":[],"product_brand":[],"product_cat":[69],"product_tag":[3469],"class_list":{"0":"post-7194","1":"product","2":"type-product","3":"status-publish","4":"has-post-thumbnail","6":"product_cat-esteroides_inyectables","7":"product_tag-10-ampollas-caja","9":"first","10":"outofstock","11":"shipping-taxable","12":"purchasable","13":"product-type-simple"},"yoast_head":"<!-- This site is optimized with the Yoast SEO Premium plugin v24.4 (Yoast SEO v27.0) - https:\/\/yoast.com\/product\/yoast-seo-premium-wordpress\/ -->\n<title>TESTOSTERONE ENANTHATE 250 MG\/ML - (Espa\u00f1ol) Esteroides en l\u00ednea<\/title>\n<meta name=\"robots\" content=\"index, follow, max-snippet:-1, max-image-preview:large, max-video-preview:-1\" \/>\n<link rel=\"canonical\" href=\"https:\/\/iberoid-shop.com\/fr\/product\/testosterone-enanthate-250-mg-ml-epf\/\" \/>\n<meta property=\"og:locale\" content=\"fr_FR\" \/>\n<meta property=\"og:type\" content=\"article\" \/>\n<meta property=\"og:title\" content=\"TESTOSTERONE ENANTHATE 250 MG\/ML\" \/>\n<meta property=\"og:description\" content=\"En raison du fait que la substance du m\u00e9dicament est \u00e0 base d&rsquo;huile, il favorise la propagation progressive de la\" \/>\n<meta property=\"og:url\" content=\"https:\/\/iberoid-shop.com\/fr\/product\/testosterone-enanthate-250-mg-ml-epf\/\" \/>\n<meta property=\"og:site_name\" content=\"(Espa\u00f1ol) Esteroides en l\u00ednea\" \/>\n<meta property=\"article:modified_time\" content=\"2023-08-13T14:25:06+00:00\" \/>\n<meta property=\"og:image\" content=\"https:\/\/iberoid-shop.com\/wp-content\/uploads\/2022\/01\/testosterone-enanthate-250-mg-ml-.jpg?v=1678119931\" \/>\n\t<meta property=\"og:image:width\" content=\"1100\" \/>\n\t<meta property=\"og:image:height\" content=\"1422\" \/>\n\t<meta property=\"og:image:type\" content=\"image\/jpeg\" \/>\n<meta name=\"twitter:card\" content=\"summary_large_image\" \/>\n<meta name=\"twitter:label1\" content=\"Prix\" \/>\n\t<meta name=\"twitter:data1\" content=\"&euro;40.00\" \/>\n\t<meta name=\"twitter:label2\" content=\"Disponibilit\u00e9\" \/>\n\t<meta name=\"twitter:data2\" content=\"Rupture de stock\" \/>\n<script type=\"application\/ld+json\" class=\"yoast-schema-graph\">{\"@context\":\"https:\/\/schema.org\",\"@graph\":[{\"@type\":\"WebPage\",\"@id\":\"https:\/\/iberoid-shop.com\/fr\/product\/testosterone-enanthate-250-mg-ml-epf\/\",\"url\":\"https:\/\/iberoid-shop.com\/fr\/product\/testosterone-enanthate-250-mg-ml-epf\/\",\"name\":\"TESTOSTERONE ENANTHATE 250 MG\/ML - (Espa\u00f1ol) Esteroides en l\u00ednea\",\"isPartOf\":{\"@id\":\"https:\/\/iberoid-shop.com\/fr\/#website\"},\"primaryImageOfPage\":{\"@id\":\"https:\/\/iberoid-shop.com\/fr\/product\/testosterone-enanthate-250-mg-ml-epf\/#primaryimage\"},\"image\":{\"@id\":\"https:\/\/iberoid-shop.com\/fr\/product\/testosterone-enanthate-250-mg-ml-epf\/#primaryimage\"},\"thumbnailUrl\":\"https:\/\/iberoid-shop.com\/wp-content\/uploads\/2022\/01\/testosterone-enanthate-250-mg-ml-.jpg?v=1678119931\",\"datePublished\":\"2022-01-24T22:58:16+00:00\",\"dateModified\":\"2023-08-13T14:25:06+00:00\",\"breadcrumb\":{\"@id\":\"https:\/\/iberoid-shop.com\/fr\/product\/testosterone-enanthate-250-mg-ml-epf\/#breadcrumb\"},\"inLanguage\":\"fr-FR\",\"potentialAction\":[{\"@type\":\"ReadAction\",\"target\":[[\"https:\/\/iberoid-shop.com\/fr\/product\/testosterone-enanthate-250-mg-ml-epf\/\"]]}]},{\"@type\":\"ImageObject\",\"inLanguage\":\"fr-FR\",\"@id\":\"https:\/\/iberoid-shop.com\/fr\/product\/testosterone-enanthate-250-mg-ml-epf\/#primaryimage\",\"url\":\"https:\/\/iberoid-shop.com\/wp-content\/uploads\/2022\/01\/testosterone-enanthate-250-mg-ml-.jpg?v=1678119931\",\"contentUrl\":\"https:\/\/iberoid-shop.com\/wp-content\/uploads\/2022\/01\/testosterone-enanthate-250-mg-ml-.jpg?v=1678119931\",\"width\":1100,\"height\":1422},{\"@type\":\"BreadcrumbList\",\"@id\":\"https:\/\/iberoid-shop.com\/fr\/product\/testosterone-enanthate-250-mg-ml-epf\/#breadcrumb\",\"itemListElement\":[{\"@type\":\"ListItem\",\"position\":1,\"name\":\"Portada\",\"item\":\"https:\/\/iberoid-shop.com\/fr\/\"},{\"@type\":\"ListItem\",\"position\":2,\"name\":\"Magasin\",\"item\":\"https:\/\/iberoid-shop.com\/fr\/shop\/\"},{\"@type\":\"ListItem\",\"position\":3,\"name\":\"TESTOSTERONE ENANTHATE 250 MG\/ML\"}]},{\"@type\":\"WebSite\",\"@id\":\"https:\/\/iberoid-shop.com\/fr\/#website\",\"url\":\"https:\/\/iberoid-shop.com\/fr\/\",\"name\":\"(Espa\u00f1ol) Esteroides en l\u00ednea\",\"description\":\"(Espa\u00f1ol) Comprar esteroides en l\u00ednea hoy en Espa\u00f1a y Portugal. Tenemos el mejor servicio al cliente en la industria y los productos de la m\u00e1s alta calidad\",\"potentialAction\":[{\"@type\":\"SearchAction\",\"target\":{\"@type\":\"EntryPoint\",\"urlTemplate\":\"https:\/\/iberoid-shop.com\/fr\/?s={search_term_string}\"},\"query-input\":{\"@type\":\"PropertyValueSpecification\",\"valueRequired\":true,\"valueName\":\"search_term_string\"}}],\"inLanguage\":\"fr-FR\"}]}<\/script>\n<meta property=\"product:brand\" content=\"Euro Prime Pharmaceuticals (EPF)\" \/>\n<meta property=\"product:price:amount\" content=\"40.00\" \/>\n<meta property=\"product:price:currency\" content=\"EUR\" \/>\n<meta property=\"og:availability\" content=\"out of stock\" \/>\n<meta property=\"product:availability\" content=\"out of stock\" \/>\n<meta property=\"product:condition\" content=\"new\" \/>\n<!-- \/ Yoast SEO Premium plugin. -->","yoast_head_json":{"title":"TESTOSTERONE ENANTHATE 250 MG\/ML - (Espa\u00f1ol) Esteroides en l\u00ednea","robots":{"index":"index","follow":"follow","max-snippet":"max-snippet:-1","max-image-preview":"max-image-preview:large","max-video-preview":"max-video-preview:-1"},"canonical":"https:\/\/iberoid-shop.com\/fr\/product\/testosterone-enanthate-250-mg-ml-epf\/","og_locale":"fr_FR","og_type":"article","og_title":"TESTOSTERONE ENANTHATE 250 MG\/ML","og_description":"En raison du fait que la substance du m\u00e9dicament est \u00e0 base d&rsquo;huile, il favorise la propagation progressive de la","og_url":"https:\/\/iberoid-shop.com\/fr\/product\/testosterone-enanthate-250-mg-ml-epf\/","og_site_name":"(Espa\u00f1ol) Esteroides en l\u00ednea","article_modified_time":"2023-08-13T14:25:06+00:00","og_image":[{"width":1100,"height":1422,"url":"https:\/\/iberoid-shop.com\/wp-content\/uploads\/2022\/01\/testosterone-enanthate-250-mg-ml-.jpg?v=1678119931","type":"image\/jpeg"}],"twitter_card":"summary_large_image","twitter_misc":{"Prix":"&euro;40.00","Disponibilit\u00e9":"Rupture de stock"},"schema":{"@context":"https:\/\/schema.org","@graph":[{"@type":"WebPage","@id":"https:\/\/iberoid-shop.com\/fr\/product\/testosterone-enanthate-250-mg-ml-epf\/","url":"https:\/\/iberoid-shop.com\/fr\/product\/testosterone-enanthate-250-mg-ml-epf\/","name":"TESTOSTERONE ENANTHATE 250 MG\/ML - (Espa\u00f1ol) Esteroides en l\u00ednea","isPartOf":{"@id":"https:\/\/iberoid-shop.com\/fr\/#website"},"primaryImageOfPage":{"@id":"https:\/\/iberoid-shop.com\/fr\/product\/testosterone-enanthate-250-mg-ml-epf\/#primaryimage"},"image":{"@id":"https:\/\/iberoid-shop.com\/fr\/product\/testosterone-enanthate-250-mg-ml-epf\/#primaryimage"},"thumbnailUrl":"https:\/\/iberoid-shop.com\/wp-content\/uploads\/2022\/01\/testosterone-enanthate-250-mg-ml-.jpg?v=1678119931","datePublished":"2022-01-24T22:58:16+00:00","dateModified":"2023-08-13T14:25:06+00:00","breadcrumb":{"@id":"https:\/\/iberoid-shop.com\/fr\/product\/testosterone-enanthate-250-mg-ml-epf\/#breadcrumb"},"inLanguage":"fr-FR","potentialAction":[{"@type":"ReadAction","target":[["https:\/\/iberoid-shop.com\/fr\/product\/testosterone-enanthate-250-mg-ml-epf\/"]]}]},{"@type":"ImageObject","inLanguage":"fr-FR","@id":"https:\/\/iberoid-shop.com\/fr\/product\/testosterone-enanthate-250-mg-ml-epf\/#primaryimage","url":"https:\/\/iberoid-shop.com\/wp-content\/uploads\/2022\/01\/testosterone-enanthate-250-mg-ml-.jpg?v=1678119931","contentUrl":"https:\/\/iberoid-shop.com\/wp-content\/uploads\/2022\/01\/testosterone-enanthate-250-mg-ml-.jpg?v=1678119931","width":1100,"height":1422},{"@type":"BreadcrumbList","@id":"https:\/\/iberoid-shop.com\/fr\/product\/testosterone-enanthate-250-mg-ml-epf\/#breadcrumb","itemListElement":[{"@type":"ListItem","position":1,"name":"Portada","item":"https:\/\/iberoid-shop.com\/fr\/"},{"@type":"ListItem","position":2,"name":"Magasin","item":"https:\/\/iberoid-shop.com\/fr\/shop\/"},{"@type":"ListItem","position":3,"name":"TESTOSTERONE ENANTHATE 250 MG\/ML"}]},{"@type":"WebSite","@id":"https:\/\/iberoid-shop.com\/fr\/#website","url":"https:\/\/iberoid-shop.com\/fr\/","name":"(Espa\u00f1ol) Esteroides en l\u00ednea","description":"(Espa\u00f1ol) Comprar esteroides en l\u00ednea hoy en Espa\u00f1a y Portugal. Tenemos el mejor servicio al cliente en la industria y los productos de la m\u00e1s alta calidad","potentialAction":[{"@type":"SearchAction","target":{"@type":"EntryPoint","urlTemplate":"https:\/\/iberoid-shop.com\/fr\/?s={search_term_string}"},"query-input":{"@type":"PropertyValueSpecification","valueRequired":true,"valueName":"search_term_string"}}],"inLanguage":"fr-FR"}]},"product_brand":"Euro Prime Pharmaceuticals (EPF)","product_price_amount":"40.00","product_price_currency":"EUR","og_availability":"out of stock","product_availability":"out of stock","product_condition":"new"},"_links":{"self":[{"href":"https:\/\/iberoid-shop.com\/fr\/wp-json\/wp\/v2\/product\/7194","targetHints":{"allow":["GET"]}}],"collection":[{"href":"https:\/\/iberoid-shop.com\/fr\/wp-json\/wp\/v2\/product"}],"about":[{"href":"https:\/\/iberoid-shop.com\/fr\/wp-json\/wp\/v2\/types\/product"}],"replies":[{"embeddable":true,"href":"https:\/\/iberoid-shop.com\/fr\/wp-json\/wp\/v2\/comments?post=7194"}],"wp:featuredmedia":[{"embeddable":true,"href":"https:\/\/iberoid-shop.com\/fr\/wp-json\/wp\/v2\/media\/7195"}],"wp:attachment":[{"href":"https:\/\/iberoid-shop.com\/fr\/wp-json\/wp\/v2\/media?parent=7194"}],"wp:term":[{"taxonomy":"product_brand","embeddable":true,"href":"https:\/\/iberoid-shop.com\/fr\/wp-json\/wp\/v2\/product_brand?post=7194"},{"taxonomy":"product_cat","embeddable":true,"href":"https:\/\/iberoid-shop.com\/fr\/wp-json\/wp\/v2\/product_cat?post=7194"},{"taxonomy":"product_tag","embeddable":true,"href":"https:\/\/iberoid-shop.com\/fr\/wp-json\/wp\/v2\/product_tag?post=7194"}],"curies":[{"name":"wp","href":"https:\/\/api.w.org\/{rel}","templated":true}]}}