{"id":7181,"date":"2022-01-17T18:21:07","date_gmt":"2022-01-17T18:21:07","guid":{"rendered":"https:\/\/iberoid-shop.com\/?post_type=product&#038;p=7181"},"modified":"2026-03-24T21:11:16","modified_gmt":"2026-03-24T21:11:16","slug":"pack-3-testobol-e300-pharmabol","status":"publish","type":"product","link":"https:\/\/iberoid-shop.com\/fr\/product\/pack-3-testobol-e300-pharmabol\/","title":{"rendered":"TESTOBOL E300 &#8211; 3PACK"},"content":{"rendered":"<p>Test-E 300 est un st\u00e9ro\u00efde injectable \u00e0 base de testost\u00e9rone avec l&rsquo;ajout d&rsquo;ester \u00e0 action prolong\u00e9e Enanthate. L&rsquo;\u00e9nanthate de testost\u00e9rone, ou tout type de testost\u00e9rone sans aucun doute, est le st\u00e9ro\u00efde le plus fondamental d&rsquo;un cycle. \u00ab\u00a0Test E\u00a0\u00bb est utilis\u00e9 comme st\u00e9ro\u00efde de base tout en empilant diff\u00e9rents st\u00e9ro\u00efdes sur le dessus.<\/p>\n<p>\u00c0 un niveau important, ce st\u00e9ro\u00efde est incroyablement \u00e9norme pour ceux qui souffrent d&rsquo;un faible taux de testost\u00e9rone. Les personnes qui subissent les effets sournois de cette condition comprennent que le corps ne transmet plus suffisamment de cet androg\u00e8ne essentiel de mani\u00e8re isol\u00e9e. Les femmes peuvent \u00e9galement ressentir les effets d&rsquo;un faible taux de testost\u00e9rone et peuvent utiliser l&rsquo;\u00e9nanthate de testost\u00e9rone pour traiter cette condition dans tous les cas. Pour en revenir aux hommes, divers signes peuvent survenir au niveau psychologique, physique et sexuel si les niveaux de testost\u00e9rone sont consid\u00e9rablement bas. \u00c9tant donn\u00e9 que la testost\u00e9rone \u00e9nanthate est si facile \u00e0 r\u00e9guler, il est incroyablement b\u00e9n\u00e9fique de traiter cette condition.<\/p>\n<p>Quels sont les effets ?<\/p>\n<p>Il existe une longue liste d&rsquo;effets positifs de l&rsquo;utilisation de la testost\u00e9rone \u00e9nanthate dans un cycle. Ci-dessous, nous avons essay\u00e9 de r\u00e9duire la liste aux seuls principaux:<\/p>\n<p>Augmentation des param\u00e8tres physiques.<br \/>\nGain de masse de qualit\u00e9 rapide.<br \/>\nAugmentation du taux de production de prot\u00e9ines.<br \/>\nAugmentation de l&rsquo;\u00e9quilibre de l&rsquo;azote et du phosphore.<br \/>\nSuppression des douleurs articulaires.<br \/>\nAcc\u00e9l\u00e9ration des r\u00e9actions r\u00e9g\u00e9n\u00e9ratives.<br \/>\nAugmentation de la concentration de globules rouges dans le sang.<br \/>\nAugmentation du d\u00e9sir sexuel.<br \/>\nAm\u00e9lioration du tonus g\u00e9n\u00e9ral.<br \/>\nSuppression des sympt\u00f4mes de surentra\u00eenement.<\/p>","protected":false},"excerpt":{"rendered":"<p>Test-E 300 est un st\u00e9ro\u00efde injectable \u00e0 base de testost\u00e9rone avec l&rsquo;ajout d&rsquo;ester \u00e0 action prolong\u00e9e Enanthate. L&rsquo;\u00e9nanthate de testost\u00e9rone,<\/p>\n","protected":false},"featured_media":8475,"comment_status":"open","ping_status":"closed","template":"","meta":[],"product_brand":[],"product_cat":[69,3474],"product_tag":[],"class_list":{"0":"post-7181","1":"product","2":"type-product","3":"status-publish","4":"has-post-thumbnail","6":"product_cat-esteroides_inyectables","7":"product_cat-packs","9":"first","10":"instock","11":"sale","12":"shipping-taxable","13":"purchasable","14":"product-type-simple"},"yoast_head":"<!-- This site is optimized with the Yoast SEO Premium plugin v24.4 (Yoast SEO v27.3) - https:\/\/yoast.com\/product\/yoast-seo-premium-wordpress\/ -->\n<title>TESTOBOL E300 - 3PACK - (Espa\u00f1ol) Esteroides en l\u00ednea<\/title>\n<meta name=\"description\" content=\"Test-E 300 (\u00c9nanthate de Testost\u00e9rone) est un st\u00e9ro\u00efde injectable essentiel pour les cycles, augmentant la masse musculaire, la force, la r\u00e9cup\u00e9ration et traitant le faible taux de testost\u00e9rone.\" \/>\n<meta name=\"robots\" content=\"index, follow, max-snippet:-1, max-image-preview:large, max-video-preview:-1\" \/>\n<link rel=\"canonical\" href=\"https:\/\/iberoid-shop.com\/fr\/product\/pack-3-testobol-e300-pharmabol\/\" \/>\n<meta property=\"og:locale\" content=\"fr_FR\" \/>\n<meta property=\"og:type\" content=\"article\" \/>\n<meta property=\"og:title\" content=\"TESTOBOL E300 - 3PACK\" \/>\n<meta property=\"og:description\" content=\"Test-E 300 (\u00c9nanthate de Testost\u00e9rone) est un st\u00e9ro\u00efde injectable essentiel pour les cycles, augmentant la masse musculaire, la force, la r\u00e9cup\u00e9ration et traitant le faible taux de testost\u00e9rone.\" \/>\n<meta property=\"og:url\" content=\"https:\/\/iberoid-shop.com\/fr\/product\/pack-3-testobol-e300-pharmabol\/\" \/>\n<meta property=\"og:site_name\" content=\"(Espa\u00f1ol) Esteroides en l\u00ednea\" \/>\n<meta property=\"article:modified_time\" content=\"2026-03-24T21:11:16+00:00\" \/>\n<meta property=\"og:image\" content=\"https:\/\/iberoid-shop.com\/wp-content\/uploads\/2021\/04\/te.jpg?v=1682954421\" \/>\n\t<meta property=\"og:image:width\" content=\"2500\" \/>\n\t<meta property=\"og:image:height\" content=\"2500\" \/>\n\t<meta property=\"og:image:type\" content=\"image\/jpeg\" \/>\n<meta name=\"twitter:card\" content=\"summary_large_image\" \/>\n<meta name=\"twitter:label1\" content=\"Prix\" \/>\n\t<meta name=\"twitter:data1\" content=\"&euro;55.00\" \/>\n\t<meta name=\"twitter:label2\" content=\"Disponibilit\u00e9\" \/>\n\t<meta name=\"twitter:data2\" content=\"En stock\" \/>\n<script type=\"application\/ld+json\" class=\"yoast-schema-graph\">{\"@context\":\"https:\\\/\\\/schema.org\",\"@graph\":[{\"@type\":\"WebPage\",\"@id\":\"https:\\\/\\\/iberoid-shop.com\\\/fr\\\/product\\\/pack-3-testobol-e300-pharmabol\\\/\",\"url\":\"https:\\\/\\\/iberoid-shop.com\\\/fr\\\/product\\\/pack-3-testobol-e300-pharmabol\\\/\",\"name\":\"TESTOBOL E300 - 3PACK - (Espa\u00f1ol) Esteroides en l\u00ednea\",\"isPartOf\":{\"@id\":\"https:\\\/\\\/iberoid-shop.com\\\/fr\\\/#website\"},\"primaryImageOfPage\":{\"@id\":\"https:\\\/\\\/iberoid-shop.com\\\/fr\\\/product\\\/pack-3-testobol-e300-pharmabol\\\/#primaryimage\"},\"image\":{\"@id\":\"https:\\\/\\\/iberoid-shop.com\\\/fr\\\/product\\\/pack-3-testobol-e300-pharmabol\\\/#primaryimage\"},\"thumbnailUrl\":\"https:\\\/\\\/iberoid-shop.com\\\/wp-content\\\/uploads\\\/2021\\\/04\\\/te.jpg?v=1682954421\",\"datePublished\":\"2022-01-17T18:21:07+00:00\",\"dateModified\":\"2026-03-24T21:11:16+00:00\",\"description\":\"Test-E 300 (\u00c9nanthate de Testost\u00e9rone) est un st\u00e9ro\u00efde injectable essentiel pour les cycles, augmentant la masse musculaire, la force, la r\u00e9cup\u00e9ration et traitant le faible taux de testost\u00e9rone.\",\"breadcrumb\":{\"@id\":\"https:\\\/\\\/iberoid-shop.com\\\/fr\\\/product\\\/pack-3-testobol-e300-pharmabol\\\/#breadcrumb\"},\"inLanguage\":\"fr-FR\",\"potentialAction\":[{\"@type\":\"ReadAction\",\"target\":[[\"https:\\\/\\\/iberoid-shop.com\\\/fr\\\/product\\\/pack-3-testobol-e300-pharmabol\\\/\"]]}]},{\"@type\":\"ImageObject\",\"inLanguage\":\"fr-FR\",\"@id\":\"https:\\\/\\\/iberoid-shop.com\\\/fr\\\/product\\\/pack-3-testobol-e300-pharmabol\\\/#primaryimage\",\"url\":\"https:\\\/\\\/iberoid-shop.com\\\/wp-content\\\/uploads\\\/2021\\\/04\\\/te.jpg?v=1682954421\",\"contentUrl\":\"https:\\\/\\\/iberoid-shop.com\\\/wp-content\\\/uploads\\\/2021\\\/04\\\/te.jpg?v=1682954421\",\"width\":2500,\"height\":2500},{\"@type\":\"BreadcrumbList\",\"@id\":\"https:\\\/\\\/iberoid-shop.com\\\/fr\\\/product\\\/pack-3-testobol-e300-pharmabol\\\/#breadcrumb\",\"itemListElement\":[{\"@type\":\"ListItem\",\"position\":1,\"name\":\"Portada\",\"item\":\"https:\\\/\\\/iberoid-shop.com\\\/fr\\\/\"},{\"@type\":\"ListItem\",\"position\":2,\"name\":\"Magasin\",\"item\":\"https:\\\/\\\/iberoid-shop.com\\\/fr\\\/shop\\\/\"},{\"@type\":\"ListItem\",\"position\":3,\"name\":\"TESTOBOL E300 &#8211; 3PACK\"}]},{\"@type\":\"WebSite\",\"@id\":\"https:\\\/\\\/iberoid-shop.com\\\/fr\\\/#website\",\"url\":\"https:\\\/\\\/iberoid-shop.com\\\/fr\\\/\",\"name\":\"(Espa\u00f1ol) Esteroides en l\u00ednea\",\"description\":\"(Espa\u00f1ol) Comprar esteroides en l\u00ednea hoy en Espa\u00f1a y Portugal. Tenemos el mejor servicio al cliente en la industria y los productos de la m\u00e1s alta calidad\",\"potentialAction\":[{\"@type\":\"SearchAction\",\"target\":{\"@type\":\"EntryPoint\",\"urlTemplate\":\"https:\\\/\\\/iberoid-shop.com\\\/fr\\\/?s={search_term_string}\"},\"query-input\":{\"@type\":\"PropertyValueSpecification\",\"valueRequired\":true,\"valueName\":\"search_term_string\"}}],\"inLanguage\":\"fr-FR\"}]}<\/script>\n<meta property=\"product:brand\" content=\"Pharmabol\" \/>\n<meta property=\"product:price:amount\" content=\"55.00\" \/>\n<meta property=\"product:price:currency\" content=\"EUR\" \/>\n<meta property=\"og:availability\" content=\"instock\" \/>\n<meta property=\"product:availability\" content=\"instock\" \/>\n<meta property=\"product:condition\" content=\"new\" \/>\n<!-- \/ Yoast SEO Premium plugin. -->","yoast_head_json":{"title":"TESTOBOL E300 - 3PACK - (Espa\u00f1ol) Esteroides en l\u00ednea","description":"Test-E 300 (\u00c9nanthate de Testost\u00e9rone) est un st\u00e9ro\u00efde injectable essentiel pour les cycles, augmentant la masse musculaire, la force, la r\u00e9cup\u00e9ration et traitant le faible taux de testost\u00e9rone.","robots":{"index":"index","follow":"follow","max-snippet":"max-snippet:-1","max-image-preview":"max-image-preview:large","max-video-preview":"max-video-preview:-1"},"canonical":"https:\/\/iberoid-shop.com\/fr\/product\/pack-3-testobol-e300-pharmabol\/","og_locale":"fr_FR","og_type":"article","og_title":"TESTOBOL E300 - 3PACK","og_description":"Test-E 300 (\u00c9nanthate de Testost\u00e9rone) est un st\u00e9ro\u00efde injectable essentiel pour les cycles, augmentant la masse musculaire, la force, la r\u00e9cup\u00e9ration et traitant le faible taux de testost\u00e9rone.","og_url":"https:\/\/iberoid-shop.com\/fr\/product\/pack-3-testobol-e300-pharmabol\/","og_site_name":"(Espa\u00f1ol) Esteroides en l\u00ednea","article_modified_time":"2026-03-24T21:11:16+00:00","og_image":[{"width":2500,"height":2500,"url":"https:\/\/iberoid-shop.com\/wp-content\/uploads\/2021\/04\/te.jpg?v=1682954421","type":"image\/jpeg"}],"twitter_card":"summary_large_image","twitter_misc":{"Prix":"&euro;55.00","Disponibilit\u00e9":"En stock"},"schema":{"@context":"https:\/\/schema.org","@graph":[{"@type":"WebPage","@id":"https:\/\/iberoid-shop.com\/fr\/product\/pack-3-testobol-e300-pharmabol\/","url":"https:\/\/iberoid-shop.com\/fr\/product\/pack-3-testobol-e300-pharmabol\/","name":"TESTOBOL E300 - 3PACK - (Espa\u00f1ol) Esteroides en l\u00ednea","isPartOf":{"@id":"https:\/\/iberoid-shop.com\/fr\/#website"},"primaryImageOfPage":{"@id":"https:\/\/iberoid-shop.com\/fr\/product\/pack-3-testobol-e300-pharmabol\/#primaryimage"},"image":{"@id":"https:\/\/iberoid-shop.com\/fr\/product\/pack-3-testobol-e300-pharmabol\/#primaryimage"},"thumbnailUrl":"https:\/\/iberoid-shop.com\/wp-content\/uploads\/2021\/04\/te.jpg?v=1682954421","datePublished":"2022-01-17T18:21:07+00:00","dateModified":"2026-03-24T21:11:16+00:00","description":"Test-E 300 (\u00c9nanthate de Testost\u00e9rone) est un st\u00e9ro\u00efde injectable essentiel pour les cycles, augmentant la masse musculaire, la force, la r\u00e9cup\u00e9ration et traitant le faible taux de testost\u00e9rone.","breadcrumb":{"@id":"https:\/\/iberoid-shop.com\/fr\/product\/pack-3-testobol-e300-pharmabol\/#breadcrumb"},"inLanguage":"fr-FR","potentialAction":[{"@type":"ReadAction","target":[["https:\/\/iberoid-shop.com\/fr\/product\/pack-3-testobol-e300-pharmabol\/"]]}]},{"@type":"ImageObject","inLanguage":"fr-FR","@id":"https:\/\/iberoid-shop.com\/fr\/product\/pack-3-testobol-e300-pharmabol\/#primaryimage","url":"https:\/\/iberoid-shop.com\/wp-content\/uploads\/2021\/04\/te.jpg?v=1682954421","contentUrl":"https:\/\/iberoid-shop.com\/wp-content\/uploads\/2021\/04\/te.jpg?v=1682954421","width":2500,"height":2500},{"@type":"BreadcrumbList","@id":"https:\/\/iberoid-shop.com\/fr\/product\/pack-3-testobol-e300-pharmabol\/#breadcrumb","itemListElement":[{"@type":"ListItem","position":1,"name":"Portada","item":"https:\/\/iberoid-shop.com\/fr\/"},{"@type":"ListItem","position":2,"name":"Magasin","item":"https:\/\/iberoid-shop.com\/fr\/shop\/"},{"@type":"ListItem","position":3,"name":"TESTOBOL E300 &#8211; 3PACK"}]},{"@type":"WebSite","@id":"https:\/\/iberoid-shop.com\/fr\/#website","url":"https:\/\/iberoid-shop.com\/fr\/","name":"(Espa\u00f1ol) Esteroides en l\u00ednea","description":"(Espa\u00f1ol) Comprar esteroides en l\u00ednea hoy en Espa\u00f1a y Portugal. Tenemos el mejor servicio al cliente en la industria y los productos de la m\u00e1s alta calidad","potentialAction":[{"@type":"SearchAction","target":{"@type":"EntryPoint","urlTemplate":"https:\/\/iberoid-shop.com\/fr\/?s={search_term_string}"},"query-input":{"@type":"PropertyValueSpecification","valueRequired":true,"valueName":"search_term_string"}}],"inLanguage":"fr-FR"}]},"product_brand":"Pharmabol","product_price_amount":"55.00","product_price_currency":"EUR","og_availability":"instock","product_availability":"instock","product_condition":"new"},"_links":{"self":[{"href":"https:\/\/iberoid-shop.com\/fr\/wp-json\/wp\/v2\/product\/7181","targetHints":{"allow":["GET"]}}],"collection":[{"href":"https:\/\/iberoid-shop.com\/fr\/wp-json\/wp\/v2\/product"}],"about":[{"href":"https:\/\/iberoid-shop.com\/fr\/wp-json\/wp\/v2\/types\/product"}],"replies":[{"embeddable":true,"href":"https:\/\/iberoid-shop.com\/fr\/wp-json\/wp\/v2\/comments?post=7181"}],"wp:featuredmedia":[{"embeddable":true,"href":"https:\/\/iberoid-shop.com\/fr\/wp-json\/wp\/v2\/media\/8475"}],"wp:attachment":[{"href":"https:\/\/iberoid-shop.com\/fr\/wp-json\/wp\/v2\/media?parent=7181"}],"wp:term":[{"taxonomy":"product_brand","embeddable":true,"href":"https:\/\/iberoid-shop.com\/fr\/wp-json\/wp\/v2\/product_brand?post=7181"},{"taxonomy":"product_cat","embeddable":true,"href":"https:\/\/iberoid-shop.com\/fr\/wp-json\/wp\/v2\/product_cat?post=7181"},{"taxonomy":"product_tag","embeddable":true,"href":"https:\/\/iberoid-shop.com\/fr\/wp-json\/wp\/v2\/product_tag?post=7181"}],"curies":[{"name":"wp","href":"https:\/\/api.w.org\/{rel}","templated":true}]}}