{"id":7080,"date":"2021-12-25T13:53:13","date_gmt":"2021-12-25T13:53:13","guid":{"rendered":"https:\/\/iberoid-shop.com\/?post_type=product&#038;p=7080"},"modified":"2022-09-07T23:05:17","modified_gmt":"2022-09-07T23:05:17","slug":"pack3-androx-oxymetholone","status":"publish","type":"product","link":"https:\/\/iberoid-shop.com\/fr\/product\/pack3-androx-oxymetholone\/","title":{"rendered":"Androx 100tabs (10mg\/tab)"},"content":{"rendered":"<p>Substance\u00a0:\u00a0Oxym\u00e9tholone<br \/>\nLivraison\u00a0:\u00a0100 onglets (1 onglet\/25\u00a0mg)<br \/>\nFabricant\u00a0:\u00a0Biosira<br \/>\nDosage recommand\u00e9\u00a0:\u00a050-200\u00a0mg par jour<\/p>\n<p>L&rsquo;oxym\u00e9tholone est sans aucun doute le st\u00e9ro\u00efde anabolisant le plus puissant et le plus clairement efficace \u00e0 ce jour. Non seulement il agit tr\u00e8s rapidement, mais il provoque une pouss\u00e9e de volume exclusive. Les avantages de jusqu&rsquo;\u00e0 10 poids en 2 semaines ne sont pas inhabituels. Ceci est principalement d\u00fb \u00e0 un impact androg\u00e8ne moyen \u00e0 faible ainsi qu&rsquo;\u00e0 une action anabolique plus \u00e9lev\u00e9e \u00e9galement m\u00e9di\u00e9e par des syst\u00e8mes non-AR (des m\u00e9canismes autres que ceux qui ex\u00e9cutent essentiellement le r\u00e9cepteur des androg\u00e8nes). Vous pouvez supposer que les augmentations cr\u00e9\u00e9es sur l&rsquo;oxym\u00e9tholone ne sont pas les plus maigres. Vous observerez une \u00e9limination extr\u00eame des muscles en raison de la graisse li\u00e9e aux \u0153strog\u00e8nes (lipolyse) et des ballonnements. Cette lipolyse s&rsquo;est av\u00e9r\u00e9e plut\u00f4t extr\u00eame. Une \u00e9tude1 sur des personnes souffrant de dialyse de l&rsquo;ourlet \u00e0 long terme a r\u00e9v\u00e9l\u00e9 sans aucun doute le r\u00f4le que l&rsquo;oxym\u00e9tholone peut jouer dans l&rsquo;hyperlipid\u00e9mie.<\/p>","protected":false},"excerpt":{"rendered":"<p>Substance\u00a0:\u00a0Oxym\u00e9tholone Livraison\u00a0:\u00a0100 onglets (1 onglet\/25\u00a0mg) Fabricant\u00a0:\u00a0Biosira Dosage recommand\u00e9\u00a0:\u00a050-200\u00a0mg par jour L&rsquo;oxym\u00e9tholone est sans aucun doute le st\u00e9ro\u00efde anabolisant le plus<\/p>\n","protected":false},"featured_media":6164,"comment_status":"open","ping_status":"closed","template":"","meta":[],"product_brand":[],"product_cat":[73],"product_tag":[],"class_list":{"0":"post-7080","1":"product","2":"type-product","3":"status-publish","4":"has-post-thumbnail","6":"product_cat-ssteroides_orales","8":"first","9":"outofstock","10":"sale","11":"shipping-taxable","12":"purchasable","13":"product-type-simple"},"yoast_head":"<!-- This site is optimized with the Yoast SEO Premium plugin v24.4 (Yoast SEO v27.0) - https:\/\/yoast.com\/product\/yoast-seo-premium-wordpress\/ -->\n<title>Androx 100tabs (10mg\/tab) - (Espa\u00f1ol) Esteroides en l\u00ednea<\/title>\n<meta name=\"robots\" content=\"index, follow, max-snippet:-1, max-image-preview:large, max-video-preview:-1\" \/>\n<link rel=\"canonical\" href=\"https:\/\/iberoid-shop.com\/fr\/product\/pack3-androx-oxymetholone\/\" \/>\n<meta property=\"og:locale\" content=\"fr_FR\" \/>\n<meta property=\"og:type\" content=\"article\" \/>\n<meta property=\"og:title\" content=\"Androx 100tabs (10mg\/tab)\" \/>\n<meta property=\"og:description\" content=\"Substance\u00a0:\u00a0Oxym\u00e9tholone Livraison\u00a0:\u00a0100 onglets (1 onglet\/25\u00a0mg) Fabricant\u00a0:\u00a0Biosira Dosage recommand\u00e9\u00a0:\u00a050-200\u00a0mg par jour L&rsquo;oxym\u00e9tholone est sans aucun doute le st\u00e9ro\u00efde anabolisant le plus\" \/>\n<meta property=\"og:url\" content=\"https:\/\/iberoid-shop.com\/fr\/product\/pack3-androx-oxymetholone\/\" \/>\n<meta property=\"og:site_name\" content=\"(Espa\u00f1ol) Esteroides en l\u00ednea\" \/>\n<meta property=\"article:modified_time\" content=\"2022-09-07T23:05:17+00:00\" \/>\n<meta property=\"og:image\" content=\"https:\/\/iberoid-shop.com\/wp-content\/uploads\/2021\/05\/Androx-Biosira.jpg?v=1678120001\" \/>\n\t<meta property=\"og:image:width\" content=\"1080\" \/>\n\t<meta property=\"og:image:height\" content=\"1440\" \/>\n\t<meta property=\"og:image:type\" content=\"image\/jpeg\" \/>\n<meta name=\"twitter:card\" content=\"summary_large_image\" \/>\n<meta name=\"twitter:label1\" content=\"Prix\" \/>\n\t<meta name=\"twitter:data1\" content=\"&euro;15.00\" \/>\n\t<meta name=\"twitter:label2\" content=\"Disponibilit\u00e9\" \/>\n\t<meta name=\"twitter:data2\" content=\"Rupture de stock\" \/>\n<script type=\"application\/ld+json\" class=\"yoast-schema-graph\">{\"@context\":\"https:\/\/schema.org\",\"@graph\":[{\"@type\":\"WebPage\",\"@id\":\"https:\/\/iberoid-shop.com\/fr\/product\/pack3-androx-oxymetholone\/\",\"url\":\"https:\/\/iberoid-shop.com\/fr\/product\/pack3-androx-oxymetholone\/\",\"name\":\"Androx 100tabs (10mg\/tab) - (Espa\u00f1ol) Esteroides en l\u00ednea\",\"isPartOf\":{\"@id\":\"https:\/\/iberoid-shop.com\/fr\/#website\"},\"primaryImageOfPage\":{\"@id\":\"https:\/\/iberoid-shop.com\/fr\/product\/pack3-androx-oxymetholone\/#primaryimage\"},\"image\":{\"@id\":\"https:\/\/iberoid-shop.com\/fr\/product\/pack3-androx-oxymetholone\/#primaryimage\"},\"thumbnailUrl\":\"https:\/\/iberoid-shop.com\/wp-content\/uploads\/2021\/05\/Androx-Biosira.jpg?v=1678120001\",\"datePublished\":\"2021-12-25T13:53:13+00:00\",\"dateModified\":\"2022-09-07T23:05:17+00:00\",\"breadcrumb\":{\"@id\":\"https:\/\/iberoid-shop.com\/fr\/product\/pack3-androx-oxymetholone\/#breadcrumb\"},\"inLanguage\":\"fr-FR\",\"potentialAction\":[{\"@type\":\"ReadAction\",\"target\":[[\"https:\/\/iberoid-shop.com\/fr\/product\/pack3-androx-oxymetholone\/\"]]}]},{\"@type\":\"ImageObject\",\"inLanguage\":\"fr-FR\",\"@id\":\"https:\/\/iberoid-shop.com\/fr\/product\/pack3-androx-oxymetholone\/#primaryimage\",\"url\":\"https:\/\/iberoid-shop.com\/wp-content\/uploads\/2021\/05\/Androx-Biosira.jpg?v=1678120001\",\"contentUrl\":\"https:\/\/iberoid-shop.com\/wp-content\/uploads\/2021\/05\/Androx-Biosira.jpg?v=1678120001\",\"width\":1080,\"height\":1440},{\"@type\":\"BreadcrumbList\",\"@id\":\"https:\/\/iberoid-shop.com\/fr\/product\/pack3-androx-oxymetholone\/#breadcrumb\",\"itemListElement\":[{\"@type\":\"ListItem\",\"position\":1,\"name\":\"Portada\",\"item\":\"https:\/\/iberoid-shop.com\/fr\/\"},{\"@type\":\"ListItem\",\"position\":2,\"name\":\"Magasin\",\"item\":\"https:\/\/iberoid-shop.com\/fr\/shop\/\"},{\"@type\":\"ListItem\",\"position\":3,\"name\":\"Androx 100tabs (10mg\/tab)\"}]},{\"@type\":\"WebSite\",\"@id\":\"https:\/\/iberoid-shop.com\/fr\/#website\",\"url\":\"https:\/\/iberoid-shop.com\/fr\/\",\"name\":\"(Espa\u00f1ol) Esteroides en l\u00ednea\",\"description\":\"(Espa\u00f1ol) Comprar esteroides en l\u00ednea hoy en Espa\u00f1a y Portugal. Tenemos el mejor servicio al cliente en la industria y los productos de la m\u00e1s alta calidad\",\"potentialAction\":[{\"@type\":\"SearchAction\",\"target\":{\"@type\":\"EntryPoint\",\"urlTemplate\":\"https:\/\/iberoid-shop.com\/fr\/?s={search_term_string}\"},\"query-input\":{\"@type\":\"PropertyValueSpecification\",\"valueRequired\":true,\"valueName\":\"search_term_string\"}}],\"inLanguage\":\"fr-FR\"}]}<\/script>\n<meta property=\"product:brand\" content=\"Biosira Ltd\" \/>\n<meta property=\"product:price:amount\" content=\"15.00\" \/>\n<meta property=\"product:price:currency\" content=\"EUR\" \/>\n<meta property=\"og:availability\" content=\"out of stock\" \/>\n<meta property=\"product:availability\" content=\"out of stock\" \/>\n<meta property=\"product:condition\" content=\"new\" \/>\n<!-- \/ Yoast SEO Premium plugin. -->","yoast_head_json":{"title":"Androx 100tabs (10mg\/tab) - (Espa\u00f1ol) Esteroides en l\u00ednea","robots":{"index":"index","follow":"follow","max-snippet":"max-snippet:-1","max-image-preview":"max-image-preview:large","max-video-preview":"max-video-preview:-1"},"canonical":"https:\/\/iberoid-shop.com\/fr\/product\/pack3-androx-oxymetholone\/","og_locale":"fr_FR","og_type":"article","og_title":"Androx 100tabs (10mg\/tab)","og_description":"Substance\u00a0:\u00a0Oxym\u00e9tholone Livraison\u00a0:\u00a0100 onglets (1 onglet\/25\u00a0mg) Fabricant\u00a0:\u00a0Biosira Dosage recommand\u00e9\u00a0:\u00a050-200\u00a0mg par jour L&rsquo;oxym\u00e9tholone est sans aucun doute le st\u00e9ro\u00efde anabolisant le plus","og_url":"https:\/\/iberoid-shop.com\/fr\/product\/pack3-androx-oxymetholone\/","og_site_name":"(Espa\u00f1ol) Esteroides en l\u00ednea","article_modified_time":"2022-09-07T23:05:17+00:00","og_image":[{"width":1080,"height":1440,"url":"https:\/\/iberoid-shop.com\/wp-content\/uploads\/2021\/05\/Androx-Biosira.jpg?v=1678120001","type":"image\/jpeg"}],"twitter_card":"summary_large_image","twitter_misc":{"Prix":"&euro;15.00","Disponibilit\u00e9":"Rupture de stock"},"schema":{"@context":"https:\/\/schema.org","@graph":[{"@type":"WebPage","@id":"https:\/\/iberoid-shop.com\/fr\/product\/pack3-androx-oxymetholone\/","url":"https:\/\/iberoid-shop.com\/fr\/product\/pack3-androx-oxymetholone\/","name":"Androx 100tabs (10mg\/tab) - (Espa\u00f1ol) Esteroides en l\u00ednea","isPartOf":{"@id":"https:\/\/iberoid-shop.com\/fr\/#website"},"primaryImageOfPage":{"@id":"https:\/\/iberoid-shop.com\/fr\/product\/pack3-androx-oxymetholone\/#primaryimage"},"image":{"@id":"https:\/\/iberoid-shop.com\/fr\/product\/pack3-androx-oxymetholone\/#primaryimage"},"thumbnailUrl":"https:\/\/iberoid-shop.com\/wp-content\/uploads\/2021\/05\/Androx-Biosira.jpg?v=1678120001","datePublished":"2021-12-25T13:53:13+00:00","dateModified":"2022-09-07T23:05:17+00:00","breadcrumb":{"@id":"https:\/\/iberoid-shop.com\/fr\/product\/pack3-androx-oxymetholone\/#breadcrumb"},"inLanguage":"fr-FR","potentialAction":[{"@type":"ReadAction","target":[["https:\/\/iberoid-shop.com\/fr\/product\/pack3-androx-oxymetholone\/"]]}]},{"@type":"ImageObject","inLanguage":"fr-FR","@id":"https:\/\/iberoid-shop.com\/fr\/product\/pack3-androx-oxymetholone\/#primaryimage","url":"https:\/\/iberoid-shop.com\/wp-content\/uploads\/2021\/05\/Androx-Biosira.jpg?v=1678120001","contentUrl":"https:\/\/iberoid-shop.com\/wp-content\/uploads\/2021\/05\/Androx-Biosira.jpg?v=1678120001","width":1080,"height":1440},{"@type":"BreadcrumbList","@id":"https:\/\/iberoid-shop.com\/fr\/product\/pack3-androx-oxymetholone\/#breadcrumb","itemListElement":[{"@type":"ListItem","position":1,"name":"Portada","item":"https:\/\/iberoid-shop.com\/fr\/"},{"@type":"ListItem","position":2,"name":"Magasin","item":"https:\/\/iberoid-shop.com\/fr\/shop\/"},{"@type":"ListItem","position":3,"name":"Androx 100tabs (10mg\/tab)"}]},{"@type":"WebSite","@id":"https:\/\/iberoid-shop.com\/fr\/#website","url":"https:\/\/iberoid-shop.com\/fr\/","name":"(Espa\u00f1ol) Esteroides en l\u00ednea","description":"(Espa\u00f1ol) Comprar esteroides en l\u00ednea hoy en Espa\u00f1a y Portugal. Tenemos el mejor servicio al cliente en la industria y los productos de la m\u00e1s alta calidad","potentialAction":[{"@type":"SearchAction","target":{"@type":"EntryPoint","urlTemplate":"https:\/\/iberoid-shop.com\/fr\/?s={search_term_string}"},"query-input":{"@type":"PropertyValueSpecification","valueRequired":true,"valueName":"search_term_string"}}],"inLanguage":"fr-FR"}]},"product_brand":"Biosira Ltd","product_price_amount":"15.00","product_price_currency":"EUR","og_availability":"out of stock","product_availability":"out of stock","product_condition":"new"},"_links":{"self":[{"href":"https:\/\/iberoid-shop.com\/fr\/wp-json\/wp\/v2\/product\/7080","targetHints":{"allow":["GET"]}}],"collection":[{"href":"https:\/\/iberoid-shop.com\/fr\/wp-json\/wp\/v2\/product"}],"about":[{"href":"https:\/\/iberoid-shop.com\/fr\/wp-json\/wp\/v2\/types\/product"}],"replies":[{"embeddable":true,"href":"https:\/\/iberoid-shop.com\/fr\/wp-json\/wp\/v2\/comments?post=7080"}],"wp:featuredmedia":[{"embeddable":true,"href":"https:\/\/iberoid-shop.com\/fr\/wp-json\/wp\/v2\/media\/6164"}],"wp:attachment":[{"href":"https:\/\/iberoid-shop.com\/fr\/wp-json\/wp\/v2\/media?parent=7080"}],"wp:term":[{"taxonomy":"product_brand","embeddable":true,"href":"https:\/\/iberoid-shop.com\/fr\/wp-json\/wp\/v2\/product_brand?post=7080"},{"taxonomy":"product_cat","embeddable":true,"href":"https:\/\/iberoid-shop.com\/fr\/wp-json\/wp\/v2\/product_cat?post=7080"},{"taxonomy":"product_tag","embeddable":true,"href":"https:\/\/iberoid-shop.com\/fr\/wp-json\/wp\/v2\/product_tag?post=7080"}],"curies":[{"name":"wp","href":"https:\/\/api.w.org\/{rel}","templated":true}]}}