{"id":6973,"date":"2021-12-01T18:01:02","date_gmt":"2021-12-01T18:01:02","guid":{"rendered":"https:\/\/iberoid-shop.com\/?post_type=product&#038;p=6973"},"modified":"2024-08-06T19:51:30","modified_gmt":"2024-08-06T19:51:30","slug":"pack-3-hcg-5000-iu-pregnyl","status":"publish","type":"product","link":"https:\/\/iberoid-shop.com\/fr\/product\/pack-3-hcg-5000-iu-pregnyl\/","title":{"rendered":"PREGNYL pack 3 &#8211; hcg 5000 iu"},"content":{"rendered":"<p>Ce m\u00e9dicament est une hormone utilis\u00e9e chez les gar\u00e7ons (avant la pubert\u00e9) pour provoquer la chute normale des testicules dans le scrotum. Il est \u00e9galement utilis\u00e9 chez certains gar\u00e7ons pour aider au d\u00e9veloppement sexuel normal. Il agit en provoquant la lib\u00e9ration d&rsquo;hormones sexuelles m\u00e2les par les testicules (par exemple, la testost\u00e9rone). Ce m\u00e9dicament est \u00e9galement utilis\u00e9 chez la femme pour traiter les probl\u00e8mes de fertilit\u00e9. Il est administr\u00e9 apr\u00e8s avoir termin\u00e9 un autre m\u00e9dicament (m\u00e9notropines) pour provoquer la lib\u00e9ration d&rsquo;un ovule (ovulation). Il ne doit pas \u00eatre utilis\u00e9 chez les femmes dont les ovaires ne produisent plus d&rsquo;ovules correctement (insuffisance ovarienne primaire). Ce m\u00e9dicament ne s&rsquo;est pas av\u00e9r\u00e9 efficace pour la perte de poids et ne doit pas \u00eatre utilis\u00e9 \u00e0 cette fin en raison du risque d&rsquo;effets secondaires graves.<\/p>\n<p>MODE D&rsquo;EMPLOI : Ce m\u00e9dicament est administr\u00e9 par injection dans un muscle par un professionnel de la sant\u00e9. Si vous donnez ce m\u00e9dicament \u00e0 la maison, apprenez toutes les instructions de pr\u00e9paration et d&rsquo;utilisation de ce produit. Avant utilisation, v\u00e9rifiez visuellement l&rsquo;absence de particules ou de d\u00e9coloration de ce produit. Si l&rsquo;un ou l&rsquo;autre est pr\u00e9sent, n&rsquo;utilisez pas le liquide. La posologie est bas\u00e9e sur votre \u00e2ge, votre poids, votre \u00e9tat de sant\u00e9 et votre r\u00e9ponse au traitement. Pour les gar\u00e7ons, utilisez ce m\u00e9dicament g\u00e9n\u00e9ralement 3 fois par semaine. Pour les femmes, utilisez ce m\u00e9dicament g\u00e9n\u00e9ralement pour 1 dose apr\u00e8s avoir termin\u00e9 votre traitement par les m\u00e9notropines. Utilisez ce m\u00e9dicament r\u00e9guli\u00e8rement pour en tirer le meilleur parti. Pour vous aider \u00e0 vous en souvenir, notez le(s) jour(s) sur le calendrier o\u00f9 vous devez recevoir le m\u00e9dicament.<\/p>","protected":false},"excerpt":{"rendered":"<p>Ce m\u00e9dicament est une hormone utilis\u00e9e chez les gar\u00e7ons (avant la pubert\u00e9) pour provoquer la chute normale des testicules dans<\/p>\n","protected":false},"featured_media":5105,"comment_status":"open","ping_status":"closed","template":"","meta":[],"product_brand":[],"product_cat":[76,3474],"product_tag":[],"class_list":{"0":"post-6973","1":"product","2":"type-product","3":"status-publish","4":"has-post-thumbnail","6":"product_cat-hgh_peptido","7":"product_cat-packs","9":"first","10":"outofstock","11":"sale","12":"shipping-taxable","13":"purchasable","14":"product-type-simple"},"yoast_head":"<!-- This site is optimized with the Yoast SEO Premium plugin v24.4 (Yoast SEO v27.0) - https:\/\/yoast.com\/product\/yoast-seo-premium-wordpress\/ -->\n<title>PREGNYL pack 3 - hcg 5000 iu - (Espa\u00f1ol) Esteroides en l\u00ednea<\/title>\n<meta name=\"robots\" content=\"index, follow, max-snippet:-1, max-image-preview:large, max-video-preview:-1\" \/>\n<link rel=\"canonical\" href=\"https:\/\/iberoid-shop.com\/fr\/product\/pack-3-hcg-5000-iu-pregnyl\/\" \/>\n<meta property=\"og:locale\" content=\"fr_FR\" \/>\n<meta property=\"og:type\" content=\"article\" \/>\n<meta property=\"og:title\" content=\"PREGNYL pack 3 - hcg 5000 iu\" \/>\n<meta property=\"og:description\" content=\"Ce m\u00e9dicament est une hormone utilis\u00e9e chez les gar\u00e7ons (avant la pubert\u00e9) pour provoquer la chute normale des testicules dans\" \/>\n<meta property=\"og:url\" content=\"https:\/\/iberoid-shop.com\/fr\/product\/pack-3-hcg-5000-iu-pregnyl\/\" \/>\n<meta property=\"og:site_name\" content=\"(Espa\u00f1ol) Esteroides en l\u00ednea\" \/>\n<meta property=\"article:modified_time\" content=\"2024-08-06T19:51:30+00:00\" \/>\n<meta property=\"og:image\" content=\"https:\/\/iberoid-shop.com\/wp-content\/uploads\/2020\/05\/pregnyl-organon-5000-iu.jpg?v=1720308727\" \/>\n\t<meta property=\"og:image:width\" content=\"800\" \/>\n\t<meta property=\"og:image:height\" content=\"800\" \/>\n\t<meta property=\"og:image:type\" content=\"image\/jpeg\" \/>\n<meta name=\"twitter:card\" content=\"summary_large_image\" \/>\n<meta name=\"twitter:label1\" content=\"Prix\" \/>\n\t<meta name=\"twitter:data1\" content=\"&euro;45.00\" \/>\n\t<meta name=\"twitter:label2\" content=\"Disponibilit\u00e9\" \/>\n\t<meta name=\"twitter:data2\" content=\"Rupture de stock\" \/>\n<script type=\"application\/ld+json\" class=\"yoast-schema-graph\">{\"@context\":\"https:\/\/schema.org\",\"@graph\":[{\"@type\":\"WebPage\",\"@id\":\"https:\/\/iberoid-shop.com\/fr\/product\/pack-3-hcg-5000-iu-pregnyl\/\",\"url\":\"https:\/\/iberoid-shop.com\/fr\/product\/pack-3-hcg-5000-iu-pregnyl\/\",\"name\":\"PREGNYL pack 3 - hcg 5000 iu - (Espa\u00f1ol) Esteroides en l\u00ednea\",\"isPartOf\":{\"@id\":\"https:\/\/iberoid-shop.com\/fr\/#website\"},\"primaryImageOfPage\":{\"@id\":\"https:\/\/iberoid-shop.com\/fr\/product\/pack-3-hcg-5000-iu-pregnyl\/#primaryimage\"},\"image\":{\"@id\":\"https:\/\/iberoid-shop.com\/fr\/product\/pack-3-hcg-5000-iu-pregnyl\/#primaryimage\"},\"thumbnailUrl\":\"https:\/\/iberoid-shop.com\/wp-content\/uploads\/2020\/05\/pregnyl-organon-5000-iu.jpg?v=1720308727\",\"datePublished\":\"2021-12-01T18:01:02+00:00\",\"dateModified\":\"2024-08-06T19:51:30+00:00\",\"breadcrumb\":{\"@id\":\"https:\/\/iberoid-shop.com\/fr\/product\/pack-3-hcg-5000-iu-pregnyl\/#breadcrumb\"},\"inLanguage\":\"fr-FR\",\"potentialAction\":[{\"@type\":\"ReadAction\",\"target\":[[\"https:\/\/iberoid-shop.com\/fr\/product\/pack-3-hcg-5000-iu-pregnyl\/\"]]}]},{\"@type\":\"ImageObject\",\"inLanguage\":\"fr-FR\",\"@id\":\"https:\/\/iberoid-shop.com\/fr\/product\/pack-3-hcg-5000-iu-pregnyl\/#primaryimage\",\"url\":\"https:\/\/iberoid-shop.com\/wp-content\/uploads\/2020\/05\/pregnyl-organon-5000-iu.jpg?v=1720308727\",\"contentUrl\":\"https:\/\/iberoid-shop.com\/wp-content\/uploads\/2020\/05\/pregnyl-organon-5000-iu.jpg?v=1720308727\",\"width\":800,\"height\":800},{\"@type\":\"BreadcrumbList\",\"@id\":\"https:\/\/iberoid-shop.com\/fr\/product\/pack-3-hcg-5000-iu-pregnyl\/#breadcrumb\",\"itemListElement\":[{\"@type\":\"ListItem\",\"position\":1,\"name\":\"Portada\",\"item\":\"https:\/\/iberoid-shop.com\/fr\/\"},{\"@type\":\"ListItem\",\"position\":2,\"name\":\"Magasin\",\"item\":\"https:\/\/iberoid-shop.com\/fr\/shop\/\"},{\"@type\":\"ListItem\",\"position\":3,\"name\":\"PREGNYL pack 3 &#8211; hcg 5000 iu\"}]},{\"@type\":\"WebSite\",\"@id\":\"https:\/\/iberoid-shop.com\/fr\/#website\",\"url\":\"https:\/\/iberoid-shop.com\/fr\/\",\"name\":\"(Espa\u00f1ol) Esteroides en l\u00ednea\",\"description\":\"(Espa\u00f1ol) Comprar esteroides en l\u00ednea hoy en Espa\u00f1a y Portugal. Tenemos el mejor servicio al cliente en la industria y los productos de la m\u00e1s alta calidad\",\"potentialAction\":[{\"@type\":\"SearchAction\",\"target\":{\"@type\":\"EntryPoint\",\"urlTemplate\":\"https:\/\/iberoid-shop.com\/fr\/?s={search_term_string}\"},\"query-input\":{\"@type\":\"PropertyValueSpecification\",\"valueRequired\":true,\"valueName\":\"search_term_string\"}}],\"inLanguage\":\"fr-FR\"}]}<\/script>\n<meta property=\"product:brand\" content=\"Organon\" \/>\n<meta property=\"product:price:amount\" content=\"45.00\" \/>\n<meta property=\"product:price:currency\" content=\"EUR\" \/>\n<meta property=\"og:availability\" content=\"out of stock\" \/>\n<meta property=\"product:availability\" content=\"out of stock\" \/>\n<meta property=\"product:condition\" content=\"new\" \/>\n<!-- \/ Yoast SEO Premium plugin. -->","yoast_head_json":{"title":"PREGNYL pack 3 - hcg 5000 iu - (Espa\u00f1ol) Esteroides en l\u00ednea","robots":{"index":"index","follow":"follow","max-snippet":"max-snippet:-1","max-image-preview":"max-image-preview:large","max-video-preview":"max-video-preview:-1"},"canonical":"https:\/\/iberoid-shop.com\/fr\/product\/pack-3-hcg-5000-iu-pregnyl\/","og_locale":"fr_FR","og_type":"article","og_title":"PREGNYL pack 3 - hcg 5000 iu","og_description":"Ce m\u00e9dicament est une hormone utilis\u00e9e chez les gar\u00e7ons (avant la pubert\u00e9) pour provoquer la chute normale des testicules dans","og_url":"https:\/\/iberoid-shop.com\/fr\/product\/pack-3-hcg-5000-iu-pregnyl\/","og_site_name":"(Espa\u00f1ol) Esteroides en l\u00ednea","article_modified_time":"2024-08-06T19:51:30+00:00","og_image":[{"width":800,"height":800,"url":"https:\/\/iberoid-shop.com\/wp-content\/uploads\/2020\/05\/pregnyl-organon-5000-iu.jpg?v=1720308727","type":"image\/jpeg"}],"twitter_card":"summary_large_image","twitter_misc":{"Prix":"&euro;45.00","Disponibilit\u00e9":"Rupture de stock"},"schema":{"@context":"https:\/\/schema.org","@graph":[{"@type":"WebPage","@id":"https:\/\/iberoid-shop.com\/fr\/product\/pack-3-hcg-5000-iu-pregnyl\/","url":"https:\/\/iberoid-shop.com\/fr\/product\/pack-3-hcg-5000-iu-pregnyl\/","name":"PREGNYL pack 3 - hcg 5000 iu - (Espa\u00f1ol) Esteroides en l\u00ednea","isPartOf":{"@id":"https:\/\/iberoid-shop.com\/fr\/#website"},"primaryImageOfPage":{"@id":"https:\/\/iberoid-shop.com\/fr\/product\/pack-3-hcg-5000-iu-pregnyl\/#primaryimage"},"image":{"@id":"https:\/\/iberoid-shop.com\/fr\/product\/pack-3-hcg-5000-iu-pregnyl\/#primaryimage"},"thumbnailUrl":"https:\/\/iberoid-shop.com\/wp-content\/uploads\/2020\/05\/pregnyl-organon-5000-iu.jpg?v=1720308727","datePublished":"2021-12-01T18:01:02+00:00","dateModified":"2024-08-06T19:51:30+00:00","breadcrumb":{"@id":"https:\/\/iberoid-shop.com\/fr\/product\/pack-3-hcg-5000-iu-pregnyl\/#breadcrumb"},"inLanguage":"fr-FR","potentialAction":[{"@type":"ReadAction","target":[["https:\/\/iberoid-shop.com\/fr\/product\/pack-3-hcg-5000-iu-pregnyl\/"]]}]},{"@type":"ImageObject","inLanguage":"fr-FR","@id":"https:\/\/iberoid-shop.com\/fr\/product\/pack-3-hcg-5000-iu-pregnyl\/#primaryimage","url":"https:\/\/iberoid-shop.com\/wp-content\/uploads\/2020\/05\/pregnyl-organon-5000-iu.jpg?v=1720308727","contentUrl":"https:\/\/iberoid-shop.com\/wp-content\/uploads\/2020\/05\/pregnyl-organon-5000-iu.jpg?v=1720308727","width":800,"height":800},{"@type":"BreadcrumbList","@id":"https:\/\/iberoid-shop.com\/fr\/product\/pack-3-hcg-5000-iu-pregnyl\/#breadcrumb","itemListElement":[{"@type":"ListItem","position":1,"name":"Portada","item":"https:\/\/iberoid-shop.com\/fr\/"},{"@type":"ListItem","position":2,"name":"Magasin","item":"https:\/\/iberoid-shop.com\/fr\/shop\/"},{"@type":"ListItem","position":3,"name":"PREGNYL pack 3 &#8211; hcg 5000 iu"}]},{"@type":"WebSite","@id":"https:\/\/iberoid-shop.com\/fr\/#website","url":"https:\/\/iberoid-shop.com\/fr\/","name":"(Espa\u00f1ol) Esteroides en l\u00ednea","description":"(Espa\u00f1ol) Comprar esteroides en l\u00ednea hoy en Espa\u00f1a y Portugal. Tenemos el mejor servicio al cliente en la industria y los productos de la m\u00e1s alta calidad","potentialAction":[{"@type":"SearchAction","target":{"@type":"EntryPoint","urlTemplate":"https:\/\/iberoid-shop.com\/fr\/?s={search_term_string}"},"query-input":{"@type":"PropertyValueSpecification","valueRequired":true,"valueName":"search_term_string"}}],"inLanguage":"fr-FR"}]},"product_brand":"Organon","product_price_amount":"45.00","product_price_currency":"EUR","og_availability":"out of stock","product_availability":"out of stock","product_condition":"new"},"_links":{"self":[{"href":"https:\/\/iberoid-shop.com\/fr\/wp-json\/wp\/v2\/product\/6973","targetHints":{"allow":["GET"]}}],"collection":[{"href":"https:\/\/iberoid-shop.com\/fr\/wp-json\/wp\/v2\/product"}],"about":[{"href":"https:\/\/iberoid-shop.com\/fr\/wp-json\/wp\/v2\/types\/product"}],"replies":[{"embeddable":true,"href":"https:\/\/iberoid-shop.com\/fr\/wp-json\/wp\/v2\/comments?post=6973"}],"wp:featuredmedia":[{"embeddable":true,"href":"https:\/\/iberoid-shop.com\/fr\/wp-json\/wp\/v2\/media\/5105"}],"wp:attachment":[{"href":"https:\/\/iberoid-shop.com\/fr\/wp-json\/wp\/v2\/media?parent=6973"}],"wp:term":[{"taxonomy":"product_brand","embeddable":true,"href":"https:\/\/iberoid-shop.com\/fr\/wp-json\/wp\/v2\/product_brand?post=6973"},{"taxonomy":"product_cat","embeddable":true,"href":"https:\/\/iberoid-shop.com\/fr\/wp-json\/wp\/v2\/product_cat?post=6973"},{"taxonomy":"product_tag","embeddable":true,"href":"https:\/\/iberoid-shop.com\/fr\/wp-json\/wp\/v2\/product_tag?post=6973"}],"curies":[{"name":"wp","href":"https:\/\/api.w.org\/{rel}","templated":true}]}}