{"id":6934,"date":"2021-11-25T12:41:10","date_gmt":"2021-11-25T12:41:10","guid":{"rendered":"https:\/\/iberoid-shop.com\/?post_type=product&#038;p=6934"},"modified":"2025-05-11T13:38:10","modified_gmt":"2025-05-11T13:38:10","slug":"100-tabletas","status":"publish","type":"product","link":"https:\/\/iberoid-shop.com\/fr\/product\/100-tabletas\/","title":{"rendered":"OXABOL &#8211; OXANDROLONE 60 TABLETS"},"content":{"rendered":"<p>Ces comprim\u00e9s oraux d&rsquo;Oxandrolone contiennent 10 mg d&rsquo;ingr\u00e9dient actif par comprim\u00e9, ce qui convient aux besoins des bodybuilders masculins et f\u00e9minins. Chaque paquet de ce produit comprend 4 blisters \u00d7 25 comprim\u00e9s.<\/p>\n<p>En tant que st\u00e9ro\u00efde pour les cycles de coupe, Oxandrolone poss\u00e8de de nombreux avantages. Tout d&rsquo;abord, il aide \u00e0 br\u00fbler les graisses rapidement sans r\u00e9duire la masse musculaire maigre. De plus, il ne provoque pas de r\u00e9tention d&rsquo;eau. Bien s\u00fbr, cela contribue \u00e9galement \u00e0 augmenter la r\u00e9sistance et la durabilit\u00e9. Mais le plus grand avantage de ce st\u00e9ro\u00efde est la s\u00e9curit\u00e9 : il agit de mani\u00e8re douce et n&rsquo;endommage pas le foie.<\/p>","protected":false},"excerpt":{"rendered":"<p>Ces comprim\u00e9s oraux d&rsquo;Oxandrolone contiennent 10 mg d&rsquo;ingr\u00e9dient actif par comprim\u00e9, ce qui convient aux besoins des bodybuilders masculins et<\/p>\n","protected":false},"featured_media":6935,"comment_status":"open","ping_status":"closed","template":"","meta":[],"product_brand":[],"product_cat":[73],"product_tag":[3454],"class_list":{"0":"post-6934","1":"product","2":"type-product","3":"status-publish","4":"has-post-thumbnail","6":"product_cat-ssteroides_orales","7":"product_tag-60-tabletas","9":"first","10":"outofstock","11":"shipping-taxable","12":"purchasable","13":"product-type-simple"},"yoast_head":"<!-- This site is optimized with the Yoast SEO Premium plugin v24.4 (Yoast SEO v27.0) - https:\/\/yoast.com\/product\/yoast-seo-premium-wordpress\/ -->\n<title>OXABOL - OXANDROLONE 60 TABLETS - (Espa\u00f1ol) Esteroides en l\u00ednea<\/title>\n<meta name=\"description\" content=\"Comprim\u00e9s oraux d&#039;Oxandrolone 10mg (100 comprim\u00e9s). Id\u00e9al pour les cycles de s\u00e8che : br\u00fble les graisses, pr\u00e9serve les muscles, augmente la force. Doux et sans danger pour le foie. Pour hommes et femmes.\" \/>\n<meta name=\"robots\" content=\"index, follow, max-snippet:-1, max-image-preview:large, max-video-preview:-1\" \/>\n<link rel=\"canonical\" href=\"https:\/\/iberoid-shop.com\/fr\/product\/100-tabletas\/\" \/>\n<meta property=\"og:locale\" content=\"fr_FR\" \/>\n<meta property=\"og:type\" content=\"article\" \/>\n<meta property=\"og:title\" content=\"OXABOL - OXANDROLONE 60 TABLETS\" \/>\n<meta property=\"og:description\" content=\"Comprim\u00e9s oraux d&#039;Oxandrolone 10mg (100 comprim\u00e9s). Id\u00e9al pour les cycles de s\u00e8che : br\u00fble les graisses, pr\u00e9serve les muscles, augmente la force. Doux et sans danger pour le foie. Pour hommes et femmes.\" \/>\n<meta property=\"og:url\" content=\"https:\/\/iberoid-shop.com\/fr\/product\/100-tabletas\/\" \/>\n<meta property=\"og:site_name\" content=\"(Espa\u00f1ol) Esteroides en l\u00ednea\" \/>\n<meta property=\"article:modified_time\" content=\"2025-05-11T13:38:10+00:00\" \/>\n<meta property=\"og:image\" content=\"https:\/\/iberoid-shop.com\/wp-content\/uploads\/2021\/11\/oxapbnou.jpg?v=1692348233\" \/>\n\t<meta property=\"og:image:width\" content=\"714\" \/>\n\t<meta property=\"og:image:height\" content=\"987\" \/>\n\t<meta property=\"og:image:type\" content=\"image\/jpeg\" \/>\n<meta name=\"twitter:card\" content=\"summary_large_image\" \/>\n<meta name=\"twitter:label1\" content=\"Prix\" \/>\n\t<meta name=\"twitter:data1\" content=\"&euro;40.00\" \/>\n\t<meta name=\"twitter:label2\" content=\"Disponibilit\u00e9\" \/>\n\t<meta name=\"twitter:data2\" content=\"Rupture de stock\" \/>\n<script type=\"application\/ld+json\" class=\"yoast-schema-graph\">{\"@context\":\"https:\/\/schema.org\",\"@graph\":[{\"@type\":\"WebPage\",\"@id\":\"https:\/\/iberoid-shop.com\/fr\/product\/100-tabletas\/\",\"url\":\"https:\/\/iberoid-shop.com\/fr\/product\/100-tabletas\/\",\"name\":\"OXABOL - OXANDROLONE 60 TABLETS - (Espa\u00f1ol) Esteroides en l\u00ednea\",\"isPartOf\":{\"@id\":\"https:\/\/iberoid-shop.com\/fr\/#website\"},\"primaryImageOfPage\":{\"@id\":\"https:\/\/iberoid-shop.com\/fr\/product\/100-tabletas\/#primaryimage\"},\"image\":{\"@id\":\"https:\/\/iberoid-shop.com\/fr\/product\/100-tabletas\/#primaryimage\"},\"thumbnailUrl\":\"https:\/\/iberoid-shop.com\/wp-content\/uploads\/2021\/11\/oxapbnou.jpg?v=1692348233\",\"datePublished\":\"2021-11-25T12:41:10+00:00\",\"dateModified\":\"2025-05-11T13:38:10+00:00\",\"description\":\"Comprim\u00e9s oraux d'Oxandrolone 10mg (100 comprim\u00e9s). Id\u00e9al pour les cycles de s\u00e8che : br\u00fble les graisses, pr\u00e9serve les muscles, augmente la force. Doux et sans danger pour le foie. Pour hommes et femmes.\",\"breadcrumb\":{\"@id\":\"https:\/\/iberoid-shop.com\/fr\/product\/100-tabletas\/#breadcrumb\"},\"inLanguage\":\"fr-FR\",\"potentialAction\":[{\"@type\":\"ReadAction\",\"target\":[[\"https:\/\/iberoid-shop.com\/fr\/product\/100-tabletas\/\"]]}]},{\"@type\":\"ImageObject\",\"inLanguage\":\"fr-FR\",\"@id\":\"https:\/\/iberoid-shop.com\/fr\/product\/100-tabletas\/#primaryimage\",\"url\":\"https:\/\/iberoid-shop.com\/wp-content\/uploads\/2021\/11\/oxapbnou.jpg?v=1692348233\",\"contentUrl\":\"https:\/\/iberoid-shop.com\/wp-content\/uploads\/2021\/11\/oxapbnou.jpg?v=1692348233\",\"width\":714,\"height\":987},{\"@type\":\"BreadcrumbList\",\"@id\":\"https:\/\/iberoid-shop.com\/fr\/product\/100-tabletas\/#breadcrumb\",\"itemListElement\":[{\"@type\":\"ListItem\",\"position\":1,\"name\":\"Portada\",\"item\":\"https:\/\/iberoid-shop.com\/fr\/\"},{\"@type\":\"ListItem\",\"position\":2,\"name\":\"Magasin\",\"item\":\"https:\/\/iberoid-shop.com\/fr\/shop\/\"},{\"@type\":\"ListItem\",\"position\":3,\"name\":\"OXABOL &#8211; OXANDROLONE 60 TABLETS\"}]},{\"@type\":\"WebSite\",\"@id\":\"https:\/\/iberoid-shop.com\/fr\/#website\",\"url\":\"https:\/\/iberoid-shop.com\/fr\/\",\"name\":\"(Espa\u00f1ol) Esteroides en l\u00ednea\",\"description\":\"(Espa\u00f1ol) Comprar esteroides en l\u00ednea hoy en Espa\u00f1a y Portugal. Tenemos el mejor servicio al cliente en la industria y los productos de la m\u00e1s alta calidad\",\"potentialAction\":[{\"@type\":\"SearchAction\",\"target\":{\"@type\":\"EntryPoint\",\"urlTemplate\":\"https:\/\/iberoid-shop.com\/fr\/?s={search_term_string}\"},\"query-input\":{\"@type\":\"PropertyValueSpecification\",\"valueRequired\":true,\"valueName\":\"search_term_string\"}}],\"inLanguage\":\"fr-FR\"}]}<\/script>\n<meta property=\"product:brand\" content=\"Pharmabol\" \/>\n<meta property=\"product:price:amount\" content=\"40.00\" \/>\n<meta property=\"product:price:currency\" content=\"EUR\" \/>\n<meta property=\"og:availability\" content=\"out of stock\" \/>\n<meta property=\"product:availability\" content=\"out of stock\" \/>\n<meta property=\"product:condition\" content=\"new\" \/>\n<!-- \/ Yoast SEO Premium plugin. -->","yoast_head_json":{"title":"OXABOL - OXANDROLONE 60 TABLETS - (Espa\u00f1ol) Esteroides en l\u00ednea","description":"Comprim\u00e9s oraux d'Oxandrolone 10mg (100 comprim\u00e9s). Id\u00e9al pour les cycles de s\u00e8che : br\u00fble les graisses, pr\u00e9serve les muscles, augmente la force. Doux et sans danger pour le foie. Pour hommes et femmes.","robots":{"index":"index","follow":"follow","max-snippet":"max-snippet:-1","max-image-preview":"max-image-preview:large","max-video-preview":"max-video-preview:-1"},"canonical":"https:\/\/iberoid-shop.com\/fr\/product\/100-tabletas\/","og_locale":"fr_FR","og_type":"article","og_title":"OXABOL - OXANDROLONE 60 TABLETS","og_description":"Comprim\u00e9s oraux d'Oxandrolone 10mg (100 comprim\u00e9s). Id\u00e9al pour les cycles de s\u00e8che : br\u00fble les graisses, pr\u00e9serve les muscles, augmente la force. Doux et sans danger pour le foie. Pour hommes et femmes.","og_url":"https:\/\/iberoid-shop.com\/fr\/product\/100-tabletas\/","og_site_name":"(Espa\u00f1ol) Esteroides en l\u00ednea","article_modified_time":"2025-05-11T13:38:10+00:00","og_image":[{"width":714,"height":987,"url":"https:\/\/iberoid-shop.com\/wp-content\/uploads\/2021\/11\/oxapbnou.jpg?v=1692348233","type":"image\/jpeg"}],"twitter_card":"summary_large_image","twitter_misc":{"Prix":"&euro;40.00","Disponibilit\u00e9":"Rupture de stock"},"schema":{"@context":"https:\/\/schema.org","@graph":[{"@type":"WebPage","@id":"https:\/\/iberoid-shop.com\/fr\/product\/100-tabletas\/","url":"https:\/\/iberoid-shop.com\/fr\/product\/100-tabletas\/","name":"OXABOL - OXANDROLONE 60 TABLETS - (Espa\u00f1ol) Esteroides en l\u00ednea","isPartOf":{"@id":"https:\/\/iberoid-shop.com\/fr\/#website"},"primaryImageOfPage":{"@id":"https:\/\/iberoid-shop.com\/fr\/product\/100-tabletas\/#primaryimage"},"image":{"@id":"https:\/\/iberoid-shop.com\/fr\/product\/100-tabletas\/#primaryimage"},"thumbnailUrl":"https:\/\/iberoid-shop.com\/wp-content\/uploads\/2021\/11\/oxapbnou.jpg?v=1692348233","datePublished":"2021-11-25T12:41:10+00:00","dateModified":"2025-05-11T13:38:10+00:00","description":"Comprim\u00e9s oraux d'Oxandrolone 10mg (100 comprim\u00e9s). Id\u00e9al pour les cycles de s\u00e8che : br\u00fble les graisses, pr\u00e9serve les muscles, augmente la force. Doux et sans danger pour le foie. Pour hommes et femmes.","breadcrumb":{"@id":"https:\/\/iberoid-shop.com\/fr\/product\/100-tabletas\/#breadcrumb"},"inLanguage":"fr-FR","potentialAction":[{"@type":"ReadAction","target":[["https:\/\/iberoid-shop.com\/fr\/product\/100-tabletas\/"]]}]},{"@type":"ImageObject","inLanguage":"fr-FR","@id":"https:\/\/iberoid-shop.com\/fr\/product\/100-tabletas\/#primaryimage","url":"https:\/\/iberoid-shop.com\/wp-content\/uploads\/2021\/11\/oxapbnou.jpg?v=1692348233","contentUrl":"https:\/\/iberoid-shop.com\/wp-content\/uploads\/2021\/11\/oxapbnou.jpg?v=1692348233","width":714,"height":987},{"@type":"BreadcrumbList","@id":"https:\/\/iberoid-shop.com\/fr\/product\/100-tabletas\/#breadcrumb","itemListElement":[{"@type":"ListItem","position":1,"name":"Portada","item":"https:\/\/iberoid-shop.com\/fr\/"},{"@type":"ListItem","position":2,"name":"Magasin","item":"https:\/\/iberoid-shop.com\/fr\/shop\/"},{"@type":"ListItem","position":3,"name":"OXABOL &#8211; OXANDROLONE 60 TABLETS"}]},{"@type":"WebSite","@id":"https:\/\/iberoid-shop.com\/fr\/#website","url":"https:\/\/iberoid-shop.com\/fr\/","name":"(Espa\u00f1ol) Esteroides en l\u00ednea","description":"(Espa\u00f1ol) Comprar esteroides en l\u00ednea hoy en Espa\u00f1a y Portugal. Tenemos el mejor servicio al cliente en la industria y los productos de la m\u00e1s alta calidad","potentialAction":[{"@type":"SearchAction","target":{"@type":"EntryPoint","urlTemplate":"https:\/\/iberoid-shop.com\/fr\/?s={search_term_string}"},"query-input":{"@type":"PropertyValueSpecification","valueRequired":true,"valueName":"search_term_string"}}],"inLanguage":"fr-FR"}]},"product_brand":"Pharmabol","product_price_amount":"40.00","product_price_currency":"EUR","og_availability":"out of stock","product_availability":"out of stock","product_condition":"new"},"_links":{"self":[{"href":"https:\/\/iberoid-shop.com\/fr\/wp-json\/wp\/v2\/product\/6934","targetHints":{"allow":["GET"]}}],"collection":[{"href":"https:\/\/iberoid-shop.com\/fr\/wp-json\/wp\/v2\/product"}],"about":[{"href":"https:\/\/iberoid-shop.com\/fr\/wp-json\/wp\/v2\/types\/product"}],"replies":[{"embeddable":true,"href":"https:\/\/iberoid-shop.com\/fr\/wp-json\/wp\/v2\/comments?post=6934"}],"wp:featuredmedia":[{"embeddable":true,"href":"https:\/\/iberoid-shop.com\/fr\/wp-json\/wp\/v2\/media\/6935"}],"wp:attachment":[{"href":"https:\/\/iberoid-shop.com\/fr\/wp-json\/wp\/v2\/media?parent=6934"}],"wp:term":[{"taxonomy":"product_brand","embeddable":true,"href":"https:\/\/iberoid-shop.com\/fr\/wp-json\/wp\/v2\/product_brand?post=6934"},{"taxonomy":"product_cat","embeddable":true,"href":"https:\/\/iberoid-shop.com\/fr\/wp-json\/wp\/v2\/product_cat?post=6934"},{"taxonomy":"product_tag","embeddable":true,"href":"https:\/\/iberoid-shop.com\/fr\/wp-json\/wp\/v2\/product_tag?post=6934"}],"curies":[{"name":"wp","href":"https:\/\/api.w.org\/{rel}","templated":true}]}}