{"id":6914,"date":"2021-11-17T16:19:02","date_gmt":"2021-11-17T16:19:02","guid":{"rendered":"https:\/\/iberoid-shop.com\/?post_type=product&#038;p=6914"},"modified":"2023-03-21T14:14:58","modified_gmt":"2023-03-21T14:14:58","slug":"testosterone_mix","status":"publish","type":"product","link":"https:\/\/iberoid-shop.com\/fr\/product\/testosterone_mix\/","title":{"rendered":"Testosterone Mix &#8211; Sustanon- EPF"},"content":{"rendered":"<p>Testosterone Mix 250 mg d&rsquo;Euro Prime Farmaceuticals est consid\u00e9r\u00e9 comme l&rsquo;un des principaux anabolisants du corps masculin. L&rsquo;hormone est directement impliqu\u00e9e dans le d\u00e9veloppement des caract\u00e9ristiques sexuelles masculines primaires et secondaires, notamment en aidant \u00e0 l&rsquo;ensemble de la masse musculaire et conduit au renforcement du syst\u00e8me osseux.<\/p>\n<p>Apr\u00e8s injection intramusculaire, le propionate de testost\u00e9rone est le premier \u00e0 \u00eatre activ\u00e9 &#8211; apr\u00e8s 1-2 jours, suivi des esters ph\u00e9nylpropionate et isocaproate &#8211; pendant 2-3 jours et 4-5 jours, respectivement, et du d\u00e9canoate de testost\u00e9rone (jusqu&rsquo;\u00e0 7-9 jours ).<\/p>\n<p>Comme l&rsquo;hormone sexuelle masculine elle-m\u00eame, le Testosterone Mix poss\u00e8de toute une palette d&rsquo;effets utiles pour le pitching :<\/p>\n<p>Premi\u00e8rement, il augmente la musculature et augmente le potentiel de force ;<br \/>\nDeuxi\u00e8mement, il augmente l&rsquo;endurance ou acc\u00e9l\u00e8re la r\u00e9cup\u00e9ration ;<br \/>\nTroisi\u00e8mement, il renforce le syst\u00e8me osseux, r\u00e9duit les douleurs articulaires.<\/p>\n<p>Le m\u00e9dicament poss\u00e8de une puissante activit\u00e9 anabolique avec des propri\u00e9t\u00e9s anti-cataboliques prononc\u00e9es. D&rsquo;une part, il entra\u00eene une prise de masse musculaire rapide (due \u00e0 l&rsquo;hypertrophie musculaire et \u00e0 la r\u00e9tention d&rsquo;eau), et d&rsquo;autre part, il prot\u00e8ge vos muscles de la destruction.<\/p>\n<p>Vous pouvez acheter Testosterone Mix par Euro Prime Farmaceuticals en Angleterre sur le site de notre boutique en ligne.<\/p>\n<p>Effets secondaires M\u00e9lange de testost\u00e9rone par Euro Prime Farmaceuticals<\/p>\n<p>Avec l&rsquo;abus des injections, les effets secondaires des androg\u00e8nes et des \u0153strog\u00e8nes sont presque in\u00e9vitables :<\/p>\n<p>augmentation de l&rsquo;agressivit\u00e9;<br \/>\nacn\u00e9;<br \/>\nr\u00e9tention d&rsquo;eau excessive dans les muscles;<br \/>\naccumulation de graisse de type f\u00e9minin\u00a0;<br \/>\ncalvitie;<br \/>\natrophie testiculaire;<br \/>\ngyn\u00e9comastie;<br \/>\nquelques autres complications.<br \/>\nCours d&rsquo;application de Testosterone Mix 250 mg en Angleterre<\/p>\n<p>La posologie moyenne en musculation est de 500 mg (2 ml) \u00e0 750 mg (3 ml) par semaine. Pour obtenir le maximum d&rsquo;effet, les athl\u00e8tes utilisent des doses de 125-250 mg (0,5-1 ml) et effectuent des injections tous les 2-3 jours. Cette quantit\u00e9 de Testosterone Mix 250 mg est tout \u00e0 fait suffisante pour une augmentation rapide et prononc\u00e9e de la force ou de la masse.<\/p>\n<p>Le m\u00e9lange de testost\u00e9rone se combine bien avec d&rsquo;autres st\u00e9ro\u00efdes anabolisants et androg\u00e8nes, et fonctionne \u00e9galement bien avec la plupart des hormones ou des peptides. Pour en tirer le meilleur parti, faites un cours combin\u00e9. Voici 3 exemples :<\/p>\n<p>Avec m\u00e9thandi\u00e9none (en comprim\u00e9s ou en injections) &#8211; un simple cours de collecte de masse;<br \/>\nAvec l&rsquo;oxym\u00e9tholone et l&rsquo;\u00e9nanthate de m\u00e9th\u00e9nolone, un puissant cours de collecte de masse\u00a0;<br \/>\nAvec stanozolol (injections, suspension) &#8211; un cours de puissance populaire.<\/p>\n<p>Acheter Testosterone Mix 250 mg par Euro Prime Farmaceuticals en France au prix le plus bas dans notre boutique en ligne.<\/p>","protected":false},"excerpt":{"rendered":"<p>Testosterone Mix 250 mg d&rsquo;Euro Prime Farmaceuticals est consid\u00e9r\u00e9 comme l&rsquo;un des principaux anabolisants du corps masculin. L&rsquo;hormone est directement<\/p>\n","protected":false},"featured_media":6915,"comment_status":"open","ping_status":"closed","template":"","meta":[],"product_brand":[],"product_cat":[69],"product_tag":[],"class_list":{"0":"post-6914","1":"product","2":"type-product","3":"status-publish","4":"has-post-thumbnail","6":"product_cat-esteroides_inyectables","8":"first","9":"outofstock","10":"shipping-taxable","11":"purchasable","12":"product-type-simple"},"yoast_head":"<!-- This site is optimized with the Yoast SEO Premium plugin v24.4 (Yoast SEO v27.0) - https:\/\/yoast.com\/product\/yoast-seo-premium-wordpress\/ -->\n<title>Testosterone Mix - Sustanon- EPF - (Espa\u00f1ol) Esteroides en l\u00ednea<\/title>\n<meta name=\"robots\" content=\"index, follow, max-snippet:-1, max-image-preview:large, max-video-preview:-1\" \/>\n<link rel=\"canonical\" href=\"https:\/\/iberoid-shop.com\/fr\/product\/testosterone_mix\/\" \/>\n<meta property=\"og:locale\" content=\"fr_FR\" \/>\n<meta property=\"og:type\" content=\"article\" \/>\n<meta property=\"og:title\" content=\"Testosterone Mix - Sustanon- EPF\" \/>\n<meta property=\"og:description\" content=\"Testosterone Mix 250 mg d&rsquo;Euro Prime Farmaceuticals est consid\u00e9r\u00e9 comme l&rsquo;un des principaux anabolisants du corps masculin. L&rsquo;hormone est directement\" \/>\n<meta property=\"og:url\" content=\"https:\/\/iberoid-shop.com\/fr\/product\/testosterone_mix\/\" \/>\n<meta property=\"og:site_name\" content=\"(Espa\u00f1ol) Esteroides en l\u00ednea\" \/>\n<meta property=\"article:modified_time\" content=\"2023-03-21T14:14:58+00:00\" \/>\n<meta property=\"og:image\" content=\"https:\/\/iberoid-shop.com\/wp-content\/uploads\/2021\/11\/testosterone-mix-sustanon-250-mg-ml.jpg?v=1678119951\" \/>\n\t<meta property=\"og:image:width\" content=\"700\" \/>\n\t<meta property=\"og:image:height\" content=\"1010\" \/>\n\t<meta property=\"og:image:type\" content=\"image\/jpeg\" \/>\n<meta name=\"twitter:card\" content=\"summary_large_image\" \/>\n<meta name=\"twitter:label1\" content=\"Prix\" \/>\n\t<meta name=\"twitter:data1\" content=\"&euro;40.00\" \/>\n\t<meta name=\"twitter:label2\" content=\"Disponibilit\u00e9\" \/>\n\t<meta name=\"twitter:data2\" content=\"Rupture de stock\" \/>\n<script type=\"application\/ld+json\" class=\"yoast-schema-graph\">{\"@context\":\"https:\/\/schema.org\",\"@graph\":[{\"@type\":\"WebPage\",\"@id\":\"https:\/\/iberoid-shop.com\/fr\/product\/testosterone_mix\/\",\"url\":\"https:\/\/iberoid-shop.com\/fr\/product\/testosterone_mix\/\",\"name\":\"Testosterone Mix - Sustanon- EPF - (Espa\u00f1ol) Esteroides en l\u00ednea\",\"isPartOf\":{\"@id\":\"https:\/\/iberoid-shop.com\/fr\/#website\"},\"primaryImageOfPage\":{\"@id\":\"https:\/\/iberoid-shop.com\/fr\/product\/testosterone_mix\/#primaryimage\"},\"image\":{\"@id\":\"https:\/\/iberoid-shop.com\/fr\/product\/testosterone_mix\/#primaryimage\"},\"thumbnailUrl\":\"https:\/\/iberoid-shop.com\/wp-content\/uploads\/2021\/11\/testosterone-mix-sustanon-250-mg-ml.jpg?v=1678119951\",\"datePublished\":\"2021-11-17T16:19:02+00:00\",\"dateModified\":\"2023-03-21T14:14:58+00:00\",\"breadcrumb\":{\"@id\":\"https:\/\/iberoid-shop.com\/fr\/product\/testosterone_mix\/#breadcrumb\"},\"inLanguage\":\"fr-FR\",\"potentialAction\":[{\"@type\":\"ReadAction\",\"target\":[[\"https:\/\/iberoid-shop.com\/fr\/product\/testosterone_mix\/\"]]}]},{\"@type\":\"ImageObject\",\"inLanguage\":\"fr-FR\",\"@id\":\"https:\/\/iberoid-shop.com\/fr\/product\/testosterone_mix\/#primaryimage\",\"url\":\"https:\/\/iberoid-shop.com\/wp-content\/uploads\/2021\/11\/testosterone-mix-sustanon-250-mg-ml.jpg?v=1678119951\",\"contentUrl\":\"https:\/\/iberoid-shop.com\/wp-content\/uploads\/2021\/11\/testosterone-mix-sustanon-250-mg-ml.jpg?v=1678119951\",\"width\":700,\"height\":1010},{\"@type\":\"BreadcrumbList\",\"@id\":\"https:\/\/iberoid-shop.com\/fr\/product\/testosterone_mix\/#breadcrumb\",\"itemListElement\":[{\"@type\":\"ListItem\",\"position\":1,\"name\":\"Portada\",\"item\":\"https:\/\/iberoid-shop.com\/fr\/\"},{\"@type\":\"ListItem\",\"position\":2,\"name\":\"Magasin\",\"item\":\"https:\/\/iberoid-shop.com\/fr\/shop\/\"},{\"@type\":\"ListItem\",\"position\":3,\"name\":\"Testosterone Mix &#8211; Sustanon- EPF\"}]},{\"@type\":\"WebSite\",\"@id\":\"https:\/\/iberoid-shop.com\/fr\/#website\",\"url\":\"https:\/\/iberoid-shop.com\/fr\/\",\"name\":\"(Espa\u00f1ol) Esteroides en l\u00ednea\",\"description\":\"(Espa\u00f1ol) Comprar esteroides en l\u00ednea hoy en Espa\u00f1a y Portugal. Tenemos el mejor servicio al cliente en la industria y los productos de la m\u00e1s alta calidad\",\"potentialAction\":[{\"@type\":\"SearchAction\",\"target\":{\"@type\":\"EntryPoint\",\"urlTemplate\":\"https:\/\/iberoid-shop.com\/fr\/?s={search_term_string}\"},\"query-input\":{\"@type\":\"PropertyValueSpecification\",\"valueRequired\":true,\"valueName\":\"search_term_string\"}}],\"inLanguage\":\"fr-FR\"}]}<\/script>\n<meta property=\"product:brand\" content=\"Euro Prime Pharmaceuticals (EPF)\" \/>\n<meta property=\"product:price:amount\" content=\"40.00\" \/>\n<meta property=\"product:price:currency\" content=\"EUR\" \/>\n<meta property=\"og:availability\" content=\"out of stock\" \/>\n<meta property=\"product:availability\" content=\"out of stock\" \/>\n<meta property=\"product:condition\" content=\"new\" \/>\n<!-- \/ Yoast SEO Premium plugin. -->","yoast_head_json":{"title":"Testosterone Mix - Sustanon- EPF - (Espa\u00f1ol) Esteroides en l\u00ednea","robots":{"index":"index","follow":"follow","max-snippet":"max-snippet:-1","max-image-preview":"max-image-preview:large","max-video-preview":"max-video-preview:-1"},"canonical":"https:\/\/iberoid-shop.com\/fr\/product\/testosterone_mix\/","og_locale":"fr_FR","og_type":"article","og_title":"Testosterone Mix - Sustanon- EPF","og_description":"Testosterone Mix 250 mg d&rsquo;Euro Prime Farmaceuticals est consid\u00e9r\u00e9 comme l&rsquo;un des principaux anabolisants du corps masculin. L&rsquo;hormone est directement","og_url":"https:\/\/iberoid-shop.com\/fr\/product\/testosterone_mix\/","og_site_name":"(Espa\u00f1ol) Esteroides en l\u00ednea","article_modified_time":"2023-03-21T14:14:58+00:00","og_image":[{"width":700,"height":1010,"url":"https:\/\/iberoid-shop.com\/wp-content\/uploads\/2021\/11\/testosterone-mix-sustanon-250-mg-ml.jpg?v=1678119951","type":"image\/jpeg"}],"twitter_card":"summary_large_image","twitter_misc":{"Prix":"&euro;40.00","Disponibilit\u00e9":"Rupture de stock"},"schema":{"@context":"https:\/\/schema.org","@graph":[{"@type":"WebPage","@id":"https:\/\/iberoid-shop.com\/fr\/product\/testosterone_mix\/","url":"https:\/\/iberoid-shop.com\/fr\/product\/testosterone_mix\/","name":"Testosterone Mix - Sustanon- EPF - (Espa\u00f1ol) Esteroides en l\u00ednea","isPartOf":{"@id":"https:\/\/iberoid-shop.com\/fr\/#website"},"primaryImageOfPage":{"@id":"https:\/\/iberoid-shop.com\/fr\/product\/testosterone_mix\/#primaryimage"},"image":{"@id":"https:\/\/iberoid-shop.com\/fr\/product\/testosterone_mix\/#primaryimage"},"thumbnailUrl":"https:\/\/iberoid-shop.com\/wp-content\/uploads\/2021\/11\/testosterone-mix-sustanon-250-mg-ml.jpg?v=1678119951","datePublished":"2021-11-17T16:19:02+00:00","dateModified":"2023-03-21T14:14:58+00:00","breadcrumb":{"@id":"https:\/\/iberoid-shop.com\/fr\/product\/testosterone_mix\/#breadcrumb"},"inLanguage":"fr-FR","potentialAction":[{"@type":"ReadAction","target":[["https:\/\/iberoid-shop.com\/fr\/product\/testosterone_mix\/"]]}]},{"@type":"ImageObject","inLanguage":"fr-FR","@id":"https:\/\/iberoid-shop.com\/fr\/product\/testosterone_mix\/#primaryimage","url":"https:\/\/iberoid-shop.com\/wp-content\/uploads\/2021\/11\/testosterone-mix-sustanon-250-mg-ml.jpg?v=1678119951","contentUrl":"https:\/\/iberoid-shop.com\/wp-content\/uploads\/2021\/11\/testosterone-mix-sustanon-250-mg-ml.jpg?v=1678119951","width":700,"height":1010},{"@type":"BreadcrumbList","@id":"https:\/\/iberoid-shop.com\/fr\/product\/testosterone_mix\/#breadcrumb","itemListElement":[{"@type":"ListItem","position":1,"name":"Portada","item":"https:\/\/iberoid-shop.com\/fr\/"},{"@type":"ListItem","position":2,"name":"Magasin","item":"https:\/\/iberoid-shop.com\/fr\/shop\/"},{"@type":"ListItem","position":3,"name":"Testosterone Mix &#8211; Sustanon- EPF"}]},{"@type":"WebSite","@id":"https:\/\/iberoid-shop.com\/fr\/#website","url":"https:\/\/iberoid-shop.com\/fr\/","name":"(Espa\u00f1ol) Esteroides en l\u00ednea","description":"(Espa\u00f1ol) Comprar esteroides en l\u00ednea hoy en Espa\u00f1a y Portugal. Tenemos el mejor servicio al cliente en la industria y los productos de la m\u00e1s alta calidad","potentialAction":[{"@type":"SearchAction","target":{"@type":"EntryPoint","urlTemplate":"https:\/\/iberoid-shop.com\/fr\/?s={search_term_string}"},"query-input":{"@type":"PropertyValueSpecification","valueRequired":true,"valueName":"search_term_string"}}],"inLanguage":"fr-FR"}]},"product_brand":"Euro Prime Pharmaceuticals (EPF)","product_price_amount":"40.00","product_price_currency":"EUR","og_availability":"out of stock","product_availability":"out of stock","product_condition":"new"},"_links":{"self":[{"href":"https:\/\/iberoid-shop.com\/fr\/wp-json\/wp\/v2\/product\/6914","targetHints":{"allow":["GET"]}}],"collection":[{"href":"https:\/\/iberoid-shop.com\/fr\/wp-json\/wp\/v2\/product"}],"about":[{"href":"https:\/\/iberoid-shop.com\/fr\/wp-json\/wp\/v2\/types\/product"}],"replies":[{"embeddable":true,"href":"https:\/\/iberoid-shop.com\/fr\/wp-json\/wp\/v2\/comments?post=6914"}],"wp:featuredmedia":[{"embeddable":true,"href":"https:\/\/iberoid-shop.com\/fr\/wp-json\/wp\/v2\/media\/6915"}],"wp:attachment":[{"href":"https:\/\/iberoid-shop.com\/fr\/wp-json\/wp\/v2\/media?parent=6914"}],"wp:term":[{"taxonomy":"product_brand","embeddable":true,"href":"https:\/\/iberoid-shop.com\/fr\/wp-json\/wp\/v2\/product_brand?post=6914"},{"taxonomy":"product_cat","embeddable":true,"href":"https:\/\/iberoid-shop.com\/fr\/wp-json\/wp\/v2\/product_cat?post=6914"},{"taxonomy":"product_tag","embeddable":true,"href":"https:\/\/iberoid-shop.com\/fr\/wp-json\/wp\/v2\/product_tag?post=6914"}],"curies":[{"name":"wp","href":"https:\/\/api.w.org\/{rel}","templated":true}]}}