{"id":6679,"date":"2021-09-01T17:49:06","date_gmt":"2021-09-01T17:49:06","guid":{"rendered":"https:\/\/iberoid-shop.com\/?post_type=product&#038;p=6679"},"modified":"2026-02-24T09:45:22","modified_gmt":"2026-02-24T09:45:22","slug":"metaboldianabol-100-pastillas-pharmabol","status":"publish","type":"product","link":"https:\/\/iberoid-shop.com\/fr\/product\/metaboldianabol-100-pastillas-pharmabol\/","title":{"rendered":"METABOL, DIANABOL 1 COMPRIMES"},"content":{"rendered":"<p>Dianabol est un st\u00e9ro\u00efde applicable avec un grand effet sur le m\u00e9tabolisme des prot\u00e9ines. La m\u00e9thandi\u00e9none est un d\u00e9riv\u00e9 de la testost\u00e9rone et poss\u00e8de de tr\u00e8s fortes propri\u00e9t\u00e9s anabolisantes et androg\u00e8nes. Il a un grand effet sur le m\u00e9tabolisme des prot\u00e9ines et favorise la synth\u00e8se des prot\u00e9ines. Cet effet se manifeste par la cr\u00e9ation d&rsquo;un bilan azot\u00e9 positif, favorisant l&rsquo;accumulation de prot\u00e9ines et, par cons\u00e9quent, la masse musculaire squelettique. Methandienone induit \u00e9galement un sentiment am\u00e9lior\u00e9 de bien-\u00eatre. Dianabol est l&rsquo;un des st\u00e9ro\u00efdes de construction de masse les plus efficaces jamais cr\u00e9\u00e9s. En fait, il a \u00e9t\u00e9 cr\u00e9\u00e9 sp\u00e9cifiquement pour les athl\u00e8tes afin d&rsquo;am\u00e9liorer leurs performances (bien qu&rsquo;il ait \u00e9t\u00e9 pr\u00e9tendu avoir une capacit\u00e9 th\u00e9rapeutique). Il offre des gains de poids et de force tr\u00e8s impressionnants pour la plupart des utilisateurs. Faire l&rsquo;exp\u00e9rience d&rsquo;un gain de poids de 3 \u00e0 4 livres par semaine n&rsquo;est pas rare, surtout chez les novices. Il faut noter que beaucoup s&rsquo;il s&rsquo;agit de poids d&rsquo;eau, et qu&rsquo;avec des doses plus \u00e9lev\u00e9es, une gyn\u00e9comastie (seins de chienne), une hypertension art\u00e9rielle et de l&rsquo;acn\u00e9 peuvent survenir. Dianabol lorsqu&rsquo;il est pris par voie orale devient actif tr\u00e8s rapidement, mais ne reste actif que pendant moins d&rsquo;une demi-journ\u00e9e. Souvent, pour cette raison, les doses \u00e9taient r\u00e9parties tout au long de la journ\u00e9e. \u00c9tant donn\u00e9 que Dianabol (souvent appel\u00e9 D-bol par les athl\u00e8tes) est un compos\u00e9 17aa, des effets secondaires tels qu&rsquo;une augmentation des valeurs h\u00e9patiques (toxicit\u00e9) sont \u00e0 pr\u00e9voir, bien qu&rsquo;ils reviennent g\u00e9n\u00e9ralement \u00e0 la normale rapidement apr\u00e8s que l&rsquo;athl\u00e8te ait cess\u00e9 de prendre le produit. De plus, comme indiqu\u00e9 pr\u00e9c\u00e9demment, le gyn\u00e9cologue, la r\u00e9tention d&rsquo;eau abondante (et la pression art\u00e9rielle \u00e9lev\u00e9e en cons\u00e9quence) et l&rsquo;acn\u00e9 \u00e9taient tous des effets secondaires couramment signal\u00e9s de l&rsquo;utilisation de D-bol. Fait int\u00e9ressant, certains utilisateurs notent un sentiment de bien-\u00eatre lors de l&rsquo;utilisation de ce m\u00e9dicament, qui est assez prononc\u00e9.<\/p>","protected":false},"excerpt":{"rendered":"<p>Dianabol est un st\u00e9ro\u00efde applicable avec un grand effet sur le m\u00e9tabolisme des prot\u00e9ines. La m\u00e9thandi\u00e9none est un d\u00e9riv\u00e9 de<\/p>\n","protected":false},"featured_media":6680,"comment_status":"open","ping_status":"closed","template":"","meta":[],"product_brand":[3526],"product_cat":[73],"product_tag":[],"class_list":{"0":"post-6679","1":"product","2":"type-product","3":"status-publish","4":"has-post-thumbnail","6":"product_brand-pharmabol","7":"product_cat-ssteroides_orales","9":"first","10":"instock","11":"shipping-taxable","12":"purchasable","13":"product-type-simple"},"yoast_head":"<!-- This site is optimized with the Yoast SEO Premium plugin v24.4 (Yoast SEO v27.0) - https:\/\/yoast.com\/product\/yoast-seo-premium-wordpress\/ -->\n<title>METABOL, DIANABOL 1 COMPRIMES - (Espa\u00f1ol) Esteroides en l\u00ednea<\/title>\n<meta name=\"description\" content=\"DIANABOL (M\u00e9thandi\u00e9none) stimule le m\u00e9tabolisme des prot\u00e9ines, la masse musculaire, la force et le bien-\u00eatre, avec action orale rapide et possible r\u00e9tention d\u2019eau.\" \/>\n<meta name=\"robots\" content=\"index, follow, max-snippet:-1, max-image-preview:large, max-video-preview:-1\" \/>\n<link rel=\"canonical\" href=\"https:\/\/iberoid-shop.com\/fr\/product\/metaboldianabol-100-pastillas-pharmabol\/\" \/>\n<meta property=\"og:locale\" content=\"fr_FR\" \/>\n<meta property=\"og:type\" content=\"article\" \/>\n<meta property=\"og:title\" content=\"METABOL, DIANABOL 1 COMPRIMES\" \/>\n<meta property=\"og:description\" content=\"DIANABOL (M\u00e9thandi\u00e9none) stimule le m\u00e9tabolisme des prot\u00e9ines, la masse musculaire, la force et le bien-\u00eatre, avec action orale rapide et possible r\u00e9tention d\u2019eau.\" \/>\n<meta property=\"og:url\" content=\"https:\/\/iberoid-shop.com\/fr\/product\/metaboldianabol-100-pastillas-pharmabol\/\" \/>\n<meta property=\"og:site_name\" content=\"(Espa\u00f1ol) Esteroides en l\u00ednea\" \/>\n<meta property=\"article:modified_time\" content=\"2026-02-24T09:45:22+00:00\" \/>\n<meta property=\"og:image\" content=\"https:\/\/iberoid-shop.com\/wp-content\/uploads\/2021\/09\/MET.jpg?v=1699331189\" \/>\n\t<meta property=\"og:image:width\" content=\"1536\" \/>\n\t<meta property=\"og:image:height\" content=\"1291\" \/>\n\t<meta property=\"og:image:type\" content=\"image\/jpeg\" \/>\n<meta name=\"twitter:card\" content=\"summary_large_image\" \/>\n<meta name=\"twitter:label1\" content=\"Prix\" \/>\n\t<meta name=\"twitter:data1\" content=\"&euro;25.00\" \/>\n\t<meta name=\"twitter:label2\" content=\"Disponibilit\u00e9\" \/>\n\t<meta name=\"twitter:data2\" content=\"En stock\" \/>\n<script type=\"application\/ld+json\" class=\"yoast-schema-graph\">{\"@context\":\"https:\/\/schema.org\",\"@graph\":[{\"@type\":\"WebPage\",\"@id\":\"https:\/\/iberoid-shop.com\/fr\/product\/metaboldianabol-100-pastillas-pharmabol\/\",\"url\":\"https:\/\/iberoid-shop.com\/fr\/product\/metaboldianabol-100-pastillas-pharmabol\/\",\"name\":\"METABOL, DIANABOL 1 COMPRIMES - (Espa\u00f1ol) Esteroides en l\u00ednea\",\"isPartOf\":{\"@id\":\"https:\/\/iberoid-shop.com\/fr\/#website\"},\"primaryImageOfPage\":{\"@id\":\"https:\/\/iberoid-shop.com\/fr\/product\/metaboldianabol-100-pastillas-pharmabol\/#primaryimage\"},\"image\":{\"@id\":\"https:\/\/iberoid-shop.com\/fr\/product\/metaboldianabol-100-pastillas-pharmabol\/#primaryimage\"},\"thumbnailUrl\":\"https:\/\/iberoid-shop.com\/wp-content\/uploads\/2021\/09\/MET.jpg?v=1699331189\",\"datePublished\":\"2021-09-01T17:49:06+00:00\",\"dateModified\":\"2026-02-24T09:45:22+00:00\",\"description\":\"DIANABOL (M\u00e9thandi\u00e9none) stimule le m\u00e9tabolisme des prot\u00e9ines, la masse musculaire, la force et le bien-\u00eatre, avec action orale rapide et possible r\u00e9tention d\u2019eau.\",\"breadcrumb\":{\"@id\":\"https:\/\/iberoid-shop.com\/fr\/product\/metaboldianabol-100-pastillas-pharmabol\/#breadcrumb\"},\"inLanguage\":\"fr-FR\",\"potentialAction\":[{\"@type\":\"ReadAction\",\"target\":[[\"https:\/\/iberoid-shop.com\/fr\/product\/metaboldianabol-100-pastillas-pharmabol\/\"]]}]},{\"@type\":\"ImageObject\",\"inLanguage\":\"fr-FR\",\"@id\":\"https:\/\/iberoid-shop.com\/fr\/product\/metaboldianabol-100-pastillas-pharmabol\/#primaryimage\",\"url\":\"https:\/\/iberoid-shop.com\/wp-content\/uploads\/2021\/09\/MET.jpg?v=1699331189\",\"contentUrl\":\"https:\/\/iberoid-shop.com\/wp-content\/uploads\/2021\/09\/MET.jpg?v=1699331189\",\"width\":1536,\"height\":1291},{\"@type\":\"BreadcrumbList\",\"@id\":\"https:\/\/iberoid-shop.com\/fr\/product\/metaboldianabol-100-pastillas-pharmabol\/#breadcrumb\",\"itemListElement\":[{\"@type\":\"ListItem\",\"position\":1,\"name\":\"Portada\",\"item\":\"https:\/\/iberoid-shop.com\/fr\/\"},{\"@type\":\"ListItem\",\"position\":2,\"name\":\"Magasin\",\"item\":\"https:\/\/iberoid-shop.com\/fr\/shop\/\"},{\"@type\":\"ListItem\",\"position\":3,\"name\":\"METABOL, DIANABOL 1 COMPRIMES\"}]},{\"@type\":\"WebSite\",\"@id\":\"https:\/\/iberoid-shop.com\/fr\/#website\",\"url\":\"https:\/\/iberoid-shop.com\/fr\/\",\"name\":\"(Espa\u00f1ol) Esteroides en l\u00ednea\",\"description\":\"(Espa\u00f1ol) Comprar esteroides en l\u00ednea hoy en Espa\u00f1a y Portugal. Tenemos el mejor servicio al cliente en la industria y los productos de la m\u00e1s alta calidad\",\"potentialAction\":[{\"@type\":\"SearchAction\",\"target\":{\"@type\":\"EntryPoint\",\"urlTemplate\":\"https:\/\/iberoid-shop.com\/fr\/?s={search_term_string}\"},\"query-input\":{\"@type\":\"PropertyValueSpecification\",\"valueRequired\":true,\"valueName\":\"search_term_string\"}}],\"inLanguage\":\"fr-FR\"}]}<\/script>\n<meta property=\"product:brand\" content=\"Pharmabol\" \/>\n<meta property=\"product:price:amount\" content=\"25.00\" \/>\n<meta property=\"product:price:currency\" content=\"EUR\" \/>\n<meta property=\"og:availability\" content=\"instock\" \/>\n<meta property=\"product:availability\" content=\"instock\" \/>\n<meta property=\"product:condition\" content=\"new\" \/>\n<!-- \/ Yoast SEO Premium plugin. -->","yoast_head_json":{"title":"METABOL, DIANABOL 1 COMPRIMES - (Espa\u00f1ol) Esteroides en l\u00ednea","description":"DIANABOL (M\u00e9thandi\u00e9none) stimule le m\u00e9tabolisme des prot\u00e9ines, la masse musculaire, la force et le bien-\u00eatre, avec action orale rapide et possible r\u00e9tention d\u2019eau.","robots":{"index":"index","follow":"follow","max-snippet":"max-snippet:-1","max-image-preview":"max-image-preview:large","max-video-preview":"max-video-preview:-1"},"canonical":"https:\/\/iberoid-shop.com\/fr\/product\/metaboldianabol-100-pastillas-pharmabol\/","og_locale":"fr_FR","og_type":"article","og_title":"METABOL, DIANABOL 1 COMPRIMES","og_description":"DIANABOL (M\u00e9thandi\u00e9none) stimule le m\u00e9tabolisme des prot\u00e9ines, la masse musculaire, la force et le bien-\u00eatre, avec action orale rapide et possible r\u00e9tention d\u2019eau.","og_url":"https:\/\/iberoid-shop.com\/fr\/product\/metaboldianabol-100-pastillas-pharmabol\/","og_site_name":"(Espa\u00f1ol) Esteroides en l\u00ednea","article_modified_time":"2026-02-24T09:45:22+00:00","og_image":[{"width":1536,"height":1291,"url":"https:\/\/iberoid-shop.com\/wp-content\/uploads\/2021\/09\/MET.jpg?v=1699331189","type":"image\/jpeg"}],"twitter_card":"summary_large_image","twitter_misc":{"Prix":"&euro;25.00","Disponibilit\u00e9":"En stock"},"schema":{"@context":"https:\/\/schema.org","@graph":[{"@type":"WebPage","@id":"https:\/\/iberoid-shop.com\/fr\/product\/metaboldianabol-100-pastillas-pharmabol\/","url":"https:\/\/iberoid-shop.com\/fr\/product\/metaboldianabol-100-pastillas-pharmabol\/","name":"METABOL, DIANABOL 1 COMPRIMES - (Espa\u00f1ol) Esteroides en l\u00ednea","isPartOf":{"@id":"https:\/\/iberoid-shop.com\/fr\/#website"},"primaryImageOfPage":{"@id":"https:\/\/iberoid-shop.com\/fr\/product\/metaboldianabol-100-pastillas-pharmabol\/#primaryimage"},"image":{"@id":"https:\/\/iberoid-shop.com\/fr\/product\/metaboldianabol-100-pastillas-pharmabol\/#primaryimage"},"thumbnailUrl":"https:\/\/iberoid-shop.com\/wp-content\/uploads\/2021\/09\/MET.jpg?v=1699331189","datePublished":"2021-09-01T17:49:06+00:00","dateModified":"2026-02-24T09:45:22+00:00","description":"DIANABOL (M\u00e9thandi\u00e9none) stimule le m\u00e9tabolisme des prot\u00e9ines, la masse musculaire, la force et le bien-\u00eatre, avec action orale rapide et possible r\u00e9tention d\u2019eau.","breadcrumb":{"@id":"https:\/\/iberoid-shop.com\/fr\/product\/metaboldianabol-100-pastillas-pharmabol\/#breadcrumb"},"inLanguage":"fr-FR","potentialAction":[{"@type":"ReadAction","target":[["https:\/\/iberoid-shop.com\/fr\/product\/metaboldianabol-100-pastillas-pharmabol\/"]]}]},{"@type":"ImageObject","inLanguage":"fr-FR","@id":"https:\/\/iberoid-shop.com\/fr\/product\/metaboldianabol-100-pastillas-pharmabol\/#primaryimage","url":"https:\/\/iberoid-shop.com\/wp-content\/uploads\/2021\/09\/MET.jpg?v=1699331189","contentUrl":"https:\/\/iberoid-shop.com\/wp-content\/uploads\/2021\/09\/MET.jpg?v=1699331189","width":1536,"height":1291},{"@type":"BreadcrumbList","@id":"https:\/\/iberoid-shop.com\/fr\/product\/metaboldianabol-100-pastillas-pharmabol\/#breadcrumb","itemListElement":[{"@type":"ListItem","position":1,"name":"Portada","item":"https:\/\/iberoid-shop.com\/fr\/"},{"@type":"ListItem","position":2,"name":"Magasin","item":"https:\/\/iberoid-shop.com\/fr\/shop\/"},{"@type":"ListItem","position":3,"name":"METABOL, DIANABOL 1 COMPRIMES"}]},{"@type":"WebSite","@id":"https:\/\/iberoid-shop.com\/fr\/#website","url":"https:\/\/iberoid-shop.com\/fr\/","name":"(Espa\u00f1ol) Esteroides en l\u00ednea","description":"(Espa\u00f1ol) Comprar esteroides en l\u00ednea hoy en Espa\u00f1a y Portugal. Tenemos el mejor servicio al cliente en la industria y los productos de la m\u00e1s alta calidad","potentialAction":[{"@type":"SearchAction","target":{"@type":"EntryPoint","urlTemplate":"https:\/\/iberoid-shop.com\/fr\/?s={search_term_string}"},"query-input":{"@type":"PropertyValueSpecification","valueRequired":true,"valueName":"search_term_string"}}],"inLanguage":"fr-FR"}]},"product_brand":"Pharmabol","product_price_amount":"25.00","product_price_currency":"EUR","og_availability":"instock","product_availability":"instock","product_condition":"new"},"_links":{"self":[{"href":"https:\/\/iberoid-shop.com\/fr\/wp-json\/wp\/v2\/product\/6679","targetHints":{"allow":["GET"]}}],"collection":[{"href":"https:\/\/iberoid-shop.com\/fr\/wp-json\/wp\/v2\/product"}],"about":[{"href":"https:\/\/iberoid-shop.com\/fr\/wp-json\/wp\/v2\/types\/product"}],"replies":[{"embeddable":true,"href":"https:\/\/iberoid-shop.com\/fr\/wp-json\/wp\/v2\/comments?post=6679"}],"wp:featuredmedia":[{"embeddable":true,"href":"https:\/\/iberoid-shop.com\/fr\/wp-json\/wp\/v2\/media\/6680"}],"wp:attachment":[{"href":"https:\/\/iberoid-shop.com\/fr\/wp-json\/wp\/v2\/media?parent=6679"}],"wp:term":[{"taxonomy":"product_brand","embeddable":true,"href":"https:\/\/iberoid-shop.com\/fr\/wp-json\/wp\/v2\/product_brand?post=6679"},{"taxonomy":"product_cat","embeddable":true,"href":"https:\/\/iberoid-shop.com\/fr\/wp-json\/wp\/v2\/product_cat?post=6679"},{"taxonomy":"product_tag","embeddable":true,"href":"https:\/\/iberoid-shop.com\/fr\/wp-json\/wp\/v2\/product_tag?post=6679"}],"curies":[{"name":"wp","href":"https:\/\/api.w.org\/{rel}","templated":true}]}}