{"id":6675,"date":"2021-09-01T17:42:51","date_gmt":"2021-09-01T17:42:51","guid":{"rendered":"https:\/\/iberoid-shop.com\/?post_type=product&#038;p=6675"},"modified":"2025-04-27T08:30:25","modified_gmt":"2025-04-27T08:30:25","slug":"strombabol-60-pastillas-stanozolol-oral-10-mg-pharmabol","status":"publish","type":"product","link":"https:\/\/iberoid-shop.com\/fr\/product\/strombabol-60-pastillas-stanozolol-oral-10-mg-pharmabol\/","title":{"rendered":"STROMBABOL, STANOZOLOL &#8211; 100 COMPRIM\u00c9S 10 MG"},"content":{"rendered":"<p>STROMBABOL est le nom commercial le plus largement reconnu pour le m\u00e9dicament stanozolol. Le stanozolol est un d\u00e9riv\u00e9 de la dihydro-testost\u00e9rone, modifi\u00e9 chimiquement de sorte que les propri\u00e9t\u00e9s de l&rsquo;hormone anabolique (renforcement des tissus) sont consid\u00e9rablement amplifi\u00e9es et son activit\u00e9 androg\u00e8ne minimis\u00e9e. Le stanozolol est class\u00e9 comme un st\u00e9ro\u00efde \u00ab\u00a0anabolisant\u00a0\u00bb et pr\u00e9sente l&rsquo;une des plus fortes dissociations entre les effets anabolisants et androg\u00e8nes parmi les agents disponibles dans le commerce. Il ne peut pas non plus \u00eatre aromatis\u00e9 en \u0153strog\u00e8nes. Le stanozolol est le deuxi\u00e8me st\u00e9ro\u00efde oral le plus utilis\u00e9, n&rsquo;a r\u00e9ussi en popularit\u00e9 que par Dianabol (methandrostenolone). Il est appr\u00e9ci\u00e9 pour sa capacit\u00e9 \u00e0 favoriser la croissance musculaire sans r\u00e9tention d&rsquo;eau, ce qui le rend tr\u00e8s appr\u00e9ci\u00e9 par les culturistes et les athl\u00e8tes de comp\u00e9tition.<\/p>\n<p>Administration (G\u00e9n\u00e9ral):<\/p>\n<p>Des \u00e9tudes ont montr\u00e9 que la prise d&rsquo;un st\u00e9ro\u00efde anabolisant oral avec de la nourriture peut diminuer sa biodisponibilit\u00e9. Ceci est caus\u00e9 par la nature liposoluble des hormones st\u00e9ro\u00efdes, qui peut permettre \u00e0 une partie du m\u00e9dicament de se dissoudre avec les graisses alimentaires non dig\u00e9r\u00e9es, r\u00e9duisant ainsi son absorption par le tractus gastro-intestinal. Pour une utilisation maximale, les formes orales de stanozolol doivent \u00eatre prises \u00e0 jeun.<\/p>\n<p>Administration (Hommes)\u00a0:<\/p>\n<p>Les directives de prescription originales de STROMBABOL pr\u00e9voyaient une dose quotidienne de 6 mg, qui \u00e9tait administr\u00e9e selon un sch\u00e9ma d&rsquo;un comprim\u00e9 \u00e0 2 mg trois fois par jour. La posologie habituelle \u00e0 des fins d&rsquo;am\u00e9lioration du physique ou des performances se situe entre 15 mg et 25 mg par jour, ou trois \u00e0 cinq comprim\u00e9s de 5 mg, pris pendant 6 \u00e0 8 semaines au maximum. STROMBABOL injectable est g\u00e9n\u00e9ralement recommand\u00e9 \u00e0 une dose clinique d&rsquo;une injection de 50 mg toutes les 2 \u00e0 3 semaines. Lorsqu&rsquo;il est utilis\u00e9 \u00e0 des fins d&rsquo;am\u00e9lioration du physique ou des performances, le dosage de 50 mg tous les deux jours est le plus souvent appliqu\u00e9. Les pr\u00e9parations v\u00e9t\u00e9rinaires de stanozolol avec une plus grande taille de particule seront lentement dispers\u00e9es par le corps et sont g\u00e9n\u00e9ralement administr\u00e9es \u00e0 75 mg tous les trois jours. Des doses de 50 mg par jour avec du stanozolol injectable ne sont pas rares, bien que probablement d\u00e9conseill\u00e9es. Notez que les formes injectables du m\u00e9dicament devraient avoir, milligramme pour milligramme, un effet anabolisant plus important que l&rsquo;oral.<\/p>\n<p>Stanozolol est souvent combin\u00e9 avec d&rsquo;autres st\u00e9ro\u00efdes pour un r\u00e9sultat plus spectaculaire. Par exemple, lors du gonflement, on peut choisir d&rsquo;ajouter 200 \u00e0 400 mg d&rsquo;un ester de testost\u00e9rone (cypionate, \u00e9nanthate ou propionate) par semaine. Le r\u00e9sultat devrait \u00eatre un gain consid\u00e9rable de nouvelle masse musculaire, avec un niveau de r\u00e9tention d&rsquo;eau et de graisse plus confortable qu&rsquo;en prenant une dose plus \u00e9lev\u00e9e de testost\u00e9rone seule. Pour les phases de r\u00e9gime, on peut alternativement combiner le stanozolol avec un st\u00e9ro\u00efde non aromatisant tel que 150 mg par semaine d&rsquo;un ester de trenbolone ou 200-300 mg de Primobolan\u00ae (m\u00e9th\u00e9nolone \u00e9nanthate). De telles piles sont tr\u00e8s appr\u00e9ci\u00e9es pour augmenter la d\u00e9finition et la musculature. Un interm\u00e9diaire (gain de masse maigre) peut \u00eatre ajout\u00e9 dans 200 \u00e0 400 mg d&rsquo;un compos\u00e9 \u00e0 faible teneur en \u0153strog\u00e8nes comme Deca-Durabolin\u00ae (d\u00e9canoate de nandrolone) ou Equipoise\u00ae (und\u00e9cyl\u00e9nate de bold\u00e9none).<\/p>\n<p>Administration (Femmes)\u00a0:<\/p>\n<p>Les directives de prescription originales de STROMBABOL pr\u00e9voyaient une dose quotidienne de 4 mg (un comprim\u00e9 de 2 mg deux fois par jour) chez les jeunes femmes particuli\u00e8rement sensibles aux effets androg\u00e8nes des st\u00e9ro\u00efdes anabolisants. Cette dose a \u00e9t\u00e9 augment\u00e9e \u00e0 6 mg (la m\u00eame que la dose recommand\u00e9e pour les maladies) lorsque cela \u00e9tait n\u00e9cessaire. Lorsqu&rsquo;il est utilis\u00e9 \u00e0 des fins d&rsquo;am\u00e9lioration du physique ou des performances, la dose de 5 mg \u00e0 10 mg par jour est la plus courante, prise pendant 4 \u00e0 6 semaines maximum. STROMBABOL injectable est g\u00e9n\u00e9ralement recommand\u00e9 \u00e0 une dose clinique de 50 mg toutes les 2-3 semaines. L&rsquo;injectable n&rsquo;est g\u00e9n\u00e9ralement pas conseill\u00e9 aux femmes \u00e0 des fins d&rsquo;am\u00e9lioration du physique ou de la performance, car il permet un contr\u00f4le moindre des niveaux d&rsquo;hormones dans le sang. Les femmes qui doivent absolument utiliser l&rsquo;injectable en administrent g\u00e9n\u00e9ralement 25 mg tous les 3 ou 4 jours. Bien que ce compos\u00e9 soit faiblement androg\u00e8ne, le risque de sympt\u00f4mes de virilisation ne peut \u00eatre totalement exclu, m\u00eame \u00e0 doses th\u00e9rapeutiques.<\/p>","protected":false},"excerpt":{"rendered":"<p>STROMBABOL est le nom commercial le plus largement reconnu pour le m\u00e9dicament stanozolol. Le stanozolol est un d\u00e9riv\u00e9 de la<\/p>\n","protected":false},"featured_media":6676,"comment_status":"open","ping_status":"closed","template":"","meta":[],"product_brand":[],"product_cat":[73],"product_tag":[],"class_list":{"0":"post-6675","1":"product","2":"type-product","3":"status-publish","4":"has-post-thumbnail","6":"product_cat-ssteroides_orales","8":"first","9":"outofstock","10":"sale","11":"shipping-taxable","12":"purchasable","13":"product-type-simple"},"yoast_head":"<!-- This site is optimized with the Yoast SEO Premium plugin v24.4 (Yoast SEO v27.0) - https:\/\/yoast.com\/product\/yoast-seo-premium-wordpress\/ -->\n<title>STROMBABOL, STANOZOLOL - 100 COMPRIM\u00c9S 10 MG - (Espa\u00f1ol) Esteroides en l\u00ednea<\/title>\n<meta name=\"description\" content=\"STROMBABOL (Stanozolol\/Winstrol) : Croissance musculaire maigre, r\u00e9tention d&#039;eau minimale. Populaire pour la s\u00e8che et les athl\u00e8tes. Hommes : 15-25mg oral par jour ou 50mg injectable tous les deux jours. Femmes : 5-10mg oral par jour. Toxique pour le foie.\" \/>\n<meta name=\"robots\" content=\"index, follow, max-snippet:-1, max-image-preview:large, max-video-preview:-1\" \/>\n<link rel=\"canonical\" href=\"https:\/\/iberoid-shop.com\/fr\/product\/strombabol-60-pastillas-stanozolol-oral-10-mg-pharmabol\/\" \/>\n<meta property=\"og:locale\" content=\"fr_FR\" \/>\n<meta property=\"og:type\" content=\"article\" \/>\n<meta property=\"og:title\" content=\"STROMBABOL, STANOZOLOL - 100 COMPRIM\u00c9S 10 MG\" \/>\n<meta property=\"og:description\" content=\"STROMBABOL (Stanozolol\/Winstrol) : Croissance musculaire maigre, r\u00e9tention d&#039;eau minimale. Populaire pour la s\u00e8che et les athl\u00e8tes. Hommes : 15-25mg oral par jour ou 50mg injectable tous les deux jours. Femmes : 5-10mg oral par jour. Toxique pour le foie.\" \/>\n<meta property=\"og:url\" content=\"https:\/\/iberoid-shop.com\/fr\/product\/strombabol-60-pastillas-stanozolol-oral-10-mg-pharmabol\/\" \/>\n<meta property=\"og:site_name\" content=\"(Espa\u00f1ol) Esteroides en l\u00ednea\" \/>\n<meta property=\"article:modified_time\" content=\"2025-04-27T08:30:25+00:00\" \/>\n<meta property=\"og:image\" content=\"https:\/\/iberoid-shop.com\/wp-content\/uploads\/2021\/09\/image_6483441-4.jpg?v=1698572462\" \/>\n\t<meta property=\"og:image:width\" content=\"1536\" \/>\n\t<meta property=\"og:image:height\" content=\"2048\" \/>\n\t<meta property=\"og:image:type\" content=\"image\/jpeg\" \/>\n<meta name=\"twitter:card\" content=\"summary_large_image\" \/>\n<meta name=\"twitter:label1\" content=\"Prix\" \/>\n\t<meta name=\"twitter:data1\" content=\"&euro;20.00\" \/>\n\t<meta name=\"twitter:label2\" content=\"Disponibilit\u00e9\" \/>\n\t<meta name=\"twitter:data2\" content=\"Rupture de stock\" \/>\n<script type=\"application\/ld+json\" class=\"yoast-schema-graph\">{\"@context\":\"https:\/\/schema.org\",\"@graph\":[{\"@type\":\"WebPage\",\"@id\":\"https:\/\/iberoid-shop.com\/fr\/product\/strombabol-60-pastillas-stanozolol-oral-10-mg-pharmabol\/\",\"url\":\"https:\/\/iberoid-shop.com\/fr\/product\/strombabol-60-pastillas-stanozolol-oral-10-mg-pharmabol\/\",\"name\":\"STROMBABOL, STANOZOLOL - 100 COMPRIM\u00c9S 10 MG - (Espa\u00f1ol) Esteroides en l\u00ednea\",\"isPartOf\":{\"@id\":\"https:\/\/iberoid-shop.com\/fr\/#website\"},\"primaryImageOfPage\":{\"@id\":\"https:\/\/iberoid-shop.com\/fr\/product\/strombabol-60-pastillas-stanozolol-oral-10-mg-pharmabol\/#primaryimage\"},\"image\":{\"@id\":\"https:\/\/iberoid-shop.com\/fr\/product\/strombabol-60-pastillas-stanozolol-oral-10-mg-pharmabol\/#primaryimage\"},\"thumbnailUrl\":\"https:\/\/iberoid-shop.com\/wp-content\/uploads\/2021\/09\/image_6483441-4.jpg?v=1698572462\",\"datePublished\":\"2021-09-01T17:42:51+00:00\",\"dateModified\":\"2025-04-27T08:30:25+00:00\",\"description\":\"STROMBABOL (Stanozolol\/Winstrol) : Croissance musculaire maigre, r\u00e9tention d'eau minimale. Populaire pour la s\u00e8che et les athl\u00e8tes. Hommes : 15-25mg oral par jour ou 50mg injectable tous les deux jours. Femmes : 5-10mg oral par jour. Toxique pour le foie.\",\"breadcrumb\":{\"@id\":\"https:\/\/iberoid-shop.com\/fr\/product\/strombabol-60-pastillas-stanozolol-oral-10-mg-pharmabol\/#breadcrumb\"},\"inLanguage\":\"fr-FR\",\"potentialAction\":[{\"@type\":\"ReadAction\",\"target\":[[\"https:\/\/iberoid-shop.com\/fr\/product\/strombabol-60-pastillas-stanozolol-oral-10-mg-pharmabol\/\"]]}]},{\"@type\":\"ImageObject\",\"inLanguage\":\"fr-FR\",\"@id\":\"https:\/\/iberoid-shop.com\/fr\/product\/strombabol-60-pastillas-stanozolol-oral-10-mg-pharmabol\/#primaryimage\",\"url\":\"https:\/\/iberoid-shop.com\/wp-content\/uploads\/2021\/09\/image_6483441-4.jpg?v=1698572462\",\"contentUrl\":\"https:\/\/iberoid-shop.com\/wp-content\/uploads\/2021\/09\/image_6483441-4.jpg?v=1698572462\",\"width\":1536,\"height\":2048},{\"@type\":\"BreadcrumbList\",\"@id\":\"https:\/\/iberoid-shop.com\/fr\/product\/strombabol-60-pastillas-stanozolol-oral-10-mg-pharmabol\/#breadcrumb\",\"itemListElement\":[{\"@type\":\"ListItem\",\"position\":1,\"name\":\"Portada\",\"item\":\"https:\/\/iberoid-shop.com\/fr\/\"},{\"@type\":\"ListItem\",\"position\":2,\"name\":\"Magasin\",\"item\":\"https:\/\/iberoid-shop.com\/fr\/shop\/\"},{\"@type\":\"ListItem\",\"position\":3,\"name\":\"STROMBABOL, STANOZOLOL &#8211; 100 COMPRIM\u00c9S 10 MG\"}]},{\"@type\":\"WebSite\",\"@id\":\"https:\/\/iberoid-shop.com\/fr\/#website\",\"url\":\"https:\/\/iberoid-shop.com\/fr\/\",\"name\":\"(Espa\u00f1ol) Esteroides en l\u00ednea\",\"description\":\"(Espa\u00f1ol) Comprar esteroides en l\u00ednea hoy en Espa\u00f1a y Portugal. Tenemos el mejor servicio al cliente en la industria y los productos de la m\u00e1s alta calidad\",\"potentialAction\":[{\"@type\":\"SearchAction\",\"target\":{\"@type\":\"EntryPoint\",\"urlTemplate\":\"https:\/\/iberoid-shop.com\/fr\/?s={search_term_string}\"},\"query-input\":{\"@type\":\"PropertyValueSpecification\",\"valueRequired\":true,\"valueName\":\"search_term_string\"}}],\"inLanguage\":\"fr-FR\"}]}<\/script>\n<meta property=\"product:brand\" content=\"Pharmabol\" \/>\n<meta property=\"product:price:amount\" content=\"20.00\" \/>\n<meta property=\"product:price:currency\" content=\"EUR\" \/>\n<meta property=\"og:availability\" content=\"out of stock\" \/>\n<meta property=\"product:availability\" content=\"out of stock\" \/>\n<meta property=\"product:condition\" content=\"new\" \/>\n<!-- \/ Yoast SEO Premium plugin. -->","yoast_head_json":{"title":"STROMBABOL, STANOZOLOL - 100 COMPRIM\u00c9S 10 MG - (Espa\u00f1ol) Esteroides en l\u00ednea","description":"STROMBABOL (Stanozolol\/Winstrol) : Croissance musculaire maigre, r\u00e9tention d'eau minimale. Populaire pour la s\u00e8che et les athl\u00e8tes. Hommes : 15-25mg oral par jour ou 50mg injectable tous les deux jours. Femmes : 5-10mg oral par jour. Toxique pour le foie.","robots":{"index":"index","follow":"follow","max-snippet":"max-snippet:-1","max-image-preview":"max-image-preview:large","max-video-preview":"max-video-preview:-1"},"canonical":"https:\/\/iberoid-shop.com\/fr\/product\/strombabol-60-pastillas-stanozolol-oral-10-mg-pharmabol\/","og_locale":"fr_FR","og_type":"article","og_title":"STROMBABOL, STANOZOLOL - 100 COMPRIM\u00c9S 10 MG","og_description":"STROMBABOL (Stanozolol\/Winstrol) : Croissance musculaire maigre, r\u00e9tention d'eau minimale. Populaire pour la s\u00e8che et les athl\u00e8tes. Hommes : 15-25mg oral par jour ou 50mg injectable tous les deux jours. Femmes : 5-10mg oral par jour. Toxique pour le foie.","og_url":"https:\/\/iberoid-shop.com\/fr\/product\/strombabol-60-pastillas-stanozolol-oral-10-mg-pharmabol\/","og_site_name":"(Espa\u00f1ol) Esteroides en l\u00ednea","article_modified_time":"2025-04-27T08:30:25+00:00","og_image":[{"width":1536,"height":2048,"url":"https:\/\/iberoid-shop.com\/wp-content\/uploads\/2021\/09\/image_6483441-4.jpg?v=1698572462","type":"image\/jpeg"}],"twitter_card":"summary_large_image","twitter_misc":{"Prix":"&euro;20.00","Disponibilit\u00e9":"Rupture de stock"},"schema":{"@context":"https:\/\/schema.org","@graph":[{"@type":"WebPage","@id":"https:\/\/iberoid-shop.com\/fr\/product\/strombabol-60-pastillas-stanozolol-oral-10-mg-pharmabol\/","url":"https:\/\/iberoid-shop.com\/fr\/product\/strombabol-60-pastillas-stanozolol-oral-10-mg-pharmabol\/","name":"STROMBABOL, STANOZOLOL - 100 COMPRIM\u00c9S 10 MG - (Espa\u00f1ol) Esteroides en l\u00ednea","isPartOf":{"@id":"https:\/\/iberoid-shop.com\/fr\/#website"},"primaryImageOfPage":{"@id":"https:\/\/iberoid-shop.com\/fr\/product\/strombabol-60-pastillas-stanozolol-oral-10-mg-pharmabol\/#primaryimage"},"image":{"@id":"https:\/\/iberoid-shop.com\/fr\/product\/strombabol-60-pastillas-stanozolol-oral-10-mg-pharmabol\/#primaryimage"},"thumbnailUrl":"https:\/\/iberoid-shop.com\/wp-content\/uploads\/2021\/09\/image_6483441-4.jpg?v=1698572462","datePublished":"2021-09-01T17:42:51+00:00","dateModified":"2025-04-27T08:30:25+00:00","description":"STROMBABOL (Stanozolol\/Winstrol) : Croissance musculaire maigre, r\u00e9tention d'eau minimale. Populaire pour la s\u00e8che et les athl\u00e8tes. Hommes : 15-25mg oral par jour ou 50mg injectable tous les deux jours. Femmes : 5-10mg oral par jour. Toxique pour le foie.","breadcrumb":{"@id":"https:\/\/iberoid-shop.com\/fr\/product\/strombabol-60-pastillas-stanozolol-oral-10-mg-pharmabol\/#breadcrumb"},"inLanguage":"fr-FR","potentialAction":[{"@type":"ReadAction","target":[["https:\/\/iberoid-shop.com\/fr\/product\/strombabol-60-pastillas-stanozolol-oral-10-mg-pharmabol\/"]]}]},{"@type":"ImageObject","inLanguage":"fr-FR","@id":"https:\/\/iberoid-shop.com\/fr\/product\/strombabol-60-pastillas-stanozolol-oral-10-mg-pharmabol\/#primaryimage","url":"https:\/\/iberoid-shop.com\/wp-content\/uploads\/2021\/09\/image_6483441-4.jpg?v=1698572462","contentUrl":"https:\/\/iberoid-shop.com\/wp-content\/uploads\/2021\/09\/image_6483441-4.jpg?v=1698572462","width":1536,"height":2048},{"@type":"BreadcrumbList","@id":"https:\/\/iberoid-shop.com\/fr\/product\/strombabol-60-pastillas-stanozolol-oral-10-mg-pharmabol\/#breadcrumb","itemListElement":[{"@type":"ListItem","position":1,"name":"Portada","item":"https:\/\/iberoid-shop.com\/fr\/"},{"@type":"ListItem","position":2,"name":"Magasin","item":"https:\/\/iberoid-shop.com\/fr\/shop\/"},{"@type":"ListItem","position":3,"name":"STROMBABOL, STANOZOLOL &#8211; 100 COMPRIM\u00c9S 10 MG"}]},{"@type":"WebSite","@id":"https:\/\/iberoid-shop.com\/fr\/#website","url":"https:\/\/iberoid-shop.com\/fr\/","name":"(Espa\u00f1ol) Esteroides en l\u00ednea","description":"(Espa\u00f1ol) Comprar esteroides en l\u00ednea hoy en Espa\u00f1a y Portugal. Tenemos el mejor servicio al cliente en la industria y los productos de la m\u00e1s alta calidad","potentialAction":[{"@type":"SearchAction","target":{"@type":"EntryPoint","urlTemplate":"https:\/\/iberoid-shop.com\/fr\/?s={search_term_string}"},"query-input":{"@type":"PropertyValueSpecification","valueRequired":true,"valueName":"search_term_string"}}],"inLanguage":"fr-FR"}]},"product_brand":"Pharmabol","product_price_amount":"20.00","product_price_currency":"EUR","og_availability":"out of stock","product_availability":"out of stock","product_condition":"new"},"_links":{"self":[{"href":"https:\/\/iberoid-shop.com\/fr\/wp-json\/wp\/v2\/product\/6675","targetHints":{"allow":["GET"]}}],"collection":[{"href":"https:\/\/iberoid-shop.com\/fr\/wp-json\/wp\/v2\/product"}],"about":[{"href":"https:\/\/iberoid-shop.com\/fr\/wp-json\/wp\/v2\/types\/product"}],"replies":[{"embeddable":true,"href":"https:\/\/iberoid-shop.com\/fr\/wp-json\/wp\/v2\/comments?post=6675"}],"wp:featuredmedia":[{"embeddable":true,"href":"https:\/\/iberoid-shop.com\/fr\/wp-json\/wp\/v2\/media\/6676"}],"wp:attachment":[{"href":"https:\/\/iberoid-shop.com\/fr\/wp-json\/wp\/v2\/media?parent=6675"}],"wp:term":[{"taxonomy":"product_brand","embeddable":true,"href":"https:\/\/iberoid-shop.com\/fr\/wp-json\/wp\/v2\/product_brand?post=6675"},{"taxonomy":"product_cat","embeddable":true,"href":"https:\/\/iberoid-shop.com\/fr\/wp-json\/wp\/v2\/product_cat?post=6675"},{"taxonomy":"product_tag","embeddable":true,"href":"https:\/\/iberoid-shop.com\/fr\/wp-json\/wp\/v2\/product_tag?post=6675"}],"curies":[{"name":"wp","href":"https:\/\/api.w.org\/{rel}","templated":true}]}}