{"id":6464,"date":"2021-07-11T11:35:05","date_gmt":"2021-07-11T11:35:05","guid":{"rendered":"https:\/\/iberoid-shop.com\/?post_type=product&#038;p=6464"},"modified":"2022-07-19T11:38:53","modified_gmt":"2022-07-19T11:38:53","slug":"boldenoneundecyclenate-euro-prime-epf","status":"publish","type":"product","link":"https:\/\/iberoid-shop.com\/fr\/product\/boldenoneundecyclenate-euro-prime-epf\/","title":{"rendered":"BOLDENONE UNDECYCLENATE"},"content":{"rendered":"<p>Boldenone Undecylenate est consid\u00e9r\u00e9 comme un anabolisant \u00e0 action prolong\u00e9e, avec un effet persistant jusqu&rsquo;\u00e0 8 semaines. Il a une tr\u00e8s longue demi-vie et peut appara\u00eetre sur un test de st\u00e9ro\u00efdes jusqu&rsquo;\u00e0 1,5 an, en raison du long und\u00e9cyl\u00e9nate; ester attach\u00e9 au st\u00e9ro\u00efde parent. Trace amou. du m\u00e9dicament peut facilement \u00eatre d\u00e9tect\u00e9 pendant des mois apr\u00e8s l&rsquo;arr\u00eat de l&rsquo;utilisation.<\/p>\n<p>Dosage et administration<\/p>\n<p>Les injections de Boldenone Undecylenate doivent \u00eatre administr\u00e9es uniquement par voie intramusculaire. Afin de maintenir des taux sanguins stables, BOLDENONE doit \u00eatre inject\u00e9 au moins une fois par semaine. Il est le plus souvent utilis\u00e9 \u00e0 une dose de 400 \u00e0 600 mg par semaine pour les hommes et de 50 \u00e0 250 mg par semaine pour les femmes.<\/p>","protected":false},"excerpt":{"rendered":"<p>Boldenone Undecylenate est consid\u00e9r\u00e9 comme un anabolisant \u00e0 action prolong\u00e9e, avec un effet persistant jusqu&rsquo;\u00e0 8 semaines. Il a une<\/p>\n","protected":false},"featured_media":6465,"comment_status":"open","ping_status":"closed","template":"","meta":[],"product_brand":[],"product_cat":[69],"product_tag":[3459],"class_list":{"0":"post-6464","1":"product","2":"type-product","3":"status-publish","4":"has-post-thumbnail","6":"product_cat-esteroides_inyectables","7":"product_tag-boldenona-undecyclenate-de-euro-prime-pharm-epf","9":"first","10":"outofstock","11":"sale","12":"shipping-taxable","13":"purchasable","14":"product-type-simple"},"yoast_head":"<!-- This site is optimized with the Yoast SEO Premium plugin v24.4 (Yoast SEO v27.0) - https:\/\/yoast.com\/product\/yoast-seo-premium-wordpress\/ -->\n<title>BOLDENONE UNDECYCLENATE - (Espa\u00f1ol) Esteroides en l\u00ednea<\/title>\n<meta name=\"robots\" content=\"index, follow, max-snippet:-1, max-image-preview:large, max-video-preview:-1\" \/>\n<link rel=\"canonical\" href=\"https:\/\/iberoid-shop.com\/fr\/product\/boldenoneundecyclenate-euro-prime-epf\/\" \/>\n<meta property=\"og:locale\" content=\"fr_FR\" \/>\n<meta property=\"og:type\" content=\"article\" \/>\n<meta property=\"og:title\" content=\"BOLDENONE UNDECYCLENATE\" \/>\n<meta property=\"og:description\" content=\"Boldenone Undecylenate est consid\u00e9r\u00e9 comme un anabolisant \u00e0 action prolong\u00e9e, avec un effet persistant jusqu&rsquo;\u00e0 8 semaines. Il a une\" \/>\n<meta property=\"og:url\" content=\"https:\/\/iberoid-shop.com\/fr\/product\/boldenoneundecyclenate-euro-prime-epf\/\" \/>\n<meta property=\"og:site_name\" content=\"(Espa\u00f1ol) Esteroides en l\u00ednea\" \/>\n<meta property=\"article:modified_time\" content=\"2022-07-19T11:38:53+00:00\" \/>\n<meta property=\"og:image\" content=\"https:\/\/iberoid-shop.com\/wp-content\/uploads\/2021\/07\/image_6483441.jpg?v=1678119982\" \/>\n\t<meta property=\"og:image:width\" content=\"1024\" \/>\n\t<meta property=\"og:image:height\" content=\"835\" \/>\n\t<meta property=\"og:image:type\" content=\"image\/jpeg\" \/>\n<meta name=\"twitter:card\" content=\"summary_large_image\" \/>\n<meta name=\"twitter:label1\" content=\"Prix\" \/>\n\t<meta name=\"twitter:data1\" content=\"&euro;45.00\" \/>\n\t<meta name=\"twitter:label2\" content=\"Disponibilit\u00e9\" \/>\n\t<meta name=\"twitter:data2\" content=\"Rupture de stock\" \/>\n<script type=\"application\/ld+json\" class=\"yoast-schema-graph\">{\"@context\":\"https:\/\/schema.org\",\"@graph\":[{\"@type\":\"WebPage\",\"@id\":\"https:\/\/iberoid-shop.com\/fr\/product\/boldenoneundecyclenate-euro-prime-epf\/\",\"url\":\"https:\/\/iberoid-shop.com\/fr\/product\/boldenoneundecyclenate-euro-prime-epf\/\",\"name\":\"BOLDENONE UNDECYCLENATE - (Espa\u00f1ol) Esteroides en l\u00ednea\",\"isPartOf\":{\"@id\":\"https:\/\/iberoid-shop.com\/fr\/#website\"},\"primaryImageOfPage\":{\"@id\":\"https:\/\/iberoid-shop.com\/fr\/product\/boldenoneundecyclenate-euro-prime-epf\/#primaryimage\"},\"image\":{\"@id\":\"https:\/\/iberoid-shop.com\/fr\/product\/boldenoneundecyclenate-euro-prime-epf\/#primaryimage\"},\"thumbnailUrl\":\"https:\/\/iberoid-shop.com\/wp-content\/uploads\/2021\/07\/image_6483441.jpg?v=1678119982\",\"datePublished\":\"2021-07-11T11:35:05+00:00\",\"dateModified\":\"2022-07-19T11:38:53+00:00\",\"breadcrumb\":{\"@id\":\"https:\/\/iberoid-shop.com\/fr\/product\/boldenoneundecyclenate-euro-prime-epf\/#breadcrumb\"},\"inLanguage\":\"fr-FR\",\"potentialAction\":[{\"@type\":\"ReadAction\",\"target\":[[\"https:\/\/iberoid-shop.com\/fr\/product\/boldenoneundecyclenate-euro-prime-epf\/\"]]}]},{\"@type\":\"ImageObject\",\"inLanguage\":\"fr-FR\",\"@id\":\"https:\/\/iberoid-shop.com\/fr\/product\/boldenoneundecyclenate-euro-prime-epf\/#primaryimage\",\"url\":\"https:\/\/iberoid-shop.com\/wp-content\/uploads\/2021\/07\/image_6483441.jpg?v=1678119982\",\"contentUrl\":\"https:\/\/iberoid-shop.com\/wp-content\/uploads\/2021\/07\/image_6483441.jpg?v=1678119982\",\"width\":1024,\"height\":835},{\"@type\":\"BreadcrumbList\",\"@id\":\"https:\/\/iberoid-shop.com\/fr\/product\/boldenoneundecyclenate-euro-prime-epf\/#breadcrumb\",\"itemListElement\":[{\"@type\":\"ListItem\",\"position\":1,\"name\":\"Portada\",\"item\":\"https:\/\/iberoid-shop.com\/fr\/\"},{\"@type\":\"ListItem\",\"position\":2,\"name\":\"Magasin\",\"item\":\"https:\/\/iberoid-shop.com\/fr\/shop\/\"},{\"@type\":\"ListItem\",\"position\":3,\"name\":\"BOLDENONE UNDECYCLENATE\"}]},{\"@type\":\"WebSite\",\"@id\":\"https:\/\/iberoid-shop.com\/fr\/#website\",\"url\":\"https:\/\/iberoid-shop.com\/fr\/\",\"name\":\"(Espa\u00f1ol) Esteroides en l\u00ednea\",\"description\":\"(Espa\u00f1ol) Comprar esteroides en l\u00ednea hoy en Espa\u00f1a y Portugal. Tenemos el mejor servicio al cliente en la industria y los productos de la m\u00e1s alta calidad\",\"potentialAction\":[{\"@type\":\"SearchAction\",\"target\":{\"@type\":\"EntryPoint\",\"urlTemplate\":\"https:\/\/iberoid-shop.com\/fr\/?s={search_term_string}\"},\"query-input\":{\"@type\":\"PropertyValueSpecification\",\"valueRequired\":true,\"valueName\":\"search_term_string\"}}],\"inLanguage\":\"fr-FR\"}]}<\/script>\n<meta property=\"product:brand\" content=\"Euro Prime Pharmaceuticals (EPF)\" \/>\n<meta property=\"product:price:amount\" content=\"45.00\" \/>\n<meta property=\"product:price:currency\" content=\"EUR\" \/>\n<meta property=\"og:availability\" content=\"out of stock\" \/>\n<meta property=\"product:availability\" content=\"out of stock\" \/>\n<meta property=\"product:condition\" content=\"new\" \/>\n<!-- \/ Yoast SEO Premium plugin. -->","yoast_head_json":{"title":"BOLDENONE UNDECYCLENATE - (Espa\u00f1ol) Esteroides en l\u00ednea","robots":{"index":"index","follow":"follow","max-snippet":"max-snippet:-1","max-image-preview":"max-image-preview:large","max-video-preview":"max-video-preview:-1"},"canonical":"https:\/\/iberoid-shop.com\/fr\/product\/boldenoneundecyclenate-euro-prime-epf\/","og_locale":"fr_FR","og_type":"article","og_title":"BOLDENONE UNDECYCLENATE","og_description":"Boldenone Undecylenate est consid\u00e9r\u00e9 comme un anabolisant \u00e0 action prolong\u00e9e, avec un effet persistant jusqu&rsquo;\u00e0 8 semaines. Il a une","og_url":"https:\/\/iberoid-shop.com\/fr\/product\/boldenoneundecyclenate-euro-prime-epf\/","og_site_name":"(Espa\u00f1ol) Esteroides en l\u00ednea","article_modified_time":"2022-07-19T11:38:53+00:00","og_image":[{"width":1024,"height":835,"url":"https:\/\/iberoid-shop.com\/wp-content\/uploads\/2021\/07\/image_6483441.jpg?v=1678119982","type":"image\/jpeg"}],"twitter_card":"summary_large_image","twitter_misc":{"Prix":"&euro;45.00","Disponibilit\u00e9":"Rupture de stock"},"schema":{"@context":"https:\/\/schema.org","@graph":[{"@type":"WebPage","@id":"https:\/\/iberoid-shop.com\/fr\/product\/boldenoneundecyclenate-euro-prime-epf\/","url":"https:\/\/iberoid-shop.com\/fr\/product\/boldenoneundecyclenate-euro-prime-epf\/","name":"BOLDENONE UNDECYCLENATE - (Espa\u00f1ol) Esteroides en l\u00ednea","isPartOf":{"@id":"https:\/\/iberoid-shop.com\/fr\/#website"},"primaryImageOfPage":{"@id":"https:\/\/iberoid-shop.com\/fr\/product\/boldenoneundecyclenate-euro-prime-epf\/#primaryimage"},"image":{"@id":"https:\/\/iberoid-shop.com\/fr\/product\/boldenoneundecyclenate-euro-prime-epf\/#primaryimage"},"thumbnailUrl":"https:\/\/iberoid-shop.com\/wp-content\/uploads\/2021\/07\/image_6483441.jpg?v=1678119982","datePublished":"2021-07-11T11:35:05+00:00","dateModified":"2022-07-19T11:38:53+00:00","breadcrumb":{"@id":"https:\/\/iberoid-shop.com\/fr\/product\/boldenoneundecyclenate-euro-prime-epf\/#breadcrumb"},"inLanguage":"fr-FR","potentialAction":[{"@type":"ReadAction","target":[["https:\/\/iberoid-shop.com\/fr\/product\/boldenoneundecyclenate-euro-prime-epf\/"]]}]},{"@type":"ImageObject","inLanguage":"fr-FR","@id":"https:\/\/iberoid-shop.com\/fr\/product\/boldenoneundecyclenate-euro-prime-epf\/#primaryimage","url":"https:\/\/iberoid-shop.com\/wp-content\/uploads\/2021\/07\/image_6483441.jpg?v=1678119982","contentUrl":"https:\/\/iberoid-shop.com\/wp-content\/uploads\/2021\/07\/image_6483441.jpg?v=1678119982","width":1024,"height":835},{"@type":"BreadcrumbList","@id":"https:\/\/iberoid-shop.com\/fr\/product\/boldenoneundecyclenate-euro-prime-epf\/#breadcrumb","itemListElement":[{"@type":"ListItem","position":1,"name":"Portada","item":"https:\/\/iberoid-shop.com\/fr\/"},{"@type":"ListItem","position":2,"name":"Magasin","item":"https:\/\/iberoid-shop.com\/fr\/shop\/"},{"@type":"ListItem","position":3,"name":"BOLDENONE UNDECYCLENATE"}]},{"@type":"WebSite","@id":"https:\/\/iberoid-shop.com\/fr\/#website","url":"https:\/\/iberoid-shop.com\/fr\/","name":"(Espa\u00f1ol) Esteroides en l\u00ednea","description":"(Espa\u00f1ol) Comprar esteroides en l\u00ednea hoy en Espa\u00f1a y Portugal. Tenemos el mejor servicio al cliente en la industria y los productos de la m\u00e1s alta calidad","potentialAction":[{"@type":"SearchAction","target":{"@type":"EntryPoint","urlTemplate":"https:\/\/iberoid-shop.com\/fr\/?s={search_term_string}"},"query-input":{"@type":"PropertyValueSpecification","valueRequired":true,"valueName":"search_term_string"}}],"inLanguage":"fr-FR"}]},"product_brand":"Euro Prime Pharmaceuticals (EPF)","product_price_amount":"45.00","product_price_currency":"EUR","og_availability":"out of stock","product_availability":"out of stock","product_condition":"new"},"_links":{"self":[{"href":"https:\/\/iberoid-shop.com\/fr\/wp-json\/wp\/v2\/product\/6464","targetHints":{"allow":["GET"]}}],"collection":[{"href":"https:\/\/iberoid-shop.com\/fr\/wp-json\/wp\/v2\/product"}],"about":[{"href":"https:\/\/iberoid-shop.com\/fr\/wp-json\/wp\/v2\/types\/product"}],"replies":[{"embeddable":true,"href":"https:\/\/iberoid-shop.com\/fr\/wp-json\/wp\/v2\/comments?post=6464"}],"wp:featuredmedia":[{"embeddable":true,"href":"https:\/\/iberoid-shop.com\/fr\/wp-json\/wp\/v2\/media\/6465"}],"wp:attachment":[{"href":"https:\/\/iberoid-shop.com\/fr\/wp-json\/wp\/v2\/media?parent=6464"}],"wp:term":[{"taxonomy":"product_brand","embeddable":true,"href":"https:\/\/iberoid-shop.com\/fr\/wp-json\/wp\/v2\/product_brand?post=6464"},{"taxonomy":"product_cat","embeddable":true,"href":"https:\/\/iberoid-shop.com\/fr\/wp-json\/wp\/v2\/product_cat?post=6464"},{"taxonomy":"product_tag","embeddable":true,"href":"https:\/\/iberoid-shop.com\/fr\/wp-json\/wp\/v2\/product_tag?post=6464"}],"curies":[{"name":"wp","href":"https:\/\/api.w.org\/{rel}","templated":true}]}}