{"id":6238,"date":"2021-05-20T11:40:27","date_gmt":"2021-05-20T11:40:27","guid":{"rendered":"https:\/\/iberoid-shop.com\/?post_type=product&#038;p=6238"},"modified":"2023-06-03T15:37:45","modified_gmt":"2023-06-03T15:37:45","slug":"oxandrolone-10mg-pharmagen","status":"publish","type":"product","link":"https:\/\/iberoid-shop.com\/fr\/product\/oxandrolone-10mg-pharmagen\/","title":{"rendered":"Oxandrolone 10mg"},"content":{"rendered":"<p>Posologie : 10mg\/tab<\/p>\n<p>Montant\u00a0: 100\u00a0tabs<\/p>\n<p>L&rsquo;oxandrolone ne c\u00e8de pas \u00e0 l&rsquo;aromatisation et n&rsquo;est pas lui-m\u00eame \u0153strog\u00e9nique. Ce m\u00e9dicament est appr\u00e9ci\u00e9 des athl\u00e8tes, qui se pr\u00e9parent \u00e0 la comp\u00e9tition dans les sports de force et d&rsquo;endurance, o\u00f9 des muscles maigres sans eau ni graisse sont n\u00e9cessaires. Le cycle d&rsquo;Oxandrolone n&rsquo;aidera pas les athl\u00e8tes \u00e0 gagner des volumes musculaires colossaux; Cependant, c&rsquo;est un compos\u00e9 parfait pour se d\u00e9barrasser de la graisse et donner au corps un aspect plus soulag\u00e9.<\/p>\n<p>Malgr\u00e9 le fait que l&rsquo;anavar soit 17-alpha-alkyl\u00e9, il provoque un l\u00e9ger impact toxique sur le foie. Des recherches ont montr\u00e9 que la prise d&rsquo;oxandrolone \u00e0 20 mg par jour pendant douze semaines ne provoquait pas d&rsquo;augmentation statistiquement importante de l&rsquo;AST et de l&rsquo;ALT. Ainsi, les effets secondaires de l&rsquo;oxandrolone sont tr\u00e8s rares, bien que les r\u00e9sultats de l&rsquo;oxandrolone ne soient pas non plus significatifs. C&rsquo;est probablement le st\u00e9ro\u00efde oral le plus doux et le plus s\u00fbr disponible \u00e0 la vente aujourd&rsquo;hui, il est donc parfait pour la premi\u00e8re connaissance des st\u00e9ro\u00efdes anabolisants.<\/p>","protected":false},"excerpt":{"rendered":"<p>Posologie : 10mg\/tab Montant\u00a0: 100\u00a0tabs L&rsquo;oxandrolone ne c\u00e8de pas \u00e0 l&rsquo;aromatisation et n&rsquo;est pas lui-m\u00eame \u0153strog\u00e9nique. Ce m\u00e9dicament est appr\u00e9ci\u00e9<\/p>\n","protected":false},"featured_media":6239,"comment_status":"open","ping_status":"closed","template":"","meta":[],"product_brand":[],"product_cat":[73],"product_tag":[],"class_list":{"0":"post-6238","1":"product","2":"type-product","3":"status-publish","4":"has-post-thumbnail","6":"product_cat-ssteroides_orales","8":"first","9":"outofstock","10":"shipping-taxable","11":"purchasable","12":"product-type-simple"},"yoast_head":"<!-- This site is optimized with the Yoast SEO Premium plugin v24.4 (Yoast SEO v27.0) - https:\/\/yoast.com\/product\/yoast-seo-premium-wordpress\/ -->\n<title>Oxandrolone 10mg - (Espa\u00f1ol) Esteroides en l\u00ednea<\/title>\n<meta name=\"robots\" content=\"index, follow, max-snippet:-1, max-image-preview:large, max-video-preview:-1\" \/>\n<link rel=\"canonical\" href=\"https:\/\/iberoid-shop.com\/fr\/product\/oxandrolone-10mg-pharmagen\/\" \/>\n<meta property=\"og:locale\" content=\"fr_FR\" \/>\n<meta property=\"og:type\" content=\"article\" \/>\n<meta property=\"og:title\" content=\"Oxandrolone 10mg\" \/>\n<meta property=\"og:description\" content=\"Posologie : 10mg\/tab Montant\u00a0: 100\u00a0tabs L&rsquo;oxandrolone ne c\u00e8de pas \u00e0 l&rsquo;aromatisation et n&rsquo;est pas lui-m\u00eame \u0153strog\u00e9nique. Ce m\u00e9dicament est appr\u00e9ci\u00e9\" \/>\n<meta property=\"og:url\" content=\"https:\/\/iberoid-shop.com\/fr\/product\/oxandrolone-10mg-pharmagen\/\" \/>\n<meta property=\"og:site_name\" content=\"(Espa\u00f1ol) Esteroides en l\u00ednea\" \/>\n<meta property=\"article:modified_time\" content=\"2023-06-03T15:37:45+00:00\" \/>\n<meta property=\"og:image\" content=\"https:\/\/iberoid-shop.com\/wp-content\/uploads\/2021\/05\/Oxandrolone-PG.jpg?v=1678119991\" \/>\n\t<meta property=\"og:image:width\" content=\"1000\" \/>\n\t<meta property=\"og:image:height\" content=\"1000\" \/>\n\t<meta property=\"og:image:type\" content=\"image\/jpeg\" \/>\n<meta name=\"twitter:card\" content=\"summary_large_image\" \/>\n<meta name=\"twitter:label1\" content=\"Prix\" \/>\n\t<meta name=\"twitter:data1\" content=\"&euro;65.00\" \/>\n\t<meta name=\"twitter:label2\" content=\"Disponibilit\u00e9\" \/>\n\t<meta name=\"twitter:data2\" content=\"Rupture de stock\" \/>\n<script type=\"application\/ld+json\" class=\"yoast-schema-graph\">{\"@context\":\"https:\/\/schema.org\",\"@graph\":[{\"@type\":\"WebPage\",\"@id\":\"https:\/\/iberoid-shop.com\/fr\/product\/oxandrolone-10mg-pharmagen\/\",\"url\":\"https:\/\/iberoid-shop.com\/fr\/product\/oxandrolone-10mg-pharmagen\/\",\"name\":\"Oxandrolone 10mg - (Espa\u00f1ol) Esteroides en l\u00ednea\",\"isPartOf\":{\"@id\":\"https:\/\/iberoid-shop.com\/fr\/#website\"},\"primaryImageOfPage\":{\"@id\":\"https:\/\/iberoid-shop.com\/fr\/product\/oxandrolone-10mg-pharmagen\/#primaryimage\"},\"image\":{\"@id\":\"https:\/\/iberoid-shop.com\/fr\/product\/oxandrolone-10mg-pharmagen\/#primaryimage\"},\"thumbnailUrl\":\"https:\/\/iberoid-shop.com\/wp-content\/uploads\/2021\/05\/Oxandrolone-PG.jpg?v=1678119991\",\"datePublished\":\"2021-05-20T11:40:27+00:00\",\"dateModified\":\"2023-06-03T15:37:45+00:00\",\"breadcrumb\":{\"@id\":\"https:\/\/iberoid-shop.com\/fr\/product\/oxandrolone-10mg-pharmagen\/#breadcrumb\"},\"inLanguage\":\"fr-FR\",\"potentialAction\":[{\"@type\":\"ReadAction\",\"target\":[[\"https:\/\/iberoid-shop.com\/fr\/product\/oxandrolone-10mg-pharmagen\/\"]]}]},{\"@type\":\"ImageObject\",\"inLanguage\":\"fr-FR\",\"@id\":\"https:\/\/iberoid-shop.com\/fr\/product\/oxandrolone-10mg-pharmagen\/#primaryimage\",\"url\":\"https:\/\/iberoid-shop.com\/wp-content\/uploads\/2021\/05\/Oxandrolone-PG.jpg?v=1678119991\",\"contentUrl\":\"https:\/\/iberoid-shop.com\/wp-content\/uploads\/2021\/05\/Oxandrolone-PG.jpg?v=1678119991\",\"width\":1000,\"height\":1000},{\"@type\":\"BreadcrumbList\",\"@id\":\"https:\/\/iberoid-shop.com\/fr\/product\/oxandrolone-10mg-pharmagen\/#breadcrumb\",\"itemListElement\":[{\"@type\":\"ListItem\",\"position\":1,\"name\":\"Portada\",\"item\":\"https:\/\/iberoid-shop.com\/fr\/\"},{\"@type\":\"ListItem\",\"position\":2,\"name\":\"Magasin\",\"item\":\"https:\/\/iberoid-shop.com\/fr\/shop\/\"},{\"@type\":\"ListItem\",\"position\":3,\"name\":\"Oxandrolone 10mg\"}]},{\"@type\":\"WebSite\",\"@id\":\"https:\/\/iberoid-shop.com\/fr\/#website\",\"url\":\"https:\/\/iberoid-shop.com\/fr\/\",\"name\":\"(Espa\u00f1ol) Esteroides en l\u00ednea\",\"description\":\"(Espa\u00f1ol) Comprar esteroides en l\u00ednea hoy en Espa\u00f1a y Portugal. Tenemos el mejor servicio al cliente en la industria y los productos de la m\u00e1s alta calidad\",\"potentialAction\":[{\"@type\":\"SearchAction\",\"target\":{\"@type\":\"EntryPoint\",\"urlTemplate\":\"https:\/\/iberoid-shop.com\/fr\/?s={search_term_string}\"},\"query-input\":{\"@type\":\"PropertyValueSpecification\",\"valueRequired\":true,\"valueName\":\"search_term_string\"}}],\"inLanguage\":\"fr-FR\"}]}<\/script>\n<meta property=\"product:brand\" content=\"Pharma Gen\" \/>\n<meta property=\"product:price:amount\" content=\"65.00\" \/>\n<meta property=\"product:price:currency\" content=\"EUR\" \/>\n<meta property=\"og:availability\" content=\"out of stock\" \/>\n<meta property=\"product:availability\" content=\"out of stock\" \/>\n<meta property=\"product:condition\" content=\"new\" \/>\n<!-- \/ Yoast SEO Premium plugin. -->","yoast_head_json":{"title":"Oxandrolone 10mg - (Espa\u00f1ol) Esteroides en l\u00ednea","robots":{"index":"index","follow":"follow","max-snippet":"max-snippet:-1","max-image-preview":"max-image-preview:large","max-video-preview":"max-video-preview:-1"},"canonical":"https:\/\/iberoid-shop.com\/fr\/product\/oxandrolone-10mg-pharmagen\/","og_locale":"fr_FR","og_type":"article","og_title":"Oxandrolone 10mg","og_description":"Posologie : 10mg\/tab Montant\u00a0: 100\u00a0tabs L&rsquo;oxandrolone ne c\u00e8de pas \u00e0 l&rsquo;aromatisation et n&rsquo;est pas lui-m\u00eame \u0153strog\u00e9nique. Ce m\u00e9dicament est appr\u00e9ci\u00e9","og_url":"https:\/\/iberoid-shop.com\/fr\/product\/oxandrolone-10mg-pharmagen\/","og_site_name":"(Espa\u00f1ol) Esteroides en l\u00ednea","article_modified_time":"2023-06-03T15:37:45+00:00","og_image":[{"width":1000,"height":1000,"url":"https:\/\/iberoid-shop.com\/wp-content\/uploads\/2021\/05\/Oxandrolone-PG.jpg?v=1678119991","type":"image\/jpeg"}],"twitter_card":"summary_large_image","twitter_misc":{"Prix":"&euro;65.00","Disponibilit\u00e9":"Rupture de stock"},"schema":{"@context":"https:\/\/schema.org","@graph":[{"@type":"WebPage","@id":"https:\/\/iberoid-shop.com\/fr\/product\/oxandrolone-10mg-pharmagen\/","url":"https:\/\/iberoid-shop.com\/fr\/product\/oxandrolone-10mg-pharmagen\/","name":"Oxandrolone 10mg - (Espa\u00f1ol) Esteroides en l\u00ednea","isPartOf":{"@id":"https:\/\/iberoid-shop.com\/fr\/#website"},"primaryImageOfPage":{"@id":"https:\/\/iberoid-shop.com\/fr\/product\/oxandrolone-10mg-pharmagen\/#primaryimage"},"image":{"@id":"https:\/\/iberoid-shop.com\/fr\/product\/oxandrolone-10mg-pharmagen\/#primaryimage"},"thumbnailUrl":"https:\/\/iberoid-shop.com\/wp-content\/uploads\/2021\/05\/Oxandrolone-PG.jpg?v=1678119991","datePublished":"2021-05-20T11:40:27+00:00","dateModified":"2023-06-03T15:37:45+00:00","breadcrumb":{"@id":"https:\/\/iberoid-shop.com\/fr\/product\/oxandrolone-10mg-pharmagen\/#breadcrumb"},"inLanguage":"fr-FR","potentialAction":[{"@type":"ReadAction","target":[["https:\/\/iberoid-shop.com\/fr\/product\/oxandrolone-10mg-pharmagen\/"]]}]},{"@type":"ImageObject","inLanguage":"fr-FR","@id":"https:\/\/iberoid-shop.com\/fr\/product\/oxandrolone-10mg-pharmagen\/#primaryimage","url":"https:\/\/iberoid-shop.com\/wp-content\/uploads\/2021\/05\/Oxandrolone-PG.jpg?v=1678119991","contentUrl":"https:\/\/iberoid-shop.com\/wp-content\/uploads\/2021\/05\/Oxandrolone-PG.jpg?v=1678119991","width":1000,"height":1000},{"@type":"BreadcrumbList","@id":"https:\/\/iberoid-shop.com\/fr\/product\/oxandrolone-10mg-pharmagen\/#breadcrumb","itemListElement":[{"@type":"ListItem","position":1,"name":"Portada","item":"https:\/\/iberoid-shop.com\/fr\/"},{"@type":"ListItem","position":2,"name":"Magasin","item":"https:\/\/iberoid-shop.com\/fr\/shop\/"},{"@type":"ListItem","position":3,"name":"Oxandrolone 10mg"}]},{"@type":"WebSite","@id":"https:\/\/iberoid-shop.com\/fr\/#website","url":"https:\/\/iberoid-shop.com\/fr\/","name":"(Espa\u00f1ol) Esteroides en l\u00ednea","description":"(Espa\u00f1ol) Comprar esteroides en l\u00ednea hoy en Espa\u00f1a y Portugal. Tenemos el mejor servicio al cliente en la industria y los productos de la m\u00e1s alta calidad","potentialAction":[{"@type":"SearchAction","target":{"@type":"EntryPoint","urlTemplate":"https:\/\/iberoid-shop.com\/fr\/?s={search_term_string}"},"query-input":{"@type":"PropertyValueSpecification","valueRequired":true,"valueName":"search_term_string"}}],"inLanguage":"fr-FR"}]},"product_brand":"Pharma Gen","product_price_amount":"65.00","product_price_currency":"EUR","og_availability":"out of stock","product_availability":"out of stock","product_condition":"new"},"_links":{"self":[{"href":"https:\/\/iberoid-shop.com\/fr\/wp-json\/wp\/v2\/product\/6238","targetHints":{"allow":["GET"]}}],"collection":[{"href":"https:\/\/iberoid-shop.com\/fr\/wp-json\/wp\/v2\/product"}],"about":[{"href":"https:\/\/iberoid-shop.com\/fr\/wp-json\/wp\/v2\/types\/product"}],"replies":[{"embeddable":true,"href":"https:\/\/iberoid-shop.com\/fr\/wp-json\/wp\/v2\/comments?post=6238"}],"wp:featuredmedia":[{"embeddable":true,"href":"https:\/\/iberoid-shop.com\/fr\/wp-json\/wp\/v2\/media\/6239"}],"wp:attachment":[{"href":"https:\/\/iberoid-shop.com\/fr\/wp-json\/wp\/v2\/media?parent=6238"}],"wp:term":[{"taxonomy":"product_brand","embeddable":true,"href":"https:\/\/iberoid-shop.com\/fr\/wp-json\/wp\/v2\/product_brand?post=6238"},{"taxonomy":"product_cat","embeddable":true,"href":"https:\/\/iberoid-shop.com\/fr\/wp-json\/wp\/v2\/product_cat?post=6238"},{"taxonomy":"product_tag","embeddable":true,"href":"https:\/\/iberoid-shop.com\/fr\/wp-json\/wp\/v2\/product_tag?post=6238"}],"curies":[{"name":"wp","href":"https:\/\/api.w.org\/{rel}","templated":true}]}}