{"id":6231,"date":"2021-05-20T11:28:16","date_gmt":"2021-05-20T11:28:16","guid":{"rendered":"https:\/\/iberoid-shop.com\/?post_type=product&#038;p=6231"},"modified":"2025-03-23T14:26:35","modified_gmt":"2025-03-23T14:26:35","slug":"sibutramine-15mg-pharmagen","status":"publish","type":"product","link":"https:\/\/iberoid-shop.com\/fr\/product\/sibutramine-15mg-pharmagen\/","title":{"rendered":"Sibutramine 15mg"},"content":{"rendered":"<p>La sibutramine est indiqu\u00e9e pour la gestion de l&rsquo;ob\u00e9sit\u00e9, y compris la perte de poids et le maintien de la perte de poids, et doit \u00eatre utilis\u00e9e en association avec un r\u00e9gime hypocalorique. La sibutramine est recommand\u00e9e chez les patients ob\u00e8ses avec un indice de masse corporelle initial \u2265 30 kg\/m2 ou \u2265 27 kg\/m2 en pr\u00e9sence d&rsquo;autres facteurs de risque (par exemple, diab\u00e8te, dyslipid\u00e9mie, hypertension contr\u00f4l\u00e9e).<\/p>\n<p>La sibutramine aide \u00e0 perdre du poids en modifiant les neurotransmetteurs dans le cerveau. Les neurotransmetteurs sont des substances chimiques produites et lib\u00e9r\u00e9es par les nerfs afin de communiquer avec d&rsquo;autres nerfs. Les neurotransmetteurs lib\u00e9r\u00e9s peuvent s&rsquo;attacher \u00e0 d&rsquo;autres nerfs ou ils peuvent \u00eatre repris par les nerfs qui les lib\u00e8rent, un processus appel\u00e9 recapture. La sibutramine bloque la recapture des neurotransmetteurs dopamine, noradr\u00e9naline et s\u00e9rotonine. Le blocage de la recapture des neurotransmetteurs modifie l&rsquo;\u00e9quilibre des neurotransmetteurs dans les cellules nerveuses et affecte ainsi la fonction et l&rsquo;interaction nerveuses.<\/p>\n<p>Les patients prenant de la sibutramine peuvent obtenir une r\u00e9duction de 5 \u00e0 10\u00a0% par rapport \u00e0 leur poids initial. De plus, la perte de poids assist\u00e9e par la sibutramine s&rsquo;est accompagn\u00e9e d&rsquo;une am\u00e9lioration des lipides sanguins (par exemple, le cholest\u00e9rol).<\/p>","protected":false},"excerpt":{"rendered":"<p>La sibutramine est indiqu\u00e9e pour la gestion de l&rsquo;ob\u00e9sit\u00e9, y compris la perte de poids et le maintien de la<\/p>\n","protected":false},"featured_media":6232,"comment_status":"open","ping_status":"closed","template":"","meta":[],"product_brand":[],"product_cat":[73],"product_tag":[],"class_list":{"0":"post-6231","1":"product","2":"type-product","3":"status-publish","4":"has-post-thumbnail","6":"product_cat-ssteroides_orales","8":"first","9":"outofstock","10":"shipping-taxable","11":"purchasable","12":"product-type-simple"},"yoast_head":"<!-- This site is optimized with the Yoast SEO Premium plugin v24.4 (Yoast SEO v27.3) - https:\/\/yoast.com\/product\/yoast-seo-premium-wordpress\/ -->\n<title>Sibutramine 15mg - (Espa\u00f1ol) Esteroides en l\u00ednea<\/title>\n<meta name=\"robots\" content=\"index, follow, max-snippet:-1, max-image-preview:large, max-video-preview:-1\" \/>\n<link rel=\"canonical\" href=\"https:\/\/iberoid-shop.com\/fr\/product\/sibutramine-15mg-pharmagen\/\" \/>\n<meta property=\"og:locale\" content=\"fr_FR\" \/>\n<meta property=\"og:type\" content=\"article\" \/>\n<meta property=\"og:title\" content=\"Sibutramine 15mg\" \/>\n<meta property=\"og:description\" content=\"La sibutramine est indiqu\u00e9e pour la gestion de l&rsquo;ob\u00e9sit\u00e9, y compris la perte de poids et le maintien de la\" \/>\n<meta property=\"og:url\" content=\"https:\/\/iberoid-shop.com\/fr\/product\/sibutramine-15mg-pharmagen\/\" \/>\n<meta property=\"og:site_name\" content=\"(Espa\u00f1ol) Esteroides en l\u00ednea\" \/>\n<meta property=\"article:modified_time\" content=\"2025-03-23T14:26:35+00:00\" \/>\n<meta property=\"og:image\" content=\"https:\/\/iberoid-shop.com\/wp-content\/uploads\/2021\/05\/SibutraminePG.jpg?v=1740585487\" \/>\n\t<meta property=\"og:image:width\" content=\"1000\" \/>\n\t<meta property=\"og:image:height\" content=\"1000\" \/>\n\t<meta property=\"og:image:type\" content=\"image\/jpeg\" \/>\n<meta name=\"twitter:card\" content=\"summary_large_image\" \/>\n<meta name=\"twitter:label1\" content=\"Prix\" \/>\n\t<meta name=\"twitter:data1\" content=\"&euro;40.00\" \/>\n\t<meta name=\"twitter:label2\" content=\"Disponibilit\u00e9\" \/>\n\t<meta name=\"twitter:data2\" content=\"Rupture de stock\" \/>\n<script type=\"application\/ld+json\" class=\"yoast-schema-graph\">{\"@context\":\"https:\\\/\\\/schema.org\",\"@graph\":[{\"@type\":\"WebPage\",\"@id\":\"https:\\\/\\\/iberoid-shop.com\\\/fr\\\/product\\\/sibutramine-15mg-pharmagen\\\/\",\"url\":\"https:\\\/\\\/iberoid-shop.com\\\/fr\\\/product\\\/sibutramine-15mg-pharmagen\\\/\",\"name\":\"Sibutramine 15mg - (Espa\u00f1ol) Esteroides en l\u00ednea\",\"isPartOf\":{\"@id\":\"https:\\\/\\\/iberoid-shop.com\\\/fr\\\/#website\"},\"primaryImageOfPage\":{\"@id\":\"https:\\\/\\\/iberoid-shop.com\\\/fr\\\/product\\\/sibutramine-15mg-pharmagen\\\/#primaryimage\"},\"image\":{\"@id\":\"https:\\\/\\\/iberoid-shop.com\\\/fr\\\/product\\\/sibutramine-15mg-pharmagen\\\/#primaryimage\"},\"thumbnailUrl\":\"https:\\\/\\\/iberoid-shop.com\\\/wp-content\\\/uploads\\\/2021\\\/05\\\/SibutraminePG.jpg?v=1740585487\",\"datePublished\":\"2021-05-20T11:28:16+00:00\",\"dateModified\":\"2025-03-23T14:26:35+00:00\",\"breadcrumb\":{\"@id\":\"https:\\\/\\\/iberoid-shop.com\\\/fr\\\/product\\\/sibutramine-15mg-pharmagen\\\/#breadcrumb\"},\"inLanguage\":\"fr-FR\",\"potentialAction\":[{\"@type\":\"ReadAction\",\"target\":[[\"https:\\\/\\\/iberoid-shop.com\\\/fr\\\/product\\\/sibutramine-15mg-pharmagen\\\/\"]]}]},{\"@type\":\"ImageObject\",\"inLanguage\":\"fr-FR\",\"@id\":\"https:\\\/\\\/iberoid-shop.com\\\/fr\\\/product\\\/sibutramine-15mg-pharmagen\\\/#primaryimage\",\"url\":\"https:\\\/\\\/iberoid-shop.com\\\/wp-content\\\/uploads\\\/2021\\\/05\\\/SibutraminePG.jpg?v=1740585487\",\"contentUrl\":\"https:\\\/\\\/iberoid-shop.com\\\/wp-content\\\/uploads\\\/2021\\\/05\\\/SibutraminePG.jpg?v=1740585487\",\"width\":1000,\"height\":1000},{\"@type\":\"BreadcrumbList\",\"@id\":\"https:\\\/\\\/iberoid-shop.com\\\/fr\\\/product\\\/sibutramine-15mg-pharmagen\\\/#breadcrumb\",\"itemListElement\":[{\"@type\":\"ListItem\",\"position\":1,\"name\":\"Portada\",\"item\":\"https:\\\/\\\/iberoid-shop.com\\\/fr\\\/\"},{\"@type\":\"ListItem\",\"position\":2,\"name\":\"Magasin\",\"item\":\"https:\\\/\\\/iberoid-shop.com\\\/fr\\\/shop\\\/\"},{\"@type\":\"ListItem\",\"position\":3,\"name\":\"Sibutramine 15mg\"}]},{\"@type\":\"WebSite\",\"@id\":\"https:\\\/\\\/iberoid-shop.com\\\/fr\\\/#website\",\"url\":\"https:\\\/\\\/iberoid-shop.com\\\/fr\\\/\",\"name\":\"(Espa\u00f1ol) Esteroides en l\u00ednea\",\"description\":\"(Espa\u00f1ol) Comprar esteroides en l\u00ednea hoy en Espa\u00f1a y Portugal. Tenemos el mejor servicio al cliente en la industria y los productos de la m\u00e1s alta calidad\",\"potentialAction\":[{\"@type\":\"SearchAction\",\"target\":{\"@type\":\"EntryPoint\",\"urlTemplate\":\"https:\\\/\\\/iberoid-shop.com\\\/fr\\\/?s={search_term_string}\"},\"query-input\":{\"@type\":\"PropertyValueSpecification\",\"valueRequired\":true,\"valueName\":\"search_term_string\"}}],\"inLanguage\":\"fr-FR\"}]}<\/script>\n<meta property=\"product:brand\" content=\"Pharma Gen\" \/>\n<meta property=\"product:price:amount\" content=\"40.00\" \/>\n<meta property=\"product:price:currency\" content=\"EUR\" \/>\n<meta property=\"og:availability\" content=\"out of stock\" \/>\n<meta property=\"product:availability\" content=\"out of stock\" \/>\n<meta property=\"product:condition\" content=\"new\" \/>\n<!-- \/ Yoast SEO Premium plugin. -->","yoast_head_json":{"title":"Sibutramine 15mg - (Espa\u00f1ol) Esteroides en l\u00ednea","robots":{"index":"index","follow":"follow","max-snippet":"max-snippet:-1","max-image-preview":"max-image-preview:large","max-video-preview":"max-video-preview:-1"},"canonical":"https:\/\/iberoid-shop.com\/fr\/product\/sibutramine-15mg-pharmagen\/","og_locale":"fr_FR","og_type":"article","og_title":"Sibutramine 15mg","og_description":"La sibutramine est indiqu\u00e9e pour la gestion de l&rsquo;ob\u00e9sit\u00e9, y compris la perte de poids et le maintien de la","og_url":"https:\/\/iberoid-shop.com\/fr\/product\/sibutramine-15mg-pharmagen\/","og_site_name":"(Espa\u00f1ol) Esteroides en l\u00ednea","article_modified_time":"2025-03-23T14:26:35+00:00","og_image":[{"width":1000,"height":1000,"url":"https:\/\/iberoid-shop.com\/wp-content\/uploads\/2021\/05\/SibutraminePG.jpg?v=1740585487","type":"image\/jpeg"}],"twitter_card":"summary_large_image","twitter_misc":{"Prix":"&euro;40.00","Disponibilit\u00e9":"Rupture de stock"},"schema":{"@context":"https:\/\/schema.org","@graph":[{"@type":"WebPage","@id":"https:\/\/iberoid-shop.com\/fr\/product\/sibutramine-15mg-pharmagen\/","url":"https:\/\/iberoid-shop.com\/fr\/product\/sibutramine-15mg-pharmagen\/","name":"Sibutramine 15mg - (Espa\u00f1ol) Esteroides en l\u00ednea","isPartOf":{"@id":"https:\/\/iberoid-shop.com\/fr\/#website"},"primaryImageOfPage":{"@id":"https:\/\/iberoid-shop.com\/fr\/product\/sibutramine-15mg-pharmagen\/#primaryimage"},"image":{"@id":"https:\/\/iberoid-shop.com\/fr\/product\/sibutramine-15mg-pharmagen\/#primaryimage"},"thumbnailUrl":"https:\/\/iberoid-shop.com\/wp-content\/uploads\/2021\/05\/SibutraminePG.jpg?v=1740585487","datePublished":"2021-05-20T11:28:16+00:00","dateModified":"2025-03-23T14:26:35+00:00","breadcrumb":{"@id":"https:\/\/iberoid-shop.com\/fr\/product\/sibutramine-15mg-pharmagen\/#breadcrumb"},"inLanguage":"fr-FR","potentialAction":[{"@type":"ReadAction","target":[["https:\/\/iberoid-shop.com\/fr\/product\/sibutramine-15mg-pharmagen\/"]]}]},{"@type":"ImageObject","inLanguage":"fr-FR","@id":"https:\/\/iberoid-shop.com\/fr\/product\/sibutramine-15mg-pharmagen\/#primaryimage","url":"https:\/\/iberoid-shop.com\/wp-content\/uploads\/2021\/05\/SibutraminePG.jpg?v=1740585487","contentUrl":"https:\/\/iberoid-shop.com\/wp-content\/uploads\/2021\/05\/SibutraminePG.jpg?v=1740585487","width":1000,"height":1000},{"@type":"BreadcrumbList","@id":"https:\/\/iberoid-shop.com\/fr\/product\/sibutramine-15mg-pharmagen\/#breadcrumb","itemListElement":[{"@type":"ListItem","position":1,"name":"Portada","item":"https:\/\/iberoid-shop.com\/fr\/"},{"@type":"ListItem","position":2,"name":"Magasin","item":"https:\/\/iberoid-shop.com\/fr\/shop\/"},{"@type":"ListItem","position":3,"name":"Sibutramine 15mg"}]},{"@type":"WebSite","@id":"https:\/\/iberoid-shop.com\/fr\/#website","url":"https:\/\/iberoid-shop.com\/fr\/","name":"(Espa\u00f1ol) Esteroides en l\u00ednea","description":"(Espa\u00f1ol) Comprar esteroides en l\u00ednea hoy en Espa\u00f1a y Portugal. Tenemos el mejor servicio al cliente en la industria y los productos de la m\u00e1s alta calidad","potentialAction":[{"@type":"SearchAction","target":{"@type":"EntryPoint","urlTemplate":"https:\/\/iberoid-shop.com\/fr\/?s={search_term_string}"},"query-input":{"@type":"PropertyValueSpecification","valueRequired":true,"valueName":"search_term_string"}}],"inLanguage":"fr-FR"}]},"product_brand":"Pharma Gen","product_price_amount":"40.00","product_price_currency":"EUR","og_availability":"out of stock","product_availability":"out of stock","product_condition":"new"},"_links":{"self":[{"href":"https:\/\/iberoid-shop.com\/fr\/wp-json\/wp\/v2\/product\/6231","targetHints":{"allow":["GET"]}}],"collection":[{"href":"https:\/\/iberoid-shop.com\/fr\/wp-json\/wp\/v2\/product"}],"about":[{"href":"https:\/\/iberoid-shop.com\/fr\/wp-json\/wp\/v2\/types\/product"}],"replies":[{"embeddable":true,"href":"https:\/\/iberoid-shop.com\/fr\/wp-json\/wp\/v2\/comments?post=6231"}],"wp:featuredmedia":[{"embeddable":true,"href":"https:\/\/iberoid-shop.com\/fr\/wp-json\/wp\/v2\/media\/6232"}],"wp:attachment":[{"href":"https:\/\/iberoid-shop.com\/fr\/wp-json\/wp\/v2\/media?parent=6231"}],"wp:term":[{"taxonomy":"product_brand","embeddable":true,"href":"https:\/\/iberoid-shop.com\/fr\/wp-json\/wp\/v2\/product_brand?post=6231"},{"taxonomy":"product_cat","embeddable":true,"href":"https:\/\/iberoid-shop.com\/fr\/wp-json\/wp\/v2\/product_cat?post=6231"},{"taxonomy":"product_tag","embeddable":true,"href":"https:\/\/iberoid-shop.com\/fr\/wp-json\/wp\/v2\/product_tag?post=6231"}],"curies":[{"name":"wp","href":"https:\/\/api.w.org\/{rel}","templated":true}]}}