{"id":6117,"date":"2021-05-05T12:20:13","date_gmt":"2021-05-05T12:20:13","guid":{"rendered":"https:\/\/iberoid-shop.com\/?post_type=product&#038;p=6117"},"modified":"2025-11-19T21:48:15","modified_gmt":"2025-11-19T21:48:15","slug":"stanox-biosira-stanozolol-winstrol-100tabs-10mg-tab","status":"publish","type":"product","link":"https:\/\/iberoid-shop.com\/fr\/product\/stanox-biosira-stanozolol-winstrol-100tabs-10mg-tab\/","title":{"rendered":"Stanox &#8211; (Stanozolol, Winstrol)"},"content":{"rendered":"<p>- Fabricant: Biosira Pharmaceuticals<\/p>\n<p>&#8211; Pack: 100 comprim\u00e9s (10 mg \/ onglet)<\/p>\n<p>&#8211; Substance chimique: Stanozolol<\/p>\n<p>Stanox biosira est l&rsquo;un des st\u00e9ro\u00efdes de renomm\u00e9e mondiale qui est populaire parmi les culturistes et les athl\u00e8tes \u00e0 la fois comme st\u00e9ro\u00efde de coupe. Il a \u00e9t\u00e9 d\u00e9couvert pour la premi\u00e8re fois dans le but de traiter les personnes souffrant de divers probl\u00e8mes de sant\u00e9 comme l&rsquo;ost\u00e9oporose, la dystrophie musculaire, la fonte musculaire chez les patients post-op\u00e9ratoires, les enfants de petite taille, etc.<\/p>\n<p>La plupart des fabricants de ce produit sont incapables de cr\u00e9er un produit hautement efficace. Donc, pour un meilleur r\u00e9sultat gr\u00e2ce \u00e0 ce produit, achetez toujours le produit aupr\u00e8s de fabricants renomm\u00e9s tels que Biosira Pharmaceuticals. Leurs produits sont connus pour fournir un r\u00e9sultat optimal dans le cycle de coupe.<\/p>\n<p>Ce st\u00e9ro\u00efde est disponible sous forme injectable et orale. Mais, la plupart des gens pr\u00e9f\u00e8rent la forme injectable en raison de sa puissance \u00e0 haut rendement.<\/p>\n<p>Il aide non seulement dans le cycle de coupe du muscle, mais am\u00e9liore \u00e9galement la masse musculaire maigre des utilisateurs. Ainsi, les personnes qui se pr\u00e9parent pour un \u00e9v\u00e9nement \u00e0 proximit\u00e9 pr\u00e9f\u00e8rent ce st\u00e9ro\u00efde \u00e0 un autre. Il a divers autres effets sur le corps de l\u2019utilisateur comme la duret\u00e9 musculaire, la densit\u00e9 et la vascularisation.<\/p>\n<p>Les doses<\/p>\n<p>C&rsquo;est l&rsquo;un des st\u00e9ro\u00efdes de coupe les plus puissants jamais fabriqu\u00e9s. Ainsi, pour un r\u00e9sultat optimal sans faire face \u00e0 des effets secondaires graves, consultez toujours un m\u00e9decin renomm\u00e9. Il est principalement recommand\u00e9 de prendre entre 50 et 100 mg par jour pendant une p\u00e9riode de 4 \u00e0 8 semaines. Pour un meilleur r\u00e9sultat, divisez les dosages en deux \u00e9gaux et utilisez-le tous les jours ou selon les recommandations des experts.<\/p>","protected":false},"excerpt":{"rendered":"<p>&#8211; Fabricant: Biosira Pharmaceuticals &#8211; Pack: 100 comprim\u00e9s (10 mg \/ onglet) &#8211; Substance chimique: Stanozolol Stanox biosira est l&rsquo;un<\/p>\n","protected":false},"featured_media":6118,"comment_status":"open","ping_status":"closed","template":"","meta":[],"product_brand":[],"product_cat":[73],"product_tag":[],"class_list":{"0":"post-6117","1":"product","2":"type-product","3":"status-publish","4":"has-post-thumbnail","6":"product_cat-ssteroides_orales","8":"first","9":"instock","10":"shipping-taxable","11":"purchasable","12":"product-type-simple"},"yoast_head":"<!-- This site is optimized with the Yoast SEO Premium plugin v24.4 (Yoast SEO v27.3) - https:\/\/yoast.com\/product\/yoast-seo-premium-wordpress\/ -->\n<title>Stanox - (Stanozolol, Winstrol) - (Espa\u00f1ol) Esteroides en l\u00ednea<\/title>\n<meta name=\"description\" content=\"Stanox (Stanozolol) 10mg comprim\u00e9s (100) par Biosira. St\u00e9ro\u00efde de coupe populaire pour la masse maigre, la duret\u00e9 et la vascularisation. Dose typique de 50-100mg par jour pendant 4-8 semaines.\" \/>\n<meta name=\"robots\" content=\"index, follow, max-snippet:-1, max-image-preview:large, max-video-preview:-1\" \/>\n<link rel=\"canonical\" href=\"https:\/\/iberoid-shop.com\/fr\/product\/stanox-biosira-stanozolol-winstrol-100tabs-10mg-tab\/\" \/>\n<meta property=\"og:locale\" content=\"fr_FR\" \/>\n<meta property=\"og:type\" content=\"article\" \/>\n<meta property=\"og:title\" content=\"Stanox - (Stanozolol, Winstrol)\" \/>\n<meta property=\"og:description\" content=\"Stanox (Stanozolol) 10mg comprim\u00e9s (100) par Biosira. St\u00e9ro\u00efde de coupe populaire pour la masse maigre, la duret\u00e9 et la vascularisation. Dose typique de 50-100mg par jour pendant 4-8 semaines.\" \/>\n<meta property=\"og:url\" content=\"https:\/\/iberoid-shop.com\/fr\/product\/stanox-biosira-stanozolol-winstrol-100tabs-10mg-tab\/\" \/>\n<meta property=\"og:site_name\" content=\"(Espa\u00f1ol) Esteroides en l\u00ednea\" \/>\n<meta property=\"article:modified_time\" content=\"2025-11-19T21:48:15+00:00\" \/>\n<meta property=\"og:image\" content=\"https:\/\/iberoid-shop.com\/wp-content\/uploads\/2021\/05\/BIOSIR.-STANO.jpg?v=1722257324\" \/>\n\t<meta property=\"og:image:width\" content=\"208\" \/>\n\t<meta property=\"og:image:height\" content=\"257\" \/>\n\t<meta property=\"og:image:type\" content=\"image\/jpeg\" \/>\n<meta name=\"twitter:card\" content=\"summary_large_image\" \/>\n<meta name=\"twitter:label1\" content=\"Prix\" \/>\n\t<meta name=\"twitter:data1\" content=\"&euro;15.00\" \/>\n\t<meta name=\"twitter:label2\" content=\"Disponibilit\u00e9\" \/>\n\t<meta name=\"twitter:data2\" content=\"En stock\" \/>\n<script type=\"application\/ld+json\" class=\"yoast-schema-graph\">{\"@context\":\"https:\\\/\\\/schema.org\",\"@graph\":[{\"@type\":\"WebPage\",\"@id\":\"https:\\\/\\\/iberoid-shop.com\\\/fr\\\/product\\\/stanox-biosira-stanozolol-winstrol-100tabs-10mg-tab\\\/\",\"url\":\"https:\\\/\\\/iberoid-shop.com\\\/fr\\\/product\\\/stanox-biosira-stanozolol-winstrol-100tabs-10mg-tab\\\/\",\"name\":\"Stanox - (Stanozolol, Winstrol) - (Espa\u00f1ol) Esteroides en l\u00ednea\",\"isPartOf\":{\"@id\":\"https:\\\/\\\/iberoid.com\\\/#website\"},\"primaryImageOfPage\":{\"@id\":\"https:\\\/\\\/iberoid-shop.com\\\/fr\\\/product\\\/stanox-biosira-stanozolol-winstrol-100tabs-10mg-tab\\\/#primaryimage\"},\"image\":{\"@id\":\"https:\\\/\\\/iberoid-shop.com\\\/fr\\\/product\\\/stanox-biosira-stanozolol-winstrol-100tabs-10mg-tab\\\/#primaryimage\"},\"thumbnailUrl\":\"https:\\\/\\\/iberoid-shop.com\\\/wp-content\\\/uploads\\\/2021\\\/05\\\/BIOSIR.-STANO.jpg?v=1722257324\",\"datePublished\":\"2021-05-05T12:20:13+00:00\",\"dateModified\":\"2025-11-19T21:48:15+00:00\",\"description\":\"Stanox (Stanozolol) 10mg comprim\u00e9s (100) par Biosira. St\u00e9ro\u00efde de coupe populaire pour la masse maigre, la duret\u00e9 et la vascularisation. Dose typique de 50-100mg par jour pendant 4-8 semaines.\",\"breadcrumb\":{\"@id\":\"https:\\\/\\\/iberoid-shop.com\\\/fr\\\/product\\\/stanox-biosira-stanozolol-winstrol-100tabs-10mg-tab\\\/#breadcrumb\"},\"inLanguage\":\"fr-FR\",\"potentialAction\":[{\"@type\":\"ReadAction\",\"target\":[[\"https:\\\/\\\/iberoid-shop.com\\\/fr\\\/product\\\/stanox-biosira-stanozolol-winstrol-100tabs-10mg-tab\\\/\"]]}]},{\"@type\":\"ImageObject\",\"inLanguage\":\"fr-FR\",\"@id\":\"https:\\\/\\\/iberoid-shop.com\\\/fr\\\/product\\\/stanox-biosira-stanozolol-winstrol-100tabs-10mg-tab\\\/#primaryimage\",\"url\":\"https:\\\/\\\/iberoid-shop.com\\\/wp-content\\\/uploads\\\/2021\\\/05\\\/BIOSIR.-STANO.jpg?v=1722257324\",\"contentUrl\":\"https:\\\/\\\/iberoid-shop.com\\\/wp-content\\\/uploads\\\/2021\\\/05\\\/BIOSIR.-STANO.jpg?v=1722257324\",\"width\":208,\"height\":257},{\"@type\":\"BreadcrumbList\",\"@id\":\"https:\\\/\\\/iberoid-shop.com\\\/fr\\\/product\\\/stanox-biosira-stanozolol-winstrol-100tabs-10mg-tab\\\/#breadcrumb\",\"itemListElement\":[{\"@type\":\"ListItem\",\"position\":1,\"name\":\"Portada\",\"item\":\"https:\\\/\\\/iberoid.com\\\/\"},{\"@type\":\"ListItem\",\"position\":2,\"name\":\"Magasin\",\"item\":\"https:\\\/\\\/iberoid-shop.com\\\/fr\\\/shop\\\/\"},{\"@type\":\"ListItem\",\"position\":3,\"name\":\"Stanox &#8211; (Stanozolol, Winstrol)\"}]},{\"@type\":\"WebSite\",\"@id\":\"https:\\\/\\\/iberoid.com\\\/#website\",\"url\":\"https:\\\/\\\/iberoid.com\\\/\",\"name\":\"(Espa\u00f1ol) Esteroides en l\u00ednea\",\"description\":\"(Espa\u00f1ol) Comprar esteroides en l\u00ednea hoy en Espa\u00f1a y Portugal. Tenemos el mejor servicio al cliente en la industria y los productos de la m\u00e1s alta calidad\",\"potentialAction\":[{\"@type\":\"SearchAction\",\"target\":{\"@type\":\"EntryPoint\",\"urlTemplate\":\"https:\\\/\\\/iberoid.com\\\/?s={search_term_string}\"},\"query-input\":{\"@type\":\"PropertyValueSpecification\",\"valueRequired\":true,\"valueName\":\"search_term_string\"}}],\"inLanguage\":\"fr-FR\"}]}<\/script>\n<meta property=\"product:brand\" content=\"Biosira Ltd\" \/>\n<meta property=\"product:price:amount\" content=\"15.00\" \/>\n<meta property=\"product:price:currency\" content=\"EUR\" \/>\n<meta property=\"og:availability\" content=\"instock\" \/>\n<meta property=\"product:availability\" content=\"instock\" \/>\n<meta property=\"product:condition\" content=\"new\" \/>\n<!-- \/ Yoast SEO Premium plugin. -->","yoast_head_json":{"title":"Stanox - (Stanozolol, Winstrol) - (Espa\u00f1ol) Esteroides en l\u00ednea","description":"Stanox (Stanozolol) 10mg comprim\u00e9s (100) par Biosira. St\u00e9ro\u00efde de coupe populaire pour la masse maigre, la duret\u00e9 et la vascularisation. Dose typique de 50-100mg par jour pendant 4-8 semaines.","robots":{"index":"index","follow":"follow","max-snippet":"max-snippet:-1","max-image-preview":"max-image-preview:large","max-video-preview":"max-video-preview:-1"},"canonical":"https:\/\/iberoid-shop.com\/fr\/product\/stanox-biosira-stanozolol-winstrol-100tabs-10mg-tab\/","og_locale":"fr_FR","og_type":"article","og_title":"Stanox - (Stanozolol, Winstrol)","og_description":"Stanox (Stanozolol) 10mg comprim\u00e9s (100) par Biosira. St\u00e9ro\u00efde de coupe populaire pour la masse maigre, la duret\u00e9 et la vascularisation. Dose typique de 50-100mg par jour pendant 4-8 semaines.","og_url":"https:\/\/iberoid-shop.com\/fr\/product\/stanox-biosira-stanozolol-winstrol-100tabs-10mg-tab\/","og_site_name":"(Espa\u00f1ol) Esteroides en l\u00ednea","article_modified_time":"2025-11-19T21:48:15+00:00","og_image":[{"width":208,"height":257,"url":"https:\/\/iberoid-shop.com\/wp-content\/uploads\/2021\/05\/BIOSIR.-STANO.jpg?v=1722257324","type":"image\/jpeg"}],"twitter_card":"summary_large_image","twitter_misc":{"Prix":"&euro;15.00","Disponibilit\u00e9":"En stock"},"schema":{"@context":"https:\/\/schema.org","@graph":[{"@type":"WebPage","@id":"https:\/\/iberoid-shop.com\/fr\/product\/stanox-biosira-stanozolol-winstrol-100tabs-10mg-tab\/","url":"https:\/\/iberoid-shop.com\/fr\/product\/stanox-biosira-stanozolol-winstrol-100tabs-10mg-tab\/","name":"Stanox - (Stanozolol, Winstrol) - (Espa\u00f1ol) Esteroides en l\u00ednea","isPartOf":{"@id":"https:\/\/iberoid.com\/#website"},"primaryImageOfPage":{"@id":"https:\/\/iberoid-shop.com\/fr\/product\/stanox-biosira-stanozolol-winstrol-100tabs-10mg-tab\/#primaryimage"},"image":{"@id":"https:\/\/iberoid-shop.com\/fr\/product\/stanox-biosira-stanozolol-winstrol-100tabs-10mg-tab\/#primaryimage"},"thumbnailUrl":"https:\/\/iberoid-shop.com\/wp-content\/uploads\/2021\/05\/BIOSIR.-STANO.jpg?v=1722257324","datePublished":"2021-05-05T12:20:13+00:00","dateModified":"2025-11-19T21:48:15+00:00","description":"Stanox (Stanozolol) 10mg comprim\u00e9s (100) par Biosira. St\u00e9ro\u00efde de coupe populaire pour la masse maigre, la duret\u00e9 et la vascularisation. Dose typique de 50-100mg par jour pendant 4-8 semaines.","breadcrumb":{"@id":"https:\/\/iberoid-shop.com\/fr\/product\/stanox-biosira-stanozolol-winstrol-100tabs-10mg-tab\/#breadcrumb"},"inLanguage":"fr-FR","potentialAction":[{"@type":"ReadAction","target":[["https:\/\/iberoid-shop.com\/fr\/product\/stanox-biosira-stanozolol-winstrol-100tabs-10mg-tab\/"]]}]},{"@type":"ImageObject","inLanguage":"fr-FR","@id":"https:\/\/iberoid-shop.com\/fr\/product\/stanox-biosira-stanozolol-winstrol-100tabs-10mg-tab\/#primaryimage","url":"https:\/\/iberoid-shop.com\/wp-content\/uploads\/2021\/05\/BIOSIR.-STANO.jpg?v=1722257324","contentUrl":"https:\/\/iberoid-shop.com\/wp-content\/uploads\/2021\/05\/BIOSIR.-STANO.jpg?v=1722257324","width":208,"height":257},{"@type":"BreadcrumbList","@id":"https:\/\/iberoid-shop.com\/fr\/product\/stanox-biosira-stanozolol-winstrol-100tabs-10mg-tab\/#breadcrumb","itemListElement":[{"@type":"ListItem","position":1,"name":"Portada","item":"https:\/\/iberoid.com\/"},{"@type":"ListItem","position":2,"name":"Magasin","item":"https:\/\/iberoid-shop.com\/fr\/shop\/"},{"@type":"ListItem","position":3,"name":"Stanox &#8211; (Stanozolol, Winstrol)"}]},{"@type":"WebSite","@id":"https:\/\/iberoid.com\/#website","url":"https:\/\/iberoid.com\/","name":"(Espa\u00f1ol) Esteroides en l\u00ednea","description":"(Espa\u00f1ol) Comprar esteroides en l\u00ednea hoy en Espa\u00f1a y Portugal. Tenemos el mejor servicio al cliente en la industria y los productos de la m\u00e1s alta calidad","potentialAction":[{"@type":"SearchAction","target":{"@type":"EntryPoint","urlTemplate":"https:\/\/iberoid.com\/?s={search_term_string}"},"query-input":{"@type":"PropertyValueSpecification","valueRequired":true,"valueName":"search_term_string"}}],"inLanguage":"fr-FR"}]},"product_brand":"Biosira Ltd","product_price_amount":"15.00","product_price_currency":"EUR","og_availability":"instock","product_availability":"instock","product_condition":"new"},"_links":{"self":[{"href":"https:\/\/iberoid-shop.com\/fr\/wp-json\/wp\/v2\/product\/6117","targetHints":{"allow":["GET"]}}],"collection":[{"href":"https:\/\/iberoid-shop.com\/fr\/wp-json\/wp\/v2\/product"}],"about":[{"href":"https:\/\/iberoid-shop.com\/fr\/wp-json\/wp\/v2\/types\/product"}],"replies":[{"embeddable":true,"href":"https:\/\/iberoid-shop.com\/fr\/wp-json\/wp\/v2\/comments?post=6117"}],"wp:featuredmedia":[{"embeddable":true,"href":"https:\/\/iberoid-shop.com\/fr\/wp-json\/wp\/v2\/media\/6118"}],"wp:attachment":[{"href":"https:\/\/iberoid-shop.com\/fr\/wp-json\/wp\/v2\/media?parent=6117"}],"wp:term":[{"taxonomy":"product_brand","embeddable":true,"href":"https:\/\/iberoid-shop.com\/fr\/wp-json\/wp\/v2\/product_brand?post=6117"},{"taxonomy":"product_cat","embeddable":true,"href":"https:\/\/iberoid-shop.com\/fr\/wp-json\/wp\/v2\/product_cat?post=6117"},{"taxonomy":"product_tag","embeddable":true,"href":"https:\/\/iberoid-shop.com\/fr\/wp-json\/wp\/v2\/product_tag?post=6117"}],"curies":[{"name":"wp","href":"https:\/\/api.w.org\/{rel}","templated":true}]}}