{"id":6030,"date":"2021-04-26T20:22:22","date_gmt":"2021-04-26T20:22:22","guid":{"rendered":"https:\/\/iberoid-shop.com\/?post_type=product&#038;p=6030"},"modified":"2026-03-04T15:50:55","modified_gmt":"2026-03-04T15:50:55","slug":"nandrobol-300-nandrolon-decanote-deca-300-mg","status":"publish","type":"product","link":"https:\/\/iberoid-shop.com\/fr\/product\/nandrobol-300-nandrolon-decanote-deca-300-mg\/","title":{"rendered":"Nandrobol 300 (NANDROLON DECANOTE)"},"content":{"rendered":"<p><\/p>\n<div>Nandrobol 300 est un st\u00e9ro\u00efde anabolisant injectable contenant du d\u00e9canoate de nandrolone, une testost\u00e9rone qui peut \u00eatre pr\u00e9sente naturellement dans le corps humain.\u00a0En m\u00e9decine, le d\u00e9canoate de nandrolone est utilis\u00e9 dans le traitement de l&rsquo;ost\u00e9oporose chez les femmes m\u00e9nopaus\u00e9es et d&rsquo;une s\u00e9rie d&rsquo;an\u00e9mies aplasiques.\u00a0<strong>Pour les bodybuilders et les sportifs il offre un gain de masse musculaire efficace, son activit\u00e9 anabolique est plus longue et son effet androg\u00e8ne est moindre.<\/strong><\/div>\n<h3>machinisme<\/h3>\n<div>De nos jours, Nandrobol 300 est l&rsquo;un des st\u00e9ro\u00efdes anabolisants les plus populaires et les plus utilis\u00e9s.\u00a0Il est id\u00e9al pour d\u00e9velopper la croissance musculaire car il favorise la biosynth\u00e8se des prot\u00e9ines et affecte la r\u00e9tention d&rsquo;eau.\u00a0\u00c9tant donn\u00e9 que Nandrobol 300 a la capacit\u00e9 de stocker plus d&rsquo;eau dans les tissus conjonctifs, il peut les lib\u00e9rer temporairement dans les articulations (\u00e9paule, coude et genou).\u00a0Nandrobol 300 est doux pour le foie et am\u00e8ne la cellule musculaire \u00e0 stocker plus d&rsquo;azote afin d&rsquo;atteindre un bilan azot\u00e9 positif.\u00a0Aujourd&rsquo;hui, c&rsquo;est le m\u00e9dicament le plus populaire et le plus utilis\u00e9 pour d\u00e9velopper la masse musculaire et favoriser la synth\u00e8se des prot\u00e9ines.<\/div>\n<h3>Posologie<\/h3>\n<div>La posologie habituelle de Nandrobol 300 est de 200 \u00e0 600 mg par semaine.\u00a0Une dose plus faible n&rsquo;aura qu&rsquo;un l\u00e9ger effet anabolisant, tandis qu&rsquo;une dose sup\u00e9rieure \u00e0 800 mg peut entra\u00eener l&rsquo;apparition d&rsquo;effets secondaires n\u00e9gatifs.<\/div>\n<div><\/div>\n<div>Nandrobol 300 est id\u00e9al avec Dianabol et la testost\u00e9rone pour la croissance musculaire.\u00a0De nombreux athl\u00e8tes prennent la combinaison de st\u00e9ro\u00efdes suivante avant les comp\u00e9titions : 400 mg de Nandroxyl, 500 mg de Winstrol, 228 mg de Parabolan et 25 mg d&rsquo;Oxandrolone par semaine.\u00a0Nandrobol 300 fonctionne \u00e9galement en combinaison avec d&rsquo;autres st\u00e9ro\u00efdes.\u00a0Le dosage pour les femmes est beaucoup plus faible : environ 50-100 mg par semaine.\u00a0Nandrobol 300 doit \u00eatre pris sur de longues p\u00e9riodes, sur un cycle de 12 semaines au moins.<\/div>\n<div><\/div>\n<div>La testost\u00e9rone devrait \u00e9galement faire partie d&rsquo;une th\u00e9rapie post-cycle Nandrobol 300.\u00a0Les bodybuilders exp\u00e9riment\u00e9s peuvent augmenter la dose jusqu&rsquo;\u00e0 800 mg par semaine, tandis que les novices devraient commencer par une dose de 200 mg.\u00a0Ce produit a \u00e9galement la propri\u00e9t\u00e9 de rester longtemps dans l&rsquo;organisme ;\u00a0Des traces de nandroxyl peuvent \u00eatre trouv\u00e9es dans l&rsquo;urine humaine m\u00eame apr\u00e8s un an.<\/div>\n<p><\/p>","protected":false},"excerpt":{"rendered":"<p>Nandrobol 300 est un st\u00e9ro\u00efde anabolisant injectable contenant du d\u00e9canoate de nandrolone, une testost\u00e9rone qui peut \u00eatre pr\u00e9sente naturellement dans<\/p>\n","protected":false},"featured_media":8476,"comment_status":"open","ping_status":"closed","template":"","meta":[],"product_brand":[],"product_cat":[69],"product_tag":[],"class_list":{"0":"post-6030","1":"product","2":"type-product","3":"status-publish","4":"has-post-thumbnail","6":"product_cat-esteroides_inyectables","8":"first","9":"instock","10":"sale","11":"shipping-taxable","12":"purchasable","13":"product-type-simple"},"yoast_head":"<!-- This site is optimized with the Yoast SEO Premium plugin v24.4 (Yoast SEO v27.3) - https:\/\/yoast.com\/product\/yoast-seo-premium-wordpress\/ -->\n<title>Nandrobol 300 (NANDROLON DECANOTE) - (Espa\u00f1ol) Esteroides en l\u00ednea<\/title>\n<meta name=\"description\" content=\"NANDROBOL 300 est un st\u00e9ro\u00efde anabolisant injectable qui augmente la masse musculaire, la synth\u00e8se des prot\u00e9ines et soutient les articulations avec de faibles effets androg\u00e8nes.\" \/>\n<meta name=\"robots\" content=\"index, follow, max-snippet:-1, max-image-preview:large, max-video-preview:-1\" \/>\n<link rel=\"canonical\" href=\"https:\/\/iberoid-shop.com\/fr\/product\/nandrobol-300-nandrolon-decanote-deca-300-mg\/\" \/>\n<meta property=\"og:locale\" content=\"fr_FR\" \/>\n<meta property=\"og:type\" content=\"article\" \/>\n<meta property=\"og:title\" content=\"Nandrobol 300 (NANDROLON DECANOTE)\" \/>\n<meta property=\"og:description\" content=\"NANDROBOL 300 est un st\u00e9ro\u00efde anabolisant injectable qui augmente la masse musculaire, la synth\u00e8se des prot\u00e9ines et soutient les articulations avec de faibles effets androg\u00e8nes.\" \/>\n<meta property=\"og:url\" content=\"https:\/\/iberoid-shop.com\/fr\/product\/nandrobol-300-nandrolon-decanote-deca-300-mg\/\" \/>\n<meta property=\"og:site_name\" content=\"(Espa\u00f1ol) Esteroides en l\u00ednea\" \/>\n<meta property=\"article:modified_time\" content=\"2026-03-04T15:50:55+00:00\" \/>\n<meta property=\"og:image\" content=\"https:\/\/iberoid-shop.com\/wp-content\/uploads\/2021\/04\/dk.jpg?v=1692348234\" \/>\n\t<meta property=\"og:image:width\" content=\"600\" \/>\n\t<meta property=\"og:image:height\" content=\"600\" \/>\n\t<meta property=\"og:image:type\" content=\"image\/jpeg\" \/>\n<meta name=\"twitter:card\" content=\"summary_large_image\" \/>\n<meta name=\"twitter:label1\" content=\"Prix\" \/>\n\t<meta name=\"twitter:data1\" content=\"&euro;40.00\" \/>\n\t<meta name=\"twitter:label2\" content=\"Disponibilit\u00e9\" \/>\n\t<meta name=\"twitter:data2\" content=\"En stock\" \/>\n<script type=\"application\/ld+json\" class=\"yoast-schema-graph\">{\"@context\":\"https:\\\/\\\/schema.org\",\"@graph\":[{\"@type\":\"WebPage\",\"@id\":\"https:\\\/\\\/iberoid-shop.com\\\/fr\\\/product\\\/nandrobol-300-nandrolon-decanote-deca-300-mg\\\/\",\"url\":\"https:\\\/\\\/iberoid-shop.com\\\/fr\\\/product\\\/nandrobol-300-nandrolon-decanote-deca-300-mg\\\/\",\"name\":\"Nandrobol 300 (NANDROLON DECANOTE) - (Espa\u00f1ol) Esteroides en l\u00ednea\",\"isPartOf\":{\"@id\":\"https:\\\/\\\/iberoid.com\\\/#website\"},\"primaryImageOfPage\":{\"@id\":\"https:\\\/\\\/iberoid-shop.com\\\/fr\\\/product\\\/nandrobol-300-nandrolon-decanote-deca-300-mg\\\/#primaryimage\"},\"image\":{\"@id\":\"https:\\\/\\\/iberoid-shop.com\\\/fr\\\/product\\\/nandrobol-300-nandrolon-decanote-deca-300-mg\\\/#primaryimage\"},\"thumbnailUrl\":\"https:\\\/\\\/iberoid-shop.com\\\/wp-content\\\/uploads\\\/2021\\\/04\\\/dk.jpg?v=1692348234\",\"datePublished\":\"2021-04-26T20:22:22+00:00\",\"dateModified\":\"2026-03-04T15:50:55+00:00\",\"description\":\"NANDROBOL 300 est un st\u00e9ro\u00efde anabolisant injectable qui augmente la masse musculaire, la synth\u00e8se des prot\u00e9ines et soutient les articulations avec de faibles effets androg\u00e8nes.\",\"breadcrumb\":{\"@id\":\"https:\\\/\\\/iberoid-shop.com\\\/fr\\\/product\\\/nandrobol-300-nandrolon-decanote-deca-300-mg\\\/#breadcrumb\"},\"inLanguage\":\"fr-FR\",\"potentialAction\":[{\"@type\":\"ReadAction\",\"target\":[[\"https:\\\/\\\/iberoid-shop.com\\\/fr\\\/product\\\/nandrobol-300-nandrolon-decanote-deca-300-mg\\\/\"]]}]},{\"@type\":\"ImageObject\",\"inLanguage\":\"fr-FR\",\"@id\":\"https:\\\/\\\/iberoid-shop.com\\\/fr\\\/product\\\/nandrobol-300-nandrolon-decanote-deca-300-mg\\\/#primaryimage\",\"url\":\"https:\\\/\\\/iberoid-shop.com\\\/wp-content\\\/uploads\\\/2021\\\/04\\\/dk.jpg?v=1692348234\",\"contentUrl\":\"https:\\\/\\\/iberoid-shop.com\\\/wp-content\\\/uploads\\\/2021\\\/04\\\/dk.jpg?v=1692348234\",\"width\":600,\"height\":600},{\"@type\":\"BreadcrumbList\",\"@id\":\"https:\\\/\\\/iberoid-shop.com\\\/fr\\\/product\\\/nandrobol-300-nandrolon-decanote-deca-300-mg\\\/#breadcrumb\",\"itemListElement\":[{\"@type\":\"ListItem\",\"position\":1,\"name\":\"Portada\",\"item\":\"https:\\\/\\\/iberoid.com\\\/\"},{\"@type\":\"ListItem\",\"position\":2,\"name\":\"Magasin\",\"item\":\"https:\\\/\\\/iberoid-shop.com\\\/fr\\\/shop\\\/\"},{\"@type\":\"ListItem\",\"position\":3,\"name\":\"Nandrobol 300 (NANDROLON DECANOTE)\"}]},{\"@type\":\"WebSite\",\"@id\":\"https:\\\/\\\/iberoid.com\\\/#website\",\"url\":\"https:\\\/\\\/iberoid.com\\\/\",\"name\":\"(Espa\u00f1ol) Esteroides en l\u00ednea\",\"description\":\"(Espa\u00f1ol) Comprar esteroides en l\u00ednea hoy en Espa\u00f1a y Portugal. Tenemos el mejor servicio al cliente en la industria y los productos de la m\u00e1s alta calidad\",\"potentialAction\":[{\"@type\":\"SearchAction\",\"target\":{\"@type\":\"EntryPoint\",\"urlTemplate\":\"https:\\\/\\\/iberoid.com\\\/?s={search_term_string}\"},\"query-input\":{\"@type\":\"PropertyValueSpecification\",\"valueRequired\":true,\"valueName\":\"search_term_string\"}}],\"inLanguage\":\"fr-FR\"}]}<\/script>\n<meta property=\"product:brand\" content=\"Pharmabol\" \/>\n<meta property=\"product:price:amount\" content=\"40.00\" \/>\n<meta property=\"product:price:currency\" content=\"EUR\" \/>\n<meta property=\"og:availability\" content=\"instock\" \/>\n<meta property=\"product:availability\" content=\"instock\" \/>\n<meta property=\"product:condition\" content=\"new\" \/>\n<!-- \/ Yoast SEO Premium plugin. -->","yoast_head_json":{"title":"Nandrobol 300 (NANDROLON DECANOTE) - (Espa\u00f1ol) Esteroides en l\u00ednea","description":"NANDROBOL 300 est un st\u00e9ro\u00efde anabolisant injectable qui augmente la masse musculaire, la synth\u00e8se des prot\u00e9ines et soutient les articulations avec de faibles effets androg\u00e8nes.","robots":{"index":"index","follow":"follow","max-snippet":"max-snippet:-1","max-image-preview":"max-image-preview:large","max-video-preview":"max-video-preview:-1"},"canonical":"https:\/\/iberoid-shop.com\/fr\/product\/nandrobol-300-nandrolon-decanote-deca-300-mg\/","og_locale":"fr_FR","og_type":"article","og_title":"Nandrobol 300 (NANDROLON DECANOTE)","og_description":"NANDROBOL 300 est un st\u00e9ro\u00efde anabolisant injectable qui augmente la masse musculaire, la synth\u00e8se des prot\u00e9ines et soutient les articulations avec de faibles effets androg\u00e8nes.","og_url":"https:\/\/iberoid-shop.com\/fr\/product\/nandrobol-300-nandrolon-decanote-deca-300-mg\/","og_site_name":"(Espa\u00f1ol) Esteroides en l\u00ednea","article_modified_time":"2026-03-04T15:50:55+00:00","og_image":[{"width":600,"height":600,"url":"https:\/\/iberoid-shop.com\/wp-content\/uploads\/2021\/04\/dk.jpg?v=1692348234","type":"image\/jpeg"}],"twitter_card":"summary_large_image","twitter_misc":{"Prix":"&euro;40.00","Disponibilit\u00e9":"En stock"},"schema":{"@context":"https:\/\/schema.org","@graph":[{"@type":"WebPage","@id":"https:\/\/iberoid-shop.com\/fr\/product\/nandrobol-300-nandrolon-decanote-deca-300-mg\/","url":"https:\/\/iberoid-shop.com\/fr\/product\/nandrobol-300-nandrolon-decanote-deca-300-mg\/","name":"Nandrobol 300 (NANDROLON DECANOTE) - (Espa\u00f1ol) Esteroides en l\u00ednea","isPartOf":{"@id":"https:\/\/iberoid.com\/#website"},"primaryImageOfPage":{"@id":"https:\/\/iberoid-shop.com\/fr\/product\/nandrobol-300-nandrolon-decanote-deca-300-mg\/#primaryimage"},"image":{"@id":"https:\/\/iberoid-shop.com\/fr\/product\/nandrobol-300-nandrolon-decanote-deca-300-mg\/#primaryimage"},"thumbnailUrl":"https:\/\/iberoid-shop.com\/wp-content\/uploads\/2021\/04\/dk.jpg?v=1692348234","datePublished":"2021-04-26T20:22:22+00:00","dateModified":"2026-03-04T15:50:55+00:00","description":"NANDROBOL 300 est un st\u00e9ro\u00efde anabolisant injectable qui augmente la masse musculaire, la synth\u00e8se des prot\u00e9ines et soutient les articulations avec de faibles effets androg\u00e8nes.","breadcrumb":{"@id":"https:\/\/iberoid-shop.com\/fr\/product\/nandrobol-300-nandrolon-decanote-deca-300-mg\/#breadcrumb"},"inLanguage":"fr-FR","potentialAction":[{"@type":"ReadAction","target":[["https:\/\/iberoid-shop.com\/fr\/product\/nandrobol-300-nandrolon-decanote-deca-300-mg\/"]]}]},{"@type":"ImageObject","inLanguage":"fr-FR","@id":"https:\/\/iberoid-shop.com\/fr\/product\/nandrobol-300-nandrolon-decanote-deca-300-mg\/#primaryimage","url":"https:\/\/iberoid-shop.com\/wp-content\/uploads\/2021\/04\/dk.jpg?v=1692348234","contentUrl":"https:\/\/iberoid-shop.com\/wp-content\/uploads\/2021\/04\/dk.jpg?v=1692348234","width":600,"height":600},{"@type":"BreadcrumbList","@id":"https:\/\/iberoid-shop.com\/fr\/product\/nandrobol-300-nandrolon-decanote-deca-300-mg\/#breadcrumb","itemListElement":[{"@type":"ListItem","position":1,"name":"Portada","item":"https:\/\/iberoid.com\/"},{"@type":"ListItem","position":2,"name":"Magasin","item":"https:\/\/iberoid-shop.com\/fr\/shop\/"},{"@type":"ListItem","position":3,"name":"Nandrobol 300 (NANDROLON DECANOTE)"}]},{"@type":"WebSite","@id":"https:\/\/iberoid.com\/#website","url":"https:\/\/iberoid.com\/","name":"(Espa\u00f1ol) Esteroides en l\u00ednea","description":"(Espa\u00f1ol) Comprar esteroides en l\u00ednea hoy en Espa\u00f1a y Portugal. Tenemos el mejor servicio al cliente en la industria y los productos de la m\u00e1s alta calidad","potentialAction":[{"@type":"SearchAction","target":{"@type":"EntryPoint","urlTemplate":"https:\/\/iberoid.com\/?s={search_term_string}"},"query-input":{"@type":"PropertyValueSpecification","valueRequired":true,"valueName":"search_term_string"}}],"inLanguage":"fr-FR"}]},"product_brand":"Pharmabol","product_price_amount":"40.00","product_price_currency":"EUR","og_availability":"instock","product_availability":"instock","product_condition":"new"},"_links":{"self":[{"href":"https:\/\/iberoid-shop.com\/fr\/wp-json\/wp\/v2\/product\/6030","targetHints":{"allow":["GET"]}}],"collection":[{"href":"https:\/\/iberoid-shop.com\/fr\/wp-json\/wp\/v2\/product"}],"about":[{"href":"https:\/\/iberoid-shop.com\/fr\/wp-json\/wp\/v2\/types\/product"}],"replies":[{"embeddable":true,"href":"https:\/\/iberoid-shop.com\/fr\/wp-json\/wp\/v2\/comments?post=6030"}],"wp:featuredmedia":[{"embeddable":true,"href":"https:\/\/iberoid-shop.com\/fr\/wp-json\/wp\/v2\/media\/8476"}],"wp:attachment":[{"href":"https:\/\/iberoid-shop.com\/fr\/wp-json\/wp\/v2\/media?parent=6030"}],"wp:term":[{"taxonomy":"product_brand","embeddable":true,"href":"https:\/\/iberoid-shop.com\/fr\/wp-json\/wp\/v2\/product_brand?post=6030"},{"taxonomy":"product_cat","embeddable":true,"href":"https:\/\/iberoid-shop.com\/fr\/wp-json\/wp\/v2\/product_cat?post=6030"},{"taxonomy":"product_tag","embeddable":true,"href":"https:\/\/iberoid-shop.com\/fr\/wp-json\/wp\/v2\/product_tag?post=6030"}],"curies":[{"name":"wp","href":"https:\/\/api.w.org\/{rel}","templated":true}]}}